{"id":5402,"date":"2023-06-01T16:40:39","date_gmt":"2023-06-01T16:40:39","guid":{"rendered":"\/?post_type=product&#038;p=5402"},"modified":"2026-04-09T17:30:06","modified_gmt":"2026-04-09T15:30:06","slug":"uitschuifbaar-plateau-voor-klimaatkasten-kogellagerreling","status":"publish","type":"product","link":"https:\/\/coolvaria.com\/fr\/p\/plateforme-extensible-pour-chambres-climatiques-garde-corps-a-roulement-a-billes\/","title":{"rendered":"Plateforme extensible pour chambres climatiques + garde-corps \u00e0 roulement \u00e0 billes (ensemble complet)"},"content":{"rendered":"<p style=\"text-align: left;\">L&#039;int\u00e9rieur des chambres climatiques est \u00e9quip\u00e9 d&#039;\u00e9tag\u00e8res en bois. Nous avons d\u00e9lib\u00e9r\u00e9ment choisi ce choix car le bois est un produit naturel, tout comme celui stock\u00e9 dans la chambre climatique. Avec le bois, il n\u2019y a pas deux pi\u00e8ces identiques, ce qui entra\u00eene des diff\u00e9rences de couleur. Cependant, cela donne aussi une certaine \u00ab rugosit\u00e9 \u00bb que nous trouvons tr\u00e8s appropri\u00e9e au produit.<\/p>\n<p>&nbsp;<\/p>\n<p style=\"text-align: left;\">Ce plateau est un plateau pour chambres climatiques ayant une profondeur de <strong>maximum 58 cm<\/strong>. Un syst\u00e8me de garde-corps \u00e0 roulement \u00e0 billes sera \u00e9galement fourni avec la plateforme afin que vous puissiez la fixer imm\u00e9diatement \u00e0 votre enceinte climatique.<\/p>\n<p>&nbsp;<\/p>\n<p style=\"text-align: left;\"><em>Remarque:<\/em><\/p>\n<p style=\"text-align: left;\">Le rail \u00e0 roulement \u00e0 billes n&#039;est pas viss\u00e9 dans l&#039;enceinte climatique. Vous pouvez facilement d\u00e9monter\/assembler le syst\u00e8me de garde-corps \u00e0 roulement \u00e0 billes en d\u00e9pla\u00e7ant le garde-corps vers le haut et vers vous (sans vis). Le syst\u00e8me de rails \u00e0 roulement \u00e0 billes ne prend pas de place afin que vous puissiez profiter de mani\u00e8re optimale de la capacit\u00e9 totale de votre chambre climatique.<\/p>\n<p>&nbsp;<\/p>\n<p style=\"text-align: left;\">Le syst\u00e8me dispose \u00e9galement d&#039;un \u00ab\u00a0verrou\u00a0\u00bb afin qu&#039;il ne puisse pas tomber de votre armoire climatique.<\/p>\n<p>&nbsp;<\/p>\n<p>&nbsp;<\/p>\n<p style=\"text-align: left;\"><strong>Vous avez des doutes quant \u00e0 savoir si vous avez besoin de plus ou moins d&#039;\u00e9tag\u00e8res pour l&#039;enceinte climatique ?<\/strong><\/p>\n<p class=\"gt-block\" style=\"text-align: left;\"><em>Pourquoi nous proposons la configuration telle qu&#039;elle appara\u00eet dans le visualiseur\u00a0<u>et non plus par chambre climatique ?<\/u>.<\/em><\/p>\n<p>&nbsp;<\/p>\n<p style=\"text-align: left;\">La configuration est bas\u00e9e sur l&#039;ouverture r\u00e9guli\u00e8re de la porte, afin que vous puissiez profiter d&#039;une bouteille r\u00e9guli\u00e8rement (comme la plupart de nos clients) et que vous ne vouliez pas retirer beaucoup de bouteilles avant d&#039;obtenir la bonne. Par cons\u00e9quent, nous recommandons la configuration sugg\u00e9r\u00e9e.<\/p>\n<p>&nbsp;<\/p>\n<p class=\"gt-block\" style=\"text-align: left;\">Bien s\u00fbr, vous pouvez installer plus d&#039;\u00e9tag\u00e8res, mais... <u>Veuillez noter ce qui suit\u00a0: plus il y a d&#039;\u00e9tag\u00e8res, moins la capacit\u00e9 est grande et vous ne regardez que le bois (\u00e9tag\u00e8res) au lieu des bouteilles.<\/u><\/p>\n<p style=\"text-align: left;\">Puisque nous installons les plateformes dans notre entrep\u00f4t, nous veillons \u00e0 ce que vous disposiez de la configuration la plus efficace (vous pouvez bien entendu toujours modifier vous-m\u00eame leur position si vous le souhaitez).<\/p>\n<p style=\"text-align: left;\">Nous veillons \u00e9galement \u00e0 laisser un peu d&#039;espace entre les bouteilles et l&#039;\u00e9tag\u00e8re sup\u00e9rieure suivante, car il n&#039;y a pas deux bouteilles identiques (afin de ne pas endommager l&#039;\u00e9tiquette en retirant l&#039;\u00e9tag\u00e8re).<\/p>\n<p style=\"text-align: left;\">Nous pensons que vous devez pouvoir ranger sans probl\u00e8me tous types de bouteilles dans le placard : bouteilles de Bourgogne, de Bordeaux, d&#039;Alsace, de Champagne et m\u00eame de Magnum. La configuration propos\u00e9e est donc la meilleure.<\/p>\n<p>&nbsp;<\/p>\n<p style=\"text-align: left;\">Si vous souhaitez disposer de plateformes suppl\u00e9mentaires (ou d&#039;autres accessoires) \u00e0 l&#039;avenir, vous pourrez toujours les acheter par la suite.<\/p>\n<p>&nbsp;<\/p>\n<p><a href=\"https:\/\/coolvaria.com\/wp-content\/uploads\/2023\/05\/Uitleg-hoe-de-positie-van-de-plateaus-te-wisselen-2.4.pdf\">Envie d&#039;en savoir plus ou d&#039;installer les plateformes ? cliquer ici.<\/a><\/p>\n<p>&nbsp;<\/p>\n<div class=\"elementor-element elementor-element-92b612e elementor-widget elementor-widget-heading\" data-id=\"92b612e\" data-element_type=\"widget\" data-widget_type=\"heading.default\" data-trid=\"668\">\n<div class=\"elementor-widget-container\" data-trid=\"669\">\n<h2 class=\"elementor-heading-title elementor-size-large\" style=\"text-align: left;\" data-trid=\"670\">Pouvons-nous vous aider dans votre choix ?<\/h2>\n<\/div>\n<\/div>\n<div class=\"elementor-element elementor-element-e9c05b1 elementor-widget elementor-widget-text-editor\" data-id=\"e9c05b1\" data-element_type=\"widget\" data-widget_type=\"text-editor.default\" data-trid=\"671\">\n<div class=\"elementor-widget-container\" data-trid=\"672\">\n<p style=\"text-align: left;\" data-trid=\"673\"><b>Appelez-nous au +31 (30)25 111 91 ou remplissez le formulaire de contact.<\/b><\/p>\n<p style=\"text-align: left;\" data-trid=\"673\">Plus de 40 restaurants \u00e9toil\u00e9s Michelin, bars, traiteurs, cavistes, magasins d&#039;alcool, industriels, gouvernements, repr\u00e9sentations diplomatiques et consulaires, universit\u00e9s et bien s\u00fbr consommateurs vous ont pr\u00e9c\u00e9d\u00e9 (<a href=\"https:\/\/coolvaria.com\/fr\/a-propos-de-nous\/\" data-trid=\"678\">cliquez ici pour les r\u00e9f\u00e9rences<\/a>).<\/p>\n<\/div>\n<\/div>\n<h4 style=\"text-align: center;\"><\/h4>\n<p>&nbsp;<\/p>\n<h4 style=\"text-align: center;\"><b>Formulaire de contact<\/b><\/h4>\n<p style=\"text-align: left;\"><div class=\"forminator-ui forminator-custom-form forminator-custom-form-7542 forminator-design--default  forminator_ajax\" data-forminator-render=\"0\" data-form=\"forminator-module-7542\" data-uid=\"69f101661492b\"><br\/><\/div><form\n\t\t\t\tid=\"forminator-module-7542\"\n\t\t\t\tclass=\"forminator-ui forminator-custom-form forminator-custom-form-7542 forminator-design--default  forminator_ajax\"\n\t\t\t\tmethod=\"post\"\n\t\t\t\tdata-forminator-render=\"0\"\n\t\t\t\tdata-form-id=\"7542\"\n\t\t\t\t\n\t\t\t\tdata-design=\"default\"\n\t\t\t\t\n\t\t\t\t\n\t\t\t\t\n\t\t\t\tdata-grid=\"open\"\n\t\t\t\t\n\t\t\t\t\n\t\t\t\tstyle=\"display: none;\"\n\t\t\t\t\n\t\t\t\tdata-uid=\"69f101661492b\" action=\"\"\n\t\t\t><div role=\"alert\" aria-live=\"polite\" class=\"forminator-response-message forminator-error\" aria-hidden=\"true\"><\/div><div class=\"forminator-row\"><input type=\"hidden\" id=\"hidden-2_69f101661492b\" name=\"hidden-2\" value=\"Uitschuifbaar plateau voor klimaatkasten + kogellager reling (komplete set)\" \/><input type=\"hidden\" id=\"hidden-1_69f101661492b\" name=\"hidden-1\" value=\"https:\/\/coolvaria.com\/fr\/p\/plateforme-extensible-pour-chambres-climatiques-garde-corps-a-roulement-a-billes\/\" \/><\/div><div class=\"forminator-row\"><div id=\"name-1\" class=\"forminator-field-name forminator-col forminator-col-12\"><div class=\"forminator-row forminator-no-margin\" data-multiple=\"true\"><div class=\"forminator-col forminator-col-md-6\"><div class=\"forminator-field\"><label for=\"forminator-field-first-name-1_69f101661492b\" class=\"forminator-label\" id=\"forminator-field-first-name-1_69f101661492b-label\">Pr\u00e9nom <span class=\"forminator-required\">*<\/span><\/label><input type=\"text\" name=\"name-1-first-name\" placeholder=\"\" id=\"forminator-field-first-name-1_69f101661492b\" class=\"forminator-input\" aria-required=\"true\" data-multi=\"1\" value=\"\" \/><\/div><\/div><div class=\"forminator-col forminator-col-md-6\"><div class=\"forminator-field\"><label for=\"forminator-field-last-name-1_69f101661492b\" class=\"forminator-label\" id=\"forminator-field-last-name-1_69f101661492b-label\">nom de famille <span class=\"forminator-required\">*<\/span><\/label><input type=\"text\" name=\"name-1-last-name\" placeholder=\"\" id=\"forminator-field-last-name-1_69f101661492b\" class=\"forminator-input\" aria-required=\"true\" data-multi=\"1\" value=\"\" \/><\/div><\/div><\/div><\/div><\/div><div class=\"forminator-row\"><div id=\"text-1\" class=\"forminator-field-text forminator-col forminator-col-12\"><div class=\"forminator-field\"><label for=\"forminator-field-text-1_69f101661492b\" class=\"forminator-label\" id=\"forminator-field-text-1_69f101661492b-label\">Nom de l&#039;entreprise<\/label><input type=\"text\" name=\"text-1\" value=\"\" placeholder=\"le cas \u00e9ch\u00e9ant\" id=\"forminator-field-text-1_69f101661492b\" class=\"forminator-input forminator-name--field\" data-required=\"\" \/><\/div><\/div><\/div><div class=\"forminator-row\"><div id=\"email-1\" class=\"forminator-field-email forminator-col forminator-col-12\"><div class=\"forminator-field\"><label for=\"forminator-field-email-1_69f101661492b\" class=\"forminator-label\" id=\"forminator-field-email-1_69f101661492b-label\">Adresse e-mail <span class=\"forminator-required\">*<\/span><\/label><input type=\"email\" name=\"email-1\" value=\"\" placeholder=\"\" id=\"forminator-field-email-1_69f101661492b\" class=\"forminator-input forminator-email--field\" data-required=\"true\" aria-required=\"true\" \/><\/div><\/div><\/div><div class=\"forminator-row\"><div id=\"phone-1\" class=\"forminator-field-phone forminator-col forminator-col-12\"><div class=\"forminator-field\"><label for=\"forminator-field-phone-1_69f101661492b\" class=\"forminator-label\" id=\"forminator-field-phone-1_69f101661492b-label\">num\u00e9ro de t\u00e9l\u00e9phone<\/label><input type=\"text\" name=\"phone-1\" value=\"\" placeholder=\"\" id=\"forminator-field-phone-1_69f101661492b\" class=\"forminator-input forminator-field--phone\" data-required=\"\" aria-required=\"false\" autocomplete=\"off\" data-validation=\"1\" \/><\/div><\/div><\/div><div class=\"forminator-row\"><div id=\"checkbox-1\" class=\"forminator-field-checkbox forminator-col forminator-col-12\"><div role=\"group\" class=\"forminator-field\" aria-labelledby=\"forminator-checkbox-group-69f101661492b-label\"><h4 id=\"forminator-checkbox-group-69f101661492b-label\" class=\"forminator-label\">Je veux:<\/h4><label id=\"forminator-field-checkbox-1-1-69f101661492b-label\" for=\"forminator-field-checkbox-1-1-69f101661492b\" class=\"forminator-checkbox\" title=\"demander un devis:\"><input type=\"checkbox\" name=\"checkbox-1[]\" value=\"service-1\" id=\"forminator-field-checkbox-1-1-69f101661492b\" aria-labelledby=\"forminator-field-checkbox-1-1-69f101661492b-label\" data-calculation=\"0\"   aria-describedby=\"forminator-field-checkbox-1-69f101661492b-description\"\/><span class=\"forminator-checkbox-box\" aria-hidden=\"true\"><\/span><span class=\"forminator-checkbox-label\">demander un devis:<\/span><\/label><label id=\"forminator-field-checkbox-1-2-69f101661492b-label\" for=\"forminator-field-checkbox-1-2-69f101661492b\" class=\"forminator-checkbox\" title=\"demandez quelque chose sur la TVA (pour les entreprises)\u00a0:\"><input type=\"checkbox\" name=\"checkbox-1[]\" value=\"service-2\" id=\"forminator-field-checkbox-1-2-69f101661492b\" aria-labelledby=\"forminator-field-checkbox-1-2-69f101661492b-label\" data-calculation=\"0\"   aria-describedby=\"forminator-field-checkbox-1-69f101661492b-description\"\/><span class=\"forminator-checkbox-box\" aria-hidden=\"true\"><\/span><span class=\"forminator-checkbox-label\">demandez quelque chose sur la TVA (pour les entreprises)\u00a0:<\/span><\/label><label id=\"forminator-field-checkbox-1-3-69f101661492b-label\" for=\"forminator-field-checkbox-1-3-69f101661492b\" class=\"forminator-checkbox\" title=\"prendre rendez-vous pour une visite\u00a0:\"><input type=\"checkbox\" name=\"checkbox-1[]\" value=\"Ik-wil-een-bezichtigingsafspraak-maken\" id=\"forminator-field-checkbox-1-3-69f101661492b\" aria-labelledby=\"forminator-field-checkbox-1-3-69f101661492b-label\" data-calculation=\"0\"   aria-describedby=\"forminator-field-checkbox-1-69f101661492b-description\"\/><span class=\"forminator-checkbox-box\" aria-hidden=\"true\"><\/span><span class=\"forminator-checkbox-label\">prendre rendez-vous pour une visite\u00a0:<\/span><\/label><label id=\"forminator-field-checkbox-1-4-69f101661492b-label\" for=\"forminator-field-checkbox-1-4-69f101661492b\" class=\"forminator-checkbox\" title=\"questions sur la disponibilit\u00e9 (stock) :\"><input type=\"checkbox\" name=\"checkbox-1[]\" value=\"iets-vragen-over-de-beschikbaarheid\" id=\"forminator-field-checkbox-1-4-69f101661492b\" aria-labelledby=\"forminator-field-checkbox-1-4-69f101661492b-label\" data-calculation=\"0\"   aria-describedby=\"forminator-field-checkbox-1-69f101661492b-description\"\/><span class=\"forminator-checkbox-box\" aria-hidden=\"true\"><\/span><span class=\"forminator-checkbox-label\">questions sur la disponibilit\u00e9 (stock) :<\/span><\/label><label id=\"forminator-field-checkbox-1-5-69f101661492b-label\" for=\"forminator-field-checkbox-1-5-69f101661492b\" class=\"forminator-checkbox\" title=\"Puis-je \u00eatre tenu inform\u00e9 des nouveaux stocks ?\"><input type=\"checkbox\" name=\"checkbox-1[]\" value=\"Kan ik op de hoogte gehouden worden over nieuwe voorraad\" id=\"forminator-field-checkbox-1-5-69f101661492b\" aria-labelledby=\"forminator-field-checkbox-1-5-69f101661492b-label\" data-calculation=\"0\"   aria-describedby=\"forminator-field-checkbox-1-69f101661492b-description\"\/><span class=\"forminator-checkbox-box\" aria-hidden=\"true\"><\/span><span class=\"forminator-checkbox-label\">Puis-je \u00eatre tenu inform\u00e9 des nouveaux stocks ?<\/span><\/label><label id=\"forminator-field-checkbox-1-6-69f101661492b-label\" for=\"forminator-field-checkbox-1-6-69f101661492b\" class=\"forminator-checkbox\" title=\"demande autre chose :\"><input type=\"checkbox\" name=\"checkbox-1[]\" value=\"Anders\" id=\"forminator-field-checkbox-1-6-69f101661492b\" aria-labelledby=\"forminator-field-checkbox-1-6-69f101661492b-label\" data-calculation=\"0\"   aria-describedby=\"forminator-field-checkbox-1-69f101661492b-description\"\/><span class=\"forminator-checkbox-box\" aria-hidden=\"true\"><\/span><span class=\"forminator-checkbox-label\">demande autre chose :<\/span><\/label><\/div><\/div><\/div><div class=\"forminator-row\"><div id=\"textarea-1\" class=\"forminator-field-textarea forminator-col forminator-col-12\"><div class=\"forminator-field\"><label for=\"forminator-field-textarea-1_69f101661492b\" id=\"forminator-field-textarea-1_69f101661492b-label\" class=\"forminator-label\">Message<\/label><textarea name=\"textarea-1\" placeholder=\"\" id=\"forminator-field-textarea-1_69f101661492b\" class=\"forminator-textarea\" rows=\"6\" style=\"min-height:140px;\" maxlength=\"180\" ><\/textarea><span id=\"forminator-field-textarea-1_69f101661492b-description\" class=\"forminator-description\"><span data-limit=\"180\" data-type=\"characters\">0 \/ 180<\/span><\/span><\/div><\/div><\/div><input type=\"hidden\" name=\"referer_url\" value=\"\" \/><div class=\"forminator-row forminator-row-last\"><div class=\"forminator-col\"><div class=\"forminator-field\"><button class=\"forminator-button forminator-button-submit\">Envoyez<\/button><\/div><\/div><\/div><input type=\"hidden\" id=\"forminator_nonce\" name=\"forminator_nonce\" value=\"f684c8d7be\" \/><input type=\"hidden\" name=\"_wp_http_referer\" value=\"\/fr\/wp-json\/wp\/v2\/product\/5402\" \/><input type=\"hidden\" name=\"form_id\" value=\"7542\"><input type=\"hidden\" name=\"page_id\" value=\"5402\"><input type=\"hidden\" name=\"form_type\" value=\"default\"><input type=\"hidden\" name=\"current_url\" value=\"https:\/\/coolvaria.com\/fr\/p\/plateforme-extensible-pour-chambres-climatiques-garde-corps-a-roulement-a-billes\/\"><input type=\"hidden\" name=\"render_id\" value=\"0\"><input type=\"hidden\" name=\"action\" value=\"forminator_submit_form_custom-forms\"><input type=\"hidden\" name=\"trp-form-language\" value=\"fr\"\/><\/form><\/p>\n<p>&nbsp;<\/p>\n<p>&nbsp;<\/p>\n<p style=\"text-align: left;\">","protected":false},"excerpt":{"rendered":"<p>L&#039;int\u00e9rieur des chambres climatiques est \u00e9quip\u00e9 d&#039;\u00e9tag\u00e8res en bois. Nous avons d\u00e9lib\u00e9r\u00e9ment choisi ce choix car le bois est un produit naturel, tout comme celui utilis\u00e9 dans l&#039;enceinte climatique...<\/p>","protected":false},"featured_media":5403,"template":"","meta":{"_sitemap_exclude":false,"_sitemap_priority":"","_sitemap_frequency":""},"product_cat":[100],"product_tag":[],"class_list":["post-5402","product","type-product","status-publish","has-post-thumbnail","hentry","product_cat-accessoires","product_shipping_class-free-shipping-europe","layout-style-2","col-md-4 col-sm-4 col-xs-6","product-has-gallery","product-style-addtocart"],"_links":{"self":[{"href":"https:\/\/coolvaria.com\/fr\/wp-json\/wp\/v2\/product\/5402","targetHints":{"allow":["GET"]}}],"collection":[{"href":"https:\/\/coolvaria.com\/fr\/wp-json\/wp\/v2\/product"}],"about":[{"href":"https:\/\/coolvaria.com\/fr\/wp-json\/wp\/v2\/types\/product"}],"wp:featuredmedia":[{"embeddable":true,"href":"https:\/\/coolvaria.com\/fr\/wp-json\/wp\/v2\/media\/5403"}],"wp:attachment":[{"href":"https:\/\/coolvaria.com\/fr\/wp-json\/wp\/v2\/media?parent=5402"}],"wp:term":[{"taxonomy":"product_cat","embeddable":true,"href":"https:\/\/coolvaria.com\/fr\/wp-json\/wp\/v2\/product_cat?post=5402"},{"taxonomy":"product_tag","embeddable":true,"href":"https:\/\/coolvaria.com\/fr\/wp-json\/wp\/v2\/product_tag?post=5402"}],"curies":[{"name":"wp","href":"https:\/\/api.w.org\/{rel}","templated":true}]}}