{"id":4050,"date":"2023-01-18T15:26:01","date_gmt":"2023-01-18T15:26:01","guid":{"rendered":"\/?post_type=product&#038;p=4050"},"modified":"2025-10-13T12:31:40","modified_gmt":"2025-10-13T10:31:40","slug":"uitschuifbaar-plateau-voor-diepe-klimaatkasten","status":"publish","type":"product","link":"https:\/\/coolvaria.com\/fr\/p\/plateau-extensible-pour-chambres-climatiques-profondes\/","title":{"rendered":"Plateau extensible pour chambres climatiques profondes (72 cm)"},"content":{"rendered":"<p style=\"text-align: left;\">L'int\u00e9rieur de la cave est \u00e9quip\u00e9 d'\u00e9tag\u00e8res en bois. Nous avons d\u00e9lib\u00e9r\u00e9ment choisi ce choix car le bois est un produit naturel, tout comme celui stock\u00e9 dans la cave. Avec le bois, il n\u2019y a pas deux pi\u00e8ces identiques, ce qui entra\u00eene des diff\u00e9rences de couleur. Cependant, cela donne aussi une certaine \u00ab rugosit\u00e9 \u00bb que nous trouvons appropri\u00e9e au produit.<\/p>\n<p>&nbsp;<\/p>\n<p style=\"text-align: left;\">Dit plateau is een plateau voor klimaatkasten die een diepte hebben van 72cm (exterieur maat) <strong>en voorzien van enkel \u00e9\u00e9n zone.<\/strong><\/p>\n<p style=\"text-align: left;\"><strong><u>Veuillez noter que cet article est sans garde-corps \u00e0 roulement \u00e0 billes.<\/u> <\/strong><a href=\"https:\/\/coolvaria.com\/fr\/p\/grande-plateforme-extensible-pour-chambres-climatiques-garde-corps-a-roulement-a-billes\/\">Si vous le souhaitez, allez sur cet article<\/a>.<\/p>\n<p>&nbsp;<\/p>\n<p style=\"text-align: left;\"><strong>Vous avez des doutes quant \u00e0 savoir si vous avez besoin de plus ou moins d&#039;\u00e9tag\u00e8res pour l&#039;enceinte climatique ?<\/strong><\/p>\n<p class=\"gt-block\" style=\"text-align: left;\"><em>Pourquoi nous proposons la configuration telle qu&#039;elle appara\u00eet dans le visualiseur\u00a0<u>et non plus par chambre climatique ?<\/u>.<\/em><\/p>\n<p>&nbsp;<\/p>\n<p style=\"text-align: left;\">La configuration est bas\u00e9e sur l&#039;ouverture r\u00e9guli\u00e8re de la porte, afin que vous puissiez profiter d&#039;une bouteille r\u00e9guli\u00e8rement (comme la plupart de nos clients) et que vous ne vouliez pas retirer beaucoup de bouteilles avant d&#039;obtenir la bonne. Par cons\u00e9quent, nous recommandons la configuration sugg\u00e9r\u00e9e.<\/p>\n<p class=\"gt-block\" style=\"text-align: left;\">Bien s\u00fbr, vous pouvez installer plus d&#039;\u00e9tag\u00e8res, mais... <u>notez ce qui suit\u00a0: plus il y a des clayettes, moins il y a de capacit\u00e9 et vous ne regardez que du bois (planches) au lieu des bouteilles<\/u><\/p>\n<p style=\"text-align: left;\">Puisque nous installons les plateformes dans notre entrep\u00f4t, nous veillons \u00e0 ce que vous disposiez de la configuration la plus efficace (vous pouvez bien entendu toujours modifier vous-m\u00eame leur position si vous le souhaitez).<\/p>\n<p style=\"text-align: left;\">Nous veillons \u00e9galement \u00e0 laisser un peu d&#039;espace entre les bouteilles et l&#039;\u00e9tag\u00e8re sup\u00e9rieure suivante, car il n&#039;y a pas deux bouteilles identiques (afin de ne pas endommager l&#039;\u00e9tiquette en retirant le plateau).<\/p>\n<p>&nbsp;<\/p>\n<p style=\"text-align: left;\">Nous pensons que vous devez pouvoir ranger sans probl\u00e8me tous types de bouteilles dans le placard : bouteilles de Bourgogne, de Bordeaux, d&#039;Alsace, de Champagne et m\u00eame de Magnum. La configuration propos\u00e9e est donc la meilleure.<\/p>\n<p>&nbsp;<\/p>\n<p style=\"text-align: left;\">Si vous souhaitez disposer de plateformes suppl\u00e9mentaires (ou d&#039;autres accessoires) \u00e0 l&#039;avenir, vous pourrez toujours les acheter par la suite.<\/p>\n<p>&nbsp;<\/p>\n<p><a href=\"https:\/\/coolvaria.com\/wp-content\/uploads\/2023\/05\/Uitleg-hoe-de-positie-van-de-plateaus-te-wisselen-2.4.pdf\">Envie d&#039;en savoir plus ou d&#039;installer les plateformes ? cliquer ici.<\/a><\/p>\n<p>&nbsp;<\/p>\n<div class=\"elementor-element elementor-element-92b612e elementor-widget elementor-widget-heading\" data-id=\"92b612e\" data-element_type=\"widget\" data-widget_type=\"heading.default\" data-trid=\"668\">\n<div class=\"elementor-widget-container\" data-trid=\"669\">\n<h2 class=\"elementor-heading-title elementor-size-large\" style=\"text-align: left;\" data-trid=\"670\">Pouvons-nous vous aider dans votre choix ?<\/h2>\n<\/div>\n<\/div>\n<div class=\"elementor-element elementor-element-e9c05b1 elementor-widget elementor-widget-text-editor\" data-id=\"e9c05b1\" data-element_type=\"widget\" data-widget_type=\"text-editor.default\" data-trid=\"671\">\n<div class=\"elementor-widget-container\" data-trid=\"672\">\n<p style=\"text-align: left;\" data-trid=\"673\"><b>Appelez-nous au +31 (30)25 111 91 ou remplissez le formulaire de contact.<\/b><\/p>\n<p style=\"text-align: left;\" data-trid=\"673\">Plus de 40 restaurants \u00e9toil\u00e9s Michelin, bars, traiteurs, cavistes, magasins d&#039;alcool, industriels, gouvernements, repr\u00e9sentations diplomatiques et consulaires, universit\u00e9s et bien s\u00fbr consommateurs vous ont pr\u00e9c\u00e9d\u00e9 (<a href=\"https:\/\/coolvaria.com\/fr\/a-propos-de-nous\/\" data-trid=\"678\">cliquez ici pour les r\u00e9f\u00e9rences<\/a>).<\/p>\n<\/div>\n<\/div>\n<h4 style=\"text-align: center;\"><\/h4>\n<p>&nbsp;<\/p>\n<h4 style=\"text-align: center;\"><b>Formulaire de contact<\/b><\/h4>\n<p style=\"text-align: left;\"><div class=\"forminator-ui forminator-custom-form forminator-custom-form-7542 forminator-design--default  forminator_ajax\" data-forminator-render=\"0\" data-form=\"forminator-module-7542\" data-uid=\"69d247f265d34\"><br\/><\/div><form\n\t\t\t\tid=\"forminator-module-7542\"\n\t\t\t\tclass=\"forminator-ui forminator-custom-form forminator-custom-form-7542 forminator-design--default  forminator_ajax\"\n\t\t\t\tmethod=\"post\"\n\t\t\t\tdata-forminator-render=\"0\"\n\t\t\t\tdata-form-id=\"7542\"\n\t\t\t\t\n\t\t\t\tdata-design=\"default\"\n\t\t\t\t\n\t\t\t\t\n\t\t\t\t\n\t\t\t\tdata-grid=\"open\"\n\t\t\t\t\n\t\t\t\t\n\t\t\t\tstyle=\"display: none;\"\n\t\t\t\t\n\t\t\t\tdata-uid=\"69d247f265d34\" action=\"\"\n\t\t\t><div role=\"alert\" aria-live=\"polite\" class=\"forminator-response-message forminator-error\" aria-hidden=\"true\"><\/div><div class=\"forminator-row\"><input type=\"hidden\" id=\"hidden-2_69d247f265d34\" name=\"hidden-2\" value=\"Uitschuifbaar plateau voor diepe (72cm) klimaatkasten\" \/><input type=\"hidden\" id=\"hidden-1_69d247f265d34\" name=\"hidden-1\" value=\"https:\/\/coolvaria.com\/fr\/p\/plateau-extensible-pour-chambres-climatiques-profondes\/\" \/><\/div><div class=\"forminator-row\"><div id=\"name-1\" class=\"forminator-field-name forminator-col forminator-col-12\"><div class=\"forminator-row forminator-no-margin\" data-multiple=\"true\"><div class=\"forminator-col forminator-col-md-6\"><div class=\"forminator-field\"><label for=\"forminator-field-first-name-1_69d247f265d34\" class=\"forminator-label\" id=\"forminator-field-first-name-1_69d247f265d34-label\">Pr\u00e9nom <span class=\"forminator-required\">*<\/span><\/label><input type=\"text\" name=\"name-1-first-name\" placeholder=\"\" id=\"forminator-field-first-name-1_69d247f265d34\" class=\"forminator-input\" aria-required=\"true\" data-multi=\"1\" value=\"\" \/><\/div><\/div><div class=\"forminator-col forminator-col-md-6\"><div class=\"forminator-field\"><label for=\"forminator-field-last-name-1_69d247f265d34\" class=\"forminator-label\" id=\"forminator-field-last-name-1_69d247f265d34-label\">nom de famille <span class=\"forminator-required\">*<\/span><\/label><input type=\"text\" name=\"name-1-last-name\" placeholder=\"\" id=\"forminator-field-last-name-1_69d247f265d34\" class=\"forminator-input\" aria-required=\"true\" data-multi=\"1\" value=\"\" \/><\/div><\/div><\/div><\/div><\/div><div class=\"forminator-row\"><div id=\"text-1\" class=\"forminator-field-text forminator-col forminator-col-12\"><div class=\"forminator-field\"><label for=\"forminator-field-text-1_69d247f265d34\" class=\"forminator-label\" id=\"forminator-field-text-1_69d247f265d34-label\">Nom de l&#039;entreprise<\/label><input type=\"text\" name=\"text-1\" value=\"\" placeholder=\"le cas \u00e9ch\u00e9ant\" id=\"forminator-field-text-1_69d247f265d34\" class=\"forminator-input forminator-name--field\" data-required=\"\" \/><\/div><\/div><\/div><div class=\"forminator-row\"><div id=\"email-1\" class=\"forminator-field-email forminator-col forminator-col-12\"><div class=\"forminator-field\"><label for=\"forminator-field-email-1_69d247f265d34\" class=\"forminator-label\" id=\"forminator-field-email-1_69d247f265d34-label\">Adresse e-mail <span class=\"forminator-required\">*<\/span><\/label><input type=\"email\" name=\"email-1\" value=\"\" placeholder=\"\" id=\"forminator-field-email-1_69d247f265d34\" class=\"forminator-input forminator-email--field\" data-required=\"true\" aria-required=\"true\" \/><\/div><\/div><\/div><div class=\"forminator-row\"><div id=\"phone-1\" class=\"forminator-field-phone forminator-col forminator-col-12\"><div class=\"forminator-field\"><label for=\"forminator-field-phone-1_69d247f265d34\" class=\"forminator-label\" id=\"forminator-field-phone-1_69d247f265d34-label\">num\u00e9ro de t\u00e9l\u00e9phone<\/label><input type=\"text\" name=\"phone-1\" value=\"\" placeholder=\"\" id=\"forminator-field-phone-1_69d247f265d34\" class=\"forminator-input forminator-field--phone\" data-required=\"\" aria-required=\"false\" autocomplete=\"off\" data-validation=\"1\" \/><\/div><\/div><\/div><div class=\"forminator-row\"><div id=\"checkbox-1\" class=\"forminator-field-checkbox forminator-col forminator-col-12\"><div role=\"group\" class=\"forminator-field\" aria-labelledby=\"forminator-checkbox-group-69d247f265d34-label\"><h4 id=\"forminator-checkbox-group-69d247f265d34-label\" class=\"forminator-label\">Je veux:<\/h4><label id=\"forminator-field-checkbox-1-1-69d247f265d34-label\" for=\"forminator-field-checkbox-1-1-69d247f265d34\" class=\"forminator-checkbox\" title=\"demander un devis:\"><input type=\"checkbox\" name=\"checkbox-1[]\" value=\"service-1\" id=\"forminator-field-checkbox-1-1-69d247f265d34\" aria-labelledby=\"forminator-field-checkbox-1-1-69d247f265d34-label\" data-calculation=\"0\"   aria-describedby=\"forminator-field-checkbox-1-69d247f265d34-description\"\/><span class=\"forminator-checkbox-box\" aria-hidden=\"true\"><\/span><span class=\"forminator-checkbox-label\">demander un devis:<\/span><\/label><label id=\"forminator-field-checkbox-1-2-69d247f265d34-label\" for=\"forminator-field-checkbox-1-2-69d247f265d34\" class=\"forminator-checkbox\" title=\"demandez quelque chose sur la TVA (pour les entreprises)\u00a0:\"><input type=\"checkbox\" name=\"checkbox-1[]\" value=\"service-2\" id=\"forminator-field-checkbox-1-2-69d247f265d34\" aria-labelledby=\"forminator-field-checkbox-1-2-69d247f265d34-label\" data-calculation=\"0\"   aria-describedby=\"forminator-field-checkbox-1-69d247f265d34-description\"\/><span class=\"forminator-checkbox-box\" aria-hidden=\"true\"><\/span><span class=\"forminator-checkbox-label\">demandez quelque chose sur la TVA (pour les entreprises)\u00a0:<\/span><\/label><label id=\"forminator-field-checkbox-1-3-69d247f265d34-label\" for=\"forminator-field-checkbox-1-3-69d247f265d34\" class=\"forminator-checkbox\" title=\"prendre rendez-vous pour une visite\u00a0:\"><input type=\"checkbox\" name=\"checkbox-1[]\" value=\"Ik-wil-een-bezichtigingsafspraak-maken\" id=\"forminator-field-checkbox-1-3-69d247f265d34\" aria-labelledby=\"forminator-field-checkbox-1-3-69d247f265d34-label\" data-calculation=\"0\"   aria-describedby=\"forminator-field-checkbox-1-69d247f265d34-description\"\/><span class=\"forminator-checkbox-box\" aria-hidden=\"true\"><\/span><span class=\"forminator-checkbox-label\">prendre rendez-vous pour une visite\u00a0:<\/span><\/label><label id=\"forminator-field-checkbox-1-4-69d247f265d34-label\" for=\"forminator-field-checkbox-1-4-69d247f265d34\" class=\"forminator-checkbox\" title=\"questions sur la disponibilit\u00e9 (stock) :\"><input type=\"checkbox\" name=\"checkbox-1[]\" value=\"iets-vragen-over-de-beschikbaarheid\" id=\"forminator-field-checkbox-1-4-69d247f265d34\" aria-labelledby=\"forminator-field-checkbox-1-4-69d247f265d34-label\" data-calculation=\"0\"   aria-describedby=\"forminator-field-checkbox-1-69d247f265d34-description\"\/><span class=\"forminator-checkbox-box\" aria-hidden=\"true\"><\/span><span class=\"forminator-checkbox-label\">questions sur la disponibilit\u00e9 (stock) :<\/span><\/label><label id=\"forminator-field-checkbox-1-5-69d247f265d34-label\" for=\"forminator-field-checkbox-1-5-69d247f265d34\" class=\"forminator-checkbox\" title=\"Puis-je \u00eatre tenu inform\u00e9 des nouveaux stocks ?\"><input type=\"checkbox\" name=\"checkbox-1[]\" value=\"Kan ik op de hoogte gehouden worden over nieuwe voorraad\" id=\"forminator-field-checkbox-1-5-69d247f265d34\" aria-labelledby=\"forminator-field-checkbox-1-5-69d247f265d34-label\" data-calculation=\"0\"   aria-describedby=\"forminator-field-checkbox-1-69d247f265d34-description\"\/><span class=\"forminator-checkbox-box\" aria-hidden=\"true\"><\/span><span class=\"forminator-checkbox-label\">Puis-je \u00eatre tenu inform\u00e9 des nouveaux stocks ?<\/span><\/label><label id=\"forminator-field-checkbox-1-6-69d247f265d34-label\" for=\"forminator-field-checkbox-1-6-69d247f265d34\" class=\"forminator-checkbox\" title=\"demande autre chose :\"><input type=\"checkbox\" name=\"checkbox-1[]\" value=\"Anders\" id=\"forminator-field-checkbox-1-6-69d247f265d34\" aria-labelledby=\"forminator-field-checkbox-1-6-69d247f265d34-label\" data-calculation=\"0\"   aria-describedby=\"forminator-field-checkbox-1-69d247f265d34-description\"\/><span class=\"forminator-checkbox-box\" aria-hidden=\"true\"><\/span><span class=\"forminator-checkbox-label\">demande autre chose :<\/span><\/label><\/div><\/div><\/div><div class=\"forminator-row\"><div id=\"textarea-1\" class=\"forminator-field-textarea forminator-col forminator-col-12\"><div class=\"forminator-field\"><label for=\"forminator-field-textarea-1_69d247f265d34\" id=\"forminator-field-textarea-1_69d247f265d34-label\" class=\"forminator-label\">Message<\/label><textarea name=\"textarea-1\" placeholder=\"\" id=\"forminator-field-textarea-1_69d247f265d34\" class=\"forminator-textarea\" rows=\"6\" style=\"min-height:140px;\" maxlength=\"180\" ><\/textarea><span id=\"forminator-field-textarea-1_69d247f265d34-description\" class=\"forminator-description\"><span data-limit=\"180\" data-type=\"characters\">0 \/ 180<\/span><\/span><\/div><\/div><\/div><input type=\"hidden\" name=\"referer_url\" value=\"\" \/><div class=\"forminator-row forminator-row-last\"><div class=\"forminator-col\"><div class=\"forminator-field\"><button class=\"forminator-button forminator-button-submit\">Envoyez<\/button><\/div><\/div><\/div><input type=\"hidden\" id=\"forminator_nonce\" name=\"forminator_nonce\" value=\"93103f11ae\" \/><input type=\"hidden\" name=\"_wp_http_referer\" value=\"\/fr\/wp-json\/wp\/v2\/product\/4050\" \/><input type=\"hidden\" name=\"form_id\" value=\"7542\"><input type=\"hidden\" name=\"page_id\" value=\"4050\"><input type=\"hidden\" name=\"form_type\" value=\"default\"><input type=\"hidden\" name=\"current_url\" value=\"https:\/\/coolvaria.com\/fr\/p\/plateau-extensible-pour-chambres-climatiques-profondes\/\"><input type=\"hidden\" name=\"render_id\" value=\"0\"><input type=\"hidden\" name=\"action\" value=\"forminator_submit_form_custom-forms\"><input type=\"hidden\" name=\"trp-form-language\" value=\"fr\"\/><\/form><\/p>\n<p>&nbsp;<\/p>\n<p>&nbsp;<\/p>","protected":false},"excerpt":{"rendered":"<p>L&#039;int\u00e9rieur de la chambre climatique est \u00e9quip\u00e9 d&#039;\u00e9tag\u00e8res en bois. Nous avons d\u00e9lib\u00e9r\u00e9ment choisi ce choix car le bois est un produit naturel, tout comme celui utilis\u00e9 dans l&#039;enceinte climatique...<\/p>","protected":false},"featured_media":4073,"template":"","meta":{"_sitemap_exclude":false,"_sitemap_priority":"","_sitemap_frequency":""},"product_cat":[100],"product_tag":[],"class_list":["post-4050","product","type-product","status-publish","has-post-thumbnail","hentry","product_cat-accessoires","product_shipping_class-free-shipping-europe","layout-style-2","col-md-4 col-sm-4 col-xs-6","product-has-gallery","product-style-addtocart"],"_links":{"self":[{"href":"https:\/\/coolvaria.com\/fr\/wp-json\/wp\/v2\/product\/4050","targetHints":{"allow":["GET"]}}],"collection":[{"href":"https:\/\/coolvaria.com\/fr\/wp-json\/wp\/v2\/product"}],"about":[{"href":"https:\/\/coolvaria.com\/fr\/wp-json\/wp\/v2\/types\/product"}],"wp:featuredmedia":[{"embeddable":true,"href":"https:\/\/coolvaria.com\/fr\/wp-json\/wp\/v2\/media\/4073"}],"wp:attachment":[{"href":"https:\/\/coolvaria.com\/fr\/wp-json\/wp\/v2\/media?parent=4050"}],"wp:term":[{"taxonomy":"product_cat","embeddable":true,"href":"https:\/\/coolvaria.com\/fr\/wp-json\/wp\/v2\/product_cat?post=4050"},{"taxonomy":"product_tag","embeddable":true,"href":"https:\/\/coolvaria.com\/fr\/wp-json\/wp\/v2\/product_tag?post=4050"}],"curies":[{"name":"wp","href":"https:\/\/api.w.org\/{rel}","templated":true}]}}