{"id":4049,"date":"2023-01-18T15:23:57","date_gmt":"2023-01-18T15:23:57","guid":{"rendered":"\/?post_type=product&#038;p=4049"},"modified":"2024-04-18T13:43:55","modified_gmt":"2024-04-18T11:43:55","slug":"leer","status":"publish","type":"product","link":"https:\/\/coolvaria.com\/fr\/p\/apprendre\/","title":{"rendered":"Apprendre"},"content":{"rendered":"<p style=\"text-align: left;\">Les chambres climatiques actuelles sont toutes noires et peuvent \u00eatre parfaitement plac\u00e9es. Il est cependant possible de recouvrir enti\u00e8rement l\u2019ext\u00e9rieur selon vos propres souhaits.<\/p>\n<p style=\"text-align: left;\">Par exemple, vous pouvez nous indiquer le type de cuir ou de tissu, la couleur et m\u00eame le traitement que vous souhaitez (cela est fait \u00e0 la main et aura lieu \u00e0 Utrecht) afin que la chambre climatique puisse \u00eatre enti\u00e8rement adapt\u00e9e \u00e0 votre int\u00e9rieur.<\/p>\n<p style=\"text-align: left;\">Le d\u00e9lai minimum de livraison est actuellement de 12 semaines !<\/p>\n<div class=\"elementor-element elementor-element-92b612e elementor-widget elementor-widget-heading\" data-id=\"92b612e\" data-element_type=\"widget\" data-widget_type=\"heading.default\" data-trid=\"668\">\n<div class=\"elementor-widget-container\" data-trid=\"669\">\n<h2 class=\"elementor-heading-title elementor-size-large\" style=\"text-align: left;\" data-trid=\"670\">Pouvons-nous vous aider dans votre choix ?<\/h2>\n<\/div>\n<\/div>\n<div class=\"elementor-element elementor-element-e9c05b1 elementor-widget elementor-widget-text-editor\" data-id=\"e9c05b1\" data-element_type=\"widget\" data-widget_type=\"text-editor.default\" data-trid=\"671\">\n<div class=\"elementor-widget-container\" data-trid=\"672\">\n<p style=\"text-align: left;\" data-trid=\"673\"><b>Appelez-nous au +31 (30)25 111 91 ou remplissez le formulaire de contact.<\/b><\/p>\n<p style=\"text-align: left;\" data-trid=\"673\">Plus de 40 restaurants \u00e9toil\u00e9s Michelin, bars, traiteurs, cavistes, magasins d&#039;alcool, industriels, gouvernements, repr\u00e9sentations diplomatiques et consulaires, universit\u00e9s et bien s\u00fbr consommateurs vous ont pr\u00e9c\u00e9d\u00e9 (<a href=\"https:\/\/coolvaria.com\/fr\/a-propos-de-nous\/\" data-trid=\"678\">cliquez ici pour les r\u00e9f\u00e9rences<\/a>).<\/p>\n<\/div>\n<\/div>\n<h4 style=\"text-align: center;\"><\/h4>\n<p>&nbsp;<\/p>\n<h4 style=\"text-align: center;\"><b>Formulaire de contact<\/b><\/h4>\n<p style=\"text-align: left;\"><div class=\"forminator-ui forminator-custom-form forminator-custom-form-7542 forminator-design--default  forminator_ajax\" data-forminator-render=\"0\" data-form=\"forminator-module-7542\" data-uid=\"69deb7e3a1d72\"><br\/><\/div><form\n\t\t\t\tid=\"forminator-module-7542\"\n\t\t\t\tclass=\"forminator-ui forminator-custom-form forminator-custom-form-7542 forminator-design--default  forminator_ajax\"\n\t\t\t\tmethod=\"post\"\n\t\t\t\tdata-forminator-render=\"0\"\n\t\t\t\tdata-form-id=\"7542\"\n\t\t\t\t\n\t\t\t\tdata-design=\"default\"\n\t\t\t\t\n\t\t\t\t\n\t\t\t\t\n\t\t\t\tdata-grid=\"open\"\n\t\t\t\t\n\t\t\t\t\n\t\t\t\tstyle=\"display: none;\"\n\t\t\t\t\n\t\t\t\tdata-uid=\"69deb7e3a1d72\" action=\"\"\n\t\t\t><div role=\"alert\" aria-live=\"polite\" class=\"forminator-response-message forminator-error\" aria-hidden=\"true\"><\/div><div class=\"forminator-row\"><input type=\"hidden\" id=\"hidden-2_69deb7e3a1d72\" name=\"hidden-2\" value=\"Leer\" \/><input type=\"hidden\" id=\"hidden-1_69deb7e3a1d72\" name=\"hidden-1\" value=\"https:\/\/coolvaria.com\/fr\/p\/apprendre\/\" \/><\/div><div class=\"forminator-row\"><div id=\"name-1\" class=\"forminator-field-name forminator-col forminator-col-12\"><div class=\"forminator-row forminator-no-margin\" data-multiple=\"true\"><div class=\"forminator-col forminator-col-md-6\"><div class=\"forminator-field\"><label for=\"forminator-field-first-name-1_69deb7e3a1d72\" class=\"forminator-label\" id=\"forminator-field-first-name-1_69deb7e3a1d72-label\">Pr\u00e9nom <span class=\"forminator-required\">*<\/span><\/label><input type=\"text\" name=\"name-1-first-name\" placeholder=\"\" id=\"forminator-field-first-name-1_69deb7e3a1d72\" class=\"forminator-input\" aria-required=\"true\" data-multi=\"1\" value=\"\" \/><\/div><\/div><div class=\"forminator-col forminator-col-md-6\"><div class=\"forminator-field\"><label for=\"forminator-field-last-name-1_69deb7e3a1d72\" class=\"forminator-label\" id=\"forminator-field-last-name-1_69deb7e3a1d72-label\">nom de famille <span class=\"forminator-required\">*<\/span><\/label><input type=\"text\" name=\"name-1-last-name\" placeholder=\"\" id=\"forminator-field-last-name-1_69deb7e3a1d72\" class=\"forminator-input\" aria-required=\"true\" data-multi=\"1\" value=\"\" \/><\/div><\/div><\/div><\/div><\/div><div class=\"forminator-row\"><div id=\"text-1\" class=\"forminator-field-text forminator-col forminator-col-12\"><div class=\"forminator-field\"><label for=\"forminator-field-text-1_69deb7e3a1d72\" class=\"forminator-label\" id=\"forminator-field-text-1_69deb7e3a1d72-label\">Nom de l&#039;entreprise<\/label><input type=\"text\" name=\"text-1\" value=\"\" placeholder=\"le cas \u00e9ch\u00e9ant\" id=\"forminator-field-text-1_69deb7e3a1d72\" class=\"forminator-input forminator-name--field\" data-required=\"\" \/><\/div><\/div><\/div><div class=\"forminator-row\"><div id=\"email-1\" class=\"forminator-field-email forminator-col forminator-col-12\"><div class=\"forminator-field\"><label for=\"forminator-field-email-1_69deb7e3a1d72\" class=\"forminator-label\" id=\"forminator-field-email-1_69deb7e3a1d72-label\">Adresse e-mail <span class=\"forminator-required\">*<\/span><\/label><input type=\"email\" name=\"email-1\" value=\"\" placeholder=\"\" id=\"forminator-field-email-1_69deb7e3a1d72\" class=\"forminator-input forminator-email--field\" data-required=\"true\" aria-required=\"true\" \/><\/div><\/div><\/div><div class=\"forminator-row\"><div id=\"phone-1\" class=\"forminator-field-phone forminator-col forminator-col-12\"><div class=\"forminator-field\"><label for=\"forminator-field-phone-1_69deb7e3a1d72\" class=\"forminator-label\" id=\"forminator-field-phone-1_69deb7e3a1d72-label\">num\u00e9ro de t\u00e9l\u00e9phone<\/label><input type=\"text\" name=\"phone-1\" value=\"\" placeholder=\"\" id=\"forminator-field-phone-1_69deb7e3a1d72\" class=\"forminator-input forminator-field--phone\" data-required=\"\" aria-required=\"false\" autocomplete=\"off\" data-validation=\"1\" \/><\/div><\/div><\/div><div class=\"forminator-row\"><div id=\"checkbox-1\" class=\"forminator-field-checkbox forminator-col forminator-col-12\"><div role=\"group\" class=\"forminator-field\" aria-labelledby=\"forminator-checkbox-group-69deb7e3a1d72-label\"><h4 id=\"forminator-checkbox-group-69deb7e3a1d72-label\" class=\"forminator-label\">Je veux:<\/h4><label id=\"forminator-field-checkbox-1-1-69deb7e3a1d72-label\" for=\"forminator-field-checkbox-1-1-69deb7e3a1d72\" class=\"forminator-checkbox\" title=\"demander un devis:\"><input type=\"checkbox\" name=\"checkbox-1[]\" value=\"service-1\" id=\"forminator-field-checkbox-1-1-69deb7e3a1d72\" aria-labelledby=\"forminator-field-checkbox-1-1-69deb7e3a1d72-label\" data-calculation=\"0\"   aria-describedby=\"forminator-field-checkbox-1-69deb7e3a1d72-description\"\/><span class=\"forminator-checkbox-box\" aria-hidden=\"true\"><\/span><span class=\"forminator-checkbox-label\">demander un devis:<\/span><\/label><label id=\"forminator-field-checkbox-1-2-69deb7e3a1d72-label\" for=\"forminator-field-checkbox-1-2-69deb7e3a1d72\" class=\"forminator-checkbox\" title=\"demandez quelque chose sur la TVA (pour les entreprises)\u00a0:\"><input type=\"checkbox\" name=\"checkbox-1[]\" value=\"service-2\" id=\"forminator-field-checkbox-1-2-69deb7e3a1d72\" aria-labelledby=\"forminator-field-checkbox-1-2-69deb7e3a1d72-label\" data-calculation=\"0\"   aria-describedby=\"forminator-field-checkbox-1-69deb7e3a1d72-description\"\/><span class=\"forminator-checkbox-box\" aria-hidden=\"true\"><\/span><span class=\"forminator-checkbox-label\">demandez quelque chose sur la TVA (pour les entreprises)\u00a0:<\/span><\/label><label id=\"forminator-field-checkbox-1-3-69deb7e3a1d72-label\" for=\"forminator-field-checkbox-1-3-69deb7e3a1d72\" class=\"forminator-checkbox\" title=\"prendre rendez-vous pour une visite\u00a0:\"><input type=\"checkbox\" name=\"checkbox-1[]\" value=\"Ik-wil-een-bezichtigingsafspraak-maken\" id=\"forminator-field-checkbox-1-3-69deb7e3a1d72\" aria-labelledby=\"forminator-field-checkbox-1-3-69deb7e3a1d72-label\" data-calculation=\"0\"   aria-describedby=\"forminator-field-checkbox-1-69deb7e3a1d72-description\"\/><span class=\"forminator-checkbox-box\" aria-hidden=\"true\"><\/span><span class=\"forminator-checkbox-label\">prendre rendez-vous pour une visite\u00a0:<\/span><\/label><label id=\"forminator-field-checkbox-1-4-69deb7e3a1d72-label\" for=\"forminator-field-checkbox-1-4-69deb7e3a1d72\" class=\"forminator-checkbox\" title=\"questions sur la disponibilit\u00e9 (stock) :\"><input type=\"checkbox\" name=\"checkbox-1[]\" value=\"iets-vragen-over-de-beschikbaarheid\" id=\"forminator-field-checkbox-1-4-69deb7e3a1d72\" aria-labelledby=\"forminator-field-checkbox-1-4-69deb7e3a1d72-label\" data-calculation=\"0\"   aria-describedby=\"forminator-field-checkbox-1-69deb7e3a1d72-description\"\/><span class=\"forminator-checkbox-box\" aria-hidden=\"true\"><\/span><span class=\"forminator-checkbox-label\">questions sur la disponibilit\u00e9 (stock) :<\/span><\/label><label id=\"forminator-field-checkbox-1-5-69deb7e3a1d72-label\" for=\"forminator-field-checkbox-1-5-69deb7e3a1d72\" class=\"forminator-checkbox\" title=\"Puis-je \u00eatre tenu inform\u00e9 des nouveaux stocks ?\"><input type=\"checkbox\" name=\"checkbox-1[]\" value=\"Kan ik op de hoogte gehouden worden over nieuwe voorraad\" id=\"forminator-field-checkbox-1-5-69deb7e3a1d72\" aria-labelledby=\"forminator-field-checkbox-1-5-69deb7e3a1d72-label\" data-calculation=\"0\"   aria-describedby=\"forminator-field-checkbox-1-69deb7e3a1d72-description\"\/><span class=\"forminator-checkbox-box\" aria-hidden=\"true\"><\/span><span class=\"forminator-checkbox-label\">Puis-je \u00eatre tenu inform\u00e9 des nouveaux stocks ?<\/span><\/label><label id=\"forminator-field-checkbox-1-6-69deb7e3a1d72-label\" for=\"forminator-field-checkbox-1-6-69deb7e3a1d72\" class=\"forminator-checkbox\" title=\"demande autre chose :\"><input type=\"checkbox\" name=\"checkbox-1[]\" value=\"Anders\" id=\"forminator-field-checkbox-1-6-69deb7e3a1d72\" aria-labelledby=\"forminator-field-checkbox-1-6-69deb7e3a1d72-label\" data-calculation=\"0\"   aria-describedby=\"forminator-field-checkbox-1-69deb7e3a1d72-description\"\/><span class=\"forminator-checkbox-box\" aria-hidden=\"true\"><\/span><span class=\"forminator-checkbox-label\">demande autre chose :<\/span><\/label><\/div><\/div><\/div><div class=\"forminator-row\"><div id=\"textarea-1\" class=\"forminator-field-textarea forminator-col forminator-col-12\"><div class=\"forminator-field\"><label for=\"forminator-field-textarea-1_69deb7e3a1d72\" id=\"forminator-field-textarea-1_69deb7e3a1d72-label\" class=\"forminator-label\">Message<\/label><textarea name=\"textarea-1\" placeholder=\"\" id=\"forminator-field-textarea-1_69deb7e3a1d72\" class=\"forminator-textarea\" rows=\"6\" style=\"min-height:140px;\" maxlength=\"180\" ><\/textarea><span id=\"forminator-field-textarea-1_69deb7e3a1d72-description\" class=\"forminator-description\"><span data-limit=\"180\" data-type=\"characters\">0 \/ 180<\/span><\/span><\/div><\/div><\/div><input type=\"hidden\" name=\"referer_url\" value=\"\" \/><div class=\"forminator-row forminator-row-last\"><div class=\"forminator-col\"><div class=\"forminator-field\"><button class=\"forminator-button forminator-button-submit\">Envoyez<\/button><\/div><\/div><\/div><input type=\"hidden\" id=\"forminator_nonce\" name=\"forminator_nonce\" value=\"072a3e315d\" \/><input type=\"hidden\" name=\"_wp_http_referer\" value=\"\/fr\/wp-json\/wp\/v2\/product\/4049\" \/><input type=\"hidden\" name=\"form_id\" value=\"7542\"><input type=\"hidden\" name=\"page_id\" value=\"4049\"><input type=\"hidden\" name=\"form_type\" value=\"default\"><input type=\"hidden\" name=\"current_url\" value=\"https:\/\/coolvaria.com\/fr\/p\/apprendre\/\"><input type=\"hidden\" name=\"render_id\" value=\"0\"><input type=\"hidden\" name=\"action\" value=\"forminator_submit_form_custom-forms\"><input type=\"hidden\" name=\"trp-form-language\" value=\"fr\"\/><\/form><\/p>\n<p>&nbsp;<\/p>\n<p>&nbsp;<\/p>","protected":false},"excerpt":{"rendered":"<p>Rien n&#039;est trop fou, renseignez-vous sur les possibilit\u00e9s !<\/p>","protected":false},"featured_media":5109,"template":"","meta":{"_sitemap_exclude":false,"_sitemap_priority":"","_sitemap_frequency":""},"product_cat":[100],"product_tag":[],"class_list":["post-4049","product","type-product","status-publish","has-post-thumbnail","hentry","product_cat-accessoires","layout-style-2","col-md-4 col-sm-4 col-xs-6","product-has-gallery","product-style-addtocart"],"_links":{"self":[{"href":"https:\/\/coolvaria.com\/fr\/wp-json\/wp\/v2\/product\/4049","targetHints":{"allow":["GET"]}}],"collection":[{"href":"https:\/\/coolvaria.com\/fr\/wp-json\/wp\/v2\/product"}],"about":[{"href":"https:\/\/coolvaria.com\/fr\/wp-json\/wp\/v2\/types\/product"}],"wp:featuredmedia":[{"embeddable":true,"href":"https:\/\/coolvaria.com\/fr\/wp-json\/wp\/v2\/media\/5109"}],"wp:attachment":[{"href":"https:\/\/coolvaria.com\/fr\/wp-json\/wp\/v2\/media?parent=4049"}],"wp:term":[{"taxonomy":"product_cat","embeddable":true,"href":"https:\/\/coolvaria.com\/fr\/wp-json\/wp\/v2\/product_cat?post=4049"},{"taxonomy":"product_tag","embeddable":true,"href":"https:\/\/coolvaria.com\/fr\/wp-json\/wp\/v2\/product_tag?post=4049"}],"curies":[{"name":"wp","href":"https:\/\/api.w.org\/{rel}","templated":true}]}}