{"id":2981,"date":"2022-01-31T12:40:10","date_gmt":"2022-01-31T12:40:10","guid":{"rendered":"\/?post_type=product&#038;p=2981"},"modified":"2024-12-04T09:01:50","modified_gmt":"2024-12-04T08:01:50","slug":"champagne-bewaarkast-25-liter","status":"publish","type":"product","link":"https:\/\/coolvaria.com\/fr\/p\/cave-a-champagne-25-litres\/","title":{"rendered":"Cave \u00e0 champagne (25 litres)"},"content":{"rendered":"<h4 style=\"font-weight: 400; text-align: left;\">La cave \u00e0 champagne compact :<\/h4>\n<p style=\"font-weight: 400; text-align: left;\">Le champagne est un vin comme tout autre vin et doit donc \u00eatre conserv\u00e9 pour vieillir dans une cave \u00e0 vin ou dans un autre endroit privil\u00e9gi\u00e9. Si le champagne est bien conserv\u00e9, il vieillira parfaitement pour acqu\u00e9rir son beau go\u00fbt caract\u00e9ristique.<\/p>\n<p style=\"font-weight: 400; text-align: left;\">Celui-ci doit avoir lieu dans un endroit adapt\u00e9 et surtout \u00e0 une temp\u00e9rature adapt\u00e9e avant de pouvoir \u00eatre servi. Notre armoire climatique poss\u00e8de toutes ces caract\u00e9ristiques, vous pouvez donc conserver votre champagne en toute s\u00e9curit\u00e9 jusqu&#039;\u00e0 ce que vous souhaitiez le d\u00e9guster\/le servir.<\/p>\n<h5 style=\"font-weight: 400; text-align: left;\"><\/h5>\n<p style=\"text-align: left;\">Cette cave climatique \u00e0 champagne dispose d&#039;une zone de temp\u00e9rature r\u00e9glable entre 8 et 13\u00b0C.<\/p>\n<p>&nbsp;<\/p>\n<p style=\"text-align: left;\"><u>La meilleure temp\u00e9rature de conservation de toutes les bouteilles de champagne se situe entre 9 et 12\u00b0C.<\/u><\/p>\n<p>&nbsp;<\/p>\n<p style=\"text-align: left;\">La cave fonctionne sur 220 Volts - et la porte (double vitrage) est dot\u00e9e d'un \"rev\u00eatement miroir\" qui donne \u00e0 la cave un aspect luxueux et la lumi\u00e8re du jour n'affecte pas les bouteilles de champagne.<\/p>\n<p style=\"text-align: left;\">Ce mod\u00e8le est tr\u00e8s compact et peut \u00eatre plac\u00e9 n\u2019importe o\u00f9. Etant Plug &amp; Play, cette cave est \u00e9galement tr\u00e8s mobile et flexible (vous pouvez l'allumer d\u00e8s votre arriv\u00e9e).<\/p>\n<h4 style=\"text-align: left;\"><b>Configuration<\/b><\/h4>\n<p style=\"text-align: left;\">Ce mod\u00e8le a <b><u>2 clayettes<\/u><\/b> et vous pouvez m\u00eame placer vos coupes de champagne dans la cave pour les (pr\u00e9)refroidir ! .<\/p>\n<p>&nbsp;<\/p>\n<p style=\"text-align: left;\">Il n'y a pas deux bouteilles de champagne identiques, c'est pourquoi pour stocker plus de bouteilles de champagne, nous vous recommandons de retirer la clayette sup\u00e9rieure. Pour ce faire, vous devez ouvrir compl\u00e8tement la porte.<\/p>\n<h4 style=\"text-align: left;\"><b><u>Quelques Caract\u00e9ristiques :<\/u><\/b><\/h4>\n<table style=\"font-weight: 400; height: 520px;\" width=\"656\">\n<tbody>\n<tr>\n<td style=\"text-align: left;\" width=\"302\"><strong>Capacit\u00e9:<\/strong><\/td>\n<td style=\"text-align: left;\" width=\"302\">25 litres<\/td>\n<\/tr>\n<tr>\n<td style=\"text-align: left;\" width=\"302\"><strong>Dimensions (lxpxh) : \u00a0\u00a0\u00a0 <\/strong><\/td>\n<td style=\"text-align: left;\" width=\"302\">43x51x28cm<\/td>\n<\/tr>\n<tr>\n<td style=\"text-align: left;\" width=\"302\"><strong>Zone(s) de temp\u00e9rature<\/strong><\/td>\n<td style=\"text-align: left;\" width=\"302\">1<\/td>\n<\/tr>\n<tr>\n<td style=\"text-align: left;\" width=\"302\"><strong>\u00c9cart de temp\u00e9rature:\u00a0<\/strong><\/td>\n<td style=\"text-align: left;\" width=\"302\">8-15\u00b0C<\/td>\n<\/tr>\n<tr>\n<td style=\"text-align: left;\" width=\"302\"><strong>Nombre des clayettes :<\/strong><\/td>\n<td style=\"text-align: left;\" width=\"302\">2 pi\u00e8ces<\/td>\n<\/tr>\n<tr>\n<td style=\"text-align: left;\" width=\"302\"><strong>Tablettes amovibles :<\/strong><\/td>\n<td style=\"text-align: left;\" width=\"302\">Oui (2x)<\/td>\n<\/tr>\n<\/tbody>\n<\/table>\n<h6><\/h6>\n<h5 style=\"text-align: left;\">Voir pour <strong><u>tous<\/u> les caract\u00e9ristiques<\/strong> \u00a0-&gt; <b><u>Caract\u00e9ristiques<\/u><\/b> (en haut, juste \u00e0 c\u00f4t\u00e9 - droite - <b>Description<\/b>)<\/h5>\n<h3><\/h3>\n<h3><img decoding=\"async\" class=\"aligncenter wp-image-9915\" src=\"https:\/\/cdn.coolvaria.com\/wp-content\/uploads\/pts_champagne_1500_basis_light.png?strip=all&lossy=1&resize=640%2C566&ssl=1\" alt=\"\" width=\"640\" height=\"566\" srcset=\"https:\/\/cdn.coolvaria.com\/wp-content\/uploads\/pts_champagne_1500_basis_light.png?strip=all&amp;lossy=1&amp;ssl=1 872w, https:\/\/cdn.coolvaria.com\/wp-content\/uploads\/pts_champagne_1500_basis_light-433x383.png?strip=all&amp;lossy=1&amp;ssl=1 433w, https:\/\/cdn.coolvaria.com\/wp-content\/uploads\/pts_champagne_1500_basis_light-300x265.png?strip=all&amp;lossy=1&amp;ssl=1 300w, https:\/\/cdn.coolvaria.com\/wp-content\/uploads\/pts_champagne_1500_basis_light-768x679.png?strip=all&amp;lossy=1&amp;ssl=1 768w, https:\/\/cdn.coolvaria.com\/wp-content\/uploads\/pts_champagne_1500_basis_light-14x12.png?strip=all&amp;lossy=1&amp;ssl=1 14w, https:\/\/cdn.coolvaria.com\/wp-content\/uploads\/pts_champagne_1500_basis_light.png?strip=all&amp;lossy=1&amp;w=128&amp;ssl=1 128w, https:\/\/cdn.coolvaria.com\/wp-content\/uploads\/pts_champagne_1500_basis_light.png?strip=all&amp;lossy=1&amp;w=512&amp;ssl=1 512w, https:\/\/cdn.coolvaria.com\/wp-content\/uploads\/pts_champagne_1500_basis_light.png?strip=all&amp;lossy=1&amp;w=640&amp;ssl=1 640w\" sizes=\"(max-width: 640px) 100vw, 640px\" \/><\/h3>\n<h3 class=\"gt-block\" style=\"text-align: left;\"><strong>D&#039;autres mod\u00e8les disponibles ?<\/strong><\/h3>\n<p class=\"gt-block\" style=\"text-align: left;\"><a href=\"https:\/\/coolvaria.com\/fr\/p\/armoire-de-rangement-a-champagne-105-40\/?build=Ja&amp;type=Champagne&amp;volume=105&amp;zone=singlezone\">-Une cave climatique \u00e0 champagne de 105 litres (mod\u00e8le plus grand), cliquez sur le mod\u00e8le ci-dessous.<\/a><\/p>\n<p class=\"gt-block\" style=\"text-align: left;\"><a href=\"https:\/\/coolvaria.com\/fr\/p\/armoire-de-rangement-a-champagne-pt-s-275-120\/?build=Ja&amp;type=Champagne&amp;volume=275&amp;zone=singlezone\">-Une cave climatique \u00e0 champagne de 275 litres (mod\u00e8le plus grand), cliquez sur le mod\u00e8le ci-dessous.<\/a><\/p>\n<p class=\"gt-block\" style=\"text-align: left;\"><a href=\"https:\/\/coolvaria.com\/fr\/p\/armoire-de-rangement-a-champagne-pt-s-450-200\/?build=Ja&amp;type=Champagne&amp;volume=450&amp;zone=singlezone\">-Une cave climatique \u00e0 champagne de 450 litres (mod\u00e8le plus grand), cliquez sur le mod\u00e8le ci-dessous.<\/a><\/p>\n<p>\u00a0\u00a0<a href=\"https:\/\/coolvaria.com\/fr\/p\/armoire-de-rangement-a-champagne-105-40\/?build=Ja&amp;type=Champagne&amp;volume=105&amp;zone=singlezone\"><img decoding=\"async\" class=\"alignnone wp-image-9916\" src=\"https:\/\/cdn.coolvaria.com\/wp-content\/uploads\/pts_champagne_40_basis.webp?strip=all&lossy=1&resize=125%2C325&ssl=1\" alt=\"\" width=\"125\" height=\"325\" srcset=\"https:\/\/cdn.coolvaria.com\/wp-content\/uploads\/pts_champagne_40_basis.webp?strip=all&lossy=1&resize=125%2C325&ssl=1 125w, https:\/\/cdn.coolvaria.com\/wp-content\/uploads\/pts_champagne_40_basis.webp?strip=all&amp;lossy=1&amp;ssl=1 441w, https:\/\/cdn.coolvaria.com\/wp-content\/uploads\/pts_champagne_40_basis-433x1127.webp?strip=all&amp;lossy=1&amp;ssl=1 433w, https:\/\/cdn.coolvaria.com\/wp-content\/uploads\/pts_champagne_40_basis-115x300.webp?strip=all&amp;lossy=1&amp;ssl=1 115w, https:\/\/cdn.coolvaria.com\/wp-content\/uploads\/pts_champagne_40_basis-393x1024.webp?strip=all&amp;lossy=1&amp;ssl=1 393w, https:\/\/cdn.coolvaria.com\/wp-content\/uploads\/pts_champagne_40_basis-5x12.webp?strip=all&amp;lossy=1&amp;ssl=1 5w, https:\/\/cdn.coolvaria.com\/wp-content\/uploads\/pts_champagne_40_basis.webp?strip=all&amp;lossy=1&amp;w=256&amp;ssl=1 256w\" sizes=\"(max-width: 125px) 100vw, 125px\" \/>\u00a0\u00a0\u00a0 \u00a0\u00a0\u00a0 <\/a><a href=\"https:\/\/coolvaria.com\/fr\/p\/armoire-de-rangement-a-champagne-pt-s-275-120\/?build=Ja&amp;type=Champagne&amp;volume=275&amp;zone=singlezone\"><img decoding=\"async\" class=\"alignnone wp-image-9924\" src=\"https:\/\/cdn.coolvaria.com\/wp-content\/uploads\/pts_champagne_120_basis.png?strip=all&lossy=1&resize=125%2C325&ssl=1\" alt=\"\" width=\"125\" height=\"325\" srcset=\"https:\/\/cdn.coolvaria.com\/wp-content\/uploads\/pts_champagne_120_basis.png?strip=all&lossy=1&resize=125%2C325&ssl=1 125w, https:\/\/cdn.coolvaria.com\/wp-content\/uploads\/pts_champagne_120_basis.png?strip=all&amp;lossy=1&amp;ssl=1 441w, https:\/\/cdn.coolvaria.com\/wp-content\/uploads\/pts_champagne_120_basis-433x1127.png?strip=all&amp;lossy=1&amp;ssl=1 433w, https:\/\/cdn.coolvaria.com\/wp-content\/uploads\/pts_champagne_120_basis-115x300.png?strip=all&amp;lossy=1&amp;ssl=1 115w, https:\/\/cdn.coolvaria.com\/wp-content\/uploads\/pts_champagne_120_basis-393x1024.png?strip=all&amp;lossy=1&amp;ssl=1 393w, https:\/\/cdn.coolvaria.com\/wp-content\/uploads\/pts_champagne_120_basis-5x12.png?strip=all&amp;lossy=1&amp;ssl=1 5w, https:\/\/cdn.coolvaria.com\/wp-content\/uploads\/pts_champagne_120_basis.png?strip=all&amp;lossy=1&amp;w=256&amp;ssl=1 256w\" sizes=\"(max-width: 125px) 100vw, 125px\" \/>\u00a0 \u00a0 \u00a0<\/a><a href=\"https:\/\/coolvaria.com\/fr\/p\/armoire-de-rangement-a-champagne-pt-s-450-200\/?build=Ja&amp;type=Champagne&amp;volume=450&amp;zone=singlezone\"><img decoding=\"async\" class=\"alignnone wp-image-9925\" src=\"https:\/\/cdn.coolvaria.com\/wp-content\/uploads\/pts_champagne_200_basis.png?strip=all&lossy=1&resize=125%2C325&ssl=1\" alt=\"\" width=\"125\" height=\"325\" srcset=\"https:\/\/cdn.coolvaria.com\/wp-content\/uploads\/pts_champagne_200_basis.png?strip=all&lossy=1&resize=125%2C325&ssl=1 125w, https:\/\/cdn.coolvaria.com\/wp-content\/uploads\/pts_champagne_200_basis.png?strip=all&amp;lossy=1&amp;ssl=1 441w, https:\/\/cdn.coolvaria.com\/wp-content\/uploads\/pts_champagne_200_basis-433x1127.png?strip=all&amp;lossy=1&amp;ssl=1 433w, https:\/\/cdn.coolvaria.com\/wp-content\/uploads\/pts_champagne_200_basis-115x300.png?strip=all&amp;lossy=1&amp;ssl=1 115w, https:\/\/cdn.coolvaria.com\/wp-content\/uploads\/pts_champagne_200_basis-393x1024.png?strip=all&amp;lossy=1&amp;ssl=1 393w, https:\/\/cdn.coolvaria.com\/wp-content\/uploads\/pts_champagne_200_basis-5x12.png?strip=all&amp;lossy=1&amp;ssl=1 5w, https:\/\/cdn.coolvaria.com\/wp-content\/uploads\/pts_champagne_200_basis.png?strip=all&amp;lossy=1&amp;w=256&amp;ssl=1 256w\" sizes=\"(max-width: 125px) 100vw, 125px\" \/><\/a><\/p>\n<h3 class=\"gt-block\" style=\"text-align: left;\"><strong>Plus d&#039;informations (comment \u00e7a marche, pourquoi, cadeau) ?<\/strong><\/h3>\n<p style=\"text-align: left;\"><a href=\"https:\/\/coolvaria.com\/fr\/pourquoi-une-chambre-climatique-a-champagne\/\">-Pourquoi une enceinte climatique \u00e0 champagne et quelle temp\u00e9rature ? cliquer ici<\/a><\/p>\n<p style=\"text-align: left;\"><a href=\"https:\/\/coolvaria.com\/fr\/informations-complementaires-sur-les-chambres-climatiques-de-champagne\/\">-Pour une explication compl\u00e8te du fonctionnement de cette armoire climatique \u00e0 champagne compacte, cliquez ici<\/a><\/p>\n<p style=\"text-align: left;\"><em>-PS la cave n'est pas livr\u00e9e avec une facture, il est donc \u00e9galement parfait pour offrir en cadeau !<\/em>\u00a0!<\/p>\n<div class=\"elementor-element elementor-element-92b612e elementor-widget elementor-widget-heading\" data-id=\"92b612e\" data-element_type=\"widget\" data-widget_type=\"heading.default\" data-trid=\"668\">\n<div class=\"elementor-widget-container\" data-trid=\"669\">\n<h2 style=\"text-align: left;\" data-trid=\"670\"><\/h2>\n<h2 class=\"elementor-heading-title elementor-size-large\" style=\"text-align: left;\" data-trid=\"670\">Pouvons-nous vous aider dans votre choix ?<\/h2>\n<\/div>\n<\/div>\n<div class=\"elementor-element elementor-element-e9c05b1 elementor-widget elementor-widget-text-editor\" data-id=\"e9c05b1\" data-element_type=\"widget\" data-widget_type=\"text-editor.default\" data-trid=\"671\">\n<div class=\"elementor-widget-container\" data-trid=\"672\">\n<p style=\"text-align: left;\" data-trid=\"673\"><b>Appelez-nous au +31 (30)25 111 91 ou remplissez le formulaire de contact.<\/b><\/p>\n<p style=\"text-align: left;\" data-trid=\"673\">Plus de 40 restaurants \u00e9toil\u00e9s Michelin, bars, traiteurs, cavistes, magasins d&#039;alcool, industriels, gouvernements, repr\u00e9sentations diplomatiques et consulaires, universit\u00e9s et bien s\u00fbr consommateurs vous ont pr\u00e9c\u00e9d\u00e9 (<a href=\"https:\/\/coolvaria.com\/fr\/a-propos-de-nous\/\" data-trid=\"678\">cliquez ici pour les r\u00e9f\u00e9rences<\/a>).<\/p>\n<\/div>\n<\/div>\n<h4 style=\"text-align: center;\"><\/h4>\n<p>&nbsp;<\/p>\n<h4 style=\"text-align: center;\"><b>Formulaire de contact<\/b><\/h4>\n<p style=\"text-align: left;\"><div class=\"forminator-ui forminator-custom-form forminator-custom-form-7542 forminator-design--default  forminator_ajax\" data-forminator-render=\"0\" data-form=\"forminator-module-7542\" data-uid=\"69dea1af2a949\"><br\/><\/div><form\n\t\t\t\tid=\"forminator-module-7542\"\n\t\t\t\tclass=\"forminator-ui forminator-custom-form forminator-custom-form-7542 forminator-design--default  forminator_ajax\"\n\t\t\t\tmethod=\"post\"\n\t\t\t\tdata-forminator-render=\"0\"\n\t\t\t\tdata-form-id=\"7542\"\n\t\t\t\t\n\t\t\t\tdata-design=\"default\"\n\t\t\t\t\n\t\t\t\t\n\t\t\t\t\n\t\t\t\tdata-grid=\"open\"\n\t\t\t\t\n\t\t\t\t\n\t\t\t\tstyle=\"display: none;\"\n\t\t\t\t\n\t\t\t\tdata-uid=\"69dea1af2a949\" action=\"\"\n\t\t\t><div role=\"alert\" aria-live=\"polite\" class=\"forminator-response-message forminator-error\" aria-hidden=\"true\"><\/div><div class=\"forminator-row\"><input type=\"hidden\" id=\"hidden-2_69dea1af2a949\" name=\"hidden-2\" value=\"Champagne-bewaarkast (25 liter)\" \/><input type=\"hidden\" id=\"hidden-1_69dea1af2a949\" name=\"hidden-1\" value=\"https:\/\/coolvaria.com\/fr\/p\/cave-a-champagne-25-litres\/\" \/><\/div><div class=\"forminator-row\"><div id=\"name-1\" class=\"forminator-field-name forminator-col forminator-col-12\"><div class=\"forminator-row forminator-no-margin\" data-multiple=\"true\"><div class=\"forminator-col forminator-col-md-6\"><div class=\"forminator-field\"><label for=\"forminator-field-first-name-1_69dea1af2a949\" class=\"forminator-label\" id=\"forminator-field-first-name-1_69dea1af2a949-label\">Pr\u00e9nom <span class=\"forminator-required\">*<\/span><\/label><input type=\"text\" name=\"name-1-first-name\" placeholder=\"\" id=\"forminator-field-first-name-1_69dea1af2a949\" class=\"forminator-input\" aria-required=\"true\" data-multi=\"1\" value=\"\" \/><\/div><\/div><div class=\"forminator-col forminator-col-md-6\"><div class=\"forminator-field\"><label for=\"forminator-field-last-name-1_69dea1af2a949\" class=\"forminator-label\" id=\"forminator-field-last-name-1_69dea1af2a949-label\">nom de famille <span class=\"forminator-required\">*<\/span><\/label><input type=\"text\" name=\"name-1-last-name\" placeholder=\"\" id=\"forminator-field-last-name-1_69dea1af2a949\" class=\"forminator-input\" aria-required=\"true\" data-multi=\"1\" value=\"\" \/><\/div><\/div><\/div><\/div><\/div><div class=\"forminator-row\"><div id=\"text-1\" class=\"forminator-field-text forminator-col forminator-col-12\"><div class=\"forminator-field\"><label for=\"forminator-field-text-1_69dea1af2a949\" class=\"forminator-label\" id=\"forminator-field-text-1_69dea1af2a949-label\">Nom de l&#039;entreprise<\/label><input type=\"text\" name=\"text-1\" value=\"\" placeholder=\"le cas \u00e9ch\u00e9ant\" id=\"forminator-field-text-1_69dea1af2a949\" class=\"forminator-input forminator-name--field\" data-required=\"\" \/><\/div><\/div><\/div><div class=\"forminator-row\"><div id=\"email-1\" class=\"forminator-field-email forminator-col forminator-col-12\"><div class=\"forminator-field\"><label for=\"forminator-field-email-1_69dea1af2a949\" class=\"forminator-label\" id=\"forminator-field-email-1_69dea1af2a949-label\">Adresse e-mail <span class=\"forminator-required\">*<\/span><\/label><input type=\"email\" name=\"email-1\" value=\"\" placeholder=\"\" id=\"forminator-field-email-1_69dea1af2a949\" class=\"forminator-input forminator-email--field\" data-required=\"true\" aria-required=\"true\" \/><\/div><\/div><\/div><div class=\"forminator-row\"><div id=\"phone-1\" class=\"forminator-field-phone forminator-col forminator-col-12\"><div class=\"forminator-field\"><label for=\"forminator-field-phone-1_69dea1af2a949\" class=\"forminator-label\" id=\"forminator-field-phone-1_69dea1af2a949-label\">num\u00e9ro de t\u00e9l\u00e9phone<\/label><input type=\"text\" name=\"phone-1\" value=\"\" placeholder=\"\" id=\"forminator-field-phone-1_69dea1af2a949\" class=\"forminator-input forminator-field--phone\" data-required=\"\" aria-required=\"false\" autocomplete=\"off\" data-validation=\"1\" \/><\/div><\/div><\/div><div class=\"forminator-row\"><div id=\"checkbox-1\" class=\"forminator-field-checkbox forminator-col forminator-col-12\"><div role=\"group\" class=\"forminator-field\" aria-labelledby=\"forminator-checkbox-group-69dea1af2a949-label\"><h4 id=\"forminator-checkbox-group-69dea1af2a949-label\" class=\"forminator-label\">Je veux:<\/h4><label id=\"forminator-field-checkbox-1-1-69dea1af2a949-label\" for=\"forminator-field-checkbox-1-1-69dea1af2a949\" class=\"forminator-checkbox\" title=\"demander un devis:\"><input type=\"checkbox\" name=\"checkbox-1[]\" value=\"service-1\" id=\"forminator-field-checkbox-1-1-69dea1af2a949\" aria-labelledby=\"forminator-field-checkbox-1-1-69dea1af2a949-label\" data-calculation=\"0\"   aria-describedby=\"forminator-field-checkbox-1-69dea1af2a949-description\"\/><span class=\"forminator-checkbox-box\" aria-hidden=\"true\"><\/span><span class=\"forminator-checkbox-label\">demander un devis:<\/span><\/label><label id=\"forminator-field-checkbox-1-2-69dea1af2a949-label\" for=\"forminator-field-checkbox-1-2-69dea1af2a949\" class=\"forminator-checkbox\" title=\"demandez quelque chose sur la TVA (pour les entreprises)\u00a0:\"><input type=\"checkbox\" name=\"checkbox-1[]\" value=\"service-2\" id=\"forminator-field-checkbox-1-2-69dea1af2a949\" aria-labelledby=\"forminator-field-checkbox-1-2-69dea1af2a949-label\" data-calculation=\"0\"   aria-describedby=\"forminator-field-checkbox-1-69dea1af2a949-description\"\/><span class=\"forminator-checkbox-box\" aria-hidden=\"true\"><\/span><span class=\"forminator-checkbox-label\">demandez quelque chose sur la TVA (pour les entreprises)\u00a0:<\/span><\/label><label id=\"forminator-field-checkbox-1-3-69dea1af2a949-label\" for=\"forminator-field-checkbox-1-3-69dea1af2a949\" class=\"forminator-checkbox\" title=\"prendre rendez-vous pour une visite\u00a0:\"><input type=\"checkbox\" name=\"checkbox-1[]\" value=\"Ik-wil-een-bezichtigingsafspraak-maken\" id=\"forminator-field-checkbox-1-3-69dea1af2a949\" aria-labelledby=\"forminator-field-checkbox-1-3-69dea1af2a949-label\" data-calculation=\"0\"   aria-describedby=\"forminator-field-checkbox-1-69dea1af2a949-description\"\/><span class=\"forminator-checkbox-box\" aria-hidden=\"true\"><\/span><span class=\"forminator-checkbox-label\">prendre rendez-vous pour une visite\u00a0:<\/span><\/label><label id=\"forminator-field-checkbox-1-4-69dea1af2a949-label\" for=\"forminator-field-checkbox-1-4-69dea1af2a949\" class=\"forminator-checkbox\" title=\"questions sur la disponibilit\u00e9 (stock) :\"><input type=\"checkbox\" name=\"checkbox-1[]\" value=\"iets-vragen-over-de-beschikbaarheid\" id=\"forminator-field-checkbox-1-4-69dea1af2a949\" aria-labelledby=\"forminator-field-checkbox-1-4-69dea1af2a949-label\" data-calculation=\"0\"   aria-describedby=\"forminator-field-checkbox-1-69dea1af2a949-description\"\/><span class=\"forminator-checkbox-box\" aria-hidden=\"true\"><\/span><span class=\"forminator-checkbox-label\">questions sur la disponibilit\u00e9 (stock) :<\/span><\/label><label id=\"forminator-field-checkbox-1-5-69dea1af2a949-label\" for=\"forminator-field-checkbox-1-5-69dea1af2a949\" class=\"forminator-checkbox\" title=\"Puis-je \u00eatre tenu inform\u00e9 des nouveaux stocks ?\"><input type=\"checkbox\" name=\"checkbox-1[]\" value=\"Kan ik op de hoogte gehouden worden over nieuwe voorraad\" id=\"forminator-field-checkbox-1-5-69dea1af2a949\" aria-labelledby=\"forminator-field-checkbox-1-5-69dea1af2a949-label\" data-calculation=\"0\"   aria-describedby=\"forminator-field-checkbox-1-69dea1af2a949-description\"\/><span class=\"forminator-checkbox-box\" aria-hidden=\"true\"><\/span><span class=\"forminator-checkbox-label\">Puis-je \u00eatre tenu inform\u00e9 des nouveaux stocks ?<\/span><\/label><label id=\"forminator-field-checkbox-1-6-69dea1af2a949-label\" for=\"forminator-field-checkbox-1-6-69dea1af2a949\" class=\"forminator-checkbox\" title=\"demande autre chose :\"><input type=\"checkbox\" name=\"checkbox-1[]\" value=\"Anders\" id=\"forminator-field-checkbox-1-6-69dea1af2a949\" aria-labelledby=\"forminator-field-checkbox-1-6-69dea1af2a949-label\" data-calculation=\"0\"   aria-describedby=\"forminator-field-checkbox-1-69dea1af2a949-description\"\/><span class=\"forminator-checkbox-box\" aria-hidden=\"true\"><\/span><span class=\"forminator-checkbox-label\">demande autre chose :<\/span><\/label><\/div><\/div><\/div><div class=\"forminator-row\"><div id=\"textarea-1\" class=\"forminator-field-textarea forminator-col forminator-col-12\"><div class=\"forminator-field\"><label for=\"forminator-field-textarea-1_69dea1af2a949\" id=\"forminator-field-textarea-1_69dea1af2a949-label\" class=\"forminator-label\">Message<\/label><textarea name=\"textarea-1\" placeholder=\"\" id=\"forminator-field-textarea-1_69dea1af2a949\" class=\"forminator-textarea\" rows=\"6\" style=\"min-height:140px;\" maxlength=\"180\" ><\/textarea><span id=\"forminator-field-textarea-1_69dea1af2a949-description\" class=\"forminator-description\"><span data-limit=\"180\" data-type=\"characters\">0 \/ 180<\/span><\/span><\/div><\/div><\/div><input type=\"hidden\" name=\"referer_url\" value=\"\" \/><div class=\"forminator-row forminator-row-last\"><div class=\"forminator-col\"><div class=\"forminator-field\"><button class=\"forminator-button forminator-button-submit\">Envoyez<\/button><\/div><\/div><\/div><input type=\"hidden\" id=\"forminator_nonce\" name=\"forminator_nonce\" value=\"072a3e315d\" \/><input type=\"hidden\" name=\"_wp_http_referer\" value=\"\/fr\/wp-json\/wp\/v2\/product\/2981\" \/><input type=\"hidden\" name=\"form_id\" value=\"7542\"><input type=\"hidden\" name=\"page_id\" value=\"2981\"><input type=\"hidden\" name=\"form_type\" value=\"default\"><input type=\"hidden\" name=\"current_url\" value=\"https:\/\/coolvaria.com\/fr\/p\/cave-a-champagne-25-litres\/\"><input type=\"hidden\" name=\"render_id\" value=\"0\"><input type=\"hidden\" name=\"action\" value=\"forminator_submit_form_custom-forms\"><input type=\"hidden\" name=\"trp-form-language\" value=\"fr\"\/><\/form><\/p>\n<p>&nbsp;<\/p>","protected":false},"excerpt":{"rendered":"<p>Pour vos bulles, des verres (pour les faire refroidir \u00e0 l&#039;avance) ! \u00c9galement portable.<\/p>\n<p>&nbsp;<\/p>\n<p>&nbsp;<\/p>","protected":false},"featured_media":2938,"template":"","meta":{"_sitemap_exclude":false,"_sitemap_priority":"","_sitemap_frequency":""},"product_cat":[63],"product_tag":[],"class_list":["post-2981","product","type-product","status-publish","has-post-thumbnail","hentry","product_cat-champagne","product_shipping_class-free-shipping","pa_extra-plateaus-mogelijk-nee-niet-mogelijk","pa_omgevingstemperatuur-koelt-max-15-c-graden-t-o-v-omgevingstemperatuur","pa_temperature-een-temperatuurzone","pa_temperatuurbereik-8-13c","pa_volume-25-liter","layout-style-2","col-md-4 col-sm-4 col-xs-6","product-has-gallery","product-style-addtocart"],"_links":{"self":[{"href":"https:\/\/coolvaria.com\/fr\/wp-json\/wp\/v2\/product\/2981","targetHints":{"allow":["GET"]}}],"collection":[{"href":"https:\/\/coolvaria.com\/fr\/wp-json\/wp\/v2\/product"}],"about":[{"href":"https:\/\/coolvaria.com\/fr\/wp-json\/wp\/v2\/types\/product"}],"wp:featuredmedia":[{"embeddable":true,"href":"https:\/\/coolvaria.com\/fr\/wp-json\/wp\/v2\/media\/2938"}],"wp:attachment":[{"href":"https:\/\/coolvaria.com\/fr\/wp-json\/wp\/v2\/media?parent=2981"}],"wp:term":[{"taxonomy":"product_cat","embeddable":true,"href":"https:\/\/coolvaria.com\/fr\/wp-json\/wp\/v2\/product_cat?post=2981"},{"taxonomy":"product_tag","embeddable":true,"href":"https:\/\/coolvaria.com\/fr\/wp-json\/wp\/v2\/product_tag?post=2981"}],"curies":[{"name":"wp","href":"https:\/\/api.w.org\/{rel}","templated":true}]}}