{"id":2980,"date":"2022-01-31T12:39:17","date_gmt":"2022-01-31T12:39:17","guid":{"rendered":"\/?post_type=product&#038;p=2980"},"modified":"2025-10-09T15:07:33","modified_gmt":"2025-10-09T13:07:33","slug":"kruiden-klimaatkast","status":"publish","type":"product","link":"https:\/\/coolvaria.com\/fr\/p\/cave-aux-epices\/","title":{"rendered":"Cave pour herbes aromatiques (25 litres)"},"content":{"rendered":"<p style=\"font-weight: 400; text-align: left;\"><u><strong>Herbes, \u00e9pices<\/strong> doit \u00eatre conserv\u00e9 dans un endroit frais, sec et sombre.<\/u>\u00a0 La chaleur, la lumi\u00e8re et l&#039;humidit\u00e9 peuvent entra\u00eener une r\u00e9duction de la qualit\u00e9 des herbes ou des \u00e9pices, l&#039;humidit\u00e9 peut \u00e9galement provoquer la formation de grumeaux et de moisissures. La chaleur et la lumi\u00e8re sont mauvaises pour la qualit\u00e9, car les herbes ou les \u00e9pices se dess\u00e8chent et perdent leur odeur, leur couleur et leur go\u00fbt.<\/p>\n<p>&nbsp;<\/p>\n<p style=\"text-align: left;\">Cette armoire climatique dispose d&#039;une zone de temp\u00e9rature r\u00e9glable dans une plage comprise entre 08 et 18 \u00b0C.<\/p>\n<p style=\"font-weight: 400; text-align: left;\">Une bonne temp\u00e9rature \u00ab constante \u00bb pour les herbes se situe entre 12 et 18\u00b0 C.<\/p>\n<p style=\"font-weight: 400; text-align: left;\">Mais cette armoire climatique convient \u00e9galement au stockage <strong>des cressons !<\/strong> Conservez le cresson \u00e0 basse temp\u00e9rature. Les cressons avec un milieu nutritif (humide) peuvent alors se conserver environ une semaine !<\/p>\n<p>&nbsp;<\/p>\n<p style=\"text-align: left;\">L&#039;armoire fonctionne sur 220 volts - et la porte (double vitrage) a un rev\u00eatement sombre qui donne \u00e0 l&#039;armoire un aspect luxueux et la lumi\u00e8re du jour n&#039;affecte pas les herbes et\/ou \u00e9pices qui y sont stock\u00e9es.<\/p>\n<h4 style=\"text-align: left;\"><b>Configuration<\/b><\/h4>\n<p style=\"text-align: left;\">Ce mod\u00e8le poss\u00e8de 2 clayettes et vous pouvez m\u00eame les retirer. Pour ce faire, vous devez ouvrir compl\u00e8tement la porte.<\/p>\n<h4 style=\"text-align: left;\"><b><u>Quelques Caract\u00e9ristiques :<\/u><\/b><\/h4>\n<table style=\"font-weight: 400; height: 520px;\" width=\"656\">\n<tbody>\n<tr>\n<td style=\"text-align: left;\" width=\"302\"><strong>Capacit\u00e9:<\/strong><\/td>\n<td style=\"text-align: left;\" width=\"302\">25 litres<\/td>\n<\/tr>\n<tr>\n<td style=\"text-align: left;\" width=\"302\"><strong>Dimensions (lxpxh) : \u00a0\u00a0\u00a0 <\/strong><\/td>\n<td style=\"text-align: left;\" width=\"302\">43x51x28cm<\/td>\n<\/tr>\n<tr>\n<td style=\"text-align: left;\" width=\"302\"><strong>Zone(s) de temp\u00e9rature<\/strong><\/td>\n<td style=\"text-align: left;\" width=\"302\">1<\/td>\n<\/tr>\n<tr>\n<td style=\"text-align: left;\" width=\"302\"><strong>\u00c9cart de temp\u00e9rature:\u00a0<\/strong><\/td>\n<td style=\"text-align: left;\" width=\"302\">8-18\u00b0C<\/td>\n<\/tr>\n<tr>\n<td style=\"text-align: left;\" width=\"302\"><strong>Nombre des clayettes :<\/strong><\/td>\n<td style=\"text-align: left;\" width=\"302\">2 pi\u00e8ces<\/td>\n<\/tr>\n<tr>\n<td style=\"text-align: left;\" width=\"302\"><strong>Tablettes amovibles :<\/strong><\/td>\n<td style=\"text-align: left;\" width=\"302\">Oui (2x)<\/td>\n<\/tr>\n<\/tbody>\n<\/table>\n<h6><\/h6>\n<h5 style=\"text-align: left;\">Voir pour <strong><u>tous<\/u> les caract\u00e9ristiques<\/strong> \u00a0-&gt; <b><u>Caract\u00e9ristiques<\/u><\/b> (en haut, juste \u00e0 c\u00f4t\u00e9 - droite - <b>Description<\/b>)<\/h5>\n<h3><img decoding=\"async\" class=\"aligncenter wp-image-9917\" src=\"https:\/\/cdn.coolvaria.com\/wp-content\/uploads\/pts_kruiden_1500_basis_light.png?strip=all&lossy=1&resize=640%2C566&ssl=1\" alt=\"\" width=\"640\" height=\"566\" srcset=\"https:\/\/cdn.coolvaria.com\/wp-content\/uploads\/pts_kruiden_1500_basis_light.png?strip=all&amp;lossy=1&amp;ssl=1 872w, https:\/\/cdn.coolvaria.com\/wp-content\/uploads\/pts_kruiden_1500_basis_light-433x383.png?strip=all&amp;lossy=1&amp;ssl=1 433w, https:\/\/cdn.coolvaria.com\/wp-content\/uploads\/pts_kruiden_1500_basis_light-300x265.png?strip=all&amp;lossy=1&amp;ssl=1 300w, https:\/\/cdn.coolvaria.com\/wp-content\/uploads\/pts_kruiden_1500_basis_light-768x679.png?strip=all&amp;lossy=1&amp;ssl=1 768w, https:\/\/cdn.coolvaria.com\/wp-content\/uploads\/pts_kruiden_1500_basis_light-14x12.png?strip=all&amp;lossy=1&amp;ssl=1 14w, https:\/\/cdn.coolvaria.com\/wp-content\/uploads\/pts_kruiden_1500_basis_light.png?strip=all&amp;lossy=1&amp;w=128&amp;ssl=1 128w, https:\/\/cdn.coolvaria.com\/wp-content\/uploads\/pts_kruiden_1500_basis_light.png?strip=all&amp;lossy=1&amp;w=512&amp;ssl=1 512w, https:\/\/cdn.coolvaria.com\/wp-content\/uploads\/pts_kruiden_1500_basis_light.png?strip=all&amp;lossy=1&amp;w=640&amp;ssl=1 640w\" sizes=\"(max-width: 640px) 100vw, 640px\" \/><\/h3>\n<h3 class=\"gt-block\" style=\"text-align: left;\"><strong>Plus d&#039;informations (comment \u00e7a marche, pourquoi, cadeau) ?<\/strong><\/h3>\n<p style=\"text-align: left;\"><a href=\"https:\/\/coolvaria.com\/fr\/pourquoi-une-armoire-climatique-pour-herbes-aromatiques\/\">-Pourquoi une chambre climatique pour herbes aromatiques et \u00e0 quelle temp\u00e9rature ? cliquer ici<\/a><\/p>\n<p style=\"text-align: left;\"><a href=\"https:\/\/coolvaria.com\/fr\/fonctionnement-du-petit-refroidisseur-dherbes\/\">-Pour une explication compl\u00e8te du fonctionnement de cette armoire climatique compacte pour herbes aromatiques, cliquez ici<\/a><\/p>\n<p style=\"text-align: left;\">-Mod\u00e8les plus grands disponibles, renseignez-vous sur les options via le formulaire ci-dessous<\/p>\n<p style=\"text-align: left;\"><em>-PS la cave n'est pas livr\u00e9e avec une facture, il est donc \u00e9galement parfait pour offrir en cadeau !<\/em>\u00a0!<\/p>\n<div class=\"elementor-element elementor-element-92b612e elementor-widget elementor-widget-heading\" data-id=\"92b612e\" data-element_type=\"widget\" data-widget_type=\"heading.default\" data-trid=\"668\">\n<div class=\"elementor-widget-container\" data-trid=\"669\">\n<h2 style=\"text-align: left;\" data-trid=\"670\"><\/h2>\n<h2 class=\"elementor-heading-title elementor-size-large\" style=\"text-align: left;\" data-trid=\"670\">Pouvons-nous vous aider dans votre choix ?<\/h2>\n<\/div>\n<\/div>\n<div class=\"elementor-element elementor-element-e9c05b1 elementor-widget elementor-widget-text-editor\" data-id=\"e9c05b1\" data-element_type=\"widget\" data-widget_type=\"text-editor.default\" data-trid=\"671\">\n<div class=\"elementor-widget-container\" data-trid=\"672\">\n<p style=\"text-align: left;\" data-trid=\"673\"><b>Appelez-nous au +31 (30)25 111 91 ou remplissez le formulaire de contact.<\/b><\/p>\n<p style=\"text-align: left;\" data-trid=\"673\">Plus de 40 restaurants \u00e9toil\u00e9s Michelin, bars, traiteurs, cavistes, magasins d&#039;alcool, industriels, gouvernements, repr\u00e9sentations diplomatiques et consulaires, universit\u00e9s et bien s\u00fbr consommateurs vous ont pr\u00e9c\u00e9d\u00e9 (<a href=\"https:\/\/coolvaria.com\/fr\/a-propos-de-nous\/\" data-trid=\"678\">cliquez ici pour les r\u00e9f\u00e9rences<\/a>).<\/p>\n<\/div>\n<\/div>\n<h4 style=\"text-align: center;\"><\/h4>\n<p>&nbsp;<\/p>\n<h4 style=\"text-align: center;\"><b>Formulaire de contact<\/b><\/h4>\n<p style=\"text-align: left;\"><div class=\"forminator-ui forminator-custom-form forminator-custom-form-7542 forminator-design--default  forminator_ajax\" data-forminator-render=\"0\" data-form=\"forminator-module-7542\" data-uid=\"69da2dde2f598\"><br\/><\/div><form\n\t\t\t\tid=\"forminator-module-7542\"\n\t\t\t\tclass=\"forminator-ui forminator-custom-form forminator-custom-form-7542 forminator-design--default  forminator_ajax\"\n\t\t\t\tmethod=\"post\"\n\t\t\t\tdata-forminator-render=\"0\"\n\t\t\t\tdata-form-id=\"7542\"\n\t\t\t\t\n\t\t\t\tdata-design=\"default\"\n\t\t\t\t\n\t\t\t\t\n\t\t\t\t\n\t\t\t\tdata-grid=\"open\"\n\t\t\t\t\n\t\t\t\t\n\t\t\t\tstyle=\"display: none;\"\n\t\t\t\t\n\t\t\t\tdata-uid=\"69da2dde2f598\" action=\"\"\n\t\t\t><div role=\"alert\" aria-live=\"polite\" class=\"forminator-response-message forminator-error\" aria-hidden=\"true\"><\/div><div class=\"forminator-row\"><input type=\"hidden\" id=\"hidden-2_69da2dde2f598\" name=\"hidden-2\" value=\"Kruiden klimaatkast (25 liter)\" \/><input type=\"hidden\" id=\"hidden-1_69da2dde2f598\" name=\"hidden-1\" value=\"https:\/\/coolvaria.com\/fr\/p\/cave-aux-epices\/\" \/><\/div><div class=\"forminator-row\"><div id=\"name-1\" class=\"forminator-field-name forminator-col forminator-col-12\"><div class=\"forminator-row forminator-no-margin\" data-multiple=\"true\"><div class=\"forminator-col forminator-col-md-6\"><div class=\"forminator-field\"><label for=\"forminator-field-first-name-1_69da2dde2f598\" class=\"forminator-label\" id=\"forminator-field-first-name-1_69da2dde2f598-label\">Pr\u00e9nom <span class=\"forminator-required\">*<\/span><\/label><input type=\"text\" name=\"name-1-first-name\" placeholder=\"\" id=\"forminator-field-first-name-1_69da2dde2f598\" class=\"forminator-input\" aria-required=\"true\" data-multi=\"1\" value=\"\" \/><\/div><\/div><div class=\"forminator-col forminator-col-md-6\"><div class=\"forminator-field\"><label for=\"forminator-field-last-name-1_69da2dde2f598\" class=\"forminator-label\" id=\"forminator-field-last-name-1_69da2dde2f598-label\">nom de famille <span class=\"forminator-required\">*<\/span><\/label><input type=\"text\" name=\"name-1-last-name\" placeholder=\"\" id=\"forminator-field-last-name-1_69da2dde2f598\" class=\"forminator-input\" aria-required=\"true\" data-multi=\"1\" value=\"\" \/><\/div><\/div><\/div><\/div><\/div><div class=\"forminator-row\"><div id=\"text-1\" class=\"forminator-field-text forminator-col forminator-col-12\"><div class=\"forminator-field\"><label for=\"forminator-field-text-1_69da2dde2f598\" class=\"forminator-label\" id=\"forminator-field-text-1_69da2dde2f598-label\">Nom de l&#039;entreprise<\/label><input type=\"text\" name=\"text-1\" value=\"\" placeholder=\"le cas \u00e9ch\u00e9ant\" id=\"forminator-field-text-1_69da2dde2f598\" class=\"forminator-input forminator-name--field\" data-required=\"\" \/><\/div><\/div><\/div><div class=\"forminator-row\"><div id=\"email-1\" class=\"forminator-field-email forminator-col forminator-col-12\"><div class=\"forminator-field\"><label for=\"forminator-field-email-1_69da2dde2f598\" class=\"forminator-label\" id=\"forminator-field-email-1_69da2dde2f598-label\">Adresse e-mail <span class=\"forminator-required\">*<\/span><\/label><input type=\"email\" name=\"email-1\" value=\"\" placeholder=\"\" id=\"forminator-field-email-1_69da2dde2f598\" class=\"forminator-input forminator-email--field\" data-required=\"true\" aria-required=\"true\" \/><\/div><\/div><\/div><div class=\"forminator-row\"><div id=\"phone-1\" class=\"forminator-field-phone forminator-col forminator-col-12\"><div class=\"forminator-field\"><label for=\"forminator-field-phone-1_69da2dde2f598\" class=\"forminator-label\" id=\"forminator-field-phone-1_69da2dde2f598-label\">num\u00e9ro de t\u00e9l\u00e9phone<\/label><input type=\"text\" name=\"phone-1\" value=\"\" placeholder=\"\" id=\"forminator-field-phone-1_69da2dde2f598\" class=\"forminator-input forminator-field--phone\" data-required=\"\" aria-required=\"false\" autocomplete=\"off\" data-validation=\"1\" \/><\/div><\/div><\/div><div class=\"forminator-row\"><div id=\"checkbox-1\" class=\"forminator-field-checkbox forminator-col forminator-col-12\"><div role=\"group\" class=\"forminator-field\" aria-labelledby=\"forminator-checkbox-group-69da2dde2f598-label\"><h4 id=\"forminator-checkbox-group-69da2dde2f598-label\" class=\"forminator-label\">Je veux:<\/h4><label id=\"forminator-field-checkbox-1-1-69da2dde2f598-label\" for=\"forminator-field-checkbox-1-1-69da2dde2f598\" class=\"forminator-checkbox\" title=\"demander un devis:\"><input type=\"checkbox\" name=\"checkbox-1[]\" value=\"service-1\" id=\"forminator-field-checkbox-1-1-69da2dde2f598\" aria-labelledby=\"forminator-field-checkbox-1-1-69da2dde2f598-label\" data-calculation=\"0\"   aria-describedby=\"forminator-field-checkbox-1-69da2dde2f598-description\"\/><span class=\"forminator-checkbox-box\" aria-hidden=\"true\"><\/span><span class=\"forminator-checkbox-label\">demander un devis:<\/span><\/label><label id=\"forminator-field-checkbox-1-2-69da2dde2f598-label\" for=\"forminator-field-checkbox-1-2-69da2dde2f598\" class=\"forminator-checkbox\" title=\"demandez quelque chose sur la TVA (pour les entreprises)\u00a0:\"><input type=\"checkbox\" name=\"checkbox-1[]\" value=\"service-2\" id=\"forminator-field-checkbox-1-2-69da2dde2f598\" aria-labelledby=\"forminator-field-checkbox-1-2-69da2dde2f598-label\" data-calculation=\"0\"   aria-describedby=\"forminator-field-checkbox-1-69da2dde2f598-description\"\/><span class=\"forminator-checkbox-box\" aria-hidden=\"true\"><\/span><span class=\"forminator-checkbox-label\">demandez quelque chose sur la TVA (pour les entreprises)\u00a0:<\/span><\/label><label id=\"forminator-field-checkbox-1-3-69da2dde2f598-label\" for=\"forminator-field-checkbox-1-3-69da2dde2f598\" class=\"forminator-checkbox\" title=\"prendre rendez-vous pour une visite\u00a0:\"><input type=\"checkbox\" name=\"checkbox-1[]\" value=\"Ik-wil-een-bezichtigingsafspraak-maken\" id=\"forminator-field-checkbox-1-3-69da2dde2f598\" aria-labelledby=\"forminator-field-checkbox-1-3-69da2dde2f598-label\" data-calculation=\"0\"   aria-describedby=\"forminator-field-checkbox-1-69da2dde2f598-description\"\/><span class=\"forminator-checkbox-box\" aria-hidden=\"true\"><\/span><span class=\"forminator-checkbox-label\">prendre rendez-vous pour une visite\u00a0:<\/span><\/label><label id=\"forminator-field-checkbox-1-4-69da2dde2f598-label\" for=\"forminator-field-checkbox-1-4-69da2dde2f598\" class=\"forminator-checkbox\" title=\"questions sur la disponibilit\u00e9 (stock) :\"><input type=\"checkbox\" name=\"checkbox-1[]\" value=\"iets-vragen-over-de-beschikbaarheid\" id=\"forminator-field-checkbox-1-4-69da2dde2f598\" aria-labelledby=\"forminator-field-checkbox-1-4-69da2dde2f598-label\" data-calculation=\"0\"   aria-describedby=\"forminator-field-checkbox-1-69da2dde2f598-description\"\/><span class=\"forminator-checkbox-box\" aria-hidden=\"true\"><\/span><span class=\"forminator-checkbox-label\">questions sur la disponibilit\u00e9 (stock) :<\/span><\/label><label id=\"forminator-field-checkbox-1-5-69da2dde2f598-label\" for=\"forminator-field-checkbox-1-5-69da2dde2f598\" class=\"forminator-checkbox\" title=\"Puis-je \u00eatre tenu inform\u00e9 des nouveaux stocks ?\"><input type=\"checkbox\" name=\"checkbox-1[]\" value=\"Kan ik op de hoogte gehouden worden over nieuwe voorraad\" id=\"forminator-field-checkbox-1-5-69da2dde2f598\" aria-labelledby=\"forminator-field-checkbox-1-5-69da2dde2f598-label\" data-calculation=\"0\"   aria-describedby=\"forminator-field-checkbox-1-69da2dde2f598-description\"\/><span class=\"forminator-checkbox-box\" aria-hidden=\"true\"><\/span><span class=\"forminator-checkbox-label\">Puis-je \u00eatre tenu inform\u00e9 des nouveaux stocks ?<\/span><\/label><label id=\"forminator-field-checkbox-1-6-69da2dde2f598-label\" for=\"forminator-field-checkbox-1-6-69da2dde2f598\" class=\"forminator-checkbox\" title=\"demande autre chose :\"><input type=\"checkbox\" name=\"checkbox-1[]\" value=\"Anders\" id=\"forminator-field-checkbox-1-6-69da2dde2f598\" aria-labelledby=\"forminator-field-checkbox-1-6-69da2dde2f598-label\" data-calculation=\"0\"   aria-describedby=\"forminator-field-checkbox-1-69da2dde2f598-description\"\/><span class=\"forminator-checkbox-box\" aria-hidden=\"true\"><\/span><span class=\"forminator-checkbox-label\">demande autre chose :<\/span><\/label><\/div><\/div><\/div><div class=\"forminator-row\"><div id=\"textarea-1\" class=\"forminator-field-textarea forminator-col forminator-col-12\"><div class=\"forminator-field\"><label for=\"forminator-field-textarea-1_69da2dde2f598\" id=\"forminator-field-textarea-1_69da2dde2f598-label\" class=\"forminator-label\">Message<\/label><textarea name=\"textarea-1\" placeholder=\"\" id=\"forminator-field-textarea-1_69da2dde2f598\" class=\"forminator-textarea\" rows=\"6\" style=\"min-height:140px;\" maxlength=\"180\" ><\/textarea><span id=\"forminator-field-textarea-1_69da2dde2f598-description\" class=\"forminator-description\"><span data-limit=\"180\" data-type=\"characters\">0 \/ 180<\/span><\/span><\/div><\/div><\/div><input type=\"hidden\" name=\"referer_url\" value=\"\" \/><div class=\"forminator-row forminator-row-last\"><div class=\"forminator-col\"><div class=\"forminator-field\"><button class=\"forminator-button forminator-button-submit\">Envoyez<\/button><\/div><\/div><\/div><input type=\"hidden\" id=\"forminator_nonce\" name=\"forminator_nonce\" value=\"03b72a2d1c\" \/><input type=\"hidden\" name=\"_wp_http_referer\" value=\"\/fr\/wp-json\/wp\/v2\/product\/2980\" \/><input type=\"hidden\" name=\"form_id\" value=\"7542\"><input type=\"hidden\" name=\"page_id\" value=\"2980\"><input type=\"hidden\" name=\"form_type\" value=\"default\"><input type=\"hidden\" name=\"current_url\" value=\"https:\/\/coolvaria.com\/fr\/p\/cave-aux-epices\/\"><input type=\"hidden\" name=\"render_id\" value=\"0\"><input type=\"hidden\" name=\"action\" value=\"forminator_submit_form_custom-forms\"><input type=\"hidden\" name=\"trp-form-language\" value=\"fr\"\/><\/form><\/p>\n<p>&nbsp;<\/p>\n<p>&nbsp;<\/p>","protected":false},"excerpt":{"rendered":"<p>Pour conserver VOS herbes aromatiques dans un endroit ombrag\u00e9 \u2013 sans lumi\u00e8re du jour \u2013 avec une temp\u00e9rature optimale.<\/p>\n<p>&nbsp;<\/p>\n<p>&nbsp;<\/p>","protected":false},"featured_media":2932,"template":"","meta":{"_sitemap_exclude":false,"_sitemap_priority":"","_sitemap_frequency":""},"product_cat":[64],"product_tag":[],"class_list":["post-2980","product","type-product","status-publish","has-post-thumbnail","hentry","product_cat-kruiden","product_shipping_class-free-shipping","pa_extra-plateaus-mogelijk-nee-niet-mogelijk","pa_omgevingstemperatuur-koelt-max-15-c-graden-t-o-v-omgevingstemperatuur","pa_temperature-een-temperatuurzone","pa_temperatuurbereik-8-18-c","pa_volume-25-liter","layout-style-2","col-md-4 col-sm-4 col-xs-6","product-has-gallery","product-style-addtocart"],"_links":{"self":[{"href":"https:\/\/coolvaria.com\/fr\/wp-json\/wp\/v2\/product\/2980","targetHints":{"allow":["GET"]}}],"collection":[{"href":"https:\/\/coolvaria.com\/fr\/wp-json\/wp\/v2\/product"}],"about":[{"href":"https:\/\/coolvaria.com\/fr\/wp-json\/wp\/v2\/types\/product"}],"wp:featuredmedia":[{"embeddable":true,"href":"https:\/\/coolvaria.com\/fr\/wp-json\/wp\/v2\/media\/2932"}],"wp:attachment":[{"href":"https:\/\/coolvaria.com\/fr\/wp-json\/wp\/v2\/media?parent=2980"}],"wp:term":[{"taxonomy":"product_cat","embeddable":true,"href":"https:\/\/coolvaria.com\/fr\/wp-json\/wp\/v2\/product_cat?post=2980"},{"taxonomy":"product_tag","embeddable":true,"href":"https:\/\/coolvaria.com\/fr\/wp-json\/wp\/v2\/product_tag?post=2980"}],"curies":[{"name":"wp","href":"https:\/\/api.w.org\/{rel}","templated":true}]}}