{"id":2975,"date":"2022-01-31T12:32:58","date_gmt":"2022-01-31T12:32:58","guid":{"rendered":"\/?post_type=product&#038;p=2975"},"modified":"2026-03-30T16:54:30","modified_gmt":"2026-03-30T14:54:30","slug":"sigaren-humidor-pt-s-600-200","status":"publish","type":"product","link":"https:\/\/coolvaria.com\/fr\/p\/cave-a-cigares-pt-s-600-200\/","title":{"rendered":"Cave \u00e0 cigares (600 cigares)"},"content":{"rendered":"<h4 style=\"text-align: left;\"><strong>Contr\u00f4le de la temp\u00e9rature et de l&#039;humidit\u00e9\u00a0:<\/strong><\/h4>\n<p style=\"text-align: left;\">Vous pouvez r\u00e9gler la temp\u00e9rature de cette cave entre 16 et 21 \u00b0C. La situation la plus id\u00e9ale, bien s\u00fbr en fonction des souhaits de l&#039;utilisateur, est une temp\u00e9rature de 19\u00b0C avec une humidit\u00e9 r\u00e9elle de 70% pour que le cigare soit lisse et l\u00e9g\u00e8rement \u00e9lastique.<\/p>\n<p>&nbsp;<\/p>\n<p style=\"text-align: left;\">Vous ne pouvez pas modifier directement l&#039;humidit\u00e9 vous-m\u00eame - l&#039;\u00e9cran donne une indication - mais en modifiant la temp\u00e9rature dans l&#039;armoire (vous pouvez la r\u00e9gler vous-m\u00eame), vous pouvez influencer l&#039;humidit\u00e9.<\/p>\n<h5 class=\"gt-block\" style=\"text-align: left;\"><u>Circulation d&#039;air:<\/u><\/h5>\n<p style=\"text-align: left;\">\u00c0 l&#039;arri\u00e8re de la cave, vous trouverez deux trous d&#039;a\u00e9ration, dont l&#039;un est dot\u00e9 d&#039;un filtre \u00e0 charbon actif (nous vous recommandons de remplacer ce filtre tous les 6 \u00e0 8 mois).<\/p>\n<h5 class=\"gt-block\" style=\"text-align: left;\"><u>Compresseur\/chauffage\u00a0:<\/u><\/h5>\n<p style=\"text-align: left;\">Cette cave dispose d&#039;une unit\u00e9 de refroidissement (compresseur) et d&#039;un syst\u00e8me de chauffage pour maintenir la temp\u00e9rature r\u00e9gl\u00e9e.<\/p>\n<h4 style=\"text-align: left;\"><b>Configuration<\/b><\/h4>\n<p style=\"text-align: left;\">La cave est \u00e9quip\u00e9e de la configuration la plus recherch\u00e9e ; 3 \u00e9tag\u00e8res, donc 4 \u00ab compartiments \u00bb (y compris le bas) pour un rangement parfait des cigares. Il y a suffisamment d&#039;espace entre les \u00e9tag\u00e8res pour les cartons (environ 120 mm). Si vous souhaitez modifier la position des \u00e9tag\u00e8res, cela est bien entendu possible pour toutes les \u00e9tag\u00e8res.<\/p>\n<p>&nbsp;<\/p>\n<p style=\"text-align: left;\">La cave actuelle est \u00e9quip\u00e9e de planches en bois de sapelli (planches plus lourdes comme illustr\u00e9) au lieu du bois de h\u00eatre afin que d&#039;autres attributs puissent \u00eatre plac\u00e9s \u00e0 c\u00f4t\u00e9.<\/p>\n<p style=\"text-align: left;\"><em><u>Bois de c\u00e8dre<\/u> <\/em>est souvent utilis\u00e9 dans les caves \u00e0 cigares int\u00e9rieures qui n\u2019ont pas de contr\u00f4le de temp\u00e9rature. Le bois de c\u00e8dre a une capacit\u00e9 d&#039;absorption \u00e9lev\u00e9e (m\u00eame dans ce cas, il est important d&#039;utiliser le &quot;bon&quot; bois de c\u00e8dre, car il existe \u00e9galement diff\u00e9rents types de bois de c\u00e8dre sur le march\u00e9). Parce que notre cave \u00e0 cigares dispose d&#039;une unit\u00e9 \u00e0 temp\u00e9rature contr\u00f4l\u00e9e, cela n&#039;est plus n\u00e9cessaire. Le bois de c\u00e8dre est \u00e9galement plus cher et nous souhaitons un prix comp\u00e9titif pour nos clients afin qu&#039;ils puissent investir davantage dans les cigares.<\/p>\n<p>&nbsp;<\/p>\n<p style=\"text-align: left;\">Le mod\u00e8le que nous pouvons d\u00e9sormais fournir est \u00e9quip\u00e9 d&#039;\u00e9tag\u00e8res plus lourdes qu&#039;avant (pour que les \u00e9tag\u00e8res puissent supporter plus de poids puisqu&#039;on nous demandait aussi de ranger le whisky \u00e0 c\u00f4t\u00e9 des cigares par exemple) et les fentes sont donc l\u00e9g\u00e8rement plus larges qu&#039;avant. Voir la planche en pi\u00e8ce jointe.<\/p>\n<h4 style=\"text-align: left;\"><b><u>Quelques Caract\u00e9ristiques :<\/u><\/b><\/h4>\n<table style=\"font-weight: 400; height: 520px;\" width=\"656\">\n<tbody>\n<tr>\n<td style=\"text-align: left;\" width=\"302\"><strong>Capacit\u00e9:<\/strong><\/td>\n<td style=\"text-align: left;\" width=\"302\">600 cigares<\/td>\n<\/tr>\n<tr>\n<td style=\"text-align: left;\" width=\"302\"><strong>Dimensions (lxpxh) : \u00a0\u00a0\u00a0 <\/strong><\/td>\n<td style=\"text-align: left;\" width=\"302\">59,5 x 57 x 84 cm<\/td>\n<\/tr>\n<tr>\n<td style=\"text-align: left;\" width=\"302\"><strong>Zone(s) de temp\u00e9rature<\/strong><\/td>\n<td style=\"text-align: left;\" width=\"302\">1<\/td>\n<\/tr>\n<tr>\n<td style=\"text-align: left;\" width=\"302\"><strong>\u00c9cart de temp\u00e9rature:\u00a0<\/strong><\/td>\n<td style=\"text-align: left;\" width=\"302\">14-21\u00b0C<\/td>\n<\/tr>\n<tr>\n<td style=\"text-align: left;\" width=\"302\"><strong>Nombre des clayettes :<\/strong><\/td>\n<td style=\"text-align: left;\" width=\"302\">3 pi\u00e8ces (= 4<u>\u00a0compartiments de rangement<\/u>, y compris le bas)<\/td>\n<\/tr>\n<tr>\n<td style=\"text-align: left;\" width=\"302\"><strong>Equip\u00e9 d&#039;une serrure :<\/strong><\/td>\n<td style=\"text-align: left;\" width=\"302\">Oui (cl\u00e9s)<\/td>\n<\/tr>\n<\/tbody>\n<\/table>\n<h6><\/h6>\n<h5 style=\"text-align: left;\">Voir pour <strong><u>tous<\/u> les caract\u00e9ristiques<\/strong> \u00a0-&gt; <b><u>Caract\u00e9ristiques<\/u><\/b> (en haut, juste \u00e0 c\u00f4t\u00e9 - droite - <b>Description<\/b>)<\/h5>\n<p><img decoding=\"async\" class=\"aligncenter wp-image-9930\" src=\"https:\/\/cdn.coolvaria.com\/wp-content\/uploads\/Sigaar-humidor-600-plateaus-CoolVaria.jpg?strip=all&lossy=1&resize=640%2C321&ssl=1\" alt=\"\" width=\"640\" height=\"321\" srcset=\"https:\/\/cdn.coolvaria.com\/wp-content\/uploads\/Sigaar-humidor-600-plateaus-CoolVaria.jpg?strip=all&amp;lossy=1&amp;ssl=1 964w, https:\/\/cdn.coolvaria.com\/wp-content\/uploads\/Sigaar-humidor-600-plateaus-CoolVaria-433x217.jpg?strip=all&amp;lossy=1&amp;ssl=1 433w, https:\/\/cdn.coolvaria.com\/wp-content\/uploads\/Sigaar-humidor-600-plateaus-CoolVaria-937x470.jpg?strip=all&amp;lossy=1&amp;ssl=1 937w, https:\/\/cdn.coolvaria.com\/wp-content\/uploads\/Sigaar-humidor-600-plateaus-CoolVaria-300x151.jpg?strip=all&amp;lossy=1&amp;ssl=1 300w, https:\/\/cdn.coolvaria.com\/wp-content\/uploads\/Sigaar-humidor-600-plateaus-CoolVaria-768x386.jpg?strip=all&amp;lossy=1&amp;ssl=1 768w, https:\/\/cdn.coolvaria.com\/wp-content\/uploads\/Sigaar-humidor-600-plateaus-CoolVaria-18x9.jpg?strip=all&amp;lossy=1&amp;ssl=1 18w, https:\/\/cdn.coolvaria.com\/wp-content\/uploads\/Sigaar-humidor-600-plateaus-CoolVaria.jpg?strip=all&amp;lossy=1&amp;w=128&amp;ssl=1 128w, https:\/\/cdn.coolvaria.com\/wp-content\/uploads\/Sigaar-humidor-600-plateaus-CoolVaria.jpg?strip=all&amp;lossy=1&amp;w=512&amp;ssl=1 512w, https:\/\/cdn.coolvaria.com\/wp-content\/uploads\/Sigaar-humidor-600-plateaus-CoolVaria.jpg?strip=all&amp;lossy=1&amp;w=640&amp;ssl=1 640w\" sizes=\"(max-width: 640px) 100vw, 640px\" \/><\/p>\n<h3 class=\"gt-block\" style=\"text-align: left;\"><strong>Plus d&#039;information?<\/strong><\/h3>\n<p style=\"text-align: left;\">-Ce mod\u00e8le est \u00e9galement tr\u00e8s adapt\u00e9 pour une installation dans des zones fumeurs, dans un placard, sous un bar, etc.<\/p>\n<div class=\"elementor-element elementor-element-92b612e elementor-widget elementor-widget-heading\" data-id=\"92b612e\" data-element_type=\"widget\" data-widget_type=\"heading.default\" data-trid=\"668\">\n<div class=\"elementor-widget-container\" data-trid=\"669\">\n<h2 class=\"elementor-heading-title elementor-size-large\" style=\"text-align: left;\" data-trid=\"670\">Pouvons-nous vous aider dans votre choix ?<\/h2>\n<\/div>\n<\/div>\n<div class=\"elementor-element elementor-element-e9c05b1 elementor-widget elementor-widget-text-editor\" data-id=\"e9c05b1\" data-element_type=\"widget\" data-widget_type=\"text-editor.default\" data-trid=\"671\">\n<div class=\"elementor-widget-container\" data-trid=\"672\">\n<p style=\"text-align: left;\" data-trid=\"673\"><b>Appelez-nous au +31 (30)25 111 91 ou remplissez le formulaire de contact.<\/b><\/p>\n<p style=\"text-align: left;\" data-trid=\"673\">Plus de 40 restaurants \u00e9toil\u00e9s Michelin, bars, traiteurs, cavistes, magasins d&#039;alcool, industriels, gouvernements, repr\u00e9sentations diplomatiques et consulaires, universit\u00e9s et bien s\u00fbr consommateurs vous ont pr\u00e9c\u00e9d\u00e9 (<a href=\"https:\/\/coolvaria.com\/fr\/a-propos-de-nous\/\" data-trid=\"678\">cliquez ici pour les r\u00e9f\u00e9rences<\/a>).<\/p>\n<\/div>\n<\/div>\n<h4 style=\"text-align: center;\"><\/h4>\n<p>&nbsp;<\/p>\n<h4 style=\"text-align: center;\"><b>Formulaire de contact<\/b><\/h4>\n<p style=\"text-align: left;\"><div class=\"forminator-ui forminator-custom-form forminator-custom-form-7542 forminator-design--default  forminator_ajax\" data-forminator-render=\"0\" data-form=\"forminator-module-7542\" data-uid=\"69d5e57141194\"><br\/><\/div><form\n\t\t\t\tid=\"forminator-module-7542\"\n\t\t\t\tclass=\"forminator-ui forminator-custom-form forminator-custom-form-7542 forminator-design--default  forminator_ajax\"\n\t\t\t\tmethod=\"post\"\n\t\t\t\tdata-forminator-render=\"0\"\n\t\t\t\tdata-form-id=\"7542\"\n\t\t\t\t\n\t\t\t\tdata-design=\"default\"\n\t\t\t\t\n\t\t\t\t\n\t\t\t\t\n\t\t\t\tdata-grid=\"open\"\n\t\t\t\t\n\t\t\t\t\n\t\t\t\tstyle=\"display: none;\"\n\t\t\t\t\n\t\t\t\tdata-uid=\"69d5e57141194\" action=\"\"\n\t\t\t><div role=\"alert\" aria-live=\"polite\" class=\"forminator-response-message forminator-error\" aria-hidden=\"true\"><\/div><div class=\"forminator-row\"><input type=\"hidden\" id=\"hidden-2_69d5e57141194\" name=\"hidden-2\" value=\"Sigaren humidor (600 sigaren)\" \/><input type=\"hidden\" id=\"hidden-1_69d5e57141194\" name=\"hidden-1\" value=\"https:\/\/coolvaria.com\/fr\/p\/cave-a-cigares-pt-s-600-200\/\" \/><\/div><div class=\"forminator-row\"><div id=\"name-1\" class=\"forminator-field-name forminator-col forminator-col-12\"><div class=\"forminator-row forminator-no-margin\" data-multiple=\"true\"><div class=\"forminator-col forminator-col-md-6\"><div class=\"forminator-field\"><label for=\"forminator-field-first-name-1_69d5e57141194\" class=\"forminator-label\" id=\"forminator-field-first-name-1_69d5e57141194-label\">Pr\u00e9nom <span class=\"forminator-required\">*<\/span><\/label><input type=\"text\" name=\"name-1-first-name\" placeholder=\"\" id=\"forminator-field-first-name-1_69d5e57141194\" class=\"forminator-input\" aria-required=\"true\" data-multi=\"1\" value=\"\" \/><\/div><\/div><div class=\"forminator-col forminator-col-md-6\"><div class=\"forminator-field\"><label for=\"forminator-field-last-name-1_69d5e57141194\" class=\"forminator-label\" id=\"forminator-field-last-name-1_69d5e57141194-label\">nom de famille <span class=\"forminator-required\">*<\/span><\/label><input type=\"text\" name=\"name-1-last-name\" placeholder=\"\" id=\"forminator-field-last-name-1_69d5e57141194\" class=\"forminator-input\" aria-required=\"true\" data-multi=\"1\" value=\"\" \/><\/div><\/div><\/div><\/div><\/div><div class=\"forminator-row\"><div id=\"text-1\" class=\"forminator-field-text forminator-col forminator-col-12\"><div class=\"forminator-field\"><label for=\"forminator-field-text-1_69d5e57141194\" class=\"forminator-label\" id=\"forminator-field-text-1_69d5e57141194-label\">Nom de l&#039;entreprise<\/label><input type=\"text\" name=\"text-1\" value=\"\" placeholder=\"le cas \u00e9ch\u00e9ant\" id=\"forminator-field-text-1_69d5e57141194\" class=\"forminator-input forminator-name--field\" data-required=\"\" \/><\/div><\/div><\/div><div class=\"forminator-row\"><div id=\"email-1\" class=\"forminator-field-email forminator-col forminator-col-12\"><div class=\"forminator-field\"><label for=\"forminator-field-email-1_69d5e57141194\" class=\"forminator-label\" id=\"forminator-field-email-1_69d5e57141194-label\">Adresse e-mail <span class=\"forminator-required\">*<\/span><\/label><input type=\"email\" name=\"email-1\" value=\"\" placeholder=\"\" id=\"forminator-field-email-1_69d5e57141194\" class=\"forminator-input forminator-email--field\" data-required=\"true\" aria-required=\"true\" \/><\/div><\/div><\/div><div class=\"forminator-row\"><div id=\"phone-1\" class=\"forminator-field-phone forminator-col forminator-col-12\"><div class=\"forminator-field\"><label for=\"forminator-field-phone-1_69d5e57141194\" class=\"forminator-label\" id=\"forminator-field-phone-1_69d5e57141194-label\">num\u00e9ro de t\u00e9l\u00e9phone<\/label><input type=\"text\" name=\"phone-1\" value=\"\" placeholder=\"\" id=\"forminator-field-phone-1_69d5e57141194\" class=\"forminator-input forminator-field--phone\" data-required=\"\" aria-required=\"false\" autocomplete=\"off\" data-validation=\"1\" \/><\/div><\/div><\/div><div class=\"forminator-row\"><div id=\"checkbox-1\" class=\"forminator-field-checkbox forminator-col forminator-col-12\"><div role=\"group\" class=\"forminator-field\" aria-labelledby=\"forminator-checkbox-group-69d5e57141194-label\"><h4 id=\"forminator-checkbox-group-69d5e57141194-label\" class=\"forminator-label\">Je veux:<\/h4><label id=\"forminator-field-checkbox-1-1-69d5e57141194-label\" for=\"forminator-field-checkbox-1-1-69d5e57141194\" class=\"forminator-checkbox\" title=\"demander un devis:\"><input type=\"checkbox\" name=\"checkbox-1[]\" value=\"service-1\" id=\"forminator-field-checkbox-1-1-69d5e57141194\" aria-labelledby=\"forminator-field-checkbox-1-1-69d5e57141194-label\" data-calculation=\"0\"   aria-describedby=\"forminator-field-checkbox-1-69d5e57141194-description\"\/><span class=\"forminator-checkbox-box\" aria-hidden=\"true\"><\/span><span class=\"forminator-checkbox-label\">demander un devis:<\/span><\/label><label id=\"forminator-field-checkbox-1-2-69d5e57141194-label\" for=\"forminator-field-checkbox-1-2-69d5e57141194\" class=\"forminator-checkbox\" title=\"demandez quelque chose sur la TVA (pour les entreprises)\u00a0:\"><input type=\"checkbox\" name=\"checkbox-1[]\" value=\"service-2\" id=\"forminator-field-checkbox-1-2-69d5e57141194\" aria-labelledby=\"forminator-field-checkbox-1-2-69d5e57141194-label\" data-calculation=\"0\"   aria-describedby=\"forminator-field-checkbox-1-69d5e57141194-description\"\/><span class=\"forminator-checkbox-box\" aria-hidden=\"true\"><\/span><span class=\"forminator-checkbox-label\">demandez quelque chose sur la TVA (pour les entreprises)\u00a0:<\/span><\/label><label id=\"forminator-field-checkbox-1-3-69d5e57141194-label\" for=\"forminator-field-checkbox-1-3-69d5e57141194\" class=\"forminator-checkbox\" title=\"prendre rendez-vous pour une visite\u00a0:\"><input type=\"checkbox\" name=\"checkbox-1[]\" value=\"Ik-wil-een-bezichtigingsafspraak-maken\" id=\"forminator-field-checkbox-1-3-69d5e57141194\" aria-labelledby=\"forminator-field-checkbox-1-3-69d5e57141194-label\" data-calculation=\"0\"   aria-describedby=\"forminator-field-checkbox-1-69d5e57141194-description\"\/><span class=\"forminator-checkbox-box\" aria-hidden=\"true\"><\/span><span class=\"forminator-checkbox-label\">prendre rendez-vous pour une visite\u00a0:<\/span><\/label><label id=\"forminator-field-checkbox-1-4-69d5e57141194-label\" for=\"forminator-field-checkbox-1-4-69d5e57141194\" class=\"forminator-checkbox\" title=\"questions sur la disponibilit\u00e9 (stock) :\"><input type=\"checkbox\" name=\"checkbox-1[]\" value=\"iets-vragen-over-de-beschikbaarheid\" id=\"forminator-field-checkbox-1-4-69d5e57141194\" aria-labelledby=\"forminator-field-checkbox-1-4-69d5e57141194-label\" data-calculation=\"0\"   aria-describedby=\"forminator-field-checkbox-1-69d5e57141194-description\"\/><span class=\"forminator-checkbox-box\" aria-hidden=\"true\"><\/span><span class=\"forminator-checkbox-label\">questions sur la disponibilit\u00e9 (stock) :<\/span><\/label><label id=\"forminator-field-checkbox-1-5-69d5e57141194-label\" for=\"forminator-field-checkbox-1-5-69d5e57141194\" class=\"forminator-checkbox\" title=\"Puis-je \u00eatre tenu inform\u00e9 des nouveaux stocks ?\"><input type=\"checkbox\" name=\"checkbox-1[]\" value=\"Kan ik op de hoogte gehouden worden over nieuwe voorraad\" id=\"forminator-field-checkbox-1-5-69d5e57141194\" aria-labelledby=\"forminator-field-checkbox-1-5-69d5e57141194-label\" data-calculation=\"0\"   aria-describedby=\"forminator-field-checkbox-1-69d5e57141194-description\"\/><span class=\"forminator-checkbox-box\" aria-hidden=\"true\"><\/span><span class=\"forminator-checkbox-label\">Puis-je \u00eatre tenu inform\u00e9 des nouveaux stocks ?<\/span><\/label><label id=\"forminator-field-checkbox-1-6-69d5e57141194-label\" for=\"forminator-field-checkbox-1-6-69d5e57141194\" class=\"forminator-checkbox\" title=\"demande autre chose :\"><input type=\"checkbox\" name=\"checkbox-1[]\" value=\"Anders\" id=\"forminator-field-checkbox-1-6-69d5e57141194\" aria-labelledby=\"forminator-field-checkbox-1-6-69d5e57141194-label\" data-calculation=\"0\"   aria-describedby=\"forminator-field-checkbox-1-69d5e57141194-description\"\/><span class=\"forminator-checkbox-box\" aria-hidden=\"true\"><\/span><span class=\"forminator-checkbox-label\">demande autre chose :<\/span><\/label><\/div><\/div><\/div><div class=\"forminator-row\"><div id=\"textarea-1\" class=\"forminator-field-textarea forminator-col forminator-col-12\"><div class=\"forminator-field\"><label for=\"forminator-field-textarea-1_69d5e57141194\" id=\"forminator-field-textarea-1_69d5e57141194-label\" class=\"forminator-label\">Message<\/label><textarea name=\"textarea-1\" placeholder=\"\" id=\"forminator-field-textarea-1_69d5e57141194\" class=\"forminator-textarea\" rows=\"6\" style=\"min-height:140px;\" maxlength=\"180\" ><\/textarea><span id=\"forminator-field-textarea-1_69d5e57141194-description\" class=\"forminator-description\"><span data-limit=\"180\" data-type=\"characters\">0 \/ 180<\/span><\/span><\/div><\/div><\/div><input type=\"hidden\" name=\"referer_url\" value=\"\" \/><div class=\"forminator-row forminator-row-last\"><div class=\"forminator-col\"><div class=\"forminator-field\"><button class=\"forminator-button forminator-button-submit\">Envoyez<\/button><\/div><\/div><\/div><input type=\"hidden\" id=\"forminator_nonce\" name=\"forminator_nonce\" value=\"80593a53ff\" \/><input type=\"hidden\" name=\"_wp_http_referer\" value=\"\/fr\/wp-json\/wp\/v2\/product\/2975\" \/><input type=\"hidden\" name=\"form_id\" value=\"7542\"><input type=\"hidden\" name=\"page_id\" value=\"2975\"><input type=\"hidden\" name=\"form_type\" value=\"default\"><input type=\"hidden\" name=\"current_url\" value=\"https:\/\/coolvaria.com\/fr\/p\/cave-a-cigares-pt-s-600-200\/\"><input type=\"hidden\" name=\"render_id\" value=\"0\"><input type=\"hidden\" name=\"action\" value=\"forminator_submit_form_custom-forms\"><input type=\"hidden\" name=\"trp-form-language\" value=\"fr\"\/><\/form><\/p>\n<p>&nbsp;<\/p>","protected":false},"excerpt":{"rendered":"<p>&#039;Je bois beaucoup. Je dors un peu et je fume cigare apr\u00e8s cigare. C&#039;est pourquoi je suis en pleine forme. \u2014<strong>Winston Churchill<\/strong><\/p>","protected":false},"featured_media":3529,"template":"","meta":{"_sitemap_exclude":false,"_sitemap_priority":"","_sitemap_frequency":""},"product_cat":[60],"product_tag":[],"class_list":["post-2975","product","type-product","status-publish","has-post-thumbnail","hentry","product_cat-sigaren","product_shipping_class-flat-rate","pa_extra-plateaus-mogelijk-ja-mogelijk","pa_extra-plateaus-mogelijk-maar-raden-wij-niet-aan","pa_omgevingstemperatuur-0-38-c","pa_temperature-een-temperatuurzone","pa_temperatuurbereik-14-21-c","pa_volume-600-sigaren","layout-style-2","col-md-4 col-sm-4 col-xs-6","product-has-gallery","product-style-addtocart"],"_links":{"self":[{"href":"https:\/\/coolvaria.com\/fr\/wp-json\/wp\/v2\/product\/2975","targetHints":{"allow":["GET"]}}],"collection":[{"href":"https:\/\/coolvaria.com\/fr\/wp-json\/wp\/v2\/product"}],"about":[{"href":"https:\/\/coolvaria.com\/fr\/wp-json\/wp\/v2\/types\/product"}],"wp:featuredmedia":[{"embeddable":true,"href":"https:\/\/coolvaria.com\/fr\/wp-json\/wp\/v2\/media\/3529"}],"wp:attachment":[{"href":"https:\/\/coolvaria.com\/fr\/wp-json\/wp\/v2\/media?parent=2975"}],"wp:term":[{"taxonomy":"product_cat","embeddable":true,"href":"https:\/\/coolvaria.com\/fr\/wp-json\/wp\/v2\/product_cat?post=2975"},{"taxonomy":"product_tag","embeddable":true,"href":"https:\/\/coolvaria.com\/fr\/wp-json\/wp\/v2\/product_tag?post=2975"}],"curies":[{"name":"wp","href":"https:\/\/api.w.org\/{rel}","templated":true}]}}