{"id":2973,"date":"2022-01-31T12:31:14","date_gmt":"2022-01-31T12:31:14","guid":{"rendered":"\/?post_type=product&#038;p=2973"},"modified":"2026-03-30T16:54:47","modified_gmt":"2026-03-30T14:54:47","slug":"wijn-bewaarkast-pt-s-200-40-flessen","status":"publish","type":"product","link":"https:\/\/coolvaria.com\/fr\/p\/cave-a-vin-de-conservation-pt-s-200-40\/","title":{"rendered":"Cave \u00e0 vin de stockage (40 bouteilles, une zone, hauteur 84 cm)"},"content":{"rendered":"<h4 class=\"gt-block\" style=\"text-align: left;\">Cette cave est \u00e9quip\u00e9 de : <strong>une zone de temp\u00e9rature<\/strong> pour garder tous les vins <strong>pour stocker<\/strong>; blanc, ros\u00e9, champagne et vin rouge.<\/h4>\n<p class=\"gt-block\" style=\"text-align: left;\">Le panneau de commande comporte deux \u00e9crans\u00a0; un avec la temp\u00e9rature r\u00e9gl\u00e9e et un avec l&#039;humidit\u00e9 relative (\u00e0 titre indicatif, pour que vous puissiez voir imm\u00e9diatement la temp\u00e9rature actuelle dans votre armoire).<\/p>\n<p>&nbsp;<\/p>\n<p><img decoding=\"async\" class=\"size-medium wp-image-9638 aligncenter\" src=\"https:\/\/cdn.coolvaria.com\/wp-content\/uploads\/Display-klimaatkast-CoolVaria2-300x165.jpg?strip=all&lossy=1&ssl=1\" alt=\"\" width=\"300\" height=\"165\" srcset=\"https:\/\/cdn.coolvaria.com\/wp-content\/uploads\/Display-klimaatkast-CoolVaria2-300x165.jpg?strip=all&amp;lossy=1&amp;ssl=1 300w, https:\/\/cdn.coolvaria.com\/wp-content\/uploads\/Display-klimaatkast-CoolVaria2-433x238.jpg?strip=all&amp;lossy=1&amp;ssl=1 433w, https:\/\/cdn.coolvaria.com\/wp-content\/uploads\/Display-klimaatkast-CoolVaria2-18x10.jpg?strip=all&amp;lossy=1&amp;ssl=1 18w, https:\/\/cdn.coolvaria.com\/wp-content\/uploads\/Display-klimaatkast-CoolVaria2.jpg?strip=all&amp;lossy=1&amp;ssl=1 750w, https:\/\/cdn.coolvaria.com\/wp-content\/uploads\/Display-klimaatkast-CoolVaria2.jpg?strip=all&amp;lossy=1&amp;w=128&amp;ssl=1 128w, https:\/\/cdn.coolvaria.com\/wp-content\/uploads\/Display-klimaatkast-CoolVaria2.jpg?strip=all&amp;lossy=1&amp;w=512&amp;ssl=1 512w, https:\/\/cdn.coolvaria.com\/wp-content\/uploads\/Display-klimaatkast-CoolVaria2.jpg?strip=all&amp;lossy=1&amp;w=640&amp;ssl=1 640w\" sizes=\"(max-width: 300px) 100vw, 300px\" \/><\/p>\n<p style=\"text-align: center;\">R\u00e9glez-le une fois et vos vins sont \u00e0 la bonne temp\u00e9rature !<\/p>\n<p>&nbsp;<\/p>\n<p style=\"text-align: left;\">Vous pouvez fixer la cave de stockage \u00e0 une temp\u00e9rature de conservation, mais vous pouvez \u00e9galement d\u00e9finir des temp\u00e9ratures de service sp\u00e9cifiques. Il est vrai que toute la pi\u00e8ce aura une seule temp\u00e9rature.<\/p>\n<p>&nbsp;<\/p>\n<h4 class=\"gt-block\" style=\"text-align: left;\"><b><i><u>Par exemple:<\/u><\/i><\/b><\/h4>\n<p class=\"gt-block\" style=\"text-align: left;\">-Votre <b>vin de stockage <\/b>(laisser m\u00fbrir longtemps).<b> 12\u00b0C<\/b><\/p>\n<p style=\"text-align: left;\">ou<\/p>\n<p class=\"gt-block\" style=\"text-align: left;\">-Votre <b>vin blanc frais<\/b><b>\u00a0<\/b>\u00e0<b> 8\u00b0C<\/b><\/p>\n<p style=\"text-align: left;\">ou<\/p>\n<p class=\"gt-block\" style=\"text-align: left;\">-Votre <b>vin rouge commun<\/b> \u00e0<b> 18\u00b0C<\/b>.<\/p>\n<p>&nbsp;<\/p>\n<h4 style=\"text-align: left;\"><b>Configuration<\/b><\/h4>\n<p style=\"text-align: left;\">Cette cave \u00e0 vindt stockage a la configuration la plus optimale et vous pouvez m\u00eame y stocker des bouteilles Magnum.<\/p>\n<p>&nbsp;<\/p>\n<p style=\"text-align: left;\"><b>Ce mod\u00e8le dispose de 3 \u00e9tag\u00e8res extensibles<\/b>, donc 4 \u00ab compartiments \u00bb (y compris le fond) pour ranger vos bouteilles. Si vous souhaitez modifier la position des \u00e9tag\u00e8res, cela est bien entendu possible pour toutes les \u00e9tag\u00e8res.<\/p>\n<p>&nbsp;<\/p>\n<h4 style=\"text-align: left;\"><b><u>Quelques Caract\u00e9ristiques :<\/u><\/b><\/h4>\n<table style=\"font-weight: 400; height: 520px;\" width=\"656\">\n<tbody>\n<tr>\n<td style=\"text-align: left;\" width=\"302\"><strong>Capacit\u00e9:<\/strong><\/td>\n<td style=\"text-align: left;\" width=\"302\">40 bouteilles<\/td>\n<\/tr>\n<tr>\n<td style=\"text-align: left;\" width=\"302\"><strong>Dimensions (lxpxh) : \u00a0\u00a0\u00a0 <\/strong><\/td>\n<td style=\"text-align: left;\" width=\"302\">59,5 x 57 x 84 cm<\/td>\n<\/tr>\n<tr>\n<td style=\"text-align: left;\" width=\"302\"><strong>Zone(s) de temp\u00e9rature<\/strong><\/td>\n<td style=\"text-align: left;\" width=\"302\">1<\/td>\n<\/tr>\n<tr>\n<td style=\"text-align: left;\" width=\"302\"><strong>\u00c9cart de temp\u00e9rature:\u00a0<\/strong><\/td>\n<td style=\"text-align: left;\" width=\"302\">5-20\u00b0C<\/td>\n<\/tr>\n<tr>\n<td style=\"text-align: left;\" width=\"302\"><strong>Nombre des clayettes :<\/strong><\/td>\n<td style=\"text-align: left;\" width=\"302\">3 pi\u00e8ces (= 4<u>\u00a0compartiments de rangement<\/u>, y compris le bas)<\/td>\n<\/tr>\n<tr>\n<td style=\"text-align: left;\" width=\"302\"><strong>Equip\u00e9 d&#039;une serrure :<\/strong><\/td>\n<td style=\"text-align: left;\" width=\"302\">Oui (cl\u00e9s)<\/td>\n<\/tr>\n<\/tbody>\n<\/table>\n<h6><\/h6>\n<h5 style=\"text-align: left;\">Voir pour <strong><u>tous<\/u> les caract\u00e9ristiques<\/strong> \u00a0-&gt; <b><u>Caract\u00e9ristiques<\/u><\/b> (en haut, juste \u00e0 c\u00f4t\u00e9 - droite - <b>Description<\/b>)<\/h5>\n<p>&nbsp;<\/p>\n<figure id=\"attachment_9893\" aria-describedby=\"caption-attachment-9893\" style=\"width: 640px\" class=\"wp-caption aligncenter\"><img decoding=\"async\" class=\"wp-image-9893 size-large\" src=\"https:\/\/cdn.coolvaria.com\/wp-content\/uploads\/Wijnkoelkast-40-flessen-plateaus-CoolVaria.jpg?strip=all&lossy=1&resize=640%2C403&ssl=1\" alt=\"Un collage avec un casier \u00e0 vin en bois, un support \u00e0 verres avec verres \u00e0 vin et bouteille, et une armoire \u00e0 vin climatique (40 bouteilles, multizone, 84 cm de hauteur) dans une pi\u00e8ce.\" width=\"640\" height=\"403\" srcset=\"https:\/\/cdn.coolvaria.com\/wp-content\/uploads\/Wijnkoelkast-40-flessen-plateaus-CoolVaria-1024x645.jpg?strip=all&amp;lossy=1&amp;ssl=1 1024w, https:\/\/cdn.coolvaria.com\/wp-content\/uploads\/Wijnkoelkast-40-flessen-plateaus-CoolVaria-433x273.jpg?strip=all&amp;lossy=1&amp;ssl=1 433w, https:\/\/cdn.coolvaria.com\/wp-content\/uploads\/Wijnkoelkast-40-flessen-plateaus-CoolVaria-937x590.jpg?strip=all&amp;lossy=1&amp;ssl=1 937w, https:\/\/cdn.coolvaria.com\/wp-content\/uploads\/Wijnkoelkast-40-flessen-plateaus-CoolVaria-300x189.jpg?strip=all&amp;lossy=1&amp;ssl=1 300w, https:\/\/cdn.coolvaria.com\/wp-content\/uploads\/Wijnkoelkast-40-flessen-plateaus-CoolVaria-768x484.jpg?strip=all&amp;lossy=1&amp;ssl=1 768w, https:\/\/cdn.coolvaria.com\/wp-content\/uploads\/Wijnkoelkast-40-flessen-plateaus-CoolVaria-18x12.jpg?strip=all&amp;lossy=1&amp;ssl=1 18w, https:\/\/cdn.coolvaria.com\/wp-content\/uploads\/Wijnkoelkast-40-flessen-plateaus-CoolVaria.jpg?strip=all&amp;lossy=1&amp;ssl=1 1270w, https:\/\/cdn.coolvaria.com\/wp-content\/uploads\/Wijnkoelkast-40-flessen-plateaus-CoolVaria.jpg?strip=all&amp;lossy=1&amp;w=128&amp;ssl=1 128w, https:\/\/cdn.coolvaria.com\/wp-content\/uploads\/Wijnkoelkast-40-flessen-plateaus-CoolVaria.jpg?strip=all&amp;lossy=1&amp;w=512&amp;ssl=1 512w, https:\/\/cdn.coolvaria.com\/wp-content\/uploads\/Wijnkoelkast-40-flessen-plateaus-CoolVaria.jpg?strip=all&amp;lossy=1&amp;w=640&amp;ssl=1 640w\" sizes=\"(max-width: 640px) 100vw, 640px\" \/><figcaption id=\"caption-attachment-9893\" class=\"wp-caption-text\">Un collage avec un casier \u00e0 vin en bois, un support \u00e0 verres avec verres \u00e0 vin et bouteille, et une armoire \u00e0 vin climatique (40 bouteilles, multizone, 84 cm de hauteur) dans une pi\u00e8ce.<\/figcaption><\/figure>\n<h3 class=\"gt-block\" style=\"text-align: left;\"><strong>D&#039;autres mod\u00e8les disponibles ?<\/strong><\/h3>\n<p class=\"gt-block\" style=\"text-align: left;\"><a href=\"https:\/\/coolvaria.com\/fr\/p\/cave-a-vin-climatique-pt-s-40-bouteilles\/?build=Ja&amp;type=Wine&amp;volume=40&amp;zone=dualzone\">-Cave \u00e0 vin climatique, mod\u00e8le avec \u00a0<u>deux zones de temp\u00e9rature pour 40 bouteilles<\/u>, cliquez sur le mod\u00e8le ci-dessous.<\/a><\/p>\n<p class=\"gt-block\" style=\"text-align: left;\"><a href=\"https:\/\/coolvaria.com\/fr\/p\/cave-a-champagne-25-litres\/\">-Refroidisseur \u00e0 vin, mod\u00e8le avec une zone de temp\u00e9rature pour 8 bouteilles (mod\u00e8le plus petit), cliquez sur le mod\u00e8le ci-dessous.<\/a><\/p>\n<p class=\"gt-block\" style=\"text-align: left;\"><a href=\"https:\/\/coolvaria.com\/fr\/p\/cave-a-vin-pt-s-120-bouteilles\/?build=Ja&amp;type=Wine&amp;volume=120&amp;zone=singlezone\">-Cave \u00e0 vin climatique, mod\u00e8le avec \u00a0<u>une zone de temp\u00e9rature pour 120 bouteilles (mod\u00e8le plus grand)<\/u>, cliquez sur le mod\u00e8le ci-dessous.<\/a><\/p>\n<p><a href=\"https:\/\/coolvaria.com\/fr\/p\/cave-a-vin-de-conservation-pt-s-200-40\/\">\u00a0 <\/a><a href=\"https:\/\/coolvaria.com\/fr\/p\/cave-a-vin-climatique-pt-s-40-bouteilles\/?build=Ja&amp;type=Wine&amp;volume=40&amp;zone=dualzone\"><img decoding=\"async\" class=\"alignnone wp-image-9892\" src=\"https:\/\/cdn.coolvaria.com\/wp-content\/uploads\/pts_wine_40_basis_dual.webp?strip=all&lossy=1&resize=125%2C325&ssl=1\" alt=\"\" width=\"125\" height=\"325\" srcset=\"https:\/\/cdn.coolvaria.com\/wp-content\/uploads\/pts_wine_40_basis_dual.webp?strip=all&lossy=1&resize=125%2C325&ssl=1 125w, https:\/\/cdn.coolvaria.com\/wp-content\/uploads\/pts_wine_40_basis_dual.webp?strip=all&amp;lossy=1&amp;ssl=1 441w, https:\/\/cdn.coolvaria.com\/wp-content\/uploads\/pts_wine_40_basis_dual-433x1127.webp?strip=all&amp;lossy=1&amp;ssl=1 433w, https:\/\/cdn.coolvaria.com\/wp-content\/uploads\/pts_wine_40_basis_dual-115x300.webp?strip=all&amp;lossy=1&amp;ssl=1 115w, https:\/\/cdn.coolvaria.com\/wp-content\/uploads\/pts_wine_40_basis_dual-393x1024.webp?strip=all&amp;lossy=1&amp;ssl=1 393w, https:\/\/cdn.coolvaria.com\/wp-content\/uploads\/pts_wine_40_basis_dual-5x12.webp?strip=all&amp;lossy=1&amp;ssl=1 5w, https:\/\/cdn.coolvaria.com\/wp-content\/uploads\/pts_wine_40_basis_dual.webp?strip=all&amp;lossy=1&amp;w=256&amp;ssl=1 256w\" sizes=\"(max-width: 125px) 100vw, 125px\" \/><\/a><a href=\"https:\/\/coolvaria.com\/fr\/p\/cave-a-champagne-25-litres\/\"><img decoding=\"async\" class=\"alignnone wp-image-9895\" src=\"https:\/\/cdn.coolvaria.com\/wp-content\/uploads\/Wijn-8-flessen-CoolVaria.webp?strip=all&lossy=1&resize=125%2C325&ssl=1\" alt=\"\" width=\"125\" height=\"325\" srcset=\"https:\/\/cdn.coolvaria.com\/wp-content\/uploads\/Wijn-8-flessen-CoolVaria.webp?strip=all&lossy=1&resize=125%2C325&ssl=1 125w, https:\/\/cdn.coolvaria.com\/wp-content\/uploads\/Wijn-8-flessen-CoolVaria.webp?strip=all&amp;lossy=1&amp;ssl=1 441w, https:\/\/cdn.coolvaria.com\/wp-content\/uploads\/Wijn-8-flessen-CoolVaria-433x1127.webp?strip=all&amp;lossy=1&amp;ssl=1 433w, https:\/\/cdn.coolvaria.com\/wp-content\/uploads\/Wijn-8-flessen-CoolVaria-115x300.webp?strip=all&amp;lossy=1&amp;ssl=1 115w, https:\/\/cdn.coolvaria.com\/wp-content\/uploads\/Wijn-8-flessen-CoolVaria-393x1024.webp?strip=all&amp;lossy=1&amp;ssl=1 393w, https:\/\/cdn.coolvaria.com\/wp-content\/uploads\/Wijn-8-flessen-CoolVaria-5x12.webp?strip=all&amp;lossy=1&amp;ssl=1 5w, https:\/\/cdn.coolvaria.com\/wp-content\/uploads\/Wijn-8-flessen-CoolVaria.webp?strip=all&amp;lossy=1&amp;w=256&amp;ssl=1 256w\" sizes=\"(max-width: 125px) 100vw, 125px\" \/>\u00a0 <\/a><a href=\"https:\/\/coolvaria.com\/fr\/p\/cave-a-vin-pt-s-120-bouteilles\/?build=Ja&amp;type=Wine&amp;volume=120&amp;zone=singlezone\"><img decoding=\"async\" class=\"alignnone wp-image-9889\" src=\"https:\/\/cdn.coolvaria.com\/wp-content\/uploads\/pts_wine_120_basis-1zone.webp?strip=all&lossy=1&resize=125%2C325&ssl=1\" alt=\"\" width=\"125\" height=\"325\" srcset=\"https:\/\/cdn.coolvaria.com\/wp-content\/uploads\/pts_wine_120_basis-1zone.webp?strip=all&lossy=1&resize=125%2C325&ssl=1 125w, https:\/\/cdn.coolvaria.com\/wp-content\/uploads\/pts_wine_120_basis-1zone.webp?strip=all&amp;lossy=1&amp;ssl=1 441w, https:\/\/cdn.coolvaria.com\/wp-content\/uploads\/pts_wine_120_basis-1zone-433x1127.webp?strip=all&amp;lossy=1&amp;ssl=1 433w, https:\/\/cdn.coolvaria.com\/wp-content\/uploads\/pts_wine_120_basis-1zone-115x300.webp?strip=all&amp;lossy=1&amp;ssl=1 115w, https:\/\/cdn.coolvaria.com\/wp-content\/uploads\/pts_wine_120_basis-1zone-393x1024.webp?strip=all&amp;lossy=1&amp;ssl=1 393w, https:\/\/cdn.coolvaria.com\/wp-content\/uploads\/pts_wine_120_basis-1zone-5x12.webp?strip=all&amp;lossy=1&amp;ssl=1 5w, https:\/\/cdn.coolvaria.com\/wp-content\/uploads\/pts_wine_120_basis-1zone.webp?strip=all&amp;lossy=1&amp;w=256&amp;ssl=1 256w\" sizes=\"(max-width: 125px) 100vw, 125px\" \/><\/a><\/p>\n<h3 class=\"gt-block\" style=\"text-align: left;\"><strong>Plus d&#039;informations (photos, fonctionnement, etc.) ?<\/strong><\/h3>\n<p style=\"text-align: left;\"><a href=\"https:\/\/coolvaria.com\/fr\/photos-de-la-cave-a-vin-climatique-40\/\">-Pour plus de photos de ce mod\u00e8le, cliquez ici.<\/a><\/p>\n<p class=\"gt-block\" style=\"text-align: left;\">&#8211;<a href=\"https:\/\/coolvaria.com\/fr\/informations-complementaires-sur-les-caves-climatiques-a-vin\/\">Pour plus d\u2019informations, comme une explication compl\u00e8te de son fonctionnement ou des instructions d\u2019installation, cliquez ici.<\/a><\/p>\n<div class=\"elementor-element elementor-element-92b612e elementor-widget elementor-widget-heading\" data-id=\"92b612e\" data-element_type=\"widget\" data-widget_type=\"heading.default\" data-trid=\"668\">\n<div class=\"elementor-widget-container\" data-trid=\"669\">\n<h2 data-trid=\"670\"><\/h2>\n<h2 class=\"elementor-heading-title elementor-size-large\" style=\"text-align: left;\" data-trid=\"670\">Pouvons-nous vous aider dans votre choix ?<\/h2>\n<\/div>\n<\/div>\n<div class=\"elementor-element elementor-element-e9c05b1 elementor-widget elementor-widget-text-editor\" data-id=\"e9c05b1\" data-element_type=\"widget\" data-widget_type=\"text-editor.default\" data-trid=\"671\">\n<div class=\"elementor-widget-container\" data-trid=\"672\">\n<p style=\"text-align: left;\" data-trid=\"673\"><b>Appelez-nous au +31 (30)25 111 91 ou remplissez le formulaire de contact.<\/b><\/p>\n<p style=\"text-align: left;\" data-trid=\"673\">Plus de 40 restaurants \u00e9toil\u00e9s Michelin, bars, traiteurs, cavistes, magasins d&#039;alcool, industriels, gouvernements, repr\u00e9sentations diplomatiques et consulaires, universit\u00e9s et bien s\u00fbr consommateurs vous ont pr\u00e9c\u00e9d\u00e9 (<a href=\"https:\/\/coolvaria.com\/fr\/a-propos-de-nous\/\" data-trid=\"678\">cliquez ici pour les r\u00e9f\u00e9rences<\/a>).<\/p>\n<\/div>\n<\/div>\n<h4 style=\"text-align: center;\"><\/h4>\n<p>&nbsp;<\/p>\n<h4 style=\"text-align: center;\"><b>Formulaire de contact<\/b><\/h4>\n<p style=\"text-align: left;\"><div class=\"forminator-ui forminator-custom-form forminator-custom-form-7542 forminator-design--default  forminator_ajax\" data-forminator-render=\"0\" data-form=\"forminator-module-7542\" data-uid=\"69de4fc36b291\"><br\/><\/div><form\n\t\t\t\tid=\"forminator-module-7542\"\n\t\t\t\tclass=\"forminator-ui forminator-custom-form forminator-custom-form-7542 forminator-design--default  forminator_ajax\"\n\t\t\t\tmethod=\"post\"\n\t\t\t\tdata-forminator-render=\"0\"\n\t\t\t\tdata-form-id=\"7542\"\n\t\t\t\t\n\t\t\t\tdata-design=\"default\"\n\t\t\t\t\n\t\t\t\t\n\t\t\t\t\n\t\t\t\tdata-grid=\"open\"\n\t\t\t\t\n\t\t\t\t\n\t\t\t\tstyle=\"display: none;\"\n\t\t\t\t\n\t\t\t\tdata-uid=\"69de4fc36b291\" action=\"\"\n\t\t\t><div role=\"alert\" aria-live=\"polite\" class=\"forminator-response-message forminator-error\" aria-hidden=\"true\"><\/div><div class=\"forminator-row\"><input type=\"hidden\" id=\"hidden-2_69de4fc36b291\" name=\"hidden-2\" value=\"Wijn bewaarkast (40 flessen, \u00e9\u00e9n zone, 84cm hoogte)\" \/><input type=\"hidden\" id=\"hidden-1_69de4fc36b291\" name=\"hidden-1\" value=\"https:\/\/coolvaria.com\/fr\/p\/cave-a-vin-de-conservation-pt-s-200-40\/\" \/><\/div><div class=\"forminator-row\"><div id=\"name-1\" class=\"forminator-field-name forminator-col forminator-col-12\"><div class=\"forminator-row forminator-no-margin\" data-multiple=\"true\"><div class=\"forminator-col forminator-col-md-6\"><div class=\"forminator-field\"><label for=\"forminator-field-first-name-1_69de4fc36b291\" class=\"forminator-label\" id=\"forminator-field-first-name-1_69de4fc36b291-label\">Pr\u00e9nom <span class=\"forminator-required\">*<\/span><\/label><input type=\"text\" name=\"name-1-first-name\" placeholder=\"\" id=\"forminator-field-first-name-1_69de4fc36b291\" class=\"forminator-input\" aria-required=\"true\" data-multi=\"1\" value=\"\" \/><\/div><\/div><div class=\"forminator-col forminator-col-md-6\"><div class=\"forminator-field\"><label for=\"forminator-field-last-name-1_69de4fc36b291\" class=\"forminator-label\" id=\"forminator-field-last-name-1_69de4fc36b291-label\">nom de famille <span class=\"forminator-required\">*<\/span><\/label><input type=\"text\" name=\"name-1-last-name\" placeholder=\"\" id=\"forminator-field-last-name-1_69de4fc36b291\" class=\"forminator-input\" aria-required=\"true\" data-multi=\"1\" value=\"\" \/><\/div><\/div><\/div><\/div><\/div><div class=\"forminator-row\"><div id=\"text-1\" class=\"forminator-field-text forminator-col forminator-col-12\"><div class=\"forminator-field\"><label for=\"forminator-field-text-1_69de4fc36b291\" class=\"forminator-label\" id=\"forminator-field-text-1_69de4fc36b291-label\">Nom de l&#039;entreprise<\/label><input type=\"text\" name=\"text-1\" value=\"\" placeholder=\"le cas \u00e9ch\u00e9ant\" id=\"forminator-field-text-1_69de4fc36b291\" class=\"forminator-input forminator-name--field\" data-required=\"\" \/><\/div><\/div><\/div><div class=\"forminator-row\"><div id=\"email-1\" class=\"forminator-field-email forminator-col forminator-col-12\"><div class=\"forminator-field\"><label for=\"forminator-field-email-1_69de4fc36b291\" class=\"forminator-label\" id=\"forminator-field-email-1_69de4fc36b291-label\">Adresse e-mail <span class=\"forminator-required\">*<\/span><\/label><input type=\"email\" name=\"email-1\" value=\"\" placeholder=\"\" id=\"forminator-field-email-1_69de4fc36b291\" class=\"forminator-input forminator-email--field\" data-required=\"true\" aria-required=\"true\" \/><\/div><\/div><\/div><div class=\"forminator-row\"><div id=\"phone-1\" class=\"forminator-field-phone forminator-col forminator-col-12\"><div class=\"forminator-field\"><label for=\"forminator-field-phone-1_69de4fc36b291\" class=\"forminator-label\" id=\"forminator-field-phone-1_69de4fc36b291-label\">num\u00e9ro de t\u00e9l\u00e9phone<\/label><input type=\"text\" name=\"phone-1\" value=\"\" placeholder=\"\" id=\"forminator-field-phone-1_69de4fc36b291\" class=\"forminator-input forminator-field--phone\" data-required=\"\" aria-required=\"false\" autocomplete=\"off\" data-validation=\"1\" \/><\/div><\/div><\/div><div class=\"forminator-row\"><div id=\"checkbox-1\" class=\"forminator-field-checkbox forminator-col forminator-col-12\"><div role=\"group\" class=\"forminator-field\" aria-labelledby=\"forminator-checkbox-group-69de4fc36b291-label\"><h4 id=\"forminator-checkbox-group-69de4fc36b291-label\" class=\"forminator-label\">Je veux:<\/h4><label id=\"forminator-field-checkbox-1-1-69de4fc36b291-label\" for=\"forminator-field-checkbox-1-1-69de4fc36b291\" class=\"forminator-checkbox\" title=\"demander un devis:\"><input type=\"checkbox\" name=\"checkbox-1[]\" value=\"service-1\" id=\"forminator-field-checkbox-1-1-69de4fc36b291\" aria-labelledby=\"forminator-field-checkbox-1-1-69de4fc36b291-label\" data-calculation=\"0\"   aria-describedby=\"forminator-field-checkbox-1-69de4fc36b291-description\"\/><span class=\"forminator-checkbox-box\" aria-hidden=\"true\"><\/span><span class=\"forminator-checkbox-label\">demander un devis:<\/span><\/label><label id=\"forminator-field-checkbox-1-2-69de4fc36b291-label\" for=\"forminator-field-checkbox-1-2-69de4fc36b291\" class=\"forminator-checkbox\" title=\"demandez quelque chose sur la TVA (pour les entreprises)\u00a0:\"><input type=\"checkbox\" name=\"checkbox-1[]\" value=\"service-2\" id=\"forminator-field-checkbox-1-2-69de4fc36b291\" aria-labelledby=\"forminator-field-checkbox-1-2-69de4fc36b291-label\" data-calculation=\"0\"   aria-describedby=\"forminator-field-checkbox-1-69de4fc36b291-description\"\/><span class=\"forminator-checkbox-box\" aria-hidden=\"true\"><\/span><span class=\"forminator-checkbox-label\">demandez quelque chose sur la TVA (pour les entreprises)\u00a0:<\/span><\/label><label id=\"forminator-field-checkbox-1-3-69de4fc36b291-label\" for=\"forminator-field-checkbox-1-3-69de4fc36b291\" class=\"forminator-checkbox\" title=\"prendre rendez-vous pour une visite\u00a0:\"><input type=\"checkbox\" name=\"checkbox-1[]\" value=\"Ik-wil-een-bezichtigingsafspraak-maken\" id=\"forminator-field-checkbox-1-3-69de4fc36b291\" aria-labelledby=\"forminator-field-checkbox-1-3-69de4fc36b291-label\" data-calculation=\"0\"   aria-describedby=\"forminator-field-checkbox-1-69de4fc36b291-description\"\/><span class=\"forminator-checkbox-box\" aria-hidden=\"true\"><\/span><span class=\"forminator-checkbox-label\">prendre rendez-vous pour une visite\u00a0:<\/span><\/label><label id=\"forminator-field-checkbox-1-4-69de4fc36b291-label\" for=\"forminator-field-checkbox-1-4-69de4fc36b291\" class=\"forminator-checkbox\" title=\"questions sur la disponibilit\u00e9 (stock) :\"><input type=\"checkbox\" name=\"checkbox-1[]\" value=\"iets-vragen-over-de-beschikbaarheid\" id=\"forminator-field-checkbox-1-4-69de4fc36b291\" aria-labelledby=\"forminator-field-checkbox-1-4-69de4fc36b291-label\" data-calculation=\"0\"   aria-describedby=\"forminator-field-checkbox-1-69de4fc36b291-description\"\/><span class=\"forminator-checkbox-box\" aria-hidden=\"true\"><\/span><span class=\"forminator-checkbox-label\">questions sur la disponibilit\u00e9 (stock) :<\/span><\/label><label id=\"forminator-field-checkbox-1-5-69de4fc36b291-label\" for=\"forminator-field-checkbox-1-5-69de4fc36b291\" class=\"forminator-checkbox\" title=\"Puis-je \u00eatre tenu inform\u00e9 des nouveaux stocks ?\"><input type=\"checkbox\" name=\"checkbox-1[]\" value=\"Kan ik op de hoogte gehouden worden over nieuwe voorraad\" id=\"forminator-field-checkbox-1-5-69de4fc36b291\" aria-labelledby=\"forminator-field-checkbox-1-5-69de4fc36b291-label\" data-calculation=\"0\"   aria-describedby=\"forminator-field-checkbox-1-69de4fc36b291-description\"\/><span class=\"forminator-checkbox-box\" aria-hidden=\"true\"><\/span><span class=\"forminator-checkbox-label\">Puis-je \u00eatre tenu inform\u00e9 des nouveaux stocks ?<\/span><\/label><label id=\"forminator-field-checkbox-1-6-69de4fc36b291-label\" for=\"forminator-field-checkbox-1-6-69de4fc36b291\" class=\"forminator-checkbox\" title=\"demande autre chose :\"><input type=\"checkbox\" name=\"checkbox-1[]\" value=\"Anders\" id=\"forminator-field-checkbox-1-6-69de4fc36b291\" aria-labelledby=\"forminator-field-checkbox-1-6-69de4fc36b291-label\" data-calculation=\"0\"   aria-describedby=\"forminator-field-checkbox-1-69de4fc36b291-description\"\/><span class=\"forminator-checkbox-box\" aria-hidden=\"true\"><\/span><span class=\"forminator-checkbox-label\">demande autre chose :<\/span><\/label><\/div><\/div><\/div><div class=\"forminator-row\"><div id=\"textarea-1\" class=\"forminator-field-textarea forminator-col forminator-col-12\"><div class=\"forminator-field\"><label for=\"forminator-field-textarea-1_69de4fc36b291\" id=\"forminator-field-textarea-1_69de4fc36b291-label\" class=\"forminator-label\">Message<\/label><textarea name=\"textarea-1\" placeholder=\"\" id=\"forminator-field-textarea-1_69de4fc36b291\" class=\"forminator-textarea\" rows=\"6\" style=\"min-height:140px;\" maxlength=\"180\" ><\/textarea><span id=\"forminator-field-textarea-1_69de4fc36b291-description\" class=\"forminator-description\"><span data-limit=\"180\" data-type=\"characters\">0 \/ 180<\/span><\/span><\/div><\/div><\/div><input type=\"hidden\" name=\"referer_url\" value=\"\" \/><div class=\"forminator-row forminator-row-last\"><div class=\"forminator-col\"><div class=\"forminator-field\"><button class=\"forminator-button forminator-button-submit\">Envoyez<\/button><\/div><\/div><\/div><input type=\"hidden\" id=\"forminator_nonce\" name=\"forminator_nonce\" value=\"072a3e315d\" \/><input type=\"hidden\" name=\"_wp_http_referer\" value=\"\/fr\/wp-json\/wp\/v2\/product\/2973\" \/><input type=\"hidden\" name=\"form_id\" value=\"7542\"><input type=\"hidden\" name=\"page_id\" value=\"2973\"><input type=\"hidden\" name=\"form_type\" value=\"default\"><input type=\"hidden\" name=\"current_url\" value=\"https:\/\/coolvaria.com\/fr\/p\/cave-a-vin-de-conservation-pt-s-200-40\/\"><input type=\"hidden\" name=\"render_id\" value=\"0\"><input type=\"hidden\" name=\"action\" value=\"forminator_submit_form_custom-forms\"><input type=\"hidden\" name=\"trp-form-language\" value=\"fr\"\/><\/form><\/p>","protected":false},"excerpt":{"rendered":"<p>*Le nombre de bouteilles est bas\u00e9 sur 0,75L (format Bordeaux). En utilisant d&#039;autres tailles de bouteilles, le nombre total de bouteilles peut varier.<\/p>","protected":false},"featured_media":2717,"template":"","meta":{"_sitemap_exclude":false,"_sitemap_priority":"","_sitemap_frequency":""},"product_cat":[58],"product_tag":[],"class_list":["post-2973","product","type-product","status-publish","has-post-thumbnail","hentry","product_cat-wijn","product_shipping_class-flat-rate","pa_extra-plateaus-mogelijk-ja-mogelijk","pa_omgevingstemperatuur-0-38-c","pa_temperature-een-temperatuurzone","pa_temperatuurbereik-5-20-c","pa_volume-40-flessen-2","layout-style-2","col-md-4 col-sm-4 col-xs-6","product-has-gallery","product-style-addtocart"],"_links":{"self":[{"href":"https:\/\/coolvaria.com\/fr\/wp-json\/wp\/v2\/product\/2973","targetHints":{"allow":["GET"]}}],"collection":[{"href":"https:\/\/coolvaria.com\/fr\/wp-json\/wp\/v2\/product"}],"about":[{"href":"https:\/\/coolvaria.com\/fr\/wp-json\/wp\/v2\/types\/product"}],"wp:featuredmedia":[{"embeddable":true,"href":"https:\/\/coolvaria.com\/fr\/wp-json\/wp\/v2\/media\/2717"}],"wp:attachment":[{"href":"https:\/\/coolvaria.com\/fr\/wp-json\/wp\/v2\/media?parent=2973"}],"wp:term":[{"taxonomy":"product_cat","embeddable":true,"href":"https:\/\/coolvaria.com\/fr\/wp-json\/wp\/v2\/product_cat?post=2973"},{"taxonomy":"product_tag","embeddable":true,"href":"https:\/\/coolvaria.com\/fr\/wp-json\/wp\/v2\/product_tag?post=2973"}],"curies":[{"name":"wp","href":"https:\/\/api.w.org\/{rel}","templated":true}]}}