{"id":2972,"date":"2022-01-31T12:29:32","date_gmt":"2022-01-31T12:29:32","guid":{"rendered":"\/?post_type=product&#038;p=2972"},"modified":"2026-02-23T13:20:06","modified_gmt":"2026-02-23T12:20:06","slug":"kaas-bewaarkast-pt-s-200","status":"publish","type":"product","link":"https:\/\/coolvaria.com\/fr\/p\/fromage-monozone-pt-s-200\/","title":{"rendered":"Cave \u00e0 fromage (volume de fromage 105 litres, HxLxP : 84x59x57cm)"},"content":{"rendered":"<h4 class=\"gt-block\" style=\"text-align: left;\">La cave \u00e0 fromage dispose d'une zone de temp\u00e9rature que vous pouvez r\u00e9gler par degr\u00e9 !<\/h4>\n<p class=\"gt-block\" style=\"text-align: left;\">Nous recommandons une temp\u00e9rature d&#039;environ 12 \u2013 13\u00b0C pour tous les fromages au moment de servir, selon votre pr\u00e9f\u00e9rence.<\/p>\n<p class=\"gt-block\" style=\"text-align: left;\">La cave \u00e0 fromage est r\u00e9glable entre 06 et 18\u00b0C \u200b\u200b\u200b\u200b\u200b\u200bet est refroidie par un compresseur, de sorte que la temp\u00e9rature ambiante n'a aucune influence sur le fonctionnement.<\/p>\n<p>&nbsp;<\/p>\n<p style=\"text-align: left;\">L&#039;\u00e9cran affiche la temp\u00e9rature et l&#039;humidit\u00e9 (l&#039;indicateur d&#039;humidit\u00e9 est li\u00e9 \u00e0 la jauge de temp\u00e9rature et il n&#039;y a pas de capteur s\u00e9par\u00e9 - ce capteur est indicatif).<\/p>\n<p>&nbsp;<\/p>\n<p style=\"text-align: left;\"><b>Quelques exemples de temp\u00e9ratures :<\/b><\/p>\n<ul style=\"text-align: left;\">\n<li>Fromages \u00e0 p\u00e2te dure - p\u00e2tes press\u00e9es (Beaufort, Gruy\u00e8re) entre 8 et 10\u00b0C<\/li>\n<li>Fromages \u00e0 cro\u00fbte fleurie, blanche ou \u00e0 moisissure blanche (brie, camembert, brouillard de humboldt) \u00e0 8\u00b0C<\/li>\n<li>Fromages Pont l&#039;Ev\u00eaque entre 8 et 12\u00b0C<\/li>\n<li>Les p\u00e2tes persill\u00e9es - fromages bleus (Roquefort, Bleu Danois) entre 11 et 12\u00b0C<\/li>\n<\/ul>\n<p style=\"text-align: left;\">Pour conserver tous les fromages en m\u00eame temps, une temp\u00e9rature de<u> 9 \u2013 13\u00b0C<\/u>.<\/p>\n<p>&nbsp;<\/p>\n<h4 style=\"text-align: left;\"><b>Configuration<\/b><\/h4>\n<p style=\"text-align: left;\">Cette cave \u00e0 fromage est \u00e9quip\u00e9e de la configuration la plus optimale ; <b>3 clayettes extensibles<\/b> donc 4 \u00ab compartiments \u00bb (y compris le fond) pour ranger tous vos fromages. Si vous souhaitez modifier la position des clayettes, cela est bien entendu possible pour toutes les clayettes.<\/p>\n<p>&nbsp;<\/p>\n<p style=\"text-align: left;\">S\u00e9par\u00e9ment, par exemple, vous pouvez placer une planche sur les clayettes. Cette planche peut, par exemple, \u00eatre faite de bois que vous appelez \u00ab<b>Plateau \u00e0 fromage<\/b>\u00bb vous pourrez l'utiliser pour servir votre fromage directement sur la table. Vous pouvez \u00e9galement placer des couteaux et des assiettes \u00e0 fromage dans la cave \u00e0 fromage afin d'avoir tous les fromages et accessoires associ\u00e9s \u00e0 la bonne temp\u00e9rature pour d\u00e9guster les fromages de mani\u00e8re optimale !<\/p>\n<p>&nbsp;<\/p>\n<p style=\"text-align: left;\">Le dessus de la cave \u00e0 fromage peut avoir un poids, de sorte que des couteaux, des assiettes, du pain, des raisins, des figues ou m\u00eame un bon vin (avec des verres) puissent \u00eatre plac\u00e9s \u00e0 proximit\u00e9 du fromage pour cr\u00e9er un \u00ab coin fromage \u00bb sp\u00e9cial !<\/p>\n<h4 style=\"text-align: left;\"><b><u>Quelques Caract\u00e9ristiques :<\/u><\/b><\/h4>\n<table style=\"font-weight: 400; height: 520px;\" width=\"656\">\n<tbody>\n<tr>\n<td style=\"text-align: left;\" width=\"302\"><strong>Capacit\u00e9:<\/strong><\/td>\n<td style=\"text-align: left;\" width=\"302\">105 litres<\/td>\n<\/tr>\n<tr>\n<td style=\"text-align: left;\" width=\"302\"><strong>Dimensions (lxpxh) : \u00a0\u00a0\u00a0 <\/strong><\/td>\n<td style=\"text-align: left;\" width=\"302\">60x57x84cm<\/td>\n<\/tr>\n<tr>\n<td style=\"text-align: left;\" width=\"302\"><strong>Zone(s) de temp\u00e9rature<\/strong><\/td>\n<td style=\"text-align: left;\" width=\"302\">1<\/td>\n<\/tr>\n<tr>\n<td style=\"text-align: left;\" width=\"302\"><strong>\u00c9cart de temp\u00e9rature:\u00a0<\/strong><\/td>\n<td style=\"text-align: left;\" width=\"302\">6-18\u00b0C<\/td>\n<\/tr>\n<tr>\n<td style=\"text-align: left;\" width=\"302\"><strong>Nombre des clayettes :<\/strong><\/td>\n<td style=\"text-align: left;\" width=\"302\">3 pi\u00e8ces<\/td>\n<\/tr>\n<tr>\n<td style=\"text-align: left;\" width=\"302\"><strong>Plateformes extensibles\u00a0:<\/strong><\/td>\n<td style=\"text-align: left;\" width=\"302\">Oui (3x \u2013 syst\u00e8me de garde-corps \u00e0 roulement \u00e0 billes)<\/td>\n<\/tr>\n<\/tbody>\n<\/table>\n<h6><\/h6>\n<h5 style=\"text-align: left;\">Voir pour <strong><u>tous<\/u> les caract\u00e9ristiques<\/strong> \u00a0-&gt; <b><u>Caract\u00e9ristiques<\/u><\/b> (en haut, juste \u00e0 c\u00f4t\u00e9 - droite - <b>Description<\/b>)<\/h5>\n<p style=\"text-align: left;\"><img decoding=\"async\" class=\"wp-image-9912 aligncenter\" src=\"https:\/\/cdn.coolvaria.com\/wp-content\/uploads\/Kaas-klimaatkast-105-liter-plateaus-CoolVaria.jpg?strip=all&lossy=1&resize=640%2C325&ssl=1\" alt=\"\" width=\"640\" height=\"325\" srcset=\"https:\/\/cdn.coolvaria.com\/wp-content\/uploads\/Kaas-klimaatkast-105-liter-plateaus-CoolVaria.jpg?strip=all&amp;lossy=1&amp;ssl=1 970w, https:\/\/cdn.coolvaria.com\/wp-content\/uploads\/Kaas-klimaatkast-105-liter-plateaus-CoolVaria-433x220.jpg?strip=all&amp;lossy=1&amp;ssl=1 433w, https:\/\/cdn.coolvaria.com\/wp-content\/uploads\/Kaas-klimaatkast-105-liter-plateaus-CoolVaria-937x475.jpg?strip=all&amp;lossy=1&amp;ssl=1 937w, https:\/\/cdn.coolvaria.com\/wp-content\/uploads\/Kaas-klimaatkast-105-liter-plateaus-CoolVaria-300x152.jpg?strip=all&amp;lossy=1&amp;ssl=1 300w, https:\/\/cdn.coolvaria.com\/wp-content\/uploads\/Kaas-klimaatkast-105-liter-plateaus-CoolVaria-768x390.jpg?strip=all&amp;lossy=1&amp;ssl=1 768w, https:\/\/cdn.coolvaria.com\/wp-content\/uploads\/Kaas-klimaatkast-105-liter-plateaus-CoolVaria-18x9.jpg?strip=all&amp;lossy=1&amp;ssl=1 18w, https:\/\/cdn.coolvaria.com\/wp-content\/uploads\/Kaas-klimaatkast-105-liter-plateaus-CoolVaria.jpg?strip=all&amp;lossy=1&amp;w=128&amp;ssl=1 128w, https:\/\/cdn.coolvaria.com\/wp-content\/uploads\/Kaas-klimaatkast-105-liter-plateaus-CoolVaria.jpg?strip=all&amp;lossy=1&amp;w=512&amp;ssl=1 512w, https:\/\/cdn.coolvaria.com\/wp-content\/uploads\/Kaas-klimaatkast-105-liter-plateaus-CoolVaria.jpg?strip=all&amp;lossy=1&amp;w=640&amp;ssl=1 640w\" sizes=\"(max-width: 640px) 100vw, 640px\" \/><\/p>\n<h3 class=\"gt-block\" style=\"text-align: left;\"><strong>D&#039;autres mod\u00e8les disponibles ?<\/strong><\/h3>\n<p class=\"gt-block\" style=\"text-align: left;\"><a href=\"https:\/\/coolvaria.com\/fr\/p\/cave-a-fromage-25-litres\/?build=Ja&amp;type=Cheese&amp;volume=25&amp;zone=singlezone\">-Une cave \u00e0 fromage de 25 litres (plus petit mod\u00e8le), cliquez sur le mod\u00e8le ci-dessous.<\/a><\/p>\n<p class=\"gt-block\" style=\"text-align: left;\"><a href=\"https:\/\/coolvaria.com\/fr\/p\/cave-a-fromage-25-litres\/?build=Ja&amp;type=Cheese&amp;volume=25&amp;zone=singlezone\">\u00a0\u00a0\u00a0\u00a0\u00a0 <\/a><a href=\"https:\/\/coolvaria.com\/fr\/p\/cave-a-fromage-25-litres\/?build=Ja&amp;type=Cheese&amp;volume=25&amp;zone=singlezone\"><img decoding=\"async\" class=\"alignnone wp-image-9913\" src=\"https:\/\/cdn.coolvaria.com\/wp-content\/uploads\/pts_cheese_1500_basis_light.png?strip=all&lossy=1&resize=300%2C265&ssl=1\" alt=\"\" width=\"300\" height=\"265\" srcset=\"https:\/\/cdn.coolvaria.com\/wp-content\/uploads\/pts_cheese_1500_basis_light.png?strip=all&amp;lossy=1&amp;ssl=1 872w, https:\/\/cdn.coolvaria.com\/wp-content\/uploads\/pts_cheese_1500_basis_light-433x383.png?strip=all&amp;lossy=1&amp;ssl=1 433w, https:\/\/cdn.coolvaria.com\/wp-content\/uploads\/pts_cheese_1500_basis_light-300x265.png?strip=all&amp;lossy=1&amp;ssl=1 300w, https:\/\/cdn.coolvaria.com\/wp-content\/uploads\/pts_cheese_1500_basis_light-768x679.png?strip=all&amp;lossy=1&amp;ssl=1 768w, https:\/\/cdn.coolvaria.com\/wp-content\/uploads\/pts_cheese_1500_basis_light-14x12.png?strip=all&amp;lossy=1&amp;ssl=1 14w, https:\/\/cdn.coolvaria.com\/wp-content\/uploads\/pts_cheese_1500_basis_light.png?strip=all&amp;lossy=1&amp;w=128&amp;ssl=1 128w, https:\/\/cdn.coolvaria.com\/wp-content\/uploads\/pts_cheese_1500_basis_light.png?strip=all&amp;lossy=1&amp;w=512&amp;ssl=1 512w, https:\/\/cdn.coolvaria.com\/wp-content\/uploads\/pts_cheese_1500_basis_light.png?strip=all&amp;lossy=1&amp;w=640&amp;ssl=1 640w\" sizes=\"(max-width: 300px) 100vw, 300px\" \/><\/a><\/p>\n<h3 class=\"gt-block\" style=\"text-align: left;\"><strong>Plus d&#039;informations (comment \u00e7a marche, pourquoi, cadeau) ?<\/strong><\/h3>\n<p style=\"text-align: left;\"><a href=\"https:\/\/coolvaria.com\/fr\/pourquoi-une-armoire-climatique-a-fromage\/\">-Pourquoi une cave \u00e0 fromage et quelle temp\u00e9rature ? cliquer ici<\/a><\/p>\n<p style=\"text-align: left;\"><a href=\"https:\/\/coolvaria.com\/fr\/informations-complementaires-sur-les-armoires-climatiques-a-fromage\/\">-Pour une explication compl\u00e8te du fonctionnement de cette cave \u00e0 fromage, cliquez ici<\/a><\/p>\n<div class=\"elementor-element elementor-element-92b612e elementor-widget elementor-widget-heading\" data-id=\"92b612e\" data-element_type=\"widget\" data-widget_type=\"heading.default\" data-trid=\"668\">\n<div class=\"elementor-widget-container\" data-trid=\"669\">\n<h2 style=\"text-align: left;\" data-trid=\"670\"><\/h2>\n<h2 class=\"elementor-heading-title elementor-size-large\" style=\"text-align: left;\" data-trid=\"670\">Pouvons-nous vous aider dans votre choix ?<\/h2>\n<\/div>\n<\/div>\n<div class=\"elementor-element elementor-element-e9c05b1 elementor-widget elementor-widget-text-editor\" data-id=\"e9c05b1\" data-element_type=\"widget\" data-widget_type=\"text-editor.default\" data-trid=\"671\">\n<div class=\"elementor-widget-container\" data-trid=\"672\">\n<p style=\"text-align: left;\" data-trid=\"673\"><b>Appelez-nous au +31 (30)25 111 91 ou remplissez le formulaire de contact.<\/b><\/p>\n<p style=\"text-align: left;\" data-trid=\"673\">Plus de 40 restaurants \u00e9toil\u00e9s Michelin, bars, traiteurs, cavistes, magasins d&#039;alcool, industriels, gouvernements, repr\u00e9sentations diplomatiques et consulaires, universit\u00e9s et bien s\u00fbr consommateurs vous ont pr\u00e9c\u00e9d\u00e9 (<a href=\"https:\/\/coolvaria.com\/fr\/a-propos-de-nous\/\" data-trid=\"678\">cliquez ici pour les r\u00e9f\u00e9rences<\/a>).<\/p>\n<\/div>\n<\/div>\n<h4 style=\"text-align: center;\"><\/h4>\n<p>&nbsp;<\/p>\n<h4 style=\"text-align: center;\"><b>Formulaire de contact<\/b><\/h4>\n<p style=\"text-align: left;\"><div class=\"forminator-ui forminator-custom-form forminator-custom-form-7542 forminator-design--default  forminator_ajax\" data-forminator-render=\"0\" data-form=\"forminator-module-7542\" data-uid=\"69d28d7adcd7f\"><br\/><\/div><form\n\t\t\t\tid=\"forminator-module-7542\"\n\t\t\t\tclass=\"forminator-ui forminator-custom-form forminator-custom-form-7542 forminator-design--default  forminator_ajax\"\n\t\t\t\tmethod=\"post\"\n\t\t\t\tdata-forminator-render=\"0\"\n\t\t\t\tdata-form-id=\"7542\"\n\t\t\t\t\n\t\t\t\tdata-design=\"default\"\n\t\t\t\t\n\t\t\t\t\n\t\t\t\t\n\t\t\t\tdata-grid=\"open\"\n\t\t\t\t\n\t\t\t\t\n\t\t\t\tstyle=\"display: none;\"\n\t\t\t\t\n\t\t\t\tdata-uid=\"69d28d7adcd7f\" action=\"\"\n\t\t\t><div role=\"alert\" aria-live=\"polite\" class=\"forminator-response-message forminator-error\" aria-hidden=\"true\"><\/div><div class=\"forminator-row\"><input type=\"hidden\" id=\"hidden-2_69d28d7adcd7f\" name=\"hidden-2\" value=\"Kaas bewaarkast (kaas volume 105 liter, HxBxD: 84x59x57cm)\" \/><input type=\"hidden\" id=\"hidden-1_69d28d7adcd7f\" name=\"hidden-1\" value=\"https:\/\/coolvaria.com\/fr\/p\/fromage-monozone-pt-s-200\/\" \/><\/div><div class=\"forminator-row\"><div id=\"name-1\" class=\"forminator-field-name forminator-col forminator-col-12\"><div class=\"forminator-row forminator-no-margin\" data-multiple=\"true\"><div class=\"forminator-col forminator-col-md-6\"><div class=\"forminator-field\"><label for=\"forminator-field-first-name-1_69d28d7adcd7f\" class=\"forminator-label\" id=\"forminator-field-first-name-1_69d28d7adcd7f-label\">Pr\u00e9nom <span class=\"forminator-required\">*<\/span><\/label><input type=\"text\" name=\"name-1-first-name\" placeholder=\"\" id=\"forminator-field-first-name-1_69d28d7adcd7f\" class=\"forminator-input\" aria-required=\"true\" data-multi=\"1\" value=\"\" \/><\/div><\/div><div class=\"forminator-col forminator-col-md-6\"><div class=\"forminator-field\"><label for=\"forminator-field-last-name-1_69d28d7adcd7f\" class=\"forminator-label\" id=\"forminator-field-last-name-1_69d28d7adcd7f-label\">nom de famille <span class=\"forminator-required\">*<\/span><\/label><input type=\"text\" name=\"name-1-last-name\" placeholder=\"\" id=\"forminator-field-last-name-1_69d28d7adcd7f\" class=\"forminator-input\" aria-required=\"true\" data-multi=\"1\" value=\"\" \/><\/div><\/div><\/div><\/div><\/div><div class=\"forminator-row\"><div id=\"text-1\" class=\"forminator-field-text forminator-col forminator-col-12\"><div class=\"forminator-field\"><label for=\"forminator-field-text-1_69d28d7adcd7f\" class=\"forminator-label\" id=\"forminator-field-text-1_69d28d7adcd7f-label\">Nom de l&#039;entreprise<\/label><input type=\"text\" name=\"text-1\" value=\"\" placeholder=\"le cas \u00e9ch\u00e9ant\" id=\"forminator-field-text-1_69d28d7adcd7f\" class=\"forminator-input forminator-name--field\" data-required=\"\" \/><\/div><\/div><\/div><div class=\"forminator-row\"><div id=\"email-1\" class=\"forminator-field-email forminator-col forminator-col-12\"><div class=\"forminator-field\"><label for=\"forminator-field-email-1_69d28d7adcd7f\" class=\"forminator-label\" id=\"forminator-field-email-1_69d28d7adcd7f-label\">Adresse e-mail <span class=\"forminator-required\">*<\/span><\/label><input type=\"email\" name=\"email-1\" value=\"\" placeholder=\"\" id=\"forminator-field-email-1_69d28d7adcd7f\" class=\"forminator-input forminator-email--field\" data-required=\"true\" aria-required=\"true\" \/><\/div><\/div><\/div><div class=\"forminator-row\"><div id=\"phone-1\" class=\"forminator-field-phone forminator-col forminator-col-12\"><div class=\"forminator-field\"><label for=\"forminator-field-phone-1_69d28d7adcd7f\" class=\"forminator-label\" id=\"forminator-field-phone-1_69d28d7adcd7f-label\">num\u00e9ro de t\u00e9l\u00e9phone<\/label><input type=\"text\" name=\"phone-1\" value=\"\" placeholder=\"\" id=\"forminator-field-phone-1_69d28d7adcd7f\" class=\"forminator-input forminator-field--phone\" data-required=\"\" aria-required=\"false\" autocomplete=\"off\" data-validation=\"1\" \/><\/div><\/div><\/div><div class=\"forminator-row\"><div id=\"checkbox-1\" class=\"forminator-field-checkbox forminator-col forminator-col-12\"><div role=\"group\" class=\"forminator-field\" aria-labelledby=\"forminator-checkbox-group-69d28d7adcd7f-label\"><h4 id=\"forminator-checkbox-group-69d28d7adcd7f-label\" class=\"forminator-label\">Je veux:<\/h4><label id=\"forminator-field-checkbox-1-1-69d28d7adcd7f-label\" for=\"forminator-field-checkbox-1-1-69d28d7adcd7f\" class=\"forminator-checkbox\" title=\"demander un devis:\"><input type=\"checkbox\" name=\"checkbox-1[]\" value=\"service-1\" id=\"forminator-field-checkbox-1-1-69d28d7adcd7f\" aria-labelledby=\"forminator-field-checkbox-1-1-69d28d7adcd7f-label\" data-calculation=\"0\"   aria-describedby=\"forminator-field-checkbox-1-69d28d7adcd7f-description\"\/><span class=\"forminator-checkbox-box\" aria-hidden=\"true\"><\/span><span class=\"forminator-checkbox-label\">demander un devis:<\/span><\/label><label id=\"forminator-field-checkbox-1-2-69d28d7adcd7f-label\" for=\"forminator-field-checkbox-1-2-69d28d7adcd7f\" class=\"forminator-checkbox\" title=\"demandez quelque chose sur la TVA (pour les entreprises)\u00a0:\"><input type=\"checkbox\" name=\"checkbox-1[]\" value=\"service-2\" id=\"forminator-field-checkbox-1-2-69d28d7adcd7f\" aria-labelledby=\"forminator-field-checkbox-1-2-69d28d7adcd7f-label\" data-calculation=\"0\"   aria-describedby=\"forminator-field-checkbox-1-69d28d7adcd7f-description\"\/><span class=\"forminator-checkbox-box\" aria-hidden=\"true\"><\/span><span class=\"forminator-checkbox-label\">demandez quelque chose sur la TVA (pour les entreprises)\u00a0:<\/span><\/label><label id=\"forminator-field-checkbox-1-3-69d28d7adcd7f-label\" for=\"forminator-field-checkbox-1-3-69d28d7adcd7f\" class=\"forminator-checkbox\" title=\"prendre rendez-vous pour une visite\u00a0:\"><input type=\"checkbox\" name=\"checkbox-1[]\" value=\"Ik-wil-een-bezichtigingsafspraak-maken\" id=\"forminator-field-checkbox-1-3-69d28d7adcd7f\" aria-labelledby=\"forminator-field-checkbox-1-3-69d28d7adcd7f-label\" data-calculation=\"0\"   aria-describedby=\"forminator-field-checkbox-1-69d28d7adcd7f-description\"\/><span class=\"forminator-checkbox-box\" aria-hidden=\"true\"><\/span><span class=\"forminator-checkbox-label\">prendre rendez-vous pour une visite\u00a0:<\/span><\/label><label id=\"forminator-field-checkbox-1-4-69d28d7adcd7f-label\" for=\"forminator-field-checkbox-1-4-69d28d7adcd7f\" class=\"forminator-checkbox\" title=\"questions sur la disponibilit\u00e9 (stock) :\"><input type=\"checkbox\" name=\"checkbox-1[]\" value=\"iets-vragen-over-de-beschikbaarheid\" id=\"forminator-field-checkbox-1-4-69d28d7adcd7f\" aria-labelledby=\"forminator-field-checkbox-1-4-69d28d7adcd7f-label\" data-calculation=\"0\"   aria-describedby=\"forminator-field-checkbox-1-69d28d7adcd7f-description\"\/><span class=\"forminator-checkbox-box\" aria-hidden=\"true\"><\/span><span class=\"forminator-checkbox-label\">questions sur la disponibilit\u00e9 (stock) :<\/span><\/label><label id=\"forminator-field-checkbox-1-5-69d28d7adcd7f-label\" for=\"forminator-field-checkbox-1-5-69d28d7adcd7f\" class=\"forminator-checkbox\" title=\"Puis-je \u00eatre tenu inform\u00e9 des nouveaux stocks ?\"><input type=\"checkbox\" name=\"checkbox-1[]\" value=\"Kan ik op de hoogte gehouden worden over nieuwe voorraad\" id=\"forminator-field-checkbox-1-5-69d28d7adcd7f\" aria-labelledby=\"forminator-field-checkbox-1-5-69d28d7adcd7f-label\" data-calculation=\"0\"   aria-describedby=\"forminator-field-checkbox-1-69d28d7adcd7f-description\"\/><span class=\"forminator-checkbox-box\" aria-hidden=\"true\"><\/span><span class=\"forminator-checkbox-label\">Puis-je \u00eatre tenu inform\u00e9 des nouveaux stocks ?<\/span><\/label><label id=\"forminator-field-checkbox-1-6-69d28d7adcd7f-label\" for=\"forminator-field-checkbox-1-6-69d28d7adcd7f\" class=\"forminator-checkbox\" title=\"demande autre chose :\"><input type=\"checkbox\" name=\"checkbox-1[]\" value=\"Anders\" id=\"forminator-field-checkbox-1-6-69d28d7adcd7f\" aria-labelledby=\"forminator-field-checkbox-1-6-69d28d7adcd7f-label\" data-calculation=\"0\"   aria-describedby=\"forminator-field-checkbox-1-69d28d7adcd7f-description\"\/><span class=\"forminator-checkbox-box\" aria-hidden=\"true\"><\/span><span class=\"forminator-checkbox-label\">demande autre chose :<\/span><\/label><\/div><\/div><\/div><div class=\"forminator-row\"><div id=\"textarea-1\" class=\"forminator-field-textarea forminator-col forminator-col-12\"><div class=\"forminator-field\"><label for=\"forminator-field-textarea-1_69d28d7adcd7f\" id=\"forminator-field-textarea-1_69d28d7adcd7f-label\" class=\"forminator-label\">Message<\/label><textarea name=\"textarea-1\" placeholder=\"\" id=\"forminator-field-textarea-1_69d28d7adcd7f\" class=\"forminator-textarea\" rows=\"6\" style=\"min-height:140px;\" maxlength=\"180\" ><\/textarea><span id=\"forminator-field-textarea-1_69d28d7adcd7f-description\" class=\"forminator-description\"><span data-limit=\"180\" data-type=\"characters\">0 \/ 180<\/span><\/span><\/div><\/div><\/div><input type=\"hidden\" name=\"referer_url\" value=\"\" \/><div class=\"forminator-row forminator-row-last\"><div class=\"forminator-col\"><div class=\"forminator-field\"><button class=\"forminator-button forminator-button-submit\">Envoyez<\/button><\/div><\/div><\/div><input type=\"hidden\" id=\"forminator_nonce\" name=\"forminator_nonce\" value=\"969e6db184\" \/><input type=\"hidden\" name=\"_wp_http_referer\" value=\"\/fr\/wp-json\/wp\/v2\/product\/2972\" \/><input type=\"hidden\" name=\"form_id\" value=\"7542\"><input type=\"hidden\" name=\"page_id\" value=\"2972\"><input type=\"hidden\" name=\"form_type\" value=\"default\"><input type=\"hidden\" name=\"current_url\" value=\"https:\/\/coolvaria.com\/fr\/p\/fromage-monozone-pt-s-200\/\"><input type=\"hidden\" name=\"render_id\" value=\"0\"><input type=\"hidden\" name=\"action\" value=\"forminator_submit_form_custom-forms\"><input type=\"hidden\" name=\"trp-form-language\" value=\"fr\"\/><\/form><\/p>","protected":false},"excerpt":{"rendered":"<p>L&#039;armoire climatique \u00e0 fromage dispose d&#039;une zone de temp\u00e9rature que vous pouvez r\u00e9gler par degr\u00e9 ! Nous recommandons une temp\u00e9rature d&#039;environ 12 \u2013 13\u00b0C pour tous les fromages \u00e0 temp\u00e9rature de service, selon votre pr\u00e9f\u00e9rence.\u2026<\/p>","protected":false},"featured_media":3571,"template":"","meta":{"_sitemap_exclude":false,"_sitemap_priority":"","_sitemap_frequency":""},"product_cat":[62],"product_tag":[],"class_list":["post-2972","product","type-product","status-publish","has-post-thumbnail","hentry","product_cat-kaas","product_shipping_class-flat-rate","pa_extra-plateaus-mogelijk-ja-mogelijk","pa_extra-plateaus-mogelijk-maar-raden-wij-niet-aan","pa_omgevingstemperatuur-0-38-c","pa_temperature-een-temperatuurzone","pa_temperatuurbereik-6-18c","pa_volume-105-liter","layout-style-2","col-md-4 col-sm-4 col-xs-6","product-has-gallery","product-style-addtocart"],"_links":{"self":[{"href":"https:\/\/coolvaria.com\/fr\/wp-json\/wp\/v2\/product\/2972","targetHints":{"allow":["GET"]}}],"collection":[{"href":"https:\/\/coolvaria.com\/fr\/wp-json\/wp\/v2\/product"}],"about":[{"href":"https:\/\/coolvaria.com\/fr\/wp-json\/wp\/v2\/types\/product"}],"wp:featuredmedia":[{"embeddable":true,"href":"https:\/\/coolvaria.com\/fr\/wp-json\/wp\/v2\/media\/3571"}],"wp:attachment":[{"href":"https:\/\/coolvaria.com\/fr\/wp-json\/wp\/v2\/media?parent=2972"}],"wp:term":[{"taxonomy":"product_cat","embeddable":true,"href":"https:\/\/coolvaria.com\/fr\/wp-json\/wp\/v2\/product_cat?post=2972"},{"taxonomy":"product_tag","embeddable":true,"href":"https:\/\/coolvaria.com\/fr\/wp-json\/wp\/v2\/product_tag?post=2972"}],"curies":[{"name":"wp","href":"https:\/\/api.w.org\/{rel}","templated":true}]}}