{"id":2969,"date":"2022-01-31T12:25:26","date_gmt":"2022-01-31T12:25:26","guid":{"rendered":"\/?post_type=product&#038;p=2969"},"modified":"2026-03-30T16:55:19","modified_gmt":"2026-03-30T14:55:19","slug":"chocolade-bewaarkast-pt-s-275c","status":"publish","type":"product","link":"https:\/\/coolvaria.com\/fr\/p\/chocolat-monozone-pt-s-275c\/","title":{"rendered":"Cave \u00e0 chocolat (hauteur 164 cm, 275 litres pour le chocolat)"},"content":{"rendered":"<p class=\"gt-block\" style=\"text-align: left;\">Le chocolat transform\u00e9 doit \u00eatre conserv\u00e9 dans un endroit suffisamment ombrag\u00e9 et \u00e0 la bonne temp\u00e9rature avant utilisation et\/ou d\u00e9gustation.<\/p>\n<p style=\"text-align: left;\">L&#039;armoire climatique \u00e0 chocolat dispose d&#039;une zone de temp\u00e9rature r\u00e9glable par degr\u00e9 et nous recommandons une temp\u00e9rature d&#039;env. <b>15 \u2013 18\u00b0C \u200b\u200b\u200b\u200b\u200b\u200bpour tout le chocolat<\/b>.<\/p>\n<p>&nbsp;<\/p>\n<p style=\"text-align: left;\">La chambre climatique pour chocolat est r\u00e9glable entre 10 et 20\u00b0C et est refroidie par un compresseur, de sorte que la temp\u00e9rature ambiante n&#039;a aucune influence sur le fonctionnement.<\/p>\n<p>&nbsp;<\/p>\n<p style=\"text-align: left;\">L&#039;\u00e9cran affiche la temp\u00e9rature r\u00e9gl\u00e9e et la temp\u00e9rature r\u00e9elle afin que vous puissiez toujours voir la bonne temp\u00e9rature.<\/p>\n<h4 style=\"text-align: left;\"><b>Configuration<\/b><\/h4>\n<p style=\"text-align: left;\">Cette armoire climatique \u00e0 chocolat est \u00e9quip\u00e9e de la configuration la plus optimale\u00a0; <b>5 plateaux<\/b> donc 6 \u00ab compartiments \u00bb (y compris le fond) pour ranger tous vos chocolats, g\u00e2teaux, etc.<\/p>\n<p style=\"text-align: left;\">Le plateau sup\u00e9rieur est plac\u00e9 en biais afin que le chocolat puisse \u00eatre expos\u00e9 car il se trouve bien au niveau des yeux ! Si vous souhaitez modifier la position des \u00e9tag\u00e8res, cela est bien entendu possible pour toutes les \u00e9tag\u00e8res.<\/p>\n<p>&nbsp;<\/p>\n<p style=\"text-align: left;\">Vous pouvez int\u00e9grer cette armoire climatique \u00e0 chocolat ou l&#039;utiliser de mani\u00e8re autonome.<\/p>\n<h4 style=\"text-align: left;\"><b><u>Quelques Caract\u00e9ristiques :<\/u><\/b><\/h4>\n<table style=\"font-weight: 400; height: 520px;\" width=\"656\">\n<tbody>\n<tr>\n<td style=\"text-align: left;\" width=\"302\"><strong>Capacit\u00e9:<\/strong><\/td>\n<td style=\"text-align: left;\" width=\"302\">275 litres<\/td>\n<\/tr>\n<tr>\n<td style=\"text-align: left;\" width=\"302\"><strong>Dimensions (lxpxh) : \u00a0\u00a0\u00a0 <\/strong><\/td>\n<td style=\"text-align: left;\" width=\"302\">60x57x164cm<\/td>\n<\/tr>\n<tr>\n<td style=\"text-align: left;\" width=\"302\"><strong>Zone(s) de temp\u00e9rature<\/strong><\/td>\n<td style=\"text-align: left;\" width=\"302\">1<\/td>\n<\/tr>\n<tr>\n<td style=\"text-align: left;\" width=\"302\"><strong>\u00c9cart de temp\u00e9rature:\u00a0<\/strong><\/td>\n<td style=\"text-align: left;\" width=\"302\">10-20\u00b0C<\/td>\n<\/tr>\n<tr>\n<td style=\"text-align: left;\" width=\"302\"><strong>Nombre des clayettes :<\/strong><\/td>\n<td style=\"text-align: left;\" width=\"302\">5 pi\u00e8ces (= 6<u>\u00a0compartiments de rangement<\/u>, y compris le bas)<\/td>\n<\/tr>\n<tr>\n<td style=\"text-align: left;\" width=\"302\"><strong>Equip\u00e9 d&#039;une serrure :<\/strong><\/td>\n<td style=\"text-align: left;\" width=\"302\">Oui (cl\u00e9s)<\/td>\n<\/tr>\n<\/tbody>\n<\/table>\n<h6><\/h6>\n<h5 style=\"text-align: left;\">Voir pour <strong><u>tous<\/u> les caract\u00e9ristiques<\/strong> \u00a0-&gt; <b><u>Caract\u00e9ristiques<\/u><\/b> (en haut, juste \u00e0 c\u00f4t\u00e9 - droite - <b>Description<\/b>)<\/h5>\n<h3><img decoding=\"async\" class=\"aligncenter wp-image-9935\" src=\"https:\/\/cdn.coolvaria.com\/wp-content\/uploads\/Chocolade-bewaarkast-275-liter-plateaus-CoolVaria.jpg?strip=all&lossy=1&resize=640%2C512&ssl=1\" alt=\"\" width=\"640\" height=\"512\" srcset=\"https:\/\/cdn.coolvaria.com\/wp-content\/uploads\/Chocolade-bewaarkast-275-liter-plateaus-CoolVaria.jpg?strip=all&amp;lossy=1&amp;ssl=1 972w, https:\/\/cdn.coolvaria.com\/wp-content\/uploads\/Chocolade-bewaarkast-275-liter-plateaus-CoolVaria-433x347.jpg?strip=all&amp;lossy=1&amp;ssl=1 433w, https:\/\/cdn.coolvaria.com\/wp-content\/uploads\/Chocolade-bewaarkast-275-liter-plateaus-CoolVaria-937x750.jpg?strip=all&amp;lossy=1&amp;ssl=1 937w, https:\/\/cdn.coolvaria.com\/wp-content\/uploads\/Chocolade-bewaarkast-275-liter-plateaus-CoolVaria-300x240.jpg?strip=all&amp;lossy=1&amp;ssl=1 300w, https:\/\/cdn.coolvaria.com\/wp-content\/uploads\/Chocolade-bewaarkast-275-liter-plateaus-CoolVaria-768x615.jpg?strip=all&amp;lossy=1&amp;ssl=1 768w, https:\/\/cdn.coolvaria.com\/wp-content\/uploads\/Chocolade-bewaarkast-275-liter-plateaus-CoolVaria-15x12.jpg?strip=all&amp;lossy=1&amp;ssl=1 15w, https:\/\/cdn.coolvaria.com\/wp-content\/uploads\/Chocolade-bewaarkast-275-liter-plateaus-CoolVaria.jpg?strip=all&amp;lossy=1&amp;w=128&amp;ssl=1 128w, https:\/\/cdn.coolvaria.com\/wp-content\/uploads\/Chocolade-bewaarkast-275-liter-plateaus-CoolVaria.jpg?strip=all&amp;lossy=1&amp;w=512&amp;ssl=1 512w, https:\/\/cdn.coolvaria.com\/wp-content\/uploads\/Chocolade-bewaarkast-275-liter-plateaus-CoolVaria.jpg?strip=all&amp;lossy=1&amp;w=640&amp;ssl=1 640w\" sizes=\"(max-width: 640px) 100vw, 640px\" \/><\/h3>\n<h3 class=\"gt-block\" style=\"text-align: left;\"><strong>D&#039;autres mod\u00e8les disponibles ?<\/strong><\/h3>\n<p class=\"gt-block\" style=\"text-align: left;\"><a href=\"https:\/\/coolvaria.com\/fr\/p\/cave-a-chocolat-25-litres\/?build=Ja&amp;type=Chocolate&amp;volume=25&amp;zone=singlezone\">-Une armoire climatique chocolat de 25 litres (plus petit mod\u00e8le), cliquez sur le mod\u00e8le ci-dessous.<\/a><\/p>\n<p class=\"gt-block\" style=\"text-align: left;\"><a href=\"https:\/\/coolvaria.com\/fr\/p\/armoire-a-chocolat-monozone-105c\/?build=Ja&amp;type=Chocolate&amp;volume=105&amp;zone=singlezone\">-Une armoire climatique chocolat de 105 litres (plus petit mod\u00e8le), cliquez sur le mod\u00e8le ci-dessous.<\/a><\/p>\n<p>\u00a0 <a href=\"https:\/\/coolvaria.com\/fr\/p\/cave-a-chocolat-25-litres\/?build=Ja&amp;type=Chocolate&amp;volume=25&amp;zone=singlezone\"><img decoding=\"async\" class=\"alignnone wp-image-9932\" src=\"https:\/\/cdn.coolvaria.com\/wp-content\/uploads\/chocolate-1500.webp?strip=all&lossy=1&resize=125%2C325&ssl=1\" alt=\"\" width=\"125\" height=\"325\" srcset=\"https:\/\/cdn.coolvaria.com\/wp-content\/uploads\/chocolate-1500.webp?strip=all&lossy=1&resize=125%2C325&ssl=1 125w, https:\/\/cdn.coolvaria.com\/wp-content\/uploads\/chocolate-1500.webp?strip=all&amp;lossy=1&amp;ssl=1 441w, https:\/\/cdn.coolvaria.com\/wp-content\/uploads\/chocolate-1500-433x1127.webp?strip=all&amp;lossy=1&amp;ssl=1 433w, https:\/\/cdn.coolvaria.com\/wp-content\/uploads\/chocolate-1500-115x300.webp?strip=all&amp;lossy=1&amp;ssl=1 115w, https:\/\/cdn.coolvaria.com\/wp-content\/uploads\/chocolate-1500-393x1024.webp?strip=all&amp;lossy=1&amp;ssl=1 393w, https:\/\/cdn.coolvaria.com\/wp-content\/uploads\/chocolate-1500-5x12.webp?strip=all&amp;lossy=1&amp;ssl=1 5w, https:\/\/cdn.coolvaria.com\/wp-content\/uploads\/chocolate-1500.webp?strip=all&amp;lossy=1&amp;w=256&amp;ssl=1 256w\" sizes=\"(max-width: 125px) 100vw, 125px\" \/><\/a>\u00a0 \u00a0 <a href=\"https:\/\/coolvaria.com\/fr\/p\/armoire-a-chocolat-monozone-105c\/?build=Ja&amp;type=Chocolate&amp;volume=105&amp;zone=singlezone\"><img decoding=\"async\" class=\"alignnone wp-image-9919\" src=\"https:\/\/cdn.coolvaria.com\/wp-content\/uploads\/pts_chocolate_40_basis_single.webp?strip=all&lossy=1&resize=125%2C325&ssl=1\" alt=\"\" width=\"125\" height=\"325\" srcset=\"https:\/\/cdn.coolvaria.com\/wp-content\/uploads\/pts_chocolate_40_basis_single.webp?strip=all&lossy=1&resize=125%2C325&ssl=1 125w, https:\/\/cdn.coolvaria.com\/wp-content\/uploads\/pts_chocolate_40_basis_single.webp?strip=all&amp;lossy=1&amp;ssl=1 441w, https:\/\/cdn.coolvaria.com\/wp-content\/uploads\/pts_chocolate_40_basis_single-433x1127.webp?strip=all&amp;lossy=1&amp;ssl=1 433w, https:\/\/cdn.coolvaria.com\/wp-content\/uploads\/pts_chocolate_40_basis_single-115x300.webp?strip=all&amp;lossy=1&amp;ssl=1 115w, https:\/\/cdn.coolvaria.com\/wp-content\/uploads\/pts_chocolate_40_basis_single-393x1024.webp?strip=all&amp;lossy=1&amp;ssl=1 393w, https:\/\/cdn.coolvaria.com\/wp-content\/uploads\/pts_chocolate_40_basis_single-5x12.webp?strip=all&amp;lossy=1&amp;ssl=1 5w, https:\/\/cdn.coolvaria.com\/wp-content\/uploads\/pts_chocolate_40_basis_single.webp?strip=all&amp;lossy=1&amp;w=256&amp;ssl=1 256w\" sizes=\"(max-width: 125px) 100vw, 125px\" \/><\/a><\/p>\n<h3 class=\"gt-block\" style=\"text-align: left;\"><strong>Plus d&#039;informations (comment \u00e7a marche, pourquoi) ?<\/strong><\/h3>\n<p style=\"text-align: left;\"><a href=\"https:\/\/coolvaria.com\/fr\/pourquoi-une-chambre-climatique-a-chocolat\/\">-Pourquoi une chambre climatique \u00e0 chocolat et \u00e0 quelle temp\u00e9rature ? cliquer ici<\/a><\/p>\n<p style=\"text-align: left;\"><a href=\"https:\/\/coolvaria.com\/fr\/informations-complementaires-sur-les-chambres-climatiques-a-chocolat\/\">-Pour une explication compl\u00e8te du fonctionnement de cette chambre climatique \u00e0 chocolat, cliquez ici<\/a><\/p>\n<div class=\"elementor-element elementor-element-92b612e elementor-widget elementor-widget-heading\" data-id=\"92b612e\" data-element_type=\"widget\" data-widget_type=\"heading.default\" data-trid=\"668\">\n<div class=\"elementor-widget-container\" data-trid=\"669\">\n<h2 style=\"text-align: left;\" data-trid=\"670\"><\/h2>\n<h2 class=\"elementor-heading-title elementor-size-large\" style=\"text-align: left;\" data-trid=\"670\">Pouvons-nous vous aider dans votre choix ?<\/h2>\n<\/div>\n<\/div>\n<div class=\"elementor-element elementor-element-e9c05b1 elementor-widget elementor-widget-text-editor\" data-id=\"e9c05b1\" data-element_type=\"widget\" data-widget_type=\"text-editor.default\" data-trid=\"671\">\n<div class=\"elementor-widget-container\" data-trid=\"672\">\n<p style=\"text-align: left;\" data-trid=\"673\"><b>Appelez-nous au +31 (30)25 111 91 ou remplissez le formulaire de contact.<\/b><\/p>\n<p style=\"text-align: left;\" data-trid=\"673\">Plus de 40 restaurants \u00e9toil\u00e9s Michelin, bars, traiteurs, cavistes, magasins d&#039;alcool, industriels, gouvernements, repr\u00e9sentations diplomatiques et consulaires, universit\u00e9s et bien s\u00fbr consommateurs vous ont pr\u00e9c\u00e9d\u00e9 (<a href=\"https:\/\/coolvaria.com\/fr\/a-propos-de-nous\/\" data-trid=\"678\">cliquez ici pour les r\u00e9f\u00e9rences<\/a>).<\/p>\n<\/div>\n<\/div>\n<h4 style=\"text-align: center;\"><\/h4>\n<p>&nbsp;<\/p>\n<h4 style=\"text-align: center;\"><b>Formulaire de contact<\/b><\/h4>\n<p style=\"text-align: left;\"><div class=\"forminator-ui forminator-custom-form forminator-custom-form-7542 forminator-design--default  forminator_ajax\" data-forminator-render=\"0\" data-form=\"forminator-module-7542\" data-uid=\"69d5a4b16d00f\"><br\/><\/div><form\n\t\t\t\tid=\"forminator-module-7542\"\n\t\t\t\tclass=\"forminator-ui forminator-custom-form forminator-custom-form-7542 forminator-design--default  forminator_ajax\"\n\t\t\t\tmethod=\"post\"\n\t\t\t\tdata-forminator-render=\"0\"\n\t\t\t\tdata-form-id=\"7542\"\n\t\t\t\t\n\t\t\t\tdata-design=\"default\"\n\t\t\t\t\n\t\t\t\t\n\t\t\t\t\n\t\t\t\tdata-grid=\"open\"\n\t\t\t\t\n\t\t\t\t\n\t\t\t\tstyle=\"display: none;\"\n\t\t\t\t\n\t\t\t\tdata-uid=\"69d5a4b16d00f\" action=\"\"\n\t\t\t><div role=\"alert\" aria-live=\"polite\" class=\"forminator-response-message forminator-error\" aria-hidden=\"true\"><\/div><div class=\"forminator-row\"><input type=\"hidden\" id=\"hidden-2_69d5a4b16d00f\" name=\"hidden-2\" value=\"Chocolade bewaarkast (hoogte 164cm, 275 liter voor chocolade)\" \/><input type=\"hidden\" id=\"hidden-1_69d5a4b16d00f\" name=\"hidden-1\" value=\"https:\/\/coolvaria.com\/fr\/p\/chocolat-monozone-pt-s-275c\/\" \/><\/div><div class=\"forminator-row\"><div id=\"name-1\" class=\"forminator-field-name forminator-col forminator-col-12\"><div class=\"forminator-row forminator-no-margin\" data-multiple=\"true\"><div class=\"forminator-col forminator-col-md-6\"><div class=\"forminator-field\"><label for=\"forminator-field-first-name-1_69d5a4b16d00f\" class=\"forminator-label\" id=\"forminator-field-first-name-1_69d5a4b16d00f-label\">Pr\u00e9nom <span class=\"forminator-required\">*<\/span><\/label><input type=\"text\" name=\"name-1-first-name\" placeholder=\"\" id=\"forminator-field-first-name-1_69d5a4b16d00f\" class=\"forminator-input\" aria-required=\"true\" data-multi=\"1\" value=\"\" \/><\/div><\/div><div class=\"forminator-col forminator-col-md-6\"><div class=\"forminator-field\"><label for=\"forminator-field-last-name-1_69d5a4b16d00f\" class=\"forminator-label\" id=\"forminator-field-last-name-1_69d5a4b16d00f-label\">nom de famille <span class=\"forminator-required\">*<\/span><\/label><input type=\"text\" name=\"name-1-last-name\" placeholder=\"\" id=\"forminator-field-last-name-1_69d5a4b16d00f\" class=\"forminator-input\" aria-required=\"true\" data-multi=\"1\" value=\"\" \/><\/div><\/div><\/div><\/div><\/div><div class=\"forminator-row\"><div id=\"text-1\" class=\"forminator-field-text forminator-col forminator-col-12\"><div class=\"forminator-field\"><label for=\"forminator-field-text-1_69d5a4b16d00f\" class=\"forminator-label\" id=\"forminator-field-text-1_69d5a4b16d00f-label\">Nom de l&#039;entreprise<\/label><input type=\"text\" name=\"text-1\" value=\"\" placeholder=\"le cas \u00e9ch\u00e9ant\" id=\"forminator-field-text-1_69d5a4b16d00f\" class=\"forminator-input forminator-name--field\" data-required=\"\" \/><\/div><\/div><\/div><div class=\"forminator-row\"><div id=\"email-1\" class=\"forminator-field-email forminator-col forminator-col-12\"><div class=\"forminator-field\"><label for=\"forminator-field-email-1_69d5a4b16d00f\" class=\"forminator-label\" id=\"forminator-field-email-1_69d5a4b16d00f-label\">Adresse e-mail <span class=\"forminator-required\">*<\/span><\/label><input type=\"email\" name=\"email-1\" value=\"\" placeholder=\"\" id=\"forminator-field-email-1_69d5a4b16d00f\" class=\"forminator-input forminator-email--field\" data-required=\"true\" aria-required=\"true\" \/><\/div><\/div><\/div><div class=\"forminator-row\"><div id=\"phone-1\" class=\"forminator-field-phone forminator-col forminator-col-12\"><div class=\"forminator-field\"><label for=\"forminator-field-phone-1_69d5a4b16d00f\" class=\"forminator-label\" id=\"forminator-field-phone-1_69d5a4b16d00f-label\">num\u00e9ro de t\u00e9l\u00e9phone<\/label><input type=\"text\" name=\"phone-1\" value=\"\" placeholder=\"\" id=\"forminator-field-phone-1_69d5a4b16d00f\" class=\"forminator-input forminator-field--phone\" data-required=\"\" aria-required=\"false\" autocomplete=\"off\" data-validation=\"1\" \/><\/div><\/div><\/div><div class=\"forminator-row\"><div id=\"checkbox-1\" class=\"forminator-field-checkbox forminator-col forminator-col-12\"><div role=\"group\" class=\"forminator-field\" aria-labelledby=\"forminator-checkbox-group-69d5a4b16d00f-label\"><h4 id=\"forminator-checkbox-group-69d5a4b16d00f-label\" class=\"forminator-label\">Je veux:<\/h4><label id=\"forminator-field-checkbox-1-1-69d5a4b16d00f-label\" for=\"forminator-field-checkbox-1-1-69d5a4b16d00f\" class=\"forminator-checkbox\" title=\"demander un devis:\"><input type=\"checkbox\" name=\"checkbox-1[]\" value=\"service-1\" id=\"forminator-field-checkbox-1-1-69d5a4b16d00f\" aria-labelledby=\"forminator-field-checkbox-1-1-69d5a4b16d00f-label\" data-calculation=\"0\"   aria-describedby=\"forminator-field-checkbox-1-69d5a4b16d00f-description\"\/><span class=\"forminator-checkbox-box\" aria-hidden=\"true\"><\/span><span class=\"forminator-checkbox-label\">demander un devis:<\/span><\/label><label id=\"forminator-field-checkbox-1-2-69d5a4b16d00f-label\" for=\"forminator-field-checkbox-1-2-69d5a4b16d00f\" class=\"forminator-checkbox\" title=\"demandez quelque chose sur la TVA (pour les entreprises)\u00a0:\"><input type=\"checkbox\" name=\"checkbox-1[]\" value=\"service-2\" id=\"forminator-field-checkbox-1-2-69d5a4b16d00f\" aria-labelledby=\"forminator-field-checkbox-1-2-69d5a4b16d00f-label\" data-calculation=\"0\"   aria-describedby=\"forminator-field-checkbox-1-69d5a4b16d00f-description\"\/><span class=\"forminator-checkbox-box\" aria-hidden=\"true\"><\/span><span class=\"forminator-checkbox-label\">demandez quelque chose sur la TVA (pour les entreprises)\u00a0:<\/span><\/label><label id=\"forminator-field-checkbox-1-3-69d5a4b16d00f-label\" for=\"forminator-field-checkbox-1-3-69d5a4b16d00f\" class=\"forminator-checkbox\" title=\"prendre rendez-vous pour une visite\u00a0:\"><input type=\"checkbox\" name=\"checkbox-1[]\" value=\"Ik-wil-een-bezichtigingsafspraak-maken\" id=\"forminator-field-checkbox-1-3-69d5a4b16d00f\" aria-labelledby=\"forminator-field-checkbox-1-3-69d5a4b16d00f-label\" data-calculation=\"0\"   aria-describedby=\"forminator-field-checkbox-1-69d5a4b16d00f-description\"\/><span class=\"forminator-checkbox-box\" aria-hidden=\"true\"><\/span><span class=\"forminator-checkbox-label\">prendre rendez-vous pour une visite\u00a0:<\/span><\/label><label id=\"forminator-field-checkbox-1-4-69d5a4b16d00f-label\" for=\"forminator-field-checkbox-1-4-69d5a4b16d00f\" class=\"forminator-checkbox\" title=\"questions sur la disponibilit\u00e9 (stock) :\"><input type=\"checkbox\" name=\"checkbox-1[]\" value=\"iets-vragen-over-de-beschikbaarheid\" id=\"forminator-field-checkbox-1-4-69d5a4b16d00f\" aria-labelledby=\"forminator-field-checkbox-1-4-69d5a4b16d00f-label\" data-calculation=\"0\"   aria-describedby=\"forminator-field-checkbox-1-69d5a4b16d00f-description\"\/><span class=\"forminator-checkbox-box\" aria-hidden=\"true\"><\/span><span class=\"forminator-checkbox-label\">questions sur la disponibilit\u00e9 (stock) :<\/span><\/label><label id=\"forminator-field-checkbox-1-5-69d5a4b16d00f-label\" for=\"forminator-field-checkbox-1-5-69d5a4b16d00f\" class=\"forminator-checkbox\" title=\"Puis-je \u00eatre tenu inform\u00e9 des nouveaux stocks ?\"><input type=\"checkbox\" name=\"checkbox-1[]\" value=\"Kan ik op de hoogte gehouden worden over nieuwe voorraad\" id=\"forminator-field-checkbox-1-5-69d5a4b16d00f\" aria-labelledby=\"forminator-field-checkbox-1-5-69d5a4b16d00f-label\" data-calculation=\"0\"   aria-describedby=\"forminator-field-checkbox-1-69d5a4b16d00f-description\"\/><span class=\"forminator-checkbox-box\" aria-hidden=\"true\"><\/span><span class=\"forminator-checkbox-label\">Puis-je \u00eatre tenu inform\u00e9 des nouveaux stocks ?<\/span><\/label><label id=\"forminator-field-checkbox-1-6-69d5a4b16d00f-label\" for=\"forminator-field-checkbox-1-6-69d5a4b16d00f\" class=\"forminator-checkbox\" title=\"demande autre chose :\"><input type=\"checkbox\" name=\"checkbox-1[]\" value=\"Anders\" id=\"forminator-field-checkbox-1-6-69d5a4b16d00f\" aria-labelledby=\"forminator-field-checkbox-1-6-69d5a4b16d00f-label\" data-calculation=\"0\"   aria-describedby=\"forminator-field-checkbox-1-69d5a4b16d00f-description\"\/><span class=\"forminator-checkbox-box\" aria-hidden=\"true\"><\/span><span class=\"forminator-checkbox-label\">demande autre chose :<\/span><\/label><\/div><\/div><\/div><div class=\"forminator-row\"><div id=\"textarea-1\" class=\"forminator-field-textarea forminator-col forminator-col-12\"><div class=\"forminator-field\"><label for=\"forminator-field-textarea-1_69d5a4b16d00f\" id=\"forminator-field-textarea-1_69d5a4b16d00f-label\" class=\"forminator-label\">Message<\/label><textarea name=\"textarea-1\" placeholder=\"\" id=\"forminator-field-textarea-1_69d5a4b16d00f\" class=\"forminator-textarea\" rows=\"6\" style=\"min-height:140px;\" maxlength=\"180\" ><\/textarea><span id=\"forminator-field-textarea-1_69d5a4b16d00f-description\" class=\"forminator-description\"><span data-limit=\"180\" data-type=\"characters\">0 \/ 180<\/span><\/span><\/div><\/div><\/div><input type=\"hidden\" name=\"referer_url\" value=\"\" \/><div class=\"forminator-row forminator-row-last\"><div class=\"forminator-col\"><div class=\"forminator-field\"><button class=\"forminator-button forminator-button-submit\">Envoyez<\/button><\/div><\/div><\/div><input type=\"hidden\" id=\"forminator_nonce\" name=\"forminator_nonce\" value=\"80593a53ff\" \/><input type=\"hidden\" name=\"_wp_http_referer\" value=\"\/fr\/wp-json\/wp\/v2\/product\/2969\" \/><input type=\"hidden\" name=\"form_id\" value=\"7542\"><input type=\"hidden\" name=\"page_id\" value=\"2969\"><input type=\"hidden\" name=\"form_type\" value=\"default\"><input type=\"hidden\" name=\"current_url\" value=\"https:\/\/coolvaria.com\/fr\/p\/chocolat-monozone-pt-s-275c\/\"><input type=\"hidden\" name=\"render_id\" value=\"0\"><input type=\"hidden\" name=\"action\" value=\"forminator_submit_form_custom-forms\"><input type=\"hidden\" name=\"trp-form-language\" value=\"fr\"\/><\/form><\/p>\n<p>&nbsp;<\/p>\n<p>&nbsp;<\/p>\n<p>&nbsp;<\/p>","protected":false},"excerpt":{"rendered":"<p>Le chocolat transform\u00e9 doit \u00eatre conserv\u00e9 dans un endroit suffisamment ombrag\u00e9 et \u00e0 la bonne temp\u00e9rature avant utilisation et\/ou d\u00e9gustation. L&#039;enceinte climatique pour chocolat poss\u00e8de une zone de temp\u00e9rature r\u00e9glable par degr\u00e9\u2026<\/p>","protected":false},"featured_media":3525,"template":"","meta":{"_sitemap_exclude":false,"_sitemap_priority":"","_sitemap_frequency":""},"product_cat":[61],"product_tag":[],"class_list":["post-2969","product","type-product","status-publish","has-post-thumbnail","hentry","product_cat-chocolade","product_shipping_class-flat-rate","pa_extra-plateaus-mogelijk-ja-mogelijk","pa_extra-plateaus-mogelijk-maar-raden-wij-niet-aan","pa_omgevingstemperatuur-0-38-c","pa_temperature-een-temperatuurzone","pa_temperatuurbereik-10-20-c","pa_volume-275-liter","layout-style-2","col-md-4 col-sm-4 col-xs-6","product-has-gallery","product-style-addtocart"],"_links":{"self":[{"href":"https:\/\/coolvaria.com\/fr\/wp-json\/wp\/v2\/product\/2969","targetHints":{"allow":["GET"]}}],"collection":[{"href":"https:\/\/coolvaria.com\/fr\/wp-json\/wp\/v2\/product"}],"about":[{"href":"https:\/\/coolvaria.com\/fr\/wp-json\/wp\/v2\/types\/product"}],"wp:featuredmedia":[{"embeddable":true,"href":"https:\/\/coolvaria.com\/fr\/wp-json\/wp\/v2\/media\/3525"}],"wp:attachment":[{"href":"https:\/\/coolvaria.com\/fr\/wp-json\/wp\/v2\/media?parent=2969"}],"wp:term":[{"taxonomy":"product_cat","embeddable":true,"href":"https:\/\/coolvaria.com\/fr\/wp-json\/wp\/v2\/product_cat?post=2969"},{"taxonomy":"product_tag","embeddable":true,"href":"https:\/\/coolvaria.com\/fr\/wp-json\/wp\/v2\/product_tag?post=2969"}],"curies":[{"name":"wp","href":"https:\/\/api.w.org\/{rel}","templated":true}]}}