{"id":2953,"date":"2022-01-28T13:06:48","date_gmt":"2022-01-28T13:06:48","guid":{"rendered":"\/?post_type=product&#038;p=2953"},"modified":"2026-03-30T16:57:34","modified_gmt":"2026-03-30T14:57:34","slug":"champagne-bewaarkast-pt-s-450-200","status":"publish","type":"product","link":"https:\/\/coolvaria.com\/fr\/p\/armoire-de-rangement-a-champagne-pt-s-450-200\/","title":{"rendered":"Cave \u00e0 champagne (1 zone, hauteur 180cm, 450 litres)"},"content":{"rendered":"<p style=\"text-align: left;\"><strong><u>Le champagne est un vin<\/u><\/strong> comme tout autre, il peut donc \u00eatre conserv\u00e9 et vieilli en cave \u00e0 vin ou en cave de stockage. Apr\u00e8s stockage, le champagne commence \u00e0 d\u00e9velopper ses ar\u00f4mes et sa maturation. Il convient \u00e9galement de le conserver \u00e0 une temp\u00e9rature adapt\u00e9e avant d\u00e9gustation.<\/p>\n<p>&nbsp;<\/p>\n<p style=\"text-align: left;\">La cave \u00e0 champagne (<b>450 litres !<\/b>) poss\u00e8de une zone de temp\u00e9rature et vous pouvez r\u00e9gler la cave climatique \u00e0 champagne entre 5 et 15\u00b0C.<\/p>\n<p style=\"text-align: left;\"><b>La meilleure temp\u00e9rature pour conserver et servir toutes les bouteilles de champagne se situe entre 7 et 12\u00b0C.<\/b><\/p>\n<h4 style=\"text-align: left;\"><b>Configuration<\/b><\/h4>\n<h5 style=\"text-align: left;\"><\/h5>\n<p style=\"text-align: left;\">Cette cave pr\u00e9sente la configuration la plus optimale pour conserver tous les champagnes. Vous pouvez m\u00eame placer des bouteilles Magnum sur les clayettes. Aucune bouteille de champagne n\u2019est identique donc la quantit\u00e9 peut varier !<\/p>\n<p>&nbsp;<\/p>\n<p style=\"text-align: left;\"><b>Ce mod\u00e8le dispose de 7 clayettes, donc 8 \u00ab compartiments \u00bb (y compris le bas)<\/b> pour ranger vos bouteilles. La clayette sup\u00e9rieure est plac\u00e9e en angle pour que les \u00e9tiquettes de votre bouteille de champagne soient bien visibles !<\/p>\n<p>&nbsp;<\/p>\n<p style=\"text-align: left;\">Si vous souhaitez modifier la position des clayettes, cela est bien entendu possible pour toutes les clayettes. Vous pouvez \u00e9galement disposer vos fl\u00fbtes \u00e0 champagne s\u00e9par\u00e9ment sur les clayettes pour les faire refroidir \u00e0 la bonne temp\u00e9rature de service !<\/p>\n<h4 style=\"text-align: left;\"><b><u>Quelques Caract\u00e9ristiques :<\/u><\/b><\/h4>\n<table style=\"font-weight: 400; height: 520px;\" width=\"656\">\n<tbody>\n<tr>\n<td style=\"text-align: left;\" width=\"302\"><strong>Capacit\u00e9:<\/strong><\/td>\n<td style=\"text-align: left;\" width=\"302\">450 Litres<\/td>\n<\/tr>\n<tr>\n<td style=\"text-align: left;\" width=\"302\"><strong>Dimensions (lxpxh) : \u00a0\u00a0\u00a0 <\/strong><\/td>\n<td style=\"text-align: left;\" width=\"302\">59,5x72*x180cm<\/td>\n<\/tr>\n<tr>\n<td style=\"text-align: left;\" width=\"302\"><strong>Zone(s) de temp\u00e9rature<\/strong><\/td>\n<td style=\"text-align: left;\" width=\"302\">1<\/td>\n<\/tr>\n<tr>\n<td style=\"text-align: left;\" width=\"302\"><strong>\u00c9cart de temp\u00e9rature:\u00a0<\/strong><\/td>\n<td style=\"text-align: left;\" width=\"302\">5-15\u00b0C<\/td>\n<\/tr>\n<tr>\n<td style=\"text-align: left;\" width=\"302\"><strong>Nombre des clayettes :<\/strong><\/td>\n<td style=\"text-align: left;\" width=\"302\">7 pi\u00e8ces (= <u>8 compartiments de rangement<\/u>, y compris le bas)<\/td>\n<\/tr>\n<tr>\n<td style=\"text-align: left;\" width=\"302\"><strong>Equip\u00e9 d&#039;une serrure :<\/strong><\/td>\n<td style=\"text-align: left;\" width=\"302\">Oui (cl\u00e9s)<\/td>\n<\/tr>\n<\/tbody>\n<\/table>\n<h6><em>*Notez la profondeur de ce mod\u00e8le \u2013 la plupart des appareils et r\u00e9frig\u00e9rateurs encastrables ont une profondeur d\u2019environ 550 \u00e0 600 mm !<\/em><\/h6>\n<h5 style=\"text-align: left;\">Voir pour <strong><u>tous<\/u> les caract\u00e9ristiques<\/strong> \u00a0-&gt; <b><u>Caract\u00e9ristiques<\/u><\/b> (en haut, juste \u00e0 c\u00f4t\u00e9 - droite - <b>Description<\/b>)<\/h5>\n<h4 style=\"text-align: left;\"><img decoding=\"async\" class=\"wp-image-9929 aligncenter\" src=\"https:\/\/cdn.coolvaria.com\/wp-content\/uploads\/Champagne-bewaarkast-450-liter-plateaus-CoolVaria.jpg?strip=all&lossy=1&resize=640%2C540&ssl=1\" alt=\"\" width=\"640\" height=\"540\" srcset=\"https:\/\/cdn.coolvaria.com\/wp-content\/uploads\/Champagne-bewaarkast-450-liter-plateaus-CoolVaria.jpg?strip=all&amp;lossy=1&amp;ssl=1 990w, https:\/\/cdn.coolvaria.com\/wp-content\/uploads\/Champagne-bewaarkast-450-liter-plateaus-CoolVaria-433x366.jpg?strip=all&amp;lossy=1&amp;ssl=1 433w, https:\/\/cdn.coolvaria.com\/wp-content\/uploads\/Champagne-bewaarkast-450-liter-plateaus-CoolVaria-937x791.jpg?strip=all&amp;lossy=1&amp;ssl=1 937w, https:\/\/cdn.coolvaria.com\/wp-content\/uploads\/Champagne-bewaarkast-450-liter-plateaus-CoolVaria-300x253.jpg?strip=all&amp;lossy=1&amp;ssl=1 300w, https:\/\/cdn.coolvaria.com\/wp-content\/uploads\/Champagne-bewaarkast-450-liter-plateaus-CoolVaria-768x649.jpg?strip=all&amp;lossy=1&amp;ssl=1 768w, https:\/\/cdn.coolvaria.com\/wp-content\/uploads\/Champagne-bewaarkast-450-liter-plateaus-CoolVaria-14x12.jpg?strip=all&amp;lossy=1&amp;ssl=1 14w, https:\/\/cdn.coolvaria.com\/wp-content\/uploads\/Champagne-bewaarkast-450-liter-plateaus-CoolVaria.jpg?strip=all&amp;lossy=1&amp;w=128&amp;ssl=1 128w, https:\/\/cdn.coolvaria.com\/wp-content\/uploads\/Champagne-bewaarkast-450-liter-plateaus-CoolVaria.jpg?strip=all&amp;lossy=1&amp;w=512&amp;ssl=1 512w, https:\/\/cdn.coolvaria.com\/wp-content\/uploads\/Champagne-bewaarkast-450-liter-plateaus-CoolVaria.jpg?strip=all&amp;lossy=1&amp;w=640&amp;ssl=1 640w\" sizes=\"(max-width: 640px) 100vw, 640px\" \/><\/h4>\n<h3 class=\"gt-block\" style=\"text-align: left;\"><strong>D&#039;autres mod\u00e8les disponibles ?<\/strong><\/h3>\n<p class=\"gt-block\" style=\"text-align: left;\"><a href=\"https:\/\/coolvaria.com\/fr\/p\/cave-a-champagne-25-litres\/?build=Ja&amp;type=Champagne&amp;volume=25&amp;zone=singlezone\">-Coffre \u00e0 champagne, mod\u00e8le avec une zone de temp\u00e9rature <u>25 litres<\/u> (plus petit mod\u00e8le), cliquez sur le mod\u00e8le ci-dessous.<\/a><\/p>\n<p class=\"gt-block\" style=\"text-align: left;\"><a href=\"https:\/\/coolvaria.com\/fr\/p\/armoire-de-rangement-a-champagne-105-40\/?build=Ja&amp;type=Champagne&amp;volume=105&amp;zone=singlezone\">-Coffre \u00e0 champagne, mod\u00e8le avec une zone de temp\u00e9rature <u>105 litres<\/u> (mod\u00e8le plus petit), cliquez sur le mod\u00e8le ci-dessous.<\/a><\/p>\n<p class=\"gt-block\" style=\"text-align: left;\"><a href=\"https:\/\/coolvaria.com\/fr\/p\/armoire-de-rangement-a-champagne-pt-s-275-120\/?build=Ja&amp;type=Champagne&amp;volume=275&amp;zone=singlezone\">-Coffre \u00e0 champagne, mod\u00e8le avec une zone de temp\u00e9rature <u>275 litres<\/u> (le plus grand mod\u00e8le), cliquez sur le mod\u00e8le ci-dessous.<\/a><\/p>\n<p><a href=\"https:\/\/coolvaria.com\/fr\/p\/cave-a-vin-de-conservation-pt-s-200-40\/\">\u00a0 <\/a><a href=\"https:\/\/coolvaria.com\/fr\/p\/cave-a-champagne-25-litres\/?build=Ja&amp;type=Champagne&amp;volume=25&amp;zone=singlezone\"><img decoding=\"async\" class=\"alignnone wp-image-9895\" src=\"https:\/\/cdn.coolvaria.com\/wp-content\/uploads\/Wijn-8-flessen-CoolVaria.webp?strip=all&lossy=1&resize=125%2C325&ssl=1\" alt=\"\" width=\"125\" height=\"325\" srcset=\"https:\/\/cdn.coolvaria.com\/wp-content\/uploads\/Wijn-8-flessen-CoolVaria.webp?strip=all&lossy=1&resize=125%2C325&ssl=1 125w, https:\/\/cdn.coolvaria.com\/wp-content\/uploads\/Wijn-8-flessen-CoolVaria.webp?strip=all&amp;lossy=1&amp;ssl=1 441w, https:\/\/cdn.coolvaria.com\/wp-content\/uploads\/Wijn-8-flessen-CoolVaria-433x1127.webp?strip=all&amp;lossy=1&amp;ssl=1 433w, https:\/\/cdn.coolvaria.com\/wp-content\/uploads\/Wijn-8-flessen-CoolVaria-115x300.webp?strip=all&amp;lossy=1&amp;ssl=1 115w, https:\/\/cdn.coolvaria.com\/wp-content\/uploads\/Wijn-8-flessen-CoolVaria-393x1024.webp?strip=all&amp;lossy=1&amp;ssl=1 393w, https:\/\/cdn.coolvaria.com\/wp-content\/uploads\/Wijn-8-flessen-CoolVaria-5x12.webp?strip=all&amp;lossy=1&amp;ssl=1 5w, https:\/\/cdn.coolvaria.com\/wp-content\/uploads\/Wijn-8-flessen-CoolVaria.webp?strip=all&amp;lossy=1&amp;w=256&amp;ssl=1 256w\" sizes=\"(max-width: 125px) 100vw, 125px\" \/>\u00a0 <\/a><a href=\"https:\/\/coolvaria.com\/fr\/p\/armoire-de-rangement-a-champagne-105-40\/?build=Ja&amp;type=Champagne&amp;volume=105&amp;zone=singlezone\"><img decoding=\"async\" class=\"alignnone wp-image-9916\" src=\"https:\/\/cdn.coolvaria.com\/wp-content\/uploads\/pts_champagne_40_basis.webp?strip=all&lossy=1&resize=125%2C325&ssl=1\" alt=\"\" width=\"125\" height=\"325\" srcset=\"https:\/\/cdn.coolvaria.com\/wp-content\/uploads\/pts_champagne_40_basis.webp?strip=all&lossy=1&resize=125%2C325&ssl=1 125w, https:\/\/cdn.coolvaria.com\/wp-content\/uploads\/pts_champagne_40_basis.webp?strip=all&amp;lossy=1&amp;ssl=1 441w, https:\/\/cdn.coolvaria.com\/wp-content\/uploads\/pts_champagne_40_basis-433x1127.webp?strip=all&amp;lossy=1&amp;ssl=1 433w, https:\/\/cdn.coolvaria.com\/wp-content\/uploads\/pts_champagne_40_basis-115x300.webp?strip=all&amp;lossy=1&amp;ssl=1 115w, https:\/\/cdn.coolvaria.com\/wp-content\/uploads\/pts_champagne_40_basis-393x1024.webp?strip=all&amp;lossy=1&amp;ssl=1 393w, https:\/\/cdn.coolvaria.com\/wp-content\/uploads\/pts_champagne_40_basis-5x12.webp?strip=all&amp;lossy=1&amp;ssl=1 5w, https:\/\/cdn.coolvaria.com\/wp-content\/uploads\/pts_champagne_40_basis.webp?strip=all&amp;lossy=1&amp;w=256&amp;ssl=1 256w\" sizes=\"(max-width: 125px) 100vw, 125px\" \/><\/a><a href=\"https:\/\/coolvaria.com\/fr\/p\/armoire-de-rangement-a-champagne-pt-s-275-120\/?build=Ja&amp;type=Champagne&amp;volume=275&amp;zone=singlezone\">\u00a0\u00a0\u00a0 <\/a><a href=\"https:\/\/coolvaria.com\/fr\/p\/armoire-de-rangement-a-champagne-pt-s-275-120\/?build=Ja&amp;type=Champagne&amp;volume=275&amp;zone=singlezone\"><img decoding=\"async\" class=\"alignnone wp-image-9924\" src=\"https:\/\/cdn.coolvaria.com\/wp-content\/uploads\/pts_champagne_120_basis.png?strip=all&lossy=1&resize=125%2C325&ssl=1\" alt=\"\" width=\"125\" height=\"325\" srcset=\"https:\/\/cdn.coolvaria.com\/wp-content\/uploads\/pts_champagne_120_basis.png?strip=all&lossy=1&resize=125%2C325&ssl=1 125w, https:\/\/cdn.coolvaria.com\/wp-content\/uploads\/pts_champagne_120_basis.png?strip=all&amp;lossy=1&amp;ssl=1 441w, https:\/\/cdn.coolvaria.com\/wp-content\/uploads\/pts_champagne_120_basis-433x1127.png?strip=all&amp;lossy=1&amp;ssl=1 433w, https:\/\/cdn.coolvaria.com\/wp-content\/uploads\/pts_champagne_120_basis-115x300.png?strip=all&amp;lossy=1&amp;ssl=1 115w, https:\/\/cdn.coolvaria.com\/wp-content\/uploads\/pts_champagne_120_basis-393x1024.png?strip=all&amp;lossy=1&amp;ssl=1 393w, https:\/\/cdn.coolvaria.com\/wp-content\/uploads\/pts_champagne_120_basis-5x12.png?strip=all&amp;lossy=1&amp;ssl=1 5w, https:\/\/cdn.coolvaria.com\/wp-content\/uploads\/pts_champagne_120_basis.png?strip=all&amp;lossy=1&amp;w=256&amp;ssl=1 256w\" sizes=\"(max-width: 125px) 100vw, 125px\" \/><\/a><\/p>\n<h3 class=\"gt-block\" style=\"text-align: left;\"><strong>Plus d&#039;informations (photos, fonctionnement, etc.) ?<\/strong><\/h3>\n<p style=\"text-align: left;\"><a href=\"https:\/\/coolvaria.com\/fr\/pourquoi-une-chambre-climatique-a-champagne\/\">-Pourquoi une chambre climatique \u00e0 champagne, cliquez ici.<\/a><\/p>\n<p style=\"text-align: left;\"><a href=\"https:\/\/coolvaria.com\/fr\/photos-de-la-chambre-climatique-du-champagne\/\">-Pour plus de photos des chambres climatiques de champagne, cliquez ici.<\/a><\/p>\n<p class=\"gt-block\" style=\"text-align: left;\"><a href=\"https:\/\/coolvaria.com\/fr\/informations-complementaires-sur-les-chambres-climatiques-de-champagne\/\">-Pour plus d&#039;informations, comme une explication compl\u00e8te de son fonctionnement ou des instructions d&#039;installation, cliquez ici.<\/a><\/p>\n<div class=\"elementor-element elementor-element-92b612e elementor-widget elementor-widget-heading\" data-id=\"92b612e\" data-element_type=\"widget\" data-widget_type=\"heading.default\" data-trid=\"668\">\n<div class=\"elementor-widget-container\" data-trid=\"669\">\n<h2 class=\"elementor-heading-title elementor-size-large\" style=\"text-align: left;\" data-trid=\"670\">Pouvons-nous vous aider dans votre choix ?<\/h2>\n<\/div>\n<\/div>\n<div class=\"elementor-element elementor-element-e9c05b1 elementor-widget elementor-widget-text-editor\" data-id=\"e9c05b1\" data-element_type=\"widget\" data-widget_type=\"text-editor.default\" data-trid=\"671\">\n<div class=\"elementor-widget-container\" data-trid=\"672\">\n<p style=\"text-align: left;\" data-trid=\"673\"><b>Appelez-nous au +31 (30)25 111 91 ou remplissez le formulaire de contact.<\/b><\/p>\n<p style=\"text-align: left;\" data-trid=\"673\">Plus de 40 restaurants \u00e9toil\u00e9s Michelin, bars, traiteurs, cavistes, magasins d&#039;alcool, industriels, gouvernements, repr\u00e9sentations diplomatiques et consulaires, universit\u00e9s et bien s\u00fbr consommateurs vous ont pr\u00e9c\u00e9d\u00e9 (<a href=\"https:\/\/coolvaria.com\/fr\/a-propos-de-nous\/\" data-trid=\"678\">cliquez ici pour les r\u00e9f\u00e9rences<\/a>).<\/p>\n<\/div>\n<\/div>\n<h4 style=\"text-align: center;\"><\/h4>\n<p>&nbsp;<\/p>\n<h4 style=\"text-align: center;\"><b>Formulaire de contact<\/b><\/h4>\n<p style=\"text-align: left;\"><div class=\"forminator-ui forminator-custom-form forminator-custom-form-7542 forminator-design--default  forminator_ajax\" data-forminator-render=\"0\" data-form=\"forminator-module-7542\" data-uid=\"69de226375308\"><br\/><\/div><form\n\t\t\t\tid=\"forminator-module-7542\"\n\t\t\t\tclass=\"forminator-ui forminator-custom-form forminator-custom-form-7542 forminator-design--default  forminator_ajax\"\n\t\t\t\tmethod=\"post\"\n\t\t\t\tdata-forminator-render=\"0\"\n\t\t\t\tdata-form-id=\"7542\"\n\t\t\t\t\n\t\t\t\tdata-design=\"default\"\n\t\t\t\t\n\t\t\t\t\n\t\t\t\t\n\t\t\t\tdata-grid=\"open\"\n\t\t\t\t\n\t\t\t\t\n\t\t\t\tstyle=\"display: none;\"\n\t\t\t\t\n\t\t\t\tdata-uid=\"69de226375308\" action=\"\"\n\t\t\t><div role=\"alert\" aria-live=\"polite\" class=\"forminator-response-message forminator-error\" aria-hidden=\"true\"><\/div><div class=\"forminator-row\"><input type=\"hidden\" id=\"hidden-2_69de226375308\" name=\"hidden-2\" value=\"Champagne bewaarkast (1 zone, hoogte 180cm, 450 liter)\" \/><input type=\"hidden\" id=\"hidden-1_69de226375308\" name=\"hidden-1\" value=\"https:\/\/coolvaria.com\/fr\/p\/armoire-de-rangement-a-champagne-pt-s-450-200\/\" \/><\/div><div class=\"forminator-row\"><div id=\"name-1\" class=\"forminator-field-name forminator-col forminator-col-12\"><div class=\"forminator-row forminator-no-margin\" data-multiple=\"true\"><div class=\"forminator-col forminator-col-md-6\"><div class=\"forminator-field\"><label for=\"forminator-field-first-name-1_69de226375308\" class=\"forminator-label\" id=\"forminator-field-first-name-1_69de226375308-label\">Pr\u00e9nom <span class=\"forminator-required\">*<\/span><\/label><input type=\"text\" name=\"name-1-first-name\" placeholder=\"\" id=\"forminator-field-first-name-1_69de226375308\" class=\"forminator-input\" aria-required=\"true\" data-multi=\"1\" value=\"\" \/><\/div><\/div><div class=\"forminator-col forminator-col-md-6\"><div class=\"forminator-field\"><label for=\"forminator-field-last-name-1_69de226375308\" class=\"forminator-label\" id=\"forminator-field-last-name-1_69de226375308-label\">nom de famille <span class=\"forminator-required\">*<\/span><\/label><input type=\"text\" name=\"name-1-last-name\" placeholder=\"\" id=\"forminator-field-last-name-1_69de226375308\" class=\"forminator-input\" aria-required=\"true\" data-multi=\"1\" value=\"\" \/><\/div><\/div><\/div><\/div><\/div><div class=\"forminator-row\"><div id=\"text-1\" class=\"forminator-field-text forminator-col forminator-col-12\"><div class=\"forminator-field\"><label for=\"forminator-field-text-1_69de226375308\" class=\"forminator-label\" id=\"forminator-field-text-1_69de226375308-label\">Nom de l&#039;entreprise<\/label><input type=\"text\" name=\"text-1\" value=\"\" placeholder=\"le cas \u00e9ch\u00e9ant\" id=\"forminator-field-text-1_69de226375308\" class=\"forminator-input forminator-name--field\" data-required=\"\" \/><\/div><\/div><\/div><div class=\"forminator-row\"><div id=\"email-1\" class=\"forminator-field-email forminator-col forminator-col-12\"><div class=\"forminator-field\"><label for=\"forminator-field-email-1_69de226375308\" class=\"forminator-label\" id=\"forminator-field-email-1_69de226375308-label\">Adresse e-mail <span class=\"forminator-required\">*<\/span><\/label><input type=\"email\" name=\"email-1\" value=\"\" placeholder=\"\" id=\"forminator-field-email-1_69de226375308\" class=\"forminator-input forminator-email--field\" data-required=\"true\" aria-required=\"true\" \/><\/div><\/div><\/div><div class=\"forminator-row\"><div id=\"phone-1\" class=\"forminator-field-phone forminator-col forminator-col-12\"><div class=\"forminator-field\"><label for=\"forminator-field-phone-1_69de226375308\" class=\"forminator-label\" id=\"forminator-field-phone-1_69de226375308-label\">num\u00e9ro de t\u00e9l\u00e9phone<\/label><input type=\"text\" name=\"phone-1\" value=\"\" placeholder=\"\" id=\"forminator-field-phone-1_69de226375308\" class=\"forminator-input forminator-field--phone\" data-required=\"\" aria-required=\"false\" autocomplete=\"off\" data-validation=\"1\" \/><\/div><\/div><\/div><div class=\"forminator-row\"><div id=\"checkbox-1\" class=\"forminator-field-checkbox forminator-col forminator-col-12\"><div role=\"group\" class=\"forminator-field\" aria-labelledby=\"forminator-checkbox-group-69de226375308-label\"><h4 id=\"forminator-checkbox-group-69de226375308-label\" class=\"forminator-label\">Je veux:<\/h4><label id=\"forminator-field-checkbox-1-1-69de226375308-label\" for=\"forminator-field-checkbox-1-1-69de226375308\" class=\"forminator-checkbox\" title=\"demander un devis:\"><input type=\"checkbox\" name=\"checkbox-1[]\" value=\"service-1\" id=\"forminator-field-checkbox-1-1-69de226375308\" aria-labelledby=\"forminator-field-checkbox-1-1-69de226375308-label\" data-calculation=\"0\"   aria-describedby=\"forminator-field-checkbox-1-69de226375308-description\"\/><span class=\"forminator-checkbox-box\" aria-hidden=\"true\"><\/span><span class=\"forminator-checkbox-label\">demander un devis:<\/span><\/label><label id=\"forminator-field-checkbox-1-2-69de226375308-label\" for=\"forminator-field-checkbox-1-2-69de226375308\" class=\"forminator-checkbox\" title=\"demandez quelque chose sur la TVA (pour les entreprises)\u00a0:\"><input type=\"checkbox\" name=\"checkbox-1[]\" value=\"service-2\" id=\"forminator-field-checkbox-1-2-69de226375308\" aria-labelledby=\"forminator-field-checkbox-1-2-69de226375308-label\" data-calculation=\"0\"   aria-describedby=\"forminator-field-checkbox-1-69de226375308-description\"\/><span class=\"forminator-checkbox-box\" aria-hidden=\"true\"><\/span><span class=\"forminator-checkbox-label\">demandez quelque chose sur la TVA (pour les entreprises)\u00a0:<\/span><\/label><label id=\"forminator-field-checkbox-1-3-69de226375308-label\" for=\"forminator-field-checkbox-1-3-69de226375308\" class=\"forminator-checkbox\" title=\"prendre rendez-vous pour une visite\u00a0:\"><input type=\"checkbox\" name=\"checkbox-1[]\" value=\"Ik-wil-een-bezichtigingsafspraak-maken\" id=\"forminator-field-checkbox-1-3-69de226375308\" aria-labelledby=\"forminator-field-checkbox-1-3-69de226375308-label\" data-calculation=\"0\"   aria-describedby=\"forminator-field-checkbox-1-69de226375308-description\"\/><span class=\"forminator-checkbox-box\" aria-hidden=\"true\"><\/span><span class=\"forminator-checkbox-label\">prendre rendez-vous pour une visite\u00a0:<\/span><\/label><label id=\"forminator-field-checkbox-1-4-69de226375308-label\" for=\"forminator-field-checkbox-1-4-69de226375308\" class=\"forminator-checkbox\" title=\"questions sur la disponibilit\u00e9 (stock) :\"><input type=\"checkbox\" name=\"checkbox-1[]\" value=\"iets-vragen-over-de-beschikbaarheid\" id=\"forminator-field-checkbox-1-4-69de226375308\" aria-labelledby=\"forminator-field-checkbox-1-4-69de226375308-label\" data-calculation=\"0\"   aria-describedby=\"forminator-field-checkbox-1-69de226375308-description\"\/><span class=\"forminator-checkbox-box\" aria-hidden=\"true\"><\/span><span class=\"forminator-checkbox-label\">questions sur la disponibilit\u00e9 (stock) :<\/span><\/label><label id=\"forminator-field-checkbox-1-5-69de226375308-label\" for=\"forminator-field-checkbox-1-5-69de226375308\" class=\"forminator-checkbox\" title=\"Puis-je \u00eatre tenu inform\u00e9 des nouveaux stocks ?\"><input type=\"checkbox\" name=\"checkbox-1[]\" value=\"Kan ik op de hoogte gehouden worden over nieuwe voorraad\" id=\"forminator-field-checkbox-1-5-69de226375308\" aria-labelledby=\"forminator-field-checkbox-1-5-69de226375308-label\" data-calculation=\"0\"   aria-describedby=\"forminator-field-checkbox-1-69de226375308-description\"\/><span class=\"forminator-checkbox-box\" aria-hidden=\"true\"><\/span><span class=\"forminator-checkbox-label\">Puis-je \u00eatre tenu inform\u00e9 des nouveaux stocks ?<\/span><\/label><label id=\"forminator-field-checkbox-1-6-69de226375308-label\" for=\"forminator-field-checkbox-1-6-69de226375308\" class=\"forminator-checkbox\" title=\"demande autre chose :\"><input type=\"checkbox\" name=\"checkbox-1[]\" value=\"Anders\" id=\"forminator-field-checkbox-1-6-69de226375308\" aria-labelledby=\"forminator-field-checkbox-1-6-69de226375308-label\" data-calculation=\"0\"   aria-describedby=\"forminator-field-checkbox-1-69de226375308-description\"\/><span class=\"forminator-checkbox-box\" aria-hidden=\"true\"><\/span><span class=\"forminator-checkbox-label\">demande autre chose :<\/span><\/label><\/div><\/div><\/div><div class=\"forminator-row\"><div id=\"textarea-1\" class=\"forminator-field-textarea forminator-col forminator-col-12\"><div class=\"forminator-field\"><label for=\"forminator-field-textarea-1_69de226375308\" id=\"forminator-field-textarea-1_69de226375308-label\" class=\"forminator-label\">Message<\/label><textarea name=\"textarea-1\" placeholder=\"\" id=\"forminator-field-textarea-1_69de226375308\" class=\"forminator-textarea\" rows=\"6\" style=\"min-height:140px;\" maxlength=\"180\" ><\/textarea><span id=\"forminator-field-textarea-1_69de226375308-description\" class=\"forminator-description\"><span data-limit=\"180\" data-type=\"characters\">0 \/ 180<\/span><\/span><\/div><\/div><\/div><input type=\"hidden\" name=\"referer_url\" value=\"\" \/><div class=\"forminator-row forminator-row-last\"><div class=\"forminator-col\"><div class=\"forminator-field\"><button class=\"forminator-button forminator-button-submit\">Envoyez<\/button><\/div><\/div><\/div><input type=\"hidden\" id=\"forminator_nonce\" name=\"forminator_nonce\" value=\"400f11717d\" \/><input type=\"hidden\" name=\"_wp_http_referer\" value=\"\/fr\/wp-json\/wp\/v2\/product\/2953\" \/><input type=\"hidden\" name=\"form_id\" value=\"7542\"><input type=\"hidden\" name=\"page_id\" value=\"2953\"><input type=\"hidden\" name=\"form_type\" value=\"default\"><input type=\"hidden\" name=\"current_url\" value=\"https:\/\/coolvaria.com\/fr\/p\/armoire-de-rangement-a-champagne-pt-s-450-200\/\"><input type=\"hidden\" name=\"render_id\" value=\"0\"><input type=\"hidden\" name=\"action\" value=\"forminator_submit_form_custom-forms\"><input type=\"hidden\" name=\"trp-form-language\" value=\"fr\"\/><\/form><\/p>\n<p style=\"text-align: left;\">","protected":false},"excerpt":{"rendered":"<p>&quot;Trop de tout est mauvais, mais trop de champagne est juste.&quot; Mark Twain.<\/p>","protected":false},"featured_media":3568,"template":"","meta":{"_sitemap_exclude":false,"_sitemap_priority":"","_sitemap_frequency":""},"product_cat":[63],"product_tag":[],"class_list":["post-2953","product","type-product","status-publish","has-post-thumbnail","hentry","product_cat-champagne","product_shipping_class-flat-rate","pa_extra-plateaus-mogelijk-ja-mogelijk","pa_extra-plateaus-mogelijk-maar-raden-wij-niet-aan","pa_omgevingstemperatuur-0-38-c","pa_temperature-een-temperatuurzone","pa_temperatuurbereik-5-15-c","pa_volume-450-liter","layout-style-2","col-md-4 col-sm-4 col-xs-6","product-has-gallery","product-style-addtocart"],"_links":{"self":[{"href":"https:\/\/coolvaria.com\/fr\/wp-json\/wp\/v2\/product\/2953","targetHints":{"allow":["GET"]}}],"collection":[{"href":"https:\/\/coolvaria.com\/fr\/wp-json\/wp\/v2\/product"}],"about":[{"href":"https:\/\/coolvaria.com\/fr\/wp-json\/wp\/v2\/types\/product"}],"wp:featuredmedia":[{"embeddable":true,"href":"https:\/\/coolvaria.com\/fr\/wp-json\/wp\/v2\/media\/3568"}],"wp:attachment":[{"href":"https:\/\/coolvaria.com\/fr\/wp-json\/wp\/v2\/media?parent=2953"}],"wp:term":[{"taxonomy":"product_cat","embeddable":true,"href":"https:\/\/coolvaria.com\/fr\/wp-json\/wp\/v2\/product_cat?post=2953"},{"taxonomy":"product_tag","embeddable":true,"href":"https:\/\/coolvaria.com\/fr\/wp-json\/wp\/v2\/product_tag?post=2953"}],"curies":[{"name":"wp","href":"https:\/\/api.w.org\/{rel}","templated":true}]}}