{"id":2951,"date":"2022-01-28T13:04:45","date_gmt":"2022-01-28T13:04:45","guid":{"rendered":"\/?post_type=product&#038;p=2951"},"modified":"2026-03-30T16:57:58","modified_gmt":"2026-03-30T14:57:58","slug":"bier-klimaatkast-pt-s-450-liters","status":"publish","type":"product","link":"https:\/\/coolvaria.com\/fr\/p\/armoire-climatique-a-biere-pt-s-450-litres\/","title":{"rendered":"Cave \u00e0 bi\u00e8re (450 litres, hauteur 180 cm, plusieurs zones)"},"content":{"rendered":"<h4 style=\"text-align: left;\">Cette armoire climatique \u00e0 bi\u00e8re est \u00e9quip\u00e9e de : <strong>deux zones de temp\u00e9rature<\/strong><u><\/u><\/h4>\n<p style=\"text-align: left;\">Nous vendons nos mod\u00e8les \u00e0 des sp\u00e9cialistes, sommeliers de bi\u00e8re et amateurs de bi\u00e8re o\u00f9 il est possible de conserver vos diff\u00e9rents types de bi\u00e8re \u00e0 diff\u00e9rentes temp\u00e9ratures, comme par exemple ; Ale, Lager, Porter, Wheat, Pilsner, Stout, Blonde Ale, Brown Ale, Pale Ale, Indian Pale Ale et Sour Ale.<\/p>\n<p>&nbsp;<\/p>\n<p style=\"text-align: left;\">Cette armoire climatique \u00e0 bi\u00e8re est \u00e9quip\u00e9e de : <b>deux zones de temp\u00e9rature <\/b>(r\u00e9glable par 1\u00b0C) et le compartiment sup\u00e9rieur (40%) dispose d&#039;une gamme de <b>5-13\u00b0C<\/b> et le compartiment inf\u00e9rieur (60%) dispose d&#039;une gamme de <b>13-18\u00b0C <\/b>qui fonctionnent s\u00e9par\u00e9ment les uns des autres. Il s\u2019agit d\u2019une chambre climatique \u00e0 bi\u00e8re et une diff\u00e9rence de temp\u00e9rature entre les zones est n\u00e9cessaire pour un fonctionnement optimal. Si vous souhaitez une armoire climatique \u00e0 bi\u00e8re avec une seule zone, nous vous recommandons <a href=\"https:\/\/coolvaria.com\/fr\/p\/armoire-de-stockage-de-biere-pt-s-200-450\/?build=Ja&amp;type=Beer&amp;volume=450&amp;zone=singlezone\">armoire de stockage de bi\u00e8re<\/a> Sur.<\/p>\n<p>&nbsp;<\/p>\n<p style=\"text-align: left;\">L&#039;armoire climatique dispose d&#039;une s\u00e9paration physique (entre les deux zones) et vous pouvez vraiment avoir toutes vos bi\u00e8res \u00e0 la bonne temp\u00e9rature de service et de conservation.<\/p>\n<h4 style=\"text-align: left;\"><u><b>Par exemple:<\/b><\/u><\/h4>\n<ul>\n<li style=\"text-align: left;\"><b>Votre bi\u00e8re sp\u00e9ciale ale ferment\u00e9e \u00e0 17\u00b0C.<\/b><\/li>\n<li style=\"text-align: left;\"><b>Ou des bi\u00e8res doubles\/triples \u00e0 16\u00b0C<\/b><\/li>\n<li style=\"text-align: left;\"><b>Ou des bi\u00e8res IPS \u00e0 6-12\u00b0C<\/b><\/li>\n<li style=\"text-align: left;\"><b>Ou des bi\u00e8res weizen \u00e0 6-8\u00b0C<\/b><\/li>\n<li style=\"text-align: left;\"><b>Ou bi\u00e8res blondes et blondes \u00e0 5-7\u00b0C<\/b><\/li>\n<\/ul>\n<h4 style=\"text-align: left;\"><b><u>Et tout cela dans une seule chambre climatique \u00e0 bi\u00e8re !\u00a0<\/u><\/b><\/h4>\n<p>&nbsp;<\/p>\n<p class=\"gt-block\" style=\"text-align: left;\">Le compartiment sup\u00e9rieur dispose d&#039;un En exploitant deux zones s\u00e9par\u00e9es l&#039;une de l&#039;autre, vous pouvez cr\u00e9er deux temp\u00e9ratures agr\u00e9ables pour un stockage plus efficace de tous les types de bi\u00e8re, mais vous pouvez \u00e9galement stocker vos verres \u00e0 bi\u00e8re sp\u00e9ciaux (stockez \u00e9galement les verres au climat armoire pour que m\u00eame les verres soient \u00e0 la bonne temp\u00e9rature !). Merveilleux apr\u00e8s une journ\u00e9e bien remplie !<\/p>\n<p>&nbsp;<\/p>\n<p style=\"text-align: left;\">Le volume total est <b>450!<\/b> litre et vous pouvez stocker vos canettes, bouteilles et f\u00fbts aussi bien horizontalement que verticalement.<\/p>\n<p>&nbsp;<\/p>\n<p style=\"text-align: left;\">La porte est \u00e9quip\u00e9e d&#039;un double vitrage avec filtre UV pour que la lumi\u00e8re du soleil n&#039;ait aucun effet sur votre bi\u00e8re et cette cave \u00e0 bi\u00e8re dispose d&#039;une serrure (\u00e0 cl\u00e9s) pour que vous soyez le seul propri\u00e9taire de votre bi\u00e8re !<\/p>\n<p style=\"text-align: left;\">L&#039;armoire climatique \u00e0 bi\u00e8re peut \u00eatre plac\u00e9e dans une &quot;man cave&quot;, une cuisine ext\u00e9rieure, une cuisine, un bar, etc. !<\/p>\n<h4 style=\"text-align: left;\"><b>Configuration<\/b><\/h4>\n<p style=\"text-align: left;\">Cette armoire climatique \u00e0 bi\u00e8re a la configuration la plus optimale et vous pouvez bien s\u00fbr \u00e9galement placer de grandes bouteilles sur les \u00e9tag\u00e8res.<\/p>\n<p>&nbsp;<\/p>\n<p style=\"text-align: left;\"><strong>Ce mod\u00e8le dispose de 7 \u00e9tag\u00e8res, donc 8 \u00ab compartiments \u00bb (y compris le fond) pour ranger vos bouteilles<\/strong>. L&#039;\u00e9tag\u00e8re sup\u00e9rieure est plac\u00e9e en angle pour que vous puissiez voir les \u00e9tiquettes de vos bouteilles de bi\u00e8re \u00e0 hauteur des yeux et est tr\u00e8s agr\u00e9able pour une pr\u00e9sentation.<\/p>\n<p>&nbsp;<\/p>\n<p style=\"text-align: left;\">Si vous souhaitez modifier la position des clayettes, cela est bien entendu possible pour toutes les clayettes.<\/p>\n<h4 style=\"text-align: left;\"><b><u>Quelques Caract\u00e9ristiques :<\/u><\/b><\/h4>\n<table style=\"font-weight: 400; height: 520px;\" width=\"656\">\n<tbody>\n<tr>\n<td style=\"text-align: left;\" width=\"302\"><strong>Capacit\u00e9:<\/strong><\/td>\n<td style=\"text-align: left;\" width=\"302\">450 Litres<\/td>\n<\/tr>\n<tr>\n<td style=\"text-align: left;\" width=\"302\"><strong>Dimensions (lxpxh) : \u00a0\u00a0\u00a0 <\/strong><\/td>\n<td style=\"text-align: left;\" width=\"302\">59,5x72*x180cm<\/td>\n<\/tr>\n<tr>\n<td style=\"text-align: left;\" width=\"302\"><strong>Zone(s) de temp\u00e9rature<\/strong><\/td>\n<td style=\"text-align: left;\" width=\"302\">2 (avec 2 compartiments)<\/td>\n<\/tr>\n<tr>\n<td style=\"text-align: left;\" width=\"302\"><strong>\u00c9cart de temp\u00e9rature:\u00a0<\/strong><\/td>\n<td style=\"text-align: left;\" width=\"302\">5-13\u00b0C (<strong>\u2191<\/strong>) + 13-18\u00b0C (<strong>\u2193<\/strong>)<\/td>\n<\/tr>\n<tr>\n<td style=\"text-align: left;\" width=\"302\"><strong>Nombre d&#039;\u00e9tag\u00e8res :<\/strong><\/td>\n<td style=\"text-align: left;\" width=\"302\">7 pi\u00e8ces (= 8<u>\u00a0compartiments de rangement<\/u>, y compris le bas)<\/td>\n<\/tr>\n<tr>\n<td style=\"text-align: left;\" width=\"302\"><strong>Equip\u00e9 d&#039;une serrure :<\/strong><\/td>\n<td style=\"text-align: left;\" width=\"302\">Oui (cl\u00e9s)<\/td>\n<\/tr>\n<\/tbody>\n<\/table>\n<h5><\/h5>\n<h6><em>*Notez la profondeur de ce mod\u00e8le \u2013 la plupart des appareils et r\u00e9frig\u00e9rateurs encastrables ont une profondeur d\u2019environ 550 \u00e0 600 mm !<\/em><\/h6>\n<h5 style=\"text-align: left;\">Voir pour <strong><u>tous<\/u> les caract\u00e9ristiques<\/strong> \u00a0-&gt; <b><u>Caract\u00e9ristiques<\/u><\/b> (en haut, juste \u00e0 c\u00f4t\u00e9 - droite - <b>Description<\/b>)<\/h5>\n<p>&nbsp;<\/p>\n<figure id=\"attachment_10359\" aria-describedby=\"caption-attachment-10359\" style=\"width: 640px\" class=\"wp-caption aligncenter\"><img decoding=\"async\" class=\"wp-image-10359 size-large\" src=\"https:\/\/cdn.coolvaria.com\/wp-content\/uploads\/Bier_klimaatkast_450_liter_coolvaria.jpg?strip=all&lossy=1&resize=640%2C552&ssl=1\" alt=\"Une armoire climatique haute pour bi\u00e8re avec des \u00e9tag\u00e8res en bois, en partie remplies de bouteilles. A c\u00f4t\u00e9 se trouvent deux plantes et une petite table avec trois verres de boissons diff\u00e9rentes.\" width=\"640\" height=\"552\" srcset=\"https:\/\/cdn.coolvaria.com\/wp-content\/uploads\/Bier_klimaatkast_450_liter_coolvaria-1024x883.jpg?strip=all&amp;lossy=1&amp;ssl=1 1024w, https:\/\/cdn.coolvaria.com\/wp-content\/uploads\/Bier_klimaatkast_450_liter_coolvaria-433x374.jpg?strip=all&amp;lossy=1&amp;ssl=1 433w, https:\/\/cdn.coolvaria.com\/wp-content\/uploads\/Bier_klimaatkast_450_liter_coolvaria-937x808.jpg?strip=all&amp;lossy=1&amp;ssl=1 937w, https:\/\/cdn.coolvaria.com\/wp-content\/uploads\/Bier_klimaatkast_450_liter_coolvaria-300x259.jpg?strip=all&amp;lossy=1&amp;ssl=1 300w, https:\/\/cdn.coolvaria.com\/wp-content\/uploads\/Bier_klimaatkast_450_liter_coolvaria-768x663.jpg?strip=all&amp;lossy=1&amp;ssl=1 768w, https:\/\/cdn.coolvaria.com\/wp-content\/uploads\/Bier_klimaatkast_450_liter_coolvaria-14x12.jpg?strip=all&amp;lossy=1&amp;ssl=1 14w, https:\/\/cdn.coolvaria.com\/wp-content\/uploads\/Bier_klimaatkast_450_liter_coolvaria.jpg?strip=all&amp;lossy=1&amp;ssl=1 1166w, https:\/\/cdn.coolvaria.com\/wp-content\/uploads\/Bier_klimaatkast_450_liter_coolvaria.jpg?strip=all&amp;lossy=1&amp;w=128&amp;ssl=1 128w, https:\/\/cdn.coolvaria.com\/wp-content\/uploads\/Bier_klimaatkast_450_liter_coolvaria.jpg?strip=all&amp;lossy=1&amp;w=512&amp;ssl=1 512w, https:\/\/cdn.coolvaria.com\/wp-content\/uploads\/Bier_klimaatkast_450_liter_coolvaria.jpg?strip=all&amp;lossy=1&amp;w=640&amp;ssl=1 640w\" sizes=\"(max-width: 640px) 100vw, 640px\" \/><figcaption id=\"caption-attachment-10359\" class=\"wp-caption-text\">Une armoire climatique haute pour bi\u00e8re avec des \u00e9tag\u00e8res en bois, en partie remplies de bouteilles. A c\u00f4t\u00e9 se trouvent deux plantes et une petite table avec trois verres de boissons diff\u00e9rentes.<\/figcaption><\/figure>\n<h3 class=\"gt-block\" style=\"text-align: left;\"><strong>D&#039;autres mod\u00e8les disponibles ?<\/strong><\/h3>\n<p class=\"gt-block\" style=\"text-align: left;\"><a href=\"https:\/\/coolvaria.com\/fr\/p\/armoire-de-stockage-de-biere-pt-s-200-450\/?build=Ja&amp;type=Beer&amp;volume=450&amp;zone=singlezone\">-Cabinet de stockage de bi\u00e8re, mod\u00e8le avec \u00a0<u>une zone de temp\u00e9rature \u2013 450 litres<\/u>, cliquez sur le mod\u00e8le ci-dessous.<\/a><\/p>\n<p class=\"gt-block\" style=\"text-align: left;\"><a href=\"https:\/\/coolvaria.com\/fr\/p\/armoire-climatique-a-biere-pt-s-275-litres\/?build=Ja&amp;type=Beer&amp;volume=275&amp;zone=dualzone\">-Cabinet climatique \u00e0 bi\u00e8re, mod\u00e8le avec \u00a0<u>deux zones de temp\u00e9rature \u2013 275 litres (mod\u00e8le plus petit)<\/u>, cliquez sur le mod\u00e8le ci-dessous.<\/a><\/p>\n<p><a href=\"https:\/\/coolvaria.com\/fr\/p\/armoire-de-stockage-de-biere-pt-s-200-450\/?build=Ja&amp;type=Beer&amp;volume=450&amp;zone=singlezone\"><img decoding=\"async\" class=\"alignnone wp-image-9937\" title=\"1 zone - 450 litres\" src=\"https:\/\/cdn.coolvaria.com\/wp-content\/uploads\/pts_beer_200_basis.png?strip=all&lossy=1&resize=125%2C325&ssl=1\" alt=\"\" width=\"125\" height=\"325\" srcset=\"https:\/\/cdn.coolvaria.com\/wp-content\/uploads\/pts_beer_200_basis.png?strip=all&lossy=1&resize=125%2C325&ssl=1 125w, https:\/\/cdn.coolvaria.com\/wp-content\/uploads\/pts_beer_200_basis.png?strip=all&amp;lossy=1&amp;ssl=1 441w, https:\/\/cdn.coolvaria.com\/wp-content\/uploads\/pts_beer_200_basis-433x1127.png?strip=all&amp;lossy=1&amp;ssl=1 433w, https:\/\/cdn.coolvaria.com\/wp-content\/uploads\/pts_beer_200_basis-115x300.png?strip=all&amp;lossy=1&amp;ssl=1 115w, https:\/\/cdn.coolvaria.com\/wp-content\/uploads\/pts_beer_200_basis-393x1024.png?strip=all&amp;lossy=1&amp;ssl=1 393w, https:\/\/cdn.coolvaria.com\/wp-content\/uploads\/pts_beer_200_basis-5x12.png?strip=all&amp;lossy=1&amp;ssl=1 5w, https:\/\/cdn.coolvaria.com\/wp-content\/uploads\/pts_beer_200_basis.png?strip=all&amp;lossy=1&amp;w=256&amp;ssl=1 256w\" sizes=\"(max-width: 125px) 100vw, 125px\" \/><\/a>\u00a0 \u00a0 <a href=\"https:\/\/coolvaria.com\/fr\/p\/armoire-climatique-a-biere-pt-s-275-litres\/?build=Ja&amp;type=Beer&amp;volume=275&amp;zone=dualzone\"><img decoding=\"async\" class=\"alignnone wp-image-9922\" title=\"2 zones - 275 litres\" src=\"https:\/\/cdn.coolvaria.com\/wp-content\/uploads\/pts_beer_120_basis.png?strip=all&lossy=1&resize=125%2C325&ssl=1\" alt=\"\" width=\"125\" height=\"325\" srcset=\"https:\/\/cdn.coolvaria.com\/wp-content\/uploads\/pts_beer_120_basis.png?strip=all&lossy=1&resize=125%2C325&ssl=1 125w, https:\/\/cdn.coolvaria.com\/wp-content\/uploads\/pts_beer_120_basis.png?strip=all&amp;lossy=1&amp;ssl=1 441w, https:\/\/cdn.coolvaria.com\/wp-content\/uploads\/pts_beer_120_basis-433x1127.png?strip=all&amp;lossy=1&amp;ssl=1 433w, https:\/\/cdn.coolvaria.com\/wp-content\/uploads\/pts_beer_120_basis-115x300.png?strip=all&amp;lossy=1&amp;ssl=1 115w, https:\/\/cdn.coolvaria.com\/wp-content\/uploads\/pts_beer_120_basis-393x1024.png?strip=all&amp;lossy=1&amp;ssl=1 393w, https:\/\/cdn.coolvaria.com\/wp-content\/uploads\/pts_beer_120_basis-5x12.png?strip=all&amp;lossy=1&amp;ssl=1 5w, https:\/\/cdn.coolvaria.com\/wp-content\/uploads\/pts_beer_120_basis.png?strip=all&amp;lossy=1&amp;w=256&amp;ssl=1 256w\" sizes=\"(max-width: 125px) 100vw, 125px\" \/><\/a><\/p>\n<h3 class=\"gt-block\" style=\"text-align: left;\"><strong>Plus d&#039;informations (photos, fonctionnement, etc.) ?<\/strong><\/h3>\n<p style=\"text-align: left;\"><a href=\"https:\/\/coolvaria.com\/fr\/photos-de-refroidisseurs-de-biere\/\">-Pour plus de photos de chambres climatiques \u00e0 bi\u00e8re, cliquez ici.<\/a><\/p>\n<p class=\"gt-block\" style=\"text-align: left;\"><a href=\"https:\/\/coolvaria.com\/fr\/informations-complementaires-sur-les-armoires-climatiques-a-biere\/\">-Pour plus d&#039;informations, comme une explication compl\u00e8te de son fonctionnement ou des instructions d&#039;installation, cliquez ici.<\/a><\/p>\n<div class=\"elementor-element elementor-element-92b612e elementor-widget elementor-widget-heading\" data-id=\"92b612e\" data-element_type=\"widget\" data-widget_type=\"heading.default\" data-trid=\"668\">\n<div class=\"elementor-widget-container\" data-trid=\"669\">\n<h2 style=\"text-align: left;\" data-trid=\"670\"><\/h2>\n<h2 class=\"elementor-heading-title elementor-size-large\" style=\"text-align: left;\" data-trid=\"670\">Pouvons-nous vous aider dans votre choix ?<\/h2>\n<\/div>\n<\/div>\n<div class=\"elementor-element elementor-element-e9c05b1 elementor-widget elementor-widget-text-editor\" data-id=\"e9c05b1\" data-element_type=\"widget\" data-widget_type=\"text-editor.default\" data-trid=\"671\">\n<div class=\"elementor-widget-container\" data-trid=\"672\">\n<p style=\"text-align: left;\" data-trid=\"673\"><b>Appelez-nous au +31 (30)25 111 91 ou remplissez le formulaire de contact.<\/b><\/p>\n<p style=\"text-align: left;\" data-trid=\"673\">Plus de 40 restaurants \u00e9toil\u00e9s Michelin, bars, traiteurs, cavistes, magasins d&#039;alcool, industriels, gouvernements, repr\u00e9sentations diplomatiques et consulaires, universit\u00e9s et bien s\u00fbr consommateurs vous ont pr\u00e9c\u00e9d\u00e9 (<a href=\"https:\/\/coolvaria.com\/fr\/a-propos-de-nous\/\" data-trid=\"678\">cliquez ici pour les r\u00e9f\u00e9rences<\/a>).<\/p>\n<\/div>\n<\/div>\n<h4 style=\"text-align: center;\"><\/h4>\n<p>&nbsp;<\/p>\n<h4 style=\"text-align: center;\"><b>Formulaire de contact<\/b><\/h4>\n<p style=\"text-align: left;\"><div class=\"forminator-ui forminator-custom-form forminator-custom-form-7542 forminator-design--default  forminator_ajax\" data-forminator-render=\"0\" data-form=\"forminator-module-7542\" data-uid=\"69da187eb9c2a\"><br\/><\/div><form\n\t\t\t\tid=\"forminator-module-7542\"\n\t\t\t\tclass=\"forminator-ui forminator-custom-form forminator-custom-form-7542 forminator-design--default  forminator_ajax\"\n\t\t\t\tmethod=\"post\"\n\t\t\t\tdata-forminator-render=\"0\"\n\t\t\t\tdata-form-id=\"7542\"\n\t\t\t\t\n\t\t\t\tdata-design=\"default\"\n\t\t\t\t\n\t\t\t\t\n\t\t\t\t\n\t\t\t\tdata-grid=\"open\"\n\t\t\t\t\n\t\t\t\t\n\t\t\t\tstyle=\"display: none;\"\n\t\t\t\t\n\t\t\t\tdata-uid=\"69da187eb9c2a\" action=\"\"\n\t\t\t><div role=\"alert\" aria-live=\"polite\" class=\"forminator-response-message forminator-error\" aria-hidden=\"true\"><\/div><div class=\"forminator-row\"><input type=\"hidden\" id=\"hidden-2_69da187eb9c2a\" name=\"hidden-2\" value=\"Bier klimaatkast (450 liters, hoogte 180cm, meerdere zones)\" \/><input type=\"hidden\" id=\"hidden-1_69da187eb9c2a\" name=\"hidden-1\" value=\"https:\/\/coolvaria.com\/fr\/p\/armoire-climatique-a-biere-pt-s-450-litres\/\" \/><\/div><div class=\"forminator-row\"><div id=\"name-1\" class=\"forminator-field-name forminator-col forminator-col-12\"><div class=\"forminator-row forminator-no-margin\" data-multiple=\"true\"><div class=\"forminator-col forminator-col-md-6\"><div class=\"forminator-field\"><label for=\"forminator-field-first-name-1_69da187eb9c2a\" class=\"forminator-label\" id=\"forminator-field-first-name-1_69da187eb9c2a-label\">Pr\u00e9nom <span class=\"forminator-required\">*<\/span><\/label><input type=\"text\" name=\"name-1-first-name\" placeholder=\"\" id=\"forminator-field-first-name-1_69da187eb9c2a\" class=\"forminator-input\" aria-required=\"true\" data-multi=\"1\" value=\"\" \/><\/div><\/div><div class=\"forminator-col forminator-col-md-6\"><div class=\"forminator-field\"><label for=\"forminator-field-last-name-1_69da187eb9c2a\" class=\"forminator-label\" id=\"forminator-field-last-name-1_69da187eb9c2a-label\">nom de famille <span class=\"forminator-required\">*<\/span><\/label><input type=\"text\" name=\"name-1-last-name\" placeholder=\"\" id=\"forminator-field-last-name-1_69da187eb9c2a\" class=\"forminator-input\" aria-required=\"true\" data-multi=\"1\" value=\"\" \/><\/div><\/div><\/div><\/div><\/div><div class=\"forminator-row\"><div id=\"text-1\" class=\"forminator-field-text forminator-col forminator-col-12\"><div class=\"forminator-field\"><label for=\"forminator-field-text-1_69da187eb9c2a\" class=\"forminator-label\" id=\"forminator-field-text-1_69da187eb9c2a-label\">Nom de l&#039;entreprise<\/label><input type=\"text\" name=\"text-1\" value=\"\" placeholder=\"le cas \u00e9ch\u00e9ant\" id=\"forminator-field-text-1_69da187eb9c2a\" class=\"forminator-input forminator-name--field\" data-required=\"\" \/><\/div><\/div><\/div><div class=\"forminator-row\"><div id=\"email-1\" class=\"forminator-field-email forminator-col forminator-col-12\"><div class=\"forminator-field\"><label for=\"forminator-field-email-1_69da187eb9c2a\" class=\"forminator-label\" id=\"forminator-field-email-1_69da187eb9c2a-label\">Adresse e-mail <span class=\"forminator-required\">*<\/span><\/label><input type=\"email\" name=\"email-1\" value=\"\" placeholder=\"\" id=\"forminator-field-email-1_69da187eb9c2a\" class=\"forminator-input forminator-email--field\" data-required=\"true\" aria-required=\"true\" \/><\/div><\/div><\/div><div class=\"forminator-row\"><div id=\"phone-1\" class=\"forminator-field-phone forminator-col forminator-col-12\"><div class=\"forminator-field\"><label for=\"forminator-field-phone-1_69da187eb9c2a\" class=\"forminator-label\" id=\"forminator-field-phone-1_69da187eb9c2a-label\">num\u00e9ro de t\u00e9l\u00e9phone<\/label><input type=\"text\" name=\"phone-1\" value=\"\" placeholder=\"\" id=\"forminator-field-phone-1_69da187eb9c2a\" class=\"forminator-input forminator-field--phone\" data-required=\"\" aria-required=\"false\" autocomplete=\"off\" data-validation=\"1\" \/><\/div><\/div><\/div><div class=\"forminator-row\"><div id=\"checkbox-1\" class=\"forminator-field-checkbox forminator-col forminator-col-12\"><div role=\"group\" class=\"forminator-field\" aria-labelledby=\"forminator-checkbox-group-69da187eb9c2a-label\"><h4 id=\"forminator-checkbox-group-69da187eb9c2a-label\" class=\"forminator-label\">Je veux:<\/h4><label id=\"forminator-field-checkbox-1-1-69da187eb9c2a-label\" for=\"forminator-field-checkbox-1-1-69da187eb9c2a\" class=\"forminator-checkbox\" title=\"demander un devis:\"><input type=\"checkbox\" name=\"checkbox-1[]\" value=\"service-1\" id=\"forminator-field-checkbox-1-1-69da187eb9c2a\" aria-labelledby=\"forminator-field-checkbox-1-1-69da187eb9c2a-label\" data-calculation=\"0\"   aria-describedby=\"forminator-field-checkbox-1-69da187eb9c2a-description\"\/><span class=\"forminator-checkbox-box\" aria-hidden=\"true\"><\/span><span class=\"forminator-checkbox-label\">demander un devis:<\/span><\/label><label id=\"forminator-field-checkbox-1-2-69da187eb9c2a-label\" for=\"forminator-field-checkbox-1-2-69da187eb9c2a\" class=\"forminator-checkbox\" title=\"demandez quelque chose sur la TVA (pour les entreprises)\u00a0:\"><input type=\"checkbox\" name=\"checkbox-1[]\" value=\"service-2\" id=\"forminator-field-checkbox-1-2-69da187eb9c2a\" aria-labelledby=\"forminator-field-checkbox-1-2-69da187eb9c2a-label\" data-calculation=\"0\"   aria-describedby=\"forminator-field-checkbox-1-69da187eb9c2a-description\"\/><span class=\"forminator-checkbox-box\" aria-hidden=\"true\"><\/span><span class=\"forminator-checkbox-label\">demandez quelque chose sur la TVA (pour les entreprises)\u00a0:<\/span><\/label><label id=\"forminator-field-checkbox-1-3-69da187eb9c2a-label\" for=\"forminator-field-checkbox-1-3-69da187eb9c2a\" class=\"forminator-checkbox\" title=\"prendre rendez-vous pour une visite\u00a0:\"><input type=\"checkbox\" name=\"checkbox-1[]\" value=\"Ik-wil-een-bezichtigingsafspraak-maken\" id=\"forminator-field-checkbox-1-3-69da187eb9c2a\" aria-labelledby=\"forminator-field-checkbox-1-3-69da187eb9c2a-label\" data-calculation=\"0\"   aria-describedby=\"forminator-field-checkbox-1-69da187eb9c2a-description\"\/><span class=\"forminator-checkbox-box\" aria-hidden=\"true\"><\/span><span class=\"forminator-checkbox-label\">prendre rendez-vous pour une visite\u00a0:<\/span><\/label><label id=\"forminator-field-checkbox-1-4-69da187eb9c2a-label\" for=\"forminator-field-checkbox-1-4-69da187eb9c2a\" class=\"forminator-checkbox\" title=\"questions sur la disponibilit\u00e9 (stock) :\"><input type=\"checkbox\" name=\"checkbox-1[]\" value=\"iets-vragen-over-de-beschikbaarheid\" id=\"forminator-field-checkbox-1-4-69da187eb9c2a\" aria-labelledby=\"forminator-field-checkbox-1-4-69da187eb9c2a-label\" data-calculation=\"0\"   aria-describedby=\"forminator-field-checkbox-1-69da187eb9c2a-description\"\/><span class=\"forminator-checkbox-box\" aria-hidden=\"true\"><\/span><span class=\"forminator-checkbox-label\">questions sur la disponibilit\u00e9 (stock) :<\/span><\/label><label id=\"forminator-field-checkbox-1-5-69da187eb9c2a-label\" for=\"forminator-field-checkbox-1-5-69da187eb9c2a\" class=\"forminator-checkbox\" title=\"Puis-je \u00eatre tenu inform\u00e9 des nouveaux stocks ?\"><input type=\"checkbox\" name=\"checkbox-1[]\" value=\"Kan ik op de hoogte gehouden worden over nieuwe voorraad\" id=\"forminator-field-checkbox-1-5-69da187eb9c2a\" aria-labelledby=\"forminator-field-checkbox-1-5-69da187eb9c2a-label\" data-calculation=\"0\"   aria-describedby=\"forminator-field-checkbox-1-69da187eb9c2a-description\"\/><span class=\"forminator-checkbox-box\" aria-hidden=\"true\"><\/span><span class=\"forminator-checkbox-label\">Puis-je \u00eatre tenu inform\u00e9 des nouveaux stocks ?<\/span><\/label><label id=\"forminator-field-checkbox-1-6-69da187eb9c2a-label\" for=\"forminator-field-checkbox-1-6-69da187eb9c2a\" class=\"forminator-checkbox\" title=\"demande autre chose :\"><input type=\"checkbox\" name=\"checkbox-1[]\" value=\"Anders\" id=\"forminator-field-checkbox-1-6-69da187eb9c2a\" aria-labelledby=\"forminator-field-checkbox-1-6-69da187eb9c2a-label\" data-calculation=\"0\"   aria-describedby=\"forminator-field-checkbox-1-69da187eb9c2a-description\"\/><span class=\"forminator-checkbox-box\" aria-hidden=\"true\"><\/span><span class=\"forminator-checkbox-label\">demande autre chose :<\/span><\/label><\/div><\/div><\/div><div class=\"forminator-row\"><div id=\"textarea-1\" class=\"forminator-field-textarea forminator-col forminator-col-12\"><div class=\"forminator-field\"><label for=\"forminator-field-textarea-1_69da187eb9c2a\" id=\"forminator-field-textarea-1_69da187eb9c2a-label\" class=\"forminator-label\">Message<\/label><textarea name=\"textarea-1\" placeholder=\"\" id=\"forminator-field-textarea-1_69da187eb9c2a\" class=\"forminator-textarea\" rows=\"6\" style=\"min-height:140px;\" maxlength=\"180\" ><\/textarea><span id=\"forminator-field-textarea-1_69da187eb9c2a-description\" class=\"forminator-description\"><span data-limit=\"180\" data-type=\"characters\">0 \/ 180<\/span><\/span><\/div><\/div><\/div><input type=\"hidden\" name=\"referer_url\" value=\"\" \/><div class=\"forminator-row forminator-row-last\"><div class=\"forminator-col\"><div class=\"forminator-field\"><button class=\"forminator-button forminator-button-submit\">Envoyez<\/button><\/div><\/div><\/div><input type=\"hidden\" id=\"forminator_nonce\" name=\"forminator_nonce\" value=\"03b72a2d1c\" \/><input type=\"hidden\" name=\"_wp_http_referer\" value=\"\/fr\/wp-json\/wp\/v2\/product\/2951\" \/><input type=\"hidden\" name=\"form_id\" value=\"7542\"><input type=\"hidden\" name=\"page_id\" value=\"2951\"><input type=\"hidden\" name=\"form_type\" value=\"default\"><input type=\"hidden\" name=\"current_url\" value=\"https:\/\/coolvaria.com\/fr\/p\/armoire-climatique-a-biere-pt-s-450-litres\/\"><input type=\"hidden\" name=\"render_id\" value=\"0\"><input type=\"hidden\" name=\"action\" value=\"forminator_submit_form_custom-forms\"><input type=\"hidden\" name=\"trp-form-language\" value=\"fr\"\/><\/form><\/p>\n<p>&nbsp;<\/p>\n<p>&nbsp;<\/p>\n<p>&nbsp;<\/p>","protected":false},"excerpt":{"rendered":"<p>La plus grande armoire climatique \u00e0 bi\u00e8re pour votre caverne d&#039;hommes !<\/p>","protected":false},"featured_media":10347,"template":"","meta":{"_sitemap_exclude":false,"_sitemap_priority":"","_sitemap_frequency":""},"product_cat":[59],"product_tag":[],"class_list":["post-2951","product","type-product","status-publish","has-post-thumbnail","hentry","product_cat-bier","product_shipping_class-flat-rate","pa_extra-plateaus-mogelijk-ja-mogelijk","pa_omgevingstemperatuur-0-38-c","pa_temperature-twee-temperatuurzones","pa_temperatuurbereik-5-13-c-bovenin-13-18-c-onderin","pa_volume-450-liter","layout-style-2","col-md-4 col-sm-4 col-xs-6","product-has-gallery","product-style-addtocart"],"_links":{"self":[{"href":"https:\/\/coolvaria.com\/fr\/wp-json\/wp\/v2\/product\/2951","targetHints":{"allow":["GET"]}}],"collection":[{"href":"https:\/\/coolvaria.com\/fr\/wp-json\/wp\/v2\/product"}],"about":[{"href":"https:\/\/coolvaria.com\/fr\/wp-json\/wp\/v2\/types\/product"}],"wp:featuredmedia":[{"embeddable":true,"href":"https:\/\/coolvaria.com\/fr\/wp-json\/wp\/v2\/media\/10347"}],"wp:attachment":[{"href":"https:\/\/coolvaria.com\/fr\/wp-json\/wp\/v2\/media?parent=2951"}],"wp:term":[{"taxonomy":"product_cat","embeddable":true,"href":"https:\/\/coolvaria.com\/fr\/wp-json\/wp\/v2\/product_cat?post=2951"},{"taxonomy":"product_tag","embeddable":true,"href":"https:\/\/coolvaria.com\/fr\/wp-json\/wp\/v2\/product_tag?post=2951"}],"curies":[{"name":"wp","href":"https:\/\/api.w.org\/{rel}","templated":true}]}}