{"id":9657,"date":"2024-04-04T17:45:29","date_gmt":"2024-04-04T15:45:29","guid":{"rendered":"https:\/\/coolvaria.com\/?page_id=9657"},"modified":"2024-04-04T19:55:26","modified_gmt":"2024-04-04T17:55:26","slug":"betalingsmogelijkheden","status":"publish","type":"page","link":"https:\/\/coolvaria.com\/fr\/options-de-paiement\/","title":{"rendered":"Options de paiement"},"content":{"rendered":"<div data-elementor-type=\"wp-page\" data-elementor-id=\"9657\" class=\"elementor elementor-9657\">\n\t\t\t\t\t\t\t\t\t<section class=\"elementor-section elementor-top-section elementor-element elementor-element-2f3be4b elementor-section-boxed elementor-section-height-default elementor-section-height-default\" data-id=\"2f3be4b\" data-element_type=\"section\">\n\t\t\t\t\t\t<div class=\"elementor-container elementor-column-gap-default\">\n\t\t\t\t\t<div class=\"elementor-column elementor-col-100 elementor-top-column elementor-element elementor-element-e3411b5\" data-id=\"e3411b5\" data-element_type=\"column\">\n\t\t\t<div class=\"elementor-widget-wrap elementor-element-populated\">\n\t\t\t\t\t\t\t\t<div class=\"elementor-element elementor-element-8c30753 elementor-widget elementor-widget-text-editor\" data-id=\"8c30753\" data-element_type=\"widget\" data-widget_type=\"text-editor.default\">\n\t\t\t\t<div class=\"elementor-widget-container\">\n\t\t\t<style>\/*! elementor - v3.17.0 - 01-11-2023 *\/\n.elementor-widget-text-editor.elementor-drop-cap-view-stacked .elementor-drop-cap{background-color:#69727d;color:#fff}.elementor-widget-text-editor.elementor-drop-cap-view-framed .elementor-drop-cap{color:#69727d;border:3px solid;background-color:transparent}.elementor-widget-text-editor:not(.elementor-drop-cap-view-default) .elementor-drop-cap{margin-top:8px}.elementor-widget-text-editor:not(.elementor-drop-cap-view-default) .elementor-drop-cap-letter{width:1em;height:1em}.elementor-widget-text-editor .elementor-drop-cap{float:left;text-align:center;line-height:1;font-size:50px}.elementor-widget-text-editor .elementor-drop-cap-letter{display:inline-block}<\/style>\t\t\t\t<h3 data-trid=\"1519\">Nous proposons bien entendu diff\u00e9rents types d\u2019options de paiement et vous pouvez \u00e9galement les trouver sur la page de paiement.<\/h3>\t\t\t\t\t\t<\/div>\n\t\t\t\t<\/div>\n\t\t\t\t\t<\/div>\n\t\t<\/div>\n\t\t\t\t\t\t\t<\/div>\n\t\t<\/section>\n\t\t\t\t<section class=\"elementor-section elementor-top-section elementor-element elementor-element-de8d07d elementor-section-boxed elementor-section-height-default elementor-section-height-default\" data-id=\"de8d07d\" data-element_type=\"section\">\n\t\t\t\t\t\t<div class=\"elementor-container elementor-column-gap-default\">\n\t\t\t\t\t<div class=\"elementor-column elementor-col-100 elementor-top-column elementor-element elementor-element-b8f0f61\" data-id=\"b8f0f61\" data-element_type=\"column\">\n\t\t\t<div class=\"elementor-widget-wrap elementor-element-populated\">\n\t\t\t\t\t\t\t\t<section class=\"elementor-section elementor-inner-section elementor-element elementor-element-7b88503 elementor-section-boxed elementor-section-height-default elementor-section-height-default\" data-id=\"7b88503\" data-element_type=\"section\">\n\t\t\t\t\t\t<div class=\"elementor-container elementor-column-gap-default\">\n\t\t\t\t\t<div class=\"elementor-column elementor-col-50 elementor-inner-column elementor-element elementor-element-3f9bf65\" data-id=\"3f9bf65\" data-element_type=\"column\">\n\t\t\t<div class=\"elementor-widget-wrap elementor-element-populated\">\n\t\t\t\t\t\t\t\t<div class=\"elementor-element elementor-element-0129b7e elementor-widget elementor-widget-image\" data-id=\"0129b7e\" data-element_type=\"widget\" data-widget_type=\"image.default\">\n\t\t\t\t<div class=\"elementor-widget-container\">\n\t\t\t<style>\/*! elementor - v3.17.0 - 01-11-2023 *\/\n.elementor-widget-image{text-align:center}.elementor-widget-image a{display:inline-block}.elementor-widget-image a img[src$=\".svg\"]{width:48px}.elementor-widget-image img{vertical-align:middle;display:inline-block}<\/style>\t\t\t\t\t\t\t\t\t\t\t\t<img decoding=\"async\" width=\"100\" height=\"100\" src=\"https:\/\/cdn.coolvaria.com\/wp-content\/uploads\/iDEAL.svg\" class=\"attachment-sober-widget-thumbnail size-sober-widget-thumbnail wp-image-9664\" alt=\"\" \/>\t\t\t\t\t\t\t\t\t\t\t\t\t\t\t<\/div>\n\t\t\t\t<\/div>\n\t\t\t\t<div class=\"elementor-element elementor-element-5b635dd elementor-widget elementor-widget-image\" data-id=\"5b635dd\" data-element_type=\"widget\" data-widget_type=\"image.default\">\n\t\t\t\t<div class=\"elementor-widget-container\">\n\t\t\t\t\t\t\t\t\t\t\t\t\t\t\t<img decoding=\"async\" width=\"100\" height=\"100\" src=\"https:\/\/cdn.coolvaria.com\/wp-content\/uploads\/carte-bleue-logo-png-transparent-100x100.png?strip=all&amp;lossy=1&amp;ssl=1\" class=\"attachment-sober-widget-thumbnail size-sober-widget-thumbnail wp-image-9668\" alt=\"L&#039;image est compl\u00e8tement noire, ce qui indique qu&#039;il s&#039;agit d&#039;une image noire unie ou d&#039;une image sans contenu visuel \u00e0 afficher.\" srcset=\"https:\/\/cdn.coolvaria.com\/wp-content\/uploads\/carte-bleue-logo-png-transparent-100x100.png?strip=all&amp;lossy=1&amp;ssl=1 100w, https:\/\/cdn.coolvaria.com\/wp-content\/uploads\/carte-bleue-logo-png-transparent-433x433.png?strip=all&amp;lossy=1&amp;ssl=1 433w, https:\/\/cdn.coolvaria.com\/wp-content\/uploads\/carte-bleue-logo-png-transparent-937x937.png?strip=all&amp;lossy=1&amp;ssl=1 937w, https:\/\/cdn.coolvaria.com\/wp-content\/uploads\/carte-bleue-logo-png-transparent-300x300.png?strip=all&amp;lossy=1&amp;ssl=1 300w, https:\/\/cdn.coolvaria.com\/wp-content\/uploads\/carte-bleue-logo-png-transparent-1024x1024.png?strip=all&amp;lossy=1&amp;ssl=1 1024w, https:\/\/cdn.coolvaria.com\/wp-content\/uploads\/carte-bleue-logo-png-transparent-150x150.png?strip=all&amp;lossy=1&amp;ssl=1 150w, https:\/\/cdn.coolvaria.com\/wp-content\/uploads\/carte-bleue-logo-png-transparent-768x768.png?strip=all&amp;lossy=1&amp;ssl=1 768w, https:\/\/cdn.coolvaria.com\/wp-content\/uploads\/carte-bleue-logo-png-transparent-1536x1536.png?strip=all&amp;lossy=1&amp;ssl=1 1536w, https:\/\/cdn.coolvaria.com\/wp-content\/uploads\/carte-bleue-logo-png-transparent-12x12.png?strip=all&amp;lossy=1&amp;ssl=1 12w, https:\/\/cdn.coolvaria.com\/wp-content\/uploads\/carte-bleue-logo-png-transparent.png?strip=all&amp;lossy=1&amp;ssl=1 1920w, https:\/\/cdn.coolvaria.com\/wp-content\/uploads\/carte-bleue-logo-png-transparent.png?strip=all&amp;lossy=1&amp;w=512&amp;ssl=1 512w, https:\/\/cdn.coolvaria.com\/wp-content\/uploads\/carte-bleue-logo-png-transparent.png?strip=all&amp;lossy=1&amp;w=640&amp;ssl=1 640w, https:\/\/cdn.coolvaria.com\/wp-content\/uploads\/carte-bleue-logo-png-transparent.png?strip=all&amp;lossy=1&amp;w=1280&amp;ssl=1 1280w\" sizes=\"(max-width: 100px) 100vw, 100px\" \/>\t\t\t\t\t\t\t\t\t\t\t\t\t\t\t<\/div>\n\t\t\t\t<\/div>\n\t\t\t\t<div class=\"elementor-element elementor-element-e3ee32a elementor-widget elementor-widget-image\" data-id=\"e3ee32a\" data-element_type=\"widget\" data-widget_type=\"image.default\">\n\t\t\t\t<div class=\"elementor-widget-container\">\n\t\t\t\t\t\t\t\t\t\t\t\t\t\t\t<img decoding=\"async\" width=\"100\" height=\"100\" src=\"https:\/\/cdn.coolvaria.com\/wp-content\/uploads\/Belfius.svg\" class=\"attachment-sober-widget-thumbnail size-sober-widget-thumbnail wp-image-9673\" alt=\"\" \/>\t\t\t\t\t\t\t\t\t\t\t\t\t\t\t<\/div>\n\t\t\t\t<\/div>\n\t\t\t\t<div class=\"elementor-element elementor-element-666d4e3 elementor-widget elementor-widget-image\" data-id=\"666d4e3\" data-element_type=\"widget\" data-widget_type=\"image.default\">\n\t\t\t\t<div class=\"elementor-widget-container\">\n\t\t\t\t\t\t\t\t\t\t\t\t\t\t\t<img decoding=\"async\" width=\"100\" height=\"100\" src=\"https:\/\/cdn.coolvaria.com\/wp-content\/uploads\/Billink.svg\" class=\"attachment-post-thumbnail size-post-thumbnail wp-image-9674\" alt=\"\" \/>\t\t\t\t\t\t\t\t\t\t\t\t\t\t\t<\/div>\n\t\t\t\t<\/div>\n\t\t\t\t<div class=\"elementor-element elementor-element-f338d59 elementor-widget elementor-widget-image\" data-id=\"f338d59\" data-element_type=\"widget\" data-widget_type=\"image.default\">\n\t\t\t\t<div class=\"elementor-widget-container\">\n\t\t\t\t\t\t\t\t\t\t\t\t\t\t\t<img decoding=\"async\" width=\"100\" height=\"100\" src=\"https:\/\/cdn.coolvaria.com\/wp-content\/uploads\/Bancontact.svg\" class=\"attachment-post-thumbnail size-post-thumbnail wp-image-9677\" alt=\"\" \/>\t\t\t\t\t\t\t\t\t\t\t\t\t\t\t<\/div>\n\t\t\t\t<\/div>\n\t\t\t\t<div class=\"elementor-element elementor-element-e21b8fe elementor-widget elementor-widget-image\" data-id=\"e21b8fe\" data-element_type=\"widget\" data-widget_type=\"image.default\">\n\t\t\t\t<div class=\"elementor-widget-container\">\n\t\t\t\t\t\t\t\t\t\t\t\t\t\t\t<img decoding=\"async\" width=\"100\" height=\"96\" src=\"https:\/\/cdn.coolvaria.com\/wp-content\/uploads\/Carte-bleu-100x96.png?strip=all&amp;lossy=1&amp;ssl=1&fit=100%2C96\" class=\"attachment-sober-widget-thumbnail size-sober-widget-thumbnail wp-image-9678\" alt=\"Logo Carte Bleue Visa avec texte bleu et blanc et \u00e9l\u00e9ment de design jaune et bleu.\" \/>\t\t\t\t\t\t\t\t\t\t\t\t\t\t\t<\/div>\n\t\t\t\t<\/div>\n\t\t\t\t<div class=\"elementor-element elementor-element-67624b3 elementor-widget elementor-widget-image\" data-id=\"67624b3\" data-element_type=\"widget\" data-widget_type=\"image.default\">\n\t\t\t\t<div class=\"elementor-widget-container\">\n\t\t\t\t\t\t\t\t\t\t\t\t\t\t\t<img decoding=\"async\" width=\"100\" height=\"100\" src=\"https:\/\/cdn.coolvaria.com\/wp-content\/uploads\/EPS.svg\" class=\"attachment-sober-widget-thumbnail size-sober-widget-thumbnail wp-image-9680\" alt=\"\" \/>\t\t\t\t\t\t\t\t\t\t\t\t\t\t\t<\/div>\n\t\t\t\t<\/div>\n\t\t\t\t<div class=\"elementor-element elementor-element-d31ea7b elementor-widget elementor-widget-image\" data-id=\"d31ea7b\" data-element_type=\"widget\" data-widget_type=\"image.default\">\n\t\t\t\t<div class=\"elementor-widget-container\">\n\t\t\t\t\t\t\t\t\t\t\t\t\t\t\t<img decoding=\"async\" width=\"100\" height=\"100\" src=\"https:\/\/cdn.coolvaria.com\/wp-content\/uploads\/KBC.svg\" class=\"attachment-sober-widget-thumbnail size-sober-widget-thumbnail wp-image-9681\" alt=\"\" \/>\t\t\t\t\t\t\t\t\t\t\t\t\t\t\t<\/div>\n\t\t\t\t<\/div>\n\t\t\t\t<div class=\"elementor-element elementor-element-832c415 elementor-widget elementor-widget-image\" data-id=\"832c415\" data-element_type=\"widget\" data-widget_type=\"image.default\">\n\t\t\t\t<div class=\"elementor-widget-container\">\n\t\t\t\t\t\t\t\t\t\t\t\t\t\t\t<img decoding=\"async\" width=\"100\" height=\"100\" src=\"https:\/\/cdn.coolvaria.com\/wp-content\/uploads\/Creditcards.svg\" class=\"attachment-sober-widget-thumbnail size-sober-widget-thumbnail wp-image-9682\" alt=\"\" \/>\t\t\t\t\t\t\t\t\t\t\t\t\t\t\t<\/div>\n\t\t\t\t<\/div>\n\t\t\t\t<div class=\"elementor-element elementor-element-284340d elementor-widget elementor-widget-image\" data-id=\"284340d\" data-element_type=\"widget\" data-widget_type=\"image.default\">\n\t\t\t\t<div class=\"elementor-widget-container\">\n\t\t\t\t\t\t\t\t\t\t\t\t\t\t\t<img decoding=\"async\" width=\"100\" height=\"100\" src=\"https:\/\/cdn.coolvaria.com\/wp-content\/uploads\/V_Pay_logo.svg-100x100.png?strip=all&amp;lossy=1&amp;ssl=1\" class=\"attachment-sober-widget-thumbnail size-sober-widget-thumbnail wp-image-9688\" alt=\"Logo Visa Pay, comportant une grande lettre \u00ab\u00a0v\u00a0\u00bb avec un motif orange et bleu sur fond blanc, au-dessus du mot \u00ab\u00a0pay\u00a0\u00bb en blanc sur fond bleu.\" srcset=\"https:\/\/cdn.coolvaria.com\/wp-content\/uploads\/V_Pay_logo.svg-100x100.png?strip=all&amp;lossy=1&amp;ssl=1 100w, https:\/\/cdn.coolvaria.com\/wp-content\/uploads\/V_Pay_logo.svg-150x150.png?strip=all&amp;lossy=1&amp;ssl=1 150w, https:\/\/cdn.coolvaria.com\/wp-content\/uploads\/V_Pay_logo.svg-11x12.png?strip=all&amp;lossy=1&amp;ssl=1 11w, https:\/\/cdn.coolvaria.com\/wp-content\/uploads\/V_Pay_logo.svg.png?strip=all&amp;lossy=1&amp;zoom=2&amp;resize=100%2C100&amp;ssl=1 200w, https:\/\/cdn.coolvaria.com\/wp-content\/uploads\/V_Pay_logo.svg.png?strip=all&amp;lossy=1&amp;zoom=3&amp;resize=100%2C100&amp;ssl=1 300w\" sizes=\"(max-width: 100px) 100vw, 100px\" \/>\t\t\t\t\t\t\t\t\t\t\t\t\t\t\t<\/div>\n\t\t\t\t<\/div>\n\t\t\t\t<div class=\"elementor-element elementor-element-c54ef8e elementor-widget elementor-widget-image\" data-id=\"c54ef8e\" data-element_type=\"widget\" data-widget_type=\"image.default\">\n\t\t\t\t<div class=\"elementor-widget-container\">\n\t\t\t\t\t\t\t\t\t\t\t\t\t\t\t<img decoding=\"async\" width=\"100\" height=\"100\" src=\"https:\/\/cdn.coolvaria.com\/wp-content\/uploads\/PayPal.svg\" class=\"attachment-sober-widget-thumbnail size-sober-widget-thumbnail wp-image-9684\" alt=\"\" \/>\t\t\t\t\t\t\t\t\t\t\t\t\t\t\t<\/div>\n\t\t\t\t<\/div>\n\t\t\t\t\t<\/div>\n\t\t<\/div>\n\t\t\t\t<div class=\"elementor-column elementor-col-50 elementor-inner-column elementor-element elementor-element-49d02a6\" data-id=\"49d02a6\" data-element_type=\"column\">\n\t\t\t<div class=\"elementor-widget-wrap elementor-element-populated\">\n\t\t\t\t\t\t\t\t<div class=\"elementor-element elementor-element-483071d elementor-widget elementor-widget-image\" data-id=\"483071d\" data-element_type=\"widget\" data-widget_type=\"image.default\">\n\t\t\t\t<div class=\"elementor-widget-container\">\n\t\t\t\t\t\t\t\t\t\t\t\t\t\t\t<img decoding=\"async\" width=\"100\" height=\"100\" src=\"https:\/\/cdn.coolvaria.com\/wp-content\/uploads\/visa-logo.svg\" class=\"attachment-sober-widget-thumbnail size-sober-widget-thumbnail wp-image-9714\" alt=\"\" \/>\t\t\t\t\t\t\t\t\t\t\t\t\t\t\t<\/div>\n\t\t\t\t<\/div>\n\t\t\t\t<div class=\"elementor-element elementor-element-07e8825 elementor-widget elementor-widget-image\" data-id=\"07e8825\" data-element_type=\"widget\" data-widget_type=\"image.default\">\n\t\t\t\t<div class=\"elementor-widget-container\">\n\t\t\t\t\t\t\t\t\t\t\t\t\t\t\t<img decoding=\"async\" width=\"100\" height=\"100\" src=\"https:\/\/cdn.coolvaria.com\/wp-content\/uploads\/postepay.jpg-100x100.webp?strip=all&amp;lossy=1&amp;ssl=1\" class=\"attachment-sober-widget-thumbnail size-sober-widget-thumbnail wp-image-9711\" alt=\"Le mot \u00ab postepay \u00bb en lettres minuscules bleues, centr\u00e9 sur un fond jaune vif.\" srcset=\"https:\/\/cdn.coolvaria.com\/wp-content\/uploads\/postepay.jpg-100x100.webp?strip=all&amp;lossy=1&amp;ssl=1 100w, https:\/\/cdn.coolvaria.com\/wp-content\/uploads\/postepay.jpg-150x150.webp?strip=all&amp;lossy=1&amp;ssl=1 150w, https:\/\/cdn.coolvaria.com\/wp-content\/uploads\/postepay.jpg.webp?strip=all&amp;lossy=1&amp;zoom=2&amp;resize=100%2C100&amp;ssl=1 200w, https:\/\/cdn.coolvaria.com\/wp-content\/uploads\/postepay.jpg.webp?strip=all&amp;lossy=1&amp;zoom=3&amp;resize=100%2C100&amp;ssl=1 300w\" sizes=\"(max-width: 100px) 100vw, 100px\" \/>\t\t\t\t\t\t\t\t\t\t\t\t\t\t\t<\/div>\n\t\t\t\t<\/div>\n\t\t\t\t<div class=\"elementor-element elementor-element-d5352dc elementor-widget elementor-widget-image\" data-id=\"d5352dc\" data-element_type=\"widget\" data-widget_type=\"image.default\">\n\t\t\t\t<div class=\"elementor-widget-container\">\n\t\t\t\t\t\t\t\t\t\t\t\t\t\t\t<img decoding=\"async\" width=\"100\" height=\"100\" src=\"https:\/\/cdn.coolvaria.com\/wp-content\/uploads\/FCM_Logo_Nexi2-100x100.png?strip=all&amp;lossy=1&amp;ssl=1\" class=\"attachment-sober-widget-thumbnail size-sober-widget-thumbnail wp-image-9712\" alt=\"Logo Nexi en caract\u00e8res bleus, avec le slogan \u00ab\u00a0chaque jour, chaque paie\u00a0\u00bb en texte plus petit ci-dessous.\" srcset=\"https:\/\/cdn.coolvaria.com\/wp-content\/uploads\/FCM_Logo_Nexi2-100x100.png?strip=all&amp;lossy=1&amp;ssl=1 100w, https:\/\/cdn.coolvaria.com\/wp-content\/uploads\/FCM_Logo_Nexi2-150x150.png?strip=all&amp;lossy=1&amp;ssl=1 150w, https:\/\/cdn.coolvaria.com\/wp-content\/uploads\/FCM_Logo_Nexi2.png?strip=all&amp;lossy=1&amp;zoom=2&amp;resize=100%2C100&amp;ssl=1 200w, https:\/\/cdn.coolvaria.com\/wp-content\/uploads\/FCM_Logo_Nexi2.png?strip=all&amp;lossy=1&amp;zoom=3&amp;resize=100%2C100&amp;ssl=1 300w\" sizes=\"(max-width: 100px) 100vw, 100px\" \/>\t\t\t\t\t\t\t\t\t\t\t\t\t\t\t<\/div>\n\t\t\t\t<\/div>\n\t\t\t\t<div class=\"elementor-element elementor-element-232a088 elementor-widget elementor-widget-image\" data-id=\"232a088\" data-element_type=\"widget\" data-widget_type=\"image.default\">\n\t\t\t\t<div class=\"elementor-widget-container\">\n\t\t\t\t\t\t\t\t\t\t\t\t\t\t\t<img decoding=\"async\" width=\"100\" height=\"100\" src=\"https:\/\/cdn.coolvaria.com\/wp-content\/uploads\/b8bb65b2a728f44d77d9a39068cc170f_icon-100x100.png?strip=all&amp;lossy=1&amp;ssl=1\" class=\"attachment-sober-widget-thumbnail size-sober-widget-thumbnail wp-image-9713\" alt=\"Logo dk rouge et blanc avec un dessin g\u00e9om\u00e9trique compos\u00e9 d&#039;un d et d&#039;un k stylis\u00e9s imbriqu\u00e9s.\" srcset=\"https:\/\/cdn.coolvaria.com\/wp-content\/uploads\/b8bb65b2a728f44d77d9a39068cc170f_icon-100x100.png?strip=all&amp;lossy=1&amp;ssl=1 100w, https:\/\/cdn.coolvaria.com\/wp-content\/uploads\/b8bb65b2a728f44d77d9a39068cc170f_icon-433x433.png?strip=all&amp;lossy=1&amp;ssl=1 433w, https:\/\/cdn.coolvaria.com\/wp-content\/uploads\/b8bb65b2a728f44d77d9a39068cc170f_icon-300x300.png?strip=all&amp;lossy=1&amp;ssl=1 300w, https:\/\/cdn.coolvaria.com\/wp-content\/uploads\/b8bb65b2a728f44d77d9a39068cc170f_icon-150x150.png?strip=all&amp;lossy=1&amp;ssl=1 150w, https:\/\/cdn.coolvaria.com\/wp-content\/uploads\/b8bb65b2a728f44d77d9a39068cc170f_icon-12x12.png?strip=all&amp;lossy=1&amp;ssl=1 12w, https:\/\/cdn.coolvaria.com\/wp-content\/uploads\/b8bb65b2a728f44d77d9a39068cc170f_icon.png?strip=all&amp;lossy=1&amp;ssl=1 512w\" sizes=\"(max-width: 100px) 100vw, 100px\" \/>\t\t\t\t\t\t\t\t\t\t\t\t\t\t\t<\/div>\n\t\t\t\t<\/div>\n\t\t\t\t<div class=\"elementor-element elementor-element-f6d8b9f elementor-widget elementor-widget-image\" data-id=\"f6d8b9f\" data-element_type=\"widget\" data-widget_type=\"image.default\">\n\t\t\t\t<div class=\"elementor-widget-container\">\n\t\t\t\t\t\t\t\t\t\t\t\t\t\t\t<img decoding=\"async\" width=\"100\" height=\"100\" src=\"https:\/\/cdn.coolvaria.com\/wp-content\/uploads\/bank-transfer-alt-icon-2048x1417-1nih8a4k-100x100.png?strip=all&amp;lossy=1&amp;ssl=1\" class=\"attachment-sober-widget-thumbnail size-sober-widget-thumbnail wp-image-9691\" alt=\"L&#039;image est compl\u00e8tement noire, ce qui indique qu&#039;il s&#039;agit peut-\u00eatre d&#039;un fichier image vierge ou endommag\u00e9.\" srcset=\"https:\/\/cdn.coolvaria.com\/wp-content\/uploads\/bank-transfer-alt-icon-2048x1417-1nih8a4k-100x100.png?strip=all&amp;lossy=1&amp;ssl=1 100w, https:\/\/cdn.coolvaria.com\/wp-content\/uploads\/bank-transfer-alt-icon-2048x1417-1nih8a4k-150x150.png?strip=all&amp;lossy=1&amp;ssl=1 150w, https:\/\/cdn.coolvaria.com\/wp-content\/uploads\/bank-transfer-alt-icon-2048x1417-1nih8a4k.png?strip=all&amp;lossy=1&amp;zoom=2&amp;resize=100%2C100&amp;ssl=1 200w, https:\/\/cdn.coolvaria.com\/wp-content\/uploads\/bank-transfer-alt-icon-2048x1417-1nih8a4k.png?strip=all&amp;lossy=1&amp;zoom=3&amp;resize=100%2C100&amp;ssl=1 300w\" sizes=\"(max-width: 100px) 100vw, 100px\" \/>\t\t\t\t\t\t\t\t\t\t\t\t\t\t\t<\/div>\n\t\t\t\t<\/div>\n\t\t\t\t<div class=\"elementor-element elementor-element-bbeeebe elementor-widget elementor-widget-image\" data-id=\"bbeeebe\" data-element_type=\"widget\" data-widget_type=\"image.default\">\n\t\t\t\t<div class=\"elementor-widget-container\">\n\t\t\t\t\t\t\t\t\t\t\t\t\t\t\t<img decoding=\"async\" width=\"100\" height=\"100\" src=\"https:\/\/cdn.coolvaria.com\/wp-content\/uploads\/Giropay.svg\" class=\"attachment-sober-widget-thumbnail size-sober-widget-thumbnail wp-image-9679\" alt=\"\" \/>\t\t\t\t\t\t\t\t\t\t\t\t\t\t\t<\/div>\n\t\t\t\t<\/div>\n\t\t\t\t<div class=\"elementor-element elementor-element-ca90b78 elementor-widget elementor-widget-image\" data-id=\"ca90b78\" data-element_type=\"widget\" data-widget_type=\"image.default\">\n\t\t\t\t<div class=\"elementor-widget-container\">\n\t\t\t\t\t\t\t\t\t\t\t\t\t\t\t<img decoding=\"async\" width=\"100\" height=\"100\" src=\"https:\/\/cdn.coolvaria.com\/wp-content\/uploads\/visa-electron.svg\" class=\"attachment-sober-widget-thumbnail size-sober-widget-thumbnail wp-image-9693\" alt=\"\" \/>\t\t\t\t\t\t\t\t\t\t\t\t\t\t\t<\/div>\n\t\t\t\t<\/div>\n\t\t\t\t<div class=\"elementor-element elementor-element-b55b9b8 elementor-widget elementor-widget-image\" data-id=\"b55b9b8\" data-element_type=\"widget\" data-widget_type=\"image.default\">\n\t\t\t\t<div class=\"elementor-widget-container\">\n\t\t\t\t\t\t\t\t\t\t\t\t\t\t\t<img decoding=\"async\" width=\"100\" height=\"100\" src=\"https:\/\/cdn.coolvaria.com\/wp-content\/uploads\/cartes-bancaires-cb-2014.svg\" class=\"attachment-sober-widget-thumbnail size-sober-widget-thumbnail wp-image-9692\" alt=\"\" \/>\t\t\t\t\t\t\t\t\t\t\t\t\t\t\t<\/div>\n\t\t\t\t<\/div>\n\t\t\t\t<div class=\"elementor-element elementor-element-59e798d elementor-widget elementor-widget-image\" data-id=\"59e798d\" data-element_type=\"widget\" data-widget_type=\"image.default\">\n\t\t\t\t<div class=\"elementor-widget-container\">\n\t\t\t\t\t\t\t\t\t\t\t\t\t\t\t<img decoding=\"async\" width=\"100\" height=\"100\" src=\"https:\/\/cdn.coolvaria.com\/wp-content\/uploads\/Maestro_2016.svg-100x100.png?strip=all&amp;lossy=1&amp;ssl=1\" class=\"attachment-sober-widget-thumbnail size-sober-widget-thumbnail wp-image-9685\" alt=\"Deux cercles superpos\u00e9s, un rouge et un bleu, cr\u00e9ant une intersection violette, sur fond blanc.\" srcset=\"https:\/\/cdn.coolvaria.com\/wp-content\/uploads\/Maestro_2016.svg-100x100.png?strip=all&amp;lossy=1&amp;ssl=1 100w, https:\/\/cdn.coolvaria.com\/wp-content\/uploads\/Maestro_2016.svg-150x150.png?strip=all&amp;lossy=1&amp;ssl=1 150w, https:\/\/cdn.coolvaria.com\/wp-content\/uploads\/Maestro_2016.svg.png?strip=all&amp;lossy=1&amp;zoom=2&amp;resize=100%2C100&amp;ssl=1 200w, https:\/\/cdn.coolvaria.com\/wp-content\/uploads\/Maestro_2016.svg.png?strip=all&amp;lossy=1&amp;zoom=3&amp;resize=100%2C100&amp;ssl=1 300w\" sizes=\"(max-width: 100px) 100vw, 100px\" \/>\t\t\t\t\t\t\t\t\t\t\t\t\t\t\t<\/div>\n\t\t\t\t<\/div>\n\t\t\t\t<div class=\"elementor-element elementor-element-aa14af9 elementor-widget elementor-widget-image\" data-id=\"aa14af9\" data-element_type=\"widget\" data-widget_type=\"image.default\">\n\t\t\t\t<div class=\"elementor-widget-container\">\n\t\t\t\t\t\t\t\t\t\t\t\t\t\t\t<img decoding=\"async\" width=\"100\" height=\"100\" src=\"https:\/\/cdn.coolvaria.com\/wp-content\/uploads\/mastercard.svg\" class=\"attachment-sober-widget-thumbnail size-sober-widget-thumbnail wp-image-9689\" alt=\"\" \/>\t\t\t\t\t\t\t\t\t\t\t\t\t\t\t<\/div>\n\t\t\t\t<\/div>\n\t\t\t\t\t<\/div>\n\t\t<\/div>\n\t\t\t\t\t\t\t<\/div>\n\t\t<\/section>\n\t\t\t\t\t<\/div>\n\t\t<\/div>\n\t\t\t\t\t\t\t<\/div>\n\t\t<\/section>\n\t\t\t\t\t\t\t<\/div>","protected":false},"excerpt":{"rendered":"<p>Nous proposons bien entendu diff\u00e9rents types d\u2019options de paiement et vous pouvez \u00e9galement les trouver sur la page de paiement.<\/p>","protected":false},"author":617,"featured_media":0,"parent":0,"menu_order":0,"comment_status":"closed","ping_status":"closed","template":"","meta":{"_sitemap_exclude":false,"_sitemap_priority":"","_sitemap_frequency":"","footnotes":""},"class_list":["post-9657","page","type-page","status-publish","hentry"],"_links":{"self":[{"href":"https:\/\/coolvaria.com\/fr\/wp-json\/wp\/v2\/pages\/9657","targetHints":{"allow":["GET"]}}],"collection":[{"href":"https:\/\/coolvaria.com\/fr\/wp-json\/wp\/v2\/pages"}],"about":[{"href":"https:\/\/coolvaria.com\/fr\/wp-json\/wp\/v2\/types\/page"}],"author":[{"embeddable":true,"href":"https:\/\/coolvaria.com\/fr\/wp-json\/wp\/v2\/users\/617"}],"replies":[{"embeddable":true,"href":"https:\/\/coolvaria.com\/fr\/wp-json\/wp\/v2\/comments?post=9657"}],"version-history":[{"count":21,"href":"https:\/\/coolvaria.com\/fr\/wp-json\/wp\/v2\/pages\/9657\/revisions"}],"predecessor-version":[{"id":9717,"href":"https:\/\/coolvaria.com\/fr\/wp-json\/wp\/v2\/pages\/9657\/revisions\/9717"}],"wp:attachment":[{"href":"https:\/\/coolvaria.com\/fr\/wp-json\/wp\/v2\/media?parent=9657"}],"curies":[{"name":"wp","href":"https:\/\/api.w.org\/{rel}","templated":true}]}}