{"id":8968,"date":"2024-03-07T12:00:46","date_gmt":"2024-03-07T11:00:46","guid":{"rendered":"https:\/\/coolvaria.com\/?page_id=8968"},"modified":"2024-03-07T12:06:32","modified_gmt":"2024-03-07T11:06:32","slug":"werking-van-de-compacte-wijnkoeler","status":"publish","type":"page","link":"https:\/\/coolvaria.com\/fr\/fonctionnement-de-la-cave-a-vin-compacte\/","title":{"rendered":"Fonctionnement de la cave \u00e0 vin compacte"},"content":{"rendered":"<div data-elementor-type=\"wp-page\" data-elementor-id=\"8968\" class=\"elementor elementor-8968\">\n\t\t\t\t\t\t\t\t\t<section class=\"elementor-section elementor-top-section elementor-element elementor-element-77b2003 elementor-section-boxed elementor-section-height-default elementor-section-height-default\" data-id=\"77b2003\" data-element_type=\"section\">\n\t\t\t\t\t\t<div class=\"elementor-container elementor-column-gap-default\">\n\t\t\t\t\t<div class=\"elementor-column elementor-col-100 elementor-top-column elementor-element elementor-element-4f4b5c8\" data-id=\"4f4b5c8\" data-element_type=\"column\">\n\t\t\t<div class=\"elementor-widget-wrap elementor-element-populated\">\n\t\t\t\t\t\t\t\t<div class=\"elementor-element elementor-element-09266fe elementor-widget elementor-widget-text-editor\" data-id=\"09266fe\" data-element_type=\"widget\" data-widget_type=\"text-editor.default\">\n\t\t\t\t<div class=\"elementor-widget-container\">\n\t\t\t<style>\/*! elementor - v3.17.0 - 01-11-2023 *\/\n.elementor-widget-text-editor.elementor-drop-cap-view-stacked .elementor-drop-cap{background-color:#69727d;color:#fff}.elementor-widget-text-editor.elementor-drop-cap-view-framed .elementor-drop-cap{color:#69727d;border:3px solid;background-color:transparent}.elementor-widget-text-editor:not(.elementor-drop-cap-view-default) .elementor-drop-cap{margin-top:8px}.elementor-widget-text-editor:not(.elementor-drop-cap-view-default) .elementor-drop-cap-letter{width:1em;height:1em}.elementor-widget-text-editor .elementor-drop-cap{float:left;text-align:center;line-height:1;font-size:50px}.elementor-widget-text-editor .elementor-drop-cap-letter{display:inline-block}<\/style>\t\t\t\t<h3 class=\"gt-block\" style=\"caret-color: #7c7c80; text-size-adjust: auto;\"><strong><em>Op\u00e9ration:<\/em><\/strong><\/h3><p style=\"caret-color: #7c7c80; text-size-adjust: auto;\">Ce mod\u00e8le est refroidi par l&#039;effet thermo\u00e9lectrique qui transf\u00e8re la chaleur d&#039;un c\u00f4t\u00e9 \u00e0 l&#039;autre. Celui-ci a toujours un c\u00f4t\u00e9 chaud et un c\u00f4t\u00e9 froid avec une diff\u00e9rence de temp\u00e9rature. Le c\u00f4t\u00e9 chaud a la temp\u00e9rature ambiante tandis que le c\u00f4t\u00e9 froid peut \u00eatre inf\u00e9rieur de 15 degr\u00e9s. Une armoire climatique thermo\u00e9lectrique refroidit toujours (gr\u00e2ce \u00e0 la pr\u00e9sence d&#039;un ventilateur) car l&#039;\u00e9l\u00e9ment Peltier doit toujours \u00eatre refroidi par la temp\u00e9rature ambiante.<\/p><p style=\"caret-color: #7c7c80; text-size-adjust: auto;\">Les chambres climatiques thermo\u00e9lectriques sont l\u00e9g\u00e8res et peuvent \u00eatre facilement d\u00e9plac\u00e9es, ce qui les rend id\u00e9ales pour le plug &amp; play. Une temp\u00e9rature plus basse dans la glaci\u00e8re entra\u00eene une humidit\u00e9 plus faible.<\/p><h3 style=\"caret-color: #7c7c80; text-size-adjust: auto;\">Nous recommandons ce qui suit pour conserver\/servir le vin :<\/h3><p style=\"caret-color: #7c7c80; text-size-adjust: auto;\">Vin blanc : une temp\u00e9rature de 7-9\u00b0C.<\/p><p style=\"caret-color: #7c7c80; text-size-adjust: auto;\">Vin de conservation : une temp\u00e9rature de 11-13\u00b0C.<\/p><p style=\"caret-color: #7c7c80; text-size-adjust: auto;\">Vin rouge : une temp\u00e9rature de 16-18\u00b0C.<\/p><h3 class=\"gt-block\" style=\"caret-color: #7c7c80; text-size-adjust: auto;\"><strong>Remarque:<\/strong><\/h3><p class=\"gt-block\" style=\"caret-color: #7c7c80; text-size-adjust: auto;\"><em>Pour refroidir ce syst\u00e8me, il est n\u00e9cessaire d&#039;avoir un ventilateur (pour \u00e9vacuer la chaleur), c&#039;est pourquoi ce refroidisseur dispose d&#039;un ventilateur.<br \/>Ce refroidisseur \u00e9tant \u00e9quip\u00e9 d&#039;un ventilateur, il ne peut pas \u00eatre int\u00e9gr\u00e9 (le refroidisseur a besoin d&#039;espace pour dissiper la chaleur). Cependant, cette glaci\u00e8re peut \u00eatre int\u00e9gr\u00e9e dans une armoire s&#039;il y a beaucoup d&#039;espace autour de la glaci\u00e8re.<strong>.<\/strong><\/em><\/p><p style=\"text-align: center;\">\u00a0<\/p>\t\t\t\t\t\t<\/div>\n\t\t\t\t<\/div>\n\t\t\t\t\t<\/div>\n\t\t<\/div>\n\t\t\t\t\t\t\t<\/div>\n\t\t<\/section>\n\t\t\t\t\t\t\t<\/div>","protected":false},"excerpt":{"rendered":"<p>Fonctionnement : Ce mod\u00e8le est refroidi par effet thermo\u00e9lectrique qui transf\u00e8re la chaleur d&#039;un c\u00f4t\u00e9 \u00e0 l&#039;autre. Cela a toujours un c\u00f4t\u00e9 chaud et un c\u00f4t\u00e9 froid avec un\u2026<\/p>","protected":false},"author":617,"featured_media":0,"parent":0,"menu_order":0,"comment_status":"closed","ping_status":"closed","template":"","meta":{"_sitemap_exclude":false,"_sitemap_priority":"","_sitemap_frequency":"","footnotes":""},"class_list":["post-8968","page","type-page","status-publish","hentry"],"_links":{"self":[{"href":"https:\/\/coolvaria.com\/fr\/wp-json\/wp\/v2\/pages\/8968","targetHints":{"allow":["GET"]}}],"collection":[{"href":"https:\/\/coolvaria.com\/fr\/wp-json\/wp\/v2\/pages"}],"about":[{"href":"https:\/\/coolvaria.com\/fr\/wp-json\/wp\/v2\/types\/page"}],"author":[{"embeddable":true,"href":"https:\/\/coolvaria.com\/fr\/wp-json\/wp\/v2\/users\/617"}],"replies":[{"embeddable":true,"href":"https:\/\/coolvaria.com\/fr\/wp-json\/wp\/v2\/comments?post=8968"}],"version-history":[{"count":10,"href":"https:\/\/coolvaria.com\/fr\/wp-json\/wp\/v2\/pages\/8968\/revisions"}],"predecessor-version":[{"id":8978,"href":"https:\/\/coolvaria.com\/fr\/wp-json\/wp\/v2\/pages\/8968\/revisions\/8978"}],"wp:attachment":[{"href":"https:\/\/coolvaria.com\/fr\/wp-json\/wp\/v2\/media?parent=8968"}],"curies":[{"name":"wp","href":"https:\/\/api.w.org\/{rel}","templated":true}]}}