{"id":6057,"date":"2023-06-07T10:18:00","date_gmt":"2023-06-07T10:18:00","guid":{"rendered":"\/?page_id=6057"},"modified":"2024-03-05T18:15:06","modified_gmt":"2024-03-05T17:15:06","slug":"operation-of-the-small-cheese-cooler","status":"publish","type":"page","link":"https:\/\/coolvaria.com\/fr\/fonctionnement-du-petit-refroidisseur-a-fromage\/","title":{"rendered":"Fonctionnement de la petite cave \u00e0 fromage"},"content":{"rendered":"<div data-elementor-type=\"wp-page\" data-elementor-id=\"6057\" class=\"elementor elementor-6057\">\n\t\t\t\t\t\t\t\t\t<section class=\"elementor-section elementor-top-section elementor-element elementor-element-406b29e elementor-section-boxed elementor-section-height-default elementor-section-height-default\" data-id=\"406b29e\" data-element_type=\"section\">\n\t\t\t\t\t\t<div class=\"elementor-container elementor-column-gap-default\">\n\t\t\t\t\t<div class=\"elementor-column elementor-col-100 elementor-top-column elementor-element elementor-element-97df6ae\" data-id=\"97df6ae\" data-element_type=\"column\">\n\t\t\t<div class=\"elementor-widget-wrap elementor-element-populated\">\n\t\t\t\t\t\t\t\t<div class=\"elementor-element elementor-element-b941afd elementor-widget elementor-widget-text-editor\" data-id=\"b941afd\" data-element_type=\"widget\" data-widget_type=\"text-editor.default\">\n\t\t\t\t<div class=\"elementor-widget-container\">\n\t\t\t<style>\/*! elementor - v3.17.0 - 01-11-2023 *\/\n.elementor-widget-text-editor.elementor-drop-cap-view-stacked .elementor-drop-cap{background-color:#69727d;color:#fff}.elementor-widget-text-editor.elementor-drop-cap-view-framed .elementor-drop-cap{color:#69727d;border:3px solid;background-color:transparent}.elementor-widget-text-editor:not(.elementor-drop-cap-view-default) .elementor-drop-cap{margin-top:8px}.elementor-widget-text-editor:not(.elementor-drop-cap-view-default) .elementor-drop-cap-letter{width:1em;height:1em}.elementor-widget-text-editor .elementor-drop-cap{float:left;text-align:center;line-height:1;font-size:50px}.elementor-widget-text-editor .elementor-drop-cap-letter{display:inline-block}<\/style>\t\t\t\t<p class=\"gt-block\"><strong><em>Op\u00e9ration:<\/em><\/strong><\/p><p>Ce mod\u00e8le est refroidi par l'effet thermo\u00e9lectrique qui transf\u00e8re la chaleur d'un c\u00f4t\u00e9 \u00e0 l'autre. Celui-ci a toujours un c\u00f4t\u00e9 chaud et un c\u00f4t\u00e9 froid avec une diff\u00e9rence de temp\u00e9rature. Le c\u00f4t\u00e9 chaud a la temp\u00e9rature ambiante tandis que le c\u00f4t\u00e9 froid peut \u00eatre inf\u00e9rieur de 15 degr\u00e9s. Une cave thermo\u00e9lectrique refroidit toujours (gr\u00e2ce \u00e0 la pr\u00e9sence d'un ventilateur) car l'\u00e9l\u00e9ment Peltier doit toujours \u00eatre refroidi par la temp\u00e9rature ambiante. Les cave thermo\u00e9lectriques sont l\u00e9g\u00e8res et peuvent \u00eatre facilement d\u00e9plac\u00e9es, ce qui les rend id\u00e9ales pour le plug &amp; play. Une temp\u00e9rature plus basse dans la cave entra\u00eene une humidit\u00e9 plus faible.<\/p><p>Pour le fromage, nous recommandons une temp\u00e9rature de r\u00e9glage de 12-13\u00b0C.<\/p><p class=\"gt-block\"><strong>Garde en t\u00eate que:<\/strong><em><br \/>Pour refroidir ce syst\u00e8me, il est n\u00e9cessaire d'avoir un ventilateur (pour \u00e9vacuer la chaleur), c'est pourquoi cette cave est \u00e9quip\u00e9e d'un ventilateur.<br \/>Cette cave \u00e9tant \u00e9quip\u00e9e d'un ventilateur, elle ne peut pas \u00eatre encastr\u00e9e (la cave a besoin d'espace pour \u00e9vacuer la chaleur). Cependant, cette cave peut \u00eatre plac\u00e9e dans un placard (encastrable) s'il y a beaucoup d'espace autour de la cave.<strong>.<\/strong><\/em><\/p><p style=\"text-align: center;\">\u00a0<\/p>\t\t\t\t\t\t<\/div>\n\t\t\t\t<\/div>\n\t\t\t\t\t<\/div>\n\t\t<\/div>\n\t\t\t\t\t\t\t<\/div>\n\t\t<\/section>\n\t\t\t\t\t\t\t<\/div>","protected":false},"excerpt":{"rendered":"<p>Fonctionnement : Ce mod\u00e8le est refroidi par effet thermo\u00e9lectrique qui transf\u00e8re la chaleur d&#039;un c\u00f4t\u00e9 \u00e0 l&#039;autre. Cela a toujours un c\u00f4t\u00e9 chaud et un c\u00f4t\u00e9 froid avec un\u2026<\/p>","protected":false},"author":617,"featured_media":0,"parent":0,"menu_order":0,"comment_status":"closed","ping_status":"closed","template":"","meta":{"_sitemap_exclude":false,"_sitemap_priority":"","_sitemap_frequency":"","footnotes":""},"class_list":["post-6057","page","type-page","status-publish","hentry"],"_links":{"self":[{"href":"https:\/\/coolvaria.com\/fr\/wp-json\/wp\/v2\/pages\/6057","targetHints":{"allow":["GET"]}}],"collection":[{"href":"https:\/\/coolvaria.com\/fr\/wp-json\/wp\/v2\/pages"}],"about":[{"href":"https:\/\/coolvaria.com\/fr\/wp-json\/wp\/v2\/types\/page"}],"author":[{"embeddable":true,"href":"https:\/\/coolvaria.com\/fr\/wp-json\/wp\/v2\/users\/617"}],"replies":[{"embeddable":true,"href":"https:\/\/coolvaria.com\/fr\/wp-json\/wp\/v2\/comments?post=6057"}],"version-history":[{"count":4,"href":"https:\/\/coolvaria.com\/fr\/wp-json\/wp\/v2\/pages\/6057\/revisions"}],"predecessor-version":[{"id":8920,"href":"https:\/\/coolvaria.com\/fr\/wp-json\/wp\/v2\/pages\/6057\/revisions\/8920"}],"wp:attachment":[{"href":"https:\/\/coolvaria.com\/fr\/wp-json\/wp\/v2\/media?parent=6057"}],"curies":[{"name":"wp","href":"https:\/\/api.w.org\/{rel}","templated":true}]}}