{"id":5993,"date":"2023-06-06T12:04:14","date_gmt":"2023-06-06T12:04:14","guid":{"rendered":"\/?page_id=5993"},"modified":"2023-12-06T02:59:56","modified_gmt":"2023-12-06T01:59:56","slug":"aanvullende-informatie-van-de-chocolade-klimaatkasten","status":"publish","type":"page","link":"https:\/\/coolvaria.com\/fr\/informations-complementaires-sur-les-chambres-climatiques-a-chocolat\/","title":{"rendered":"Informations compl\u00e9mentaires sur les caves pour chocolat"},"content":{"rendered":"<div data-elementor-type=\"wp-page\" data-elementor-id=\"5993\" class=\"elementor elementor-5993\">\n\t\t\t\t\t\t\t\t\t<section class=\"elementor-section elementor-top-section elementor-element elementor-element-1f37b9c elementor-section-boxed elementor-section-height-default elementor-section-height-default\" data-id=\"1f37b9c\" data-element_type=\"section\">\n\t\t\t\t\t\t<div class=\"elementor-container elementor-column-gap-default\">\n\t\t\t\t\t<div class=\"elementor-column elementor-col-100 elementor-top-column elementor-element elementor-element-6d68341\" data-id=\"6d68341\" data-element_type=\"column\">\n\t\t\t<div class=\"elementor-widget-wrap elementor-element-populated\">\n\t\t\t\t\t\t\t\t<div class=\"elementor-element elementor-element-b7c2c24 elementor-widget elementor-widget-text-editor\" data-id=\"b7c2c24\" data-element_type=\"widget\" data-widget_type=\"text-editor.default\">\n\t\t\t\t<div class=\"elementor-widget-container\">\n\t\t\t<style>\/*! elementor - v3.17.0 - 01-11-2023 *\/\n.elementor-widget-text-editor.elementor-drop-cap-view-stacked .elementor-drop-cap{background-color:#69727d;color:#fff}.elementor-widget-text-editor.elementor-drop-cap-view-framed .elementor-drop-cap{color:#69727d;border:3px solid;background-color:transparent}.elementor-widget-text-editor:not(.elementor-drop-cap-view-default) .elementor-drop-cap{margin-top:8px}.elementor-widget-text-editor:not(.elementor-drop-cap-view-default) .elementor-drop-cap-letter{width:1em;height:1em}.elementor-widget-text-editor .elementor-drop-cap{float:left;text-align:center;line-height:1;font-size:50px}.elementor-widget-text-editor .elementor-drop-cap-letter{display:inline-block}<\/style>\t\t\t\tVous trouverez ici des informations suppl\u00e9mentaires sur le fonctionnement, l'installation, la modification de la position des \u00e9tag\u00e8res, les diff\u00e9rentes temp\u00e9ratures, etc. pour les caves \u00e0 chocolat.\n<p class=\"gt-block\"><strong><u>Cliquez ci-dessous pour des informations d\u00e9taill\u00e9es + T\u00e9l\u00e9chargements\u00a0:<\/u><\/strong><\/p>\n\n<ul>\n \t<li style=\"list-style-type: none;\">\n<ul>\n \t<li><a style=\"transition-property: all;\" href=\"https:\/\/coolvaria.com\/fr\/pourquoi-une-chambre-climatique-a-chocolat\/\">Pourquoi une cave \u00e0 chocolat ?<\/a><\/li>\n \t<li><a style=\"transition-property: all;\" href=\"https:\/\/coolvaria.com\/fr\/fonctionnement-du-petit-refroidisseur-de-chocolat\/\">Comment fonctionne la petite cave \u00e0 chocolat (25 litres) ?<\/a><\/li>\n \t<li><a style=\"transition-property: all;\" href=\"https:\/\/coolvaria.com\/fr\/promotions\/\">Voir les accessoires ici<\/a><\/li>\n \t<li><a style=\"transition-property: all;\" href=\"https:\/\/coolvaria.com\/fr\/construire-dans\/\">Regardez ici pour plus de d\u00e9tails sur la fa\u00e7on de l&#039;installer<\/a><\/li>\n \t<li><a style=\"transition-property: all;\" href=\"\/wp-content\/uploads\/2023\/06\/Werking-van-de-chocolade-klimaatkast-105-liter-met-een-zone-5.1.pdf\">T\u00e9l\u00e9chargez ici le fonctionnement d\u00e9taill\u00e9 de l&#039;enceinte climatique \u00e0 chocolat de 105 litres<\/a><\/li>\n \t<li><a style=\"transition-property: all;\" href=\"\/wp-content\/uploads\/2023\/06\/Werking-van-de-chocolade-klimaatkast-275-liter-met-een-zone-5.0.pdf\">T\u00e9l\u00e9chargez ici le fonctionnement d\u00e9taill\u00e9 de l&#039;enceinte climatique \u00e0 chocolat de 275 litres<\/a><\/li>\n<\/ul>\n<\/li>\n<\/ul>\n<ul>\n \t<li style=\"list-style-type: none;\"><\/li>\n<\/ul>\t\t\t\t\t\t<\/div>\n\t\t\t\t<\/div>\n\t\t\t\t\t<\/div>\n\t\t<\/div>\n\t\t\t\t\t\t\t<\/div>\n\t\t<\/section>\n\t\t\t\t\t\t\t<\/div>","protected":false},"excerpt":{"rendered":"<p>Vous trouverez ici des informations suppl\u00e9mentaires sur le fonctionnement, l&#039;installation, la modification de la position des \u00e9tag\u00e8res, les diff\u00e9rentes temp\u00e9ratures, etc. pour les chambres climatiques \u00e0 chocolat. Cliquez ci-dessous pour des informations d\u00e9taill\u00e9es\u2026<\/p>","protected":false},"author":617,"featured_media":0,"parent":0,"menu_order":0,"comment_status":"closed","ping_status":"closed","template":"","meta":{"_sitemap_exclude":false,"_sitemap_priority":"","_sitemap_frequency":"","footnotes":""},"class_list":["post-5993","page","type-page","status-publish","hentry"],"_links":{"self":[{"href":"https:\/\/coolvaria.com\/fr\/wp-json\/wp\/v2\/pages\/5993","targetHints":{"allow":["GET"]}}],"collection":[{"href":"https:\/\/coolvaria.com\/fr\/wp-json\/wp\/v2\/pages"}],"about":[{"href":"https:\/\/coolvaria.com\/fr\/wp-json\/wp\/v2\/types\/page"}],"author":[{"embeddable":true,"href":"https:\/\/coolvaria.com\/fr\/wp-json\/wp\/v2\/users\/617"}],"replies":[{"embeddable":true,"href":"https:\/\/coolvaria.com\/fr\/wp-json\/wp\/v2\/comments?post=5993"}],"version-history":[{"count":0,"href":"https:\/\/coolvaria.com\/fr\/wp-json\/wp\/v2\/pages\/5993\/revisions"}],"wp:attachment":[{"href":"https:\/\/coolvaria.com\/fr\/wp-json\/wp\/v2\/media?parent=5993"}],"curies":[{"name":"wp","href":"https:\/\/api.w.org\/{rel}","templated":true}]}}