{"id":5934,"date":"2023-06-06T07:34:19","date_gmt":"2023-06-06T07:34:19","guid":{"rendered":"\/?page_id=5934"},"modified":"2023-12-06T02:11:22","modified_gmt":"2023-12-06T01:11:22","slug":"aanvullende-informatie-van-de-champagne-klimaatkasten","status":"publish","type":"page","link":"https:\/\/coolvaria.com\/fr\/informations-complementaires-sur-les-chambres-climatiques-de-champagne\/","title":{"rendered":"Informations compl\u00e9mentaires sur les cave \u00e0 champagne"},"content":{"rendered":"<div data-elementor-type=\"wp-page\" data-elementor-id=\"5934\" class=\"elementor elementor-5934\">\n\t\t\t\t\t\t\t\t\t<section class=\"elementor-section elementor-top-section elementor-element elementor-element-829cced elementor-section-boxed elementor-section-height-default elementor-section-height-default\" data-id=\"829cced\" data-element_type=\"section\">\n\t\t\t\t\t\t<div class=\"elementor-container elementor-column-gap-default\">\n\t\t\t\t\t<div class=\"elementor-column elementor-col-100 elementor-top-column elementor-element elementor-element-fdfd734\" data-id=\"fdfd734\" data-element_type=\"column\">\n\t\t\t<div class=\"elementor-widget-wrap elementor-element-populated\">\n\t\t\t\t\t\t\t\t<div class=\"elementor-element elementor-element-bdc0f77 elementor-widget elementor-widget-text-editor\" data-id=\"bdc0f77\" data-element_type=\"widget\" data-widget_type=\"text-editor.default\">\n\t\t\t\t<div class=\"elementor-widget-container\">\n\t\t\t<style>\/*! elementor - v3.17.0 - 01-11-2023 *\/\n.elementor-widget-text-editor.elementor-drop-cap-view-stacked .elementor-drop-cap{background-color:#69727d;color:#fff}.elementor-widget-text-editor.elementor-drop-cap-view-framed .elementor-drop-cap{color:#69727d;border:3px solid;background-color:transparent}.elementor-widget-text-editor:not(.elementor-drop-cap-view-default) .elementor-drop-cap{margin-top:8px}.elementor-widget-text-editor:not(.elementor-drop-cap-view-default) .elementor-drop-cap-letter{width:1em;height:1em}.elementor-widget-text-editor .elementor-drop-cap{float:left;text-align:center;line-height:1;font-size:50px}.elementor-widget-text-editor .elementor-drop-cap-letter{display:inline-block}<\/style>\t\t\t\t<p style=\"caret-color: #7c7c80; text-size-adjust: auto;\">Vous trouverez ici des informations compl\u00e9mentaires sur le fonctionnement, l'installation, le changement de position des clayettes, les diff\u00e9rentes temp\u00e9ratures, etc. des caves \u00e0 champagne.<\/p>\n<p class=\"gt-block\" style=\"caret-color: #7c7c80; text-size-adjust: auto;\"><strong><u>Cliquez ci-dessous pour des informations d\u00e9taill\u00e9es + T\u00e9l\u00e9chargements\u00a0:<\/u><\/strong><\/p>\n\n<ul style=\"caret-color: #7c7c80; text-size-adjust: auto;\">\n \t<li style=\"list-style-type: none;\">\n<ul>\n \t<li><a style=\"transition-property: all;\" href=\"https:\/\/coolvaria.com\/fr\/pourquoi-une-chambre-climatique-a-champagne\/\">Pourquoi une cave \u00e0 champagne ?<\/a><\/li>\n \t<li><a style=\"transition-property: all;\" href=\"https:\/\/coolvaria.com\/fr\/fonctionnement-du-petit-refroidisseur-a-champagne\/\">Comment fonctionne la petite cave \u00e0 champagne (25 litres) ?<\/a><\/li>\n \t<li><a style=\"transition-property: all;\" href=\"\/wp-content\/uploads\/2023\/06\/How-to-adjust-the-shelves-2.5.pdf\">Voyez ici comment ajuster les clayettes (anglais)<\/a><\/li>\n \t<li><a style=\"transition-property: all;\" href=\"\/wp-content\/uploads\/2023\/05\/Uitleg-hoe-de-positie-van-de-plateaus-te-wisselen-2.4.pdf\">Voyez ici comment ajuster les clayettes<\/a><\/li>\n \t<li><a style=\"transition-property: all;\" href=\"\/wp-content\/uploads\/2023\/06\/Operation-of-how-to-change-the-active-carbon-filter.pdf\">D\u00e9couvrez comment remplacer le filtre \u00e0 charbon actif ici (en anglais)<\/a><\/li>\n \t<li><a style=\"transition-property: all;\" href=\"\/wp-content\/uploads\/2023\/06\/Hoe-het-actief-koolstoffilter-vervangen222.pdf\">D\u00e9couvrez ici comment remplacer le filtre \u00e0 charbon actif<\/a><\/li>\n \t<li><a style=\"transition-property: all;\" href=\"\/fr\/specials-&-meer\/\">Voir les accessoires ici<\/a><\/li>\n \t<li><a style=\"transition-property: all;\" href=\"https:\/\/coolvaria.com\/fr\/construire-dans\/\">Regardez ici pour plus de d\u00e9tails sur la fa\u00e7on de l&#039;installer<\/a><\/li>\n \t<li><a style=\"transition-property: all;\" href=\"https:\/\/coolvaria.com\/fr\/a-quelle-temperature-servir-le-vin\/\">Voir ici sur le vin et la temp\u00e9rature de service<\/a><\/li>\n \t<li><a style=\"transition-property: all;\" href=\"https:\/\/coolvaria.com\/fr\/ou-et-comment-conserver-le-vin\/\">Voir ici sur la conservation du vin<\/a><\/li>\n \t<li><a style=\"transition-property: all;\" href=\"\/wp-content\/uploads\/2023\/06\/Werking-van-de-champagne-klimaatkast-105-liter-met-een-zone-5.1.pdf\">T\u00e9l\u00e9chargez le fonctionnement de la cave \u00e0 champagne, 105 litres, en d\u00e9tail ici<\/a><\/li>\n \t<li><a style=\"transition-property: all;\" href=\"\/wp-content\/uploads\/2023\/06\/Werking-van-de-Champagne-klimaatkast-275-liter-met-een-zone-5.0.pdf\">T\u00e9l\u00e9chargez le fonctionnement de la cave \u00e0 champagne, 275 litres, en d\u00e9tail ici<\/a><\/li>\n \t<li><a style=\"transition-property: all;\" href=\"\/wp-content\/uploads\/2023\/06\/Werking-van-de-Champagne-klimaatkast-450-liter-met-een-zone-5.0.pdf\">T\u00e9l\u00e9chargez le fonctionnement de la cave \u00e0 champagne, 450 litres, en d\u00e9tail ici<\/a><\/li>\n \t<li><a style=\"transition-property: all;\" href=\"\/wp-content\/uploads\/2023\/06\/Het-Druifje-2.1.pdf\">T\u00e9l\u00e9chargez le voyage du raisin ici ; du sarment de raisin \u00e0 la bouche\u2026<\/a><\/li>\n \t<li><a style=\"transition-property: all;\" href=\"\/wp-content\/uploads\/2023\/06\/CoolVaria-Villa-darte-CulinairWellness.pdf\">T\u00e9l\u00e9chargez ici l'histoire des origines de la cave \u00e0 vin<\/a><\/li>\n<\/ul>\n<\/li>\n<\/ul>\n<ul>\n \t<li style=\"list-style-type: none;\"><\/li>\n<\/ul>\t\t\t\t\t\t<\/div>\n\t\t\t\t<\/div>\n\t\t\t\t\t<\/div>\n\t\t<\/div>\n\t\t\t\t\t\t\t<\/div>\n\t\t<\/section>\n\t\t\t\t\t\t\t<\/div>","protected":false},"excerpt":{"rendered":"<p>Vous trouverez ici des informations compl\u00e9mentaires sur le fonctionnement, l&#039;installation, le changement de position des \u00e9tag\u00e8res, les diff\u00e9rentes temp\u00e9ratures, etc. des caves climatiques \u00e0 champagne. Cliquez ci-dessous pour des informations d\u00e9taill\u00e9es +\u2026<\/p>","protected":false},"author":617,"featured_media":0,"parent":0,"menu_order":0,"comment_status":"closed","ping_status":"closed","template":"","meta":{"_sitemap_exclude":false,"_sitemap_priority":"","_sitemap_frequency":"","footnotes":""},"class_list":["post-5934","page","type-page","status-publish","hentry"],"_links":{"self":[{"href":"https:\/\/coolvaria.com\/fr\/wp-json\/wp\/v2\/pages\/5934","targetHints":{"allow":["GET"]}}],"collection":[{"href":"https:\/\/coolvaria.com\/fr\/wp-json\/wp\/v2\/pages"}],"about":[{"href":"https:\/\/coolvaria.com\/fr\/wp-json\/wp\/v2\/types\/page"}],"author":[{"embeddable":true,"href":"https:\/\/coolvaria.com\/fr\/wp-json\/wp\/v2\/users\/617"}],"replies":[{"embeddable":true,"href":"https:\/\/coolvaria.com\/fr\/wp-json\/wp\/v2\/comments?post=5934"}],"version-history":[{"count":1,"href":"https:\/\/coolvaria.com\/fr\/wp-json\/wp\/v2\/pages\/5934\/revisions"}],"predecessor-version":[{"id":9041,"href":"https:\/\/coolvaria.com\/fr\/wp-json\/wp\/v2\/pages\/5934\/revisions\/9041"}],"wp:attachment":[{"href":"https:\/\/coolvaria.com\/fr\/wp-json\/wp\/v2\/media?parent=5934"}],"curies":[{"name":"wp","href":"https:\/\/api.w.org\/{rel}","templated":true}]}}