{"id":5865,"date":"2023-06-05T17:06:00","date_gmt":"2023-06-05T17:06:00","guid":{"rendered":"\/?page_id=5865"},"modified":"2024-03-08T14:36:52","modified_gmt":"2024-03-08T13:36:52","slug":"waarom-een-theeklimaatkast","status":"publish","type":"page","link":"https:\/\/coolvaria.com\/fr\/pourquoi-une-armoire-climatique-a-the\/","title":{"rendered":"Pourquoi une cave \u00e0 th\u00e9 ?"},"content":{"rendered":"<div data-elementor-type=\"wp-page\" data-elementor-id=\"5865\" class=\"elementor elementor-5865\">\n\t\t\t\t\t\t\t\t\t<section class=\"elementor-section elementor-top-section elementor-element elementor-element-3095d33 elementor-section-boxed elementor-section-height-default elementor-section-height-default\" data-id=\"3095d33\" data-element_type=\"section\">\n\t\t\t\t\t\t<div class=\"elementor-container elementor-column-gap-default\">\n\t\t\t\t\t<div class=\"elementor-column elementor-col-100 elementor-top-column elementor-element elementor-element-97f12e4\" data-id=\"97f12e4\" data-element_type=\"column\">\n\t\t\t<div class=\"elementor-widget-wrap elementor-element-populated\">\n\t\t\t\t\t\t\t\t<div class=\"elementor-element elementor-element-6222fc3 elementor-widget elementor-widget-text-editor\" data-id=\"6222fc3\" data-element_type=\"widget\" data-widget_type=\"text-editor.default\">\n\t\t\t\t<div class=\"elementor-widget-container\">\n\t\t\t<style>\/*! elementor - v3.17.0 - 01-11-2023 *\/\n.elementor-widget-text-editor.elementor-drop-cap-view-stacked .elementor-drop-cap{background-color:#69727d;color:#fff}.elementor-widget-text-editor.elementor-drop-cap-view-framed .elementor-drop-cap{color:#69727d;border:3px solid;background-color:transparent}.elementor-widget-text-editor:not(.elementor-drop-cap-view-default) .elementor-drop-cap{margin-top:8px}.elementor-widget-text-editor:not(.elementor-drop-cap-view-default) .elementor-drop-cap-letter{width:1em;height:1em}.elementor-widget-text-editor .elementor-drop-cap{float:left;text-align:center;line-height:1;font-size:50px}.elementor-widget-text-editor .elementor-drop-cap-letter{display:inline-block}<\/style>\t\t\t\t<p data-trid=\"1183\"><img decoding=\"async\" class=\"size-medium wp-image-9045 aligncenter\" src=\"https:\/\/cdn.coolvaria.com\/wp-content\/uploads\/Tea-thee-the-Tee-Coolvaria-216x300.jpg?strip=all&lossy=1&ssl=1\" alt=\"\" width=\"216\" height=\"300\" srcset=\"https:\/\/cdn.coolvaria.com\/wp-content\/uploads\/Tea-thee-the-Tee-Coolvaria-216x300.jpg?strip=all&amp;lossy=1&amp;ssl=1 216w, https:\/\/cdn.coolvaria.com\/wp-content\/uploads\/Tea-thee-the-Tee-Coolvaria-433x601.jpg?strip=all&amp;lossy=1&amp;ssl=1 433w, https:\/\/cdn.coolvaria.com\/wp-content\/uploads\/Tea-thee-the-Tee-Coolvaria-9x12.jpg?strip=all&amp;lossy=1&amp;ssl=1 9w, https:\/\/cdn.coolvaria.com\/wp-content\/uploads\/Tea-thee-the-Tee-Coolvaria.jpg?strip=all&amp;lossy=1&amp;ssl=1 721w, https:\/\/cdn.coolvaria.com\/wp-content\/uploads\/Tea-thee-the-Tee-Coolvaria.jpg?strip=all&amp;lossy=1&amp;w=128&amp;ssl=1 128w, https:\/\/cdn.coolvaria.com\/wp-content\/uploads\/Tea-thee-the-Tee-Coolvaria.jpg?strip=all&amp;lossy=1&amp;w=512&amp;ssl=1 512w, https:\/\/cdn.coolvaria.com\/wp-content\/uploads\/Tea-thee-the-Tee-Coolvaria.jpg?strip=all&amp;lossy=1&amp;w=640&amp;ssl=1 640w\" sizes=\"(max-width: 216px) 100vw, 216px\" \/><\/p><h3 class=\"gt-block\" data-trid=\"1183\"><strong data-trid=\"1184\"><em data-trid=\"1185\">Pourquoi une cave \u00e0 th\u00e9 ?<\/em><\/strong><\/h3><p data-trid=\"1186\">La qualit\u00e9 du th\u00e9 diminue en raison de la lumi\u00e8re, de l&#039;humidit\u00e9, des odeurs et des temp\u00e9ratures \u00e9lev\u00e9es. Il est pr\u00e9f\u00e9rable de conserver le th\u00e9 dans un endroit frais, comme par exemple dans une armoire climatique \u00e0 th\u00e9.<\/p><p class=\"gt-block\" data-trid=\"1188\"><strong data-trid=\"1189\">Lumi\u00e8re:<\/strong><br data-trid=\"1190\" \/>La qualit\u00e9 du th\u00e9 se d\u00e9grade rapidement \u00e0 cause de la lumi\u00e8re et des rayons UV. Si vous souhaitez conserver du th\u00e9 en vrac pendant une p\u00e9riode plus longue, il est pr\u00e9f\u00e9rable de le faire dans un environnement sombre.<\/p><p class=\"gt-block\" data-trid=\"1191\"><strong data-trid=\"1192\">Humidit\u00e9:<\/strong><br data-trid=\"1193\" \/>Le th\u00e9 en vrac a une dur\u00e9e de conservation plus longue car c&#039;est un produit sec. Cependant, le th\u00e9 en vrac a la propri\u00e9t\u00e9 d\u2019absorber tr\u00e8s rapidement l\u2019humidit\u00e9 de l\u2019air. Il est donc conseill\u00e9 d&#039;utiliser l&#039;armoire climatique \u00e0 th\u00e9.<\/p><p class=\"gt-block\" data-trid=\"1194\"><strong data-trid=\"1195\">Odeur:<\/strong><br data-trid=\"1196\" \/>Les th\u00e9s peuvent facilement absorber le parfum de chacun. Par cons\u00e9quent, essayez d\u2019\u00e9viter autant que possible les croisements de th\u00e9 en vrac. Si possible, conservez le th\u00e9 en vrac dans une bo\u00eete \u00e0 th\u00e9 dans le placard.<\/p><p class=\"gt-block\" data-trid=\"1197\"><strong data-trid=\"1198\">Temp\u00e9rature:<\/strong><br data-trid=\"1199\" \/>La qualit\u00e9 des feuilles de th\u00e9 se d\u00e9grade rapidement lorsque la temp\u00e9rature ambiante est tr\u00e8s \u00e9lev\u00e9e. Il est donc sage d\u2019\u00e9viter que le th\u00e9 ou les herbes en vrac ne s\u2019approchent de sources de chaleur telles que la lumi\u00e8re du soleil, les cuisini\u00e8res ou les appareils de cuisine.<\/p><p data-trid=\"1201\">Ce qui est \u00e9galement bon \u00e0 savoir, c&#039;est que les th\u00e9s moins oxyd\u00e9s comme le th\u00e9 blanc et le th\u00e9 vert ont une dur\u00e9e de conservation plus courte que les th\u00e9s fortement oxyd\u00e9s (th\u00e9 oolong et th\u00e9 noir). Le th\u00e9 Pu-erh se d\u00e9veloppe comme une bonne bouteille de vin. Les saveurs et l&#039;ar\u00f4me de ce th\u00e9 s&#039;am\u00e9liorent avec le temps.<\/p><p style=\"text-align: left;\" data-trid=\"1203\">\u00a0<\/p>\t\t\t\t\t\t<\/div>\n\t\t\t\t<\/div>\n\t\t\t\t\t<\/div>\n\t\t<\/div>\n\t\t\t\t\t\t\t<\/div>\n\t\t<\/section>\n\t\t\t\t\t\t\t<\/div>","protected":false},"excerpt":{"rendered":"<p>Pourquoi une armoire climatique \u00e0 th\u00e9 ? La qualit\u00e9 du th\u00e9 diminue en raison de la lumi\u00e8re, de l&#039;humidit\u00e9, des odeurs et des temp\u00e9ratures \u00e9lev\u00e9es. Il est pr\u00e9f\u00e9rable de conserver le th\u00e9 dans un endroit frais comme le th\u00e9...<\/p>","protected":false},"author":617,"featured_media":0,"parent":0,"menu_order":0,"comment_status":"closed","ping_status":"closed","template":"","meta":{"_sitemap_exclude":false,"_sitemap_priority":"","_sitemap_frequency":"","footnotes":""},"class_list":["post-5865","page","type-page","status-publish","hentry"],"_links":{"self":[{"href":"https:\/\/coolvaria.com\/fr\/wp-json\/wp\/v2\/pages\/5865","targetHints":{"allow":["GET"]}}],"collection":[{"href":"https:\/\/coolvaria.com\/fr\/wp-json\/wp\/v2\/pages"}],"about":[{"href":"https:\/\/coolvaria.com\/fr\/wp-json\/wp\/v2\/types\/page"}],"author":[{"embeddable":true,"href":"https:\/\/coolvaria.com\/fr\/wp-json\/wp\/v2\/users\/617"}],"replies":[{"embeddable":true,"href":"https:\/\/coolvaria.com\/fr\/wp-json\/wp\/v2\/comments?post=5865"}],"version-history":[{"count":7,"href":"https:\/\/coolvaria.com\/fr\/wp-json\/wp\/v2\/pages\/5865\/revisions"}],"predecessor-version":[{"id":9051,"href":"https:\/\/coolvaria.com\/fr\/wp-json\/wp\/v2\/pages\/5865\/revisions\/9051"}],"wp:attachment":[{"href":"https:\/\/coolvaria.com\/fr\/wp-json\/wp\/v2\/media?parent=5865"}],"curies":[{"name":"wp","href":"https:\/\/api.w.org\/{rel}","templated":true}]}}