{"id":5832,"date":"2023-06-05T16:28:53","date_gmt":"2023-06-05T16:28:53","guid":{"rendered":"\/?page_id=5832"},"modified":"2023-06-06T06:13:29","modified_gmt":"2023-06-06T06:13:29","slug":"operation-of-the-small-cooler","status":"publish","type":"page","link":"https:\/\/coolvaria.com\/fr\/fonctionnement-de-la-petite-glaciere\/","title":{"rendered":"Fonctionnement de la petite glaci\u00e8re"},"content":{"rendered":"<div data-elementor-type=\"wp-page\" data-elementor-id=\"5832\" class=\"elementor elementor-5832\">\n\t\t\t\t\t\t\t\t\t<section class=\"elementor-section elementor-top-section elementor-element elementor-element-71deb15 elementor-section-boxed elementor-section-height-default elementor-section-height-default\" data-id=\"71deb15\" data-element_type=\"section\">\n\t\t\t\t\t\t<div class=\"elementor-container elementor-column-gap-default\">\n\t\t\t\t\t<div class=\"elementor-column elementor-col-100 elementor-top-column elementor-element elementor-element-fb7a147\" data-id=\"fb7a147\" data-element_type=\"column\">\n\t\t\t<div class=\"elementor-widget-wrap elementor-element-populated\">\n\t\t\t\t\t\t\t\t<div class=\"elementor-element elementor-element-7203fcc elementor-widget elementor-widget-text-editor\" data-id=\"7203fcc\" data-element_type=\"widget\" data-widget_type=\"text-editor.default\">\n\t\t\t\t<div class=\"elementor-widget-container\">\n\t\t\t<style>\/*! elementor - v3.17.0 - 01-11-2023 *\/\n.elementor-widget-text-editor.elementor-drop-cap-view-stacked .elementor-drop-cap{background-color:#69727d;color:#fff}.elementor-widget-text-editor.elementor-drop-cap-view-framed .elementor-drop-cap{color:#69727d;border:3px solid;background-color:transparent}.elementor-widget-text-editor:not(.elementor-drop-cap-view-default) .elementor-drop-cap{margin-top:8px}.elementor-widget-text-editor:not(.elementor-drop-cap-view-default) .elementor-drop-cap-letter{width:1em;height:1em}.elementor-widget-text-editor .elementor-drop-cap{float:left;text-align:center;line-height:1;font-size:50px}.elementor-widget-text-editor .elementor-drop-cap-letter{display:inline-block}<\/style>\t\t\t\t<p style=\"font-weight: 400;\"><strong><em>Op\u00e9ration:<\/em><\/strong><\/p><p style=\"font-weight: 400;\">Ce mod\u00e8le est refroidi par l&#039;effet thermo\u00e9lectrique qui transf\u00e8re la chaleur d&#039;un c\u00f4t\u00e9 \u00e0 l&#039;autre. Celui-ci a toujours un c\u00f4t\u00e9 chaud et un c\u00f4t\u00e9 froid avec une diff\u00e9rence de temp\u00e9rature. Le c\u00f4t\u00e9 chaud a la temp\u00e9rature ambiante tandis que le c\u00f4t\u00e9 froid peut \u00eatre inf\u00e9rieur de 15 degr\u00e9s. Une armoire climatique thermo\u00e9lectrique refroidit toujours (gr\u00e2ce \u00e0 la pr\u00e9sence d&#039;un ventilateur) car l&#039;\u00e9l\u00e9ment Peltier doit toujours \u00eatre refroidi par la temp\u00e9rature ambiante. Les armoires climatiques thermo\u00e9lectriques sont l\u00e9g\u00e8res et peuvent \u00eatre d\u00e9plac\u00e9es sans probl\u00e8me, ce qui les rend id\u00e9ales pour le plug &amp; play. Une temp\u00e9rature plus basse dans la glaci\u00e8re entra\u00eene une humidit\u00e9 plus faible.<\/p><p><strong>Veuillez noter:<\/strong><em><br \/>Pour refroidir ce syst\u00e8me il est n\u00e9cessaire d&#039;avoir un ventilateur (pour l&#039;\u00e9vacuation de la chaleur), ce refroidisseur dispose donc d&#039;un ventilateur.<br \/>Ce refroidisseur \u00e9tant \u00e9quip\u00e9 d&#039;un ventilateur, il ne peut pas \u00eatre encastrable (le refroidisseur a besoin d&#039;espace pour l&#039;\u00e9vacuation de la chaleur). Cependant, cette glaci\u00e8re peut \u00eatre install\u00e9e dans un placard s&#039;il y a beaucoup d&#039;espace autour de la glaci\u00e8re.<strong>.<\/strong><\/em><\/p><p style=\"text-align: center;\">\u00a0<\/p>\t\t\t\t\t\t<\/div>\n\t\t\t\t<\/div>\n\t\t\t\t\t<\/div>\n\t\t<\/div>\n\t\t\t\t\t\t\t<\/div>\n\t\t<\/section>\n\t\t\t\t\t\t\t<\/div>","protected":false},"excerpt":{"rendered":"<p>Operation: This model is cooled by the thermoelectric effect that transfers heat from one side to the other. This always has a warm and a cold side with a temperature&hellip;<\/p>","protected":false},"author":617,"featured_media":0,"parent":0,"menu_order":0,"comment_status":"closed","ping_status":"closed","template":"","meta":{"_sitemap_exclude":false,"_sitemap_priority":"","_sitemap_frequency":"","footnotes":""},"class_list":["post-5832","page","type-page","status-publish","hentry"],"_links":{"self":[{"href":"https:\/\/coolvaria.com\/fr\/wp-json\/wp\/v2\/pages\/5832","targetHints":{"allow":["GET"]}}],"collection":[{"href":"https:\/\/coolvaria.com\/fr\/wp-json\/wp\/v2\/pages"}],"about":[{"href":"https:\/\/coolvaria.com\/fr\/wp-json\/wp\/v2\/types\/page"}],"author":[{"embeddable":true,"href":"https:\/\/coolvaria.com\/fr\/wp-json\/wp\/v2\/users\/617"}],"replies":[{"embeddable":true,"href":"https:\/\/coolvaria.com\/fr\/wp-json\/wp\/v2\/comments?post=5832"}],"version-history":[{"count":0,"href":"https:\/\/coolvaria.com\/fr\/wp-json\/wp\/v2\/pages\/5832\/revisions"}],"wp:attachment":[{"href":"https:\/\/coolvaria.com\/fr\/wp-json\/wp\/v2\/media?parent=5832"}],"curies":[{"name":"wp","href":"https:\/\/api.w.org\/{rel}","templated":true}]}}