{"id":5251,"date":"2023-04-12T09:58:21","date_gmt":"2023-04-12T09:58:21","guid":{"rendered":"\/?page_id=5251"},"modified":"2024-03-08T15:49:13","modified_gmt":"2024-03-08T14:49:13","slug":"waar-en-hoe-wijn-te-bewaren","status":"publish","type":"page","link":"https:\/\/coolvaria.com\/fr\/ou-et-comment-conserver-le-vin\/","title":{"rendered":"O\u00f9 et comment conserver le vin"},"content":{"rendered":"<div data-elementor-type=\"wp-page\" data-elementor-id=\"5251\" class=\"elementor elementor-5251\">\n\t\t\t\t\t\t\t\t\t<section class=\"elementor-section elementor-top-section elementor-element elementor-element-a60dddc elementor-section-boxed elementor-section-height-default elementor-section-height-default\" data-id=\"a60dddc\" data-element_type=\"section\">\n\t\t\t\t\t\t<div class=\"elementor-container elementor-column-gap-default\">\n\t\t\t\t\t<div class=\"elementor-column elementor-col-100 elementor-top-column elementor-element elementor-element-c03214a\" data-id=\"c03214a\" data-element_type=\"column\">\n\t\t\t<div class=\"elementor-widget-wrap elementor-element-populated\">\n\t\t\t\t\t\t\t\t<div class=\"elementor-element elementor-element-e4c33e7 elementor-widget elementor-widget-text-editor\" data-id=\"e4c33e7\" data-element_type=\"widget\" data-widget_type=\"text-editor.default\">\n\t\t\t\t<div class=\"elementor-widget-container\">\n\t\t\t<style>\/*! elementor - v3.17.0 - 01-11-2023 *\/\n.elementor-widget-text-editor.elementor-drop-cap-view-stacked .elementor-drop-cap{background-color:#69727d;color:#fff}.elementor-widget-text-editor.elementor-drop-cap-view-framed .elementor-drop-cap{color:#69727d;border:3px solid;background-color:transparent}.elementor-widget-text-editor:not(.elementor-drop-cap-view-default) .elementor-drop-cap{margin-top:8px}.elementor-widget-text-editor:not(.elementor-drop-cap-view-default) .elementor-drop-cap-letter{width:1em;height:1em}.elementor-widget-text-editor .elementor-drop-cap{float:left;text-align:center;line-height:1;font-size:50px}.elementor-widget-text-editor .elementor-drop-cap-letter{display:inline-block}<\/style>\t\t\t\t<h4 class=\"gt-block\"><strong>O\u00f9 et comment conserver ces bouteilles ?<\/strong><\/h4><p class=\"gt-block\">Lorsqu\u2019il est conserv\u00e9 correctement, le vin peut durer des d\u00e9cennies, voire des si\u00e8cles, et gagner en valeur et en qualit\u00e9. L&#039;inverse est \u00e9galement vrai; un mauvais stockage peut g\u00e2cher m\u00eame les meilleurs vins du monde.<\/p><p>Vous trouverez ci-dessous quelques conseils pour bien conserver vos bouteilles ;<\/p><h4 class=\"gt-block\"><em><strong>Stockez les bouteilles de vin verticalement ou horizontalement<\/strong>?<\/em><\/h4><p>Pour les bouteilles avec bouchons en li\u00e8ge, vous devez conserver votre vin horizontalement (de pr\u00e9f\u00e9rence dans un casier \u00e0 vin). Tenir le vin sur le c\u00f4t\u00e9 maintient le bouchon humide, ce qui est crucial pour un stockage \u00e0 long terme, car un bouchon dess\u00e9ch\u00e9 peut provoquer des fuites et un vieillissement pr\u00e9matur\u00e9. Pour les bouteilles avec bouchon \u00e0 vis, il n&#039;est pas n\u00e9cessaire de stocker ces bouteilles de cette mani\u00e8re, mais garder toutes les bouteilles ensemble est \u00e9galement un moyen efficace de stocker vos vins car cela vous permet d&#039;utiliser efficacement l&#039;espace et vous permet d&#039;y acc\u00e9der facilement.<\/p><p>Si vous avez des bouteilles de tailles diff\u00e9rentes, il ne sera peut-\u00eatre pas possible de les empiler \u00ab joliment\/simplement \u00bb. Nous avons une solution pour cela que vous pouvez utiliser aussi bien \u00e0 l\u2019int\u00e9rieur qu\u2019\u00e0 l\u2019ext\u00e9rieur de l\u2019enceinte climatique (<a href=\"https:\/\/coolvaria.com\/fr\/p\/tapis-de-rangement\/\">cliquer ici<\/a>)<\/p><h4 class=\"gt-block\"><em><strong>Prot\u00e9ger le vin de la lumi\u00e8re et des vibrations ?<\/strong><\/em><\/h4><p>Conservez autant que possible votre vin dans l\u2019obscurit\u00e9, qu\u2019il soit conserv\u00e9 pendant des mois, des semaines ou des jours. Les ar\u00f4mes et les saveurs du vin peuvent \u00eatre endommag\u00e9s (rayons UV du soleil direct) si vous laissez les bouteilles au soleil. Gardez \u00e9galement \u00e0 l&#039;esprit que les vibrations peuvent avoir un effet n\u00e9gatif sur le vieillissement du vin.<\/p><p>\u00e9loignez les bouteilles de vin des sources de vibrations (\u00e9lectrom\u00e9nagers de cuisine, cha\u00eene st\u00e9r\u00e9o, etc.). De telles vibrations peuvent perturber le processus de vieillissement et perturber les s\u00e9diments pr\u00e9sents dans la bouteille.<\/p><h4 class=\"gt-block\"><em><strong>Conserver le vin et l&#039;humidit\u00e9 ?<\/strong><\/em><\/h4><p>Une humidit\u00e9 trop \u00e9lev\u00e9e ou trop faible peut \u00e9galement affecter la maturation du vin.<\/p><p>Une humidit\u00e9 trop faible peut provoquer le dess\u00e8chement du bouchon, rendant le vin vuln\u00e9rable aux effets de l&#039;oxyg\u00e8ne. L\u2019autre extr\u00eame est \u00e9galement possible.<\/p><p>Trop d\u2019humidit\u00e9 peut desserrer les \u00e9tiquettes, rendant les bouteilles difficiles \u00e0 exposer ou \u00e0 vendre. Une humidit\u00e9 de 58 \u00e0 72 pour cent est bonne.<\/p><h4 class=\"gt-block\"><em><strong>Conserver le vin et la temp\u00e9rature ?<\/strong><\/em><\/h4><p class=\"gt-block\">Le facteur le plus important qui peut affecter le vin est probablement la bonne temp\u00e9rature. Si la temp\u00e9rature est trop \u00e9lev\u00e9e ou trop basse, vous pouvez \u00eatre s\u00fbr que cela affectera votre vin.<\/p><p class=\"gt-block\">Pour prot\u00e9ger votre achat et lui permettre de bien m\u00fbrir, une temp\u00e9rature d&#039;environ 12\u00b0C est id\u00e9ale, mais cela peut aussi diff\u00e9rer selon le vin. Consultez votre fournisseur de vin pour obtenir des recommandations de temp\u00e9rature sur des vins sp\u00e9cifiques.<\/p><p class=\"gt-block\">Le vin (tous les vins sans aucune exception) ne doit jamais \u00eatre conserv\u00e9 en dessous de 0\u00b0C ou au-dessus de 20\u00b0C (pour \u00e9viter une acc\u00e9l\u00e9ration du processus de vieillissement).<\/p><p>Il est \u00e9galement tr\u00e8s important que la temp\u00e9rature soit maintenue aussi stable que possible. Les changements de temp\u00e9rature peuvent provoquer une dilatation et une contraction du bouchon (ce qui peut provoquer une infiltration de vin ou m\u00eame une infiltration d&#039;air).<\/p><h4 class=\"gt-block\"><em><strong>Peut <a href=\"https:\/\/coolvaria.com\/fr\/le-vin\/refrigerateur-pour-le-vin\/\">du vin dans un r\u00e9frig\u00e9rateur normal<\/a> \u00eatre sauv\u00e9 ?<\/strong><\/em><\/h4><p>Si vous ne disposez pas d&#039;un espace sp\u00e9cifique pour stocker convenablement vos vins, il n&#039;est pas pr\u00e9f\u00e9rable de <a href=\"https:\/\/coolvaria.com\/fr\/vin-au-refrigerateur\/\">vins dans un r\u00e9frig\u00e9rateur normal<\/a> conserver.<\/p><p>Un tel appareil est normalement tr\u00e8s froid (entre 4 et 6\u00b0C) et \u00e9galement tr\u00e8s sec. Un sous-sol est bien s\u00fbr optimal, mais si vous disposez d&#039;un espace de stockage (sans chauffage), cela peut aussi \u00eatre un lieu. Veuillez noter que votre vin sera stock\u00e9 \u00e0 l\u2019\u00e9cart des autres produits afin d\u2019\u00e9viter toute contamination crois\u00e9e due aux odeurs alimentaires par exemple.\u00a0<\/p><p>Une cave \u00e0 vin est bien s\u00fbr l\u2019endroit id\u00e9al pour conserver le vin. Vous pouvez ensuite r\u00e9gler la temp\u00e9rature entre 10 et 14 \u00b0C, ce qui fournit alors l&#039;humidit\u00e9 correcte.<\/p><p>La contamination crois\u00e9e n\u2019est pas non plus possible. Si cela se produit (si l&#039;armoire climatique est situ\u00e9e \u00e0 proximit\u00e9 d&#039;une cuisine ou autre), nos armoires climatiques sont \u00e9quip\u00e9es d&#039;un filtre \u00e0 charbon actif (celui-ci absorbe les odeurs de renferm\u00e9 et n&#039;affecte donc pas le bouchon\/le vin). <a href=\"https:\/\/coolvaria.com\/fr\/p\/filtre\/\">Ceux-ci sont facilement rempla\u00e7ables et peuvent \u00eatre command\u00e9s ici.<\/a><\/p>\t\t\t\t\t\t<\/div>\n\t\t\t\t<\/div>\n\t\t\t\t\t<\/div>\n\t\t<\/div>\n\t\t\t\t\t\t\t<\/div>\n\t\t<\/section>\n\t\t\t\t\t\t\t<\/div>","protected":false},"excerpt":{"rendered":"<p>O\u00f9 et comment conserver ces bouteilles ? Lorsqu\u2019il est conserv\u00e9 correctement, le vin peut durer des d\u00e9cennies, voire des si\u00e8cles, et gagner en valeur et en qualit\u00e9. L&#039;oppos\u00e9\u2026<\/p>","protected":false},"author":617,"featured_media":0,"parent":0,"menu_order":0,"comment_status":"closed","ping_status":"closed","template":"","meta":{"_sitemap_exclude":false,"_sitemap_priority":"","_sitemap_frequency":"","footnotes":""},"class_list":["post-5251","page","type-page","status-publish","hentry"],"_links":{"self":[{"href":"https:\/\/coolvaria.com\/fr\/wp-json\/wp\/v2\/pages\/5251","targetHints":{"allow":["GET"]}}],"collection":[{"href":"https:\/\/coolvaria.com\/fr\/wp-json\/wp\/v2\/pages"}],"about":[{"href":"https:\/\/coolvaria.com\/fr\/wp-json\/wp\/v2\/types\/page"}],"author":[{"embeddable":true,"href":"https:\/\/coolvaria.com\/fr\/wp-json\/wp\/v2\/users\/617"}],"replies":[{"embeddable":true,"href":"https:\/\/coolvaria.com\/fr\/wp-json\/wp\/v2\/comments?post=5251"}],"version-history":[{"count":17,"href":"https:\/\/coolvaria.com\/fr\/wp-json\/wp\/v2\/pages\/5251\/revisions"}],"predecessor-version":[{"id":10069,"href":"https:\/\/coolvaria.com\/fr\/wp-json\/wp\/v2\/pages\/5251\/revisions\/10069"}],"wp:attachment":[{"href":"https:\/\/coolvaria.com\/fr\/wp-json\/wp\/v2\/media?parent=5251"}],"curies":[{"name":"wp","href":"https:\/\/api.w.org\/{rel}","templated":true}]}}