{"id":5243,"date":"2023-04-12T09:40:07","date_gmt":"2023-04-12T09:40:07","guid":{"rendered":"\/?page_id=5243"},"modified":"2024-03-08T15:33:31","modified_gmt":"2024-03-08T14:33:31","slug":"inbouwen","status":"publish","type":"page","link":"https:\/\/coolvaria.com\/fr\/construire-dans\/","title":{"rendered":"Installer"},"content":{"rendered":"<div data-elementor-type=\"wp-page\" data-elementor-id=\"5243\" class=\"elementor elementor-5243\">\n\t\t\t\t\t\t\t\t\t<section class=\"elementor-section elementor-top-section elementor-element elementor-element-1499146 elementor-section-boxed elementor-section-height-default elementor-section-height-default\" data-id=\"1499146\" data-element_type=\"section\">\n\t\t\t\t\t\t<div class=\"elementor-container elementor-column-gap-default\">\n\t\t\t\t\t<div class=\"elementor-column elementor-col-100 elementor-top-column elementor-element elementor-element-5d6b6f4\" data-id=\"5d6b6f4\" data-element_type=\"column\">\n\t\t\t<div class=\"elementor-widget-wrap elementor-element-populated\">\n\t\t\t\t\t\t\t\t<div class=\"elementor-element elementor-element-324c8fa elementor-widget elementor-widget-text-editor\" data-id=\"324c8fa\" data-element_type=\"widget\" data-widget_type=\"text-editor.default\">\n\t\t\t\t<div class=\"elementor-widget-container\">\n\t\t\t<style>\/*! elementor - v3.17.0 - 01-11-2023 *\/\n.elementor-widget-text-editor.elementor-drop-cap-view-stacked .elementor-drop-cap{background-color:#69727d;color:#fff}.elementor-widget-text-editor.elementor-drop-cap-view-framed .elementor-drop-cap{color:#69727d;border:3px solid;background-color:transparent}.elementor-widget-text-editor:not(.elementor-drop-cap-view-default) .elementor-drop-cap{margin-top:8px}.elementor-widget-text-editor:not(.elementor-drop-cap-view-default) .elementor-drop-cap-letter{width:1em;height:1em}.elementor-widget-text-editor .elementor-drop-cap{float:left;text-align:center;line-height:1;font-size:50px}.elementor-widget-text-editor .elementor-drop-cap-letter{display:inline-block}<\/style>\t\t\t\t<h3 class=\"gt-block\" style=\"caret-color: #7c7c80; text-size-adjust: auto;\" data-trid=\"8411\"><u data-trid=\"8412\">Installation\u00a0:<\/u><\/h3><p style=\"caret-color: #7c7c80; text-size-adjust: auto;\" data-trid=\"8413\">Tout d\u2019abord, un commentaire qui vous plaira certainement ; ! Aucun accessoire suppl\u00e9mentaire n'est requis lors de l'installation des caves.\u00a0<\/p><p data-trid=\"8414\">Il en va de m\u00eame pour toutes les caves et regardez bien les dimensions pour avoir le bon mod\u00e8le (la largeur est toujours la m\u00eame !)<\/p><ul style=\"caret-color: #7c7c80; text-size-adjust: auto;\" data-trid=\"8415\"><li data-trid=\"8416\">LxPxH : 595 x 575 x 840 mm (hors poign\u00e9e = 40 mm)<\/li><li data-trid=\"8417\">LxPxH : 595 x 575 x 1240mm (hors poign\u00e9e = 40mm)<\/li><li data-trid=\"8418\">LxPxH : 595 x 575 x 1640 (hors poign\u00e9e = 40mm)<\/li><li data-trid=\"8419\"><p data-trid=\"8420\">LxPxH : 595 x 720 x1800mm (hors poign\u00e9e = 40mm).\u00a0<\/p><\/li><li data-trid=\"8421\">La cave est \u00e9quip\u00e9e de 4 pieds r\u00e9glables (afin que l'armoire climatique puisse \u00eatre vraiment mise \u00e0 niveau, m\u00eame sur un sol irr\u00e9gulier)<\/li><li data-trid=\"8422\">La hauteur sous la porte (haut de la grille d&#039;a\u00e9ration jusqu&#039;au sol) est d&#039;environ 125mm<\/li><li data-trid=\"8423\">La hauteur du bas (de la grille d&#039;a\u00e9ration jusqu&#039;au sol) est d&#039;environ 25mm<\/li><li style=\"text-align: left;\" data-trid=\"8424\">Notez \u00e9galement la charni\u00e8re (c\u00f4t\u00e9 droit, en haut du meuble). La hauteur est d&#039;environ 10 mm<\/li><\/ul><h3 class=\"gt-block\" style=\"caret-color: #7c7c80; text-size-adjust: auto;\" data-trid=\"8425\"><em data-trid=\"8426\"><span style=\"text-decoration: underline;\" data-trid=\"8427\"><strong data-trid=\"8428\">Dissipation de la chaleur<\/strong><\/span>:<\/em><\/h3><h4 style=\"caret-color: #7c7c80; text-size-adjust: auto;\" data-trid=\"8429\">Attention : consid\u00e9rez une cave comme un r\u00e9frig\u00e9rateur et elle doit pouvoir dissiper sa chaleur !<\/h4><p style=\"caret-color: #7c7c80; text-size-adjust: auto;\" data-trid=\"8429\">Aucun accessoire ou outil sp\u00e9cial n'est requis pour installer la cave. Il faut cependant veiller \u00e0 ce qu'une ventilation suffisante soit suffisante \u00e0 l'arri\u00e8re de la cave pour dissiper la chaleur. La chaleur est cr\u00e9\u00e9e lorsque le compresseur d\u00e9marre (tout comme votre r\u00e9frig\u00e9rateur \u00e0 la maison). La lumi\u00e8re chaude est plus l\u00e9g\u00e8re que l\u2019air froid et va donc monter. Cette chaleur doit donc pouvoir s'\u00e9chapper.<\/p><p style=\"caret-color: #7c7c80; text-size-adjust: auto;\" data-trid=\"8429\">Cela peut \u00eatre fait en le gardant ouvert en haut (probablement comme avec votre r\u00e9frig\u00e9rateur actuel). Si cela n'est pas possible, par exemple si vous souhaitez placer la cave sous un bar ou un comptoir. \u00c0 ce moment-l\u00e0, il n'est pas souhaitable d'y faire un trou, mais vous devez assurer une \"dissipation thermique\" afin que la chaleur ne puisse pas persister (si elle persiste, le capteur de temp\u00e9rature d\u00e9tectera qu'il devient chaud et se refroidira davantage, ce qui provoquera encore plus de chaleur, etc. etc.).<\/p><p style=\"caret-color: #7c7c80; text-size-adjust: auto;\" data-trid=\"8429\">Cela peut \u00eatre fait en r\u00e9alisant une ouverture dans les armoires de chaque c\u00f4t\u00e9 de la cave. Assurez-vous qu'il y a des ouvertures en haut afin que la chaleur puisse circuler vers la gauche\/droite et ne s'attarde pas. Vous ne verrez pas cette ouverture de l\u2019ext\u00e9rieur car elle est \u00ab trait\u00e9e \u00bb \u00e0 l\u2019int\u00e9rieur du meuble. La grille d'a\u00e9ration \u00e0 l'avant sert \u00e0 aspirer \u00ab l'air frais \u00bb (qui est cr\u00e9\u00e9 lorsque l'air chaud \u00e0 l'arri\u00e8re monte \u2013 cela cr\u00e9e un effet d'aspiration).<\/p><h3 style=\"caret-color: #7c7c80; text-size-adjust: auto;\" data-trid=\"8430\"><span style=\"text-decoration: underline;\"><em><strong>Remarque:<\/strong><\/em><\/span><\/h3><p style=\"caret-color: #7c7c80; text-size-adjust: auto;\" data-trid=\"8430\">Parce que la porte a exactement les m\u00eames dimensions que la cave, la porte s'ouvrira d'environ 5 mm lorsque la porte est ouverte \u00e0 45 degr\u00e9s, vous pouvez donc placer cette cave dans une pi\u00e8ce d'une largeur de 600 mm (la taille la plus courante des armoires de cuisine ). Si vous l'ouvrez \u00e0 plus de 45 degr\u00e9s, cela dispara\u00eet et la porte est \u00e0 nouveau parall\u00e8le \u00e0 la cave. La porte peut \u00eatre ouverte \u00e0 plus de 200 degr\u00e9s !!<\/p><h3 data-trid=\"2246\"><strong data-trid=\"2247\">Des questions?<\/strong><\/h3><p data-trid=\"2246\"><b><\/b>Pas de probl\u00e8me, demandez-nous en nous contactant via le formulaire de contact ou par t\u00e9l\u00e9phone au +31 (0) 30 251 1191.<\/p><p data-trid=\"2246\">Nous sommes heureux de r\u00e9pondre \u00e0 vos questions!<\/p><p data-trid=\"2246\"><div class=\"forminator-ui forminator-custom-form forminator-custom-form-9001 forminator-design--default  forminator_ajax\" data-forminator-render=\"0\" data-form=\"forminator-module-9001\" data-uid=\"69eda18c23e58\"><br\/><\/div><form\n\t\t\t\tid=\"forminator-module-9001\"\n\t\t\t\tclass=\"forminator-ui forminator-custom-form forminator-custom-form-9001 forminator-design--default  forminator_ajax\"\n\t\t\t\tmethod=\"post\"\n\t\t\t\tdata-forminator-render=\"0\"\n\t\t\t\tdata-form-id=\"9001\"\n\t\t\t\t\n\t\t\t\tdata-design=\"default\"\n\t\t\t\t\n\t\t\t\t\n\t\t\t\t\n\t\t\t\tdata-grid=\"open\"\n\t\t\t\t\n\t\t\t\t\n\t\t\t\tstyle=\"display: none;\"\n\t\t\t\t\n\t\t\t\tdata-uid=\"69eda18c23e58\" action=\"\"\n\t\t\t><div role=\"alert\" aria-live=\"polite\" class=\"forminator-response-message forminator-error\" aria-hidden=\"true\"><\/div><div class=\"forminator-row\"><input type=\"hidden\" id=\"hidden-2_69eda18c23e58\" name=\"hidden-2\" value=\"Inbouwen\" \/><input type=\"hidden\" id=\"hidden-1_69eda18c23e58\" name=\"hidden-1\" value=\"https:\/\/coolvaria.com\/fr\/construire-dans\/\" \/><\/div><div class=\"forminator-row\"><div id=\"name-1\" class=\"forminator-field-name forminator-col forminator-col-12\"><div class=\"forminator-row forminator-no-margin\" data-multiple=\"true\"><div class=\"forminator-col forminator-col-md-6\"><div class=\"forminator-field\"><label for=\"forminator-field-first-name-1_69eda18c23e58\" class=\"forminator-label\" id=\"forminator-field-first-name-1_69eda18c23e58-label\">Pr\u00e9nom <span class=\"forminator-required\">*<\/span><\/label><input type=\"text\" name=\"name-1-first-name\" placeholder=\"Par exemple. Paul\" id=\"forminator-field-first-name-1_69eda18c23e58\" class=\"forminator-input\" aria-required=\"true\" data-multi=\"1\" value=\"\" \/><\/div><\/div><div class=\"forminator-col forminator-col-md-6\"><div class=\"forminator-field\"><label for=\"forminator-field-last-name-1_69eda18c23e58\" class=\"forminator-label\" id=\"forminator-field-last-name-1_69eda18c23e58-label\">nom de famille <span class=\"forminator-required\">*<\/span><\/label><input type=\"text\" name=\"name-1-last-name\" placeholder=\"Par exemple. Ricard\" id=\"forminator-field-last-name-1_69eda18c23e58\" class=\"forminator-input\" aria-required=\"true\" data-multi=\"1\" value=\"\" \/><\/div><\/div><\/div><\/div><\/div><div class=\"forminator-row\"><div id=\"checkbox-2\" class=\"forminator-field-checkbox forminator-col forminator-col-12\"><div role=\"group\" class=\"forminator-field\" aria-labelledby=\"forminator-checkbox-group-69eda18c23e58-label\"><h4 id=\"forminator-checkbox-group-69eda18c23e58-label\" class=\"forminator-label\">Nom de l&#039;entreprise<\/h4><label id=\"forminator-field-checkbox-2-1-69eda18c23e58-label\" for=\"forminator-field-checkbox-2-1-69eda18c23e58\" class=\"forminator-checkbox\" title=\"Nom de l&#039;entreprise\"><input type=\"checkbox\" name=\"checkbox-2[]\" value=\"one\" id=\"forminator-field-checkbox-2-1-69eda18c23e58\" aria-labelledby=\"forminator-field-checkbox-2-1-69eda18c23e58-label\" data-calculation=\"0\"   data-hidden-behavior=\"zero\" aria-describedby=\"forminator-field-checkbox-2-69eda18c23e58-description\"\/><span class=\"forminator-checkbox-box\" aria-hidden=\"true\"><\/span><span class=\"forminator-checkbox-label\">Nom de l&#039;entreprise<\/span><\/label><\/div><\/div><\/div><div class=\"forminator-row\"><div id=\"text-1\" class=\"forminator-field-text forminator-col forminator-col-12\"><div class=\"forminator-field\"><label for=\"forminator-field-text-1_69eda18c23e58\" class=\"forminator-label\" id=\"forminator-field-text-1_69eda18c23e58-label\">Nom de l&#039;entreprise<\/label><input type=\"text\" name=\"text-1\" value=\"\" placeholder=\"Nom de votre entreprise (si applicable)\" id=\"forminator-field-text-1_69eda18c23e58\" class=\"forminator-input forminator-name--field\" data-required=\"\" \/><\/div><\/div><\/div><div class=\"forminator-row\"><div id=\"email-1\" class=\"forminator-field-email forminator-col forminator-col-12\"><div class=\"forminator-field\"><label for=\"forminator-field-email-1_69eda18c23e58\" class=\"forminator-label\" id=\"forminator-field-email-1_69eda18c23e58-label\">Adresse e-mail <span class=\"forminator-required\">*<\/span><\/label><input type=\"email\" name=\"email-1\" value=\"\" placeholder=\"Par exemple. john@doe.com\" id=\"forminator-field-email-1_69eda18c23e58\" class=\"forminator-input forminator-email--field\" data-required=\"true\" aria-required=\"true\" \/><\/div><\/div><\/div><div class=\"forminator-row\"><div id=\"phone-1\" class=\"forminator-field-phone forminator-col forminator-col-12\"><div class=\"forminator-field\"><label for=\"forminator-field-phone-1_69eda18c23e58\" class=\"forminator-label\" id=\"forminator-field-phone-1_69eda18c23e58-label\">num\u00e9ro de t\u00e9l\u00e9phone<\/label><input type=\"text\" name=\"phone-1\" value=\"\" placeholder=\"Par exemple. +31612345678\" id=\"forminator-field-phone-1_69eda18c23e58\" class=\"forminator-input forminator-field--phone\" data-required=\"\" aria-required=\"false\" autocomplete=\"off\" data-validation=\"1\" \/><\/div><\/div><\/div><div class=\"forminator-row\"><div id=\"checkbox-1\" class=\"forminator-field-checkbox forminator-col forminator-col-12\"><div role=\"group\" class=\"forminator-field\" aria-labelledby=\"forminator-checkbox-group-69eda18c23e58-label\"><h4 id=\"forminator-checkbox-group-69eda18c23e58-label\" class=\"forminator-label\">J&#039;ai une question sur l&#039;installation<\/h4><\/div><\/div><\/div><div class=\"forminator-row\"><div id=\"textarea-1\" class=\"forminator-field-textarea forminator-col forminator-col-12\"><div class=\"forminator-field\"><label for=\"forminator-field-textarea-1_69eda18c23e58\" id=\"forminator-field-textarea-1_69eda18c23e58-label\" class=\"forminator-label\">Message<\/label><textarea name=\"textarea-1\" placeholder=\"\" id=\"forminator-field-textarea-1_69eda18c23e58\" class=\"forminator-textarea\" rows=\"6\" style=\"min-height:140px;\" maxlength=\"180\" ><\/textarea><span id=\"forminator-field-textarea-1_69eda18c23e58-description\" class=\"forminator-description\"><span data-limit=\"180\" data-type=\"characters\">0 \/ 180<\/span><\/span><\/div><\/div><\/div><input type=\"hidden\" name=\"referer_url\" value=\"\" \/><div class=\"forminator-row forminator-row-last\"><div class=\"forminator-col\"><div class=\"forminator-field\"><button class=\"forminator-button forminator-button-submit\">Envoyez<\/button><\/div><\/div><\/div><input type=\"hidden\" id=\"forminator_nonce\" name=\"forminator_nonce\" value=\"11a8442e26\" \/><input type=\"hidden\" name=\"_wp_http_referer\" value=\"\/fr\/wp-json\/wp\/v2\/pages\/5243\" \/><input type=\"hidden\" name=\"form_id\" value=\"9001\"><input type=\"hidden\" name=\"page_id\" value=\"5243\"><input type=\"hidden\" name=\"form_type\" value=\"default\"><input type=\"hidden\" name=\"current_url\" value=\"https:\/\/coolvaria.com\/fr\/construire-dans\/\"><input type=\"hidden\" name=\"render_id\" value=\"0\"><input type=\"hidden\" name=\"action\" value=\"forminator_submit_form_custom-forms\"><input type=\"hidden\" name=\"trp-form-language\" value=\"fr\"\/><\/form><\/p><p data-trid=\"8430\">\u00a0<\/p>\t\t\t\t\t\t<\/div>\n\t\t\t\t<\/div>\n\t\t\t\t\t<\/div>\n\t\t<\/div>\n\t\t\t\t\t\t\t<\/div>\n\t\t<\/section>\n\t\t\t\t\t\t\t<\/div>","protected":false},"excerpt":{"rendered":"<p>Installation : Tout d&#039;abord, un commentaire qui vous plaira certainement ; ! Aucun accessoire suppl\u00e9mentaire n&#039;est requis lors de l&#039;installation des armoires. La m\u00eame chose s\u2019appliquera \u00e0 toutes les chambres climatiques et regardez...<\/p>","protected":false},"author":617,"featured_media":0,"parent":0,"menu_order":0,"comment_status":"closed","ping_status":"closed","template":"","meta":{"_sitemap_exclude":false,"_sitemap_priority":"","_sitemap_frequency":"","footnotes":""},"class_list":["post-5243","page","type-page","status-publish","hentry"],"_links":{"self":[{"href":"https:\/\/coolvaria.com\/fr\/wp-json\/wp\/v2\/pages\/5243","targetHints":{"allow":["GET"]}}],"collection":[{"href":"https:\/\/coolvaria.com\/fr\/wp-json\/wp\/v2\/pages"}],"about":[{"href":"https:\/\/coolvaria.com\/fr\/wp-json\/wp\/v2\/types\/page"}],"author":[{"embeddable":true,"href":"https:\/\/coolvaria.com\/fr\/wp-json\/wp\/v2\/users\/617"}],"replies":[{"embeddable":true,"href":"https:\/\/coolvaria.com\/fr\/wp-json\/wp\/v2\/comments?post=5243"}],"version-history":[{"count":39,"href":"https:\/\/coolvaria.com\/fr\/wp-json\/wp\/v2\/pages\/5243\/revisions"}],"predecessor-version":[{"id":9072,"href":"https:\/\/coolvaria.com\/fr\/wp-json\/wp\/v2\/pages\/5243\/revisions\/9072"}],"wp:attachment":[{"href":"https:\/\/coolvaria.com\/fr\/wp-json\/wp\/v2\/media?parent=5243"}],"curies":[{"name":"wp","href":"https:\/\/api.w.org\/{rel}","templated":true}]}}