{"id":5219,"date":"2023-04-06T07:03:59","date_gmt":"2023-04-06T07:03:59","guid":{"rendered":"\/?page_id=5219"},"modified":"2023-12-06T03:25:17","modified_gmt":"2023-12-06T02:25:17","slug":"op-welke-temperatuur-wijn-te-serveren","status":"publish","type":"page","link":"https:\/\/coolvaria.com\/fr\/a-quelle-temperature-servir-le-vin\/","title":{"rendered":"A quelle temp\u00e9rature servir le vin"},"content":{"rendered":"<div data-elementor-type=\"wp-page\" data-elementor-id=\"5219\" class=\"elementor elementor-5219\">\n\t\t\t\t\t\t\t\t\t<section class=\"elementor-section elementor-top-section elementor-element elementor-element-747e837 elementor-section-boxed elementor-section-height-default elementor-section-height-default\" data-id=\"747e837\" data-element_type=\"section\">\n\t\t\t\t\t\t<div class=\"elementor-container elementor-column-gap-default\">\n\t\t\t\t\t<div class=\"elementor-column elementor-col-100 elementor-top-column elementor-element elementor-element-64fe4dc\" data-id=\"64fe4dc\" data-element_type=\"column\">\n\t\t\t<div class=\"elementor-widget-wrap elementor-element-populated\">\n\t\t\t\t\t\t\t\t<div class=\"elementor-element elementor-element-7a1cbc6 elementor-widget elementor-widget-text-editor\" data-id=\"7a1cbc6\" data-element_type=\"widget\" data-widget_type=\"text-editor.default\">\n\t\t\t\t<div class=\"elementor-widget-container\">\n\t\t\t<style>\/*! elementor - v3.17.0 - 01-11-2023 *\/\n.elementor-widget-text-editor.elementor-drop-cap-view-stacked .elementor-drop-cap{background-color:#69727d;color:#fff}.elementor-widget-text-editor.elementor-drop-cap-view-framed .elementor-drop-cap{color:#69727d;border:3px solid;background-color:transparent}.elementor-widget-text-editor:not(.elementor-drop-cap-view-default) .elementor-drop-cap{margin-top:8px}.elementor-widget-text-editor:not(.elementor-drop-cap-view-default) .elementor-drop-cap-letter{width:1em;height:1em}.elementor-widget-text-editor .elementor-drop-cap{float:left;text-align:center;line-height:1;font-size:50px}.elementor-widget-text-editor .elementor-drop-cap-letter{display:inline-block}<\/style>\t\t\t\t<p class=\"gt-block\"><em>La d\u00e9cision a \u00e9t\u00e9 prise! Vous allez bient\u00f4t ouvrir (ou d\u00e9visser) votre bouteille de vin pr\u00e9f\u00e9r\u00e9e ! Mais quelle est la meilleure temp\u00e9rature de service ?&nbsp;<\/em><\/p><p class=\"gt-block\"><strong>Verser du vin et la temp\u00e9rature ?<\/strong><\/p><p>Lorsque vous pr\u00e9parez une bouteille pour la servir, laissez-lui le temps de se r\u00e9chauffer - en augmentant ou en abaissant la temp\u00e9rature (refroidissement) - jusqu&#039;\u00e0 la bonne temp\u00e9rature de service. Cela garantit une exp\u00e9rience optimale du go\u00fbt et de l\u2019ar\u00f4me du vin.<\/p><p>Voici quelques lignes directrices, mais la r\u00e8gle la plus importante que nous voulons vous indiquer est \u00ab utilisez la temp\u00e9rature que vous souhaitez et non ce que disent les \u00ab experts \u00bb \u00bb. Apr\u00e8s tout, c&#039;est votre vin et vous d\u00e9cidez quelle temp\u00e9rature vous pr\u00e9f\u00e9rez !<\/p><p class=\"gt-block\"><strong>Vin rouge<\/strong>&nbsp;doit \u00eatre servi frais l\u00e9g\u00e8rement en dessous de la temp\u00e9rature ambiante (entre 12 et 19 \u00b0C). La temp\u00e9rature pr\u00e9cise est d\u00e9termin\u00e9e par l&#039;\u00e2ge du vin.&nbsp;<strong>Vins rouges plus \u00e2g\u00e9s<\/strong>&nbsp;mieux servi \u00e0 environ 17-19\u02daC et les vins plus jeunes plus froids.<\/p><p class=\"gt-block\"><strong>Vin rouge aux tanins plus forts<\/strong>&nbsp;doit \u00eatre conserv\u00e9 plus chaud que les vins rouges plus l\u00e9gers (qui peuvent m\u00eame \u00eatre servis jusqu\u2019\u00e0 12\u02daC).<\/p><p class=\"gt-block\"><strong>Vins blancs<\/strong>doit simplement \u00eatre servi plus froid que le rouge. Mais il ne faut pas les conserver au froid au risque d\u2019alt\u00e9rer les ar\u00f4mes. Le vin blanc doit plut\u00f4t \u00eatre r\u00e9frig\u00e9r\u00e9 (8-12\u02daC).&nbsp;<strong>Vins blancs complets<\/strong>&nbsp;mieux servi \u00e0 environ 10-12\u02daC et les vins blancs l\u00e9gers plus froids.<\/p><p class=\"gt-block\"><strong>Vins mousseux et vins blancs moelleux<\/strong>&nbsp;devrait \u00eatre servi encore plus froid&nbsp;<strong>Champagne<\/strong>&nbsp;doit \u00eatre servi le plus froid de tous (5-8\u02daC).<\/p><p class=\"gt-block\">Vous souhaitez des informations sur la bonne conservation de votre vin ? Cliquez ici pour d\u00e9couvrir la cave \u00e0 vin et retrouvez toutes les informations dont vous avez besoin !!<strong>&nbsp;<\/strong>Lorsqu\u2019il est conserv\u00e9 correctement, le vin peut durer des d\u00e9cennies, voire des si\u00e8cles, et gagner en valeur et en qualit\u00e9. L&#039;inverse est \u00e9galement vrai; un mauvais stockage peut g\u00e2cher m\u00eame les meilleurs vins du monde.<\/p><p class=\"gt-block\"><em>Si vous ne voulez pas attendre que votre bouteille pr\u00e9f\u00e9r\u00e9e ait atteint la bonne temp\u00e9rature de service, pensez \u00e0 une cave \u00e0 vin climatique - notre site Internet - avec plusieurs zones de temp\u00e9rature. Avec une telle cave, vous pourrez servir le vin \u00e0 n&#039;importe quelle temp\u00e9rature appropri\u00e9e, mais \u00e9galement conserver votre vin d\u00e9licat de la meilleure fa\u00e7on possible.<\/em><\/p>\t\t\t\t\t\t<\/div>\n\t\t\t\t<\/div>\n\t\t\t\t\t<\/div>\n\t\t<\/div>\n\t\t\t\t\t\t\t<\/div>\n\t\t<\/section>\n\t\t\t\t\t\t\t<\/div>","protected":false},"excerpt":{"rendered":"<p>La d\u00e9cision a \u00e9t\u00e9 prise! Vous allez bient\u00f4t ouvrir (ou d\u00e9visser) votre bouteille de vin pr\u00e9f\u00e9r\u00e9e ! Mais quelle est la meilleure temp\u00e9rature de service ? Verser du vin et la temp\u00e9rature ? Quand vous pr\u00e9parez une bouteille\u2026<\/p>","protected":false},"author":617,"featured_media":0,"parent":0,"menu_order":0,"comment_status":"closed","ping_status":"closed","template":"","meta":{"_sitemap_exclude":false,"_sitemap_priority":"","_sitemap_frequency":"","footnotes":""},"class_list":["post-5219","page","type-page","status-publish","hentry"],"_links":{"self":[{"href":"https:\/\/coolvaria.com\/fr\/wp-json\/wp\/v2\/pages\/5219","targetHints":{"allow":["GET"]}}],"collection":[{"href":"https:\/\/coolvaria.com\/fr\/wp-json\/wp\/v2\/pages"}],"about":[{"href":"https:\/\/coolvaria.com\/fr\/wp-json\/wp\/v2\/types\/page"}],"author":[{"embeddable":true,"href":"https:\/\/coolvaria.com\/fr\/wp-json\/wp\/v2\/users\/617"}],"replies":[{"embeddable":true,"href":"https:\/\/coolvaria.com\/fr\/wp-json\/wp\/v2\/comments?post=5219"}],"version-history":[{"count":0,"href":"https:\/\/coolvaria.com\/fr\/wp-json\/wp\/v2\/pages\/5219\/revisions"}],"wp:attachment":[{"href":"https:\/\/coolvaria.com\/fr\/wp-json\/wp\/v2\/media?parent=5219"}],"curies":[{"name":"wp","href":"https:\/\/api.w.org\/{rel}","templated":true}]}}