{"id":5153,"date":"2023-03-23T12:51:33","date_gmt":"2023-03-23T12:51:33","guid":{"rendered":"\/?page_id=5153"},"modified":"2023-06-01T16:09:34","modified_gmt":"2023-06-01T16:09:34","slug":"instructions-for-building-in-the-climate-cabinet","status":"publish","type":"page","link":"https:\/\/coolvaria.com\/fr\/instructions-pour-linstallation-dans-larmoire-climatique\/","title":{"rendered":"Instructions pour l&#039;installation dans l&#039;armoire climatique"},"content":{"rendered":"<div data-elementor-type=\"wp-page\" data-elementor-id=\"5153\" class=\"elementor elementor-5153\">\n\t\t\t\t\t\t\t\t\t<section class=\"elementor-section elementor-top-section elementor-element elementor-element-f98417d elementor-section-boxed elementor-section-height-default elementor-section-height-default\" data-id=\"f98417d\" data-element_type=\"section\">\n\t\t\t\t\t\t<div class=\"elementor-container elementor-column-gap-default\">\n\t\t\t\t\t<div class=\"elementor-column elementor-col-100 elementor-top-column elementor-element elementor-element-52239af\" data-id=\"52239af\" data-element_type=\"column\">\n\t\t\t<div class=\"elementor-widget-wrap\">\n\t\t\t\t\t\t\t\t\t<\/div>\n\t\t<\/div>\n\t\t\t\t\t\t\t<\/div>\n\t\t<\/section>\n\t\t\t\t<section class=\"elementor-section elementor-top-section elementor-element elementor-element-78bfd83 elementor-section-boxed elementor-section-height-default elementor-section-height-default\" data-id=\"78bfd83\" data-element_type=\"section\">\n\t\t\t\t\t\t<div class=\"elementor-container elementor-column-gap-default\">\n\t\t\t\t\t<div class=\"elementor-column elementor-col-100 elementor-top-column elementor-element elementor-element-d7c2eec\" data-id=\"d7c2eec\" data-element_type=\"column\">\n\t\t\t<div class=\"elementor-widget-wrap\">\n\t\t\t\t\t\t\t\t\t<\/div>\n\t\t<\/div>\n\t\t\t\t\t\t\t<\/div>\n\t\t<\/section>\n\t\t\t\t<section class=\"elementor-section elementor-top-section elementor-element elementor-element-6f0dde9 elementor-section-boxed elementor-section-height-default elementor-section-height-default\" data-id=\"6f0dde9\" data-element_type=\"section\">\n\t\t\t\t\t\t<div class=\"elementor-container elementor-column-gap-default\">\n\t\t\t\t\t<div class=\"elementor-column elementor-col-100 elementor-top-column elementor-element elementor-element-6661507\" data-id=\"6661507\" data-element_type=\"column\">\n\t\t\t<div class=\"elementor-widget-wrap elementor-element-populated\">\n\t\t\t\t\t\t\t\t<div class=\"elementor-element elementor-element-57c643d elementor-widget elementor-widget-text-editor\" data-id=\"57c643d\" data-element_type=\"widget\" data-widget_type=\"text-editor.default\">\n\t\t\t\t<div class=\"elementor-widget-container\">\n\t\t\t<style>\/*! elementor - v3.17.0 - 01-11-2023 *\/\n.elementor-widget-text-editor.elementor-drop-cap-view-stacked .elementor-drop-cap{background-color:#69727d;color:#fff}.elementor-widget-text-editor.elementor-drop-cap-view-framed .elementor-drop-cap{color:#69727d;border:3px solid;background-color:transparent}.elementor-widget-text-editor:not(.elementor-drop-cap-view-default) .elementor-drop-cap{margin-top:8px}.elementor-widget-text-editor:not(.elementor-drop-cap-view-default) .elementor-drop-cap-letter{width:1em;height:1em}.elementor-widget-text-editor .elementor-drop-cap{float:left;text-align:center;line-height:1;font-size:50px}.elementor-widget-text-editor .elementor-drop-cap-letter{display:inline-block}<\/style>\t\t\t\t<p style=\"text-align: left;\"><strong><u>Construire dans\u00a0:<\/u><\/strong><\/p><p style=\"text-align: left;\">Aucun accessoire suppl\u00e9mentaire n&#039;est requis lors de l&#039;installation de l&#039;armoire climatique<\/p><ul style=\"text-align: left;\"><li>L&#039;armoire climatique dispose de 4 pieds r\u00e9glables (r\u00e9glables env. 25 mm)<\/li><li>La hauteur sous la porte (du haut de la grille d&#039;a\u00e9ration jusqu&#039;au sol est d&#039;environ 125 mm<\/li><li>La hauteur du bas de la grille de ventilation jusqu&#039;au sol est d&#039;env. 25mm<\/li><li style=\"text-align: left;\">Faites \u00e9galement attention \u00e0 la charni\u00e8re (c\u00f4t\u00e9 droit, en haut du meuble). La hauteur est d&#039;env. 10mm<\/li><\/ul><p style=\"text-align: left;\"><em>Remarque:<\/em><\/p><p style=\"text-align: left;\">Pour l&#039;installation dans l&#039;armoire, aucun accessoire ou outil sp\u00e9cial n&#039;est requis. Toutefois, il convient de veiller \u00e0 ce qu&#039;une ventilation suffisante soit assur\u00e9e \u00e0 l&#039;arri\u00e8re de l&#039;armoire climatique afin d&#039;\u00e9vacuer la chaleur. La grille d&#039;a\u00e9ration \u00e0 l&#039;avant sert \u00e0 aspirer \u00ab l&#039;air frais \u00bb (qui est cr\u00e9\u00e9 lorsque l&#039;air chaud \u00e0 l&#039;arri\u00e8re monte \u2013 cela cr\u00e9e un effet d&#039;aspiration). Ne couvrez donc pas cette grille de ventilation.<\/p><p style=\"text-align: left;\">\u00c9tant donn\u00e9 que la porte a exactement les m\u00eames dimensions que l&#039;armoire climatique, la porte d\u00e9passe d&#039;env. 4 mm lorsque la porte est ouverte \u00e0 45 degr\u00e9s, vous pouvez donc placer cette armoire climatique dans un espace d&#039;une largeur de 600 mm (dimension la plus courante des armoires de cuisine). Si vous ouvrez \u00e0 plus de 45 degr\u00e9s, cette saillie dispara\u00eetra. La porte peut \u00eatre ouverte \u00e0 plus de 200 degr\u00e9s.<\/p>\t\t\t\t\t\t<\/div>\n\t\t\t\t<\/div>\n\t\t\t\t\t<\/div>\n\t\t<\/div>\n\t\t\t\t\t\t\t<\/div>\n\t\t<\/section>\n\t\t\t\t\t\t\t<\/div>","protected":false},"excerpt":{"rendered":"<p>Encastrement : Aucun accessoire suppl\u00e9mentaire n&#039;est requis lors de l&#039;encastrement de l&#039;armoire climatique. L&#039;armoire climatique dispose de 4 pieds r\u00e9glables (environ 25 mm r\u00e9glables). La hauteur sous la porte (en haut\u2026<\/p>","protected":false},"author":617,"featured_media":0,"parent":0,"menu_order":0,"comment_status":"closed","ping_status":"closed","template":"","meta":{"_sitemap_exclude":false,"_sitemap_priority":"","_sitemap_frequency":"","footnotes":""},"class_list":["post-5153","page","type-page","status-publish","hentry"],"_links":{"self":[{"href":"https:\/\/coolvaria.com\/fr\/wp-json\/wp\/v2\/pages\/5153","targetHints":{"allow":["GET"]}}],"collection":[{"href":"https:\/\/coolvaria.com\/fr\/wp-json\/wp\/v2\/pages"}],"about":[{"href":"https:\/\/coolvaria.com\/fr\/wp-json\/wp\/v2\/types\/page"}],"author":[{"embeddable":true,"href":"https:\/\/coolvaria.com\/fr\/wp-json\/wp\/v2\/users\/617"}],"replies":[{"embeddable":true,"href":"https:\/\/coolvaria.com\/fr\/wp-json\/wp\/v2\/comments?post=5153"}],"version-history":[{"count":0,"href":"https:\/\/coolvaria.com\/fr\/wp-json\/wp\/v2\/pages\/5153\/revisions"}],"wp:attachment":[{"href":"https:\/\/coolvaria.com\/fr\/wp-json\/wp\/v2\/media?parent=5153"}],"curies":[{"name":"wp","href":"https:\/\/api.w.org\/{rel}","templated":true}]}}