{"id":3762,"date":"2022-12-08T09:05:38","date_gmt":"2022-12-08T09:05:38","guid":{"rendered":"\/?page_id=3762"},"modified":"2023-10-10T14:08:44","modified_gmt":"2023-10-10T14:08:44","slug":"specials-more","status":"publish","type":"page","link":"https:\/\/coolvaria.com\/fr\/promotions-plus\/","title":{"rendered":"Offres sp\u00e9ciales, accessoires, cadeaux, mod\u00e8les d&#039;utilisation et de d\u00e9monstration"},"content":{"rendered":"<div data-elementor-type=\"wp-page\" data-elementor-id=\"3762\" class=\"elementor elementor-3762\">\n\t\t\t\t\t\t\t\t\t<section class=\"elementor-section elementor-top-section elementor-element elementor-element-246774c elementor-section-boxed elementor-section-height-default elementor-section-height-default\" data-id=\"246774c\" data-element_type=\"section\" id=\"accessories\">\n\t\t\t\t\t\t<div class=\"elementor-container elementor-column-gap-default\">\n\t\t\t\t\t<div class=\"elementor-column elementor-col-100 elementor-top-column elementor-element elementor-element-17779d9\" data-id=\"17779d9\" data-element_type=\"column\">\n\t\t\t<div class=\"elementor-widget-wrap elementor-element-populated\">\n\t\t\t\t\t\t\t\t<div class=\"elementor-element elementor-element-b3fed0b elementor-widget elementor-widget-shortcode\" data-id=\"b3fed0b\" data-element_type=\"widget\" data-widget_type=\"shortcode.default\">\n\t\t\t\t<div class=\"elementor-widget-container\">\n\t\t\t\t\t<div class=\"elementor-shortcode\"><div class=\"woocommerce columns-4\"><\/div><\/div>\n\t\t\t\t<\/div>\n\t\t\t\t<\/div>\n\t\t\t\t\t<\/div>\n\t\t<\/div>\n\t\t\t\t\t\t\t<\/div>\n\t\t<\/section>\n\t\t\t\t\t\t\t<\/div>","protected":false},"excerpt":{"rendered":"<p>Vous trouverez ici plus d&#039;informations sur\u00a0: les mod\u00e8les sp\u00e9ciaux (\u00e9ditions limit\u00e9es). Aucune offre sp\u00e9ciale n&#039;est actuellement disponible (voir quelques exemples ci-dessous). les accessoires\u00a0: quels types d&#039;accessoires\u2026<\/p>","protected":false},"author":617,"featured_media":0,"parent":0,"menu_order":0,"comment_status":"closed","ping_status":"closed","template":"","meta":{"_sitemap_exclude":false,"_sitemap_priority":"","_sitemap_frequency":"","footnotes":""},"class_list":["post-3762","page","type-page","status-publish","hentry"],"_links":{"self":[{"href":"https:\/\/coolvaria.com\/fr\/wp-json\/wp\/v2\/pages\/3762","targetHints":{"allow":["GET"]}}],"collection":[{"href":"https:\/\/coolvaria.com\/fr\/wp-json\/wp\/v2\/pages"}],"about":[{"href":"https:\/\/coolvaria.com\/fr\/wp-json\/wp\/v2\/types\/page"}],"author":[{"embeddable":true,"href":"https:\/\/coolvaria.com\/fr\/wp-json\/wp\/v2\/users\/617"}],"replies":[{"embeddable":true,"href":"https:\/\/coolvaria.com\/fr\/wp-json\/wp\/v2\/comments?post=3762"}],"version-history":[{"count":0,"href":"https:\/\/coolvaria.com\/fr\/wp-json\/wp\/v2\/pages\/3762\/revisions"}],"wp:attachment":[{"href":"https:\/\/coolvaria.com\/fr\/wp-json\/wp\/v2\/media?parent=3762"}],"curies":[{"name":"wp","href":"https:\/\/api.w.org\/{rel}","templated":true}]}}