{"id":336,"date":"2016-08-23T06:28:43","date_gmt":"2016-08-23T06:28:43","guid":{"rendered":"http:\/\/demo.uix.store\/sober\/?page_id=336"},"modified":"2025-12-28T18:28:44","modified_gmt":"2025-12-28T17:28:44","slug":"contacteer-ons","status":"publish","type":"page","link":"https:\/\/coolvaria.com\/fr\/contactez-nous\/","title":{"rendered":"Contact"},"content":{"rendered":"<div data-elementor-type=\"wp-page\" data-elementor-id=\"336\" class=\"elementor elementor-336\">\n\t\t\t\t\t\t\t\t\t<section class=\"elementor-section elementor-top-section elementor-element elementor-element-1c7503b elementor-section-stretched elementor-section-boxed elementor-section-height-default elementor-section-height-default\" data-id=\"1c7503b\" data-element_type=\"section\" data-settings=\"{&quot;stretch_section&quot;:&quot;section-stretched&quot;,&quot;background_background&quot;:&quot;classic&quot;}\">\n\t\t\t\t\t\t<div class=\"elementor-container elementor-column-gap-default\">\n\t\t\t\t\t<div class=\"elementor-column elementor-col-100 elementor-top-column elementor-element elementor-element-6910e9b\" data-id=\"6910e9b\" data-element_type=\"column\" data-settings=\"{&quot;background_background&quot;:&quot;classic&quot;}\">\n\t\t\t<div class=\"elementor-widget-wrap elementor-element-populated\">\n\t\t\t\t\t\t\t\t<div class=\"elementor-element elementor-element-61c65be elementor-widget elementor-widget-text-editor\" data-id=\"61c65be\" data-element_type=\"widget\" data-widget_type=\"text-editor.default\">\n\t\t\t\t<div class=\"elementor-widget-container\">\n\t\t\t<style>\/*! elementor - v3.17.0 - 01-11-2023 *\/\n.elementor-widget-text-editor.elementor-drop-cap-view-stacked .elementor-drop-cap{background-color:#69727d;color:#fff}.elementor-widget-text-editor.elementor-drop-cap-view-framed .elementor-drop-cap{color:#69727d;border:3px solid;background-color:transparent}.elementor-widget-text-editor:not(.elementor-drop-cap-view-default) .elementor-drop-cap{margin-top:8px}.elementor-widget-text-editor:not(.elementor-drop-cap-view-default) .elementor-drop-cap-letter{width:1em;height:1em}.elementor-widget-text-editor .elementor-drop-cap{float:left;text-align:center;line-height:1;font-size:50px}.elementor-widget-text-editor .elementor-drop-cap-letter{display:inline-block}<\/style>\t\t\t\t<h1 data-trid=\"1400\"><strong data-trid=\"1401\">D\u00e9tails du contact<\/strong><\/h1><div data-trid=\"1402\"><strong data-trid=\"1403\">\u00a0<\/strong><\/div><p data-trid=\"1404\">Pour plus d&#039;informations sur nos chambres climatiques, veuillez remplir le formulaire ci-dessous ou nous appeler au +31 (0)30 2511191.<\/p><p><strong>CoolVaria<\/strong><br \/>Ravenswade150R<br \/>3439LD Nieuwegein<br \/>T\u00e9l. 030 25111<\/p><p><strong>Vous souhaitez venir visiter les chambres climatiques \u2013&gt; voir ci-dessous.<\/strong><\/p><p class=\"gt-block\" data-trid=\"1405\"><span style=\"text-decoration: underline;\"><em>Nous sommes ferm\u00e9s les jours suivants :<\/em><\/span><\/p><p data-trid=\"1407\">22\/12 &#8211; 5\/1 &#8211; Vakantieperiode* (zie onderstaand)<\/p><p data-trid=\"1407\">25 et 26 d\u00e9cembre \u2013 Jour de No\u00ebl et lendemain de No\u00ebl<\/p><p data-trid=\"1407\">31 decembre - R\u00e9veillon du Nouvel An<\/p><p data-trid=\"1407\">1er + 2 janvier \u2013 Jour de l'An + Pont<\/p><p data-trid=\"1407\">28\/29\/30 Janvier 2026 - Inventaire<\/p><p data-trid=\"1407\"><strong>P\u00e9riodes de vacances* :<\/strong><\/p><p class=\"gt-block\" data-trid=\"1410\"><em data-trid=\"1411\">*Pendant la p\u00e9riode des f\u00eates (du 22 d\u00e9cembre au 5 janvier 2026), nous serons toujours disponibles, mais en raison du personnel limit\u00e9, les visites ne seront pas possibles et il pourrait y avoir des retards dans la r\u00e9ponse aux appels et aux courriels. Nous vous remercions par avance de votre compr\u00e9hension.<\/em><\/p>\t\t\t\t\t\t<\/div>\n\t\t\t\t<\/div>\n\t\t\t\t<div class=\"elementor-element elementor-element-7378f24 elementor-widget elementor-widget-text-editor\" data-id=\"7378f24\" data-element_type=\"widget\" data-widget_type=\"text-editor.default\">\n\t\t\t\t<div class=\"elementor-widget-container\">\n\t\t\t\t\t\t\t<p><strong>Vous souhaitez venir visiter les chambres climatiques ?<\/strong><\/p><p>Si vous souhaitez visiter nos chambres climatiques, nous serions heureux de vous accueillir \u00e0 Nieuwegein (Pays-Bas). L&#039;entrep\u00f4t de Vianen n&#039;est pas ouvert aux visites. <span style=\"text-decoration: underline;\">Prenez toujours rendez-vous (l&#039;explication prend environ 30 minutes).<\/span><\/p><p>Les visites au Ravenswade 150R \u00e0 Nieuwegein sont possibles du lundi au vendredi. Il est important que si vous souhaitez visiter, vous preniez rendez-vous \u00e0 l&#039;avance, afin que nous puissions planifier correctement votre visite et que vous ne soyez pas confront\u00e9 \u00e0 une porte ferm\u00e9e parce que nous travaillons dans l&#039;autre entrep\u00f4t.<\/p>\t\t\t\t\t\t<\/div>\n\t\t\t\t<\/div>\n\t\t\t\t<div class=\"elementor-element elementor-element-cdc9556 elementor-widget elementor-widget-text-editor\" data-id=\"cdc9556\" data-element_type=\"widget\" data-widget_type=\"text-editor.default\">\n\t\t\t\t<div class=\"elementor-widget-container\">\n\t\t\t\t\t\t\t\t\t\t\t\t\t<\/div>\n\t\t\t\t<\/div>\n\t\t\t\t<div class=\"elementor-element elementor-element-6cf2de5 elementor-widget elementor-widget-text-editor\" data-id=\"6cf2de5\" data-element_type=\"widget\" data-widget_type=\"text-editor.default\">\n\t\t\t\t<div class=\"elementor-widget-container\">\n\t\t\t\t\t\t\t<p data-trid=\"1559\"><strong style=\"font-size: 18px; color: #7c7c80; font-family: Raleway, sans-serif;\" data-trid=\"1560\">Demande d&#039;informations, \u00e9galement pour la location :<\/strong><\/p><p data-trid=\"1561\">Si vous \u00eates int\u00e9ress\u00e9 par nos produits, veuillez nous contacter via le formulaire de contact ou par t\u00e9l\u00e9phone : +31 (0) 30-2511191.<\/p><p data-trid=\"1562\"><div class=\"forminator-ui forminator-custom-form forminator-custom-form-7542 forminator-design--default  forminator_ajax\" data-forminator-render=\"0\" data-form=\"forminator-module-7542\" data-uid=\"69e17e719f88c\"><br\/><\/div><form\n\t\t\t\tid=\"forminator-module-7542\"\n\t\t\t\tclass=\"forminator-ui forminator-custom-form forminator-custom-form-7542 forminator-design--default  forminator_ajax\"\n\t\t\t\tmethod=\"post\"\n\t\t\t\tdata-forminator-render=\"0\"\n\t\t\t\tdata-form-id=\"7542\"\n\t\t\t\t\n\t\t\t\tdata-design=\"default\"\n\t\t\t\t\n\t\t\t\t\n\t\t\t\t\n\t\t\t\tdata-grid=\"open\"\n\t\t\t\t\n\t\t\t\t\n\t\t\t\tstyle=\"display: none;\"\n\t\t\t\t\n\t\t\t\tdata-uid=\"69e17e719f88c\" action=\"\"\n\t\t\t><div role=\"alert\" aria-live=\"polite\" class=\"forminator-response-message forminator-error\" aria-hidden=\"true\"><\/div><div class=\"forminator-row\"><input type=\"hidden\" id=\"hidden-2_69e17e719f88c\" name=\"hidden-2\" value=\"Contact\" \/><input type=\"hidden\" id=\"hidden-1_69e17e719f88c\" name=\"hidden-1\" value=\"https:\/\/coolvaria.com\/fr\/contactez-nous\/\" \/><\/div><div class=\"forminator-row\"><div id=\"name-1\" class=\"forminator-field-name forminator-col forminator-col-12\"><div class=\"forminator-row forminator-no-margin\" data-multiple=\"true\"><div class=\"forminator-col forminator-col-md-6\"><div class=\"forminator-field\"><label for=\"forminator-field-first-name-1_69e17e719f88c\" class=\"forminator-label\" id=\"forminator-field-first-name-1_69e17e719f88c-label\">Pr\u00e9nom <span class=\"forminator-required\">*<\/span><\/label><input type=\"text\" name=\"name-1-first-name\" placeholder=\"\" id=\"forminator-field-first-name-1_69e17e719f88c\" class=\"forminator-input\" aria-required=\"true\" data-multi=\"1\" value=\"\" \/><\/div><\/div><div class=\"forminator-col forminator-col-md-6\"><div class=\"forminator-field\"><label for=\"forminator-field-last-name-1_69e17e719f88c\" class=\"forminator-label\" id=\"forminator-field-last-name-1_69e17e719f88c-label\">nom de famille <span class=\"forminator-required\">*<\/span><\/label><input type=\"text\" name=\"name-1-last-name\" placeholder=\"\" id=\"forminator-field-last-name-1_69e17e719f88c\" class=\"forminator-input\" aria-required=\"true\" data-multi=\"1\" value=\"\" \/><\/div><\/div><\/div><\/div><\/div><div class=\"forminator-row\"><div id=\"text-1\" class=\"forminator-field-text forminator-col forminator-col-12\"><div class=\"forminator-field\"><label for=\"forminator-field-text-1_69e17e719f88c\" class=\"forminator-label\" id=\"forminator-field-text-1_69e17e719f88c-label\">Nom de l&#039;entreprise<\/label><input type=\"text\" name=\"text-1\" value=\"\" placeholder=\"le cas \u00e9ch\u00e9ant\" id=\"forminator-field-text-1_69e17e719f88c\" class=\"forminator-input forminator-name--field\" data-required=\"\" \/><\/div><\/div><\/div><div class=\"forminator-row\"><div id=\"email-1\" class=\"forminator-field-email forminator-col forminator-col-12\"><div class=\"forminator-field\"><label for=\"forminator-field-email-1_69e17e719f88c\" class=\"forminator-label\" id=\"forminator-field-email-1_69e17e719f88c-label\">Adresse e-mail <span class=\"forminator-required\">*<\/span><\/label><input type=\"email\" name=\"email-1\" value=\"\" placeholder=\"\" id=\"forminator-field-email-1_69e17e719f88c\" class=\"forminator-input forminator-email--field\" data-required=\"true\" aria-required=\"true\" \/><\/div><\/div><\/div><div class=\"forminator-row\"><div id=\"phone-1\" class=\"forminator-field-phone forminator-col forminator-col-12\"><div class=\"forminator-field\"><label for=\"forminator-field-phone-1_69e17e719f88c\" class=\"forminator-label\" id=\"forminator-field-phone-1_69e17e719f88c-label\">num\u00e9ro de t\u00e9l\u00e9phone<\/label><input type=\"text\" name=\"phone-1\" value=\"\" placeholder=\"\" id=\"forminator-field-phone-1_69e17e719f88c\" class=\"forminator-input forminator-field--phone\" data-required=\"\" aria-required=\"false\" autocomplete=\"off\" data-validation=\"1\" \/><\/div><\/div><\/div><div class=\"forminator-row\"><div id=\"checkbox-1\" class=\"forminator-field-checkbox forminator-col forminator-col-12\"><div role=\"group\" class=\"forminator-field\" aria-labelledby=\"forminator-checkbox-group-69e17e719f88c-label\"><h4 id=\"forminator-checkbox-group-69e17e719f88c-label\" class=\"forminator-label\">Je veux:<\/h4><label id=\"forminator-field-checkbox-1-1-69e17e719f88c-label\" for=\"forminator-field-checkbox-1-1-69e17e719f88c\" class=\"forminator-checkbox\" title=\"demander un devis:\"><input type=\"checkbox\" name=\"checkbox-1[]\" value=\"service-1\" id=\"forminator-field-checkbox-1-1-69e17e719f88c\" aria-labelledby=\"forminator-field-checkbox-1-1-69e17e719f88c-label\" data-calculation=\"0\"   aria-describedby=\"forminator-field-checkbox-1-69e17e719f88c-description\"\/><span class=\"forminator-checkbox-box\" aria-hidden=\"true\"><\/span><span class=\"forminator-checkbox-label\">demander un devis:<\/span><\/label><label id=\"forminator-field-checkbox-1-2-69e17e719f88c-label\" for=\"forminator-field-checkbox-1-2-69e17e719f88c\" class=\"forminator-checkbox\" title=\"demandez quelque chose sur la TVA (pour les entreprises)\u00a0:\"><input type=\"checkbox\" name=\"checkbox-1[]\" value=\"service-2\" id=\"forminator-field-checkbox-1-2-69e17e719f88c\" aria-labelledby=\"forminator-field-checkbox-1-2-69e17e719f88c-label\" data-calculation=\"0\"   aria-describedby=\"forminator-field-checkbox-1-69e17e719f88c-description\"\/><span class=\"forminator-checkbox-box\" aria-hidden=\"true\"><\/span><span class=\"forminator-checkbox-label\">demandez quelque chose sur la TVA (pour les entreprises)\u00a0:<\/span><\/label><label id=\"forminator-field-checkbox-1-3-69e17e719f88c-label\" for=\"forminator-field-checkbox-1-3-69e17e719f88c\" class=\"forminator-checkbox\" title=\"prendre rendez-vous pour une visite\u00a0:\"><input type=\"checkbox\" name=\"checkbox-1[]\" value=\"Ik-wil-een-bezichtigingsafspraak-maken\" id=\"forminator-field-checkbox-1-3-69e17e719f88c\" aria-labelledby=\"forminator-field-checkbox-1-3-69e17e719f88c-label\" data-calculation=\"0\"   aria-describedby=\"forminator-field-checkbox-1-69e17e719f88c-description\"\/><span class=\"forminator-checkbox-box\" aria-hidden=\"true\"><\/span><span class=\"forminator-checkbox-label\">prendre rendez-vous pour une visite\u00a0:<\/span><\/label><label id=\"forminator-field-checkbox-1-4-69e17e719f88c-label\" for=\"forminator-field-checkbox-1-4-69e17e719f88c\" class=\"forminator-checkbox\" title=\"questions sur la disponibilit\u00e9 (stock) :\"><input type=\"checkbox\" name=\"checkbox-1[]\" value=\"iets-vragen-over-de-beschikbaarheid\" id=\"forminator-field-checkbox-1-4-69e17e719f88c\" aria-labelledby=\"forminator-field-checkbox-1-4-69e17e719f88c-label\" data-calculation=\"0\"   aria-describedby=\"forminator-field-checkbox-1-69e17e719f88c-description\"\/><span class=\"forminator-checkbox-box\" aria-hidden=\"true\"><\/span><span class=\"forminator-checkbox-label\">questions sur la disponibilit\u00e9 (stock) :<\/span><\/label><label id=\"forminator-field-checkbox-1-5-69e17e719f88c-label\" for=\"forminator-field-checkbox-1-5-69e17e719f88c\" class=\"forminator-checkbox\" title=\"Puis-je \u00eatre tenu inform\u00e9 des nouveaux stocks ?\"><input type=\"checkbox\" name=\"checkbox-1[]\" value=\"Kan ik op de hoogte gehouden worden over nieuwe voorraad\" id=\"forminator-field-checkbox-1-5-69e17e719f88c\" aria-labelledby=\"forminator-field-checkbox-1-5-69e17e719f88c-label\" data-calculation=\"0\"   aria-describedby=\"forminator-field-checkbox-1-69e17e719f88c-description\"\/><span class=\"forminator-checkbox-box\" aria-hidden=\"true\"><\/span><span class=\"forminator-checkbox-label\">Puis-je \u00eatre tenu inform\u00e9 des nouveaux stocks ?<\/span><\/label><label id=\"forminator-field-checkbox-1-6-69e17e719f88c-label\" for=\"forminator-field-checkbox-1-6-69e17e719f88c\" class=\"forminator-checkbox\" title=\"demande autre chose :\"><input type=\"checkbox\" name=\"checkbox-1[]\" value=\"Anders\" id=\"forminator-field-checkbox-1-6-69e17e719f88c\" aria-labelledby=\"forminator-field-checkbox-1-6-69e17e719f88c-label\" data-calculation=\"0\"   aria-describedby=\"forminator-field-checkbox-1-69e17e719f88c-description\"\/><span class=\"forminator-checkbox-box\" aria-hidden=\"true\"><\/span><span class=\"forminator-checkbox-label\">demande autre chose :<\/span><\/label><\/div><\/div><\/div><div class=\"forminator-row\"><div id=\"textarea-1\" class=\"forminator-field-textarea forminator-col forminator-col-12\"><div class=\"forminator-field\"><label for=\"forminator-field-textarea-1_69e17e719f88c\" id=\"forminator-field-textarea-1_69e17e719f88c-label\" class=\"forminator-label\">Message<\/label><textarea name=\"textarea-1\" placeholder=\"\" id=\"forminator-field-textarea-1_69e17e719f88c\" class=\"forminator-textarea\" rows=\"6\" style=\"min-height:140px;\" maxlength=\"180\" ><\/textarea><span id=\"forminator-field-textarea-1_69e17e719f88c-description\" class=\"forminator-description\"><span data-limit=\"180\" data-type=\"characters\">0 \/ 180<\/span><\/span><\/div><\/div><\/div><input type=\"hidden\" name=\"referer_url\" value=\"\" \/><div class=\"forminator-row forminator-row-last\"><div class=\"forminator-col\"><div class=\"forminator-field\"><button class=\"forminator-button forminator-button-submit\">Envoyez<\/button><\/div><\/div><\/div><input type=\"hidden\" id=\"forminator_nonce\" name=\"forminator_nonce\" value=\"adfaeed341\" \/><input type=\"hidden\" name=\"_wp_http_referer\" value=\"\/fr\/wp-json\/wp\/v2\/pages\/336\" \/><input type=\"hidden\" name=\"form_id\" value=\"7542\"><input type=\"hidden\" name=\"page_id\" value=\"336\"><input type=\"hidden\" name=\"form_type\" value=\"default\"><input type=\"hidden\" name=\"current_url\" value=\"https:\/\/coolvaria.com\/fr\/contactez-nous\/\"><input type=\"hidden\" name=\"render_id\" value=\"0\"><input type=\"hidden\" name=\"action\" value=\"forminator_submit_form_custom-forms\"><input type=\"hidden\" name=\"trp-form-language\" value=\"fr\"\/><\/form><\/p><p data-trid=\"1563\">\u00a0<\/p>\t\t\t\t\t\t<\/div>\n\t\t\t\t<\/div>\n\t\t\t\t<div class=\"elementor-element elementor-element-dcb8a2a elementor-widget elementor-widget-text-editor\" data-id=\"dcb8a2a\" data-element_type=\"widget\" data-widget_type=\"text-editor.default\">\n\t\t\t\t<div class=\"elementor-widget-container\">\n\t\t\t\t\t\t\t\t\t\t\t\t\t<\/div>\n\t\t\t\t<\/div>\n\t\t\t\t<div class=\"elementor-element elementor-element-03a6144 elementor-widget elementor-widget-text-editor\" data-id=\"03a6144\" data-element_type=\"widget\" data-widget_type=\"text-editor.default\">\n\t\t\t\t<div class=\"elementor-widget-container\">\n\t\t\t\t\t\t\t\t\t\t\t\t\t<\/div>\n\t\t\t\t<\/div>\n\t\t\t\t<div class=\"elementor-element elementor-element-70c7dbd elementor-widget elementor-widget-shortcode\" data-id=\"70c7dbd\" data-element_type=\"widget\" id=\"contact-us-form\" data-widget_type=\"shortcode.default\">\n\t\t\t\t<div class=\"elementor-widget-container\">\n\t\t\t\t\t<div class=\"elementor-shortcode\"><\/div>\n\t\t\t\t<\/div>\n\t\t\t\t<\/div>\n\t\t\t\t\t<\/div>\n\t\t<\/div>\n\t\t\t\t\t\t\t<\/div>\n\t\t<\/section>\n\t\t\t\t<section class=\"elementor-section elementor-top-section elementor-element elementor-element-273b52e elementor-section-boxed elementor-section-height-default elementor-section-height-default\" data-id=\"273b52e\" data-element_type=\"section\">\n\t\t\t\t\t\t<div class=\"elementor-container elementor-column-gap-default\">\n\t\t\t\t\t<div class=\"elementor-column elementor-col-100 elementor-top-column elementor-element elementor-element-5b59f61\" data-id=\"5b59f61\" data-element_type=\"column\">\n\t\t\t<div class=\"elementor-widget-wrap elementor-element-populated\">\n\t\t\t\t\t\t\t\t<div class=\"elementor-element elementor-element-0c197cc elementor-widget elementor-widget-google_maps\" data-id=\"0c197cc\" data-element_type=\"widget\" data-widget_type=\"google_maps.default\">\n\t\t\t\t<div class=\"elementor-widget-container\">\n\t\t\t<style>\/*! elementor - v3.17.0 - 01-11-2023 *\/\n.elementor-widget-google_maps .elementor-widget-container{overflow:hidden}.elementor-widget-google_maps .elementor-custom-embed{line-height:0}.elementor-widget-google_maps iframe{height:300px}<\/style>\t\t<div class=\"elementor-custom-embed\">\n\t\t\t<iframe loading=\"lazy\"\n\t\t\t\t\tsrc=\"https:\/\/maps.google.com\/maps?q=Utrecht%2C%20nieuwgein%2C%20ravenswade%20150R&#038;t=m&#038;z=10&#038;output=embed&#038;iwloc=near\"\n\t\t\t\t\ttitle=\"Utrecht, Nieuwgein, Ravenswade 150R\"\n\t\t\t\t\taria-label=\"Utrecht, Nieuwgein, Ravenswade 150R\"\n\t\t\t><\/iframe>\n\t\t<\/div>\n\t\t\t\t<\/div>\n\t\t\t\t<\/div>\n\t\t\t\t\t<\/div>\n\t\t<\/div>\n\t\t\t\t\t\t\t<\/div>\n\t\t<\/section>\n\t\t\t\t<section class=\"elementor-section elementor-top-section elementor-element elementor-element-d1fecec elementor-section-boxed elementor-section-height-default elementor-section-height-default\" data-id=\"d1fecec\" data-element_type=\"section\" data-settings=\"{&quot;background_background&quot;:&quot;classic&quot;}\">\n\t\t\t\t\t\t<div class=\"elementor-container elementor-column-gap-default\">\n\t\t\t\t\t<div class=\"elementor-column elementor-col-25 elementor-top-column elementor-element elementor-element-fd4526f\" data-id=\"fd4526f\" data-element_type=\"column\" data-settings=\"{&quot;background_background&quot;:&quot;classic&quot;}\">\n\t\t\t<div class=\"elementor-widget-wrap elementor-element-populated\">\n\t\t\t\t\t\t\t\t<div class=\"elementor-element elementor-element-beafa51 elementor-widget elementor-widget-heading\" data-id=\"beafa51\" data-element_type=\"widget\" data-widget_type=\"heading.default\">\n\t\t\t\t<div class=\"elementor-widget-container\">\n\t\t\t<style>\/*! elementor - v3.17.0 - 01-11-2023 *\/\n.elementor-heading-title{padding:0;margin:0;line-height:1}.elementor-widget-heading .elementor-heading-title[class*=elementor-size-]>a{color:inherit;font-size:inherit;line-height:inherit}.elementor-widget-heading .elementor-heading-title.elementor-size-small{font-size:15px}.elementor-widget-heading .elementor-heading-title.elementor-size-medium{font-size:19px}.elementor-widget-heading .elementor-heading-title.elementor-size-large{font-size:29px}.elementor-widget-heading .elementor-heading-title.elementor-size-xl{font-size:39px}.elementor-widget-heading .elementor-heading-title.elementor-size-xxl{font-size:59px}<\/style><h3 class=\"elementor-heading-title elementor-size-default\">Europe + Monde<\/h3>\t\t<\/div>\n\t\t\t\t<\/div>\n\t\t\t\t<div class=\"elementor-element elementor-element-ea994e3 elementor-widget elementor-widget-text-editor\" data-id=\"ea994e3\" data-element_type=\"widget\" data-widget_type=\"text-editor.default\">\n\t\t\t\t<div class=\"elementor-widget-container\">\n\t\t\t\t\t\t\t<p class=\"gt-block\" data-trid=\"2496\">T\u00e9l. +31 (0)30 \u2013 2511191<br data-trid=\"2497\">E-mail:&nbsp;<a href=\"mailto:info@coolvaria.com\" data-trid=\"2498\">info@coolvaria.com<\/a><\/p>\n<p class=\"gt-block\" data-trid=\"2499\"><strong data-trid=\"2500\">Quartier g\u00e9n\u00e9ral<\/strong><br data-trid=\"2501\">Ravenswade150<strong data-trid=\"2502\">R.<\/strong>&nbsp;<br data-trid=\"2503\">3439LD Nieuwegein<br data-trid=\"2504\">les Pays-Bas<\/p>\n<p class=\"gt-block\" data-trid=\"2505\"><strong data-trid=\"2506\"><em data-trid=\"2507\">Entrep\u00f4t 1<\/em><\/strong><br data-trid=\"2508\">Ravenswade150<strong data-trid=\"2509\">R.<\/strong>&nbsp;<br data-trid=\"2510\">3439LD Nieuwegein<br data-trid=\"2511\">les Pays-Bas<\/p>\n<p class=\"gt-block\" data-trid=\"2512\"><strong data-trid=\"2513\"><em data-trid=\"2514\">Entrep\u00f4t 2<\/em><\/strong><br data-trid=\"2515\">Arm\u00e9e de digue 4&nbsp;<br data-trid=\"2516\">4131MA Vianen<br data-trid=\"2517\">les Pays-Bas<\/p><p class=\"gt-block\" data-trid=\"2526\"><\/p>\t\t\t\t\t\t<\/div>\n\t\t\t\t<\/div>\n\t\t\t\t\t<\/div>\n\t\t<\/div>\n\t\t\t\t<div class=\"elementor-column elementor-col-25 elementor-top-column elementor-element elementor-element-6321ebb\" data-id=\"6321ebb\" data-element_type=\"column\" data-settings=\"{&quot;background_background&quot;:&quot;classic&quot;}\">\n\t\t\t<div class=\"elementor-widget-wrap elementor-element-populated\">\n\t\t\t\t\t\t\t\t<div class=\"elementor-element elementor-element-bd9a43f elementor-widget elementor-widget-text-editor\" data-id=\"bd9a43f\" data-element_type=\"widget\" data-widget_type=\"text-editor.default\">\n\t\t\t\t<div class=\"elementor-widget-container\">\n\t\t\t\t\t\t\t\t\t\t\t\t\t<\/div>\n\t\t\t\t<\/div>\n\t\t\t\t\t<\/div>\n\t\t<\/div>\n\t\t\t\t<div class=\"elementor-column elementor-col-25 elementor-top-column elementor-element elementor-element-9bb53dc\" data-id=\"9bb53dc\" data-element_type=\"column\" data-settings=\"{&quot;background_background&quot;:&quot;classic&quot;}\">\n\t\t\t<div class=\"elementor-widget-wrap elementor-element-populated\">\n\t\t\t\t\t\t\t\t<div class=\"elementor-element elementor-element-5d7a35f elementor-widget elementor-widget-heading\" data-id=\"5d7a35f\" data-element_type=\"widget\" data-widget_type=\"heading.default\">\n\t\t\t\t<div class=\"elementor-widget-container\">\n\t\t\t<h3 class=\"elementor-heading-title elementor-size-default\">Partenaires - France<\/h3>\t\t<\/div>\n\t\t\t\t<\/div>\n\t\t\t\t<div class=\"elementor-element elementor-element-c2d2536 elementor-widget elementor-widget-text-editor\" data-id=\"c2d2536\" data-element_type=\"widget\" data-widget_type=\"text-editor.default\">\n\t\t\t\t<div class=\"elementor-widget-container\">\n\t\t\t\t\t\t\t<p class=\"gt-block\" data-trid=\"2518\"><em data-trid=\"2519\"><strong data-trid=\"2520\">CoolVaria \u2013 Wattel<\/strong><\/em><br data-trid=\"2521\" \/>Rue Jean-Paul Sartre 2<br data-trid=\"2522\" \/>84500 Boll\u00e8ne<br data-trid=\"2523\" \/><br data-trid=\"2524\" \/>T\u00e9l. +33 (0)618100730<br data-trid=\"2522\" \/>Courriel\u00a0: watts@coolvaria.com\u00a0<\/p><p class=\"gt-block\" data-trid=\"2526\"><em data-trid=\"2527\"><strong data-trid=\"2528\">CoolVaria \/ Ch\u00e2teau Gayon<\/strong><\/em><br data-trid=\"2529\" \/>6Gayon<br data-trid=\"2530\" \/>33490 Caudrot<\/p><p class=\"gt-block\" data-trid=\"2526\">T\u00e9l. +33 (0)5 56 62 81 19<br data-trid=\"2533\" \/>E-mail:\u00a0<a href=\"mailto:info@coolvaria.com\" data-trid=\"2534\">Gayon@coolvaria.com<\/a><\/p>\t\t\t\t\t\t<\/div>\n\t\t\t\t<\/div>\n\t\t\t\t\t<\/div>\n\t\t<\/div>\n\t\t\t\t<div class=\"elementor-column elementor-col-25 elementor-top-column elementor-element elementor-element-f13ef6c\" data-id=\"f13ef6c\" data-element_type=\"column\" data-settings=\"{&quot;background_background&quot;:&quot;classic&quot;}\">\n\t\t\t<div class=\"elementor-widget-wrap elementor-element-populated\">\n\t\t\t\t\t\t\t\t<div class=\"elementor-element elementor-element-2dcc881 elementor-widget elementor-widget-text-editor\" data-id=\"2dcc881\" data-element_type=\"widget\" data-widget_type=\"text-editor.default\">\n\t\t\t\t<div class=\"elementor-widget-container\">\n\t\t\t\t\t\t\t\t\t\t\t\t\t<\/div>\n\t\t\t\t<\/div>\n\t\t\t\t\t<\/div>\n\t\t<\/div>\n\t\t\t\t\t\t\t<\/div>\n\t\t<\/section>\n\t\t\t\t\t\t\t<\/div>","protected":false},"excerpt":{"rendered":"<p>Contactgegevens \u00a0 Voor informatie over onze klimaatkasten kunt u onderstaand formulier invullen of ons bellen op +31 (0)30 2511191. CoolVariaRavenswade 150R3439LD NieuwegeinTel. 030 25111 Wilt u de klimaatkasten komen bekijken&hellip;<\/p>","protected":false},"author":617,"featured_media":0,"parent":0,"menu_order":0,"comment_status":"closed","ping_status":"closed","template":"","meta":{"_sitemap_exclude":false,"_sitemap_priority":"","_sitemap_frequency":"","footnotes":""},"class_list":["post-336","page","type-page","status-publish","hentry"],"_links":{"self":[{"href":"https:\/\/coolvaria.com\/fr\/wp-json\/wp\/v2\/pages\/336","targetHints":{"allow":["GET"]}}],"collection":[{"href":"https:\/\/coolvaria.com\/fr\/wp-json\/wp\/v2\/pages"}],"about":[{"href":"https:\/\/coolvaria.com\/fr\/wp-json\/wp\/v2\/types\/page"}],"author":[{"embeddable":true,"href":"https:\/\/coolvaria.com\/fr\/wp-json\/wp\/v2\/users\/617"}],"replies":[{"embeddable":true,"href":"https:\/\/coolvaria.com\/fr\/wp-json\/wp\/v2\/comments?post=336"}],"version-history":[{"count":135,"href":"https:\/\/coolvaria.com\/fr\/wp-json\/wp\/v2\/pages\/336\/revisions"}],"predecessor-version":[{"id":10812,"href":"https:\/\/coolvaria.com\/fr\/wp-json\/wp\/v2\/pages\/336\/revisions\/10812"}],"wp:attachment":[{"href":"https:\/\/coolvaria.com\/fr\/wp-json\/wp\/v2\/media?parent=336"}],"curies":[{"name":"wp","href":"https:\/\/api.w.org\/{rel}","templated":true}]}}