{"id":3,"date":"2021-10-11T09:16:14","date_gmt":"2021-10-11T09:16:14","guid":{"rendered":"\/?page_id=3"},"modified":"2025-11-10T09:56:36","modified_gmt":"2025-11-10T08:56:36","slug":"algemene-voorwaarden","status":"publish","type":"page","link":"https:\/\/coolvaria.com\/fr\/politique-de-confidentialite\/","title":{"rendered":"Termes et conditions"},"content":{"rendered":"<div data-elementor-type=\"wp-page\" data-elementor-id=\"3\" class=\"elementor elementor-3\">\n\t\t\t\t\t\t\t\t\t<section class=\"elementor-section elementor-top-section elementor-element elementor-element-18b63d5e elementor-section-boxed elementor-section-height-default elementor-section-height-default\" data-id=\"18b63d5e\" data-element_type=\"section\">\n\t\t\t\t\t\t<div class=\"elementor-container elementor-column-gap-default\">\n\t\t\t\t\t<div class=\"elementor-column elementor-col-100 elementor-top-column elementor-element elementor-element-9eaebd1\" data-id=\"9eaebd1\" data-element_type=\"column\">\n\t\t\t<div class=\"elementor-widget-wrap elementor-element-populated\">\n\t\t\t\t\t\t\t\t<div class=\"elementor-element elementor-element-41c40038 elementor-widget elementor-widget-text-editor\" data-id=\"41c40038\" data-element_type=\"widget\" data-widget_type=\"text-editor.default\">\n\t\t\t\t<div class=\"elementor-widget-container\">\n\t\t\t<style>\/*! elementor - v3.17.0 - 01-11-2023 *\/\n.elementor-widget-text-editor.elementor-drop-cap-view-stacked .elementor-drop-cap{background-color:#69727d;color:#fff}.elementor-widget-text-editor.elementor-drop-cap-view-framed .elementor-drop-cap{color:#69727d;border:3px solid;background-color:transparent}.elementor-widget-text-editor:not(.elementor-drop-cap-view-default) .elementor-drop-cap{margin-top:8px}.elementor-widget-text-editor:not(.elementor-drop-cap-view-default) .elementor-drop-cap-letter{width:1em;height:1em}.elementor-widget-text-editor .elementor-drop-cap{float:left;text-align:center;line-height:1;font-size:50px}.elementor-widget-text-editor .elementor-drop-cap-letter{display:inline-block}<\/style>\t\t\t\t<p class=\"gt-block\" data-trid=\"1622\">1. Ces conditions s&#039;appliquent \u00e0 tous les accords avec toutes les entreprises, institutions et personnes ayant \u00e9t\u00e9 en contact avec CoolVaria.<br data-trid=\"1623\" \/>2. Tous les projets sont r\u00e9alis\u00e9s dans les conditions suivantes, sauf convention contraire expresse et confirm\u00e9e par \u00e9crit par CoolVaria.<br data-trid=\"1624\" \/>3. Les accords avec le personnel n&#039;engagent CoolVaria que s&#039;ils ont \u00e9t\u00e9 confirm\u00e9s par \u00e9crit.<br data-trid=\"1625\" \/>4. Le client accepte l&#039;application des pr\u00e9sentes conditions et conditions de garantie en faisant appel aux services de CoolVaria, sous quelque forme que ce soit.<br data-trid=\"1626\" \/>5. Si des exclusions ont \u00e9t\u00e9 convenues concernant certains sujets r\u00e9gl\u00e9s dans les pr\u00e9sentes conditions, les conditions et conditions de garantie s&#039;appliquent au reste du contrat. Les d\u00e9rogations convenues ne s&#039;appliquent qu&#039;au projet en question, sauf confirmation \u00e9crite contraire.<\/p><h2 data-trid=\"1627\"><strong data-trid=\"1628\">Annulations<\/strong><\/h2><p data-trid=\"1629\">Les commandes en cours peuvent \u00eatre annul\u00e9es sans frais. Dans ce cas, aucun frais suppl\u00e9mentaire ne s&#039;applique. Si un article a d\u00e9j\u00e0 \u00e9t\u00e9 exp\u00e9di\u00e9, vous pouvez nous contacter pour conna\u00eetre l&#039;\u00e9tape suivante.<\/p><h2 data-trid=\"1630\"><strong data-trid=\"1631\">Garantie<\/strong><\/h2><p class=\"gt-block\" data-trid=\"1632\">Les produits neufs b\u00e9n\u00e9ficient d'une garantie minimale de 24 mois pour les consommateurs contre les d\u00e9fauts de fabrication (exception : dommages caus\u00e9s par des bris de verre, de caoutchouc, de filtres, circuit imprime, de portes, de charni\u00e8res et de serrures). Les mod\u00e8les de d\u00e9monstration b\u00e9n\u00e9ficient d'une garantie de 6 ou 12 mois.<\/p><p class=\"gt-block\" data-trid=\"1633\">Si un produit est endommag\u00e9 lors de la livraison, vous pouvez le retourner dans les 14 jours. Cependant, vous devez nous en informer en temps opportun (<strong data-trid=\"1634\"><span style=\"text-decoration: underline;\" data-trid=\"1635\">dans les 5 jours suivant la r\u00e9ception<\/span><\/strong>) par e-mail, afin que nous puissions organiser un remplacement le plus rapidement possible et en informer le transporteur.<br data-trid=\"1636\" \/>Les commandes sont exp\u00e9di\u00e9es par TNT Post, DPD, soci\u00e9t\u00e9s de transport, etc. sauf accord contraire.<\/p><h2 data-trid=\"1664\"><strong data-trid=\"1665\">Responsabilit\u00e9<\/strong><\/h2><p class=\"gt-block\" data-trid=\"1666\">1. CoolVaria d\u00e9cline toute responsabilit\u00e9 pour tout dommage, de quelque nature et quelle qu&#039;en soit l&#039;origine, survenu autre qu&#039;une faute intentionnelle ou une n\u00e9gligence grave prouv\u00e9e par le client, et ce uniquement dans la limite du montant des travaux ou produits livr\u00e9s par CoolVaria ou partie celui-ci.<\/p><p class=\"gt-block\" data-trid=\"1666\">2. CoolVaria aanvaardt geen enkele aansprakelijkheid voor enigerlei schade, van welke aard ook en van welke oorsprong dan ook, ontstaan aan de artikel\/producten die in de klimaatkast liggen of zijn opgeslagen.<\/p><p class=\"gt-block\" data-trid=\"1666\">3. De afnemer is verplicht CoolVaria te vergoeden en te vrijwaren voor alle aanspraken op schadevergoeding van derden jegens CoolVaria voor schade veroorzaakt door of als gevolg van het geleverde product.<\/p><h2 data-trid=\"1668\"><strong data-trid=\"1669\">Des disputes<\/strong><\/h2><p class=\"gt-block\" data-trid=\"1670\">1. Un litige na\u00eet lorsqu&#039;une partie d\u00e9clare que tel est le cas.<br data-trid=\"1671\" \/>2. Tous les accords et transactions avec CoolVaria sont exclusivement r\u00e9gis par le droit n\u00e9erlandais.<br data-trid=\"1672\" \/>3. Tous les litiges, quelle que soit leur d\u00e9nomination, seront soumis au jugement du tribunal n\u00e9erlandais comp\u00e9tent, \u00e0 l&#039;exclusion de tout autre organisme arbitral, consultatif et judiciaire.<\/p><h2 data-trid=\"1673\"><strong data-trid=\"1674\">Provisions finales<\/strong><\/h2><p data-trid=\"1675\">Dans tous les cas non couverts par ces conditions et garanties, la d\u00e9cision appartient uniquement \u00e0 CoolVaria.<\/p><h2 data-trid=\"1676\"><strong data-trid=\"1677\">Traitement des plaintes<\/strong><\/h2><p data-trid=\"1678\">Si un probl\u00e8me survient avec un produit command\u00e9, nous vous conseillons de proc\u00e9der comme suit : vous devez nous envoyer un email d\u00e9crivant la r\u00e9clamation et pr\u00e9cisant vos coordonn\u00e9es de facturation. Le produit doit \u00eatre livr\u00e9 ou exp\u00e9di\u00e9 \u00e0 CoolVaria \u00e0 Utrecht. Les frais de port sont \u00e0 la charge du client. Une fois le produit r\u00e9par\u00e9, il sera retourn\u00e9 au client sans frais suppl\u00e9mentaires.<\/p><h2 data-trid=\"1679\"><strong data-trid=\"1680\">Politique de confidentialit\u00e9 de CoolVaria<\/strong><\/h2><p data-trid=\"1681\">CoolVaria respecte la vie priv\u00e9e de tous les utilisateurs de son site et veille \u00e0 ce que les informations personnelles qui nous sont fournies soient trait\u00e9es de mani\u00e8re confidentielle. Nous utilisons vos informations pour traiter votre commande aussi rapidement et efficacement que possible. Dans le cas contraire, nous n&#039;utiliserons ces donn\u00e9es qu&#039;avec votre autorisation. CoolVaria ne vendra pas vos informations personnelles \u00e0 des tiers et les mettra uniquement \u00e0 la disposition des tiers impliqu\u00e9s dans le traitement de votre commande.<\/p><p class=\"gt-block\" data-trid=\"1682\"><strong data-trid=\"1683\">CoolVaria utilis\u00e9\u00a0<\/strong><strong data-trid=\"1684\">les informations collect\u00e9es pour fournir \u00e0 ses clients les services suivants :<\/strong><br data-trid=\"1685\" \/>Si vous passez une commande, nous avons besoin de votre nom, de votre adresse e-mail, de votre adresse de livraison et de vos informations de paiement pour traiter votre commande et vous tenir inform\u00e9 de son \u00e9volution.<\/p><p class=\"gt-block\" data-trid=\"1686\">Avec votre autorisation, nous utilisons vos donn\u00e9es pour vous informer sur le d\u00e9veloppement de notre site Internet et sur les offres sp\u00e9ciales et promotions. Si vous ne souhaitez plus \u00eatre tenu inform\u00e9, vous pouvez nous envoyer un email en pr\u00e9cisant cette derni\u00e8re \u00e0\u00a0<a href=\"mailto:info@CoolVaria.com\" data-trid=\"1687\">info@CoolVaria.com<\/a>.<\/p><p data-trid=\"1688\">Les donn\u00e9es sur l&#039;utilisation de notre site et les commentaires que nous recevons des visiteurs nous aident \u00e0 d\u00e9velopper et \u00e0 am\u00e9liorer davantage notre site Web.<\/p><p class=\"gt-block\" data-trid=\"1689\"><strong data-trid=\"1690\">CoolVaria ne vend pas vos informations personnelles.<\/strong><\/p><p data-trid=\"1691\">CoolVaria ne vendra pas vos informations personnelles \u00e0 des tiers et les mettra uniquement \u00e0 la disposition des tiers impliqu\u00e9s dans le traitement de votre commande. Nos employ\u00e9s et les tiers engag\u00e9s par nous sont tenus de respecter la confidentialit\u00e9 de vos donn\u00e9es personnelles.<\/p><p class=\"gt-block\" data-trid=\"1692\"><strong data-trid=\"1693\">Vos informations personnelles sont en s\u00e9curit\u00e9 chez CoolVaria.<\/strong><\/p><p data-trid=\"1694\">Nous appr\u00e9cions la confiance que vous nous accordez et c&#039;est pourquoi nous traitons vos donn\u00e9es personnelles avec soin. Pour des raisons techniques et op\u00e9rationnelles, il peut \u00eatre n\u00e9cessaire de transf\u00e9rer vos donn\u00e9es vers des serveurs de soci\u00e9t\u00e9s affili\u00e9es \u00e0 CoolVaria aux Pays-Bas. Vos donn\u00e9es seront prot\u00e9g\u00e9es et trait\u00e9es de mani\u00e8re confidentielle \u00e0 tout moment.<\/p><h2 data-trid=\"1695\"><strong data-trid=\"1696\">Cookies<\/strong><\/h2><p data-trid=\"1697\">Les cookies sont de petits \u00e9l\u00e9ments d&#039;information stock\u00e9s sur votre ordinateur par votre navigateur. CoolVaria utilise des cookies pour vous reconna\u00eetre lors de votre prochaine visite. Les cookies nous permettent de collecter des informations sur l&#039;utilisation de nos services et de les am\u00e9liorer et de les adapter aux souhaits de nos visiteurs. Nos cookies fournissent des informations relatives \u00e0 l&#039;identification personnelle. Vous pouvez param\u00e9trer votre navigateur pour que CoolVaria ne re\u00e7oive pas de cookies lors de votre exp\u00e9rience d&#039;achat sur son site internet.<\/p><p data-trid=\"1698\">Si vous avez des questions sur la politique de confidentialit\u00e9 de CoolVaria, vous pouvez nous envoyer un e-mail. Notre service client se fera un plaisir de vous aider si vous avez besoin d&#039;informations sur vos donn\u00e9es ou si vous souhaitez les modifier.<\/p><h2 data-trid=\"1699\"><strong data-trid=\"1700\">Contact, TVA, coordonn\u00e9es bancaires et de la Chambre de Commerce<\/strong><\/h2><p class=\"gt-block\" data-trid=\"1701\">CoolVaria fait partie de PT-S International BV.<br data-trid=\"1702\" \/>Ravenswade150R<br data-trid=\"1703\" \/>3429LD Nieuwegein<br data-trid=\"1704\" \/>les Pays-Bas<br data-trid=\"1705\" \/>Courriel\u00a0: info@pt-s.com<\/p><p data-trid=\"1706\">TVA : NL-805085841B01<\/p><p class=\"gt-block\" data-trid=\"1707\">ABNAMRO 58.91.18.501<br data-trid=\"1708\" \/>BIC\u00a0: ABNANL2A<br data-trid=\"1709\" \/>Iban : nl44abna0589118501<\/p><p data-trid=\"1710\">Chambre de Commerce (Utrecht) : 30135783<\/p><p data-trid=\"1712\"><!-- \/wp:paragraph --><\/p>\t\t\t\t\t\t<\/div>\n\t\t\t\t<\/div>\n\t\t\t\t\t<\/div>\n\t\t<\/div>\n\t\t\t\t\t\t\t<\/div>\n\t\t<\/section>\n\t\t\t\t\t\t\t<\/div>","protected":false},"excerpt":{"rendered":"<p>1. Ces conditions s&#039;appliquent \u00e0 tous les accords avec toutes les entreprises, institutions et personnes qui ont \u00e9t\u00e9 en contact avec CoolVaria.2. Tous les projets sont r\u00e9alis\u00e9s dans les conditions suivantes,\u2026<\/p>","protected":false},"author":617,"featured_media":0,"parent":0,"menu_order":0,"comment_status":"closed","ping_status":"closed","template":"","meta":{"_sitemap_exclude":false,"_sitemap_priority":"","_sitemap_frequency":"","footnotes":""},"class_list":["post-3","page","type-page","status-publish","hentry"],"_links":{"self":[{"href":"https:\/\/coolvaria.com\/fr\/wp-json\/wp\/v2\/pages\/3","targetHints":{"allow":["GET"]}}],"collection":[{"href":"https:\/\/coolvaria.com\/fr\/wp-json\/wp\/v2\/pages"}],"about":[{"href":"https:\/\/coolvaria.com\/fr\/wp-json\/wp\/v2\/types\/page"}],"author":[{"embeddable":true,"href":"https:\/\/coolvaria.com\/fr\/wp-json\/wp\/v2\/users\/617"}],"replies":[{"embeddable":true,"href":"https:\/\/coolvaria.com\/fr\/wp-json\/wp\/v2\/comments?post=3"}],"version-history":[{"count":59,"href":"https:\/\/coolvaria.com\/fr\/wp-json\/wp\/v2\/pages\/3\/revisions"}],"predecessor-version":[{"id":10752,"href":"https:\/\/coolvaria.com\/fr\/wp-json\/wp\/v2\/pages\/3\/revisions\/10752"}],"wp:attachment":[{"href":"https:\/\/coolvaria.com\/fr\/wp-json\/wp\/v2\/media?parent=3"}],"curies":[{"name":"wp","href":"https:\/\/api.w.org\/{rel}","templated":true}]}}