{"id":2400,"date":"2017-01-29T22:51:09","date_gmt":"2017-01-29T22:51:09","guid":{"rendered":"http:\/\/demo.uix.store\/sober\/?page_id=2400"},"modified":"2026-01-07T10:51:00","modified_gmt":"2026-01-07T09:51:00","slug":"leveringsvoorwaarden","status":"publish","type":"page","link":"https:\/\/coolvaria.com\/fr\/conditions-de-livraison\/","title":{"rendered":"Conditions de livraison"},"content":{"rendered":"<div data-elementor-type=\"wp-page\" data-elementor-id=\"2400\" class=\"elementor elementor-2400\">\n\t\t\t\t\t\t\t\t\t<section class=\"elementor-section elementor-top-section elementor-element elementor-element-7260f29 elementor-section-boxed elementor-section-height-default elementor-section-height-default\" data-id=\"7260f29\" data-element_type=\"section\">\n\t\t\t\t\t\t<div class=\"elementor-container elementor-column-gap-default\">\n\t\t\t\t\t<div class=\"elementor-column elementor-col-100 elementor-top-column elementor-element elementor-element-752b7dd\" data-id=\"752b7dd\" data-element_type=\"column\">\n\t\t\t<div class=\"elementor-widget-wrap elementor-element-populated\">\n\t\t\t\t\t\t\t\t<div class=\"elementor-element elementor-element-effbfb7 elementor-widget elementor-widget-text-editor\" data-id=\"effbfb7\" data-element_type=\"widget\" data-widget_type=\"text-editor.default\">\n\t\t\t\t<div class=\"elementor-widget-container\">\n\t\t\t<style>\/*! elementor - v3.17.0 - 01-11-2023 *\/\n.elementor-widget-text-editor.elementor-drop-cap-view-stacked .elementor-drop-cap{background-color:#69727d;color:#fff}.elementor-widget-text-editor.elementor-drop-cap-view-framed .elementor-drop-cap{color:#69727d;border:3px solid;background-color:transparent}.elementor-widget-text-editor:not(.elementor-drop-cap-view-default) .elementor-drop-cap{margin-top:8px}.elementor-widget-text-editor:not(.elementor-drop-cap-view-default) .elementor-drop-cap-letter{width:1em;height:1em}.elementor-widget-text-editor .elementor-drop-cap{float:left;text-align:center;line-height:1;font-size:50px}.elementor-widget-text-editor .elementor-drop-cap-letter{display:inline-block}<\/style>\t\t\t\t<h2 data-trid=\"16959\"><strong data-trid=\"16960\">Conditions de livraison du CoolVaria<\/strong><\/h2><p class=\"gt-block\" data-trid=\"16961\"><strong data-trid=\"16962\">D\u00e9lai de livraison<\/strong>: si nous avons indiqu\u00e9 que l&#039;article est en stock, cela signifie que nous avons l&#039;article dans notre entrep\u00f4t et que la livraison peut \u00eatre effectu\u00e9e imm\u00e9diatement (sous 24 \u00e0 48 heures).<\/p><p class=\"gt-block\" data-trid=\"16963\">Nous tenons \u00e0 vous informer que vous pouvez d\u00e9cider vous-m\u00eame du jour o\u00f9 votre armoire climatique peut \u00eatre livr\u00e9e (nous vous en informerons). Pour une commande plus petite, un service de colis le fera et vous recevrez un Track &amp; Trace de notre part.<\/p><p class=\"gt-block\" data-trid=\"16964\">Bezorging vindt plaats van maandag t\/m vrijdag overdag (tussen 08.00 \u2013 18.00 uur). Op de door u gekozen afleverdag ontvangt u, in de ochtend, een bericht (e-mail) van ons met daarin een indicatie van het tijdstip van bezorging. Indien er geleverd moet worden op \u00e9\u00e9n van de Waddeneilanden danwel <b><u>v\u00f3\u00f3r een bepaald tijdstip,<\/u><\/b> dan kunnen extra kosten worden berekend, vraag ons naar de mogelijkheden).<\/p><p data-trid=\"16965\">Rez-de-chauss\u00e9e et rez-de-chauss\u00e9e sont fournis (sans barri\u00e8res\/obstacles et en journ\u00e9e et parking devant la porte). Le planning est effectu\u00e9 par le transporteur la veille de la livraison. Le jour m\u00eame de la livraison, le matin, nous avons des indications sur les horaires (<u data-trid=\"16966\">Nous livrons en journ\u00e9e, de 8h \u00e0 18h et du lundi au vendredi<\/u>). Nous ne pouvons malheureusement pas vous donner d&#039;indication d&#039;horaire \u00e0 l&#039;avance ni vous indiquer que la livraison aura lieu le matin ou l&#039;apr\u00e8s-midi car cela d\u00e9pend du planning du transporteur et nous demandons votre compr\u00e9hension. <br data-trid=\"16967\" \/>Le jour m\u00eame de la livraison, vers 8h30, nous vous enverrons un message \u2013 email \u2013 avec une indication.<\/p><p data-trid=\"16965\">Eenmaal aangekomen zal de chauffeur zich melden en gezamenlijk met u bepalen waar de goederen gelost kunnen worden. U dient over goede losfaciliteiten te beschikken om de goederen te kunnen ontvangen en tevens dient de loslocatie veilig en goed bereikbaar te zijn voor de chauffeur. Hiermee wordt bedoelt dat het gevaar voor uitglijden, struikelen, misstappen etc. voorkomen wordt. Houd looppaden \/ werkvloer \/ werkplek \/ transportroutes \/ vluchtroutes opgeruimd en vrij van obstakels, sneeuw, ijs en losse tegels. Daarnaast dient de afstand tussen de loslocatie en tot waar de vrachtwagen kan komen niet groter te zijn dan 15 meter. Om een vlotte en veilige levering te kunnen blijven garanderen, vragen wij u vriendelijk om bij winterse omstandigheden de parking, toegangswegen en paden sneeuw- en ijsvrij te zijn. Een goed vrijgemaakte parking en toegangsroute zijn essentieel zodat de chauffeurs zonder risico kunnen manoeuvreren en de leveringen zonder vertraging kunnen plaatsvinden. Dit draagt bij aan de veiligheid van alle betrokkenen en aan de continu\u00efteit van de leveringen.<\/p><p data-trid=\"16968\">Nous n&#039;effectuons aucune installation, mais l&#039;enceinte climatique est enti\u00e8rement pr\u00e9par\u00e9e, il vous suffit donc de retirer le carton et de le brancher dans la prise.<\/p><p class=\"gt-block\" data-trid=\"16981\"><strong data-trid=\"16982\">Conditions g\u00e9n\u00e9rales de livraison \/ Conseils :<\/strong><br data-trid=\"16983\" \/>\u2013 Retirez tous les objets qui pourraient g\u00eaner la livraison (armoires, tableaux, lampes, etc.). Couvrez les sols et les murs vuln\u00e9rables et\/ou informez nos chauffeurs. Une livraison aura lieu \u00e0 quelques m\u00e8tres de la premi\u00e8re porte (en accord avec le chauffeur, un autre endroit peut \u00eatre envisag\u00e9 - \u00e0 d\u00e9terminer et approuver par le chauffeur lui-m\u00eame).<br data-trid=\"16984\" \/>\u2013 Nous ne pouvons accepter aucune responsabilit\u00e9 pour les dommages survenus apr\u00e8s la premi\u00e8re porte.\u00a0<br data-trid=\"16985\" \/>\u2013 \u00c9vitez les frais d\u2019annulation ; assurez-vous que quelqu&#039;un est pr\u00e9sent pendant la p\u00e9riode sp\u00e9cifi\u00e9e.<br data-trid=\"16986\" \/>\u2013 Si l\u2019enceinte climatique ne peut pas \u00eatre transport\u00e9e \u00e0 l\u2019int\u00e9rieur et qu\u2019un moyen de transport alternatif doit \u00eatre utilis\u00e9 (poulie ou ascenseur), le client assume l\u2019enti\u00e8re responsabilit\u00e9 des risques et des frais suppl\u00e9mentaires encourus.<br data-trid=\"16987\" \/>\u2013 CoolVaria se r\u00e9serve le droit d\u2019annuler la livraison si les chauffeurs indiquent qu\u2019une livraison responsable ne peut \u00eatre garantie. \u2013 Les \u00e9ventuels frais suppl\u00e9mentaires (frais de transport ou de remont\u00e9e) seront \u00e0 la charge du client.<br data-trid=\"16988\" \/>\u2013 Il est possible qu&#039;en raison du trafic ou d&#039;autres circonstances impr\u00e9vues, la livraison n&#039;ait pas lieu dans le d\u00e9lai indiqu\u00e9.<\/p><p class=\"gt-block\" data-trid=\"16981\">Si vous constatez \u00e0 la r\u00e9ception que la livraison ne correspond pas \u00e0 votre commande, veuillez nous contacter imm\u00e9diatement \u00e0 info@coolvaria.com. Vous pouvez \u00e9galement nous envoyer un e-mail si vous avez des plaintes de quelque nature que ce soit.<\/p><p class=\"gt-block\" data-trid=\"16969\">1. Les conditions de livraison et de paiement suivantes s&#039;appliquent \u00e0 tous nos produits. Tous les prix sont en euros, sauf indication contraire dans les informations produit correspondantes. Si le client ne se trouve pas dans le pays \u00e0 partir duquel le produit est exp\u00e9di\u00e9, il est responsable de toute taxe de vente ou droit d&#039;importation d\u00fb dans le pays de destination (uniquement pour les livraisons hors UE et \u00e0 v\u00e9rifier dans un bureau de douane du pays de destination). pays de destination).<\/p><p class=\"gt-block\" data-trid=\"16969\">2. Toutes les offres de CoolVaria sont sans engagement. Les offres sont soumises \u00e0 la disponibilit\u00e9 des produits. Dans le cas peu probable o\u00f9 un produit serait indisponible, vous serez imm\u00e9diatement inform\u00e9 par e-mail ou par t\u00e9l\u00e9phone et une alternative pourra vous \u00eatre propos\u00e9e ou rembours\u00e9 par virement bancaire dans les 5 jours ouvrables.<\/p><p class=\"gt-block\" data-trid=\"16969\">3. CoolVaria a le droit de modifier les prix et de corriger d&#039;\u00e9ventuelles erreurs typographiques. Si vous \u00eates concern\u00e9 par ces actions, vous serez averti par email. Vous vous r\u00e9servez alors le droit d&#039;annuler votre commande.<\/p><p class=\"gt-block\" data-trid=\"16969\">4. Les offres composites n&#039;impliquent pas l&#039;obligation de livrer une partie de la commande \u00e0 une partie correspondante du prix indiqu\u00e9 pour l&#039;ensemble de la commande.<\/p><p class=\"gt-block\" data-trid=\"16969\">5. Les tol\u00e9rances normales et habituelles s&#039;appliquent \u00e0 tous les produits propos\u00e9s en plus des produits indiqu\u00e9s dans les informations en ligne. Nous nous r\u00e9servons le droit de l\u00e9g\u00e8res diff\u00e9rences par rapport aux images et\/ou aux descriptions contenues dans les informations en ligne. De telles digressions ne lib\u00e8rent pas le client de ses obligations telles que stipul\u00e9es dans le contrat.<\/p><p class=\"gt-block\" data-trid=\"16969\">6. Les images, designs et tailles inclus ou communiqu\u00e9s dans les devis ne sont qu&#039;une repr\u00e9sentation g\u00e9n\u00e9rale des produits propos\u00e9s. Les modifications de construction, qui diff\u00e8rent l\u00e9g\u00e8rement de la version r\u00e9elle montr\u00e9e sur les photos, les dessins ou les dimensions, mais qui n&#039;alt\u00e8rent pas mat\u00e9riellement les aspects techniques et esth\u00e9tiques du produit, n&#039;obligent CoolVaria \u00e0 aucune indemnisation et ne donnent droit au client \u00e0 aucune indemnit\u00e9. de refuser les marchandises livr\u00e9es.<\/p><p class=\"gt-block\" data-trid=\"16969\">7. La r\u00e8gle g\u00e9n\u00e9rale de paiement est que la livraison a lieu apr\u00e8s r\u00e9ception du paiement, sauf convention contraire expresse. Le paiement peut \u00eatre effectu\u00e9 par virement bancaire ou d&#039;une autre mani\u00e8re convenue entre CoolVaria et l&#039;acheteur. La livraison avec facture n&#039;est possible que si accord expr\u00e8s entre les parties. L&#039;article reste la propri\u00e9t\u00e9 de CoolVaria jusqu&#039;\u00e0 ce que le montant convenu soit int\u00e9gralement pay\u00e9 \u00e0 CoolVaria.<\/p><p class=\"gt-block\" data-trid=\"16969\">8. Lors de la passation d&#039;une commande, il vous sera demand\u00e9 de fournir les informations suivantes : nom, adresse, code postal, ville, num\u00e9ro de t\u00e9l\u00e9phone, adresse e-mail et mode de paiement. Vos donn\u00e9es ne seront pas transmises \u00e0 des tiers. La loi sur la protection des donn\u00e9es personnelles s&#039;applique. Les informations collect\u00e9es sont utilis\u00e9es pour traiter les commandes et am\u00e9liorer votre future exp\u00e9rience d&#039;achat. Si n\u00e9cessaire, nous utilisons vos informations pour vous contacter. Les informations financi\u00e8res ne sont utilis\u00e9es que pour vous facturer les produits et services que vous achetez. Nous nous r\u00e9servons le droit d&#039;enregistrer votre adresse IP en cas de probl\u00e8mes de serveur. Votre adresse IP peut \u00eatre utilis\u00e9e pour collecter des informations d\u00e9mographiques g\u00e9n\u00e9rales afin que nous puissions cr\u00e9er un profil de visiteur et \u00e9valuer l&#039;utilisation de notre site Web. Ces informations nous aident \u00e0 d\u00e9velopper davantage le site Internet, par exemple en termes de conception et de mise en page. Vous pouvez \u00e0 tout moment demander vos donn\u00e9es personnelles et les modifier ou les supprimer si n\u00e9cessaire. Les informations que nous collectons sont utilis\u00e9es \u00e0 des fins clairement communiqu\u00e9es. Les informations sont trait\u00e9es de mani\u00e8re strictement confidentielle. CoolVaria enregistre uniquement les donn\u00e9es n\u00e9cessaires au traitement des commandes et \u00e0 la communication avec le client. CoolVaria n&#039;utilisera pas vos donn\u00e9es \u00e0 des fins promotionnelles, sauf si vous donnez votre autorisation explicite ou si vous ne mettez pas vos donn\u00e9es \u00e0 la disposition de tiers, sauf dans les cas o\u00f9 ils sont l\u00e9galement oblig\u00e9s de le faire.<\/p><p class=\"gt-block\" data-trid=\"16969\">9. Le d\u00e9lai de livraison est compris entre 1 et 5 jours ouvrables ; il s&#039;agit d&#039;une indication et non d&#039;un d\u00e9lai pr\u00e9cis. Nous pouvons respecter ces d\u00e9lais car nous avons les produits en stock. Si un produit est inopin\u00e9ment en rupture de stock, nous vous proposerons une alternative. Vous recevrez un email confirmant votre commande. CoolVaria n&#039;est en aucun cas responsable des dommages si le d\u00e9lai de livraison indiqu\u00e9 n&#039;est pas respect\u00e9.<\/p><p class=\"gt-block\" data-trid=\"16969\">10. CoolVaria exp\u00e9die g\u00e9n\u00e9ralement les commandes via DPD, Postnl, UPS ou une entreprise de transport. Les commandes exp\u00e9di\u00e9es par d&#039;autres moyens ne seront pass\u00e9es que si convenu et apr\u00e8s r\u00e9ception du paiement du produit \u00e0 livrer par CoolVaria.<\/p><p class=\"gt-block\" data-trid=\"16969\">11. CoolVaria peut facturer des frais pour les exp\u00e9ditions aux Pays-Bas et \u00e0 l&#039;\u00e9tranger, sauf indication contraire expresse.<\/p><p class=\"gt-block\" data-trid=\"16969\">12. Si l&#039;article est endommag\u00e9 \u00e0 l&#039;arriv\u00e9e (en raison du transport), vous devez nous en informer par \u00e9crit dans les 5 jours suivant la r\u00e9ception.<\/p><p class=\"gt-block\" data-trid=\"16969\">13. Vous pouvez annuler votre commande dans les 14 jours si vous n&#039;\u00eates pas satisfait de la commande. Le produit ne peut \u00eatre retourn\u00e9 qu&#039;apr\u00e8s nous avoir inform\u00e9 au pr\u00e9alable et uniquement si l&#039;emballage n&#039;est pas ouvert (les frais de retour ne seront pas rembours\u00e9s sauf indication contraire). En cas de dommage ou de perte, CoolVaria assurera la livraison de la nouvelle marchandise. Si les marchandises command\u00e9es ne sont plus disponibles, vous en serez inform\u00e9 par e-mail. Le remboursement sera effectu\u00e9 dans un d\u00e9lai maximum de 30 jours.<\/p><p class=\"gt-block\" data-trid=\"16981\">14. Conditions g\u00e9n\u00e9rales de livraison \/ Conseils :<br data-trid=\"16983\" \/>\u2013 Retirez tous les objets qui pourraient g\u00eaner la livraison (armoires, tableaux, lampes, etc.). Couvrez les sols et les murs vuln\u00e9rables et\/ou informez nos chauffeurs. Une livraison aura lieu \u00e0 quelques m\u00e8tres de la premi\u00e8re porte (en accord avec le chauffeur, un autre endroit peut \u00eatre envisag\u00e9 - \u00e0 d\u00e9terminer et approuver par le chauffeur lui-m\u00eame).<br data-trid=\"16984\" \/>\u2013 Nous ne pouvons accepter aucune responsabilit\u00e9 pour les dommages survenus apr\u00e8s la premi\u00e8re porte.\u00a0<br data-trid=\"16985\" \/>\u2013 \u00c9vitez les frais d\u2019annulation ; assurez-vous que quelqu&#039;un est pr\u00e9sent pendant la p\u00e9riode sp\u00e9cifi\u00e9e.<br data-trid=\"16986\" \/>\u2013 Si l\u2019enceinte climatique ne peut pas \u00eatre transport\u00e9e \u00e0 l\u2019int\u00e9rieur et qu\u2019un moyen de transport alternatif doit \u00eatre utilis\u00e9 (poulie ou ascenseur), le client assume l\u2019enti\u00e8re responsabilit\u00e9 des risques et des frais suppl\u00e9mentaires encourus.<br data-trid=\"16987\" \/>\u2013 CoolVaria se r\u00e9serve le droit d\u2019annuler la livraison si les chauffeurs indiquent qu\u2019une livraison responsable ne peut \u00eatre garantie. \u2013 Les \u00e9ventuels frais suppl\u00e9mentaires (frais de transport ou de remont\u00e9e) seront \u00e0 la charge du client.<br data-trid=\"16988\" \/>\u2013 Il est possible qu&#039;en raison du trafic ou d&#039;autres circonstances impr\u00e9vues, la livraison n&#039;ait pas lieu dans le d\u00e9lai indiqu\u00e9.<\/p><p class=\"gt-block\" data-trid=\"16981\">Si vous constatez \u00e0 la r\u00e9ception que la livraison ne correspond pas \u00e0 votre commande, veuillez nous contacter imm\u00e9diatement \u00e0 info@coolvaria.com. Vous pouvez \u00e9galement nous envoyer un e-mail si vous avez des plaintes de quelque nature que ce soit.<\/p><h2 data-trid=\"16990\"><strong data-trid=\"16991\">D\u00e9lais de livraison d\u00e9pass\u00e9s<\/strong><\/h2><p class=\"gt-block\" data-trid=\"16992\">1. Le d\u00e9lai de livraison le plus long est de 7 jours apr\u00e8s r\u00e9ception du paiement, sauf indication contraire. En cas de d\u00e9passement de ce d\u00e9lai, l&#039;autre partie en sera inform\u00e9e dans les plus brefs d\u00e9lais et se verra proposer la possibilit\u00e9 de r\u00e9silier le contrat ou d&#039;annuler la commande.<\/p><p class=\"gt-block\" data-trid=\"16992\">2. Incidents survenant dans l&#039;entreprise ou chez l&#039;un de ses fournisseurs et r\u00e9sultant d&#039;un cas de force majeure, tels que : guerre, mobilisation, \u00e9meutes, inondations, fermeture des transports maritimes et autres barri\u00e8res de transport, stagnation, restrictions ou interruptions respectives de l&#039;approvisionnement des services publics, incendie , pannes de machines et autres accidents, gr\u00e8ves, lock-out, actions revendicatives rendant la production impossible, mesures gouvernementales, non-fourniture des mat\u00e9riaux et produits semi-finis requis par des tiers \u00e0 CoolVaria et autres circonstances impr\u00e9vues, y compris dans le pays d&#039;origine des mat\u00e9riaux. et\/ou produits semi-finis, qui perturbent le fonctionnement normal de l&#039;entreprise et retardent ou rendent impossible l&#039;ex\u00e9cution d&#039;un projet, lib\u00e8rent CoolVaria du respect du d\u00e9lai convenu et de l&#039;ex\u00e9cution de ses obligations, sans que le client n&#039;ait droit \u00e0 une indemnisation pour frais, dommages. ou des int\u00e9r\u00eats. En cas de force majeure, CoolVaria en informera imm\u00e9diatement le client ! corps. Dans les huit jours suivant cette notification, le client a le droit d&#039;annuler la commande par \u00e9crit, mais est tenu de rembourser \u00e0 CoolVaria la partie du projet d\u00e9j\u00e0 r\u00e9alis\u00e9e.<\/p><p data-trid=\"16994\">Si vous avez des questions sur la politique de livraison de CoolVaria, veuillez nous appeler ou nous envoyer un e-mail. Notre service client se fera un plaisir de vous aider si vous avez besoin d&#039;informations.<\/p><h2 data-trid=\"16995\">\u00a0<\/h2>\t\t\t\t\t\t<\/div>\n\t\t\t\t<\/div>\n\t\t\t\t\t<\/div>\n\t\t<\/div>\n\t\t\t\t\t\t\t<\/div>\n\t\t<\/section>\n\t\t\t\t\t\t\t<\/div>","protected":false},"excerpt":{"rendered":"<p>Conditions de livraison de CoolVaria D\u00e9lai de livraison : si nous avons indiqu\u00e9 que l&#039;article est en stock, cela signifie que nous avons l&#039;article dans notre entrep\u00f4t et alors\u2026<\/p>","protected":false},"author":617,"featured_media":0,"parent":0,"menu_order":0,"comment_status":"closed","ping_status":"closed","template":"","meta":{"_sitemap_exclude":false,"_sitemap_priority":"","_sitemap_frequency":"","footnotes":""},"class_list":["post-2400","page","type-page","status-publish","hentry"],"_links":{"self":[{"href":"https:\/\/coolvaria.com\/fr\/wp-json\/wp\/v2\/pages\/2400","targetHints":{"allow":["GET"]}}],"collection":[{"href":"https:\/\/coolvaria.com\/fr\/wp-json\/wp\/v2\/pages"}],"about":[{"href":"https:\/\/coolvaria.com\/fr\/wp-json\/wp\/v2\/types\/page"}],"author":[{"embeddable":true,"href":"https:\/\/coolvaria.com\/fr\/wp-json\/wp\/v2\/users\/617"}],"replies":[{"embeddable":true,"href":"https:\/\/coolvaria.com\/fr\/wp-json\/wp\/v2\/comments?post=2400"}],"version-history":[{"count":93,"href":"https:\/\/coolvaria.com\/fr\/wp-json\/wp\/v2\/pages\/2400\/revisions"}],"predecessor-version":[{"id":10834,"href":"https:\/\/coolvaria.com\/fr\/wp-json\/wp\/v2\/pages\/2400\/revisions\/10834"}],"wp:attachment":[{"href":"https:\/\/coolvaria.com\/fr\/wp-json\/wp\/v2\/media?parent=2400"}],"curies":[{"name":"wp","href":"https:\/\/api.w.org\/{rel}","templated":true}]}}