{"id":5402,"date":"2023-06-01T16:40:39","date_gmt":"2023-06-01T16:40:39","guid":{"rendered":"\/?post_type=product&#038;p=5402"},"modified":"2026-04-09T17:30:06","modified_gmt":"2026-04-09T15:30:06","slug":"uitschuifbaar-plateau-voor-klimaatkasten-kogellagerreling","status":"publish","type":"product","link":"https:\/\/coolvaria.com\/de\/p\/ausziehbare-plattform-fur-klimakammern-kugelgelagertes-gelander\/","title":{"rendered":"Ausziehbare Plattform f\u00fcr Klimakammern + kugelgelagertes Gel\u00e4nder (Komplettset)"},"content":{"rendered":"<p style=\"text-align: left;\">Der Innenraum der Klimakammern ist mit Holzregalen ausgestattet. Wir haben uns bewusst daf\u00fcr entschieden, da Holz ein Naturprodukt ist, genau wie das Produkt, das in der Klimakammer gelagert wird. Bei Holz gleicht kein St\u00fcck dem anderen und das f\u00fchrt zu Farbunterschieden. Allerdings ergibt sich dadurch auch eine gewisse \u201eRauigkeit\u201c, die wir dem Produkt sehr angemessen finden.<\/p>\n<p>&nbsp;<\/p>\n<p style=\"text-align: left;\">Dieses Plateau ist ein Plateau f\u00fcr Klimakammern mit einer Tiefe von <strong>maximal 58cm<\/strong>. Im Lieferumfang der Plattform ist au\u00dferdem ein kugelgelagertes Gel\u00e4ndersystem enthalten, sodass Sie diese sofort an Ihrer Klimakammer befestigen k\u00f6nnen.<\/p>\n<p>&nbsp;<\/p>\n<p style=\"text-align: left;\"><em>Anmerkung:<\/em><\/p>\n<p style=\"text-align: left;\">Das kugelgelagerte Gel\u00e4nder ist nicht in der Klimakammer verschraubt. Sie k\u00f6nnen das kugelgelagerte Gel\u00e4ndersystem einfach zerlegen\/zusammenbauen, indem Sie das Gel\u00e4nder nach oben und zu Ihnen hin bewegen (ohne Schrauben). Das kugelgelagerte Gel\u00e4ndersystem nimmt keinen Platz ein, sodass Sie die Gesamtkapazit\u00e4t Ihrer Klimakammer optimal nutzen k\u00f6nnen.<\/p>\n<p>&nbsp;<\/p>\n<p style=\"text-align: left;\">Das System verf\u00fcgt au\u00dferdem \u00fcber eine \u201eVerriegelung\u201c, sodass es nicht aus Ihrem Klimaschrank fallen kann<\/p>\n<p>&nbsp;<\/p>\n<p>&nbsp;<\/p>\n<p style=\"text-align: left;\"><strong>Haben Sie Zweifel, ob Sie mehr oder weniger Regale f\u00fcr die Klimakammer ben\u00f6tigen?<\/strong><\/p>\n<p class=\"gt-block\" style=\"text-align: left;\"><em>Warum wir die im Visualizer gezeigte Konfiguration vorschlagen\u00a0<u>und nicht mehr pro Klimakammer?<\/u>.<\/em><\/p>\n<p>&nbsp;<\/p>\n<p style=\"text-align: left;\">Die Konfiguration basiert auf dem regelm\u00e4\u00dfigen \u00d6ffnen der T\u00fcr, sodass Sie (wie die meisten unserer Kunden) regelm\u00e4\u00dfig eine Flasche genie\u00dfen k\u00f6nnen und nicht viele Flaschen herausnehmen m\u00f6chten, bevor Sie die richtige bekommen. Wir empfehlen daher die vorgeschlagene Konfiguration.<\/p>\n<p>&nbsp;<\/p>\n<p class=\"gt-block\" style=\"text-align: left;\">Nat\u00fcrlich k\u00f6nnen Sie noch mehr Regale einbauen, aber... <u>Bitte beachten Sie Folgendes: Je mehr Regale, desto weniger Fassungsverm\u00f6gen und Sie sehen nur Holz (Regale) anstelle der Flaschen<\/u><\/p>\n<p style=\"text-align: left;\">Da wir die Plattformen in unserem Lager installieren, stellen wir sicher, dass Sie die effizienteste Konfiguration erhalten (nat\u00fcrlich k\u00f6nnen Sie ihre Position jederzeit selbst \u00e4ndern, wenn Sie m\u00f6chten).<\/p>\n<p style=\"text-align: left;\">Au\u00dferdem achten wir darauf, zwischen den Flaschen und dem n\u00e4chstoberen Regal etwas Platz zu lassen, da keine Flasche wie die andere ist (um das Etikett beim Herausziehen des Regals nicht zu besch\u00e4digen).<\/p>\n<p style=\"text-align: left;\">Wir glauben, dass Sie alle Arten von Flaschen problemlos im Schrank aufbewahren k\u00f6nnen: Burgunder-, Bordeaux-, Elsass-, Champagner- und sogar Magnumflaschen. Daher ist die vorgeschlagene Konfiguration die beste.<\/p>\n<p>&nbsp;<\/p>\n<p style=\"text-align: left;\">Wenn Sie in Zukunft weitere Plattformen (oder anderes Zubeh\u00f6r) w\u00fcnschen, k\u00f6nnen Sie diese jederzeit nachkaufen.<\/p>\n<p>&nbsp;<\/p>\n<p><a href=\"https:\/\/coolvaria.com\/wp-content\/uploads\/2023\/05\/Uitleg-hoe-de-positie-van-de-plateaus-te-wisselen-2.4.pdf\">M\u00f6chten Sie mehr wissen oder die Plattformen installieren? klicken Sie hier.<\/a><\/p>\n<p>&nbsp;<\/p>\n<div class=\"elementor-element elementor-element-92b612e elementor-widget elementor-widget-heading\" data-id=\"92b612e\" data-element_type=\"widget\" data-widget_type=\"heading.default\" data-trid=\"668\">\n<div class=\"elementor-widget-container\" data-trid=\"669\">\n<h2 class=\"elementor-heading-title elementor-size-large\" style=\"text-align: left;\" data-trid=\"670\">K\u00f6nnen wir Ihnen bei Ihrer Wahl helfen?<\/h2>\n<\/div>\n<\/div>\n<div class=\"elementor-element elementor-element-e9c05b1 elementor-widget elementor-widget-text-editor\" data-id=\"e9c05b1\" data-element_type=\"widget\" data-widget_type=\"text-editor.default\" data-trid=\"671\">\n<div class=\"elementor-widget-container\" data-trid=\"672\">\n<p style=\"text-align: left;\" data-trid=\"673\"><b>Rufen Sie uns unter +31 (30)25 111 91 an oder f\u00fcllen Sie das Kontaktformular aus.<\/b><\/p>\n<p style=\"text-align: left;\" data-trid=\"673\">Mehr als 40 Michelin-Sterne-Restaurants, Bars, Caterer, Weinh\u00e4ndler, Spirituosengesch\u00e4fte, Industrie, Regierung, diplomatische und konsularische Vertretungen, Universit\u00e4ten und nat\u00fcrlich Verbraucher sind Ihnen vorausgegangen (<a href=\"https:\/\/coolvaria.com\/de\/uber-uns\/\" data-trid=\"678\">Klicken Sie hier f\u00fcr Referenzen<\/a>).<\/p>\n<\/div>\n<\/div>\n<h4 style=\"text-align: center;\"><\/h4>\n<p>&nbsp;<\/p>\n<h4 style=\"text-align: center;\"><b>Kontakt Formular<\/b><\/h4>\n<p style=\"text-align: left;\"><div class=\"forminator-ui forminator-custom-form forminator-custom-form-7542 forminator-design--default  forminator_ajax\" data-forminator-render=\"0\" data-form=\"forminator-module-7542\" data-uid=\"69e1edf9cf43a\"><br\/><\/div><form\n\t\t\t\tid=\"forminator-module-7542\"\n\t\t\t\tclass=\"forminator-ui forminator-custom-form forminator-custom-form-7542 forminator-design--default  forminator_ajax\"\n\t\t\t\tmethod=\"post\"\n\t\t\t\tdata-forminator-render=\"0\"\n\t\t\t\tdata-form-id=\"7542\"\n\t\t\t\t\n\t\t\t\tdata-design=\"default\"\n\t\t\t\t\n\t\t\t\t\n\t\t\t\t\n\t\t\t\tdata-grid=\"open\"\n\t\t\t\t\n\t\t\t\t\n\t\t\t\tstyle=\"display: none;\"\n\t\t\t\t\n\t\t\t\tdata-uid=\"69e1edf9cf43a\" action=\"\"\n\t\t\t><div role=\"alert\" aria-live=\"polite\" class=\"forminator-response-message forminator-error\" aria-hidden=\"true\"><\/div><div class=\"forminator-row\"><input type=\"hidden\" id=\"hidden-2_69e1edf9cf43a\" name=\"hidden-2\" value=\"Uitschuifbaar plateau voor klimaatkasten + kogellager reling (komplete set)\" \/><input type=\"hidden\" id=\"hidden-1_69e1edf9cf43a\" name=\"hidden-1\" value=\"https:\/\/coolvaria.com\/de\/p\/ausziehbare-plattform-fur-klimakammern-kugelgelagertes-gelander\/\" \/><\/div><div class=\"forminator-row\"><div id=\"name-1\" class=\"forminator-field-name forminator-col forminator-col-12\"><div class=\"forminator-row forminator-no-margin\" data-multiple=\"true\"><div class=\"forminator-col forminator-col-md-6\"><div class=\"forminator-field\"><label for=\"forminator-field-first-name-1_69e1edf9cf43a\" class=\"forminator-label\" id=\"forminator-field-first-name-1_69e1edf9cf43a-label\">Vorname <span class=\"forminator-required\">*<\/span><\/label><input type=\"text\" name=\"name-1-first-name\" placeholder=\"\" id=\"forminator-field-first-name-1_69e1edf9cf43a\" class=\"forminator-input\" aria-required=\"true\" data-multi=\"1\" value=\"\" \/><\/div><\/div><div class=\"forminator-col forminator-col-md-6\"><div class=\"forminator-field\"><label for=\"forminator-field-last-name-1_69e1edf9cf43a\" class=\"forminator-label\" id=\"forminator-field-last-name-1_69e1edf9cf43a-label\">Familienname, Nachname <span class=\"forminator-required\">*<\/span><\/label><input type=\"text\" name=\"name-1-last-name\" placeholder=\"\" id=\"forminator-field-last-name-1_69e1edf9cf43a\" class=\"forminator-input\" aria-required=\"true\" data-multi=\"1\" value=\"\" \/><\/div><\/div><\/div><\/div><\/div><div class=\"forminator-row\"><div id=\"text-1\" class=\"forminator-field-text forminator-col forminator-col-12\"><div class=\"forminator-field\"><label for=\"forminator-field-text-1_69e1edf9cf43a\" class=\"forminator-label\" id=\"forminator-field-text-1_69e1edf9cf43a-label\">Name der Firma<\/label><input type=\"text\" name=\"text-1\" value=\"\" placeholder=\"wenn anwendbar\" id=\"forminator-field-text-1_69e1edf9cf43a\" class=\"forminator-input forminator-name--field\" data-required=\"\" \/><\/div><\/div><\/div><div class=\"forminator-row\"><div id=\"email-1\" class=\"forminator-field-email forminator-col forminator-col-12\"><div class=\"forminator-field\"><label for=\"forminator-field-email-1_69e1edf9cf43a\" class=\"forminator-label\" id=\"forminator-field-email-1_69e1edf9cf43a-label\">E-Mail-Adresse <span class=\"forminator-required\">*<\/span><\/label><input type=\"email\" name=\"email-1\" value=\"\" placeholder=\"\" id=\"forminator-field-email-1_69e1edf9cf43a\" class=\"forminator-input forminator-email--field\" data-required=\"true\" aria-required=\"true\" \/><\/div><\/div><\/div><div class=\"forminator-row\"><div id=\"phone-1\" class=\"forminator-field-phone forminator-col forminator-col-12\"><div class=\"forminator-field\"><label for=\"forminator-field-phone-1_69e1edf9cf43a\" class=\"forminator-label\" id=\"forminator-field-phone-1_69e1edf9cf43a-label\">Telefonnummer<\/label><input type=\"text\" name=\"phone-1\" value=\"\" placeholder=\"\" id=\"forminator-field-phone-1_69e1edf9cf43a\" class=\"forminator-input forminator-field--phone\" data-required=\"\" aria-required=\"false\" autocomplete=\"off\" data-validation=\"1\" \/><\/div><\/div><\/div><div class=\"forminator-row\"><div id=\"checkbox-1\" class=\"forminator-field-checkbox forminator-col forminator-col-12\"><div role=\"group\" class=\"forminator-field\" aria-labelledby=\"forminator-checkbox-group-69e1edf9cf43a-label\"><h4 id=\"forminator-checkbox-group-69e1edf9cf43a-label\" class=\"forminator-label\">Ich m\u00f6chte:<\/h4><label id=\"forminator-field-checkbox-1-1-69e1edf9cf43a-label\" for=\"forminator-field-checkbox-1-1-69e1edf9cf43a\" class=\"forminator-checkbox\" title=\"Fordern Sie ein Angebot an:\"><input type=\"checkbox\" name=\"checkbox-1[]\" value=\"service-1\" id=\"forminator-field-checkbox-1-1-69e1edf9cf43a\" aria-labelledby=\"forminator-field-checkbox-1-1-69e1edf9cf43a-label\" data-calculation=\"0\"   aria-describedby=\"forminator-field-checkbox-1-69e1edf9cf43a-description\"\/><span class=\"forminator-checkbox-box\" aria-hidden=\"true\"><\/span><span class=\"forminator-checkbox-label\">Fordern Sie ein Angebot an:<\/span><\/label><label id=\"forminator-field-checkbox-1-2-69e1edf9cf43a-label\" for=\"forminator-field-checkbox-1-2-69e1edf9cf43a\" class=\"forminator-checkbox\" title=\"Fragen Sie etwas zur Mehrwertsteuer (f\u00fcr Unternehmen):\"><input type=\"checkbox\" name=\"checkbox-1[]\" value=\"service-2\" id=\"forminator-field-checkbox-1-2-69e1edf9cf43a\" aria-labelledby=\"forminator-field-checkbox-1-2-69e1edf9cf43a-label\" data-calculation=\"0\"   aria-describedby=\"forminator-field-checkbox-1-69e1edf9cf43a-description\"\/><span class=\"forminator-checkbox-box\" aria-hidden=\"true\"><\/span><span class=\"forminator-checkbox-label\">Fragen Sie etwas zur Mehrwertsteuer (f\u00fcr Unternehmen):<\/span><\/label><label id=\"forminator-field-checkbox-1-3-69e1edf9cf43a-label\" for=\"forminator-field-checkbox-1-3-69e1edf9cf43a\" class=\"forminator-checkbox\" title=\"Vereinbaren Sie einen Besichtigungstermin:\"><input type=\"checkbox\" name=\"checkbox-1[]\" value=\"Ik-wil-een-bezichtigingsafspraak-maken\" id=\"forminator-field-checkbox-1-3-69e1edf9cf43a\" aria-labelledby=\"forminator-field-checkbox-1-3-69e1edf9cf43a-label\" data-calculation=\"0\"   aria-describedby=\"forminator-field-checkbox-1-69e1edf9cf43a-description\"\/><span class=\"forminator-checkbox-box\" aria-hidden=\"true\"><\/span><span class=\"forminator-checkbox-label\">Vereinbaren Sie einen Besichtigungstermin:<\/span><\/label><label id=\"forminator-field-checkbox-1-4-69e1edf9cf43a-label\" for=\"forminator-field-checkbox-1-4-69e1edf9cf43a\" class=\"forminator-checkbox\" title=\"Fragen zur Verf\u00fcgbarkeit (Lagerbestand):\"><input type=\"checkbox\" name=\"checkbox-1[]\" value=\"iets-vragen-over-de-beschikbaarheid\" id=\"forminator-field-checkbox-1-4-69e1edf9cf43a\" aria-labelledby=\"forminator-field-checkbox-1-4-69e1edf9cf43a-label\" data-calculation=\"0\"   aria-describedby=\"forminator-field-checkbox-1-69e1edf9cf43a-description\"\/><span class=\"forminator-checkbox-box\" aria-hidden=\"true\"><\/span><span class=\"forminator-checkbox-label\">Fragen zur Verf\u00fcgbarkeit (Lagerbestand):<\/span><\/label><label id=\"forminator-field-checkbox-1-5-69e1edf9cf43a-label\" for=\"forminator-field-checkbox-1-5-69e1edf9cf43a\" class=\"forminator-checkbox\" title=\"Kann ich \u00fcber neue Lagerbest\u00e4nde informiert werden?\"><input type=\"checkbox\" name=\"checkbox-1[]\" value=\"Kan ik op de hoogte gehouden worden over nieuwe voorraad\" id=\"forminator-field-checkbox-1-5-69e1edf9cf43a\" aria-labelledby=\"forminator-field-checkbox-1-5-69e1edf9cf43a-label\" data-calculation=\"0\"   aria-describedby=\"forminator-field-checkbox-1-69e1edf9cf43a-description\"\/><span class=\"forminator-checkbox-box\" aria-hidden=\"true\"><\/span><span class=\"forminator-checkbox-label\">Kann ich \u00fcber neue Lagerbest\u00e4nde informiert werden?<\/span><\/label><label id=\"forminator-field-checkbox-1-6-69e1edf9cf43a-label\" for=\"forminator-field-checkbox-1-6-69e1edf9cf43a\" class=\"forminator-checkbox\" title=\"frag mal was anderes:\"><input type=\"checkbox\" name=\"checkbox-1[]\" value=\"Anders\" id=\"forminator-field-checkbox-1-6-69e1edf9cf43a\" aria-labelledby=\"forminator-field-checkbox-1-6-69e1edf9cf43a-label\" data-calculation=\"0\"   aria-describedby=\"forminator-field-checkbox-1-69e1edf9cf43a-description\"\/><span class=\"forminator-checkbox-box\" aria-hidden=\"true\"><\/span><span class=\"forminator-checkbox-label\">frag mal was anderes:<\/span><\/label><\/div><\/div><\/div><div class=\"forminator-row\"><div id=\"textarea-1\" class=\"forminator-field-textarea forminator-col forminator-col-12\"><div class=\"forminator-field\"><label for=\"forminator-field-textarea-1_69e1edf9cf43a\" id=\"forminator-field-textarea-1_69e1edf9cf43a-label\" class=\"forminator-label\">Nachricht<\/label><textarea name=\"textarea-1\" placeholder=\"\" id=\"forminator-field-textarea-1_69e1edf9cf43a\" class=\"forminator-textarea\" rows=\"6\" style=\"min-height:140px;\" maxlength=\"180\" ><\/textarea><span id=\"forminator-field-textarea-1_69e1edf9cf43a-description\" class=\"forminator-description\"><span data-limit=\"180\" data-type=\"characters\">0 \/ 180<\/span><\/span><\/div><\/div><\/div><input type=\"hidden\" name=\"referer_url\" value=\"\" \/><div class=\"forminator-row forminator-row-last\"><div class=\"forminator-col\"><div class=\"forminator-field\"><button class=\"forminator-button forminator-button-submit\">Anfrage absenden<\/button><\/div><\/div><\/div><input type=\"hidden\" id=\"forminator_nonce\" name=\"forminator_nonce\" value=\"adfaeed341\" \/><input type=\"hidden\" name=\"_wp_http_referer\" value=\"\/de\/wp-json\/wp\/v2\/product\/5402\" \/><input type=\"hidden\" name=\"form_id\" value=\"7542\"><input type=\"hidden\" name=\"page_id\" value=\"5402\"><input type=\"hidden\" name=\"form_type\" value=\"default\"><input type=\"hidden\" name=\"current_url\" value=\"https:\/\/coolvaria.com\/de\/p\/ausziehbare-plattform-fur-klimakammern-kugelgelagertes-gelander\/\"><input type=\"hidden\" name=\"render_id\" value=\"0\"><input type=\"hidden\" name=\"action\" value=\"forminator_submit_form_custom-forms\"><input type=\"hidden\" name=\"trp-form-language\" value=\"de\"\/><\/form><\/p>\n<p>&nbsp;<\/p>\n<p>&nbsp;<\/p>\n<p style=\"text-align: left;\">","protected":false},"excerpt":{"rendered":"<p>Der Innenraum der Klimakammern ist mit Holzregalen ausgestattet. Wir haben uns bewusst daf\u00fcr entschieden, denn Holz ist ein Naturprodukt, genau wie das Produkt, das in der Klimakammer verwendet wird...<\/p>","protected":false},"featured_media":5403,"template":"","meta":{"_sitemap_exclude":false,"_sitemap_priority":"","_sitemap_frequency":""},"product_cat":[100],"product_tag":[],"class_list":["post-5402","product","type-product","status-publish","has-post-thumbnail","hentry","product_cat-accessoires","product_shipping_class-free-shipping-europe","layout-style-2","col-md-4 col-sm-4 col-xs-6","product-has-gallery","product-style-addtocart"],"_links":{"self":[{"href":"https:\/\/coolvaria.com\/de\/wp-json\/wp\/v2\/product\/5402","targetHints":{"allow":["GET"]}}],"collection":[{"href":"https:\/\/coolvaria.com\/de\/wp-json\/wp\/v2\/product"}],"about":[{"href":"https:\/\/coolvaria.com\/de\/wp-json\/wp\/v2\/types\/product"}],"wp:featuredmedia":[{"embeddable":true,"href":"https:\/\/coolvaria.com\/de\/wp-json\/wp\/v2\/media\/5403"}],"wp:attachment":[{"href":"https:\/\/coolvaria.com\/de\/wp-json\/wp\/v2\/media?parent=5402"}],"wp:term":[{"taxonomy":"product_cat","embeddable":true,"href":"https:\/\/coolvaria.com\/de\/wp-json\/wp\/v2\/product_cat?post=5402"},{"taxonomy":"product_tag","embeddable":true,"href":"https:\/\/coolvaria.com\/de\/wp-json\/wp\/v2\/product_tag?post=5402"}],"curies":[{"name":"wp","href":"https:\/\/api.w.org\/{rel}","templated":true}]}}