{"id":4007,"date":"2023-01-16T13:15:09","date_gmt":"2023-01-16T13:15:09","guid":{"rendered":"\/?post_type=product&#038;p=4007"},"modified":"2026-03-30T16:53:01","modified_gmt":"2026-03-30T14:53:01","slug":"opbergmatten","status":"publish","type":"product","link":"https:\/\/coolvaria.com\/de\/p\/aufbewahrungsmatten\/","title":{"rendered":"Lagermatten (zum optimalen Stapeln unterschiedlich gro\u00dfer Flaschen)"},"content":{"rendered":"<p style=\"text-align: left;\">Alle Weinklimaschr\u00e4nke (ob von CoolVaria oder von jemand anderem) basieren auf der meistverkauften Weinflasche und das ist die \u201eBordeaux-Gr\u00f6\u00dfe\u201c von 0,75l. Diese Flasche ist \u00fcberall erh\u00e4ltlich und am weitesten verbreitet, weshalb sie f\u00fcr die Weinklimaschr\u00e4nke verwendet wird.<\/p>\n<p>&nbsp;<\/p>\n<p style=\"text-align: left;\">Im Klimaschrank k\u00f6nnen Sie alle Weinflaschen einfach horizontal stapeln; Dies kann durch direktes Aufeinanderstellen oder durch Nutzung der \u00d6ffnung (Hohlraum \u2013 zwischen den beiden darunter liegenden Flaschen) erfolgen. Was aber, wenn Sie alle unterschiedliche Flaschengr\u00f6\u00dfen haben oder das Einsetzen der Flaschen aufgrund unterschiedlicher Gr\u00f6\u00dfen nicht optimal ist? Dann kann das Stapeln schwieriger werden (Flaschen liegen nicht bequem oder sie rutschen auseinander, fallen aus der Klimaschrank usw.). Man denkt oft, dass ein zus\u00e4tzliches Plateau dieses Problem l\u00f6sen kann\u00a0<strong><u>ist aber nicht der Fall!<\/u><\/strong>.<\/p>\n<p>&nbsp;<\/p>\n<p style=\"text-align: left;\">Durch die Verwendung der Weinmatte CoolVaria (ausgestattet mit einer speziellen doppelseitigen Anti-Rutsch-Schicht) zwischen den betreffenden Flaschen wird verhindert, dass die Flaschen falsch platziert werden oder spontan aus dem Klimaschrank fallen. Dabei handelt es sich um Matten (von CoolVaria selbst entworfen), die flexibel sind und \u00fcberall verwendet werden k\u00f6nnen <strong><u>und au\u00dferhalb der Klimakammer<\/u> <\/strong><span class=\"apple-converted-space\" style=\"font-size: 1.4rem;\">(Wenn Sie beispielsweise 3 Flaschen ohne Weinmatte an anderer Stelle stapeln m\u00f6chten, ist dies nicht m\u00f6glich, da die oberste Flasche die beiden anderen auseinanderdr\u00fcckt.) <\/span><span style=\"font-size: 1.4rem;\">benutzen.<\/span><\/p>\n<p style=\"text-align: left;\">Diese sind im Einsatz von au\u00dfen nicht sichtbar und haben aufgrund der sehr geringen Dicke keinerlei Einfluss auf die Kapazit\u00e4t beim Stapeln. Diese haben die Form einer Weinflasche, sind wiederverwendbar und eine Bestellung besteht aus <b><u>10 St\u00fcck<\/u><\/b>!<\/p>\n<p>&nbsp;<\/p>\n<p style=\"text-align: left;\"><em>Anmerkung<\/em>: Die Aufbewahrungsmatten (10 St\u00fcck) werden in einer sch\u00f6nen Verpackung geliefert und eignen sich daher ideal als Geschenk.<\/p>\n<p>&nbsp;<\/p>\n<div class=\"elementor-element elementor-element-92b612e elementor-widget elementor-widget-heading\" data-id=\"92b612e\" data-element_type=\"widget\" data-widget_type=\"heading.default\" data-trid=\"668\">\n<div class=\"elementor-widget-container\" data-trid=\"669\">\n<h2 class=\"elementor-heading-title elementor-size-large\" style=\"text-align: left;\" data-trid=\"670\">K\u00f6nnen wir Ihnen bei Ihrer Wahl helfen?<\/h2>\n<\/div>\n<\/div>\n<div class=\"elementor-element elementor-element-e9c05b1 elementor-widget elementor-widget-text-editor\" data-id=\"e9c05b1\" data-element_type=\"widget\" data-widget_type=\"text-editor.default\" data-trid=\"671\">\n<div class=\"elementor-widget-container\" data-trid=\"672\">\n<p style=\"text-align: left;\" data-trid=\"673\"><b>Rufen Sie uns unter +31 (30)25 111 91 an oder f\u00fcllen Sie das Kontaktformular aus.<\/b><\/p>\n<p style=\"text-align: left;\" data-trid=\"673\">Mehr als 40 Michelin-Sterne-Restaurants, Bars, Caterer, Weinh\u00e4ndler, Spirituosengesch\u00e4fte, Industrie, Regierung, diplomatische und konsularische Vertretungen, Universit\u00e4ten und nat\u00fcrlich Verbraucher sind Ihnen vorausgegangen (<a href=\"https:\/\/coolvaria.com\/de\/uber-uns\/\" data-trid=\"678\">Klicken Sie hier f\u00fcr Referenzen<\/a>).<\/p>\n<\/div>\n<\/div>\n<h4 style=\"text-align: center;\"><\/h4>\n<p>&nbsp;<\/p>\n<h4 style=\"text-align: center;\"><b>Kontakt Formular<\/b><\/h4>\n<p style=\"text-align: left;\"><div class=\"forminator-ui forminator-custom-form forminator-custom-form-7542 forminator-design--default  forminator_ajax\" data-forminator-render=\"0\" data-form=\"forminator-module-7542\" data-uid=\"69df39cf5a9b7\"><br\/><\/div><form\n\t\t\t\tid=\"forminator-module-7542\"\n\t\t\t\tclass=\"forminator-ui forminator-custom-form forminator-custom-form-7542 forminator-design--default  forminator_ajax\"\n\t\t\t\tmethod=\"post\"\n\t\t\t\tdata-forminator-render=\"0\"\n\t\t\t\tdata-form-id=\"7542\"\n\t\t\t\t\n\t\t\t\tdata-design=\"default\"\n\t\t\t\t\n\t\t\t\t\n\t\t\t\t\n\t\t\t\tdata-grid=\"open\"\n\t\t\t\t\n\t\t\t\t\n\t\t\t\tstyle=\"display: none;\"\n\t\t\t\t\n\t\t\t\tdata-uid=\"69df39cf5a9b7\" action=\"\"\n\t\t\t><div role=\"alert\" aria-live=\"polite\" class=\"forminator-response-message forminator-error\" aria-hidden=\"true\"><\/div><div class=\"forminator-row\"><input type=\"hidden\" id=\"hidden-2_69df39cf5a9b7\" name=\"hidden-2\" value=\"Opbergmatten (voor het optimaal stapelen van verschillende formaat flessen)\" \/><input type=\"hidden\" id=\"hidden-1_69df39cf5a9b7\" name=\"hidden-1\" value=\"https:\/\/coolvaria.com\/de\/p\/aufbewahrungsmatten\/\" \/><\/div><div class=\"forminator-row\"><div id=\"name-1\" class=\"forminator-field-name forminator-col forminator-col-12\"><div class=\"forminator-row forminator-no-margin\" data-multiple=\"true\"><div class=\"forminator-col forminator-col-md-6\"><div class=\"forminator-field\"><label for=\"forminator-field-first-name-1_69df39cf5a9b7\" class=\"forminator-label\" id=\"forminator-field-first-name-1_69df39cf5a9b7-label\">Vorname <span class=\"forminator-required\">*<\/span><\/label><input type=\"text\" name=\"name-1-first-name\" placeholder=\"\" id=\"forminator-field-first-name-1_69df39cf5a9b7\" class=\"forminator-input\" aria-required=\"true\" data-multi=\"1\" value=\"\" \/><\/div><\/div><div class=\"forminator-col forminator-col-md-6\"><div class=\"forminator-field\"><label for=\"forminator-field-last-name-1_69df39cf5a9b7\" class=\"forminator-label\" id=\"forminator-field-last-name-1_69df39cf5a9b7-label\">Familienname, Nachname <span class=\"forminator-required\">*<\/span><\/label><input type=\"text\" name=\"name-1-last-name\" placeholder=\"\" id=\"forminator-field-last-name-1_69df39cf5a9b7\" class=\"forminator-input\" aria-required=\"true\" data-multi=\"1\" value=\"\" \/><\/div><\/div><\/div><\/div><\/div><div class=\"forminator-row\"><div id=\"text-1\" class=\"forminator-field-text forminator-col forminator-col-12\"><div class=\"forminator-field\"><label for=\"forminator-field-text-1_69df39cf5a9b7\" class=\"forminator-label\" id=\"forminator-field-text-1_69df39cf5a9b7-label\">Name der Firma<\/label><input type=\"text\" name=\"text-1\" value=\"\" placeholder=\"wenn anwendbar\" id=\"forminator-field-text-1_69df39cf5a9b7\" class=\"forminator-input forminator-name--field\" data-required=\"\" \/><\/div><\/div><\/div><div class=\"forminator-row\"><div id=\"email-1\" class=\"forminator-field-email forminator-col forminator-col-12\"><div class=\"forminator-field\"><label for=\"forminator-field-email-1_69df39cf5a9b7\" class=\"forminator-label\" id=\"forminator-field-email-1_69df39cf5a9b7-label\">E-Mail-Adresse <span class=\"forminator-required\">*<\/span><\/label><input type=\"email\" name=\"email-1\" value=\"\" placeholder=\"\" id=\"forminator-field-email-1_69df39cf5a9b7\" class=\"forminator-input forminator-email--field\" data-required=\"true\" aria-required=\"true\" \/><\/div><\/div><\/div><div class=\"forminator-row\"><div id=\"phone-1\" class=\"forminator-field-phone forminator-col forminator-col-12\"><div class=\"forminator-field\"><label for=\"forminator-field-phone-1_69df39cf5a9b7\" class=\"forminator-label\" id=\"forminator-field-phone-1_69df39cf5a9b7-label\">Telefonnummer<\/label><input type=\"text\" name=\"phone-1\" value=\"\" placeholder=\"\" id=\"forminator-field-phone-1_69df39cf5a9b7\" class=\"forminator-input forminator-field--phone\" data-required=\"\" aria-required=\"false\" autocomplete=\"off\" data-validation=\"1\" \/><\/div><\/div><\/div><div class=\"forminator-row\"><div id=\"checkbox-1\" class=\"forminator-field-checkbox forminator-col forminator-col-12\"><div role=\"group\" class=\"forminator-field\" aria-labelledby=\"forminator-checkbox-group-69df39cf5a9b7-label\"><h4 id=\"forminator-checkbox-group-69df39cf5a9b7-label\" class=\"forminator-label\">Ich m\u00f6chte:<\/h4><label id=\"forminator-field-checkbox-1-1-69df39cf5a9b7-label\" for=\"forminator-field-checkbox-1-1-69df39cf5a9b7\" class=\"forminator-checkbox\" title=\"Fordern Sie ein Angebot an:\"><input type=\"checkbox\" name=\"checkbox-1[]\" value=\"service-1\" id=\"forminator-field-checkbox-1-1-69df39cf5a9b7\" aria-labelledby=\"forminator-field-checkbox-1-1-69df39cf5a9b7-label\" data-calculation=\"0\"   aria-describedby=\"forminator-field-checkbox-1-69df39cf5a9b7-description\"\/><span class=\"forminator-checkbox-box\" aria-hidden=\"true\"><\/span><span class=\"forminator-checkbox-label\">Fordern Sie ein Angebot an:<\/span><\/label><label id=\"forminator-field-checkbox-1-2-69df39cf5a9b7-label\" for=\"forminator-field-checkbox-1-2-69df39cf5a9b7\" class=\"forminator-checkbox\" title=\"Fragen Sie etwas zur Mehrwertsteuer (f\u00fcr Unternehmen):\"><input type=\"checkbox\" name=\"checkbox-1[]\" value=\"service-2\" id=\"forminator-field-checkbox-1-2-69df39cf5a9b7\" aria-labelledby=\"forminator-field-checkbox-1-2-69df39cf5a9b7-label\" data-calculation=\"0\"   aria-describedby=\"forminator-field-checkbox-1-69df39cf5a9b7-description\"\/><span class=\"forminator-checkbox-box\" aria-hidden=\"true\"><\/span><span class=\"forminator-checkbox-label\">Fragen Sie etwas zur Mehrwertsteuer (f\u00fcr Unternehmen):<\/span><\/label><label id=\"forminator-field-checkbox-1-3-69df39cf5a9b7-label\" for=\"forminator-field-checkbox-1-3-69df39cf5a9b7\" class=\"forminator-checkbox\" title=\"Vereinbaren Sie einen Besichtigungstermin:\"><input type=\"checkbox\" name=\"checkbox-1[]\" value=\"Ik-wil-een-bezichtigingsafspraak-maken\" id=\"forminator-field-checkbox-1-3-69df39cf5a9b7\" aria-labelledby=\"forminator-field-checkbox-1-3-69df39cf5a9b7-label\" data-calculation=\"0\"   aria-describedby=\"forminator-field-checkbox-1-69df39cf5a9b7-description\"\/><span class=\"forminator-checkbox-box\" aria-hidden=\"true\"><\/span><span class=\"forminator-checkbox-label\">Vereinbaren Sie einen Besichtigungstermin:<\/span><\/label><label id=\"forminator-field-checkbox-1-4-69df39cf5a9b7-label\" for=\"forminator-field-checkbox-1-4-69df39cf5a9b7\" class=\"forminator-checkbox\" title=\"Fragen zur Verf\u00fcgbarkeit (Lagerbestand):\"><input type=\"checkbox\" name=\"checkbox-1[]\" value=\"iets-vragen-over-de-beschikbaarheid\" id=\"forminator-field-checkbox-1-4-69df39cf5a9b7\" aria-labelledby=\"forminator-field-checkbox-1-4-69df39cf5a9b7-label\" data-calculation=\"0\"   aria-describedby=\"forminator-field-checkbox-1-69df39cf5a9b7-description\"\/><span class=\"forminator-checkbox-box\" aria-hidden=\"true\"><\/span><span class=\"forminator-checkbox-label\">Fragen zur Verf\u00fcgbarkeit (Lagerbestand):<\/span><\/label><label id=\"forminator-field-checkbox-1-5-69df39cf5a9b7-label\" for=\"forminator-field-checkbox-1-5-69df39cf5a9b7\" class=\"forminator-checkbox\" title=\"Kann ich \u00fcber neue Lagerbest\u00e4nde informiert werden?\"><input type=\"checkbox\" name=\"checkbox-1[]\" value=\"Kan ik op de hoogte gehouden worden over nieuwe voorraad\" id=\"forminator-field-checkbox-1-5-69df39cf5a9b7\" aria-labelledby=\"forminator-field-checkbox-1-5-69df39cf5a9b7-label\" data-calculation=\"0\"   aria-describedby=\"forminator-field-checkbox-1-69df39cf5a9b7-description\"\/><span class=\"forminator-checkbox-box\" aria-hidden=\"true\"><\/span><span class=\"forminator-checkbox-label\">Kann ich \u00fcber neue Lagerbest\u00e4nde informiert werden?<\/span><\/label><label id=\"forminator-field-checkbox-1-6-69df39cf5a9b7-label\" for=\"forminator-field-checkbox-1-6-69df39cf5a9b7\" class=\"forminator-checkbox\" title=\"frag mal was anderes:\"><input type=\"checkbox\" name=\"checkbox-1[]\" value=\"Anders\" id=\"forminator-field-checkbox-1-6-69df39cf5a9b7\" aria-labelledby=\"forminator-field-checkbox-1-6-69df39cf5a9b7-label\" data-calculation=\"0\"   aria-describedby=\"forminator-field-checkbox-1-69df39cf5a9b7-description\"\/><span class=\"forminator-checkbox-box\" aria-hidden=\"true\"><\/span><span class=\"forminator-checkbox-label\">frag mal was anderes:<\/span><\/label><\/div><\/div><\/div><div class=\"forminator-row\"><div id=\"textarea-1\" class=\"forminator-field-textarea forminator-col forminator-col-12\"><div class=\"forminator-field\"><label for=\"forminator-field-textarea-1_69df39cf5a9b7\" id=\"forminator-field-textarea-1_69df39cf5a9b7-label\" class=\"forminator-label\">Nachricht<\/label><textarea name=\"textarea-1\" placeholder=\"\" id=\"forminator-field-textarea-1_69df39cf5a9b7\" class=\"forminator-textarea\" rows=\"6\" style=\"min-height:140px;\" maxlength=\"180\" ><\/textarea><span id=\"forminator-field-textarea-1_69df39cf5a9b7-description\" class=\"forminator-description\"><span data-limit=\"180\" data-type=\"characters\">0 \/ 180<\/span><\/span><\/div><\/div><\/div><input type=\"hidden\" name=\"referer_url\" value=\"\" \/><div class=\"forminator-row forminator-row-last\"><div class=\"forminator-col\"><div class=\"forminator-field\"><button class=\"forminator-button forminator-button-submit\">Anfrage absenden<\/button><\/div><\/div><\/div><input type=\"hidden\" id=\"forminator_nonce\" name=\"forminator_nonce\" value=\"e58c0f0622\" \/><input type=\"hidden\" name=\"_wp_http_referer\" value=\"\/de\/wp-json\/wp\/v2\/product\/4007\" \/><input type=\"hidden\" name=\"form_id\" value=\"7542\"><input type=\"hidden\" name=\"page_id\" value=\"4007\"><input type=\"hidden\" name=\"form_type\" value=\"default\"><input type=\"hidden\" name=\"current_url\" value=\"https:\/\/coolvaria.com\/de\/p\/aufbewahrungsmatten\/\"><input type=\"hidden\" name=\"render_id\" value=\"0\"><input type=\"hidden\" name=\"action\" value=\"forminator_submit_form_custom-forms\"><input type=\"hidden\" name=\"trp-form-language\" value=\"de\"\/><\/form><\/p>\n<p>&nbsp;<\/p>","protected":false},"excerpt":{"rendered":"<p>Alle Weinklimaschr\u00e4nke (ob von CoolVaria oder von jemand anderem) basieren auf der meistverkauften Weinflasche und das ist die \u201eBordeaux-Gr\u00f6\u00dfe\u201c von 0,75l.  Diese Flasche ist\u2026<\/p>","protected":false},"featured_media":8080,"template":"","meta":{"_sitemap_exclude":false,"_sitemap_priority":"","_sitemap_frequency":""},"product_cat":[100],"product_tag":[],"class_list":["post-4007","product","type-product","status-publish","has-post-thumbnail","hentry","product_cat-accessoires","product_shipping_class-free-shipping-europe","layout-style-2","col-md-4 col-sm-4 col-xs-6","product-has-gallery","product-style-addtocart"],"_links":{"self":[{"href":"https:\/\/coolvaria.com\/de\/wp-json\/wp\/v2\/product\/4007","targetHints":{"allow":["GET"]}}],"collection":[{"href":"https:\/\/coolvaria.com\/de\/wp-json\/wp\/v2\/product"}],"about":[{"href":"https:\/\/coolvaria.com\/de\/wp-json\/wp\/v2\/types\/product"}],"wp:featuredmedia":[{"embeddable":true,"href":"https:\/\/coolvaria.com\/de\/wp-json\/wp\/v2\/media\/8080"}],"wp:attachment":[{"href":"https:\/\/coolvaria.com\/de\/wp-json\/wp\/v2\/media?parent=4007"}],"wp:term":[{"taxonomy":"product_cat","embeddable":true,"href":"https:\/\/coolvaria.com\/de\/wp-json\/wp\/v2\/product_cat?post=4007"},{"taxonomy":"product_tag","embeddable":true,"href":"https:\/\/coolvaria.com\/de\/wp-json\/wp\/v2\/product_tag?post=4007"}],"curies":[{"name":"wp","href":"https:\/\/api.w.org\/{rel}","templated":true}]}}