{"id":3771,"date":"2022-12-08T09:42:44","date_gmt":"2022-12-08T09:42:44","guid":{"rendered":"\/?post_type=product&#038;p=3771"},"modified":"2026-03-30T16:53:51","modified_gmt":"2026-03-30T14:53:51","slug":"opslagplateau","status":"publish","type":"product","link":"https:\/\/coolvaria.com\/de\/p\/lagerregal\/","title":{"rendered":"Lagerborde"},"content":{"rendered":"<p style=\"text-align: left;\">Der Innenraum der Klimaschrank ist mit Holzregalen ausgestattet. Wir haben uns bewusst daf\u00fcr entschieden, da Holz ein Naturprodukt ist, genau wie das Produkt, das in der Klimaschrank gelagert wird. Bei Holz gleicht kein St\u00fcck dem anderen und das f\u00fchrt zu Farbunterschieden. Dadurch entsteht aber auch die gewisse \u201eRauheit\u201c, die wir dem Produkt angemessen finden.<\/p>\n<p>&nbsp;<\/p>\n<p style=\"text-align: left;\">Das ist ein <b>Lagerregal<\/b> <u>die man auch schr\u00e4g stellen kann<\/u>. Die Montage erfolgt \u00fcber 4 Halterungen, die im Lieferumfang enthalten sind (siehe<a href=\"https:\/\/coolvaria.com\/wp-content\/uploads\/2023\/05\/Uitleg-hoe-de-positie-van-de-plateaus-te-wisselen-2.4.pdf\">Hier erfahren Sie, wie Sie es zusammenbauen<\/a>)<\/p>\n<p style=\"text-align: left;\"><b>NB<\/b> Es handelt sich also nicht um eine erweiterbare Plattform.<\/p>\n<p style=\"text-align: left;\">Bitte geben Sie auch an, welches Modell Sie bestellen (Klimaschrank mit einer Tiefe von <b>57cm<\/b> oder von <b>72cm<\/b>).<\/p>\n<p>&nbsp;<\/p>\n<p style=\"text-align: left;\"><strong>Haben Sie Zweifel, ob Sie mehr oder weniger Regale f\u00fcr die Klimakammer ben\u00f6tigen?<\/strong><\/p>\n<p class=\"gt-block\" style=\"text-align: left;\"><em>Warum wir die im Visualizer gezeigte Konfiguration vorschlagen\u00a0<u>und nicht mehr pro Klimakammer?<\/u>.<\/em><\/p>\n<p>&nbsp;<\/p>\n<p style=\"text-align: left;\">Die Konfiguration basiert auf dem regelm\u00e4\u00dfigen \u00d6ffnen der T\u00fcr, sodass Sie (wie die meisten unserer Kunden) immer eine Flasche genie\u00dfen k\u00f6nnen und nicht viele Flaschen herausnehmen m\u00fcssen, bevor Sie die richtige erhalten. Wir empfehlen daher die vorgeschlagene Konfiguration.<\/p>\n<p class=\"gt-block\" style=\"text-align: left;\">Nat\u00fcrlich k\u00f6nnen Sie noch mehr Regale einbauen, aber... <u>Beachten Sie Folgendes: Je mehr Regale, desto weniger Kapazit\u00e4t und Sie sehen nur Holz (Bretter) und nicht die Flaschen<\/u><\/p>\n<p style=\"text-align: left;\">Da wir die Plattformen in unserem Lager installieren, stellen wir sicher, dass Sie die effizienteste Konfiguration erhalten (nat\u00fcrlich k\u00f6nnen Sie ihre Position jederzeit selbst \u00e4ndern, wenn Sie m\u00f6chten).<\/p>\n<p style=\"text-align: left;\">Au\u00dferdem achten wir darauf, etwas Platz zwischen den Flaschen und der n\u00e4chsten obersten Ablage zu lassen, da keine Flasche wie die andere ist (um das Etikett beim Herausziehen des Tabletts nicht zu besch\u00e4digen).<\/p>\n<p>&nbsp;<\/p>\n<p style=\"text-align: left;\">Wir glauben, dass Sie alle Arten von Flaschen problemlos im Schrank aufbewahren k\u00f6nnen: Burgunder-, Bordeaux-, Elsass-, Champagner- und sogar Magnumflaschen. Daher ist die vorgeschlagene Konfiguration die beste.<\/p>\n<p>&nbsp;<\/p>\n<p style=\"text-align: left;\">Wenn Sie in Zukunft weitere Plattformen (oder anderes Zubeh\u00f6r) w\u00fcnschen, k\u00f6nnen Sie diese jederzeit nachkaufen.<\/p>\n<p>&nbsp;<\/p>\n<p><a href=\"https:\/\/coolvaria.com\/wp-content\/uploads\/2023\/05\/Uitleg-hoe-de-positie-van-de-plateaus-te-wisselen-2.4.pdf\">M\u00f6chten Sie mehr wissen oder die Plattformen installieren? klicken Sie hier.<\/a><\/p>\n<p>&nbsp;<\/p>\n<div class=\"elementor-element elementor-element-92b612e elementor-widget elementor-widget-heading\" data-id=\"92b612e\" data-element_type=\"widget\" data-widget_type=\"heading.default\" data-trid=\"668\">\n<div class=\"elementor-widget-container\" data-trid=\"669\">\n<h2 class=\"elementor-heading-title elementor-size-large\" style=\"text-align: left;\" data-trid=\"670\">K\u00f6nnen wir Ihnen bei Ihrer Wahl helfen?<\/h2>\n<\/div>\n<\/div>\n<div class=\"elementor-element elementor-element-e9c05b1 elementor-widget elementor-widget-text-editor\" data-id=\"e9c05b1\" data-element_type=\"widget\" data-widget_type=\"text-editor.default\" data-trid=\"671\">\n<div class=\"elementor-widget-container\" data-trid=\"672\">\n<p style=\"text-align: left;\" data-trid=\"673\"><b>Rufen Sie uns unter +31 (30)25 111 91 an oder f\u00fcllen Sie das Kontaktformular aus.<\/b><\/p>\n<p style=\"text-align: left;\" data-trid=\"673\">Mehr als 40 Michelin-Sterne-Restaurants, Bars, Caterer, Weinh\u00e4ndler, Spirituosengesch\u00e4fte, Industrie, Regierung, diplomatische und konsularische Vertretungen, Universit\u00e4ten und nat\u00fcrlich Verbraucher sind Ihnen vorausgegangen (<a href=\"https:\/\/coolvaria.com\/de\/uber-uns\/\" data-trid=\"678\">Klicken Sie hier f\u00fcr Referenzen<\/a>).<\/p>\n<\/div>\n<\/div>\n<h4 style=\"text-align: center;\"><\/h4>\n<p>&nbsp;<\/p>\n<h4 style=\"text-align: center;\"><b>Kontakt Formular<\/b><\/h4>\n<p style=\"text-align: left;\"><div class=\"forminator-ui forminator-custom-form forminator-custom-form-7542 forminator-design--default  forminator_ajax\" data-forminator-render=\"0\" data-form=\"forminator-module-7542\" data-uid=\"69df39d0166e4\"><br\/><\/div><form\n\t\t\t\tid=\"forminator-module-7542\"\n\t\t\t\tclass=\"forminator-ui forminator-custom-form forminator-custom-form-7542 forminator-design--default  forminator_ajax\"\n\t\t\t\tmethod=\"post\"\n\t\t\t\tdata-forminator-render=\"0\"\n\t\t\t\tdata-form-id=\"7542\"\n\t\t\t\t\n\t\t\t\tdata-design=\"default\"\n\t\t\t\t\n\t\t\t\t\n\t\t\t\t\n\t\t\t\tdata-grid=\"open\"\n\t\t\t\t\n\t\t\t\t\n\t\t\t\tstyle=\"display: none;\"\n\t\t\t\t\n\t\t\t\tdata-uid=\"69df39d0166e4\" action=\"\"\n\t\t\t><div role=\"alert\" aria-live=\"polite\" class=\"forminator-response-message forminator-error\" aria-hidden=\"true\"><\/div><div class=\"forminator-row\"><input type=\"hidden\" id=\"hidden-2_69df39d0166e4\" name=\"hidden-2\" value=\"Opslagplateau\" \/><input type=\"hidden\" id=\"hidden-1_69df39d0166e4\" name=\"hidden-1\" value=\"https:\/\/coolvaria.com\/de\/p\/lagerregal\/\" \/><\/div><div class=\"forminator-row\"><div id=\"name-1\" class=\"forminator-field-name forminator-col forminator-col-12\"><div class=\"forminator-row forminator-no-margin\" data-multiple=\"true\"><div class=\"forminator-col forminator-col-md-6\"><div class=\"forminator-field\"><label for=\"forminator-field-first-name-1_69df39d0166e4\" class=\"forminator-label\" id=\"forminator-field-first-name-1_69df39d0166e4-label\">Vorname <span class=\"forminator-required\">*<\/span><\/label><input type=\"text\" name=\"name-1-first-name\" placeholder=\"\" id=\"forminator-field-first-name-1_69df39d0166e4\" class=\"forminator-input\" aria-required=\"true\" data-multi=\"1\" value=\"\" \/><\/div><\/div><div class=\"forminator-col forminator-col-md-6\"><div class=\"forminator-field\"><label for=\"forminator-field-last-name-1_69df39d0166e4\" class=\"forminator-label\" id=\"forminator-field-last-name-1_69df39d0166e4-label\">Familienname, Nachname <span class=\"forminator-required\">*<\/span><\/label><input type=\"text\" name=\"name-1-last-name\" placeholder=\"\" id=\"forminator-field-last-name-1_69df39d0166e4\" class=\"forminator-input\" aria-required=\"true\" data-multi=\"1\" value=\"\" \/><\/div><\/div><\/div><\/div><\/div><div class=\"forminator-row\"><div id=\"text-1\" class=\"forminator-field-text forminator-col forminator-col-12\"><div class=\"forminator-field\"><label for=\"forminator-field-text-1_69df39d0166e4\" class=\"forminator-label\" id=\"forminator-field-text-1_69df39d0166e4-label\">Name der Firma<\/label><input type=\"text\" name=\"text-1\" value=\"\" placeholder=\"wenn anwendbar\" id=\"forminator-field-text-1_69df39d0166e4\" class=\"forminator-input forminator-name--field\" data-required=\"\" \/><\/div><\/div><\/div><div class=\"forminator-row\"><div id=\"email-1\" class=\"forminator-field-email forminator-col forminator-col-12\"><div class=\"forminator-field\"><label for=\"forminator-field-email-1_69df39d0166e4\" class=\"forminator-label\" id=\"forminator-field-email-1_69df39d0166e4-label\">E-Mail-Adresse <span class=\"forminator-required\">*<\/span><\/label><input type=\"email\" name=\"email-1\" value=\"\" placeholder=\"\" id=\"forminator-field-email-1_69df39d0166e4\" class=\"forminator-input forminator-email--field\" data-required=\"true\" aria-required=\"true\" \/><\/div><\/div><\/div><div class=\"forminator-row\"><div id=\"phone-1\" class=\"forminator-field-phone forminator-col forminator-col-12\"><div class=\"forminator-field\"><label for=\"forminator-field-phone-1_69df39d0166e4\" class=\"forminator-label\" id=\"forminator-field-phone-1_69df39d0166e4-label\">Telefonnummer<\/label><input type=\"text\" name=\"phone-1\" value=\"\" placeholder=\"\" id=\"forminator-field-phone-1_69df39d0166e4\" class=\"forminator-input forminator-field--phone\" data-required=\"\" aria-required=\"false\" autocomplete=\"off\" data-validation=\"1\" \/><\/div><\/div><\/div><div class=\"forminator-row\"><div id=\"checkbox-1\" class=\"forminator-field-checkbox forminator-col forminator-col-12\"><div role=\"group\" class=\"forminator-field\" aria-labelledby=\"forminator-checkbox-group-69df39d0166e4-label\"><h4 id=\"forminator-checkbox-group-69df39d0166e4-label\" class=\"forminator-label\">Ich m\u00f6chte:<\/h4><label id=\"forminator-field-checkbox-1-1-69df39d0166e4-label\" for=\"forminator-field-checkbox-1-1-69df39d0166e4\" class=\"forminator-checkbox\" title=\"Fordern Sie ein Angebot an:\"><input type=\"checkbox\" name=\"checkbox-1[]\" value=\"service-1\" id=\"forminator-field-checkbox-1-1-69df39d0166e4\" aria-labelledby=\"forminator-field-checkbox-1-1-69df39d0166e4-label\" data-calculation=\"0\"   aria-describedby=\"forminator-field-checkbox-1-69df39d0166e4-description\"\/><span class=\"forminator-checkbox-box\" aria-hidden=\"true\"><\/span><span class=\"forminator-checkbox-label\">Fordern Sie ein Angebot an:<\/span><\/label><label id=\"forminator-field-checkbox-1-2-69df39d0166e4-label\" for=\"forminator-field-checkbox-1-2-69df39d0166e4\" class=\"forminator-checkbox\" title=\"Fragen Sie etwas zur Mehrwertsteuer (f\u00fcr Unternehmen):\"><input type=\"checkbox\" name=\"checkbox-1[]\" value=\"service-2\" id=\"forminator-field-checkbox-1-2-69df39d0166e4\" aria-labelledby=\"forminator-field-checkbox-1-2-69df39d0166e4-label\" data-calculation=\"0\"   aria-describedby=\"forminator-field-checkbox-1-69df39d0166e4-description\"\/><span class=\"forminator-checkbox-box\" aria-hidden=\"true\"><\/span><span class=\"forminator-checkbox-label\">Fragen Sie etwas zur Mehrwertsteuer (f\u00fcr Unternehmen):<\/span><\/label><label id=\"forminator-field-checkbox-1-3-69df39d0166e4-label\" for=\"forminator-field-checkbox-1-3-69df39d0166e4\" class=\"forminator-checkbox\" title=\"Vereinbaren Sie einen Besichtigungstermin:\"><input type=\"checkbox\" name=\"checkbox-1[]\" value=\"Ik-wil-een-bezichtigingsafspraak-maken\" id=\"forminator-field-checkbox-1-3-69df39d0166e4\" aria-labelledby=\"forminator-field-checkbox-1-3-69df39d0166e4-label\" data-calculation=\"0\"   aria-describedby=\"forminator-field-checkbox-1-69df39d0166e4-description\"\/><span class=\"forminator-checkbox-box\" aria-hidden=\"true\"><\/span><span class=\"forminator-checkbox-label\">Vereinbaren Sie einen Besichtigungstermin:<\/span><\/label><label id=\"forminator-field-checkbox-1-4-69df39d0166e4-label\" for=\"forminator-field-checkbox-1-4-69df39d0166e4\" class=\"forminator-checkbox\" title=\"Fragen zur Verf\u00fcgbarkeit (Lagerbestand):\"><input type=\"checkbox\" name=\"checkbox-1[]\" value=\"iets-vragen-over-de-beschikbaarheid\" id=\"forminator-field-checkbox-1-4-69df39d0166e4\" aria-labelledby=\"forminator-field-checkbox-1-4-69df39d0166e4-label\" data-calculation=\"0\"   aria-describedby=\"forminator-field-checkbox-1-69df39d0166e4-description\"\/><span class=\"forminator-checkbox-box\" aria-hidden=\"true\"><\/span><span class=\"forminator-checkbox-label\">Fragen zur Verf\u00fcgbarkeit (Lagerbestand):<\/span><\/label><label id=\"forminator-field-checkbox-1-5-69df39d0166e4-label\" for=\"forminator-field-checkbox-1-5-69df39d0166e4\" class=\"forminator-checkbox\" title=\"Kann ich \u00fcber neue Lagerbest\u00e4nde informiert werden?\"><input type=\"checkbox\" name=\"checkbox-1[]\" value=\"Kan ik op de hoogte gehouden worden over nieuwe voorraad\" id=\"forminator-field-checkbox-1-5-69df39d0166e4\" aria-labelledby=\"forminator-field-checkbox-1-5-69df39d0166e4-label\" data-calculation=\"0\"   aria-describedby=\"forminator-field-checkbox-1-69df39d0166e4-description\"\/><span class=\"forminator-checkbox-box\" aria-hidden=\"true\"><\/span><span class=\"forminator-checkbox-label\">Kann ich \u00fcber neue Lagerbest\u00e4nde informiert werden?<\/span><\/label><label id=\"forminator-field-checkbox-1-6-69df39d0166e4-label\" for=\"forminator-field-checkbox-1-6-69df39d0166e4\" class=\"forminator-checkbox\" title=\"frag mal was anderes:\"><input type=\"checkbox\" name=\"checkbox-1[]\" value=\"Anders\" id=\"forminator-field-checkbox-1-6-69df39d0166e4\" aria-labelledby=\"forminator-field-checkbox-1-6-69df39d0166e4-label\" data-calculation=\"0\"   aria-describedby=\"forminator-field-checkbox-1-69df39d0166e4-description\"\/><span class=\"forminator-checkbox-box\" aria-hidden=\"true\"><\/span><span class=\"forminator-checkbox-label\">frag mal was anderes:<\/span><\/label><\/div><\/div><\/div><div class=\"forminator-row\"><div id=\"textarea-1\" class=\"forminator-field-textarea forminator-col forminator-col-12\"><div class=\"forminator-field\"><label for=\"forminator-field-textarea-1_69df39d0166e4\" id=\"forminator-field-textarea-1_69df39d0166e4-label\" class=\"forminator-label\">Nachricht<\/label><textarea name=\"textarea-1\" placeholder=\"\" id=\"forminator-field-textarea-1_69df39d0166e4\" class=\"forminator-textarea\" rows=\"6\" style=\"min-height:140px;\" maxlength=\"180\" ><\/textarea><span id=\"forminator-field-textarea-1_69df39d0166e4-description\" class=\"forminator-description\"><span data-limit=\"180\" data-type=\"characters\">0 \/ 180<\/span><\/span><\/div><\/div><\/div><input type=\"hidden\" name=\"referer_url\" value=\"\" \/><div class=\"forminator-row forminator-row-last\"><div class=\"forminator-col\"><div class=\"forminator-field\"><button class=\"forminator-button forminator-button-submit\">Anfrage absenden<\/button><\/div><\/div><\/div><input type=\"hidden\" id=\"forminator_nonce\" name=\"forminator_nonce\" value=\"e58c0f0622\" \/><input type=\"hidden\" name=\"_wp_http_referer\" value=\"\/de\/wp-json\/wp\/v2\/product\/3771\" \/><input type=\"hidden\" name=\"form_id\" value=\"7542\"><input type=\"hidden\" name=\"page_id\" value=\"3771\"><input type=\"hidden\" name=\"form_type\" value=\"default\"><input type=\"hidden\" name=\"current_url\" value=\"https:\/\/coolvaria.com\/de\/p\/lagerregal\/\"><input type=\"hidden\" name=\"render_id\" value=\"0\"><input type=\"hidden\" name=\"action\" value=\"forminator_submit_form_custom-forms\"><input type=\"hidden\" name=\"trp-form-language\" value=\"de\"\/><\/form><\/p>\n<p>&nbsp;<\/p>\n<p>&nbsp;<\/p>","protected":false},"excerpt":{"rendered":"<p>Der Innenraum der Klimakammer ist mit Holzregalen ausgestattet. Wir haben uns bewusst daf\u00fcr entschieden, denn Holz ist ein Naturprodukt, genau wie das Produkt, das in der Klimakammer verwendet wird...<\/p>","protected":false},"featured_media":9170,"template":"","meta":{"_sitemap_exclude":false,"_sitemap_priority":"","_sitemap_frequency":""},"product_cat":[100],"product_tag":[],"class_list":["post-3771","product","type-product","status-publish","has-post-thumbnail","hentry","product_cat-accessoires","layout-style-2","col-md-4 col-sm-4 col-xs-6","product-has-gallery","product-style-addtocart"],"_links":{"self":[{"href":"https:\/\/coolvaria.com\/de\/wp-json\/wp\/v2\/product\/3771","targetHints":{"allow":["GET"]}}],"collection":[{"href":"https:\/\/coolvaria.com\/de\/wp-json\/wp\/v2\/product"}],"about":[{"href":"https:\/\/coolvaria.com\/de\/wp-json\/wp\/v2\/types\/product"}],"wp:featuredmedia":[{"embeddable":true,"href":"https:\/\/coolvaria.com\/de\/wp-json\/wp\/v2\/media\/9170"}],"wp:attachment":[{"href":"https:\/\/coolvaria.com\/de\/wp-json\/wp\/v2\/media?parent=3771"}],"wp:term":[{"taxonomy":"product_cat","embeddable":true,"href":"https:\/\/coolvaria.com\/de\/wp-json\/wp\/v2\/product_cat?post=3771"},{"taxonomy":"product_tag","embeddable":true,"href":"https:\/\/coolvaria.com\/de\/wp-json\/wp\/v2\/product_tag?post=3771"}],"curies":[{"name":"wp","href":"https:\/\/api.w.org\/{rel}","templated":true}]}}