{"id":2980,"date":"2022-01-31T12:39:17","date_gmt":"2022-01-31T12:39:17","guid":{"rendered":"\/?post_type=product&#038;p=2980"},"modified":"2025-10-09T15:07:33","modified_gmt":"2025-10-09T13:07:33","slug":"kruiden-klimaatkast","status":"publish","type":"product","link":"https:\/\/coolvaria.com\/de\/p\/krauterklimaschrank\/","title":{"rendered":"Kr\u00e4uterklimaschrank (25 Liter)"},"content":{"rendered":"<p style=\"font-weight: 400; text-align: left;\"><u><strong>Kr\u00e4uter Gew\u00fcrze<\/strong> sollte an einem k\u00fchlen, trockenen und dunklen Ort gelagert werden.<\/u>\u00a0 Hitze, Licht und Feuchtigkeit k\u00f6nnen zu einer Qualit\u00e4tsminderung der Kr\u00e4uter oder Gew\u00fcrze f\u00fchren, au\u00dferdem kann Feuchtigkeit zu Klumpen- und Schimmelbildung f\u00fchren. Hitze und Licht beeintr\u00e4chtigen die Qualit\u00e4t, dadurch trocknen die Kr\u00e4uter oder Gew\u00fcrze aus und verlieren ihren Geruch, ihre Farbe und ihren Geschmack.<\/p>\n<p>&nbsp;<\/p>\n<p style=\"text-align: left;\">Dieser Klimaschrank verf\u00fcgt \u00fcber eine Temperaturzone, die im Bereich zwischen 08 und 18 \u00b0C eingestellt werden kann.<\/p>\n<p style=\"font-weight: 400; text-align: left;\">Eine sch\u00f6ne \u201ekonstante\u201c Temperatur f\u00fcr Kr\u00e4uter liegt zwischen 12 und 18 \u00b0C.<\/p>\n<p style=\"font-weight: 400; text-align: left;\">Aber auch zum Aufbewahren eignet sich dieser Klimaschrank <strong>Kresse!<\/strong> Lagern Sie Kresse bei niedriger Temperatur. Kresse mit (feuchtem) N\u00e4hrboden sind dann etwa eine Woche haltbar!<\/p>\n<p>&nbsp;<\/p>\n<p style=\"text-align: left;\">Der Schrank arbeitet mit 220 Volt \u2013 und die T\u00fcr (Doppelverglasung) ist dunkel beschichtet, was dem Schrank ein luxuri\u00f6ses Aussehen verleiht und das Tageslicht die darin aufbewahrten Kr\u00e4uter und\/oder Gew\u00fcrze nicht beeintr\u00e4chtigt.<\/p>\n<h4 style=\"text-align: left;\"><b>Konfiguration:<\/b><\/h4>\n<p style=\"text-align: left;\">Dieses Modell verf\u00fcgt \u00fcber 2 Regale, die Sie sogar herausnehmen k\u00f6nnen. Dazu m\u00fcssen Sie die T\u00fcr vollst\u00e4ndig \u00f6ffnen.<\/p>\n<h4 style=\"text-align: left;\"><b><u>Einige Spezifikationen:<\/u><\/b><\/h4>\n<table style=\"font-weight: 400; height: 520px;\" width=\"656\">\n<tbody>\n<tr>\n<td style=\"text-align: left;\" width=\"302\"><strong>Kapazit\u00e4t:<\/strong><\/td>\n<td style=\"text-align: left;\" width=\"302\">25 Liter<\/td>\n<\/tr>\n<tr>\n<td style=\"text-align: left;\" width=\"302\"><strong>Abmessungen (BxTxH): \u00a0\u00a0\u00a0 <\/strong><\/td>\n<td style=\"text-align: left;\" width=\"302\">43 x 51 x 28 cm<\/td>\n<\/tr>\n<tr>\n<td style=\"text-align: left;\" width=\"302\"><strong>Temperaturzone(n)<\/strong><\/td>\n<td style=\"text-align: left;\" width=\"302\">1<\/td>\n<\/tr>\n<tr>\n<td style=\"text-align: left;\" width=\"302\"><strong>Temperaturbereich:\u00a0<\/strong><\/td>\n<td style=\"text-align: left;\" width=\"302\">8-18\u00b0C<\/td>\n<\/tr>\n<tr>\n<td style=\"text-align: left;\" width=\"302\"><strong>Anzahl Regale:<\/strong><\/td>\n<td style=\"text-align: left;\" width=\"302\">2 St\u00fccke<\/td>\n<\/tr>\n<tr>\n<td style=\"text-align: left;\" width=\"302\"><strong>Herausnehmbare Einlegeb\u00f6den:<\/strong><\/td>\n<td style=\"text-align: left;\" width=\"302\">Ja (2x)<\/td>\n<\/tr>\n<\/tbody>\n<\/table>\n<h6><\/h6>\n<h5 style=\"text-align: left;\">Siehe <strong><u>alle<\/u> Spezifikationen<\/strong> \u00a0\u2013&gt; <b><u>Spezifikationen<\/u><\/b> (oben, direkt daneben <b>Beschreibung<\/b>)<\/h5>\n<h3><img decoding=\"async\" class=\"aligncenter wp-image-9917\" src=\"https:\/\/cdn.coolvaria.com\/wp-content\/uploads\/pts_kruiden_1500_basis_light.png?strip=all&lossy=1&resize=640%2C566&ssl=1\" alt=\"\" width=\"640\" height=\"566\" srcset=\"https:\/\/cdn.coolvaria.com\/wp-content\/uploads\/pts_kruiden_1500_basis_light.png?strip=all&amp;lossy=1&amp;ssl=1 872w, https:\/\/cdn.coolvaria.com\/wp-content\/uploads\/pts_kruiden_1500_basis_light-433x383.png?strip=all&amp;lossy=1&amp;ssl=1 433w, https:\/\/cdn.coolvaria.com\/wp-content\/uploads\/pts_kruiden_1500_basis_light-300x265.png?strip=all&amp;lossy=1&amp;ssl=1 300w, https:\/\/cdn.coolvaria.com\/wp-content\/uploads\/pts_kruiden_1500_basis_light-768x679.png?strip=all&amp;lossy=1&amp;ssl=1 768w, https:\/\/cdn.coolvaria.com\/wp-content\/uploads\/pts_kruiden_1500_basis_light-14x12.png?strip=all&amp;lossy=1&amp;ssl=1 14w, https:\/\/cdn.coolvaria.com\/wp-content\/uploads\/pts_kruiden_1500_basis_light.png?strip=all&amp;lossy=1&amp;w=128&amp;ssl=1 128w, https:\/\/cdn.coolvaria.com\/wp-content\/uploads\/pts_kruiden_1500_basis_light.png?strip=all&amp;lossy=1&amp;w=512&amp;ssl=1 512w, https:\/\/cdn.coolvaria.com\/wp-content\/uploads\/pts_kruiden_1500_basis_light.png?strip=all&amp;lossy=1&amp;w=640&amp;ssl=1 640w\" sizes=\"(max-width: 640px) 100vw, 640px\" \/><\/h3>\n<h3 class=\"gt-block\" style=\"text-align: left;\"><strong>Weitere Informationen (wie es funktioniert, warum, Geschenk)?<\/strong><\/h3>\n<p style=\"text-align: left;\"><a href=\"https:\/\/coolvaria.com\/de\/warum-ein-krauterklimaschrank\/\">-Warum ein Kr\u00e4uterklimaschrank und welche Temperatur? klicken Sie hier<\/a><\/p>\n<p style=\"text-align: left;\"><a href=\"https:\/\/coolvaria.com\/de\/bedienung-des-kleinen-krauterkuhlers\/\">-Eine ausf\u00fchrliche Erkl\u00e4rung zur Funktionsweise dieses kompakten Kr\u00e4uter-Klimaschranks finden Sie hier<\/a><\/p>\n<p style=\"text-align: left;\">-Gr\u00f6\u00dfere Modelle verf\u00fcgbar. Fragen Sie uns \u00fcber das untenstehende Formular nach den Optionen<\/p>\n<p style=\"text-align: left;\"><em>-PS Dem Schrank liegt keine Rechnung bei, daher eignet er sich auch perfekt zum Verschenken!<\/em>\u00a0!<\/p>\n<div class=\"elementor-element elementor-element-92b612e elementor-widget elementor-widget-heading\" data-id=\"92b612e\" data-element_type=\"widget\" data-widget_type=\"heading.default\" data-trid=\"668\">\n<div class=\"elementor-widget-container\" data-trid=\"669\">\n<h2 style=\"text-align: left;\" data-trid=\"670\"><\/h2>\n<h2 class=\"elementor-heading-title elementor-size-large\" style=\"text-align: left;\" data-trid=\"670\">K\u00f6nnen wir Ihnen bei Ihrer Wahl helfen?<\/h2>\n<\/div>\n<\/div>\n<div class=\"elementor-element elementor-element-e9c05b1 elementor-widget elementor-widget-text-editor\" data-id=\"e9c05b1\" data-element_type=\"widget\" data-widget_type=\"text-editor.default\" data-trid=\"671\">\n<div class=\"elementor-widget-container\" data-trid=\"672\">\n<p style=\"text-align: left;\" data-trid=\"673\"><b>Rufen Sie uns unter +31 (30)25 111 91 an oder f\u00fcllen Sie das Kontaktformular aus.<\/b><\/p>\n<p style=\"text-align: left;\" data-trid=\"673\">Mehr als 40 Michelin-Sterne-Restaurants, Bars, Caterer, Weinh\u00e4ndler, Spirituosengesch\u00e4fte, Industrie, Regierung, diplomatische und konsularische Vertretungen, Universit\u00e4ten und nat\u00fcrlich Verbraucher sind Ihnen vorausgegangen (<a href=\"https:\/\/coolvaria.com\/de\/uber-uns\/\" data-trid=\"678\">Klicken Sie hier f\u00fcr Referenzen<\/a>).<\/p>\n<\/div>\n<\/div>\n<h4 style=\"text-align: center;\"><\/h4>\n<p>&nbsp;<\/p>\n<h4 style=\"text-align: center;\"><b>Kontakt Formular<\/b><\/h4>\n<p style=\"text-align: left;\"><div class=\"forminator-ui forminator-custom-form forminator-custom-form-7542 forminator-design--default  forminator_ajax\" data-forminator-render=\"0\" data-form=\"forminator-module-7542\" data-uid=\"69d1380b81213\"><br\/><\/div><form\n\t\t\t\tid=\"forminator-module-7542\"\n\t\t\t\tclass=\"forminator-ui forminator-custom-form forminator-custom-form-7542 forminator-design--default  forminator_ajax\"\n\t\t\t\tmethod=\"post\"\n\t\t\t\tdata-forminator-render=\"0\"\n\t\t\t\tdata-form-id=\"7542\"\n\t\t\t\t\n\t\t\t\tdata-design=\"default\"\n\t\t\t\t\n\t\t\t\t\n\t\t\t\t\n\t\t\t\tdata-grid=\"open\"\n\t\t\t\t\n\t\t\t\t\n\t\t\t\tstyle=\"display: none;\"\n\t\t\t\t\n\t\t\t\tdata-uid=\"69d1380b81213\" action=\"\"\n\t\t\t><div role=\"alert\" aria-live=\"polite\" class=\"forminator-response-message forminator-error\" aria-hidden=\"true\"><\/div><div class=\"forminator-row\"><input type=\"hidden\" id=\"hidden-2_69d1380b81213\" name=\"hidden-2\" value=\"Kruiden klimaatkast (25 liter)\" \/><input type=\"hidden\" id=\"hidden-1_69d1380b81213\" name=\"hidden-1\" value=\"https:\/\/coolvaria.com\/de\/p\/krauterklimaschrank\/\" \/><\/div><div class=\"forminator-row\"><div id=\"name-1\" class=\"forminator-field-name forminator-col forminator-col-12\"><div class=\"forminator-row forminator-no-margin\" data-multiple=\"true\"><div class=\"forminator-col forminator-col-md-6\"><div class=\"forminator-field\"><label for=\"forminator-field-first-name-1_69d1380b81213\" class=\"forminator-label\" id=\"forminator-field-first-name-1_69d1380b81213-label\">Vorname <span class=\"forminator-required\">*<\/span><\/label><input type=\"text\" name=\"name-1-first-name\" placeholder=\"\" id=\"forminator-field-first-name-1_69d1380b81213\" class=\"forminator-input\" aria-required=\"true\" data-multi=\"1\" value=\"\" \/><\/div><\/div><div class=\"forminator-col forminator-col-md-6\"><div class=\"forminator-field\"><label for=\"forminator-field-last-name-1_69d1380b81213\" class=\"forminator-label\" id=\"forminator-field-last-name-1_69d1380b81213-label\">Familienname, Nachname <span class=\"forminator-required\">*<\/span><\/label><input type=\"text\" name=\"name-1-last-name\" placeholder=\"\" id=\"forminator-field-last-name-1_69d1380b81213\" class=\"forminator-input\" aria-required=\"true\" data-multi=\"1\" value=\"\" \/><\/div><\/div><\/div><\/div><\/div><div class=\"forminator-row\"><div id=\"text-1\" class=\"forminator-field-text forminator-col forminator-col-12\"><div class=\"forminator-field\"><label for=\"forminator-field-text-1_69d1380b81213\" class=\"forminator-label\" id=\"forminator-field-text-1_69d1380b81213-label\">Name der Firma<\/label><input type=\"text\" name=\"text-1\" value=\"\" placeholder=\"wenn anwendbar\" id=\"forminator-field-text-1_69d1380b81213\" class=\"forminator-input forminator-name--field\" data-required=\"\" \/><\/div><\/div><\/div><div class=\"forminator-row\"><div id=\"email-1\" class=\"forminator-field-email forminator-col forminator-col-12\"><div class=\"forminator-field\"><label for=\"forminator-field-email-1_69d1380b81213\" class=\"forminator-label\" id=\"forminator-field-email-1_69d1380b81213-label\">E-Mail-Adresse <span class=\"forminator-required\">*<\/span><\/label><input type=\"email\" name=\"email-1\" value=\"\" placeholder=\"\" id=\"forminator-field-email-1_69d1380b81213\" class=\"forminator-input forminator-email--field\" data-required=\"true\" aria-required=\"true\" \/><\/div><\/div><\/div><div class=\"forminator-row\"><div id=\"phone-1\" class=\"forminator-field-phone forminator-col forminator-col-12\"><div class=\"forminator-field\"><label for=\"forminator-field-phone-1_69d1380b81213\" class=\"forminator-label\" id=\"forminator-field-phone-1_69d1380b81213-label\">Telefonnummer<\/label><input type=\"text\" name=\"phone-1\" value=\"\" placeholder=\"\" id=\"forminator-field-phone-1_69d1380b81213\" class=\"forminator-input forminator-field--phone\" data-required=\"\" aria-required=\"false\" autocomplete=\"off\" data-validation=\"1\" \/><\/div><\/div><\/div><div class=\"forminator-row\"><div id=\"checkbox-1\" class=\"forminator-field-checkbox forminator-col forminator-col-12\"><div role=\"group\" class=\"forminator-field\" aria-labelledby=\"forminator-checkbox-group-69d1380b81213-label\"><h4 id=\"forminator-checkbox-group-69d1380b81213-label\" class=\"forminator-label\">Ich m\u00f6chte:<\/h4><label id=\"forminator-field-checkbox-1-1-69d1380b81213-label\" for=\"forminator-field-checkbox-1-1-69d1380b81213\" class=\"forminator-checkbox\" title=\"Fordern Sie ein Angebot an:\"><input type=\"checkbox\" name=\"checkbox-1[]\" value=\"service-1\" id=\"forminator-field-checkbox-1-1-69d1380b81213\" aria-labelledby=\"forminator-field-checkbox-1-1-69d1380b81213-label\" data-calculation=\"0\"   aria-describedby=\"forminator-field-checkbox-1-69d1380b81213-description\"\/><span class=\"forminator-checkbox-box\" aria-hidden=\"true\"><\/span><span class=\"forminator-checkbox-label\">Fordern Sie ein Angebot an:<\/span><\/label><label id=\"forminator-field-checkbox-1-2-69d1380b81213-label\" for=\"forminator-field-checkbox-1-2-69d1380b81213\" class=\"forminator-checkbox\" title=\"Fragen Sie etwas zur Mehrwertsteuer (f\u00fcr Unternehmen):\"><input type=\"checkbox\" name=\"checkbox-1[]\" value=\"service-2\" id=\"forminator-field-checkbox-1-2-69d1380b81213\" aria-labelledby=\"forminator-field-checkbox-1-2-69d1380b81213-label\" data-calculation=\"0\"   aria-describedby=\"forminator-field-checkbox-1-69d1380b81213-description\"\/><span class=\"forminator-checkbox-box\" aria-hidden=\"true\"><\/span><span class=\"forminator-checkbox-label\">Fragen Sie etwas zur Mehrwertsteuer (f\u00fcr Unternehmen):<\/span><\/label><label id=\"forminator-field-checkbox-1-3-69d1380b81213-label\" for=\"forminator-field-checkbox-1-3-69d1380b81213\" class=\"forminator-checkbox\" title=\"Vereinbaren Sie einen Besichtigungstermin:\"><input type=\"checkbox\" name=\"checkbox-1[]\" value=\"Ik-wil-een-bezichtigingsafspraak-maken\" id=\"forminator-field-checkbox-1-3-69d1380b81213\" aria-labelledby=\"forminator-field-checkbox-1-3-69d1380b81213-label\" data-calculation=\"0\"   aria-describedby=\"forminator-field-checkbox-1-69d1380b81213-description\"\/><span class=\"forminator-checkbox-box\" aria-hidden=\"true\"><\/span><span class=\"forminator-checkbox-label\">Vereinbaren Sie einen Besichtigungstermin:<\/span><\/label><label id=\"forminator-field-checkbox-1-4-69d1380b81213-label\" for=\"forminator-field-checkbox-1-4-69d1380b81213\" class=\"forminator-checkbox\" title=\"Fragen zur Verf\u00fcgbarkeit (Lagerbestand):\"><input type=\"checkbox\" name=\"checkbox-1[]\" value=\"iets-vragen-over-de-beschikbaarheid\" id=\"forminator-field-checkbox-1-4-69d1380b81213\" aria-labelledby=\"forminator-field-checkbox-1-4-69d1380b81213-label\" data-calculation=\"0\"   aria-describedby=\"forminator-field-checkbox-1-69d1380b81213-description\"\/><span class=\"forminator-checkbox-box\" aria-hidden=\"true\"><\/span><span class=\"forminator-checkbox-label\">Fragen zur Verf\u00fcgbarkeit (Lagerbestand):<\/span><\/label><label id=\"forminator-field-checkbox-1-5-69d1380b81213-label\" for=\"forminator-field-checkbox-1-5-69d1380b81213\" class=\"forminator-checkbox\" title=\"Kann ich \u00fcber neue Lagerbest\u00e4nde informiert werden?\"><input type=\"checkbox\" name=\"checkbox-1[]\" value=\"Kan ik op de hoogte gehouden worden over nieuwe voorraad\" id=\"forminator-field-checkbox-1-5-69d1380b81213\" aria-labelledby=\"forminator-field-checkbox-1-5-69d1380b81213-label\" data-calculation=\"0\"   aria-describedby=\"forminator-field-checkbox-1-69d1380b81213-description\"\/><span class=\"forminator-checkbox-box\" aria-hidden=\"true\"><\/span><span class=\"forminator-checkbox-label\">Kann ich \u00fcber neue Lagerbest\u00e4nde informiert werden?<\/span><\/label><label id=\"forminator-field-checkbox-1-6-69d1380b81213-label\" for=\"forminator-field-checkbox-1-6-69d1380b81213\" class=\"forminator-checkbox\" title=\"frag mal was anderes:\"><input type=\"checkbox\" name=\"checkbox-1[]\" value=\"Anders\" id=\"forminator-field-checkbox-1-6-69d1380b81213\" aria-labelledby=\"forminator-field-checkbox-1-6-69d1380b81213-label\" data-calculation=\"0\"   aria-describedby=\"forminator-field-checkbox-1-69d1380b81213-description\"\/><span class=\"forminator-checkbox-box\" aria-hidden=\"true\"><\/span><span class=\"forminator-checkbox-label\">frag mal was anderes:<\/span><\/label><\/div><\/div><\/div><div class=\"forminator-row\"><div id=\"textarea-1\" class=\"forminator-field-textarea forminator-col forminator-col-12\"><div class=\"forminator-field\"><label for=\"forminator-field-textarea-1_69d1380b81213\" id=\"forminator-field-textarea-1_69d1380b81213-label\" class=\"forminator-label\">Nachricht<\/label><textarea name=\"textarea-1\" placeholder=\"\" id=\"forminator-field-textarea-1_69d1380b81213\" class=\"forminator-textarea\" rows=\"6\" style=\"min-height:140px;\" maxlength=\"180\" ><\/textarea><span id=\"forminator-field-textarea-1_69d1380b81213-description\" class=\"forminator-description\"><span data-limit=\"180\" data-type=\"characters\">0 \/ 180<\/span><\/span><\/div><\/div><\/div><input type=\"hidden\" name=\"referer_url\" value=\"\" \/><div class=\"forminator-row forminator-row-last\"><div class=\"forminator-col\"><div class=\"forminator-field\"><button class=\"forminator-button forminator-button-submit\">Anfrage absenden<\/button><\/div><\/div><\/div><input type=\"hidden\" id=\"forminator_nonce\" name=\"forminator_nonce\" value=\"f1397162a7\" \/><input type=\"hidden\" name=\"_wp_http_referer\" value=\"\/de\/wp-json\/wp\/v2\/product\/2980\" \/><input type=\"hidden\" name=\"form_id\" value=\"7542\"><input type=\"hidden\" name=\"page_id\" value=\"2980\"><input type=\"hidden\" name=\"form_type\" value=\"default\"><input type=\"hidden\" name=\"current_url\" value=\"https:\/\/coolvaria.com\/de\/p\/krauterklimaschrank\/\"><input type=\"hidden\" name=\"render_id\" value=\"0\"><input type=\"hidden\" name=\"action\" value=\"forminator_submit_form_custom-forms\"><input type=\"hidden\" name=\"trp-form-language\" value=\"de\"\/><\/form><\/p>\n<p>&nbsp;<\/p>\n<p>&nbsp;<\/p>","protected":false},"excerpt":{"rendered":"<p>Zur Aufbewahrung IHRER Kr\u00e4uter an einem schattigen Ort \u2013 ohne Tageslicht \u2013 mit optimaler Temperatur.<\/p>\n<p>&nbsp;<\/p>\n<p>&nbsp;<\/p>","protected":false},"featured_media":2932,"template":"","meta":{"_sitemap_exclude":false,"_sitemap_priority":"","_sitemap_frequency":""},"product_cat":[64],"product_tag":[],"class_list":["post-2980","product","type-product","status-publish","has-post-thumbnail","hentry","product_cat-kruiden","product_shipping_class-free-shipping","pa_extra-plateaus-mogelijk-nee-niet-mogelijk","pa_omgevingstemperatuur-koelt-max-15-c-graden-t-o-v-omgevingstemperatuur","pa_temperature-een-temperatuurzone","pa_temperatuurbereik-8-18-c","pa_volume-25-liter","layout-style-2","col-md-4 col-sm-4 col-xs-6","product-has-gallery","product-style-addtocart"],"_links":{"self":[{"href":"https:\/\/coolvaria.com\/de\/wp-json\/wp\/v2\/product\/2980","targetHints":{"allow":["GET"]}}],"collection":[{"href":"https:\/\/coolvaria.com\/de\/wp-json\/wp\/v2\/product"}],"about":[{"href":"https:\/\/coolvaria.com\/de\/wp-json\/wp\/v2\/types\/product"}],"wp:featuredmedia":[{"embeddable":true,"href":"https:\/\/coolvaria.com\/de\/wp-json\/wp\/v2\/media\/2932"}],"wp:attachment":[{"href":"https:\/\/coolvaria.com\/de\/wp-json\/wp\/v2\/media?parent=2980"}],"wp:term":[{"taxonomy":"product_cat","embeddable":true,"href":"https:\/\/coolvaria.com\/de\/wp-json\/wp\/v2\/product_cat?post=2980"},{"taxonomy":"product_tag","embeddable":true,"href":"https:\/\/coolvaria.com\/de\/wp-json\/wp\/v2\/product_tag?post=2980"}],"curies":[{"name":"wp","href":"https:\/\/api.w.org\/{rel}","templated":true}]}}