{"id":2975,"date":"2022-01-31T12:32:58","date_gmt":"2022-01-31T12:32:58","guid":{"rendered":"\/?post_type=product&#038;p=2975"},"modified":"2026-03-30T16:54:30","modified_gmt":"2026-03-30T14:54:30","slug":"sigaren-humidor-pt-s-600-200","status":"publish","type":"product","link":"https:\/\/coolvaria.com\/de\/p\/zigarren-einzelzone-pt-s-200-600\/","title":{"rendered":"Zigarren-Humidor (600 Zigarren)"},"content":{"rendered":"<h4 style=\"text-align: left;\"><strong>Temperaturkontrolle und Luftfeuchtigkeit:<\/strong><\/h4>\n<p style=\"text-align: left;\">Sie k\u00f6nnen die Temperatur dieses Humidors zwischen 16 und 21 \u00b0C einstellen. Die idealste Situation, nat\u00fcrlich je nach Wunsch des Benutzers, ist eine Temperatur von 19\u00b0C mit einer realen Luftfeuchtigkeit von 70%, damit sich die Zigarre geschmeidig und leicht elastisch anf\u00fchlt.<\/p>\n<p>&nbsp;<\/p>\n<p style=\"text-align: left;\">Sie k\u00f6nnen die Luftfeuchtigkeit nicht direkt selbst \u00e4ndern \u2013 das Display gibt einen Hinweis \u2013 aber durch die \u00c4nderung der Temperatur im Schrank (Sie k\u00f6nnen diese selbst einstellen) k\u00f6nnen Sie die Luftfeuchtigkeit beeinflussen.<\/p>\n<h5 class=\"gt-block\" style=\"text-align: left;\"><u>Luftzirkulation:<\/u><\/h5>\n<p style=\"text-align: left;\">Auf der R\u00fcckseite des Humidors finden Sie zwei Luftl\u00f6cher, eines davon mit einem Aktivkohlefilter (wir empfehlen, diesen Filter alle 6-8 Monate auszutauschen).<\/p>\n<h5 class=\"gt-block\" style=\"text-align: left;\"><u>Kompressor\/Heizung:<\/u><\/h5>\n<p style=\"text-align: left;\">Dieser Humidor verf\u00fcgt \u00fcber eine K\u00fchleinheit (Kompressor) und ein Heizsystem zur Aufrechterhaltung der eingestellten Temperatur.<\/p>\n<h4 style=\"text-align: left;\"><b>Konfiguration:<\/b><\/h4>\n<p style=\"text-align: left;\">Der Humidor ist mit der gefragtesten Konfiguration ausgestattet; 3 Einlegeb\u00f6den, also 4 \u201eF\u00e4cher\u201c (inkl. Boden) zur perfekten Aufbewahrung der Zigarren. Zwischen den Regalb\u00f6den ist ausreichend Platz f\u00fcr Kartons (ca. 120 mm). Wenn Sie die Position der Regale \u00e4ndern m\u00f6chten, ist dies selbstverst\u00e4ndlich bei allen Regalen m\u00f6glich.<\/p>\n<p>&nbsp;<\/p>\n<p style=\"text-align: left;\">Der aktuelle Humidor ist mit Sapeli-Holzplanken (schwerere Planken wie abgebildet) anstelle von Buchenholz ausgestattet, sodass weitere Attribute daneben platziert werden k\u00f6nnen.<\/p>\n<p style=\"text-align: left;\"><em><u>Zedernholz<\/u> <\/em>wird h\u00e4ufig in Innenhumidoren verwendet, die \u00fcber keine Temperaturregelung verf\u00fcgen. Zedernholz hat ein hohes Absorptionsverm\u00f6gen (auch dann ist es wichtig, das \u201erichtige\u201c Zedernholz zu verwenden, da es auch verschiedene Arten von Zedernholz auf dem Markt gibt). Da unser Humidor \u00fcber eine temperierte Einheit verf\u00fcgt, ist dies nicht mehr notwendig. Zedernholz ist zudem teurer und wir wollen f\u00fcr unsere Kunden einen wettbewerbsf\u00e4higen Preis, damit sie mehr in Zigarren investieren k\u00f6nnen.<\/p>\n<p>&nbsp;<\/p>\n<p style=\"text-align: left;\">Das Modell, das wir jetzt liefern k\u00f6nnen, ist mit schwereren Regalen als zuvor ausgestattet (damit die Regale mehr Gewicht tragen k\u00f6nnen, da wir beispielsweise auch Whisky neben den Zigarren lagern sollten) und die Schlitze sind daher etwas breiter als zuvor. Sehen Sie sich die Planke als Anhang an.<\/p>\n<h4 style=\"text-align: left;\"><b><u>Einige Spezifikationen:<\/u><\/b><\/h4>\n<table style=\"font-weight: 400; height: 520px;\" width=\"656\">\n<tbody>\n<tr>\n<td style=\"text-align: left;\" width=\"302\"><strong>Kapazit\u00e4t:<\/strong><\/td>\n<td style=\"text-align: left;\" width=\"302\">600 Zigarren<\/td>\n<\/tr>\n<tr>\n<td style=\"text-align: left;\" width=\"302\"><strong>Abmessungen (BxTxH): \u00a0\u00a0\u00a0 <\/strong><\/td>\n<td style=\"text-align: left;\" width=\"302\">59,5 x 57 x 84 cm<\/td>\n<\/tr>\n<tr>\n<td style=\"text-align: left;\" width=\"302\"><strong>Temperaturzone(n)<\/strong><\/td>\n<td style=\"text-align: left;\" width=\"302\">1<\/td>\n<\/tr>\n<tr>\n<td style=\"text-align: left;\" width=\"302\"><strong>Temperaturbereich:\u00a0<\/strong><\/td>\n<td style=\"text-align: left;\" width=\"302\">14-21\u00b0C<\/td>\n<\/tr>\n<tr>\n<td style=\"text-align: left;\" width=\"302\"><strong>Anzahl Regale:<\/strong><\/td>\n<td style=\"text-align: left;\" width=\"302\">3 St\u00fcck (= 4<u>\u00a0Ablagef\u00e4cher<\/u>, einschlie\u00dflich der Unterseite)<\/td>\n<\/tr>\n<tr>\n<td style=\"text-align: left;\" width=\"302\"><strong>Ausgestattet mit einem Schloss:<\/strong><\/td>\n<td style=\"text-align: left;\" width=\"302\">Ja (Schl\u00fcssel)<\/td>\n<\/tr>\n<\/tbody>\n<\/table>\n<h6><\/h6>\n<h5 style=\"text-align: left;\">Siehe <strong><u>alle<\/u> Spezifikationen<\/strong> \u00a0\u2013&gt; <b><u>Spezifikationen<\/u><\/b> (oben, direkt daneben <b>Beschreibung<\/b>)<\/h5>\n<p><img decoding=\"async\" class=\"aligncenter wp-image-9930\" src=\"https:\/\/cdn.coolvaria.com\/wp-content\/uploads\/Sigaar-humidor-600-plateaus-CoolVaria.jpg?strip=all&lossy=1&resize=640%2C321&ssl=1\" alt=\"\" width=\"640\" height=\"321\" srcset=\"https:\/\/cdn.coolvaria.com\/wp-content\/uploads\/Sigaar-humidor-600-plateaus-CoolVaria.jpg?strip=all&amp;lossy=1&amp;ssl=1 964w, https:\/\/cdn.coolvaria.com\/wp-content\/uploads\/Sigaar-humidor-600-plateaus-CoolVaria-433x217.jpg?strip=all&amp;lossy=1&amp;ssl=1 433w, https:\/\/cdn.coolvaria.com\/wp-content\/uploads\/Sigaar-humidor-600-plateaus-CoolVaria-937x470.jpg?strip=all&amp;lossy=1&amp;ssl=1 937w, https:\/\/cdn.coolvaria.com\/wp-content\/uploads\/Sigaar-humidor-600-plateaus-CoolVaria-300x151.jpg?strip=all&amp;lossy=1&amp;ssl=1 300w, https:\/\/cdn.coolvaria.com\/wp-content\/uploads\/Sigaar-humidor-600-plateaus-CoolVaria-768x386.jpg?strip=all&amp;lossy=1&amp;ssl=1 768w, https:\/\/cdn.coolvaria.com\/wp-content\/uploads\/Sigaar-humidor-600-plateaus-CoolVaria-18x9.jpg?strip=all&amp;lossy=1&amp;ssl=1 18w, https:\/\/cdn.coolvaria.com\/wp-content\/uploads\/Sigaar-humidor-600-plateaus-CoolVaria.jpg?strip=all&amp;lossy=1&amp;w=128&amp;ssl=1 128w, https:\/\/cdn.coolvaria.com\/wp-content\/uploads\/Sigaar-humidor-600-plateaus-CoolVaria.jpg?strip=all&amp;lossy=1&amp;w=512&amp;ssl=1 512w, https:\/\/cdn.coolvaria.com\/wp-content\/uploads\/Sigaar-humidor-600-plateaus-CoolVaria.jpg?strip=all&amp;lossy=1&amp;w=640&amp;ssl=1 640w\" sizes=\"(max-width: 640px) 100vw, 640px\" \/><\/p>\n<h3 class=\"gt-block\" style=\"text-align: left;\"><strong>Mehr Informationen?<\/strong><\/h3>\n<p style=\"text-align: left;\">-Dieses Modell eignet sich auch sehr gut f\u00fcr die Installation in Raucherbereichen, in einem Schrank, unter einer Bar usw.<\/p>\n<div class=\"elementor-element elementor-element-92b612e elementor-widget elementor-widget-heading\" data-id=\"92b612e\" data-element_type=\"widget\" data-widget_type=\"heading.default\" data-trid=\"668\">\n<div class=\"elementor-widget-container\" data-trid=\"669\">\n<h2 class=\"elementor-heading-title elementor-size-large\" style=\"text-align: left;\" data-trid=\"670\">K\u00f6nnen wir Ihnen bei Ihrer Wahl helfen?<\/h2>\n<\/div>\n<\/div>\n<div class=\"elementor-element elementor-element-e9c05b1 elementor-widget elementor-widget-text-editor\" data-id=\"e9c05b1\" data-element_type=\"widget\" data-widget_type=\"text-editor.default\" data-trid=\"671\">\n<div class=\"elementor-widget-container\" data-trid=\"672\">\n<p style=\"text-align: left;\" data-trid=\"673\"><b>Rufen Sie uns unter +31 (30)25 111 91 an oder f\u00fcllen Sie das Kontaktformular aus.<\/b><\/p>\n<p style=\"text-align: left;\" data-trid=\"673\">Mehr als 40 Michelin-Sterne-Restaurants, Bars, Caterer, Weinh\u00e4ndler, Spirituosengesch\u00e4fte, Industrie, Regierung, diplomatische und konsularische Vertretungen, Universit\u00e4ten und nat\u00fcrlich Verbraucher sind Ihnen vorausgegangen (<a href=\"https:\/\/coolvaria.com\/de\/uber-uns\/\" data-trid=\"678\">Klicken Sie hier f\u00fcr Referenzen<\/a>).<\/p>\n<\/div>\n<\/div>\n<h4 style=\"text-align: center;\"><\/h4>\n<p>&nbsp;<\/p>\n<h4 style=\"text-align: center;\"><b>Kontakt Formular<\/b><\/h4>\n<p style=\"text-align: left;\"><div class=\"forminator-ui forminator-custom-form forminator-custom-form-7542 forminator-design--default  forminator_ajax\" data-forminator-render=\"0\" data-form=\"forminator-module-7542\" data-uid=\"69df35685ec68\"><br\/><\/div><form\n\t\t\t\tid=\"forminator-module-7542\"\n\t\t\t\tclass=\"forminator-ui forminator-custom-form forminator-custom-form-7542 forminator-design--default  forminator_ajax\"\n\t\t\t\tmethod=\"post\"\n\t\t\t\tdata-forminator-render=\"0\"\n\t\t\t\tdata-form-id=\"7542\"\n\t\t\t\t\n\t\t\t\tdata-design=\"default\"\n\t\t\t\t\n\t\t\t\t\n\t\t\t\t\n\t\t\t\tdata-grid=\"open\"\n\t\t\t\t\n\t\t\t\t\n\t\t\t\tstyle=\"display: none;\"\n\t\t\t\t\n\t\t\t\tdata-uid=\"69df35685ec68\" action=\"\"\n\t\t\t><div role=\"alert\" aria-live=\"polite\" class=\"forminator-response-message forminator-error\" aria-hidden=\"true\"><\/div><div class=\"forminator-row\"><input type=\"hidden\" id=\"hidden-2_69df35685ec68\" name=\"hidden-2\" value=\"Sigaren humidor (600 sigaren)\" \/><input type=\"hidden\" id=\"hidden-1_69df35685ec68\" name=\"hidden-1\" value=\"https:\/\/coolvaria.com\/de\/p\/zigarren-einzelzone-pt-s-200-600\/\" \/><\/div><div class=\"forminator-row\"><div id=\"name-1\" class=\"forminator-field-name forminator-col forminator-col-12\"><div class=\"forminator-row forminator-no-margin\" data-multiple=\"true\"><div class=\"forminator-col forminator-col-md-6\"><div class=\"forminator-field\"><label for=\"forminator-field-first-name-1_69df35685ec68\" class=\"forminator-label\" id=\"forminator-field-first-name-1_69df35685ec68-label\">Vorname <span class=\"forminator-required\">*<\/span><\/label><input type=\"text\" name=\"name-1-first-name\" placeholder=\"\" id=\"forminator-field-first-name-1_69df35685ec68\" class=\"forminator-input\" aria-required=\"true\" data-multi=\"1\" value=\"\" \/><\/div><\/div><div class=\"forminator-col forminator-col-md-6\"><div class=\"forminator-field\"><label for=\"forminator-field-last-name-1_69df35685ec68\" class=\"forminator-label\" id=\"forminator-field-last-name-1_69df35685ec68-label\">Familienname, Nachname <span class=\"forminator-required\">*<\/span><\/label><input type=\"text\" name=\"name-1-last-name\" placeholder=\"\" id=\"forminator-field-last-name-1_69df35685ec68\" class=\"forminator-input\" aria-required=\"true\" data-multi=\"1\" value=\"\" \/><\/div><\/div><\/div><\/div><\/div><div class=\"forminator-row\"><div id=\"text-1\" class=\"forminator-field-text forminator-col forminator-col-12\"><div class=\"forminator-field\"><label for=\"forminator-field-text-1_69df35685ec68\" class=\"forminator-label\" id=\"forminator-field-text-1_69df35685ec68-label\">Name der Firma<\/label><input type=\"text\" name=\"text-1\" value=\"\" placeholder=\"wenn anwendbar\" id=\"forminator-field-text-1_69df35685ec68\" class=\"forminator-input forminator-name--field\" data-required=\"\" \/><\/div><\/div><\/div><div class=\"forminator-row\"><div id=\"email-1\" class=\"forminator-field-email forminator-col forminator-col-12\"><div class=\"forminator-field\"><label for=\"forminator-field-email-1_69df35685ec68\" class=\"forminator-label\" id=\"forminator-field-email-1_69df35685ec68-label\">E-Mail-Adresse <span class=\"forminator-required\">*<\/span><\/label><input type=\"email\" name=\"email-1\" value=\"\" placeholder=\"\" id=\"forminator-field-email-1_69df35685ec68\" class=\"forminator-input forminator-email--field\" data-required=\"true\" aria-required=\"true\" \/><\/div><\/div><\/div><div class=\"forminator-row\"><div id=\"phone-1\" class=\"forminator-field-phone forminator-col forminator-col-12\"><div class=\"forminator-field\"><label for=\"forminator-field-phone-1_69df35685ec68\" class=\"forminator-label\" id=\"forminator-field-phone-1_69df35685ec68-label\">Telefonnummer<\/label><input type=\"text\" name=\"phone-1\" value=\"\" placeholder=\"\" id=\"forminator-field-phone-1_69df35685ec68\" class=\"forminator-input forminator-field--phone\" data-required=\"\" aria-required=\"false\" autocomplete=\"off\" data-validation=\"1\" \/><\/div><\/div><\/div><div class=\"forminator-row\"><div id=\"checkbox-1\" class=\"forminator-field-checkbox forminator-col forminator-col-12\"><div role=\"group\" class=\"forminator-field\" aria-labelledby=\"forminator-checkbox-group-69df35685ec68-label\"><h4 id=\"forminator-checkbox-group-69df35685ec68-label\" class=\"forminator-label\">Ich m\u00f6chte:<\/h4><label id=\"forminator-field-checkbox-1-1-69df35685ec68-label\" for=\"forminator-field-checkbox-1-1-69df35685ec68\" class=\"forminator-checkbox\" title=\"Fordern Sie ein Angebot an:\"><input type=\"checkbox\" name=\"checkbox-1[]\" value=\"service-1\" id=\"forminator-field-checkbox-1-1-69df35685ec68\" aria-labelledby=\"forminator-field-checkbox-1-1-69df35685ec68-label\" data-calculation=\"0\"   aria-describedby=\"forminator-field-checkbox-1-69df35685ec68-description\"\/><span class=\"forminator-checkbox-box\" aria-hidden=\"true\"><\/span><span class=\"forminator-checkbox-label\">Fordern Sie ein Angebot an:<\/span><\/label><label id=\"forminator-field-checkbox-1-2-69df35685ec68-label\" for=\"forminator-field-checkbox-1-2-69df35685ec68\" class=\"forminator-checkbox\" title=\"Fragen Sie etwas zur Mehrwertsteuer (f\u00fcr Unternehmen):\"><input type=\"checkbox\" name=\"checkbox-1[]\" value=\"service-2\" id=\"forminator-field-checkbox-1-2-69df35685ec68\" aria-labelledby=\"forminator-field-checkbox-1-2-69df35685ec68-label\" data-calculation=\"0\"   aria-describedby=\"forminator-field-checkbox-1-69df35685ec68-description\"\/><span class=\"forminator-checkbox-box\" aria-hidden=\"true\"><\/span><span class=\"forminator-checkbox-label\">Fragen Sie etwas zur Mehrwertsteuer (f\u00fcr Unternehmen):<\/span><\/label><label id=\"forminator-field-checkbox-1-3-69df35685ec68-label\" for=\"forminator-field-checkbox-1-3-69df35685ec68\" class=\"forminator-checkbox\" title=\"Vereinbaren Sie einen Besichtigungstermin:\"><input type=\"checkbox\" name=\"checkbox-1[]\" value=\"Ik-wil-een-bezichtigingsafspraak-maken\" id=\"forminator-field-checkbox-1-3-69df35685ec68\" aria-labelledby=\"forminator-field-checkbox-1-3-69df35685ec68-label\" data-calculation=\"0\"   aria-describedby=\"forminator-field-checkbox-1-69df35685ec68-description\"\/><span class=\"forminator-checkbox-box\" aria-hidden=\"true\"><\/span><span class=\"forminator-checkbox-label\">Vereinbaren Sie einen Besichtigungstermin:<\/span><\/label><label id=\"forminator-field-checkbox-1-4-69df35685ec68-label\" for=\"forminator-field-checkbox-1-4-69df35685ec68\" class=\"forminator-checkbox\" title=\"Fragen zur Verf\u00fcgbarkeit (Lagerbestand):\"><input type=\"checkbox\" name=\"checkbox-1[]\" value=\"iets-vragen-over-de-beschikbaarheid\" id=\"forminator-field-checkbox-1-4-69df35685ec68\" aria-labelledby=\"forminator-field-checkbox-1-4-69df35685ec68-label\" data-calculation=\"0\"   aria-describedby=\"forminator-field-checkbox-1-69df35685ec68-description\"\/><span class=\"forminator-checkbox-box\" aria-hidden=\"true\"><\/span><span class=\"forminator-checkbox-label\">Fragen zur Verf\u00fcgbarkeit (Lagerbestand):<\/span><\/label><label id=\"forminator-field-checkbox-1-5-69df35685ec68-label\" for=\"forminator-field-checkbox-1-5-69df35685ec68\" class=\"forminator-checkbox\" title=\"Kann ich \u00fcber neue Lagerbest\u00e4nde informiert werden?\"><input type=\"checkbox\" name=\"checkbox-1[]\" value=\"Kan ik op de hoogte gehouden worden over nieuwe voorraad\" id=\"forminator-field-checkbox-1-5-69df35685ec68\" aria-labelledby=\"forminator-field-checkbox-1-5-69df35685ec68-label\" data-calculation=\"0\"   aria-describedby=\"forminator-field-checkbox-1-69df35685ec68-description\"\/><span class=\"forminator-checkbox-box\" aria-hidden=\"true\"><\/span><span class=\"forminator-checkbox-label\">Kann ich \u00fcber neue Lagerbest\u00e4nde informiert werden?<\/span><\/label><label id=\"forminator-field-checkbox-1-6-69df35685ec68-label\" for=\"forminator-field-checkbox-1-6-69df35685ec68\" class=\"forminator-checkbox\" title=\"frag mal was anderes:\"><input type=\"checkbox\" name=\"checkbox-1[]\" value=\"Anders\" id=\"forminator-field-checkbox-1-6-69df35685ec68\" aria-labelledby=\"forminator-field-checkbox-1-6-69df35685ec68-label\" data-calculation=\"0\"   aria-describedby=\"forminator-field-checkbox-1-69df35685ec68-description\"\/><span class=\"forminator-checkbox-box\" aria-hidden=\"true\"><\/span><span class=\"forminator-checkbox-label\">frag mal was anderes:<\/span><\/label><\/div><\/div><\/div><div class=\"forminator-row\"><div id=\"textarea-1\" class=\"forminator-field-textarea forminator-col forminator-col-12\"><div class=\"forminator-field\"><label for=\"forminator-field-textarea-1_69df35685ec68\" id=\"forminator-field-textarea-1_69df35685ec68-label\" class=\"forminator-label\">Nachricht<\/label><textarea name=\"textarea-1\" placeholder=\"\" id=\"forminator-field-textarea-1_69df35685ec68\" class=\"forminator-textarea\" rows=\"6\" style=\"min-height:140px;\" maxlength=\"180\" ><\/textarea><span id=\"forminator-field-textarea-1_69df35685ec68-description\" class=\"forminator-description\"><span data-limit=\"180\" data-type=\"characters\">0 \/ 180<\/span><\/span><\/div><\/div><\/div><input type=\"hidden\" name=\"referer_url\" value=\"\" \/><div class=\"forminator-row forminator-row-last\"><div class=\"forminator-col\"><div class=\"forminator-field\"><button class=\"forminator-button forminator-button-submit\">Anfrage absenden<\/button><\/div><\/div><\/div><input type=\"hidden\" id=\"forminator_nonce\" name=\"forminator_nonce\" value=\"e58c0f0622\" \/><input type=\"hidden\" name=\"_wp_http_referer\" value=\"\/de\/wp-json\/wp\/v2\/product\/2975\" \/><input type=\"hidden\" name=\"form_id\" value=\"7542\"><input type=\"hidden\" name=\"page_id\" value=\"2975\"><input type=\"hidden\" name=\"form_type\" value=\"default\"><input type=\"hidden\" name=\"current_url\" value=\"https:\/\/coolvaria.com\/de\/p\/zigarren-einzelzone-pt-s-200-600\/\"><input type=\"hidden\" name=\"render_id\" value=\"0\"><input type=\"hidden\" name=\"action\" value=\"forminator_submit_form_custom-forms\"><input type=\"hidden\" name=\"trp-form-language\" value=\"de\"\/><\/form><\/p>\n<p>&nbsp;<\/p>","protected":false},"excerpt":{"rendered":"<p>&#039;Ich trinke viel. Ich schlafe ein wenig und rauche eine Zigarre nach der anderen. Deshalb bin ich zweihundertprozentig fit.\u201c \u2014<strong>Winston Churchill<\/strong><\/p>","protected":false},"featured_media":3529,"template":"","meta":{"_sitemap_exclude":false,"_sitemap_priority":"","_sitemap_frequency":""},"product_cat":[60],"product_tag":[],"class_list":["post-2975","product","type-product","status-publish","has-post-thumbnail","hentry","product_cat-sigaren","product_shipping_class-flat-rate","pa_extra-plateaus-mogelijk-ja-mogelijk","pa_extra-plateaus-mogelijk-maar-raden-wij-niet-aan","pa_omgevingstemperatuur-0-38-c","pa_temperature-een-temperatuurzone","pa_temperatuurbereik-14-21-c","pa_volume-600-sigaren","layout-style-2","col-md-4 col-sm-4 col-xs-6","product-has-gallery","product-style-addtocart"],"_links":{"self":[{"href":"https:\/\/coolvaria.com\/de\/wp-json\/wp\/v2\/product\/2975","targetHints":{"allow":["GET"]}}],"collection":[{"href":"https:\/\/coolvaria.com\/de\/wp-json\/wp\/v2\/product"}],"about":[{"href":"https:\/\/coolvaria.com\/de\/wp-json\/wp\/v2\/types\/product"}],"wp:featuredmedia":[{"embeddable":true,"href":"https:\/\/coolvaria.com\/de\/wp-json\/wp\/v2\/media\/3529"}],"wp:attachment":[{"href":"https:\/\/coolvaria.com\/de\/wp-json\/wp\/v2\/media?parent=2975"}],"wp:term":[{"taxonomy":"product_cat","embeddable":true,"href":"https:\/\/coolvaria.com\/de\/wp-json\/wp\/v2\/product_cat?post=2975"},{"taxonomy":"product_tag","embeddable":true,"href":"https:\/\/coolvaria.com\/de\/wp-json\/wp\/v2\/product_tag?post=2975"}],"curies":[{"name":"wp","href":"https:\/\/api.w.org\/{rel}","templated":true}]}}