{"id":2972,"date":"2022-01-31T12:29:32","date_gmt":"2022-01-31T12:29:32","guid":{"rendered":"\/?post_type=product&#038;p=2972"},"modified":"2026-02-23T13:20:06","modified_gmt":"2026-02-23T12:20:06","slug":"kaas-bewaarkast-pt-s-200","status":"publish","type":"product","link":"https:\/\/coolvaria.com\/de\/p\/kase-einzelzone-pt-s-200\/","title":{"rendered":"K\u00e4selagerschrank (K\u00e4sevolumen 105 Liter, HxBxT: 84x59x57cm)"},"content":{"rendered":"<h4 class=\"gt-block\" style=\"text-align: left;\">Der K\u00e4seklimaschrank verf\u00fcgt \u00fcber eine Temperaturzone, die Sie pro Grad einstellen k\u00f6nnen!<\/h4>\n<p class=\"gt-block\" style=\"text-align: left;\">Wir empfehlen f\u00fcr alle K\u00e4sesorten eine Serviertemperatur von ca. 12 \u2013 13 \u00b0C, je nach Wunsch.<\/p>\n<p class=\"gt-block\" style=\"text-align: left;\">Der K\u00e4seklimaschrank ist zwischen 06 und 18\u00b0C \u200b\u200bregelbar und wird durch einen Kompressor gek\u00fchlt, sodass die Umgebungstemperatur keinen Einfluss auf den Betrieb hat.<\/p>\n<p>&nbsp;<\/p>\n<p style=\"text-align: left;\">Das Display zeigt Temperatur und Luftfeuchtigkeit an (die Luftfeuchtigkeitsanzeige ist mit der Temperaturanzeige verbunden und es gibt keinen separaten Sensor \u2013 dieser Sensor dient der Anzeige).<\/p>\n<p>&nbsp;<\/p>\n<p style=\"text-align: left;\"><b>Einige Beispiele f\u00fcr Temperaturen:<\/b><\/p>\n<ul style=\"text-align: left;\">\n<li>Hartk\u00e4se (Beaufort, Gruy\u00e8re) zwischen 8 und 10\u00b0C<\/li>\n<li>Wei\u00dfkruste oder Wei\u00df-Funa-K\u00e4se (Brie, Camembert, Humboldt-Nebel) bei 8\u00b0C<\/li>\n<li>Pont l&#039;Ev\u00eaque-K\u00e4se zwischen 8 und 12\u00b0C<\/li>\n<li>Blauschimmelk\u00e4se (Roquefort, Danish Blue) zwischen 11 und 12\u00b0C<\/li>\n<\/ul>\n<p style=\"text-align: left;\">Um alle K\u00e4sesorten gleichzeitig aufzubewahren, ist eine Temperatur von<u> 9 \u2013 13\u00b0C<\/u>.<\/p>\n<p>&nbsp;<\/p>\n<h4 style=\"text-align: left;\"><b>Konfiguration:<\/b><\/h4>\n<p style=\"text-align: left;\">Dieser K\u00e4seschrank ist mit der optimalsten Konfiguration ausgestattet; <b>3 ausziehbare Regale<\/b> also 4 \u201eF\u00e4cher\u201c (einschlie\u00dflich Boden) zur Aufbewahrung all Ihrer K\u00e4sesorten. Wenn Sie die Position der Regale \u00e4ndern m\u00f6chten, ist dies selbstverst\u00e4ndlich bei allen Regalen m\u00f6glich.<\/p>\n<p>&nbsp;<\/p>\n<p style=\"text-align: left;\">Separat k\u00f6nnen Sie beispielsweise ein Regal auf die Regale stellen. Dieses Brett kann zum Beispiel aus Holz sein, also  \u201e<b>K\u00e4sebrett<\/b>' . Mit dieser k\u00f6nnen Sie Ihren K\u00e4se direkt auf dem Tisch servieren. Sie k\u00f6nnen auch K\u00e4semesser und -teller in den K\u00e4seklimaschrank stellen, sodass alle K\u00e4sesorten und das dazugeh\u00f6rige Zubeh\u00f6r die richtige Temperatur haben, um die K\u00e4sesorten optimal genie\u00dfen zu k\u00f6nnen!<\/p>\n<p>&nbsp;<\/p>\n<p style=\"text-align: left;\">Die Oberseite des K\u00e4se-Klimaschranks kann mit einem Gewicht versehen sein, sodass Messer, Teller, Brot, Weintrauben, Feigen oder sogar ein guter Wein (mit Gl\u00e4sern) in der N\u00e4he des K\u00e4ses platziert werden k\u00f6nnen, um einen besonderen \u201eK\u00e4seplatz\u201c zu schaffen!<\/p>\n<h4 style=\"text-align: left;\"><b><u>Einige Spezifikationen:<\/u><\/b><\/h4>\n<table style=\"font-weight: 400; height: 520px;\" width=\"656\">\n<tbody>\n<tr>\n<td style=\"text-align: left;\" width=\"302\"><strong>Kapazit\u00e4t:<\/strong><\/td>\n<td style=\"text-align: left;\" width=\"302\">105 Liter<\/td>\n<\/tr>\n<tr>\n<td style=\"text-align: left;\" width=\"302\"><strong>Abmessungen (BxTxH): \u00a0\u00a0\u00a0 <\/strong><\/td>\n<td style=\"text-align: left;\" width=\"302\">60 x 57 x 84 cm<\/td>\n<\/tr>\n<tr>\n<td style=\"text-align: left;\" width=\"302\"><strong>Temperaturzone(n)<\/strong><\/td>\n<td style=\"text-align: left;\" width=\"302\">1<\/td>\n<\/tr>\n<tr>\n<td style=\"text-align: left;\" width=\"302\"><strong>Temperaturbereich:\u00a0<\/strong><\/td>\n<td style=\"text-align: left;\" width=\"302\">6-18\u00b0C<\/td>\n<\/tr>\n<tr>\n<td style=\"text-align: left;\" width=\"302\"><strong>Anzahl Regale:<\/strong><\/td>\n<td style=\"text-align: left;\" width=\"302\">3 St\u00fcck<\/td>\n<\/tr>\n<tr>\n<td style=\"text-align: left;\" width=\"302\"><strong>Ausziehbare Regalen:<\/strong><\/td>\n<td style=\"text-align: left;\" width=\"302\">Ja (3x \u2013 kugelgelagertes Gel\u00e4ndersystem)<\/td>\n<\/tr>\n<\/tbody>\n<\/table>\n<h6><\/h6>\n<h5 style=\"text-align: left;\">Siehe <strong><u>alle<\/u> Spezifikationen<\/strong> \u00a0\u2013&gt; <b><u>Spezifikationen<\/u><\/b> (oben, direkt daneben <b>Beschreibung<\/b>)<\/h5>\n<p style=\"text-align: left;\"><img decoding=\"async\" class=\"wp-image-9912 aligncenter\" src=\"https:\/\/cdn.coolvaria.com\/wp-content\/uploads\/Kaas-klimaatkast-105-liter-plateaus-CoolVaria.jpg?strip=all&lossy=1&resize=640%2C325&ssl=1\" alt=\"\" width=\"640\" height=\"325\" srcset=\"https:\/\/cdn.coolvaria.com\/wp-content\/uploads\/Kaas-klimaatkast-105-liter-plateaus-CoolVaria.jpg?strip=all&amp;lossy=1&amp;ssl=1 970w, https:\/\/cdn.coolvaria.com\/wp-content\/uploads\/Kaas-klimaatkast-105-liter-plateaus-CoolVaria-433x220.jpg?strip=all&amp;lossy=1&amp;ssl=1 433w, https:\/\/cdn.coolvaria.com\/wp-content\/uploads\/Kaas-klimaatkast-105-liter-plateaus-CoolVaria-937x475.jpg?strip=all&amp;lossy=1&amp;ssl=1 937w, https:\/\/cdn.coolvaria.com\/wp-content\/uploads\/Kaas-klimaatkast-105-liter-plateaus-CoolVaria-300x152.jpg?strip=all&amp;lossy=1&amp;ssl=1 300w, https:\/\/cdn.coolvaria.com\/wp-content\/uploads\/Kaas-klimaatkast-105-liter-plateaus-CoolVaria-768x390.jpg?strip=all&amp;lossy=1&amp;ssl=1 768w, https:\/\/cdn.coolvaria.com\/wp-content\/uploads\/Kaas-klimaatkast-105-liter-plateaus-CoolVaria-18x9.jpg?strip=all&amp;lossy=1&amp;ssl=1 18w, https:\/\/cdn.coolvaria.com\/wp-content\/uploads\/Kaas-klimaatkast-105-liter-plateaus-CoolVaria.jpg?strip=all&amp;lossy=1&amp;w=128&amp;ssl=1 128w, https:\/\/cdn.coolvaria.com\/wp-content\/uploads\/Kaas-klimaatkast-105-liter-plateaus-CoolVaria.jpg?strip=all&amp;lossy=1&amp;w=512&amp;ssl=1 512w, https:\/\/cdn.coolvaria.com\/wp-content\/uploads\/Kaas-klimaatkast-105-liter-plateaus-CoolVaria.jpg?strip=all&amp;lossy=1&amp;w=640&amp;ssl=1 640w\" sizes=\"(max-width: 640px) 100vw, 640px\" \/><\/p>\n<h3 class=\"gt-block\" style=\"text-align: left;\"><strong>Andere Modelle verf\u00fcgbar?<\/strong><\/h3>\n<p class=\"gt-block\" style=\"text-align: left;\"><a href=\"https:\/\/coolvaria.com\/de\/p\/kaseklimaschrank-25-liter\/?build=Ja&amp;type=Cheese&amp;volume=25&amp;zone=singlezone\">-Ein 25-Liter-K\u00e4se-Klimaschrank (kleineres Modell), klicken Sie auf das Modell unten.<\/a><\/p>\n<p class=\"gt-block\" style=\"text-align: left;\"><a href=\"https:\/\/coolvaria.com\/de\/p\/kaseklimaschrank-25-liter\/?build=Ja&amp;type=Cheese&amp;volume=25&amp;zone=singlezone\">\u00a0\u00a0\u00a0\u00a0\u00a0 <\/a><a href=\"https:\/\/coolvaria.com\/de\/p\/kaseklimaschrank-25-liter\/?build=Ja&amp;type=Cheese&amp;volume=25&amp;zone=singlezone\"><img decoding=\"async\" class=\"alignnone wp-image-9913\" src=\"https:\/\/cdn.coolvaria.com\/wp-content\/uploads\/pts_cheese_1500_basis_light.png?strip=all&lossy=1&resize=300%2C265&ssl=1\" alt=\"\" width=\"300\" height=\"265\" srcset=\"https:\/\/cdn.coolvaria.com\/wp-content\/uploads\/pts_cheese_1500_basis_light.png?strip=all&amp;lossy=1&amp;ssl=1 872w, https:\/\/cdn.coolvaria.com\/wp-content\/uploads\/pts_cheese_1500_basis_light-433x383.png?strip=all&amp;lossy=1&amp;ssl=1 433w, https:\/\/cdn.coolvaria.com\/wp-content\/uploads\/pts_cheese_1500_basis_light-300x265.png?strip=all&amp;lossy=1&amp;ssl=1 300w, https:\/\/cdn.coolvaria.com\/wp-content\/uploads\/pts_cheese_1500_basis_light-768x679.png?strip=all&amp;lossy=1&amp;ssl=1 768w, https:\/\/cdn.coolvaria.com\/wp-content\/uploads\/pts_cheese_1500_basis_light-14x12.png?strip=all&amp;lossy=1&amp;ssl=1 14w, https:\/\/cdn.coolvaria.com\/wp-content\/uploads\/pts_cheese_1500_basis_light.png?strip=all&amp;lossy=1&amp;w=128&amp;ssl=1 128w, https:\/\/cdn.coolvaria.com\/wp-content\/uploads\/pts_cheese_1500_basis_light.png?strip=all&amp;lossy=1&amp;w=512&amp;ssl=1 512w, https:\/\/cdn.coolvaria.com\/wp-content\/uploads\/pts_cheese_1500_basis_light.png?strip=all&amp;lossy=1&amp;w=640&amp;ssl=1 640w\" sizes=\"(max-width: 300px) 100vw, 300px\" \/><\/a><\/p>\n<h3 class=\"gt-block\" style=\"text-align: left;\"><strong>Weitere Informationen (wie es funktioniert, warum, Geschenk)?<\/strong><\/h3>\n<p style=\"text-align: left;\"><a href=\"https:\/\/coolvaria.com\/de\/warum-ein-kase-klimaschrank\/\">-Warum eine K\u00e4se-Klimaschrank und welche Temperatur? klicken Sie hier<\/a><\/p>\n<p style=\"text-align: left;\"><a href=\"https:\/\/coolvaria.com\/de\/weitere-informationen-zu-den-kaseklimaschranken\/\">-F\u00fcr eine vollst\u00e4ndige Erkl\u00e4rung der Funktionsweise dieser K\u00e4seklimaschrank klicken Sie hier<\/a><\/p>\n<div class=\"elementor-element elementor-element-92b612e elementor-widget elementor-widget-heading\" data-id=\"92b612e\" data-element_type=\"widget\" data-widget_type=\"heading.default\" data-trid=\"668\">\n<div class=\"elementor-widget-container\" data-trid=\"669\">\n<h2 style=\"text-align: left;\" data-trid=\"670\"><\/h2>\n<h2 class=\"elementor-heading-title elementor-size-large\" style=\"text-align: left;\" data-trid=\"670\">K\u00f6nnen wir Ihnen bei Ihrer Wahl helfen?<\/h2>\n<\/div>\n<\/div>\n<div class=\"elementor-element elementor-element-e9c05b1 elementor-widget elementor-widget-text-editor\" data-id=\"e9c05b1\" data-element_type=\"widget\" data-widget_type=\"text-editor.default\" data-trid=\"671\">\n<div class=\"elementor-widget-container\" data-trid=\"672\">\n<p style=\"text-align: left;\" data-trid=\"673\"><b>Rufen Sie uns unter +31 (30)25 111 91 an oder f\u00fcllen Sie das Kontaktformular aus.<\/b><\/p>\n<p style=\"text-align: left;\" data-trid=\"673\">Mehr als 40 Michelin-Sterne-Restaurants, Bars, Caterer, Weinh\u00e4ndler, Spirituosengesch\u00e4fte, Industrie, Regierung, diplomatische und konsularische Vertretungen, Universit\u00e4ten und nat\u00fcrlich Verbraucher sind Ihnen vorausgegangen (<a href=\"https:\/\/coolvaria.com\/de\/uber-uns\/\" data-trid=\"678\">Klicken Sie hier f\u00fcr Referenzen<\/a>).<\/p>\n<\/div>\n<\/div>\n<h4 style=\"text-align: center;\"><\/h4>\n<p>&nbsp;<\/p>\n<h4 style=\"text-align: center;\"><b>Kontakt Formular<\/b><\/h4>\n<p style=\"text-align: left;\"><div class=\"forminator-ui forminator-custom-form forminator-custom-form-7542 forminator-design--default  forminator_ajax\" data-forminator-render=\"0\" data-form=\"forminator-module-7542\" data-uid=\"69d823325ba5a\"><br\/><\/div><form\n\t\t\t\tid=\"forminator-module-7542\"\n\t\t\t\tclass=\"forminator-ui forminator-custom-form forminator-custom-form-7542 forminator-design--default  forminator_ajax\"\n\t\t\t\tmethod=\"post\"\n\t\t\t\tdata-forminator-render=\"0\"\n\t\t\t\tdata-form-id=\"7542\"\n\t\t\t\t\n\t\t\t\tdata-design=\"default\"\n\t\t\t\t\n\t\t\t\t\n\t\t\t\t\n\t\t\t\tdata-grid=\"open\"\n\t\t\t\t\n\t\t\t\t\n\t\t\t\tstyle=\"display: none;\"\n\t\t\t\t\n\t\t\t\tdata-uid=\"69d823325ba5a\" action=\"\"\n\t\t\t><div role=\"alert\" aria-live=\"polite\" class=\"forminator-response-message forminator-error\" aria-hidden=\"true\"><\/div><div class=\"forminator-row\"><input type=\"hidden\" id=\"hidden-2_69d823325ba5a\" name=\"hidden-2\" value=\"Kaas bewaarkast (kaas volume 105 liter, HxBxD: 84x59x57cm)\" \/><input type=\"hidden\" id=\"hidden-1_69d823325ba5a\" name=\"hidden-1\" value=\"https:\/\/coolvaria.com\/de\/p\/kase-einzelzone-pt-s-200\/\" \/><\/div><div class=\"forminator-row\"><div id=\"name-1\" class=\"forminator-field-name forminator-col forminator-col-12\"><div class=\"forminator-row forminator-no-margin\" data-multiple=\"true\"><div class=\"forminator-col forminator-col-md-6\"><div class=\"forminator-field\"><label for=\"forminator-field-first-name-1_69d823325ba5a\" class=\"forminator-label\" id=\"forminator-field-first-name-1_69d823325ba5a-label\">Vorname <span class=\"forminator-required\">*<\/span><\/label><input type=\"text\" name=\"name-1-first-name\" placeholder=\"\" id=\"forminator-field-first-name-1_69d823325ba5a\" class=\"forminator-input\" aria-required=\"true\" data-multi=\"1\" value=\"\" \/><\/div><\/div><div class=\"forminator-col forminator-col-md-6\"><div class=\"forminator-field\"><label for=\"forminator-field-last-name-1_69d823325ba5a\" class=\"forminator-label\" id=\"forminator-field-last-name-1_69d823325ba5a-label\">Familienname, Nachname <span class=\"forminator-required\">*<\/span><\/label><input type=\"text\" name=\"name-1-last-name\" placeholder=\"\" id=\"forminator-field-last-name-1_69d823325ba5a\" class=\"forminator-input\" aria-required=\"true\" data-multi=\"1\" value=\"\" \/><\/div><\/div><\/div><\/div><\/div><div class=\"forminator-row\"><div id=\"text-1\" class=\"forminator-field-text forminator-col forminator-col-12\"><div class=\"forminator-field\"><label for=\"forminator-field-text-1_69d823325ba5a\" class=\"forminator-label\" id=\"forminator-field-text-1_69d823325ba5a-label\">Name der Firma<\/label><input type=\"text\" name=\"text-1\" value=\"\" placeholder=\"wenn anwendbar\" id=\"forminator-field-text-1_69d823325ba5a\" class=\"forminator-input forminator-name--field\" data-required=\"\" \/><\/div><\/div><\/div><div class=\"forminator-row\"><div id=\"email-1\" class=\"forminator-field-email forminator-col forminator-col-12\"><div class=\"forminator-field\"><label for=\"forminator-field-email-1_69d823325ba5a\" class=\"forminator-label\" id=\"forminator-field-email-1_69d823325ba5a-label\">E-Mail-Adresse <span class=\"forminator-required\">*<\/span><\/label><input type=\"email\" name=\"email-1\" value=\"\" placeholder=\"\" id=\"forminator-field-email-1_69d823325ba5a\" class=\"forminator-input forminator-email--field\" data-required=\"true\" aria-required=\"true\" \/><\/div><\/div><\/div><div class=\"forminator-row\"><div id=\"phone-1\" class=\"forminator-field-phone forminator-col forminator-col-12\"><div class=\"forminator-field\"><label for=\"forminator-field-phone-1_69d823325ba5a\" class=\"forminator-label\" id=\"forminator-field-phone-1_69d823325ba5a-label\">Telefonnummer<\/label><input type=\"text\" name=\"phone-1\" value=\"\" placeholder=\"\" id=\"forminator-field-phone-1_69d823325ba5a\" class=\"forminator-input forminator-field--phone\" data-required=\"\" aria-required=\"false\" autocomplete=\"off\" data-validation=\"1\" \/><\/div><\/div><\/div><div class=\"forminator-row\"><div id=\"checkbox-1\" class=\"forminator-field-checkbox forminator-col forminator-col-12\"><div role=\"group\" class=\"forminator-field\" aria-labelledby=\"forminator-checkbox-group-69d823325ba5a-label\"><h4 id=\"forminator-checkbox-group-69d823325ba5a-label\" class=\"forminator-label\">Ich m\u00f6chte:<\/h4><label id=\"forminator-field-checkbox-1-1-69d823325ba5a-label\" for=\"forminator-field-checkbox-1-1-69d823325ba5a\" class=\"forminator-checkbox\" title=\"Fordern Sie ein Angebot an:\"><input type=\"checkbox\" name=\"checkbox-1[]\" value=\"service-1\" id=\"forminator-field-checkbox-1-1-69d823325ba5a\" aria-labelledby=\"forminator-field-checkbox-1-1-69d823325ba5a-label\" data-calculation=\"0\"   aria-describedby=\"forminator-field-checkbox-1-69d823325ba5a-description\"\/><span class=\"forminator-checkbox-box\" aria-hidden=\"true\"><\/span><span class=\"forminator-checkbox-label\">Fordern Sie ein Angebot an:<\/span><\/label><label id=\"forminator-field-checkbox-1-2-69d823325ba5a-label\" for=\"forminator-field-checkbox-1-2-69d823325ba5a\" class=\"forminator-checkbox\" title=\"Fragen Sie etwas zur Mehrwertsteuer (f\u00fcr Unternehmen):\"><input type=\"checkbox\" name=\"checkbox-1[]\" value=\"service-2\" id=\"forminator-field-checkbox-1-2-69d823325ba5a\" aria-labelledby=\"forminator-field-checkbox-1-2-69d823325ba5a-label\" data-calculation=\"0\"   aria-describedby=\"forminator-field-checkbox-1-69d823325ba5a-description\"\/><span class=\"forminator-checkbox-box\" aria-hidden=\"true\"><\/span><span class=\"forminator-checkbox-label\">Fragen Sie etwas zur Mehrwertsteuer (f\u00fcr Unternehmen):<\/span><\/label><label id=\"forminator-field-checkbox-1-3-69d823325ba5a-label\" for=\"forminator-field-checkbox-1-3-69d823325ba5a\" class=\"forminator-checkbox\" title=\"Vereinbaren Sie einen Besichtigungstermin:\"><input type=\"checkbox\" name=\"checkbox-1[]\" value=\"Ik-wil-een-bezichtigingsafspraak-maken\" id=\"forminator-field-checkbox-1-3-69d823325ba5a\" aria-labelledby=\"forminator-field-checkbox-1-3-69d823325ba5a-label\" data-calculation=\"0\"   aria-describedby=\"forminator-field-checkbox-1-69d823325ba5a-description\"\/><span class=\"forminator-checkbox-box\" aria-hidden=\"true\"><\/span><span class=\"forminator-checkbox-label\">Vereinbaren Sie einen Besichtigungstermin:<\/span><\/label><label id=\"forminator-field-checkbox-1-4-69d823325ba5a-label\" for=\"forminator-field-checkbox-1-4-69d823325ba5a\" class=\"forminator-checkbox\" title=\"Fragen zur Verf\u00fcgbarkeit (Lagerbestand):\"><input type=\"checkbox\" name=\"checkbox-1[]\" value=\"iets-vragen-over-de-beschikbaarheid\" id=\"forminator-field-checkbox-1-4-69d823325ba5a\" aria-labelledby=\"forminator-field-checkbox-1-4-69d823325ba5a-label\" data-calculation=\"0\"   aria-describedby=\"forminator-field-checkbox-1-69d823325ba5a-description\"\/><span class=\"forminator-checkbox-box\" aria-hidden=\"true\"><\/span><span class=\"forminator-checkbox-label\">Fragen zur Verf\u00fcgbarkeit (Lagerbestand):<\/span><\/label><label id=\"forminator-field-checkbox-1-5-69d823325ba5a-label\" for=\"forminator-field-checkbox-1-5-69d823325ba5a\" class=\"forminator-checkbox\" title=\"Kann ich \u00fcber neue Lagerbest\u00e4nde informiert werden?\"><input type=\"checkbox\" name=\"checkbox-1[]\" value=\"Kan ik op de hoogte gehouden worden over nieuwe voorraad\" id=\"forminator-field-checkbox-1-5-69d823325ba5a\" aria-labelledby=\"forminator-field-checkbox-1-5-69d823325ba5a-label\" data-calculation=\"0\"   aria-describedby=\"forminator-field-checkbox-1-69d823325ba5a-description\"\/><span class=\"forminator-checkbox-box\" aria-hidden=\"true\"><\/span><span class=\"forminator-checkbox-label\">Kann ich \u00fcber neue Lagerbest\u00e4nde informiert werden?<\/span><\/label><label id=\"forminator-field-checkbox-1-6-69d823325ba5a-label\" for=\"forminator-field-checkbox-1-6-69d823325ba5a\" class=\"forminator-checkbox\" title=\"frag mal was anderes:\"><input type=\"checkbox\" name=\"checkbox-1[]\" value=\"Anders\" id=\"forminator-field-checkbox-1-6-69d823325ba5a\" aria-labelledby=\"forminator-field-checkbox-1-6-69d823325ba5a-label\" data-calculation=\"0\"   aria-describedby=\"forminator-field-checkbox-1-69d823325ba5a-description\"\/><span class=\"forminator-checkbox-box\" aria-hidden=\"true\"><\/span><span class=\"forminator-checkbox-label\">frag mal was anderes:<\/span><\/label><\/div><\/div><\/div><div class=\"forminator-row\"><div id=\"textarea-1\" class=\"forminator-field-textarea forminator-col forminator-col-12\"><div class=\"forminator-field\"><label for=\"forminator-field-textarea-1_69d823325ba5a\" id=\"forminator-field-textarea-1_69d823325ba5a-label\" class=\"forminator-label\">Nachricht<\/label><textarea name=\"textarea-1\" placeholder=\"\" id=\"forminator-field-textarea-1_69d823325ba5a\" class=\"forminator-textarea\" rows=\"6\" style=\"min-height:140px;\" maxlength=\"180\" ><\/textarea><span id=\"forminator-field-textarea-1_69d823325ba5a-description\" class=\"forminator-description\"><span data-limit=\"180\" data-type=\"characters\">0 \/ 180<\/span><\/span><\/div><\/div><\/div><input type=\"hidden\" name=\"referer_url\" value=\"\" \/><div class=\"forminator-row forminator-row-last\"><div class=\"forminator-col\"><div class=\"forminator-field\"><button class=\"forminator-button forminator-button-submit\">Anfrage absenden<\/button><\/div><\/div><\/div><input type=\"hidden\" id=\"forminator_nonce\" name=\"forminator_nonce\" value=\"78bbb38031\" \/><input type=\"hidden\" name=\"_wp_http_referer\" value=\"\/de\/wp-json\/wp\/v2\/product\/2972\" \/><input type=\"hidden\" name=\"form_id\" value=\"7542\"><input type=\"hidden\" name=\"page_id\" value=\"2972\"><input type=\"hidden\" name=\"form_type\" value=\"default\"><input type=\"hidden\" name=\"current_url\" value=\"https:\/\/coolvaria.com\/de\/p\/kase-einzelzone-pt-s-200\/\"><input type=\"hidden\" name=\"render_id\" value=\"0\"><input type=\"hidden\" name=\"action\" value=\"forminator_submit_form_custom-forms\"><input type=\"hidden\" name=\"trp-form-language\" value=\"de\"\/><\/form><\/p>","protected":false},"excerpt":{"rendered":"<p>Der K\u00e4seklimaschrank verf\u00fcgt \u00fcber eine Temperaturzone, die Sie pro Grad einstellen k\u00f6nnen! Wir empfehlen f\u00fcr alle K\u00e4sesorten eine Serviertemperatur von ca. 12 \u2013 13\u00b0C, je nach Wunsch.\u2026<\/p>","protected":false},"featured_media":3571,"template":"","meta":{"_sitemap_exclude":false,"_sitemap_priority":"","_sitemap_frequency":""},"product_cat":[62],"product_tag":[],"class_list":["post-2972","product","type-product","status-publish","has-post-thumbnail","hentry","product_cat-kaas","product_shipping_class-flat-rate","pa_extra-plateaus-mogelijk-ja-mogelijk","pa_extra-plateaus-mogelijk-maar-raden-wij-niet-aan","pa_omgevingstemperatuur-0-38-c","pa_temperature-een-temperatuurzone","pa_temperatuurbereik-6-18c","pa_volume-105-liter","layout-style-2","col-md-4 col-sm-4 col-xs-6","product-has-gallery","product-style-addtocart"],"_links":{"self":[{"href":"https:\/\/coolvaria.com\/de\/wp-json\/wp\/v2\/product\/2972","targetHints":{"allow":["GET"]}}],"collection":[{"href":"https:\/\/coolvaria.com\/de\/wp-json\/wp\/v2\/product"}],"about":[{"href":"https:\/\/coolvaria.com\/de\/wp-json\/wp\/v2\/types\/product"}],"wp:featuredmedia":[{"embeddable":true,"href":"https:\/\/coolvaria.com\/de\/wp-json\/wp\/v2\/media\/3571"}],"wp:attachment":[{"href":"https:\/\/coolvaria.com\/de\/wp-json\/wp\/v2\/media?parent=2972"}],"wp:term":[{"taxonomy":"product_cat","embeddable":true,"href":"https:\/\/coolvaria.com\/de\/wp-json\/wp\/v2\/product_cat?post=2972"},{"taxonomy":"product_tag","embeddable":true,"href":"https:\/\/coolvaria.com\/de\/wp-json\/wp\/v2\/product_tag?post=2972"}],"curies":[{"name":"wp","href":"https:\/\/api.w.org\/{rel}","templated":true}]}}