{"id":2953,"date":"2022-01-28T13:06:48","date_gmt":"2022-01-28T13:06:48","guid":{"rendered":"\/?post_type=product&#038;p=2953"},"modified":"2026-03-30T16:57:34","modified_gmt":"2026-03-30T14:57:34","slug":"champagne-bewaarkast-pt-s-450-200","status":"publish","type":"product","link":"https:\/\/coolvaria.com\/de\/p\/champagner-lagerschrank-pt-s-450-200\/","title":{"rendered":"Champagner-Lagerschrank (1 Zone, H\u00f6he 180 cm, 450 Liter)"},"content":{"rendered":"<p style=\"text-align: left;\"><strong><u>Champagner ist ein Wein<\/u><\/strong> Wie jedes andere auch, kann es daher in einem Weinkeller oder Lagerkeller gelagert und gereift werden. Nach der Lagerung beginnt der Champagner, seinen Geschmack zu entwickeln und zu reifen. Au\u00dferdem sollte es vor der Verkostung auf einer geeigneten Temperatur gehalten werden.<\/p>\n<p>&nbsp;<\/p>\n<p style=\"text-align: left;\">Die Champagner-Klimakammer (<b>450 Liter!<\/b>) verf\u00fcgt \u00fcber eine Temperaturzone und Sie k\u00f6nnen den Champagner-Klimaschrank zwischen 5 und 15 \u00b0C einstellen.<\/p>\n<p style=\"text-align: left;\"><b>Die beste Temperatur zum Lagern und Servieren aller Champagnerflaschen liegt zwischen 7 und 12 \u00b0C.<\/b><\/p>\n<h4 style=\"text-align: left;\"><b>Konfiguration:<\/b><\/h4>\n<h5 style=\"text-align: left;\"><\/h5>\n<p style=\"text-align: left;\">Dieser Schrank verf\u00fcgt \u00fcber die optimale Konfiguration zur Aufbewahrung aller Champagner. Sie k\u00f6nnen sogar Magnumflaschen auf den Regalen platzieren. Keine Champagnerflasche gleicht der anderen, daher kann die Menge variieren!<\/p>\n<p>&nbsp;<\/p>\n<p style=\"text-align: left;\"><b>Dieses Modell verf\u00fcgt \u00fcber 7 Regale, also 8 \u201eF\u00e4cher\u201c (einschlie\u00dflich Boden)<\/b> zur Aufbewahrung Ihrer Flaschen. Die obere Ablage ist schr\u00e4g angebracht, sodass die Etiketten Ihrer Champagnerflasche gut sichtbar sind!<\/p>\n<p>&nbsp;<\/p>\n<p style=\"text-align: left;\">Wenn Sie die Position der Regale \u00e4ndern m\u00f6chten, ist dies selbstverst\u00e4ndlich bei allen Regalen m\u00f6glich. Sie k\u00f6nnen Ihre Champagnergl\u00e4ser auch separat auf den Ablagen platzieren, um sie auf die richtige Serviertemperatur zu bringen!<\/p>\n<h4 style=\"text-align: left;\"><b><u>Einige Spezifikationen:<\/u><\/b><\/h4>\n<table style=\"font-weight: 400; height: 520px;\" width=\"656\">\n<tbody>\n<tr>\n<td style=\"text-align: left;\" width=\"302\"><strong>Kapazit\u00e4t:<\/strong><\/td>\n<td style=\"text-align: left;\" width=\"302\">450 Liter<\/td>\n<\/tr>\n<tr>\n<td style=\"text-align: left;\" width=\"302\"><strong>Abmessungen (BxTxH): \u00a0\u00a0\u00a0 <\/strong><\/td>\n<td style=\"text-align: left;\" width=\"302\">59,5 x 72* x 180 cm<\/td>\n<\/tr>\n<tr>\n<td style=\"text-align: left;\" width=\"302\"><strong>Temperaturzone(n)<\/strong><\/td>\n<td style=\"text-align: left;\" width=\"302\">1<\/td>\n<\/tr>\n<tr>\n<td style=\"text-align: left;\" width=\"302\"><strong>Temperaturbereich:\u00a0<\/strong><\/td>\n<td style=\"text-align: left;\" width=\"302\">5-15\u00b0C<\/td>\n<\/tr>\n<tr>\n<td style=\"text-align: left;\" width=\"302\"><strong>Anzahl Regale:<\/strong><\/td>\n<td style=\"text-align: left;\" width=\"302\">7 St\u00fcck (= <u>8 Ablagef\u00e4cher<\/u>, einschlie\u00dflich der Unterseite)<\/td>\n<\/tr>\n<tr>\n<td style=\"text-align: left;\" width=\"302\"><strong>Ausgestattet mit einem Schloss:<\/strong><\/td>\n<td style=\"text-align: left;\" width=\"302\">Ja (Schl\u00fcssel)<\/td>\n<\/tr>\n<\/tbody>\n<\/table>\n<h6><em>*Beachten Sie die Tiefe dieses Modells \u2013 die meisten Einbauger\u00e4te und K\u00fchlschr\u00e4nke haben eine Tiefe von ca. 550 \u2013 600 mm!<\/em><\/h6>\n<h5 style=\"text-align: left;\">Siehe <strong><u>alle<\/u> Spezifikationen<\/strong> \u00a0\u2013&gt; <b><u>Spezifikationen<\/u><\/b> (oben, direkt daneben <b>Beschreibung<\/b>)<\/h5>\n<h4 style=\"text-align: left;\"><img decoding=\"async\" class=\"wp-image-9929 aligncenter\" src=\"https:\/\/cdn.coolvaria.com\/wp-content\/uploads\/Champagne-bewaarkast-450-liter-plateaus-CoolVaria.jpg?strip=all&lossy=1&resize=640%2C540&ssl=1\" alt=\"\" width=\"640\" height=\"540\" srcset=\"https:\/\/cdn.coolvaria.com\/wp-content\/uploads\/Champagne-bewaarkast-450-liter-plateaus-CoolVaria.jpg?strip=all&amp;lossy=1&amp;ssl=1 990w, https:\/\/cdn.coolvaria.com\/wp-content\/uploads\/Champagne-bewaarkast-450-liter-plateaus-CoolVaria-433x366.jpg?strip=all&amp;lossy=1&amp;ssl=1 433w, https:\/\/cdn.coolvaria.com\/wp-content\/uploads\/Champagne-bewaarkast-450-liter-plateaus-CoolVaria-937x791.jpg?strip=all&amp;lossy=1&amp;ssl=1 937w, https:\/\/cdn.coolvaria.com\/wp-content\/uploads\/Champagne-bewaarkast-450-liter-plateaus-CoolVaria-300x253.jpg?strip=all&amp;lossy=1&amp;ssl=1 300w, https:\/\/cdn.coolvaria.com\/wp-content\/uploads\/Champagne-bewaarkast-450-liter-plateaus-CoolVaria-768x649.jpg?strip=all&amp;lossy=1&amp;ssl=1 768w, https:\/\/cdn.coolvaria.com\/wp-content\/uploads\/Champagne-bewaarkast-450-liter-plateaus-CoolVaria-14x12.jpg?strip=all&amp;lossy=1&amp;ssl=1 14w, https:\/\/cdn.coolvaria.com\/wp-content\/uploads\/Champagne-bewaarkast-450-liter-plateaus-CoolVaria.jpg?strip=all&amp;lossy=1&amp;w=128&amp;ssl=1 128w, https:\/\/cdn.coolvaria.com\/wp-content\/uploads\/Champagne-bewaarkast-450-liter-plateaus-CoolVaria.jpg?strip=all&amp;lossy=1&amp;w=512&amp;ssl=1 512w, https:\/\/cdn.coolvaria.com\/wp-content\/uploads\/Champagne-bewaarkast-450-liter-plateaus-CoolVaria.jpg?strip=all&amp;lossy=1&amp;w=640&amp;ssl=1 640w\" sizes=\"(max-width: 640px) 100vw, 640px\" \/><\/h4>\n<h3 class=\"gt-block\" style=\"text-align: left;\"><strong>Andere Modelle verf\u00fcgbar?<\/strong><\/h3>\n<p class=\"gt-block\" style=\"text-align: left;\"><a href=\"https:\/\/coolvaria.com\/de\/p\/champagner-lagerschrank-25-liter\/?build=Ja&amp;type=Champagne&amp;volume=25&amp;zone=singlezone\">-Champagnerschrank, Modell mit einer Temperaturzone <u>25 Liter<\/u> (kleinstes Modell), klicken Sie auf das Modell unten.<\/a><\/p>\n<p class=\"gt-block\" style=\"text-align: left;\"><a href=\"https:\/\/coolvaria.com\/de\/p\/champagner-lagerschrank-105-40\/?build=Ja&amp;type=Champagne&amp;volume=105&amp;zone=singlezone\">-Champagnerschrank, Modell mit einer Temperaturzone <u>105 Liter<\/u> (kleineres Modell), klicken Sie auf das Modell unten.<\/a><\/p>\n<p class=\"gt-block\" style=\"text-align: left;\"><a href=\"https:\/\/coolvaria.com\/de\/p\/champagner-lagerschrank-pt-s-275-120\/?build=Ja&amp;type=Champagne&amp;volume=275&amp;zone=singlezone\">-Champagnerschrank, Modell mit einer Temperaturzone <u>275 Liter<\/u> (gr\u00f6\u00dftes Modell), klicken Sie auf das Modell unten.<\/a><\/p>\n<p><a href=\"https:\/\/coolvaria.com\/de\/p\/weinlagerschrank-pt-s-200-40\/\">\u00a0 <\/a><a href=\"https:\/\/coolvaria.com\/de\/p\/champagner-lagerschrank-25-liter\/?build=Ja&amp;type=Champagne&amp;volume=25&amp;zone=singlezone\"><img decoding=\"async\" class=\"alignnone wp-image-9895\" src=\"https:\/\/cdn.coolvaria.com\/wp-content\/uploads\/Wijn-8-flessen-CoolVaria.webp?strip=all&lossy=1&resize=125%2C325&ssl=1\" alt=\"\" width=\"125\" height=\"325\" srcset=\"https:\/\/cdn.coolvaria.com\/wp-content\/uploads\/Wijn-8-flessen-CoolVaria.webp?strip=all&lossy=1&resize=125%2C325&ssl=1 125w, https:\/\/cdn.coolvaria.com\/wp-content\/uploads\/Wijn-8-flessen-CoolVaria.webp?strip=all&amp;lossy=1&amp;ssl=1 441w, https:\/\/cdn.coolvaria.com\/wp-content\/uploads\/Wijn-8-flessen-CoolVaria-433x1127.webp?strip=all&amp;lossy=1&amp;ssl=1 433w, https:\/\/cdn.coolvaria.com\/wp-content\/uploads\/Wijn-8-flessen-CoolVaria-115x300.webp?strip=all&amp;lossy=1&amp;ssl=1 115w, https:\/\/cdn.coolvaria.com\/wp-content\/uploads\/Wijn-8-flessen-CoolVaria-393x1024.webp?strip=all&amp;lossy=1&amp;ssl=1 393w, https:\/\/cdn.coolvaria.com\/wp-content\/uploads\/Wijn-8-flessen-CoolVaria-5x12.webp?strip=all&amp;lossy=1&amp;ssl=1 5w, https:\/\/cdn.coolvaria.com\/wp-content\/uploads\/Wijn-8-flessen-CoolVaria.webp?strip=all&amp;lossy=1&amp;w=256&amp;ssl=1 256w\" sizes=\"(max-width: 125px) 100vw, 125px\" \/>\u00a0 <\/a><a href=\"https:\/\/coolvaria.com\/de\/p\/champagner-lagerschrank-105-40\/?build=Ja&amp;type=Champagne&amp;volume=105&amp;zone=singlezone\"><img decoding=\"async\" class=\"alignnone wp-image-9916\" src=\"https:\/\/cdn.coolvaria.com\/wp-content\/uploads\/pts_champagne_40_basis.webp?strip=all&lossy=1&resize=125%2C325&ssl=1\" alt=\"\" width=\"125\" height=\"325\" srcset=\"https:\/\/cdn.coolvaria.com\/wp-content\/uploads\/pts_champagne_40_basis.webp?strip=all&lossy=1&resize=125%2C325&ssl=1 125w, https:\/\/cdn.coolvaria.com\/wp-content\/uploads\/pts_champagne_40_basis.webp?strip=all&amp;lossy=1&amp;ssl=1 441w, https:\/\/cdn.coolvaria.com\/wp-content\/uploads\/pts_champagne_40_basis-433x1127.webp?strip=all&amp;lossy=1&amp;ssl=1 433w, https:\/\/cdn.coolvaria.com\/wp-content\/uploads\/pts_champagne_40_basis-115x300.webp?strip=all&amp;lossy=1&amp;ssl=1 115w, https:\/\/cdn.coolvaria.com\/wp-content\/uploads\/pts_champagne_40_basis-393x1024.webp?strip=all&amp;lossy=1&amp;ssl=1 393w, https:\/\/cdn.coolvaria.com\/wp-content\/uploads\/pts_champagne_40_basis-5x12.webp?strip=all&amp;lossy=1&amp;ssl=1 5w, https:\/\/cdn.coolvaria.com\/wp-content\/uploads\/pts_champagne_40_basis.webp?strip=all&amp;lossy=1&amp;w=256&amp;ssl=1 256w\" sizes=\"(max-width: 125px) 100vw, 125px\" \/><\/a><a href=\"https:\/\/coolvaria.com\/de\/p\/champagner-lagerschrank-pt-s-275-120\/?build=Ja&amp;type=Champagne&amp;volume=275&amp;zone=singlezone\">\u00a0\u00a0\u00a0 <\/a><a href=\"https:\/\/coolvaria.com\/de\/p\/champagner-lagerschrank-pt-s-275-120\/?build=Ja&amp;type=Champagne&amp;volume=275&amp;zone=singlezone\"><img decoding=\"async\" class=\"alignnone wp-image-9924\" src=\"https:\/\/cdn.coolvaria.com\/wp-content\/uploads\/pts_champagne_120_basis.png?strip=all&lossy=1&resize=125%2C325&ssl=1\" alt=\"\" width=\"125\" height=\"325\" srcset=\"https:\/\/cdn.coolvaria.com\/wp-content\/uploads\/pts_champagne_120_basis.png?strip=all&lossy=1&resize=125%2C325&ssl=1 125w, https:\/\/cdn.coolvaria.com\/wp-content\/uploads\/pts_champagne_120_basis.png?strip=all&amp;lossy=1&amp;ssl=1 441w, https:\/\/cdn.coolvaria.com\/wp-content\/uploads\/pts_champagne_120_basis-433x1127.png?strip=all&amp;lossy=1&amp;ssl=1 433w, https:\/\/cdn.coolvaria.com\/wp-content\/uploads\/pts_champagne_120_basis-115x300.png?strip=all&amp;lossy=1&amp;ssl=1 115w, https:\/\/cdn.coolvaria.com\/wp-content\/uploads\/pts_champagne_120_basis-393x1024.png?strip=all&amp;lossy=1&amp;ssl=1 393w, https:\/\/cdn.coolvaria.com\/wp-content\/uploads\/pts_champagne_120_basis-5x12.png?strip=all&amp;lossy=1&amp;ssl=1 5w, https:\/\/cdn.coolvaria.com\/wp-content\/uploads\/pts_champagne_120_basis.png?strip=all&amp;lossy=1&amp;w=256&amp;ssl=1 256w\" sizes=\"(max-width: 125px) 100vw, 125px\" \/><\/a><\/p>\n<h3 class=\"gt-block\" style=\"text-align: left;\"><strong>Weitere Informationen (Fotos, Bedienung usw.)?<\/strong><\/h3>\n<p style=\"text-align: left;\"><a href=\"https:\/\/coolvaria.com\/de\/warum-eine-champagner-klimakammer\/\">-Warum eine Champagner-Klimakammer, klicken Sie hier.<\/a><\/p>\n<p style=\"text-align: left;\"><a href=\"https:\/\/coolvaria.com\/de\/fotos-der-champagner-klimakammer\/\">-Weitere Fotos von Champagner-Klimakammern finden Sie hier.<\/a><\/p>\n<p class=\"gt-block\" style=\"text-align: left;\"><a href=\"https:\/\/coolvaria.com\/de\/weitere-informationen-zu-den-champagner-klimaschranken\/\">-F\u00fcr weitere Informationen, wie zum Beispiel eine vollst\u00e4ndige Erkl\u00e4rung der Funktionsweise oder Installationsanweisungen, klicken Sie hier.<\/a><\/p>\n<div class=\"elementor-element elementor-element-92b612e elementor-widget elementor-widget-heading\" data-id=\"92b612e\" data-element_type=\"widget\" data-widget_type=\"heading.default\" data-trid=\"668\">\n<div class=\"elementor-widget-container\" data-trid=\"669\">\n<h2 class=\"elementor-heading-title elementor-size-large\" style=\"text-align: left;\" data-trid=\"670\">K\u00f6nnen wir Ihnen bei Ihrer Wahl helfen?<\/h2>\n<\/div>\n<\/div>\n<div class=\"elementor-element elementor-element-e9c05b1 elementor-widget elementor-widget-text-editor\" data-id=\"e9c05b1\" data-element_type=\"widget\" data-widget_type=\"text-editor.default\" data-trid=\"671\">\n<div class=\"elementor-widget-container\" data-trid=\"672\">\n<p style=\"text-align: left;\" data-trid=\"673\"><b>Rufen Sie uns unter +31 (30)25 111 91 an oder f\u00fcllen Sie das Kontaktformular aus.<\/b><\/p>\n<p style=\"text-align: left;\" data-trid=\"673\">Mehr als 40 Michelin-Sterne-Restaurants, Bars, Caterer, Weinh\u00e4ndler, Spirituosengesch\u00e4fte, Industrie, Regierung, diplomatische und konsularische Vertretungen, Universit\u00e4ten und nat\u00fcrlich Verbraucher sind Ihnen vorausgegangen (<a href=\"https:\/\/coolvaria.com\/de\/uber-uns\/\" data-trid=\"678\">Klicken Sie hier f\u00fcr Referenzen<\/a>).<\/p>\n<\/div>\n<\/div>\n<h4 style=\"text-align: center;\"><\/h4>\n<p>&nbsp;<\/p>\n<h4 style=\"text-align: center;\"><b>Kontakt Formular<\/b><\/h4>\n<p style=\"text-align: left;\"><div class=\"forminator-ui forminator-custom-form forminator-custom-form-7542 forminator-design--default  forminator_ajax\" data-forminator-render=\"0\" data-form=\"forminator-module-7542\" data-uid=\"69e19a12c4ade\"><br\/><\/div><form\n\t\t\t\tid=\"forminator-module-7542\"\n\t\t\t\tclass=\"forminator-ui forminator-custom-form forminator-custom-form-7542 forminator-design--default  forminator_ajax\"\n\t\t\t\tmethod=\"post\"\n\t\t\t\tdata-forminator-render=\"0\"\n\t\t\t\tdata-form-id=\"7542\"\n\t\t\t\t\n\t\t\t\tdata-design=\"default\"\n\t\t\t\t\n\t\t\t\t\n\t\t\t\t\n\t\t\t\tdata-grid=\"open\"\n\t\t\t\t\n\t\t\t\t\n\t\t\t\tstyle=\"display: none;\"\n\t\t\t\t\n\t\t\t\tdata-uid=\"69e19a12c4ade\" action=\"\"\n\t\t\t><div role=\"alert\" aria-live=\"polite\" class=\"forminator-response-message forminator-error\" aria-hidden=\"true\"><\/div><div class=\"forminator-row\"><input type=\"hidden\" id=\"hidden-2_69e19a12c4ade\" name=\"hidden-2\" value=\"Champagne bewaarkast (1 zone, hoogte 180cm, 450 liter)\" \/><input type=\"hidden\" id=\"hidden-1_69e19a12c4ade\" name=\"hidden-1\" value=\"https:\/\/coolvaria.com\/de\/p\/champagner-lagerschrank-pt-s-450-200\/\" \/><\/div><div class=\"forminator-row\"><div id=\"name-1\" class=\"forminator-field-name forminator-col forminator-col-12\"><div class=\"forminator-row forminator-no-margin\" data-multiple=\"true\"><div class=\"forminator-col forminator-col-md-6\"><div class=\"forminator-field\"><label for=\"forminator-field-first-name-1_69e19a12c4ade\" class=\"forminator-label\" id=\"forminator-field-first-name-1_69e19a12c4ade-label\">Vorname <span class=\"forminator-required\">*<\/span><\/label><input type=\"text\" name=\"name-1-first-name\" placeholder=\"\" id=\"forminator-field-first-name-1_69e19a12c4ade\" class=\"forminator-input\" aria-required=\"true\" data-multi=\"1\" value=\"\" \/><\/div><\/div><div class=\"forminator-col forminator-col-md-6\"><div class=\"forminator-field\"><label for=\"forminator-field-last-name-1_69e19a12c4ade\" class=\"forminator-label\" id=\"forminator-field-last-name-1_69e19a12c4ade-label\">Familienname, Nachname <span class=\"forminator-required\">*<\/span><\/label><input type=\"text\" name=\"name-1-last-name\" placeholder=\"\" id=\"forminator-field-last-name-1_69e19a12c4ade\" class=\"forminator-input\" aria-required=\"true\" data-multi=\"1\" value=\"\" \/><\/div><\/div><\/div><\/div><\/div><div class=\"forminator-row\"><div id=\"text-1\" class=\"forminator-field-text forminator-col forminator-col-12\"><div class=\"forminator-field\"><label for=\"forminator-field-text-1_69e19a12c4ade\" class=\"forminator-label\" id=\"forminator-field-text-1_69e19a12c4ade-label\">Name der Firma<\/label><input type=\"text\" name=\"text-1\" value=\"\" placeholder=\"wenn anwendbar\" id=\"forminator-field-text-1_69e19a12c4ade\" class=\"forminator-input forminator-name--field\" data-required=\"\" \/><\/div><\/div><\/div><div class=\"forminator-row\"><div id=\"email-1\" class=\"forminator-field-email forminator-col forminator-col-12\"><div class=\"forminator-field\"><label for=\"forminator-field-email-1_69e19a12c4ade\" class=\"forminator-label\" id=\"forminator-field-email-1_69e19a12c4ade-label\">E-Mail-Adresse <span class=\"forminator-required\">*<\/span><\/label><input type=\"email\" name=\"email-1\" value=\"\" placeholder=\"\" id=\"forminator-field-email-1_69e19a12c4ade\" class=\"forminator-input forminator-email--field\" data-required=\"true\" aria-required=\"true\" \/><\/div><\/div><\/div><div class=\"forminator-row\"><div id=\"phone-1\" class=\"forminator-field-phone forminator-col forminator-col-12\"><div class=\"forminator-field\"><label for=\"forminator-field-phone-1_69e19a12c4ade\" class=\"forminator-label\" id=\"forminator-field-phone-1_69e19a12c4ade-label\">Telefonnummer<\/label><input type=\"text\" name=\"phone-1\" value=\"\" placeholder=\"\" id=\"forminator-field-phone-1_69e19a12c4ade\" class=\"forminator-input forminator-field--phone\" data-required=\"\" aria-required=\"false\" autocomplete=\"off\" data-validation=\"1\" \/><\/div><\/div><\/div><div class=\"forminator-row\"><div id=\"checkbox-1\" class=\"forminator-field-checkbox forminator-col forminator-col-12\"><div role=\"group\" class=\"forminator-field\" aria-labelledby=\"forminator-checkbox-group-69e19a12c4ade-label\"><h4 id=\"forminator-checkbox-group-69e19a12c4ade-label\" class=\"forminator-label\">Ich m\u00f6chte:<\/h4><label id=\"forminator-field-checkbox-1-1-69e19a12c4ade-label\" for=\"forminator-field-checkbox-1-1-69e19a12c4ade\" class=\"forminator-checkbox\" title=\"Fordern Sie ein Angebot an:\"><input type=\"checkbox\" name=\"checkbox-1[]\" value=\"service-1\" id=\"forminator-field-checkbox-1-1-69e19a12c4ade\" aria-labelledby=\"forminator-field-checkbox-1-1-69e19a12c4ade-label\" data-calculation=\"0\"   aria-describedby=\"forminator-field-checkbox-1-69e19a12c4ade-description\"\/><span class=\"forminator-checkbox-box\" aria-hidden=\"true\"><\/span><span class=\"forminator-checkbox-label\">Fordern Sie ein Angebot an:<\/span><\/label><label id=\"forminator-field-checkbox-1-2-69e19a12c4ade-label\" for=\"forminator-field-checkbox-1-2-69e19a12c4ade\" class=\"forminator-checkbox\" title=\"Fragen Sie etwas zur Mehrwertsteuer (f\u00fcr Unternehmen):\"><input type=\"checkbox\" name=\"checkbox-1[]\" value=\"service-2\" id=\"forminator-field-checkbox-1-2-69e19a12c4ade\" aria-labelledby=\"forminator-field-checkbox-1-2-69e19a12c4ade-label\" data-calculation=\"0\"   aria-describedby=\"forminator-field-checkbox-1-69e19a12c4ade-description\"\/><span class=\"forminator-checkbox-box\" aria-hidden=\"true\"><\/span><span class=\"forminator-checkbox-label\">Fragen Sie etwas zur Mehrwertsteuer (f\u00fcr Unternehmen):<\/span><\/label><label id=\"forminator-field-checkbox-1-3-69e19a12c4ade-label\" for=\"forminator-field-checkbox-1-3-69e19a12c4ade\" class=\"forminator-checkbox\" title=\"Vereinbaren Sie einen Besichtigungstermin:\"><input type=\"checkbox\" name=\"checkbox-1[]\" value=\"Ik-wil-een-bezichtigingsafspraak-maken\" id=\"forminator-field-checkbox-1-3-69e19a12c4ade\" aria-labelledby=\"forminator-field-checkbox-1-3-69e19a12c4ade-label\" data-calculation=\"0\"   aria-describedby=\"forminator-field-checkbox-1-69e19a12c4ade-description\"\/><span class=\"forminator-checkbox-box\" aria-hidden=\"true\"><\/span><span class=\"forminator-checkbox-label\">Vereinbaren Sie einen Besichtigungstermin:<\/span><\/label><label id=\"forminator-field-checkbox-1-4-69e19a12c4ade-label\" for=\"forminator-field-checkbox-1-4-69e19a12c4ade\" class=\"forminator-checkbox\" title=\"Fragen zur Verf\u00fcgbarkeit (Lagerbestand):\"><input type=\"checkbox\" name=\"checkbox-1[]\" value=\"iets-vragen-over-de-beschikbaarheid\" id=\"forminator-field-checkbox-1-4-69e19a12c4ade\" aria-labelledby=\"forminator-field-checkbox-1-4-69e19a12c4ade-label\" data-calculation=\"0\"   aria-describedby=\"forminator-field-checkbox-1-69e19a12c4ade-description\"\/><span class=\"forminator-checkbox-box\" aria-hidden=\"true\"><\/span><span class=\"forminator-checkbox-label\">Fragen zur Verf\u00fcgbarkeit (Lagerbestand):<\/span><\/label><label id=\"forminator-field-checkbox-1-5-69e19a12c4ade-label\" for=\"forminator-field-checkbox-1-5-69e19a12c4ade\" class=\"forminator-checkbox\" title=\"Kann ich \u00fcber neue Lagerbest\u00e4nde informiert werden?\"><input type=\"checkbox\" name=\"checkbox-1[]\" value=\"Kan ik op de hoogte gehouden worden over nieuwe voorraad\" id=\"forminator-field-checkbox-1-5-69e19a12c4ade\" aria-labelledby=\"forminator-field-checkbox-1-5-69e19a12c4ade-label\" data-calculation=\"0\"   aria-describedby=\"forminator-field-checkbox-1-69e19a12c4ade-description\"\/><span class=\"forminator-checkbox-box\" aria-hidden=\"true\"><\/span><span class=\"forminator-checkbox-label\">Kann ich \u00fcber neue Lagerbest\u00e4nde informiert werden?<\/span><\/label><label id=\"forminator-field-checkbox-1-6-69e19a12c4ade-label\" for=\"forminator-field-checkbox-1-6-69e19a12c4ade\" class=\"forminator-checkbox\" title=\"frag mal was anderes:\"><input type=\"checkbox\" name=\"checkbox-1[]\" value=\"Anders\" id=\"forminator-field-checkbox-1-6-69e19a12c4ade\" aria-labelledby=\"forminator-field-checkbox-1-6-69e19a12c4ade-label\" data-calculation=\"0\"   aria-describedby=\"forminator-field-checkbox-1-69e19a12c4ade-description\"\/><span class=\"forminator-checkbox-box\" aria-hidden=\"true\"><\/span><span class=\"forminator-checkbox-label\">frag mal was anderes:<\/span><\/label><\/div><\/div><\/div><div class=\"forminator-row\"><div id=\"textarea-1\" class=\"forminator-field-textarea forminator-col forminator-col-12\"><div class=\"forminator-field\"><label for=\"forminator-field-textarea-1_69e19a12c4ade\" id=\"forminator-field-textarea-1_69e19a12c4ade-label\" class=\"forminator-label\">Nachricht<\/label><textarea name=\"textarea-1\" placeholder=\"\" id=\"forminator-field-textarea-1_69e19a12c4ade\" class=\"forminator-textarea\" rows=\"6\" style=\"min-height:140px;\" maxlength=\"180\" ><\/textarea><span id=\"forminator-field-textarea-1_69e19a12c4ade-description\" class=\"forminator-description\"><span data-limit=\"180\" data-type=\"characters\">0 \/ 180<\/span><\/span><\/div><\/div><\/div><input type=\"hidden\" name=\"referer_url\" value=\"\" \/><div class=\"forminator-row forminator-row-last\"><div class=\"forminator-col\"><div class=\"forminator-field\"><button class=\"forminator-button forminator-button-submit\">Anfrage absenden<\/button><\/div><\/div><\/div><input type=\"hidden\" id=\"forminator_nonce\" name=\"forminator_nonce\" value=\"adfaeed341\" \/><input type=\"hidden\" name=\"_wp_http_referer\" value=\"\/de\/wp-json\/wp\/v2\/product\/2953\" \/><input type=\"hidden\" name=\"form_id\" value=\"7542\"><input type=\"hidden\" name=\"page_id\" value=\"2953\"><input type=\"hidden\" name=\"form_type\" value=\"default\"><input type=\"hidden\" name=\"current_url\" value=\"https:\/\/coolvaria.com\/de\/p\/champagner-lagerschrank-pt-s-450-200\/\"><input type=\"hidden\" name=\"render_id\" value=\"0\"><input type=\"hidden\" name=\"action\" value=\"forminator_submit_form_custom-forms\"><input type=\"hidden\" name=\"trp-form-language\" value=\"de\"\/><\/form><\/p>\n<p style=\"text-align: left;\">","protected":false},"excerpt":{"rendered":"<p>\u201eZu viel von allem ist schlecht, aber zu viel Champagner ist genau richtig.\u201c Mark Twain.<\/p>","protected":false},"featured_media":3568,"template":"","meta":{"_sitemap_exclude":false,"_sitemap_priority":"","_sitemap_frequency":""},"product_cat":[63],"product_tag":[],"class_list":["post-2953","product","type-product","status-publish","has-post-thumbnail","hentry","product_cat-champagne","product_shipping_class-flat-rate","pa_extra-plateaus-mogelijk-ja-mogelijk","pa_extra-plateaus-mogelijk-maar-raden-wij-niet-aan","pa_omgevingstemperatuur-0-38-c","pa_temperature-een-temperatuurzone","pa_temperatuurbereik-5-15-c","pa_volume-450-liter","layout-style-2","col-md-4 col-sm-4 col-xs-6","product-has-gallery","product-style-addtocart"],"_links":{"self":[{"href":"https:\/\/coolvaria.com\/de\/wp-json\/wp\/v2\/product\/2953","targetHints":{"allow":["GET"]}}],"collection":[{"href":"https:\/\/coolvaria.com\/de\/wp-json\/wp\/v2\/product"}],"about":[{"href":"https:\/\/coolvaria.com\/de\/wp-json\/wp\/v2\/types\/product"}],"wp:featuredmedia":[{"embeddable":true,"href":"https:\/\/coolvaria.com\/de\/wp-json\/wp\/v2\/media\/3568"}],"wp:attachment":[{"href":"https:\/\/coolvaria.com\/de\/wp-json\/wp\/v2\/media?parent=2953"}],"wp:term":[{"taxonomy":"product_cat","embeddable":true,"href":"https:\/\/coolvaria.com\/de\/wp-json\/wp\/v2\/product_cat?post=2953"},{"taxonomy":"product_tag","embeddable":true,"href":"https:\/\/coolvaria.com\/de\/wp-json\/wp\/v2\/product_tag?post=2953"}],"curies":[{"name":"wp","href":"https:\/\/api.w.org\/{rel}","templated":true}]}}