{"id":2952,"date":"2022-01-28T13:05:53","date_gmt":"2022-01-28T13:05:53","guid":{"rendered":"\/?post_type=product&#038;p=2952"},"modified":"2026-03-30T16:57:46","modified_gmt":"2026-03-30T14:57:46","slug":"bier-bewaarkast-pt-s-450-liters","status":"publish","type":"product","link":"https:\/\/coolvaria.com\/de\/p\/bierlagerschrank-pt-s-200-450\/","title":{"rendered":"Bierlagerschrank (450 Liter, H\u00f6he 180 cm)"},"content":{"rendered":"<h4 style=\"text-align: left;\">Dieser Bierlagerschrank ist mit einer Temperaturzone ausgestattet, die von 05 \u2013 18 \u00b0C einstellbar ist.<\/h4>\n<p style=\"text-align: left;\">Damit Sie alle Biersorten aufbewahren k\u00f6nnen; Ale, Lager, Porter, Wheat, Pilsner, Stout, Blond Ale, Brown Ale, Pale Ale, Indian Pale Ale, Sour Ale und 0,0 bei einer Temperatur.<\/p>\n<p>&nbsp;<\/p>\n<p style=\"text-align: left;\">Sie entscheiden, welche Temperatur Sie einstellen, damit Ihr Bier \u2013 aber auch Ihr Glas \u2013 immer gek\u00fchlt ist! Wunderbar nach einem anstrengenden Tag! Der Klimaschrank ist kompakt und kann in einer \u201eM\u00e4nnerh\u00f6hle\u201c, einer Au\u00dfenk\u00fcche, einer K\u00fcche, einer Bar usw. aufgestellt werden!<\/p>\n<p>&nbsp;<\/p>\n<p style=\"text-align: left;\">Das Gesamtvolumen betr\u00e4gt <b>450!<\/b> Liter und Sie k\u00f6nnen Ihre Dosen, Flaschen und F\u00e4sser sowohl horizontal als auch vertikal lagern.<\/p>\n<p style=\"text-align: left;\">Aufgrund des gro\u00dfen Volumens ist dieser Bierlagerschrank au\u00dferdem mit einem Ventilator ausgestattet, um \u00fcberall f\u00fcr eine gleichm\u00e4\u00dfige Temperatur zu sorgen.<\/p>\n<p>&nbsp;<\/p>\n<p style=\"text-align: left;\">Das Bedienfeld verf\u00fcgt \u00fcber zwei Displays; Eines mit der eingestellten Temperatur und eines mit der tats\u00e4chlichen Temperatur, sodass Sie immer die richtige Temperatur kennen!<\/p>\n<p style=\"text-align: left;\">Die T\u00fcr ist mit Doppelverglasung mit UV-Filter ausgestattet, sodass Sonnenlicht keinen Einfluss auf Ihr Bier hat und dieser Bierlagerschrank verf\u00fcgt \u00fcber ein Schloss (Schl\u00fcssel), sodass Sie der einzige Besitzer Ihres Bieres sind!<\/p>\n<h4 style=\"text-align: left;\"><b>Konfiguration:<\/b><\/h4>\n<p style=\"text-align: left;\">Dieser Bierlagerschrank hat die optimalste Konfiguration und Sie k\u00f6nnen nat\u00fcrlich auch gro\u00dfe (Magnum-)Flaschen auf den Regalen platzieren.<\/p>\n<p>&nbsp;<\/p>\n<p style=\"text-align: left;\"><strong>Dieses Modell verf\u00fcgt \u00fcber 7 Regale, also 8 \u201eF\u00e4cher\u201c (einschlie\u00dflich Boden) zur Aufbewahrung Ihrer Flaschen<\/strong>. Die obere Ablage ist schr\u00e4g angebracht, so dass Sie die Etiketten Ihrer Bierflaschen auf Augenh\u00f6he sehen k\u00f6nnen und eignet sich sehr gut f\u00fcr eine Pr\u00e4sentation.<\/p>\n<p>&nbsp;<\/p>\n<p style=\"text-align: left;\">Wenn Sie die Position der Regale \u00e4ndern m\u00f6chten, ist dies selbstverst\u00e4ndlich bei allen Regalen m\u00f6glich.<\/p>\n<h4 style=\"text-align: left;\"><b><u>Einige Spezifikationen:<\/u><\/b><\/h4>\n<table style=\"font-weight: 400; height: 520px;\" width=\"656\">\n<tbody>\n<tr>\n<td style=\"text-align: left;\" width=\"302\"><strong>Kapazit\u00e4t:<\/strong><\/td>\n<td style=\"text-align: left;\" width=\"302\">450 Liter<\/td>\n<\/tr>\n<tr>\n<td style=\"text-align: left;\" width=\"302\"><strong>Abmessungen (BxTxH): \u00a0\u00a0\u00a0 <\/strong><\/td>\n<td style=\"text-align: left;\" width=\"302\">59,5 x 72* x 180 cm<\/td>\n<\/tr>\n<tr>\n<td style=\"text-align: left;\" width=\"302\"><strong>Temperaturzone(n)<\/strong><\/td>\n<td style=\"text-align: left;\" width=\"302\">1<\/td>\n<\/tr>\n<tr>\n<td style=\"text-align: left;\" width=\"302\"><strong>Temperaturbereich:\u00a0<\/strong><\/td>\n<td style=\"text-align: left;\" width=\"302\">5-18\u00b0C<\/td>\n<\/tr>\n<tr>\n<td style=\"text-align: left;\" width=\"302\"><strong>Anzahl Regale:<\/strong><\/td>\n<td style=\"text-align: left;\" width=\"302\">7 St\u00fcck (= 8<u>\u00a0Ablagef\u00e4cher<\/u>, einschlie\u00dflich der Unterseite)<\/td>\n<\/tr>\n<tr>\n<td style=\"text-align: left;\" width=\"302\"><strong>Ausgestattet mit einem Schloss:<\/strong><\/td>\n<td style=\"text-align: left;\" width=\"302\">Ja (Schl\u00fcssel)<\/td>\n<\/tr>\n<\/tbody>\n<\/table>\n<h5><\/h5>\n<h6><em>*Beachten Sie die Tiefe dieses Modells \u2013 die meisten Einbauger\u00e4te und K\u00fchlschr\u00e4nke haben eine Tiefe von ca. 550 \u2013 600 mm!<\/em><\/h6>\n<h5 style=\"text-align: left;\">Siehe <strong><u>alle<\/u> Spezifikationen<\/strong> \u00a0\u2013&gt; <b><u>Spezifikationen<\/u><\/b> (oben, direkt daneben <b>Beschreibung<\/b>)<\/h5>\n<p><img decoding=\"async\" class=\"aligncenter wp-image-9938\" src=\"https:\/\/cdn.coolvaria.com\/wp-content\/uploads\/Bier-bewaarkast-450-liter-plateaus-CoolVaria.jpg?strip=all&lossy=1&resize=640%2C537&ssl=1\" alt=\"\" width=\"640\" height=\"537\" srcset=\"https:\/\/cdn.coolvaria.com\/wp-content\/uploads\/Bier-bewaarkast-450-liter-plateaus-CoolVaria.jpg?strip=all&amp;lossy=1&amp;ssl=1 1008w, https:\/\/cdn.coolvaria.com\/wp-content\/uploads\/Bier-bewaarkast-450-liter-plateaus-CoolVaria-433x363.jpg?strip=all&amp;lossy=1&amp;ssl=1 433w, https:\/\/cdn.coolvaria.com\/wp-content\/uploads\/Bier-bewaarkast-450-liter-plateaus-CoolVaria-937x786.jpg?strip=all&amp;lossy=1&amp;ssl=1 937w, https:\/\/cdn.coolvaria.com\/wp-content\/uploads\/Bier-bewaarkast-450-liter-plateaus-CoolVaria-300x252.jpg?strip=all&amp;lossy=1&amp;ssl=1 300w, https:\/\/cdn.coolvaria.com\/wp-content\/uploads\/Bier-bewaarkast-450-liter-plateaus-CoolVaria-768x645.jpg?strip=all&amp;lossy=1&amp;ssl=1 768w, https:\/\/cdn.coolvaria.com\/wp-content\/uploads\/Bier-bewaarkast-450-liter-plateaus-CoolVaria-14x12.jpg?strip=all&amp;lossy=1&amp;ssl=1 14w, https:\/\/cdn.coolvaria.com\/wp-content\/uploads\/Bier-bewaarkast-450-liter-plateaus-CoolVaria.jpg?strip=all&amp;lossy=1&amp;w=128&amp;ssl=1 128w, https:\/\/cdn.coolvaria.com\/wp-content\/uploads\/Bier-bewaarkast-450-liter-plateaus-CoolVaria.jpg?strip=all&amp;lossy=1&amp;w=512&amp;ssl=1 512w, https:\/\/cdn.coolvaria.com\/wp-content\/uploads\/Bier-bewaarkast-450-liter-plateaus-CoolVaria.jpg?strip=all&amp;lossy=1&amp;w=640&amp;ssl=1 640w\" sizes=\"(max-width: 640px) 100vw, 640px\" \/><\/p>\n<p>&nbsp;<\/p>\n<h3 class=\"gt-block\" style=\"text-align: left;\"><strong>Andere Modelle verf\u00fcgbar?<\/strong><\/h3>\n<p class=\"gt-block\" style=\"text-align: left;\"><a href=\"https:\/\/coolvaria.com\/de\/p\/bierklimaschrank-pt-s-450-liter\/?build=Ja&amp;type=Beer&amp;volume=450&amp;zone=dualzone\">-Bierklimaschrank, Modell mit \u00a0<u>zwei Temperaturzonen \u2013 450 Liter<\/u>, klicken Sie auf das Modell unten.<\/a><\/p>\n<p class=\"gt-block\" style=\"text-align: left;\">-Bierschrank, Modell mit \u00a0<u>eine Temperaturzone \u2013 275 Liter (kleineres Modell)<\/u>, klicken Sie auf das Modell unten.<\/p>\n<p><a href=\"https:\/\/coolvaria.com\/de\/p\/bierklimaschrank-pt-s-450-liter\/?build=Ja&amp;type=Beer&amp;volume=450&amp;zone=dualzone\"><img decoding=\"async\" class=\"alignnone wp-image-9937\" title=\"2 Zonen - 450 Liter\" src=\"https:\/\/cdn.coolvaria.com\/wp-content\/uploads\/pts_beer_200_basis.png?strip=all&lossy=1&resize=125%2C325&ssl=1\" alt=\"\" width=\"125\" height=\"325\" srcset=\"https:\/\/cdn.coolvaria.com\/wp-content\/uploads\/pts_beer_200_basis.png?strip=all&lossy=1&resize=125%2C325&ssl=1 125w, https:\/\/cdn.coolvaria.com\/wp-content\/uploads\/pts_beer_200_basis.png?strip=all&amp;lossy=1&amp;ssl=1 441w, https:\/\/cdn.coolvaria.com\/wp-content\/uploads\/pts_beer_200_basis-433x1127.png?strip=all&amp;lossy=1&amp;ssl=1 433w, https:\/\/cdn.coolvaria.com\/wp-content\/uploads\/pts_beer_200_basis-115x300.png?strip=all&amp;lossy=1&amp;ssl=1 115w, https:\/\/cdn.coolvaria.com\/wp-content\/uploads\/pts_beer_200_basis-393x1024.png?strip=all&amp;lossy=1&amp;ssl=1 393w, https:\/\/cdn.coolvaria.com\/wp-content\/uploads\/pts_beer_200_basis-5x12.png?strip=all&amp;lossy=1&amp;ssl=1 5w, https:\/\/cdn.coolvaria.com\/wp-content\/uploads\/pts_beer_200_basis.png?strip=all&amp;lossy=1&amp;w=256&amp;ssl=1 256w\" sizes=\"(max-width: 125px) 100vw, 125px\" \/><\/a>\u00a0 \u00a0 <img decoding=\"async\" class=\"alignnone wp-image-9922\" title=\"1 Zone - 275 Liter\" src=\"https:\/\/cdn.coolvaria.com\/wp-content\/uploads\/pts_beer_120_basis.png?strip=all&lossy=1&resize=125%2C325&ssl=1\" alt=\"\" width=\"125\" height=\"325\" srcset=\"https:\/\/cdn.coolvaria.com\/wp-content\/uploads\/pts_beer_120_basis.png?strip=all&lossy=1&resize=125%2C325&ssl=1 125w, https:\/\/cdn.coolvaria.com\/wp-content\/uploads\/pts_beer_120_basis.png?strip=all&amp;lossy=1&amp;ssl=1 441w, https:\/\/cdn.coolvaria.com\/wp-content\/uploads\/pts_beer_120_basis-433x1127.png?strip=all&amp;lossy=1&amp;ssl=1 433w, https:\/\/cdn.coolvaria.com\/wp-content\/uploads\/pts_beer_120_basis-115x300.png?strip=all&amp;lossy=1&amp;ssl=1 115w, https:\/\/cdn.coolvaria.com\/wp-content\/uploads\/pts_beer_120_basis-393x1024.png?strip=all&amp;lossy=1&amp;ssl=1 393w, https:\/\/cdn.coolvaria.com\/wp-content\/uploads\/pts_beer_120_basis-5x12.png?strip=all&amp;lossy=1&amp;ssl=1 5w, https:\/\/cdn.coolvaria.com\/wp-content\/uploads\/pts_beer_120_basis.png?strip=all&amp;lossy=1&amp;w=256&amp;ssl=1 256w\" sizes=\"(max-width: 125px) 100vw, 125px\" \/><\/p>\n<h3 class=\"gt-block\" style=\"text-align: left;\"><strong>\u00a0Informationen (Fotos, Bedienung etc.)?<\/strong><\/h3>\n<p style=\"text-align: left;\"><a href=\"https:\/\/coolvaria.com\/de\/fotos-von-bierkuhlern\/\">-Weitere Fotos von Bierklimaschr\u00e4nken finden Sie hier.<\/a><\/p>\n<p class=\"gt-block\" style=\"text-align: left;\"><a href=\"https:\/\/coolvaria.com\/de\/weitere-informationen-zu-den-bierklimaschranken\/\">-F\u00fcr weitere Informationen, wie zum Beispiel eine vollst\u00e4ndige Erkl\u00e4rung der Funktionsweise oder Installationsanweisungen, klicken Sie hier.<\/a><\/p>\n<div class=\"elementor-element elementor-element-92b612e elementor-widget elementor-widget-heading\" data-id=\"92b612e\" data-element_type=\"widget\" data-widget_type=\"heading.default\" data-trid=\"668\">\n<div class=\"elementor-widget-container\" data-trid=\"669\">\n<h2 style=\"text-align: left;\" data-trid=\"670\"><\/h2>\n<h2 class=\"elementor-heading-title elementor-size-large\" style=\"text-align: left;\" data-trid=\"670\">K\u00f6nnen wir Ihnen bei Ihrer Wahl helfen?<\/h2>\n<\/div>\n<\/div>\n<div class=\"elementor-element elementor-element-e9c05b1 elementor-widget elementor-widget-text-editor\" data-id=\"e9c05b1\" data-element_type=\"widget\" data-widget_type=\"text-editor.default\" data-trid=\"671\">\n<div class=\"elementor-widget-container\" data-trid=\"672\">\n<p style=\"text-align: left;\" data-trid=\"673\"><b>Rufen Sie uns unter +31 (30)25 111 91 an oder f\u00fcllen Sie das Kontaktformular aus.<\/b><\/p>\n<p style=\"text-align: left;\" data-trid=\"673\">Mehr als 40 Michelin-Sterne-Restaurants, Bars, Caterer, Weinh\u00e4ndler, Spirituosengesch\u00e4fte, Industrie, Regierung, diplomatische und konsularische Vertretungen, Universit\u00e4ten und nat\u00fcrlich Verbraucher sind Ihnen vorausgegangen (<a href=\"https:\/\/coolvaria.com\/de\/uber-uns\/\" data-trid=\"678\">Klicken Sie hier f\u00fcr Referenzen<\/a>).<\/p>\n<\/div>\n<\/div>\n<h4 style=\"text-align: center;\"><\/h4>\n<p>&nbsp;<\/p>\n<h4 style=\"text-align: center;\"><b>Kontakt Formular<\/b><\/h4>\n<p style=\"text-align: left;\"><div class=\"forminator-ui forminator-custom-form forminator-custom-form-7542 forminator-design--default  forminator_ajax\" data-forminator-render=\"0\" data-form=\"forminator-module-7542\" data-uid=\"69cd7d4231040\"><br\/><\/div><form\n\t\t\t\tid=\"forminator-module-7542\"\n\t\t\t\tclass=\"forminator-ui forminator-custom-form forminator-custom-form-7542 forminator-design--default  forminator_ajax\"\n\t\t\t\tmethod=\"post\"\n\t\t\t\tdata-forminator-render=\"0\"\n\t\t\t\tdata-form-id=\"7542\"\n\t\t\t\t\n\t\t\t\tdata-design=\"default\"\n\t\t\t\t\n\t\t\t\t\n\t\t\t\t\n\t\t\t\tdata-grid=\"open\"\n\t\t\t\t\n\t\t\t\t\n\t\t\t\tstyle=\"display: none;\"\n\t\t\t\t\n\t\t\t\tdata-uid=\"69cd7d4231040\" action=\"\"\n\t\t\t><div role=\"alert\" aria-live=\"polite\" class=\"forminator-response-message forminator-error\" aria-hidden=\"true\"><\/div><div class=\"forminator-row\"><input type=\"hidden\" id=\"hidden-2_69cd7d4231040\" name=\"hidden-2\" value=\"Bier bewaarkast (450 liters, hoogte 180cm)\" \/><input type=\"hidden\" id=\"hidden-1_69cd7d4231040\" name=\"hidden-1\" value=\"https:\/\/coolvaria.com\/de\/p\/bierlagerschrank-pt-s-200-450\/\" \/><\/div><div class=\"forminator-row\"><div id=\"name-1\" class=\"forminator-field-name forminator-col forminator-col-12\"><div class=\"forminator-row forminator-no-margin\" data-multiple=\"true\"><div class=\"forminator-col forminator-col-md-6\"><div class=\"forminator-field\"><label for=\"forminator-field-first-name-1_69cd7d4231040\" class=\"forminator-label\" id=\"forminator-field-first-name-1_69cd7d4231040-label\">Vorname <span class=\"forminator-required\">*<\/span><\/label><input type=\"text\" name=\"name-1-first-name\" placeholder=\"\" id=\"forminator-field-first-name-1_69cd7d4231040\" class=\"forminator-input\" aria-required=\"true\" data-multi=\"1\" value=\"\" \/><\/div><\/div><div class=\"forminator-col forminator-col-md-6\"><div class=\"forminator-field\"><label for=\"forminator-field-last-name-1_69cd7d4231040\" class=\"forminator-label\" id=\"forminator-field-last-name-1_69cd7d4231040-label\">Familienname, Nachname <span class=\"forminator-required\">*<\/span><\/label><input type=\"text\" name=\"name-1-last-name\" placeholder=\"\" id=\"forminator-field-last-name-1_69cd7d4231040\" class=\"forminator-input\" aria-required=\"true\" data-multi=\"1\" value=\"\" \/><\/div><\/div><\/div><\/div><\/div><div class=\"forminator-row\"><div id=\"text-1\" class=\"forminator-field-text forminator-col forminator-col-12\"><div class=\"forminator-field\"><label for=\"forminator-field-text-1_69cd7d4231040\" class=\"forminator-label\" id=\"forminator-field-text-1_69cd7d4231040-label\">Name der Firma<\/label><input type=\"text\" name=\"text-1\" value=\"\" placeholder=\"wenn anwendbar\" id=\"forminator-field-text-1_69cd7d4231040\" class=\"forminator-input forminator-name--field\" data-required=\"\" \/><\/div><\/div><\/div><div class=\"forminator-row\"><div id=\"email-1\" class=\"forminator-field-email forminator-col forminator-col-12\"><div class=\"forminator-field\"><label for=\"forminator-field-email-1_69cd7d4231040\" class=\"forminator-label\" id=\"forminator-field-email-1_69cd7d4231040-label\">E-Mail-Adresse <span class=\"forminator-required\">*<\/span><\/label><input type=\"email\" name=\"email-1\" value=\"\" placeholder=\"\" id=\"forminator-field-email-1_69cd7d4231040\" class=\"forminator-input forminator-email--field\" data-required=\"true\" aria-required=\"true\" \/><\/div><\/div><\/div><div class=\"forminator-row\"><div id=\"phone-1\" class=\"forminator-field-phone forminator-col forminator-col-12\"><div class=\"forminator-field\"><label for=\"forminator-field-phone-1_69cd7d4231040\" class=\"forminator-label\" id=\"forminator-field-phone-1_69cd7d4231040-label\">Telefonnummer<\/label><input type=\"text\" name=\"phone-1\" value=\"\" placeholder=\"\" id=\"forminator-field-phone-1_69cd7d4231040\" class=\"forminator-input forminator-field--phone\" data-required=\"\" aria-required=\"false\" autocomplete=\"off\" data-validation=\"1\" \/><\/div><\/div><\/div><div class=\"forminator-row\"><div id=\"checkbox-1\" class=\"forminator-field-checkbox forminator-col forminator-col-12\"><div role=\"group\" class=\"forminator-field\" aria-labelledby=\"forminator-checkbox-group-69cd7d4231040-label\"><h4 id=\"forminator-checkbox-group-69cd7d4231040-label\" class=\"forminator-label\">Ich m\u00f6chte:<\/h4><label id=\"forminator-field-checkbox-1-1-69cd7d4231040-label\" for=\"forminator-field-checkbox-1-1-69cd7d4231040\" class=\"forminator-checkbox\" title=\"Fordern Sie ein Angebot an:\"><input type=\"checkbox\" name=\"checkbox-1[]\" value=\"service-1\" id=\"forminator-field-checkbox-1-1-69cd7d4231040\" aria-labelledby=\"forminator-field-checkbox-1-1-69cd7d4231040-label\" data-calculation=\"0\"   aria-describedby=\"forminator-field-checkbox-1-69cd7d4231040-description\"\/><span class=\"forminator-checkbox-box\" aria-hidden=\"true\"><\/span><span class=\"forminator-checkbox-label\">Fordern Sie ein Angebot an:<\/span><\/label><label id=\"forminator-field-checkbox-1-2-69cd7d4231040-label\" for=\"forminator-field-checkbox-1-2-69cd7d4231040\" class=\"forminator-checkbox\" title=\"Fragen Sie etwas zur Mehrwertsteuer (f\u00fcr Unternehmen):\"><input type=\"checkbox\" name=\"checkbox-1[]\" value=\"service-2\" id=\"forminator-field-checkbox-1-2-69cd7d4231040\" aria-labelledby=\"forminator-field-checkbox-1-2-69cd7d4231040-label\" data-calculation=\"0\"   aria-describedby=\"forminator-field-checkbox-1-69cd7d4231040-description\"\/><span class=\"forminator-checkbox-box\" aria-hidden=\"true\"><\/span><span class=\"forminator-checkbox-label\">Fragen Sie etwas zur Mehrwertsteuer (f\u00fcr Unternehmen):<\/span><\/label><label id=\"forminator-field-checkbox-1-3-69cd7d4231040-label\" for=\"forminator-field-checkbox-1-3-69cd7d4231040\" class=\"forminator-checkbox\" title=\"Vereinbaren Sie einen Besichtigungstermin:\"><input type=\"checkbox\" name=\"checkbox-1[]\" value=\"Ik-wil-een-bezichtigingsafspraak-maken\" id=\"forminator-field-checkbox-1-3-69cd7d4231040\" aria-labelledby=\"forminator-field-checkbox-1-3-69cd7d4231040-label\" data-calculation=\"0\"   aria-describedby=\"forminator-field-checkbox-1-69cd7d4231040-description\"\/><span class=\"forminator-checkbox-box\" aria-hidden=\"true\"><\/span><span class=\"forminator-checkbox-label\">Vereinbaren Sie einen Besichtigungstermin:<\/span><\/label><label id=\"forminator-field-checkbox-1-4-69cd7d4231040-label\" for=\"forminator-field-checkbox-1-4-69cd7d4231040\" class=\"forminator-checkbox\" title=\"Fragen zur Verf\u00fcgbarkeit (Lagerbestand):\"><input type=\"checkbox\" name=\"checkbox-1[]\" value=\"iets-vragen-over-de-beschikbaarheid\" id=\"forminator-field-checkbox-1-4-69cd7d4231040\" aria-labelledby=\"forminator-field-checkbox-1-4-69cd7d4231040-label\" data-calculation=\"0\"   aria-describedby=\"forminator-field-checkbox-1-69cd7d4231040-description\"\/><span class=\"forminator-checkbox-box\" aria-hidden=\"true\"><\/span><span class=\"forminator-checkbox-label\">Fragen zur Verf\u00fcgbarkeit (Lagerbestand):<\/span><\/label><label id=\"forminator-field-checkbox-1-5-69cd7d4231040-label\" for=\"forminator-field-checkbox-1-5-69cd7d4231040\" class=\"forminator-checkbox\" title=\"Kann ich \u00fcber neue Lagerbest\u00e4nde informiert werden?\"><input type=\"checkbox\" name=\"checkbox-1[]\" value=\"Kan ik op de hoogte gehouden worden over nieuwe voorraad\" id=\"forminator-field-checkbox-1-5-69cd7d4231040\" aria-labelledby=\"forminator-field-checkbox-1-5-69cd7d4231040-label\" data-calculation=\"0\"   aria-describedby=\"forminator-field-checkbox-1-69cd7d4231040-description\"\/><span class=\"forminator-checkbox-box\" aria-hidden=\"true\"><\/span><span class=\"forminator-checkbox-label\">Kann ich \u00fcber neue Lagerbest\u00e4nde informiert werden?<\/span><\/label><label id=\"forminator-field-checkbox-1-6-69cd7d4231040-label\" for=\"forminator-field-checkbox-1-6-69cd7d4231040\" class=\"forminator-checkbox\" title=\"frag mal was anderes:\"><input type=\"checkbox\" name=\"checkbox-1[]\" value=\"Anders\" id=\"forminator-field-checkbox-1-6-69cd7d4231040\" aria-labelledby=\"forminator-field-checkbox-1-6-69cd7d4231040-label\" data-calculation=\"0\"   aria-describedby=\"forminator-field-checkbox-1-69cd7d4231040-description\"\/><span class=\"forminator-checkbox-box\" aria-hidden=\"true\"><\/span><span class=\"forminator-checkbox-label\">frag mal was anderes:<\/span><\/label><\/div><\/div><\/div><div class=\"forminator-row\"><div id=\"textarea-1\" class=\"forminator-field-textarea forminator-col forminator-col-12\"><div class=\"forminator-field\"><label for=\"forminator-field-textarea-1_69cd7d4231040\" id=\"forminator-field-textarea-1_69cd7d4231040-label\" class=\"forminator-label\">Nachricht<\/label><textarea name=\"textarea-1\" placeholder=\"\" id=\"forminator-field-textarea-1_69cd7d4231040\" class=\"forminator-textarea\" rows=\"6\" style=\"min-height:140px;\" maxlength=\"180\" ><\/textarea><span id=\"forminator-field-textarea-1_69cd7d4231040-description\" class=\"forminator-description\"><span data-limit=\"180\" data-type=\"characters\">0 \/ 180<\/span><\/span><\/div><\/div><\/div><input type=\"hidden\" name=\"referer_url\" value=\"\" \/><div class=\"forminator-row forminator-row-last\"><div class=\"forminator-col\"><div class=\"forminator-field\"><button class=\"forminator-button forminator-button-submit\">Anfrage absenden<\/button><\/div><\/div><\/div><input type=\"hidden\" id=\"forminator_nonce\" name=\"forminator_nonce\" value=\"aec1f4dd8a\" \/><input type=\"hidden\" name=\"_wp_http_referer\" value=\"\/de\/wp-json\/wp\/v2\/product\/2952\" \/><input type=\"hidden\" name=\"form_id\" value=\"7542\"><input type=\"hidden\" name=\"page_id\" value=\"2952\"><input type=\"hidden\" name=\"form_type\" value=\"default\"><input type=\"hidden\" name=\"current_url\" value=\"https:\/\/coolvaria.com\/de\/p\/bierlagerschrank-pt-s-200-450\/\"><input type=\"hidden\" name=\"render_id\" value=\"0\"><input type=\"hidden\" name=\"action\" value=\"forminator_submit_form_custom-forms\"><input type=\"hidden\" name=\"trp-form-language\" value=\"de\"\/><\/form><\/p>\n<p>&nbsp;<\/p>\n<p>&nbsp;<\/p>","protected":false},"excerpt":{"rendered":"<div>Unser gr\u00f6\u00dfter Bierlagerschrank f\u00fcr Ihre M\u00e4nnerh\u00f6hle! Alle Ihre Dosen, Flaschen und KEGs an einem Ort aufbewahrt!<\/div>\n<div><\/div>","protected":false},"featured_media":3563,"template":"","meta":{"_sitemap_exclude":false,"_sitemap_priority":"","_sitemap_frequency":""},"product_cat":[59],"product_tag":[],"class_list":["post-2952","product","type-product","status-publish","has-post-thumbnail","hentry","product_cat-bier","product_shipping_class-flat-rate","pa_extra-plateaus-mogelijk-ja-mogelijk","pa_extra-plateaus-mogelijk-we-raden-niet-aan","pa_omgevingstemperatuur-0-38-c","pa_temperature-een-temperatuurzone","pa_temperatuurbereik-5-18-c","pa_volume-450-liter","layout-style-2","col-md-4 col-sm-4 col-xs-6","product-has-gallery","product-style-addtocart"],"_links":{"self":[{"href":"https:\/\/coolvaria.com\/de\/wp-json\/wp\/v2\/product\/2952","targetHints":{"allow":["GET"]}}],"collection":[{"href":"https:\/\/coolvaria.com\/de\/wp-json\/wp\/v2\/product"}],"about":[{"href":"https:\/\/coolvaria.com\/de\/wp-json\/wp\/v2\/types\/product"}],"wp:featuredmedia":[{"embeddable":true,"href":"https:\/\/coolvaria.com\/de\/wp-json\/wp\/v2\/media\/3563"}],"wp:attachment":[{"href":"https:\/\/coolvaria.com\/de\/wp-json\/wp\/v2\/media?parent=2952"}],"wp:term":[{"taxonomy":"product_cat","embeddable":true,"href":"https:\/\/coolvaria.com\/de\/wp-json\/wp\/v2\/product_cat?post=2952"},{"taxonomy":"product_tag","embeddable":true,"href":"https:\/\/coolvaria.com\/de\/wp-json\/wp\/v2\/product_tag?post=2952"}],"curies":[{"name":"wp","href":"https:\/\/api.w.org\/{rel}","templated":true}]}}