{"id":2951,"date":"2022-01-28T13:04:45","date_gmt":"2022-01-28T13:04:45","guid":{"rendered":"\/?post_type=product&#038;p=2951"},"modified":"2026-03-30T16:57:58","modified_gmt":"2026-03-30T14:57:58","slug":"bier-klimaatkast-pt-s-450-liters","status":"publish","type":"product","link":"https:\/\/coolvaria.com\/de\/p\/bierklimaschrank-pt-s-450-liter\/","title":{"rendered":"Bierklimaschrank (450 Liter, H\u00f6he 180 cm, mehrere Zonen)"},"content":{"rendered":"<h4 style=\"text-align: left;\">Dieser Bierklimaschrank ist ausgestattet mit: <strong>zwei Temperaturzonen<\/strong><u><\/u><\/h4>\n<p style=\"text-align: left;\">Wir verkaufen unsere Modelle an Spezialisten, Biersommeliers und Bierliebhaber, wo die M\u00f6glichkeit besteht, Ihre verschiedenen Biersorten bei unterschiedlichen Temperaturen zu lagern, wie z. Ale, Lager, Porter, Wheat, Pilsner, Stout, Blond Ale, Brown Ale, Pale Ale, Indian Pale Ale und Sour Ale.<\/p>\n<p>&nbsp;<\/p>\n<p style=\"text-align: left;\">Dieser Bierklimaschrank ist ausgestattet mit: <b>zwei Temperaturzonen <\/b>(einstellbar pro 1\u00b0C) und das obere Fach (40%) hat einen Bereich von <b>5-13\u00b0C<\/b> und das untere Fach (60%) hat eine Reihe von <b>13-18\u00b0C <\/b>die getrennt voneinander funktionieren. Dies ist eine Bierklimakammer und f\u00fcr einen optimalen Betrieb ist ein Temperaturunterschied zwischen den Zonen erforderlich. Wenn Sie einen Bierklimaschrank mit nur einer Zone w\u00fcnschen, empfehlen wir Ihnen den <a href=\"https:\/\/coolvaria.com\/de\/p\/bierlagerschrank-pt-s-200-450\/?build=Ja&amp;type=Beer&amp;volume=450&amp;zone=singlezone\">Bierlagerschrank<\/a> An.<\/p>\n<p>&nbsp;<\/p>\n<p style=\"text-align: left;\">Der Klimaschrank verf\u00fcgt \u00fcber eine physische Trennung (zwischen den beiden Zonen) und Sie k\u00f6nnen wirklich alle Ihre Biere bei der richtigen Servier- und Lagertemperatur haben.<\/p>\n<h4 style=\"text-align: left;\"><u><b>Zum Beispiel:<\/b><\/u><\/h4>\n<ul>\n<li style=\"text-align: left;\"><b>Ihr Spezialbier, fermentiertes Bier bei 17\u00b0C.<\/b><\/li>\n<li style=\"text-align: left;\"><b>Oder Doppel-\/Dreifachbiere bei 16\u00b0C<\/b><\/li>\n<li style=\"text-align: left;\"><b>Oder IPS-Biere bei 6-12\u00b0C<\/b><\/li>\n<li style=\"text-align: left;\"><b>Oder Weizenbiere bei 6-8\u00b0C<\/b><\/li>\n<li style=\"text-align: left;\"><b>Oder Lagerbier und Lagerbiere bei 5-7\u00b0C<\/b><\/li>\n<\/ul>\n<h4 style=\"text-align: left;\"><b><u>Und das alles in einer Bierklimakammer!\u00a0<\/u><\/b><\/h4>\n<p>&nbsp;<\/p>\n<p class=\"gt-block\" style=\"text-align: left;\">Das obere Fach verf\u00fcgt \u00fcber zwei voneinander getrennte Zonen, sodass Sie zwei angenehme Temperaturen f\u00fcr eine effizientere Lagerung aller Biersorten schaffen k\u00f6nnen. Sie k\u00f6nnen aber auch Ihre speziellen Biergl\u00e4ser aufbewahren (bewahren Sie die Gl\u00e4ser auch im Klima auf). Schrank, damit auch die Gl\u00e4ser die richtige Temperatur haben!). Wunderbar nach einem anstrengenden Tag!<\/p>\n<p>&nbsp;<\/p>\n<p style=\"text-align: left;\">Das Gesamtvolumen betr\u00e4gt <b>450!<\/b> Liter und Sie k\u00f6nnen Ihre Dosen, Flaschen und F\u00e4sser sowohl horizontal als auch vertikal lagern.<\/p>\n<p>&nbsp;<\/p>\n<p style=\"text-align: left;\">Die T\u00fcr ist mit Doppelverglasung mit UV-Filter ausgestattet, sodass Sonnenlicht keinen Einfluss auf Ihr Bier hat und dieser Bierlagerschrank verf\u00fcgt \u00fcber ein Schloss (Schl\u00fcssel), sodass Sie der einzige Besitzer Ihres Bieres sind!<\/p>\n<p style=\"text-align: left;\">Der Bierklimaschrank kann in einer \u201eM\u00e4nnerh\u00f6hle\u201c, einer Au\u00dfenk\u00fcche, einer K\u00fcche, einer Bar usw. aufgestellt werden!<\/p>\n<h4 style=\"text-align: left;\"><b>Konfiguration:<\/b><\/h4>\n<p style=\"text-align: left;\">Dieser Bierklimaschrank verf\u00fcgt \u00fcber die optimalste Konfiguration und Sie k\u00f6nnen selbstverst\u00e4ndlich auch gro\u00dfe Flaschen auf die Regale stellen.<\/p>\n<p>&nbsp;<\/p>\n<p style=\"text-align: left;\"><strong>Dieses Modell verf\u00fcgt \u00fcber 7 Regale, also 8 \u201eF\u00e4cher\u201c (einschlie\u00dflich Boden) zur Aufbewahrung Ihrer Flaschen<\/strong>. Die obere Ablage ist schr\u00e4g angebracht, so dass Sie die Etiketten Ihrer Bierflaschen auf Augenh\u00f6he sehen k\u00f6nnen und eignet sich sehr gut f\u00fcr eine Pr\u00e4sentation.<\/p>\n<p>&nbsp;<\/p>\n<p style=\"text-align: left;\">Wenn Sie die Position der Regale \u00e4ndern m\u00f6chten, ist dies selbstverst\u00e4ndlich bei allen Regalen m\u00f6glich.<\/p>\n<h4 style=\"text-align: left;\"><b><u>Einige Spezifikationen:<\/u><\/b><\/h4>\n<table style=\"font-weight: 400; height: 520px;\" width=\"656\">\n<tbody>\n<tr>\n<td style=\"text-align: left;\" width=\"302\"><strong>Kapazit\u00e4t:<\/strong><\/td>\n<td style=\"text-align: left;\" width=\"302\">450 Liter<\/td>\n<\/tr>\n<tr>\n<td style=\"text-align: left;\" width=\"302\"><strong>Abmessungen (BxTxH): \u00a0\u00a0\u00a0 <\/strong><\/td>\n<td style=\"text-align: left;\" width=\"302\">59,5 x 72* x 180 cm<\/td>\n<\/tr>\n<tr>\n<td style=\"text-align: left;\" width=\"302\"><strong>Temperaturzone(n)<\/strong><\/td>\n<td style=\"text-align: left;\" width=\"302\">2 (mit 2 F\u00e4chern)<\/td>\n<\/tr>\n<tr>\n<td style=\"text-align: left;\" width=\"302\"><strong>Temperaturbereich:\u00a0<\/strong><\/td>\n<td style=\"text-align: left;\" width=\"302\">5-13\u00b0C (<strong>\u2191<\/strong>) + 13-18\u00b0C (<strong>\u2193<\/strong>)<\/td>\n<\/tr>\n<tr>\n<td style=\"text-align: left;\" width=\"302\"><strong>Anzahl Regale:<\/strong><\/td>\n<td style=\"text-align: left;\" width=\"302\">7 St\u00fcck (= 8<u>\u00a0Ablagef\u00e4cher<\/u>, einschlie\u00dflich der Unterseite)<\/td>\n<\/tr>\n<tr>\n<td style=\"text-align: left;\" width=\"302\"><strong>Ausgestattet mit einem Schloss:<\/strong><\/td>\n<td style=\"text-align: left;\" width=\"302\">Ja (Schl\u00fcssel)<\/td>\n<\/tr>\n<\/tbody>\n<\/table>\n<h5><\/h5>\n<h6><em>*Beachten Sie die Tiefe dieses Modells \u2013 die meisten Einbauger\u00e4te und K\u00fchlschr\u00e4nke haben eine Tiefe von ca. 550 \u2013 600 mm!<\/em><\/h6>\n<h5 style=\"text-align: left;\">Siehe <strong><u>alle<\/u> Spezifikationen<\/strong> \u00a0\u2013&gt; <b><u>Spezifikationen<\/u><\/b> (oben, direkt daneben <b>Beschreibung<\/b>)<\/h5>\n<p>&nbsp;<\/p>\n<figure id=\"attachment_10359\" aria-describedby=\"caption-attachment-10359\" style=\"width: 640px\" class=\"wp-caption aligncenter\"><img decoding=\"async\" class=\"wp-image-10359 size-large\" src=\"https:\/\/cdn.coolvaria.com\/wp-content\/uploads\/Bier_klimaatkast_450_liter_coolvaria.jpg?strip=all&lossy=1&resize=640%2C552&ssl=1\" alt=\"Ein hoher Bierklimaschrank mit Holzregalen, teilweise gef\u00fcllt mit Flaschen. Daneben stehen zwei Pflanzen und ein kleiner Tisch mit drei Gl\u00e4sern verschiedener Getr\u00e4nke.\" width=\"640\" height=\"552\" srcset=\"https:\/\/cdn.coolvaria.com\/wp-content\/uploads\/Bier_klimaatkast_450_liter_coolvaria-1024x883.jpg?strip=all&amp;lossy=1&amp;ssl=1 1024w, https:\/\/cdn.coolvaria.com\/wp-content\/uploads\/Bier_klimaatkast_450_liter_coolvaria-433x374.jpg?strip=all&amp;lossy=1&amp;ssl=1 433w, https:\/\/cdn.coolvaria.com\/wp-content\/uploads\/Bier_klimaatkast_450_liter_coolvaria-937x808.jpg?strip=all&amp;lossy=1&amp;ssl=1 937w, https:\/\/cdn.coolvaria.com\/wp-content\/uploads\/Bier_klimaatkast_450_liter_coolvaria-300x259.jpg?strip=all&amp;lossy=1&amp;ssl=1 300w, https:\/\/cdn.coolvaria.com\/wp-content\/uploads\/Bier_klimaatkast_450_liter_coolvaria-768x663.jpg?strip=all&amp;lossy=1&amp;ssl=1 768w, https:\/\/cdn.coolvaria.com\/wp-content\/uploads\/Bier_klimaatkast_450_liter_coolvaria-14x12.jpg?strip=all&amp;lossy=1&amp;ssl=1 14w, https:\/\/cdn.coolvaria.com\/wp-content\/uploads\/Bier_klimaatkast_450_liter_coolvaria.jpg?strip=all&amp;lossy=1&amp;ssl=1 1166w, https:\/\/cdn.coolvaria.com\/wp-content\/uploads\/Bier_klimaatkast_450_liter_coolvaria.jpg?strip=all&amp;lossy=1&amp;w=128&amp;ssl=1 128w, https:\/\/cdn.coolvaria.com\/wp-content\/uploads\/Bier_klimaatkast_450_liter_coolvaria.jpg?strip=all&amp;lossy=1&amp;w=512&amp;ssl=1 512w, https:\/\/cdn.coolvaria.com\/wp-content\/uploads\/Bier_klimaatkast_450_liter_coolvaria.jpg?strip=all&amp;lossy=1&amp;w=640&amp;ssl=1 640w\" sizes=\"(max-width: 640px) 100vw, 640px\" \/><figcaption id=\"caption-attachment-10359\" class=\"wp-caption-text\">Ein hoher Bierklimaschrank mit Holzregalen, teilweise gef\u00fcllt mit Flaschen. Daneben stehen zwei Pflanzen und ein kleiner Tisch mit drei Gl\u00e4sern verschiedener Getr\u00e4nke.<\/figcaption><\/figure>\n<h3 class=\"gt-block\" style=\"text-align: left;\"><strong>Andere Modelle verf\u00fcgbar?<\/strong><\/h3>\n<p class=\"gt-block\" style=\"text-align: left;\"><a href=\"https:\/\/coolvaria.com\/de\/p\/bierlagerschrank-pt-s-200-450\/?build=Ja&amp;type=Beer&amp;volume=450&amp;zone=singlezone\">-Bierschrank, Modell mit \u00a0<u>eine Temperaturzone \u2013 450 Liter<\/u>, klicken Sie auf das Modell unten.<\/a><\/p>\n<p class=\"gt-block\" style=\"text-align: left;\"><a href=\"https:\/\/coolvaria.com\/de\/p\/bierklimaschrank-pt-s-275-liter\/?build=Ja&amp;type=Beer&amp;volume=275&amp;zone=dualzone\">-Bierklimaschrank, Modell mit \u00a0<u>zwei Temperaturzonen \u2013 275 Liter (kleineres Modell)<\/u>, klicken Sie auf das Modell unten.<\/a><\/p>\n<p><a href=\"https:\/\/coolvaria.com\/de\/p\/bierlagerschrank-pt-s-200-450\/?build=Ja&amp;type=Beer&amp;volume=450&amp;zone=singlezone\"><img decoding=\"async\" class=\"alignnone wp-image-9937\" title=\"1 Zone - 450 Liter\" src=\"https:\/\/cdn.coolvaria.com\/wp-content\/uploads\/pts_beer_200_basis.png?strip=all&lossy=1&resize=125%2C325&ssl=1\" alt=\"\" width=\"125\" height=\"325\" srcset=\"https:\/\/cdn.coolvaria.com\/wp-content\/uploads\/pts_beer_200_basis.png?strip=all&lossy=1&resize=125%2C325&ssl=1 125w, https:\/\/cdn.coolvaria.com\/wp-content\/uploads\/pts_beer_200_basis.png?strip=all&amp;lossy=1&amp;ssl=1 441w, https:\/\/cdn.coolvaria.com\/wp-content\/uploads\/pts_beer_200_basis-433x1127.png?strip=all&amp;lossy=1&amp;ssl=1 433w, https:\/\/cdn.coolvaria.com\/wp-content\/uploads\/pts_beer_200_basis-115x300.png?strip=all&amp;lossy=1&amp;ssl=1 115w, https:\/\/cdn.coolvaria.com\/wp-content\/uploads\/pts_beer_200_basis-393x1024.png?strip=all&amp;lossy=1&amp;ssl=1 393w, https:\/\/cdn.coolvaria.com\/wp-content\/uploads\/pts_beer_200_basis-5x12.png?strip=all&amp;lossy=1&amp;ssl=1 5w, https:\/\/cdn.coolvaria.com\/wp-content\/uploads\/pts_beer_200_basis.png?strip=all&amp;lossy=1&amp;w=256&amp;ssl=1 256w\" sizes=\"(max-width: 125px) 100vw, 125px\" \/><\/a>\u00a0 \u00a0 <a href=\"https:\/\/coolvaria.com\/de\/p\/bierklimaschrank-pt-s-275-liter\/?build=Ja&amp;type=Beer&amp;volume=275&amp;zone=dualzone\"><img decoding=\"async\" class=\"alignnone wp-image-9922\" title=\"2 Zonen - 275 Liter\" src=\"https:\/\/cdn.coolvaria.com\/wp-content\/uploads\/pts_beer_120_basis.png?strip=all&lossy=1&resize=125%2C325&ssl=1\" alt=\"\" width=\"125\" height=\"325\" srcset=\"https:\/\/cdn.coolvaria.com\/wp-content\/uploads\/pts_beer_120_basis.png?strip=all&lossy=1&resize=125%2C325&ssl=1 125w, https:\/\/cdn.coolvaria.com\/wp-content\/uploads\/pts_beer_120_basis.png?strip=all&amp;lossy=1&amp;ssl=1 441w, https:\/\/cdn.coolvaria.com\/wp-content\/uploads\/pts_beer_120_basis-433x1127.png?strip=all&amp;lossy=1&amp;ssl=1 433w, https:\/\/cdn.coolvaria.com\/wp-content\/uploads\/pts_beer_120_basis-115x300.png?strip=all&amp;lossy=1&amp;ssl=1 115w, https:\/\/cdn.coolvaria.com\/wp-content\/uploads\/pts_beer_120_basis-393x1024.png?strip=all&amp;lossy=1&amp;ssl=1 393w, https:\/\/cdn.coolvaria.com\/wp-content\/uploads\/pts_beer_120_basis-5x12.png?strip=all&amp;lossy=1&amp;ssl=1 5w, https:\/\/cdn.coolvaria.com\/wp-content\/uploads\/pts_beer_120_basis.png?strip=all&amp;lossy=1&amp;w=256&amp;ssl=1 256w\" sizes=\"(max-width: 125px) 100vw, 125px\" \/><\/a><\/p>\n<h3 class=\"gt-block\" style=\"text-align: left;\"><strong>Weitere Informationen (Fotos, Bedienung usw.)?<\/strong><\/h3>\n<p style=\"text-align: left;\"><a href=\"https:\/\/coolvaria.com\/de\/fotos-von-bierkuhlern\/\">-Weitere Fotos von Bierklimaschr\u00e4nken finden Sie hier.<\/a><\/p>\n<p class=\"gt-block\" style=\"text-align: left;\"><a href=\"https:\/\/coolvaria.com\/de\/weitere-informationen-zu-den-bierklimaschranken\/\">-F\u00fcr weitere Informationen, wie zum Beispiel eine vollst\u00e4ndige Erkl\u00e4rung der Funktionsweise oder Installationsanweisungen, klicken Sie hier.<\/a><\/p>\n<div class=\"elementor-element elementor-element-92b612e elementor-widget elementor-widget-heading\" data-id=\"92b612e\" data-element_type=\"widget\" data-widget_type=\"heading.default\" data-trid=\"668\">\n<div class=\"elementor-widget-container\" data-trid=\"669\">\n<h2 style=\"text-align: left;\" data-trid=\"670\"><\/h2>\n<h2 class=\"elementor-heading-title elementor-size-large\" style=\"text-align: left;\" data-trid=\"670\">K\u00f6nnen wir Ihnen bei Ihrer Wahl helfen?<\/h2>\n<\/div>\n<\/div>\n<div class=\"elementor-element elementor-element-e9c05b1 elementor-widget elementor-widget-text-editor\" data-id=\"e9c05b1\" data-element_type=\"widget\" data-widget_type=\"text-editor.default\" data-trid=\"671\">\n<div class=\"elementor-widget-container\" data-trid=\"672\">\n<p style=\"text-align: left;\" data-trid=\"673\"><b>Rufen Sie uns unter +31 (30)25 111 91 an oder f\u00fcllen Sie das Kontaktformular aus.<\/b><\/p>\n<p style=\"text-align: left;\" data-trid=\"673\">Mehr als 40 Michelin-Sterne-Restaurants, Bars, Caterer, Weinh\u00e4ndler, Spirituosengesch\u00e4fte, Industrie, Regierung, diplomatische und konsularische Vertretungen, Universit\u00e4ten und nat\u00fcrlich Verbraucher sind Ihnen vorausgegangen (<a href=\"https:\/\/coolvaria.com\/de\/uber-uns\/\" data-trid=\"678\">Klicken Sie hier f\u00fcr Referenzen<\/a>).<\/p>\n<\/div>\n<\/div>\n<h4 style=\"text-align: center;\"><\/h4>\n<p>&nbsp;<\/p>\n<h4 style=\"text-align: center;\"><b>Kontakt Formular<\/b><\/h4>\n<p style=\"text-align: left;\"><div class=\"forminator-ui forminator-custom-form forminator-custom-form-7542 forminator-design--default  forminator_ajax\" data-forminator-render=\"0\" data-form=\"forminator-module-7542\" data-uid=\"69dc4cc5c35db\"><br\/><\/div><form\n\t\t\t\tid=\"forminator-module-7542\"\n\t\t\t\tclass=\"forminator-ui forminator-custom-form forminator-custom-form-7542 forminator-design--default  forminator_ajax\"\n\t\t\t\tmethod=\"post\"\n\t\t\t\tdata-forminator-render=\"0\"\n\t\t\t\tdata-form-id=\"7542\"\n\t\t\t\t\n\t\t\t\tdata-design=\"default\"\n\t\t\t\t\n\t\t\t\t\n\t\t\t\t\n\t\t\t\tdata-grid=\"open\"\n\t\t\t\t\n\t\t\t\t\n\t\t\t\tstyle=\"display: none;\"\n\t\t\t\t\n\t\t\t\tdata-uid=\"69dc4cc5c35db\" action=\"\"\n\t\t\t><div role=\"alert\" aria-live=\"polite\" class=\"forminator-response-message forminator-error\" aria-hidden=\"true\"><\/div><div class=\"forminator-row\"><input type=\"hidden\" id=\"hidden-2_69dc4cc5c35db\" name=\"hidden-2\" value=\"Bier klimaatkast (450 liters, hoogte 180cm, meerdere zones)\" \/><input type=\"hidden\" id=\"hidden-1_69dc4cc5c35db\" name=\"hidden-1\" value=\"https:\/\/coolvaria.com\/de\/p\/bierklimaschrank-pt-s-450-liter\/\" \/><\/div><div class=\"forminator-row\"><div id=\"name-1\" class=\"forminator-field-name forminator-col forminator-col-12\"><div class=\"forminator-row forminator-no-margin\" data-multiple=\"true\"><div class=\"forminator-col forminator-col-md-6\"><div class=\"forminator-field\"><label for=\"forminator-field-first-name-1_69dc4cc5c35db\" class=\"forminator-label\" id=\"forminator-field-first-name-1_69dc4cc5c35db-label\">Vorname <span class=\"forminator-required\">*<\/span><\/label><input type=\"text\" name=\"name-1-first-name\" placeholder=\"\" id=\"forminator-field-first-name-1_69dc4cc5c35db\" class=\"forminator-input\" aria-required=\"true\" data-multi=\"1\" value=\"\" \/><\/div><\/div><div class=\"forminator-col forminator-col-md-6\"><div class=\"forminator-field\"><label for=\"forminator-field-last-name-1_69dc4cc5c35db\" class=\"forminator-label\" id=\"forminator-field-last-name-1_69dc4cc5c35db-label\">Familienname, Nachname <span class=\"forminator-required\">*<\/span><\/label><input type=\"text\" name=\"name-1-last-name\" placeholder=\"\" id=\"forminator-field-last-name-1_69dc4cc5c35db\" class=\"forminator-input\" aria-required=\"true\" data-multi=\"1\" value=\"\" \/><\/div><\/div><\/div><\/div><\/div><div class=\"forminator-row\"><div id=\"text-1\" class=\"forminator-field-text forminator-col forminator-col-12\"><div class=\"forminator-field\"><label for=\"forminator-field-text-1_69dc4cc5c35db\" class=\"forminator-label\" id=\"forminator-field-text-1_69dc4cc5c35db-label\">Name der Firma<\/label><input type=\"text\" name=\"text-1\" value=\"\" placeholder=\"wenn anwendbar\" id=\"forminator-field-text-1_69dc4cc5c35db\" class=\"forminator-input forminator-name--field\" data-required=\"\" \/><\/div><\/div><\/div><div class=\"forminator-row\"><div id=\"email-1\" class=\"forminator-field-email forminator-col forminator-col-12\"><div class=\"forminator-field\"><label for=\"forminator-field-email-1_69dc4cc5c35db\" class=\"forminator-label\" id=\"forminator-field-email-1_69dc4cc5c35db-label\">E-Mail-Adresse <span class=\"forminator-required\">*<\/span><\/label><input type=\"email\" name=\"email-1\" value=\"\" placeholder=\"\" id=\"forminator-field-email-1_69dc4cc5c35db\" class=\"forminator-input forminator-email--field\" data-required=\"true\" aria-required=\"true\" \/><\/div><\/div><\/div><div class=\"forminator-row\"><div id=\"phone-1\" class=\"forminator-field-phone forminator-col forminator-col-12\"><div class=\"forminator-field\"><label for=\"forminator-field-phone-1_69dc4cc5c35db\" class=\"forminator-label\" id=\"forminator-field-phone-1_69dc4cc5c35db-label\">Telefonnummer<\/label><input type=\"text\" name=\"phone-1\" value=\"\" placeholder=\"\" id=\"forminator-field-phone-1_69dc4cc5c35db\" class=\"forminator-input forminator-field--phone\" data-required=\"\" aria-required=\"false\" autocomplete=\"off\" data-validation=\"1\" \/><\/div><\/div><\/div><div class=\"forminator-row\"><div id=\"checkbox-1\" class=\"forminator-field-checkbox forminator-col forminator-col-12\"><div role=\"group\" class=\"forminator-field\" aria-labelledby=\"forminator-checkbox-group-69dc4cc5c35db-label\"><h4 id=\"forminator-checkbox-group-69dc4cc5c35db-label\" class=\"forminator-label\">Ich m\u00f6chte:<\/h4><label id=\"forminator-field-checkbox-1-1-69dc4cc5c35db-label\" for=\"forminator-field-checkbox-1-1-69dc4cc5c35db\" class=\"forminator-checkbox\" title=\"Fordern Sie ein Angebot an:\"><input type=\"checkbox\" name=\"checkbox-1[]\" value=\"service-1\" id=\"forminator-field-checkbox-1-1-69dc4cc5c35db\" aria-labelledby=\"forminator-field-checkbox-1-1-69dc4cc5c35db-label\" data-calculation=\"0\"   aria-describedby=\"forminator-field-checkbox-1-69dc4cc5c35db-description\"\/><span class=\"forminator-checkbox-box\" aria-hidden=\"true\"><\/span><span class=\"forminator-checkbox-label\">Fordern Sie ein Angebot an:<\/span><\/label><label id=\"forminator-field-checkbox-1-2-69dc4cc5c35db-label\" for=\"forminator-field-checkbox-1-2-69dc4cc5c35db\" class=\"forminator-checkbox\" title=\"Fragen Sie etwas zur Mehrwertsteuer (f\u00fcr Unternehmen):\"><input type=\"checkbox\" name=\"checkbox-1[]\" value=\"service-2\" id=\"forminator-field-checkbox-1-2-69dc4cc5c35db\" aria-labelledby=\"forminator-field-checkbox-1-2-69dc4cc5c35db-label\" data-calculation=\"0\"   aria-describedby=\"forminator-field-checkbox-1-69dc4cc5c35db-description\"\/><span class=\"forminator-checkbox-box\" aria-hidden=\"true\"><\/span><span class=\"forminator-checkbox-label\">Fragen Sie etwas zur Mehrwertsteuer (f\u00fcr Unternehmen):<\/span><\/label><label id=\"forminator-field-checkbox-1-3-69dc4cc5c35db-label\" for=\"forminator-field-checkbox-1-3-69dc4cc5c35db\" class=\"forminator-checkbox\" title=\"Vereinbaren Sie einen Besichtigungstermin:\"><input type=\"checkbox\" name=\"checkbox-1[]\" value=\"Ik-wil-een-bezichtigingsafspraak-maken\" id=\"forminator-field-checkbox-1-3-69dc4cc5c35db\" aria-labelledby=\"forminator-field-checkbox-1-3-69dc4cc5c35db-label\" data-calculation=\"0\"   aria-describedby=\"forminator-field-checkbox-1-69dc4cc5c35db-description\"\/><span class=\"forminator-checkbox-box\" aria-hidden=\"true\"><\/span><span class=\"forminator-checkbox-label\">Vereinbaren Sie einen Besichtigungstermin:<\/span><\/label><label id=\"forminator-field-checkbox-1-4-69dc4cc5c35db-label\" for=\"forminator-field-checkbox-1-4-69dc4cc5c35db\" class=\"forminator-checkbox\" title=\"Fragen zur Verf\u00fcgbarkeit (Lagerbestand):\"><input type=\"checkbox\" name=\"checkbox-1[]\" value=\"iets-vragen-over-de-beschikbaarheid\" id=\"forminator-field-checkbox-1-4-69dc4cc5c35db\" aria-labelledby=\"forminator-field-checkbox-1-4-69dc4cc5c35db-label\" data-calculation=\"0\"   aria-describedby=\"forminator-field-checkbox-1-69dc4cc5c35db-description\"\/><span class=\"forminator-checkbox-box\" aria-hidden=\"true\"><\/span><span class=\"forminator-checkbox-label\">Fragen zur Verf\u00fcgbarkeit (Lagerbestand):<\/span><\/label><label id=\"forminator-field-checkbox-1-5-69dc4cc5c35db-label\" for=\"forminator-field-checkbox-1-5-69dc4cc5c35db\" class=\"forminator-checkbox\" title=\"Kann ich \u00fcber neue Lagerbest\u00e4nde informiert werden?\"><input type=\"checkbox\" name=\"checkbox-1[]\" value=\"Kan ik op de hoogte gehouden worden over nieuwe voorraad\" id=\"forminator-field-checkbox-1-5-69dc4cc5c35db\" aria-labelledby=\"forminator-field-checkbox-1-5-69dc4cc5c35db-label\" data-calculation=\"0\"   aria-describedby=\"forminator-field-checkbox-1-69dc4cc5c35db-description\"\/><span class=\"forminator-checkbox-box\" aria-hidden=\"true\"><\/span><span class=\"forminator-checkbox-label\">Kann ich \u00fcber neue Lagerbest\u00e4nde informiert werden?<\/span><\/label><label id=\"forminator-field-checkbox-1-6-69dc4cc5c35db-label\" for=\"forminator-field-checkbox-1-6-69dc4cc5c35db\" class=\"forminator-checkbox\" title=\"frag mal was anderes:\"><input type=\"checkbox\" name=\"checkbox-1[]\" value=\"Anders\" id=\"forminator-field-checkbox-1-6-69dc4cc5c35db\" aria-labelledby=\"forminator-field-checkbox-1-6-69dc4cc5c35db-label\" data-calculation=\"0\"   aria-describedby=\"forminator-field-checkbox-1-69dc4cc5c35db-description\"\/><span class=\"forminator-checkbox-box\" aria-hidden=\"true\"><\/span><span class=\"forminator-checkbox-label\">frag mal was anderes:<\/span><\/label><\/div><\/div><\/div><div class=\"forminator-row\"><div id=\"textarea-1\" class=\"forminator-field-textarea forminator-col forminator-col-12\"><div class=\"forminator-field\"><label for=\"forminator-field-textarea-1_69dc4cc5c35db\" id=\"forminator-field-textarea-1_69dc4cc5c35db-label\" class=\"forminator-label\">Nachricht<\/label><textarea name=\"textarea-1\" placeholder=\"\" id=\"forminator-field-textarea-1_69dc4cc5c35db\" class=\"forminator-textarea\" rows=\"6\" style=\"min-height:140px;\" maxlength=\"180\" ><\/textarea><span id=\"forminator-field-textarea-1_69dc4cc5c35db-description\" class=\"forminator-description\"><span data-limit=\"180\" data-type=\"characters\">0 \/ 180<\/span><\/span><\/div><\/div><\/div><input type=\"hidden\" name=\"referer_url\" value=\"\" \/><div class=\"forminator-row forminator-row-last\"><div class=\"forminator-col\"><div class=\"forminator-field\"><button class=\"forminator-button forminator-button-submit\">Anfrage absenden<\/button><\/div><\/div><\/div><input type=\"hidden\" id=\"forminator_nonce\" name=\"forminator_nonce\" value=\"64be386bcd\" \/><input type=\"hidden\" name=\"_wp_http_referer\" value=\"\/de\/wp-json\/wp\/v2\/product\/2951\" \/><input type=\"hidden\" name=\"form_id\" value=\"7542\"><input type=\"hidden\" name=\"page_id\" value=\"2951\"><input type=\"hidden\" name=\"form_type\" value=\"default\"><input type=\"hidden\" name=\"current_url\" value=\"https:\/\/coolvaria.com\/de\/p\/bierklimaschrank-pt-s-450-liter\/\"><input type=\"hidden\" name=\"render_id\" value=\"0\"><input type=\"hidden\" name=\"action\" value=\"forminator_submit_form_custom-forms\"><input type=\"hidden\" name=\"trp-form-language\" value=\"de\"\/><\/form><\/p>\n<p>&nbsp;<\/p>\n<p>&nbsp;<\/p>\n<p>&nbsp;<\/p>","protected":false},"excerpt":{"rendered":"<p>Der gr\u00f6\u00dfte Bierklimaschrank f\u00fcr Ihre M\u00e4nnerh\u00f6hle!<\/p>","protected":false},"featured_media":10347,"template":"","meta":{"_sitemap_exclude":false,"_sitemap_priority":"","_sitemap_frequency":""},"product_cat":[59],"product_tag":[],"class_list":["post-2951","product","type-product","status-publish","has-post-thumbnail","hentry","product_cat-bier","product_shipping_class-flat-rate","pa_extra-plateaus-mogelijk-ja-mogelijk","pa_omgevingstemperatuur-0-38-c","pa_temperature-twee-temperatuurzones","pa_temperatuurbereik-5-13-c-bovenin-13-18-c-onderin","pa_volume-450-liter","layout-style-2","col-md-4 col-sm-4 col-xs-6","product-has-gallery","product-style-addtocart"],"_links":{"self":[{"href":"https:\/\/coolvaria.com\/de\/wp-json\/wp\/v2\/product\/2951","targetHints":{"allow":["GET"]}}],"collection":[{"href":"https:\/\/coolvaria.com\/de\/wp-json\/wp\/v2\/product"}],"about":[{"href":"https:\/\/coolvaria.com\/de\/wp-json\/wp\/v2\/types\/product"}],"wp:featuredmedia":[{"embeddable":true,"href":"https:\/\/coolvaria.com\/de\/wp-json\/wp\/v2\/media\/10347"}],"wp:attachment":[{"href":"https:\/\/coolvaria.com\/de\/wp-json\/wp\/v2\/media?parent=2951"}],"wp:term":[{"taxonomy":"product_cat","embeddable":true,"href":"https:\/\/coolvaria.com\/de\/wp-json\/wp\/v2\/product_cat?post=2951"},{"taxonomy":"product_tag","embeddable":true,"href":"https:\/\/coolvaria.com\/de\/wp-json\/wp\/v2\/product_tag?post=2951"}],"curies":[{"name":"wp","href":"https:\/\/api.w.org\/{rel}","templated":true}]}}