{"id":2929,"date":"2022-01-28T12:24:26","date_gmt":"2022-01-28T12:24:26","guid":{"rendered":"\/?post_type=product&#038;p=2929"},"modified":"2026-03-30T16:58:08","modified_gmt":"2026-03-30T14:58:08","slug":"wijn-bewaarkast-pt-s-200-flessen","status":"publish","type":"product","link":"https:\/\/coolvaria.com\/de\/p\/weinlagerschrank-pt-s-200-flaschen\/","title":{"rendered":"Weinlagerschrank (200 Flaschen, eine Zone, 180 cm H\u00f6he"},"content":{"rendered":"<h4 class=\"gt-block\" style=\"text-align: left;\">Dieser Schrank ist ausgestattet mit: <strong>eine Temperaturzone<\/strong> um alle Weine zu bewahren <strong>f\u00fcr lagern<\/strong>; Wei\u00df-, Ros\u00e9-, Champagner- und Rotwein.<\/h4>\n<p class=\"gt-block\" style=\"text-align: left;\">Au\u00dferdem sorgt ein Ventilator f\u00fcr eine gleichm\u00e4\u00dfige Temperatur im Schrank.<br \/>\nDas Bedienfeld verf\u00fcgt \u00fcber zwei Displays; Eines mit der eingestellten Temperatur und eines mit der tats\u00e4chlichen Temperatur (damit Sie sofort die aktuelle Temperatur in Ihrem Schrank sehen k\u00f6nnen).<\/p>\n<p>&nbsp;<\/p>\n<p><img decoding=\"async\" class=\"size-medium wp-image-9638 aligncenter\" src=\"https:\/\/cdn.coolvaria.com\/wp-content\/uploads\/Display-klimaatkast-CoolVaria2-300x165.jpg?strip=all&lossy=1&ssl=1\" alt=\"\" width=\"300\" height=\"165\" srcset=\"https:\/\/cdn.coolvaria.com\/wp-content\/uploads\/Display-klimaatkast-CoolVaria2-300x165.jpg?strip=all&amp;lossy=1&amp;ssl=1 300w, https:\/\/cdn.coolvaria.com\/wp-content\/uploads\/Display-klimaatkast-CoolVaria2-433x238.jpg?strip=all&amp;lossy=1&amp;ssl=1 433w, https:\/\/cdn.coolvaria.com\/wp-content\/uploads\/Display-klimaatkast-CoolVaria2-18x10.jpg?strip=all&amp;lossy=1&amp;ssl=1 18w, https:\/\/cdn.coolvaria.com\/wp-content\/uploads\/Display-klimaatkast-CoolVaria2.jpg?strip=all&amp;lossy=1&amp;ssl=1 750w, https:\/\/cdn.coolvaria.com\/wp-content\/uploads\/Display-klimaatkast-CoolVaria2.jpg?strip=all&amp;lossy=1&amp;w=128&amp;ssl=1 128w, https:\/\/cdn.coolvaria.com\/wp-content\/uploads\/Display-klimaatkast-CoolVaria2.jpg?strip=all&amp;lossy=1&amp;w=512&amp;ssl=1 512w, https:\/\/cdn.coolvaria.com\/wp-content\/uploads\/Display-klimaatkast-CoolVaria2.jpg?strip=all&amp;lossy=1&amp;w=640&amp;ssl=1 640w\" sizes=\"(max-width: 300px) 100vw, 300px\" \/><\/p>\n<p style=\"text-align: center;\">Einfache Operation<\/p>\n<p>&nbsp;<\/p>\n<p style=\"text-align: left;\">Sie k\u00f6nnen den Lagerschrank auf eine Lagertemperatur einstellen, aber Sie k\u00f6nnen auch bestimmte Serviertemperaturen einstellen. Es ist wahr, dass der gesamte Raum eine Temperatur haben wird.<\/p>\n<h4 class=\"gt-block\" style=\"text-align: left;\"><b><i><u>Zum Beispiel:<\/u><\/i><\/b><\/h4>\n<p class=\"gt-block\" style=\"text-align: left;\">-Ihren <b>Lagerwein <\/b>(lange reifen lassen).<b> 12\u00b0C<\/b><\/p>\n<p style=\"text-align: left;\">oder<\/p>\n<p class=\"gt-block\" style=\"text-align: left;\">-Ihren <b>gek\u00fchlter Wei\u00dfwein<\/b><b>\u00a0<\/b>auf<b> 8\u00b0C<\/b><\/p>\n<p style=\"text-align: left;\">oder<\/p>\n<p class=\"gt-block\" style=\"text-align: left;\">-Ihren <b>gew\u00f6hnlicher Rotwein<\/b> auf<b> 18\u00b0C<\/b>.<\/p>\n<p>&nbsp;<\/p>\n<h4 style=\"text-align: left;\"><b>Konfiguration:<\/b><\/h4>\n<p style=\"text-align: left;\">Dieser Weinlagerschrank hat die optimale Konfiguration und Sie k\u00f6nnen darin sogar Magnumflaschen aufbewahren.<\/p>\n<p style=\"text-align: left;\"><b>Dieses Modell verf\u00fcgt \u00fcber 7 Regale<\/b>, also 8 F\u00e4cher (einschlie\u00dflich Boden) zur Aufbewahrung Ihrer Flaschen. Das oberste Regal (Lagerregal) ist schr\u00e4g angebracht, damit die Etiketten gut sichtbar sind. Wenn Sie die Position der Regale \u00e4ndern m\u00f6chten, ist dies selbstverst\u00e4ndlich bei allen Regalen m\u00f6glich.<\/p>\n<p>&nbsp;<\/p>\n<h4 style=\"text-align: left;\"><b><u>Einige Spezifikationen:<\/u><\/b><\/h4>\n<table style=\"font-weight: 400; height: 520px;\" width=\"656\">\n<tbody>\n<tr>\n<td style=\"text-align: left;\" width=\"302\"><strong>Kapazit\u00e4t:<\/strong><\/td>\n<td style=\"text-align: left;\" width=\"302\">200 Flaschen<\/td>\n<\/tr>\n<tr>\n<td style=\"text-align: left;\" width=\"302\"><strong>Abmessungen (BxTxH): \u00a0\u00a0\u00a0 <\/strong><\/td>\n<td style=\"text-align: left;\" width=\"302\">59,5 x 72* x 180 cm<\/td>\n<\/tr>\n<tr>\n<td style=\"text-align: left;\" width=\"302\"><strong>Temperaturzone(n)<\/strong><\/td>\n<td style=\"text-align: left;\" width=\"302\">\u00a01<\/td>\n<\/tr>\n<tr>\n<td style=\"text-align: left;\" width=\"302\"><strong>Temperaturbereich:\u00a0<\/strong><\/td>\n<td style=\"text-align: left;\" width=\"302\">5-20\u00b0C<\/td>\n<\/tr>\n<tr>\n<td style=\"text-align: left;\" width=\"302\"><strong>Anzahl Regale:<\/strong><\/td>\n<td style=\"text-align: left;\" width=\"302\">7 St\u00fcck (= <u>8 Ablagef\u00e4cher<\/u>, einschlie\u00dflich der Unterseite)<\/td>\n<\/tr>\n<tr>\n<td style=\"text-align: left;\" width=\"302\"><strong>Ausgestattet mit einem Schloss:<\/strong><\/td>\n<td style=\"text-align: left;\" width=\"302\">Ja (Schl\u00fcssel)<\/td>\n<\/tr>\n<\/tbody>\n<\/table>\n<h6><em>*Beachten Sie die Tiefe dieses Modells \u2013 die meisten Einbauger\u00e4te und K\u00fchlschr\u00e4nke haben eine Tiefe von ca. 550 \u2013 600 mm!<\/em><\/h6>\n<h5 style=\"text-align: left;\">Siehe <strong><u>alle<\/u> Spezifikationen<\/strong> \u00a0\u2013&gt; <b><u>Spezifikationen<\/u><\/b> (oben, direkt daneben <b>Beschreibung<\/b>)<\/h5>\n<h3><img decoding=\"async\" class=\"wp-image-9897 aligncenter\" src=\"https:\/\/cdn.coolvaria.com\/wp-content\/uploads\/Wijnbewaarkast-200-flessen-plateaus-CoolVaria.jpg?strip=all&lossy=1&resize=640%2C574&ssl=1\" alt=\"\" width=\"640\" height=\"574\" srcset=\"https:\/\/cdn.coolvaria.com\/wp-content\/uploads\/Wijnbewaarkast-200-flessen-plateaus-CoolVaria.jpg?strip=all&amp;lossy=1&amp;ssl=1 956w, https:\/\/cdn.coolvaria.com\/wp-content\/uploads\/Wijnbewaarkast-200-flessen-plateaus-CoolVaria-433x389.jpg?strip=all&amp;lossy=1&amp;ssl=1 433w, https:\/\/cdn.coolvaria.com\/wp-content\/uploads\/Wijnbewaarkast-200-flessen-plateaus-CoolVaria-937x841.jpg?strip=all&amp;lossy=1&amp;ssl=1 937w, https:\/\/cdn.coolvaria.com\/wp-content\/uploads\/Wijnbewaarkast-200-flessen-plateaus-CoolVaria-300x269.jpg?strip=all&amp;lossy=1&amp;ssl=1 300w, https:\/\/cdn.coolvaria.com\/wp-content\/uploads\/Wijnbewaarkast-200-flessen-plateaus-CoolVaria-768x689.jpg?strip=all&amp;lossy=1&amp;ssl=1 768w, https:\/\/cdn.coolvaria.com\/wp-content\/uploads\/Wijnbewaarkast-200-flessen-plateaus-CoolVaria-13x12.jpg?strip=all&amp;lossy=1&amp;ssl=1 13w, https:\/\/cdn.coolvaria.com\/wp-content\/uploads\/Wijnbewaarkast-200-flessen-plateaus-CoolVaria.jpg?strip=all&amp;lossy=1&amp;w=128&amp;ssl=1 128w, https:\/\/cdn.coolvaria.com\/wp-content\/uploads\/Wijnbewaarkast-200-flessen-plateaus-CoolVaria.jpg?strip=all&amp;lossy=1&amp;w=512&amp;ssl=1 512w, https:\/\/cdn.coolvaria.com\/wp-content\/uploads\/Wijnbewaarkast-200-flessen-plateaus-CoolVaria.jpg?strip=all&amp;lossy=1&amp;w=640&amp;ssl=1 640w\" sizes=\"(max-width: 640px) 100vw, 640px\" \/><\/h3>\n<h3 class=\"gt-block\" style=\"text-align: left;\"><strong>Andere Modelle verf\u00fcgbar?<\/strong><\/h3>\n<p class=\"gt-block\" style=\"text-align: left;\"><a href=\"https:\/\/coolvaria.com\/de\/p\/weinklimaschrank-pt-s-200\/?build=Ja&amp;type=Wine&amp;volume=200&amp;zone=dualzone\">-Weinklimaschrank, Modell mit <u>zwei Temperaturzonen f\u00fcr 200 Flaschen<\/u>, klicken Sie auf das Modell unten.<\/a><\/p>\n<p class=\"gt-block\" style=\"text-align: left;\"><a href=\"https:\/\/coolvaria.com\/de\/p\/weinlagerschrank-pt-s-120-flaschen\/?build=Ja&amp;type=Wine&amp;volume=120&amp;zone=singlezone\">-Weinlagerschrank, Modell mit \u00a0<u>eine Temperaturzone f\u00fcr 120 Flaschen (kleineres Modell)<\/u>, klicken Sie auf das Modell unten.<\/a><\/p>\n<p><a href=\"https:\/\/coolvaria.com\/de\/p\/weinklimaschrank-pt-s-200\/?build=Ja&amp;type=Wine&amp;volume=200&amp;zone=dualzone\"><img decoding=\"async\" class=\"alignnone wp-image-9888\" src=\"https:\/\/cdn.coolvaria.com\/wp-content\/uploads\/pts_wine_200_basis-1.webp?strip=all&lossy=1&resize=125%2C325&ssl=1\" alt=\"\" width=\"125\" height=\"325\" srcset=\"https:\/\/cdn.coolvaria.com\/wp-content\/uploads\/pts_wine_200_basis-1.webp?strip=all&lossy=1&resize=125%2C325&ssl=1 125w, https:\/\/cdn.coolvaria.com\/wp-content\/uploads\/pts_wine_200_basis-1.webp?strip=all&amp;lossy=1&amp;ssl=1 441w, https:\/\/cdn.coolvaria.com\/wp-content\/uploads\/pts_wine_200_basis-1-433x1127.webp?strip=all&amp;lossy=1&amp;ssl=1 433w, https:\/\/cdn.coolvaria.com\/wp-content\/uploads\/pts_wine_200_basis-1-115x300.webp?strip=all&amp;lossy=1&amp;ssl=1 115w, https:\/\/cdn.coolvaria.com\/wp-content\/uploads\/pts_wine_200_basis-1-393x1024.webp?strip=all&amp;lossy=1&amp;ssl=1 393w, https:\/\/cdn.coolvaria.com\/wp-content\/uploads\/pts_wine_200_basis-1-5x12.webp?strip=all&amp;lossy=1&amp;ssl=1 5w, https:\/\/cdn.coolvaria.com\/wp-content\/uploads\/pts_wine_200_basis-1.webp?strip=all&amp;lossy=1&amp;w=256&amp;ssl=1 256w\" sizes=\"(max-width: 125px) 100vw, 125px\" \/><\/a>\u00a0 \u00a0 \u00a0 \u00a0 \u00a0 \u00a0 \u00a0 \u00a0 <a href=\"https:\/\/coolvaria.com\/de\/p\/weinlagerschrank-pt-s-120-flaschen\/?build=Ja&amp;type=Wine&amp;volume=120&amp;zone=singlezone\"><img decoding=\"async\" class=\"alignnone wp-image-9889\" src=\"https:\/\/cdn.coolvaria.com\/wp-content\/uploads\/pts_wine_120_basis-1zone.webp?strip=all&lossy=1&resize=125%2C325&ssl=1\" alt=\"\" width=\"125\" height=\"325\" srcset=\"https:\/\/cdn.coolvaria.com\/wp-content\/uploads\/pts_wine_120_basis-1zone.webp?strip=all&lossy=1&resize=125%2C325&ssl=1 125w, https:\/\/cdn.coolvaria.com\/wp-content\/uploads\/pts_wine_120_basis-1zone.webp?strip=all&amp;lossy=1&amp;ssl=1 441w, https:\/\/cdn.coolvaria.com\/wp-content\/uploads\/pts_wine_120_basis-1zone-433x1127.webp?strip=all&amp;lossy=1&amp;ssl=1 433w, https:\/\/cdn.coolvaria.com\/wp-content\/uploads\/pts_wine_120_basis-1zone-115x300.webp?strip=all&amp;lossy=1&amp;ssl=1 115w, https:\/\/cdn.coolvaria.com\/wp-content\/uploads\/pts_wine_120_basis-1zone-393x1024.webp?strip=all&amp;lossy=1&amp;ssl=1 393w, https:\/\/cdn.coolvaria.com\/wp-content\/uploads\/pts_wine_120_basis-1zone-5x12.webp?strip=all&amp;lossy=1&amp;ssl=1 5w, https:\/\/cdn.coolvaria.com\/wp-content\/uploads\/pts_wine_120_basis-1zone.webp?strip=all&amp;lossy=1&amp;w=256&amp;ssl=1 256w\" sizes=\"(max-width: 125px) 100vw, 125px\" \/><\/a><\/p>\n<h3 class=\"gt-block\" style=\"text-align: left;\"><strong>Weitere Informationen (Fotos, Bedienung usw.)?<\/strong><\/h3>\n<p style=\"text-align: left;\"><a href=\"https:\/\/coolvaria.com\/de\/fotos-vom-weinklimaschrank-200\/\">-F\u00fcr weitere Fotos dieses Modells klicken Sie hier.<\/a><\/p>\n<p class=\"gt-block\" style=\"text-align: left;\">&#8211;<a href=\"https:\/\/coolvaria.com\/de\/weitere-informationen-zu-den-weinklimaschranken\/\">F\u00fcr weitere Informationen, beispielsweise eine ausf\u00fchrliche Funktionserkl\u00e4rung oder Installationsanweisungen, klicken Sie hier.<\/a><\/p>\n<p>&nbsp;<\/p>\n<div class=\"elementor-element elementor-element-92b612e elementor-widget elementor-widget-heading\" data-id=\"92b612e\" data-element_type=\"widget\" data-widget_type=\"heading.default\" data-trid=\"668\">\n<div class=\"elementor-widget-container\" data-trid=\"669\">\n<h2 class=\"elementor-heading-title elementor-size-large\" style=\"text-align: left;\" data-trid=\"670\">K\u00f6nnen wir Ihnen bei Ihrer Wahl helfen?<\/h2>\n<\/div>\n<\/div>\n<div class=\"elementor-element elementor-element-e9c05b1 elementor-widget elementor-widget-text-editor\" data-id=\"e9c05b1\" data-element_type=\"widget\" data-widget_type=\"text-editor.default\" data-trid=\"671\">\n<div class=\"elementor-widget-container\" data-trid=\"672\">\n<p style=\"text-align: left;\" data-trid=\"673\"><b>Rufen Sie uns unter +31 (30)25 111 91 an oder f\u00fcllen Sie das Kontaktformular aus.<\/b><\/p>\n<p style=\"text-align: left;\" data-trid=\"673\">Mehr als 40 Michelin-Sterne-Restaurants, Bars, Caterer, Weinh\u00e4ndler, Spirituosengesch\u00e4fte, Industrie, Regierung, diplomatische und konsularische Vertretungen, Universit\u00e4ten und nat\u00fcrlich Verbraucher sind Ihnen vorausgegangen (<a href=\"https:\/\/coolvaria.com\/de\/uber-uns\/\" data-trid=\"678\">Klicken Sie hier f\u00fcr Referenzen<\/a>).<\/p>\n<h4 style=\"text-align: center;\"><b>Kontakt Formular<\/b><\/h4>\n<\/div>\n<\/div>\n<p style=\"text-align: left;\"><div class=\"forminator-ui forminator-custom-form forminator-custom-form-7542 forminator-design--default  forminator_ajax\" data-forminator-render=\"0\" data-form=\"forminator-module-7542\" data-uid=\"69e16abfbea58\"><br\/><\/div><form\n\t\t\t\tid=\"forminator-module-7542\"\n\t\t\t\tclass=\"forminator-ui forminator-custom-form forminator-custom-form-7542 forminator-design--default  forminator_ajax\"\n\t\t\t\tmethod=\"post\"\n\t\t\t\tdata-forminator-render=\"0\"\n\t\t\t\tdata-form-id=\"7542\"\n\t\t\t\t\n\t\t\t\tdata-design=\"default\"\n\t\t\t\t\n\t\t\t\t\n\t\t\t\t\n\t\t\t\tdata-grid=\"open\"\n\t\t\t\t\n\t\t\t\t\n\t\t\t\tstyle=\"display: none;\"\n\t\t\t\t\n\t\t\t\tdata-uid=\"69e16abfbea58\" action=\"\"\n\t\t\t><div role=\"alert\" aria-live=\"polite\" class=\"forminator-response-message forminator-error\" aria-hidden=\"true\"><\/div><div class=\"forminator-row\"><input type=\"hidden\" id=\"hidden-2_69e16abfbea58\" name=\"hidden-2\" value=\"Wijn bewaarkast (200 flessen, \u00e9\u00e9n zone, 180cm hoogte\" \/><input type=\"hidden\" id=\"hidden-1_69e16abfbea58\" name=\"hidden-1\" value=\"https:\/\/coolvaria.com\/de\/p\/weinlagerschrank-pt-s-200-flaschen\/\" \/><\/div><div class=\"forminator-row\"><div id=\"name-1\" class=\"forminator-field-name forminator-col forminator-col-12\"><div class=\"forminator-row forminator-no-margin\" data-multiple=\"true\"><div class=\"forminator-col forminator-col-md-6\"><div class=\"forminator-field\"><label for=\"forminator-field-first-name-1_69e16abfbea58\" class=\"forminator-label\" id=\"forminator-field-first-name-1_69e16abfbea58-label\">Vorname <span class=\"forminator-required\">*<\/span><\/label><input type=\"text\" name=\"name-1-first-name\" placeholder=\"\" id=\"forminator-field-first-name-1_69e16abfbea58\" class=\"forminator-input\" aria-required=\"true\" data-multi=\"1\" value=\"\" \/><\/div><\/div><div class=\"forminator-col forminator-col-md-6\"><div class=\"forminator-field\"><label for=\"forminator-field-last-name-1_69e16abfbea58\" class=\"forminator-label\" id=\"forminator-field-last-name-1_69e16abfbea58-label\">Familienname, Nachname <span class=\"forminator-required\">*<\/span><\/label><input type=\"text\" name=\"name-1-last-name\" placeholder=\"\" id=\"forminator-field-last-name-1_69e16abfbea58\" class=\"forminator-input\" aria-required=\"true\" data-multi=\"1\" value=\"\" \/><\/div><\/div><\/div><\/div><\/div><div class=\"forminator-row\"><div id=\"text-1\" class=\"forminator-field-text forminator-col forminator-col-12\"><div class=\"forminator-field\"><label for=\"forminator-field-text-1_69e16abfbea58\" class=\"forminator-label\" id=\"forminator-field-text-1_69e16abfbea58-label\">Name der Firma<\/label><input type=\"text\" name=\"text-1\" value=\"\" placeholder=\"wenn anwendbar\" id=\"forminator-field-text-1_69e16abfbea58\" class=\"forminator-input forminator-name--field\" data-required=\"\" \/><\/div><\/div><\/div><div class=\"forminator-row\"><div id=\"email-1\" class=\"forminator-field-email forminator-col forminator-col-12\"><div class=\"forminator-field\"><label for=\"forminator-field-email-1_69e16abfbea58\" class=\"forminator-label\" id=\"forminator-field-email-1_69e16abfbea58-label\">E-Mail-Adresse <span class=\"forminator-required\">*<\/span><\/label><input type=\"email\" name=\"email-1\" value=\"\" placeholder=\"\" id=\"forminator-field-email-1_69e16abfbea58\" class=\"forminator-input forminator-email--field\" data-required=\"true\" aria-required=\"true\" \/><\/div><\/div><\/div><div class=\"forminator-row\"><div id=\"phone-1\" class=\"forminator-field-phone forminator-col forminator-col-12\"><div class=\"forminator-field\"><label for=\"forminator-field-phone-1_69e16abfbea58\" class=\"forminator-label\" id=\"forminator-field-phone-1_69e16abfbea58-label\">Telefonnummer<\/label><input type=\"text\" name=\"phone-1\" value=\"\" placeholder=\"\" id=\"forminator-field-phone-1_69e16abfbea58\" class=\"forminator-input forminator-field--phone\" data-required=\"\" aria-required=\"false\" autocomplete=\"off\" data-validation=\"1\" \/><\/div><\/div><\/div><div class=\"forminator-row\"><div id=\"checkbox-1\" class=\"forminator-field-checkbox forminator-col forminator-col-12\"><div role=\"group\" class=\"forminator-field\" aria-labelledby=\"forminator-checkbox-group-69e16abfbea58-label\"><h4 id=\"forminator-checkbox-group-69e16abfbea58-label\" class=\"forminator-label\">Ich m\u00f6chte:<\/h4><label id=\"forminator-field-checkbox-1-1-69e16abfbea58-label\" for=\"forminator-field-checkbox-1-1-69e16abfbea58\" class=\"forminator-checkbox\" title=\"Fordern Sie ein Angebot an:\"><input type=\"checkbox\" name=\"checkbox-1[]\" value=\"service-1\" id=\"forminator-field-checkbox-1-1-69e16abfbea58\" aria-labelledby=\"forminator-field-checkbox-1-1-69e16abfbea58-label\" data-calculation=\"0\"   aria-describedby=\"forminator-field-checkbox-1-69e16abfbea58-description\"\/><span class=\"forminator-checkbox-box\" aria-hidden=\"true\"><\/span><span class=\"forminator-checkbox-label\">Fordern Sie ein Angebot an:<\/span><\/label><label id=\"forminator-field-checkbox-1-2-69e16abfbea58-label\" for=\"forminator-field-checkbox-1-2-69e16abfbea58\" class=\"forminator-checkbox\" title=\"Fragen Sie etwas zur Mehrwertsteuer (f\u00fcr Unternehmen):\"><input type=\"checkbox\" name=\"checkbox-1[]\" value=\"service-2\" id=\"forminator-field-checkbox-1-2-69e16abfbea58\" aria-labelledby=\"forminator-field-checkbox-1-2-69e16abfbea58-label\" data-calculation=\"0\"   aria-describedby=\"forminator-field-checkbox-1-69e16abfbea58-description\"\/><span class=\"forminator-checkbox-box\" aria-hidden=\"true\"><\/span><span class=\"forminator-checkbox-label\">Fragen Sie etwas zur Mehrwertsteuer (f\u00fcr Unternehmen):<\/span><\/label><label id=\"forminator-field-checkbox-1-3-69e16abfbea58-label\" for=\"forminator-field-checkbox-1-3-69e16abfbea58\" class=\"forminator-checkbox\" title=\"Vereinbaren Sie einen Besichtigungstermin:\"><input type=\"checkbox\" name=\"checkbox-1[]\" value=\"Ik-wil-een-bezichtigingsafspraak-maken\" id=\"forminator-field-checkbox-1-3-69e16abfbea58\" aria-labelledby=\"forminator-field-checkbox-1-3-69e16abfbea58-label\" data-calculation=\"0\"   aria-describedby=\"forminator-field-checkbox-1-69e16abfbea58-description\"\/><span class=\"forminator-checkbox-box\" aria-hidden=\"true\"><\/span><span class=\"forminator-checkbox-label\">Vereinbaren Sie einen Besichtigungstermin:<\/span><\/label><label id=\"forminator-field-checkbox-1-4-69e16abfbea58-label\" for=\"forminator-field-checkbox-1-4-69e16abfbea58\" class=\"forminator-checkbox\" title=\"Fragen zur Verf\u00fcgbarkeit (Lagerbestand):\"><input type=\"checkbox\" name=\"checkbox-1[]\" value=\"iets-vragen-over-de-beschikbaarheid\" id=\"forminator-field-checkbox-1-4-69e16abfbea58\" aria-labelledby=\"forminator-field-checkbox-1-4-69e16abfbea58-label\" data-calculation=\"0\"   aria-describedby=\"forminator-field-checkbox-1-69e16abfbea58-description\"\/><span class=\"forminator-checkbox-box\" aria-hidden=\"true\"><\/span><span class=\"forminator-checkbox-label\">Fragen zur Verf\u00fcgbarkeit (Lagerbestand):<\/span><\/label><label id=\"forminator-field-checkbox-1-5-69e16abfbea58-label\" for=\"forminator-field-checkbox-1-5-69e16abfbea58\" class=\"forminator-checkbox\" title=\"Kann ich \u00fcber neue Lagerbest\u00e4nde informiert werden?\"><input type=\"checkbox\" name=\"checkbox-1[]\" value=\"Kan ik op de hoogte gehouden worden over nieuwe voorraad\" id=\"forminator-field-checkbox-1-5-69e16abfbea58\" aria-labelledby=\"forminator-field-checkbox-1-5-69e16abfbea58-label\" data-calculation=\"0\"   aria-describedby=\"forminator-field-checkbox-1-69e16abfbea58-description\"\/><span class=\"forminator-checkbox-box\" aria-hidden=\"true\"><\/span><span class=\"forminator-checkbox-label\">Kann ich \u00fcber neue Lagerbest\u00e4nde informiert werden?<\/span><\/label><label id=\"forminator-field-checkbox-1-6-69e16abfbea58-label\" for=\"forminator-field-checkbox-1-6-69e16abfbea58\" class=\"forminator-checkbox\" title=\"frag mal was anderes:\"><input type=\"checkbox\" name=\"checkbox-1[]\" value=\"Anders\" id=\"forminator-field-checkbox-1-6-69e16abfbea58\" aria-labelledby=\"forminator-field-checkbox-1-6-69e16abfbea58-label\" data-calculation=\"0\"   aria-describedby=\"forminator-field-checkbox-1-69e16abfbea58-description\"\/><span class=\"forminator-checkbox-box\" aria-hidden=\"true\"><\/span><span class=\"forminator-checkbox-label\">frag mal was anderes:<\/span><\/label><\/div><\/div><\/div><div class=\"forminator-row\"><div id=\"textarea-1\" class=\"forminator-field-textarea forminator-col forminator-col-12\"><div class=\"forminator-field\"><label for=\"forminator-field-textarea-1_69e16abfbea58\" id=\"forminator-field-textarea-1_69e16abfbea58-label\" class=\"forminator-label\">Nachricht<\/label><textarea name=\"textarea-1\" placeholder=\"\" id=\"forminator-field-textarea-1_69e16abfbea58\" class=\"forminator-textarea\" rows=\"6\" style=\"min-height:140px;\" maxlength=\"180\" ><\/textarea><span id=\"forminator-field-textarea-1_69e16abfbea58-description\" class=\"forminator-description\"><span data-limit=\"180\" data-type=\"characters\">0 \/ 180<\/span><\/span><\/div><\/div><\/div><input type=\"hidden\" name=\"referer_url\" value=\"\" \/><div class=\"forminator-row forminator-row-last\"><div class=\"forminator-col\"><div class=\"forminator-field\"><button class=\"forminator-button forminator-button-submit\">Anfrage absenden<\/button><\/div><\/div><\/div><input type=\"hidden\" id=\"forminator_nonce\" name=\"forminator_nonce\" value=\"ab15eb9b03\" \/><input type=\"hidden\" name=\"_wp_http_referer\" value=\"\/de\/wp-json\/wp\/v2\/product\/2929\" \/><input type=\"hidden\" name=\"form_id\" value=\"7542\"><input type=\"hidden\" name=\"page_id\" value=\"2929\"><input type=\"hidden\" name=\"form_type\" value=\"default\"><input type=\"hidden\" name=\"current_url\" value=\"https:\/\/coolvaria.com\/de\/p\/weinlagerschrank-pt-s-200-flaschen\/\"><input type=\"hidden\" name=\"render_id\" value=\"0\"><input type=\"hidden\" name=\"action\" value=\"forminator_submit_form_custom-forms\"><input type=\"hidden\" name=\"trp-form-language\" value=\"de\"\/><\/form><\/p>","protected":false},"excerpt":{"rendered":"<p>*Die Anzahl der Flaschen basiert auf 0,75 l (Bordeaux-Gr\u00f6\u00dfe). Durch die Verwendung anderer Flaschengr\u00f6\u00dfen kann die Gesamtanzahl der Flaschen variieren.<\/p>","protected":false},"featured_media":3558,"template":"","meta":{"_sitemap_exclude":false,"_sitemap_priority":"","_sitemap_frequency":""},"product_cat":[58],"product_tag":[],"class_list":["post-2929","product","type-product","status-publish","has-post-thumbnail","hentry","product_cat-wijn","product_shipping_class-flat-rate","pa_extra-plateaus-mogelijk-ja-mogelijk","pa_omgevingstemperatuur-0-38-c","pa_temperature-een-temperatuurzone","pa_temperatuurbereik-5-20-c","pa_volume-200-flessen-2","layout-style-2","col-md-4 col-sm-4 col-xs-6","product-has-gallery","product-style-addtocart"],"_links":{"self":[{"href":"https:\/\/coolvaria.com\/de\/wp-json\/wp\/v2\/product\/2929","targetHints":{"allow":["GET"]}}],"collection":[{"href":"https:\/\/coolvaria.com\/de\/wp-json\/wp\/v2\/product"}],"about":[{"href":"https:\/\/coolvaria.com\/de\/wp-json\/wp\/v2\/types\/product"}],"wp:featuredmedia":[{"embeddable":true,"href":"https:\/\/coolvaria.com\/de\/wp-json\/wp\/v2\/media\/3558"}],"wp:attachment":[{"href":"https:\/\/coolvaria.com\/de\/wp-json\/wp\/v2\/media?parent=2929"}],"wp:term":[{"taxonomy":"product_cat","embeddable":true,"href":"https:\/\/coolvaria.com\/de\/wp-json\/wp\/v2\/product_cat?post=2929"},{"taxonomy":"product_tag","embeddable":true,"href":"https:\/\/coolvaria.com\/de\/wp-json\/wp\/v2\/product_tag?post=2929"}],"curies":[{"name":"wp","href":"https:\/\/api.w.org\/{rel}","templated":true}]}}