{"id":2928,"date":"2022-01-28T12:23:25","date_gmt":"2022-01-28T12:23:25","guid":{"rendered":"\/?post_type=product&#038;p=2928"},"modified":"2026-04-09T16:03:06","modified_gmt":"2026-04-09T14:03:06","slug":"wijn-klimaatkast-pt-s-200-flessen","status":"publish","type":"product","link":"https:\/\/coolvaria.com\/de\/p\/weinklimaschrank-pt-s-200\/","title":{"rendered":"Weinklimaschrank (200 Flaschen*, Doppelzone, 180cm H\u00f6he)"},"content":{"rendered":"<p style=\"text-align: left;\">Dieser Klimaschrank ist ausgestattet mit: <b>zwei Temperaturzonen <\/b>(einstellbar in Schritten von 1\u00b0C und hat einen Bereich von <b>5-13\u00b0C<\/b> + <b>13-18\u00b0C<\/b>), sodass Sie alle Weine (Champagner, Ros\u00e9, Wei\u00df- und Rotwein) aufbewahren oder servieren k\u00f6nnen.<\/p>\n<p>&nbsp;<\/p>\n<p>&nbsp;<\/p>\n<p><img decoding=\"async\" class=\"size-medium wp-image-9638 aligncenter\" src=\"https:\/\/cdn.coolvaria.com\/wp-content\/uploads\/Display-klimaatkast-CoolVaria2-300x165.jpg?strip=all&lossy=1&ssl=1\" alt=\"\" width=\"300\" height=\"165\" srcset=\"https:\/\/cdn.coolvaria.com\/wp-content\/uploads\/Display-klimaatkast-CoolVaria2-300x165.jpg?strip=all&amp;lossy=1&amp;ssl=1 300w, https:\/\/cdn.coolvaria.com\/wp-content\/uploads\/Display-klimaatkast-CoolVaria2-433x238.jpg?strip=all&amp;lossy=1&amp;ssl=1 433w, https:\/\/cdn.coolvaria.com\/wp-content\/uploads\/Display-klimaatkast-CoolVaria2-18x10.jpg?strip=all&amp;lossy=1&amp;ssl=1 18w, https:\/\/cdn.coolvaria.com\/wp-content\/uploads\/Display-klimaatkast-CoolVaria2.jpg?strip=all&amp;lossy=1&amp;ssl=1 750w, https:\/\/cdn.coolvaria.com\/wp-content\/uploads\/Display-klimaatkast-CoolVaria2.jpg?strip=all&amp;lossy=1&amp;w=128&amp;ssl=1 128w, https:\/\/cdn.coolvaria.com\/wp-content\/uploads\/Display-klimaatkast-CoolVaria2.jpg?strip=all&amp;lossy=1&amp;w=512&amp;ssl=1 512w, https:\/\/cdn.coolvaria.com\/wp-content\/uploads\/Display-klimaatkast-CoolVaria2.jpg?strip=all&amp;lossy=1&amp;w=640&amp;ssl=1 640w\" sizes=\"(max-width: 300px) 100vw, 300px\" \/><\/p>\n<p style=\"text-align: center;\">Einfache Operation<\/p>\n<p>&nbsp;<\/p>\n<p class=\"gt-block\" style=\"text-align: left;\">Die Klimakammer verf\u00fcgt \u00fcber eine r\u00e4umliche Trennung (zwischen den beiden Zonen) und das Verh\u00e4ltnis betr\u00e4gt oben 40% und unten 60%.<\/p>\n<p>&nbsp;<\/p>\n<p class=\"gt-block\" style=\"text-align: left;\"><u><b>Oben<\/b> ist der k\u00fchle Teil (5-13\u00b0C) zum Beispiel:<\/u><\/p>\n<ul style=\"text-align: left;\">\n<li class=\"gt-block\" style=\"text-align: left;\"><b>Ihr<\/b> <b>gek\u00fchlter Wei\u00dfwein bei 8\/9\u00b0C <\/b>(Chardonnay\/Sauvignon Blanc)<\/li>\n<li class=\"gt-block\" style=\"text-align: left;\"><strong>Oder zum Beispiel Ihr<\/strong> <b>weniger gek\u00fchlter Wei\u00dfwein bei 11\u00b0C <\/b>(Meursault)<\/li>\n<li class=\"gt-block\" style=\"text-align: left;\"><b>Oder zum Beispiel Ihr<\/b> <b>Schaumwein <\/b><b>bei 7\u00b0C <\/b>(Champagner\/Prosecco\/Cava)<\/li>\n<\/ul>\n<p style=\"text-align: left;\"><u><b>Ganz unten<\/b> ist der weniger k\u00fchle Teil (13-18\u00b0C) zum Beispiel:<\/u><\/p>\n<ul style=\"text-align: left;\">\n<li class=\"gt-block\" style=\"text-align: left;\"><b>Ihr \u00fcblicher Rotwein<\/b> <b>bei 17\u00b0C <\/b>(Bordeaux\/Burgund)<\/li>\n<li class=\"gt-block\" style=\"text-align: left;\"><b>Oder Ihr<\/b> <b>gek\u00fchlter Rotwein <\/b><b>bei 15\u00b0 <\/b>(Saint Nicolas von Bougueil)<b> <\/b><\/li>\n<li class=\"gt-block\" style=\"text-align: left;\"><b>Oder Ihr Lagerwein<\/b>\u00a0<b>auf<\/b> <b>12\/13\u00b0C <\/b>(lange reifen lassen)<\/li>\n<\/ul>\n<p class=\"gt-block\" style=\"text-align: left;\">Kein \u00c4rger mehr mit \u201eK\u00fchlen\u201c (Wein abk\u00fchlen) oder \u201eKammern\u201c (Wein auf Raumtemperatur bringen lassen).<\/p>\n<p class=\"gt-block\" style=\"text-align: left;\">Oben befindet sich das K\u00fchlsystem und unten ein Heizsystem. Hierbei handelt es sich um einen Weinklimaschrank, bei dem f\u00fcr einen optimalen Betrieb ein Temperaturunterschied zwischen den beiden Zonen erforderlich ist. Wenn die Klimakammer komplett mit einer Temperaturzone ausgestattet sein muss, empfehlen wir eine solche <a href=\"https:\/\/coolvaria.com\/de\/p\/weinlagerschrank-pt-s-200-flaschen\/?build=Ja&amp;type=Wine&amp;volume=200&amp;zone=singlezone\">Weinlagerschrank<\/a> An.<\/p>\n<h4 style=\"text-align: left;\"><b>Konfiguration:<\/b><\/h4>\n<p style=\"text-align: left;\">Dieser Weink\u00fchler hat die optimalste Konfiguration (Layout) und Sie k\u00f6nnen sogar Magnumflaschen darin aufbewahren.<\/p>\n<p>&nbsp;<\/p>\n<p style=\"text-align: left;\"><b>Dieses Modell verf\u00fcgt \u00fcber 7 Regale<\/b>, also 8 F\u00e4cher (= inklusive Boden) zur Aufbewahrung Ihrer Flaschen. Das obere Regal (Lagerregal) ist schr\u00e4g angebracht, damit die Etiketten gut sichtbar sind (zum Beispiel \u201eguter Wei\u00dfwein\u201c und \u201eChampagner\u201c). Wenn Sie die Position der Regale \u00e4ndern m\u00f6chten, ist dies selbstverst\u00e4ndlich bei allen Regalen m\u00f6glich.<\/p>\n<p>&nbsp;<\/p>\n<p style=\"text-align: left;\">Auch <b><u>die Weingl\u00e4ser<\/u><\/b> k\u00f6nnen separat auf die Regalen gestellt werden, um diese auf der richtigen Serviertemperatur zu halten.<\/p>\n<p>&nbsp;<\/p>\n<h4 style=\"text-align: left;\"><b><u>Einige Spezifikationen:<\/u><\/b><\/h4>\n<table style=\"font-weight: 400; height: 520px;\" width=\"656\">\n<tbody>\n<tr>\n<td style=\"text-align: left;\" width=\"302\"><strong>Kapazit\u00e4t:<\/strong><\/td>\n<td style=\"text-align: left;\" width=\"302\">200 Flaschen<\/td>\n<\/tr>\n<tr>\n<td style=\"text-align: left;\" width=\"302\"><strong>Abmessungen (BxTxH): \u00a0\u00a0\u00a0 <\/strong><\/td>\n<td style=\"text-align: left;\" width=\"302\">59,5 x 72* x 180 cm<\/td>\n<\/tr>\n<tr>\n<td style=\"text-align: left;\" width=\"302\"><strong>Temperaturzone(n)<\/strong><\/td>\n<td style=\"text-align: left;\" width=\"302\">2 (zwei F\u00e4cher)<\/td>\n<\/tr>\n<tr>\n<td style=\"text-align: left;\" width=\"302\"><strong>Temperaturbereich:\u00a0<\/strong><\/td>\n<td style=\"text-align: left;\" width=\"302\">5-32\u00b0C (<strong>\u2191<\/strong>) + 13-18\u00b0C (<strong>\u2193<\/strong>)<\/td>\n<\/tr>\n<tr>\n<td style=\"text-align: left;\" width=\"302\"><strong>Anzahl Regale:<\/strong><\/td>\n<td style=\"text-align: left;\" width=\"302\">7 St\u00fcck (= <u>8 Ablagef\u00e4cher<\/u>, einschlie\u00dflich der Unterseite)<\/td>\n<\/tr>\n<tr>\n<td style=\"text-align: left;\" width=\"302\"><strong>Ausgestattet mit einem Schloss:<\/strong><\/td>\n<td style=\"text-align: left;\" width=\"302\">Ja (Schl\u00fcssel)<\/td>\n<\/tr>\n<\/tbody>\n<\/table>\n<h6><em>*Beachten Sie die Tiefe dieses Modells \u2013 die meisten Einbauger\u00e4te und K\u00fchlschr\u00e4nke haben eine Tiefe von ca. 550 \u2013 600 mm!<\/em><\/h6>\n<h5 style=\"text-align: left;\">Siehe <strong><u>alle<\/u> Spezifikationen<\/strong> \u00a0\u2013&gt; <b><u>Spezifikationen<\/u><\/b> (oben, direkt daneben <b>Beschreibung<\/b>)<\/h5>\n<h3><\/h3>\n<p><img decoding=\"async\" class=\"wp-image-10353 size-full\" src=\"https:\/\/cdn.coolvaria.com\/wp-content\/uploads\/pts_wine_200_basis_dual_v1.5B.jpg?strip=all&lossy=1&resize=640%2C558&ssl=1\" alt=\"Rechts steht ein Weink\u00fchlschrank voller Flaschen. Auf der linken Seite befinden sich zwei h\u00f6lzerne Weinregale. In der Mitte steht ein kleiner Tisch mit zwei Weingl\u00e4sern und einer Flasche.\" width=\"672\" height=\"586\" srcset=\"https:\/\/cdn.coolvaria.com\/wp-content\/uploads\/pts_wine_200_basis_dual_v1.5B.jpg?strip=all&lossy=1&resize=640%2C558&ssl=1 640w, https:\/\/cdn.coolvaria.com\/wp-content\/uploads\/pts_wine_200_basis_dual_v1.5B.jpg?strip=all&amp;lossy=1&amp;ssl=1 672w, https:\/\/cdn.coolvaria.com\/wp-content\/uploads\/pts_wine_200_basis_dual_v1.5B-433x378.jpg?strip=all&amp;lossy=1&amp;ssl=1 433w, https:\/\/cdn.coolvaria.com\/wp-content\/uploads\/pts_wine_200_basis_dual_v1.5B-300x262.jpg?strip=all&amp;lossy=1&amp;ssl=1 300w, https:\/\/cdn.coolvaria.com\/wp-content\/uploads\/pts_wine_200_basis_dual_v1.5B-14x12.jpg?strip=all&amp;lossy=1&amp;ssl=1 14w, https:\/\/cdn.coolvaria.com\/wp-content\/uploads\/pts_wine_200_basis_dual_v1.5B.jpg?strip=all&amp;lossy=1&amp;w=128&amp;ssl=1 128w, https:\/\/cdn.coolvaria.com\/wp-content\/uploads\/pts_wine_200_basis_dual_v1.5B.jpg?strip=all&amp;lossy=1&amp;w=512&amp;ssl=1 512w\" sizes=\"(max-width: 640px) 100vw, 640px\" \/><\/p>\n<h3 class=\"gt-block\" style=\"text-align: left;\"><strong>Andere Modelle verf\u00fcgbar?<\/strong><\/h3>\n<p class=\"gt-block\" style=\"text-align: left;\"><a href=\"https:\/\/coolvaria.com\/de\/p\/weinlagerschrank-pt-s-200-flaschen\/?build=Ja&amp;type=Wine&amp;volume=200&amp;zone=singlezone\">-Weinlagerschrank, Modell mit \u00a0<u>eine Temperaturzone f\u00fcr 200 Flaschen<\/u>, klicken Sie auf das Modell unten.<\/a><\/p>\n<p class=\"gt-block\" style=\"text-align: left;\"><a href=\"https:\/\/coolvaria.com\/de\/p\/weinklimaschrank-pt-s-120-flaschen\/?build=Ja&amp;type=Wine&amp;volume=120&amp;zone=dualzone\">-Weinklimaschrank, Modell mit \u00a0<u>zwei Temperaturzonen f\u00fcr 120 Flaschen (kleineres Modell)<\/u>, klicken Sie auf das Modell unten.<\/a><\/p>\n<p><a href=\"https:\/\/coolvaria.com\/de\/p\/weinlagerschrank-pt-s-200-flaschen\/?build=Ja&amp;type=Wine&amp;volume=200&amp;zone=singlezone\"><img decoding=\"async\" class=\"wp-image-9722\" src=\"https:\/\/cdn.coolvaria.com\/wp-content\/uploads\/pts_wine_200_basis_single.webp?strip=all&lossy=1&resize=125%2C325&ssl=1\" alt=\"\" width=\"125\" height=\"325\" srcset=\"https:\/\/cdn.coolvaria.com\/wp-content\/uploads\/pts_wine_200_basis_single.webp?strip=all&lossy=1&resize=125%2C325&ssl=1 125w, https:\/\/cdn.coolvaria.com\/wp-content\/uploads\/pts_wine_200_basis_single.webp?strip=all&amp;lossy=1&amp;ssl=1 441w, https:\/\/cdn.coolvaria.com\/wp-content\/uploads\/pts_wine_200_basis_single-433x1127.webp?strip=all&amp;lossy=1&amp;ssl=1 433w, https:\/\/cdn.coolvaria.com\/wp-content\/uploads\/pts_wine_200_basis_single-115x300.webp?strip=all&amp;lossy=1&amp;ssl=1 115w, https:\/\/cdn.coolvaria.com\/wp-content\/uploads\/pts_wine_200_basis_single-393x1024.webp?strip=all&amp;lossy=1&amp;ssl=1 393w, https:\/\/cdn.coolvaria.com\/wp-content\/uploads\/pts_wine_200_basis_single-5x12.webp?strip=all&amp;lossy=1&amp;ssl=1 5w, https:\/\/cdn.coolvaria.com\/wp-content\/uploads\/pts_wine_200_basis_single.webp?strip=all&amp;lossy=1&amp;w=256&amp;ssl=1 256w\" sizes=\"(max-width: 125px) 100vw, 125px\" \/><\/a>\u00a0 \u00a0 \u00a0 \u00a0 \u00a0 \u00a0 \u00a0 \u00a0 \u00a0 <a href=\"https:\/\/coolvaria.com\/de\/p\/weinklimaschrank-pt-s-120-flaschen\/?build=Ja&amp;type=Wine&amp;volume=120&amp;zone=dualzone\"><img decoding=\"async\" class=\"alignnone wp-image-9723\" src=\"https:\/\/cdn.coolvaria.com\/wp-content\/uploads\/pts_wine_120_basis_dual.webp?strip=all&lossy=1&resize=125%2C325&ssl=1\" alt=\"\" width=\"125\" height=\"325\" srcset=\"https:\/\/cdn.coolvaria.com\/wp-content\/uploads\/pts_wine_120_basis_dual.webp?strip=all&lossy=1&resize=125%2C325&ssl=1 125w, https:\/\/cdn.coolvaria.com\/wp-content\/uploads\/pts_wine_120_basis_dual.webp?strip=all&amp;lossy=1&amp;ssl=1 441w, https:\/\/cdn.coolvaria.com\/wp-content\/uploads\/pts_wine_120_basis_dual-433x1127.webp?strip=all&amp;lossy=1&amp;ssl=1 433w, https:\/\/cdn.coolvaria.com\/wp-content\/uploads\/pts_wine_120_basis_dual-115x300.webp?strip=all&amp;lossy=1&amp;ssl=1 115w, https:\/\/cdn.coolvaria.com\/wp-content\/uploads\/pts_wine_120_basis_dual-393x1024.webp?strip=all&amp;lossy=1&amp;ssl=1 393w, https:\/\/cdn.coolvaria.com\/wp-content\/uploads\/pts_wine_120_basis_dual-5x12.webp?strip=all&amp;lossy=1&amp;ssl=1 5w, https:\/\/cdn.coolvaria.com\/wp-content\/uploads\/pts_wine_120_basis_dual.webp?strip=all&amp;lossy=1&amp;w=256&amp;ssl=1 256w\" sizes=\"(max-width: 125px) 100vw, 125px\" \/><\/a><\/p>\n<h3 class=\"gt-block\" style=\"text-align: left;\"><strong>Weitere Informationen (Fotos, Bedienung usw.)?<\/strong><\/h3>\n<p style=\"text-align: left;\"><a href=\"https:\/\/coolvaria.com\/de\/fotos-vom-weinklimaschrank-200\/\">-F\u00fcr weitere Fotos unserer Modelle klicken Sie hier.<\/a><\/p>\n<p style=\"text-align: left;\"><a href=\"https:\/\/coolvaria.com\/wp-content\/uploads\/2022\/11\/Wijnklimaatkasten_CoolVaria_short.mp4\">-3D-Animationsfilm:<\/a><\/p>\n<p><a href=\"https:\/\/coolvaria.com\/wp-content\/uploads\/2022\/11\/Wijnklimaatkasten_CoolVaria_short.mp4\"><img decoding=\"async\" class=\"aligncenter wp-image-9291\" src=\"https:\/\/cdn.coolvaria.com\/wp-content\/uploads\/Afbeelding-voor-film-CoolVaria.jpg?strip=all&lossy=1&resize=200%2C134&ssl=1\" alt=\"\" width=\"200\" height=\"134\" srcset=\"https:\/\/cdn.coolvaria.com\/wp-content\/uploads\/Afbeelding-voor-film-CoolVaria.jpg?strip=all&lossy=1&resize=200%2C134&ssl=1 200w, https:\/\/cdn.coolvaria.com\/wp-content\/uploads\/Afbeelding-voor-film-CoolVaria-300x201.jpg?strip=all&amp;lossy=1&amp;ssl=1 300w, https:\/\/cdn.coolvaria.com\/wp-content\/uploads\/Afbeelding-voor-film-CoolVaria-433x290.jpg?strip=all&amp;lossy=1&amp;ssl=1 433w, https:\/\/cdn.coolvaria.com\/wp-content\/uploads\/Afbeelding-voor-film-CoolVaria-937x629.jpg?strip=all&amp;lossy=1&amp;ssl=1 937w, https:\/\/cdn.coolvaria.com\/wp-content\/uploads\/Afbeelding-voor-film-CoolVaria-1024x687.jpg?strip=all&amp;lossy=1&amp;ssl=1 1024w, https:\/\/cdn.coolvaria.com\/wp-content\/uploads\/Afbeelding-voor-film-CoolVaria-768x515.jpg?strip=all&amp;lossy=1&amp;ssl=1 768w, https:\/\/cdn.coolvaria.com\/wp-content\/uploads\/Afbeelding-voor-film-CoolVaria-1536x1030.jpg?strip=all&amp;lossy=1&amp;ssl=1 1536w, https:\/\/cdn.coolvaria.com\/wp-content\/uploads\/Afbeelding-voor-film-CoolVaria-18x12.jpg?strip=all&amp;lossy=1&amp;ssl=1 18w, https:\/\/cdn.coolvaria.com\/wp-content\/uploads\/Afbeelding-voor-film-CoolVaria-360x240.jpg?strip=all&amp;lossy=1&amp;ssl=1 360w, https:\/\/cdn.coolvaria.com\/wp-content\/uploads\/Afbeelding-voor-film-CoolVaria.jpg?strip=all&amp;lossy=1&amp;ssl=1 1616w, https:\/\/cdn.coolvaria.com\/wp-content\/uploads\/Afbeelding-voor-film-CoolVaria.jpg?strip=all&amp;lossy=1&amp;w=128&amp;ssl=1 128w, https:\/\/cdn.coolvaria.com\/wp-content\/uploads\/Afbeelding-voor-film-CoolVaria.jpg?strip=all&amp;lossy=1&amp;w=512&amp;ssl=1 512w, https:\/\/cdn.coolvaria.com\/wp-content\/uploads\/Afbeelding-voor-film-CoolVaria.jpg?strip=all&amp;lossy=1&amp;w=640&amp;ssl=1 640w, https:\/\/cdn.coolvaria.com\/wp-content\/uploads\/Afbeelding-voor-film-CoolVaria.jpg?strip=all&amp;lossy=1&amp;w=1280&amp;ssl=1 1280w\" sizes=\"(max-width: 200px) 100vw, 200px\" \/><\/a><\/p>\n<div class=\"elementor-element elementor-element-92b612e elementor-widget elementor-widget-heading\" data-id=\"92b612e\" data-element_type=\"widget\" data-widget_type=\"heading.default\" data-trid=\"668\">\n<div class=\"elementor-widget-container\" data-trid=\"669\">\n<h2 class=\"elementor-heading-title elementor-size-large\" style=\"text-align: left;\" data-trid=\"670\">K\u00f6nnen wir Ihnen bei Ihrer Wahl helfen?<\/h2>\n<\/div>\n<\/div>\n<div class=\"elementor-element elementor-element-e9c05b1 elementor-widget elementor-widget-text-editor\" data-id=\"e9c05b1\" data-element_type=\"widget\" data-widget_type=\"text-editor.default\" data-trid=\"671\">\n<div class=\"elementor-widget-container\" data-trid=\"672\">\n<p style=\"text-align: left;\" data-trid=\"673\"><b>Rufen Sie uns unter +31 (30)25 111 91 an oder f\u00fcllen Sie das Kontaktformular aus.<\/b><\/p>\n<p style=\"text-align: left;\" data-trid=\"673\">Mehr als 40 Michelin-Sterne-Restaurants, Bars, Caterer, Weinh\u00e4ndler, Spirituosengesch\u00e4fte, Industrie, Regierung, diplomatische und konsularische Vertretungen, Universit\u00e4ten und nat\u00fcrlich Verbraucher sind Ihnen vorausgegangen (<a href=\"https:\/\/coolvaria.com\/de\/uber-uns\/\" data-trid=\"678\">Klicken Sie hier f\u00fcr Referenzen<\/a>).<\/p>\n<\/div>\n<\/div>\n<h4 style=\"text-align: center;\"><b>Kontakt Formular<\/b><\/h4>\n<p style=\"text-align: left;\"><div class=\"forminator-ui forminator-custom-form forminator-custom-form-7542 forminator-design--default  forminator_ajax\" data-forminator-render=\"0\" data-form=\"forminator-module-7542\" data-uid=\"69e1812745391\"><br\/><\/div><form\n\t\t\t\tid=\"forminator-module-7542\"\n\t\t\t\tclass=\"forminator-ui forminator-custom-form forminator-custom-form-7542 forminator-design--default  forminator_ajax\"\n\t\t\t\tmethod=\"post\"\n\t\t\t\tdata-forminator-render=\"0\"\n\t\t\t\tdata-form-id=\"7542\"\n\t\t\t\t\n\t\t\t\tdata-design=\"default\"\n\t\t\t\t\n\t\t\t\t\n\t\t\t\t\n\t\t\t\tdata-grid=\"open\"\n\t\t\t\t\n\t\t\t\t\n\t\t\t\tstyle=\"display: none;\"\n\t\t\t\t\n\t\t\t\tdata-uid=\"69e1812745391\" action=\"\"\n\t\t\t><div role=\"alert\" aria-live=\"polite\" class=\"forminator-response-message forminator-error\" aria-hidden=\"true\"><\/div><div class=\"forminator-row\"><input type=\"hidden\" id=\"hidden-2_69e1812745391\" name=\"hidden-2\" value=\"Wijn klimaatkast (200 flessen*, dubbele zone, 180cm hoogte)\" \/><input type=\"hidden\" id=\"hidden-1_69e1812745391\" name=\"hidden-1\" value=\"https:\/\/coolvaria.com\/de\/p\/weinklimaschrank-pt-s-200\/\" \/><\/div><div class=\"forminator-row\"><div id=\"name-1\" class=\"forminator-field-name forminator-col forminator-col-12\"><div class=\"forminator-row forminator-no-margin\" data-multiple=\"true\"><div class=\"forminator-col forminator-col-md-6\"><div class=\"forminator-field\"><label for=\"forminator-field-first-name-1_69e1812745391\" class=\"forminator-label\" id=\"forminator-field-first-name-1_69e1812745391-label\">Vorname <span class=\"forminator-required\">*<\/span><\/label><input type=\"text\" name=\"name-1-first-name\" placeholder=\"\" id=\"forminator-field-first-name-1_69e1812745391\" class=\"forminator-input\" aria-required=\"true\" data-multi=\"1\" value=\"\" \/><\/div><\/div><div class=\"forminator-col forminator-col-md-6\"><div class=\"forminator-field\"><label for=\"forminator-field-last-name-1_69e1812745391\" class=\"forminator-label\" id=\"forminator-field-last-name-1_69e1812745391-label\">Familienname, Nachname <span class=\"forminator-required\">*<\/span><\/label><input type=\"text\" name=\"name-1-last-name\" placeholder=\"\" id=\"forminator-field-last-name-1_69e1812745391\" class=\"forminator-input\" aria-required=\"true\" data-multi=\"1\" value=\"\" \/><\/div><\/div><\/div><\/div><\/div><div class=\"forminator-row\"><div id=\"text-1\" class=\"forminator-field-text forminator-col forminator-col-12\"><div class=\"forminator-field\"><label for=\"forminator-field-text-1_69e1812745391\" class=\"forminator-label\" id=\"forminator-field-text-1_69e1812745391-label\">Name der Firma<\/label><input type=\"text\" name=\"text-1\" value=\"\" placeholder=\"wenn anwendbar\" id=\"forminator-field-text-1_69e1812745391\" class=\"forminator-input forminator-name--field\" data-required=\"\" \/><\/div><\/div><\/div><div class=\"forminator-row\"><div id=\"email-1\" class=\"forminator-field-email forminator-col forminator-col-12\"><div class=\"forminator-field\"><label for=\"forminator-field-email-1_69e1812745391\" class=\"forminator-label\" id=\"forminator-field-email-1_69e1812745391-label\">E-Mail-Adresse <span class=\"forminator-required\">*<\/span><\/label><input type=\"email\" name=\"email-1\" value=\"\" placeholder=\"\" id=\"forminator-field-email-1_69e1812745391\" class=\"forminator-input forminator-email--field\" data-required=\"true\" aria-required=\"true\" \/><\/div><\/div><\/div><div class=\"forminator-row\"><div id=\"phone-1\" class=\"forminator-field-phone forminator-col forminator-col-12\"><div class=\"forminator-field\"><label for=\"forminator-field-phone-1_69e1812745391\" class=\"forminator-label\" id=\"forminator-field-phone-1_69e1812745391-label\">Telefonnummer<\/label><input type=\"text\" name=\"phone-1\" value=\"\" placeholder=\"\" id=\"forminator-field-phone-1_69e1812745391\" class=\"forminator-input forminator-field--phone\" data-required=\"\" aria-required=\"false\" autocomplete=\"off\" data-validation=\"1\" \/><\/div><\/div><\/div><div class=\"forminator-row\"><div id=\"checkbox-1\" class=\"forminator-field-checkbox forminator-col forminator-col-12\"><div role=\"group\" class=\"forminator-field\" aria-labelledby=\"forminator-checkbox-group-69e1812745391-label\"><h4 id=\"forminator-checkbox-group-69e1812745391-label\" class=\"forminator-label\">Ich m\u00f6chte:<\/h4><label id=\"forminator-field-checkbox-1-1-69e1812745391-label\" for=\"forminator-field-checkbox-1-1-69e1812745391\" class=\"forminator-checkbox\" title=\"Fordern Sie ein Angebot an:\"><input type=\"checkbox\" name=\"checkbox-1[]\" value=\"service-1\" id=\"forminator-field-checkbox-1-1-69e1812745391\" aria-labelledby=\"forminator-field-checkbox-1-1-69e1812745391-label\" data-calculation=\"0\"   aria-describedby=\"forminator-field-checkbox-1-69e1812745391-description\"\/><span class=\"forminator-checkbox-box\" aria-hidden=\"true\"><\/span><span class=\"forminator-checkbox-label\">Fordern Sie ein Angebot an:<\/span><\/label><label id=\"forminator-field-checkbox-1-2-69e1812745391-label\" for=\"forminator-field-checkbox-1-2-69e1812745391\" class=\"forminator-checkbox\" title=\"Fragen Sie etwas zur Mehrwertsteuer (f\u00fcr Unternehmen):\"><input type=\"checkbox\" name=\"checkbox-1[]\" value=\"service-2\" id=\"forminator-field-checkbox-1-2-69e1812745391\" aria-labelledby=\"forminator-field-checkbox-1-2-69e1812745391-label\" data-calculation=\"0\"   aria-describedby=\"forminator-field-checkbox-1-69e1812745391-description\"\/><span class=\"forminator-checkbox-box\" aria-hidden=\"true\"><\/span><span class=\"forminator-checkbox-label\">Fragen Sie etwas zur Mehrwertsteuer (f\u00fcr Unternehmen):<\/span><\/label><label id=\"forminator-field-checkbox-1-3-69e1812745391-label\" for=\"forminator-field-checkbox-1-3-69e1812745391\" class=\"forminator-checkbox\" title=\"Vereinbaren Sie einen Besichtigungstermin:\"><input type=\"checkbox\" name=\"checkbox-1[]\" value=\"Ik-wil-een-bezichtigingsafspraak-maken\" id=\"forminator-field-checkbox-1-3-69e1812745391\" aria-labelledby=\"forminator-field-checkbox-1-3-69e1812745391-label\" data-calculation=\"0\"   aria-describedby=\"forminator-field-checkbox-1-69e1812745391-description\"\/><span class=\"forminator-checkbox-box\" aria-hidden=\"true\"><\/span><span class=\"forminator-checkbox-label\">Vereinbaren Sie einen Besichtigungstermin:<\/span><\/label><label id=\"forminator-field-checkbox-1-4-69e1812745391-label\" for=\"forminator-field-checkbox-1-4-69e1812745391\" class=\"forminator-checkbox\" title=\"Fragen zur Verf\u00fcgbarkeit (Lagerbestand):\"><input type=\"checkbox\" name=\"checkbox-1[]\" value=\"iets-vragen-over-de-beschikbaarheid\" id=\"forminator-field-checkbox-1-4-69e1812745391\" aria-labelledby=\"forminator-field-checkbox-1-4-69e1812745391-label\" data-calculation=\"0\"   aria-describedby=\"forminator-field-checkbox-1-69e1812745391-description\"\/><span class=\"forminator-checkbox-box\" aria-hidden=\"true\"><\/span><span class=\"forminator-checkbox-label\">Fragen zur Verf\u00fcgbarkeit (Lagerbestand):<\/span><\/label><label id=\"forminator-field-checkbox-1-5-69e1812745391-label\" for=\"forminator-field-checkbox-1-5-69e1812745391\" class=\"forminator-checkbox\" title=\"Kann ich \u00fcber neue Lagerbest\u00e4nde informiert werden?\"><input type=\"checkbox\" name=\"checkbox-1[]\" value=\"Kan ik op de hoogte gehouden worden over nieuwe voorraad\" id=\"forminator-field-checkbox-1-5-69e1812745391\" aria-labelledby=\"forminator-field-checkbox-1-5-69e1812745391-label\" data-calculation=\"0\"   aria-describedby=\"forminator-field-checkbox-1-69e1812745391-description\"\/><span class=\"forminator-checkbox-box\" aria-hidden=\"true\"><\/span><span class=\"forminator-checkbox-label\">Kann ich \u00fcber neue Lagerbest\u00e4nde informiert werden?<\/span><\/label><label id=\"forminator-field-checkbox-1-6-69e1812745391-label\" for=\"forminator-field-checkbox-1-6-69e1812745391\" class=\"forminator-checkbox\" title=\"frag mal was anderes:\"><input type=\"checkbox\" name=\"checkbox-1[]\" value=\"Anders\" id=\"forminator-field-checkbox-1-6-69e1812745391\" aria-labelledby=\"forminator-field-checkbox-1-6-69e1812745391-label\" data-calculation=\"0\"   aria-describedby=\"forminator-field-checkbox-1-69e1812745391-description\"\/><span class=\"forminator-checkbox-box\" aria-hidden=\"true\"><\/span><span class=\"forminator-checkbox-label\">frag mal was anderes:<\/span><\/label><\/div><\/div><\/div><div class=\"forminator-row\"><div id=\"textarea-1\" class=\"forminator-field-textarea forminator-col forminator-col-12\"><div class=\"forminator-field\"><label for=\"forminator-field-textarea-1_69e1812745391\" id=\"forminator-field-textarea-1_69e1812745391-label\" class=\"forminator-label\">Nachricht<\/label><textarea name=\"textarea-1\" placeholder=\"\" id=\"forminator-field-textarea-1_69e1812745391\" class=\"forminator-textarea\" rows=\"6\" style=\"min-height:140px;\" maxlength=\"180\" ><\/textarea><span id=\"forminator-field-textarea-1_69e1812745391-description\" class=\"forminator-description\"><span data-limit=\"180\" data-type=\"characters\">0 \/ 180<\/span><\/span><\/div><\/div><\/div><input type=\"hidden\" name=\"referer_url\" value=\"\" \/><div class=\"forminator-row forminator-row-last\"><div class=\"forminator-col\"><div class=\"forminator-field\"><button class=\"forminator-button forminator-button-submit\">Anfrage absenden<\/button><\/div><\/div><\/div><input type=\"hidden\" id=\"forminator_nonce\" name=\"forminator_nonce\" value=\"adfaeed341\" \/><input type=\"hidden\" name=\"_wp_http_referer\" value=\"\/de\/wp-json\/wp\/v2\/product\/2928\" \/><input type=\"hidden\" name=\"form_id\" value=\"7542\"><input type=\"hidden\" name=\"page_id\" value=\"2928\"><input type=\"hidden\" name=\"form_type\" value=\"default\"><input type=\"hidden\" name=\"current_url\" value=\"https:\/\/coolvaria.com\/de\/p\/weinklimaschrank-pt-s-200\/\"><input type=\"hidden\" name=\"render_id\" value=\"0\"><input type=\"hidden\" name=\"action\" value=\"forminator_submit_form_custom-forms\"><input type=\"hidden\" name=\"trp-form-language\" value=\"de\"\/><\/form><\/p>","protected":false},"excerpt":{"rendered":"<p>*Die Anzahl der Flaschen basiert auf 0,75 l (Bordeaux-Gr\u00f6\u00dfe). Durch die Verwendung anderer Flaschengr\u00f6\u00dfen kann die Gesamtanzahl der Flaschen variieren.<\/p>","protected":false},"featured_media":10348,"template":"","meta":{"_sitemap_exclude":false,"_sitemap_priority":"","_sitemap_frequency":""},"product_cat":[58],"product_tag":[],"class_list":["post-2928","product","type-product","status-publish","has-post-thumbnail","hentry","product_cat-wijn","product_shipping_class-flat-rate","pa_extra-plateaus-mogelijk-ja-mogelijk","pa_omgevingstemperatuur-0-38-c","pa_temperature-twee-temperatuurzones","pa_temperatuurbereik-5-13-c-bovenin-13-18-c-onderin","pa_volume-200-flessen-2","layout-style-2","col-md-4 col-sm-4 col-xs-6","product-has-gallery","product-style-addtocart"],"_links":{"self":[{"href":"https:\/\/coolvaria.com\/de\/wp-json\/wp\/v2\/product\/2928","targetHints":{"allow":["GET"]}}],"collection":[{"href":"https:\/\/coolvaria.com\/de\/wp-json\/wp\/v2\/product"}],"about":[{"href":"https:\/\/coolvaria.com\/de\/wp-json\/wp\/v2\/types\/product"}],"wp:featuredmedia":[{"embeddable":true,"href":"https:\/\/coolvaria.com\/de\/wp-json\/wp\/v2\/media\/10348"}],"wp:attachment":[{"href":"https:\/\/coolvaria.com\/de\/wp-json\/wp\/v2\/media?parent=2928"}],"wp:term":[{"taxonomy":"product_cat","embeddable":true,"href":"https:\/\/coolvaria.com\/de\/wp-json\/wp\/v2\/product_cat?post=2928"},{"taxonomy":"product_tag","embeddable":true,"href":"https:\/\/coolvaria.com\/de\/wp-json\/wp\/v2\/product_tag?post=2928"}],"curies":[{"name":"wp","href":"https:\/\/api.w.org\/{rel}","templated":true}]}}