{"id":8968,"date":"2024-03-07T12:00:46","date_gmt":"2024-03-07T11:00:46","guid":{"rendered":"https:\/\/coolvaria.com\/?page_id=8968"},"modified":"2024-03-07T12:06:32","modified_gmt":"2024-03-07T11:06:32","slug":"werking-van-de-compacte-wijnkoeler","status":"publish","type":"page","link":"https:\/\/coolvaria.com\/de\/bedienung-des-kompakten-weinkuhlschranks\/","title":{"rendered":"Bedienung des kompakten Weink\u00fchlers"},"content":{"rendered":"<div data-elementor-type=\"wp-page\" data-elementor-id=\"8968\" class=\"elementor elementor-8968\">\n\t\t\t\t\t\t\t\t\t<section class=\"elementor-section elementor-top-section elementor-element elementor-element-77b2003 elementor-section-boxed elementor-section-height-default elementor-section-height-default\" data-id=\"77b2003\" data-element_type=\"section\">\n\t\t\t\t\t\t<div class=\"elementor-container elementor-column-gap-default\">\n\t\t\t\t\t<div class=\"elementor-column elementor-col-100 elementor-top-column elementor-element elementor-element-4f4b5c8\" data-id=\"4f4b5c8\" data-element_type=\"column\">\n\t\t\t<div class=\"elementor-widget-wrap elementor-element-populated\">\n\t\t\t\t\t\t\t\t<div class=\"elementor-element elementor-element-09266fe elementor-widget elementor-widget-text-editor\" data-id=\"09266fe\" data-element_type=\"widget\" data-widget_type=\"text-editor.default\">\n\t\t\t\t<div class=\"elementor-widget-container\">\n\t\t\t<style>\/*! elementor - v3.17.0 - 01-11-2023 *\/\n.elementor-widget-text-editor.elementor-drop-cap-view-stacked .elementor-drop-cap{background-color:#69727d;color:#fff}.elementor-widget-text-editor.elementor-drop-cap-view-framed .elementor-drop-cap{color:#69727d;border:3px solid;background-color:transparent}.elementor-widget-text-editor:not(.elementor-drop-cap-view-default) .elementor-drop-cap{margin-top:8px}.elementor-widget-text-editor:not(.elementor-drop-cap-view-default) .elementor-drop-cap-letter{width:1em;height:1em}.elementor-widget-text-editor .elementor-drop-cap{float:left;text-align:center;line-height:1;font-size:50px}.elementor-widget-text-editor .elementor-drop-cap-letter{display:inline-block}<\/style>\t\t\t\t<h3 class=\"gt-block\" style=\"caret-color: #7c7c80; text-size-adjust: auto;\"><strong><em>Betrieb:<\/em><\/strong><\/h3><p style=\"caret-color: #7c7c80; text-size-adjust: auto;\">Dieses Modell wird durch den thermoelektrischen Effekt gek\u00fchlt, der W\u00e4rme von einer Seite auf die andere \u00fcbertr\u00e4gt. Dies hat immer eine warme und eine kalte Seite mit einem Temperaturunterschied. Die warme Seite hat die Temperatur der Umgebungstemperatur, w\u00e4hrend die kalte Seite 15 Grad niedriger sein kann. Ein thermoelektrischer Klimaschrank k\u00fchlt immer (aufgrund des Vorhandenseins eines L\u00fcfters), da das Peltier-Element immer durch die Umgebungstemperatur gek\u00fchlt werden muss.<\/p><p style=\"caret-color: #7c7c80; text-size-adjust: auto;\">Thermoelektrische Klimakammern sind leicht und lassen sich leicht bewegen, was sie ideal f\u00fcr Plug &amp; Play macht. Eine niedrigere Temperatur im K\u00fchler f\u00fchrt zu einer geringeren Luftfeuchtigkeit.<\/p><h3 style=\"caret-color: #7c7c80; text-size-adjust: auto;\">F\u00fcr die Lagerung\/den Weinausschank empfehlen wir Folgendes:<\/h3><p style=\"caret-color: #7c7c80; text-size-adjust: auto;\">Wei\u00dfwein: eine Temperatur von 7-9\u00b0C.<\/p><p style=\"caret-color: #7c7c80; text-size-adjust: auto;\">Weinlagerung: eine Temperatur von 11-13\u00b0C.<\/p><p style=\"caret-color: #7c7c80; text-size-adjust: auto;\">Rotwein: eine Temperatur von 16-18\u00b0C.<\/p><h3 class=\"gt-block\" style=\"caret-color: #7c7c80; text-size-adjust: auto;\"><strong>Anmerkung:<\/strong><\/h3><p class=\"gt-block\" style=\"caret-color: #7c7c80; text-size-adjust: auto;\"><em>Um dieses System zu k\u00fchlen, ist ein L\u00fcfter erforderlich (um W\u00e4rme abzuleiten). Deshalb verf\u00fcgt dieser K\u00fchler \u00fcber einen L\u00fcfter.<br \/>Da dieser K\u00fchler mit einem L\u00fcfter ausgestattet ist, kann er nicht eingebaut werden (der K\u00fchler ben\u00f6tigt Platz zur W\u00e4rmeableitung). Dieser K\u00fchler kann jedoch in einen Schrank eingebaut werden, wenn rund um den K\u00fchler viel Platz vorhanden ist<strong>.<\/strong><\/em><\/p><p style=\"text-align: center;\">\u00a0<\/p>\t\t\t\t\t\t<\/div>\n\t\t\t\t<\/div>\n\t\t\t\t\t<\/div>\n\t\t<\/div>\n\t\t\t\t\t\t\t<\/div>\n\t\t<\/section>\n\t\t\t\t\t\t\t<\/div>","protected":false},"excerpt":{"rendered":"<p>Funktionsweise: Dieses Modell wird durch den thermoelektrischen Effekt gek\u00fchlt, der W\u00e4rme von einer Seite auf die andere \u00fcbertr\u00e4gt. Das hat immer eine warme und eine kalte Seite mit einem\u2026<\/p>","protected":false},"author":617,"featured_media":0,"parent":0,"menu_order":0,"comment_status":"closed","ping_status":"closed","template":"","meta":{"_sitemap_exclude":false,"_sitemap_priority":"","_sitemap_frequency":"","footnotes":""},"class_list":["post-8968","page","type-page","status-publish","hentry"],"_links":{"self":[{"href":"https:\/\/coolvaria.com\/de\/wp-json\/wp\/v2\/pages\/8968","targetHints":{"allow":["GET"]}}],"collection":[{"href":"https:\/\/coolvaria.com\/de\/wp-json\/wp\/v2\/pages"}],"about":[{"href":"https:\/\/coolvaria.com\/de\/wp-json\/wp\/v2\/types\/page"}],"author":[{"embeddable":true,"href":"https:\/\/coolvaria.com\/de\/wp-json\/wp\/v2\/users\/617"}],"replies":[{"embeddable":true,"href":"https:\/\/coolvaria.com\/de\/wp-json\/wp\/v2\/comments?post=8968"}],"version-history":[{"count":10,"href":"https:\/\/coolvaria.com\/de\/wp-json\/wp\/v2\/pages\/8968\/revisions"}],"predecessor-version":[{"id":8978,"href":"https:\/\/coolvaria.com\/de\/wp-json\/wp\/v2\/pages\/8968\/revisions\/8978"}],"wp:attachment":[{"href":"https:\/\/coolvaria.com\/de\/wp-json\/wp\/v2\/media?parent=8968"}],"curies":[{"name":"wp","href":"https:\/\/api.w.org\/{rel}","templated":true}]}}