{"id":6068,"date":"2023-06-07T10:22:14","date_gmt":"2023-06-07T10:22:14","guid":{"rendered":"\/?page_id=6068"},"modified":"2024-03-05T17:59:29","modified_gmt":"2024-03-05T16:59:29","slug":"operation-of-the-small-champagne-cooler","status":"publish","type":"page","link":"https:\/\/coolvaria.com\/de\/bedienung-des-kleinen-sektkuhlers\/","title":{"rendered":"Betrieb der kleinen Champagner-Klimakammer"},"content":{"rendered":"<div data-elementor-type=\"wp-page\" data-elementor-id=\"6068\" class=\"elementor elementor-6068\">\n\t\t\t\t\t\t\t\t\t<section class=\"elementor-section elementor-top-section elementor-element elementor-element-4abe8a8 elementor-section-boxed elementor-section-height-default elementor-section-height-default\" data-id=\"4abe8a8\" data-element_type=\"section\">\n\t\t\t\t\t\t<div class=\"elementor-container elementor-column-gap-default\">\n\t\t\t\t\t<div class=\"elementor-column elementor-col-100 elementor-top-column elementor-element elementor-element-c2b34c1\" data-id=\"c2b34c1\" data-element_type=\"column\">\n\t\t\t<div class=\"elementor-widget-wrap elementor-element-populated\">\n\t\t\t\t\t\t\t\t<div class=\"elementor-element elementor-element-742481e elementor-widget elementor-widget-text-editor\" data-id=\"742481e\" data-element_type=\"widget\" data-widget_type=\"text-editor.default\">\n\t\t\t\t<div class=\"elementor-widget-container\">\n\t\t\t<style>\/*! elementor - v3.17.0 - 01-11-2023 *\/\n.elementor-widget-text-editor.elementor-drop-cap-view-stacked .elementor-drop-cap{background-color:#69727d;color:#fff}.elementor-widget-text-editor.elementor-drop-cap-view-framed .elementor-drop-cap{color:#69727d;border:3px solid;background-color:transparent}.elementor-widget-text-editor:not(.elementor-drop-cap-view-default) .elementor-drop-cap{margin-top:8px}.elementor-widget-text-editor:not(.elementor-drop-cap-view-default) .elementor-drop-cap-letter{width:1em;height:1em}.elementor-widget-text-editor .elementor-drop-cap{float:left;text-align:center;line-height:1;font-size:50px}.elementor-widget-text-editor .elementor-drop-cap-letter{display:inline-block}<\/style>\t\t\t\t<p class=\"gt-block\" style=\"caret-color: #7c7c80; text-size-adjust: auto;\"><strong><em>Betrieb:<\/em><\/strong><\/p><p style=\"caret-color: #7c7c80; text-size-adjust: auto;\">Dieses Modell wird durch den thermoelektrischen Effekt gek\u00fchlt, der W\u00e4rme von einer Seite auf die andere \u00fcbertr\u00e4gt. Dies hat immer eine warme und eine kalte Seite mit einem Temperaturunterschied. Die warme Seite hat die Temperatur der Umgebungstemperatur, w\u00e4hrend die kalte Seite 15 Grad niedriger sein kann. Ein thermoelektrischer Klimaschrank k\u00fchlt immer (aufgrund des Vorhandenseins eines L\u00fcfters), da das Peltier-Element immer durch die Umgebungstemperatur gek\u00fchlt werden muss. Thermoelektrische Klimakammern sind leicht und lassen sich leicht bewegen, was sie ideal f\u00fcr Plug &amp; Play macht. Eine niedrigere Temperatur in der K\u00fchlbox f\u00fchrt zu einer geringeren Luftfeuchtigkeit.<\/p><p style=\"caret-color: #7c7c80; text-size-adjust: auto;\">F\u00fcr Champagner empfehlen wir eine eingestellte Temperatur von 8-10\u00b0C.<\/p><p class=\"gt-block\" style=\"caret-color: #7c7c80; text-size-adjust: auto;\"><strong>Denk daran, dass:<\/strong><em><br \/>Um dieses System zu k\u00fchlen, ist ein L\u00fcfter erforderlich (um W\u00e4rme abzuleiten). Deshalb verf\u00fcgt diese K\u00fchlbox \u00fcber einen L\u00fcfter.<br \/>Da diese K\u00fchlbox mit einem L\u00fcfter ausgestattet ist, kann sie nicht eingebaut werden (die K\u00fchlbox ben\u00f6tigt Platz, um die W\u00e4rme abzuleiten). Allerdings kann diese K\u00fchlbox in einen Schrank eingebaut werden, wenn rund um die K\u00fchlbox ausreichend Platz vorhanden ist<strong>.<\/strong><\/em><\/p><p style=\"text-align: center;\">\u00a0<\/p>\t\t\t\t\t\t<\/div>\n\t\t\t\t<\/div>\n\t\t\t\t\t<\/div>\n\t\t<\/div>\n\t\t\t\t\t\t\t<\/div>\n\t\t<\/section>\n\t\t\t\t\t\t\t<\/div>","protected":false},"excerpt":{"rendered":"<p>Funktionsweise: Dieses Modell wird durch den thermoelektrischen Effekt gek\u00fchlt, der W\u00e4rme von einer Seite auf die andere \u00fcbertr\u00e4gt. Das hat immer eine warme und eine kalte Seite mit einem\u2026<\/p>","protected":false},"author":617,"featured_media":0,"parent":0,"menu_order":0,"comment_status":"closed","ping_status":"closed","template":"","meta":{"_sitemap_exclude":false,"_sitemap_priority":"","_sitemap_frequency":"","footnotes":""},"class_list":["post-6068","page","type-page","status-publish","hentry"],"_links":{"self":[{"href":"https:\/\/coolvaria.com\/de\/wp-json\/wp\/v2\/pages\/6068","targetHints":{"allow":["GET"]}}],"collection":[{"href":"https:\/\/coolvaria.com\/de\/wp-json\/wp\/v2\/pages"}],"about":[{"href":"https:\/\/coolvaria.com\/de\/wp-json\/wp\/v2\/types\/page"}],"author":[{"embeddable":true,"href":"https:\/\/coolvaria.com\/de\/wp-json\/wp\/v2\/users\/617"}],"replies":[{"embeddable":true,"href":"https:\/\/coolvaria.com\/de\/wp-json\/wp\/v2\/comments?post=6068"}],"version-history":[{"count":1,"href":"https:\/\/coolvaria.com\/de\/wp-json\/wp\/v2\/pages\/6068\/revisions"}],"predecessor-version":[{"id":8903,"href":"https:\/\/coolvaria.com\/de\/wp-json\/wp\/v2\/pages\/6068\/revisions\/8903"}],"wp:attachment":[{"href":"https:\/\/coolvaria.com\/de\/wp-json\/wp\/v2\/media?parent=6068"}],"curies":[{"name":"wp","href":"https:\/\/api.w.org\/{rel}","templated":true}]}}