{"id":6064,"date":"2023-06-07T10:19:45","date_gmt":"2023-06-07T10:19:45","guid":{"rendered":"\/?page_id=6064"},"modified":"2024-03-05T17:55:45","modified_gmt":"2024-03-05T16:55:45","slug":"werking-van-de-kleine-kruidenkoeler","status":"publish","type":"page","link":"https:\/\/coolvaria.com\/de\/bedienung-des-kleinen-krauterkuhlers\/","title":{"rendered":"Bedienung des kleinen Kr\u00e4uterklimaschranks"},"content":{"rendered":"<div data-elementor-type=\"wp-page\" data-elementor-id=\"6064\" class=\"elementor elementor-6064\">\n\t\t\t\t\t\t\t\t\t<section class=\"elementor-section elementor-top-section elementor-element elementor-element-dab948c elementor-section-boxed elementor-section-height-default elementor-section-height-default\" data-id=\"dab948c\" data-element_type=\"section\">\n\t\t\t\t\t\t<div class=\"elementor-container elementor-column-gap-default\">\n\t\t\t\t\t<div class=\"elementor-column elementor-col-100 elementor-top-column elementor-element elementor-element-bb63fbe\" data-id=\"bb63fbe\" data-element_type=\"column\">\n\t\t\t<div class=\"elementor-widget-wrap elementor-element-populated\">\n\t\t\t\t\t\t\t\t<div class=\"elementor-element elementor-element-f18d737 elementor-widget elementor-widget-text-editor\" data-id=\"f18d737\" data-element_type=\"widget\" data-widget_type=\"text-editor.default\">\n\t\t\t\t<div class=\"elementor-widget-container\">\n\t\t\t<style>\/*! elementor - v3.17.0 - 01-11-2023 *\/\n.elementor-widget-text-editor.elementor-drop-cap-view-stacked .elementor-drop-cap{background-color:#69727d;color:#fff}.elementor-widget-text-editor.elementor-drop-cap-view-framed .elementor-drop-cap{color:#69727d;border:3px solid;background-color:transparent}.elementor-widget-text-editor:not(.elementor-drop-cap-view-default) .elementor-drop-cap{margin-top:8px}.elementor-widget-text-editor:not(.elementor-drop-cap-view-default) .elementor-drop-cap-letter{width:1em;height:1em}.elementor-widget-text-editor .elementor-drop-cap{float:left;text-align:center;line-height:1;font-size:50px}.elementor-widget-text-editor .elementor-drop-cap-letter{display:inline-block}<\/style>\t\t\t\t<p class=\"gt-block\" data-trid=\"1156\"><strong data-trid=\"1157\"><em data-trid=\"1158\">Betrieb:<\/em><\/strong><\/p>\n<p data-trid=\"1159\">Dieses Modell wird durch den thermoelektrischen Effekt gek\u00fchlt, der W\u00e4rme von einer Seite auf die andere \u00fcbertr\u00e4gt. Dies hat immer eine warme und eine kalte Seite mit einem Temperaturunterschied. Die warme Seite hat die Temperatur der Umgebungstemperatur, w\u00e4hrend die kalte Seite 15 Grad niedriger sein kann. Ein thermoelektrischer Klimaschrank k\u00fchlt immer (aufgrund des Vorhandenseins eines L\u00fcfters), da das Peltier-Element immer durch die Umgebungstemperatur gek\u00fchlt werden muss. Thermoelektrische Klimakammern sind leicht und lassen sich leicht bewegen, was sie ideal f\u00fcr Plug &amp; Play macht. Eine niedrigere Temperatur in der K\u00fchlbox f\u00fchrt zu einer geringeren Luftfeuchtigkeit.<\/p>\n<p data-trid=\"1160\">F\u00fcr Kr\u00e4uter empfehlen wir eine eingestellte Temperatur von 17-18\u00b0C.<\/p>\n<p class=\"gt-block\" data-trid=\"1161\"><strong data-trid=\"1162\">Denk daran, dass:<\/strong><em data-trid=\"1163\"><br data-trid=\"1164\">Um dieses System zu k\u00fchlen, ist ein Ventilator (zur W\u00e4rmeabfuhr) erforderlich, weshalb dieser Klimaschrank \u00fcber einen Ventilator verf\u00fcgt.<br data-trid=\"1165\">Da dieser Klimaschrank mit einem Ventilator ausgestattet ist, kann er nicht eingebaut werden (der Klimaschrank ben\u00f6tigt Platz zur W\u00e4rmeableitung). Allerdings kann diese Klimakammer in einen Schrank (Einbauschrank) gestellt werden, wenn um die Klimakammer herum viel Platz ist<strong data-trid=\"1166\">.<\/strong><\/em><\/p>\n<p style=\"text-align: center;\" data-trid=\"1167\">\n<\/p>\t\t\t\t\t\t<\/div>\n\t\t\t\t<\/div>\n\t\t\t\t\t<\/div>\n\t\t<\/div>\n\t\t\t\t\t\t\t<\/div>\n\t\t<\/section>\n\t\t\t\t\t\t\t<\/div>","protected":false},"excerpt":{"rendered":"<p>Funktionsweise: Dieses Modell wird durch den thermoelektrischen Effekt gek\u00fchlt, der W\u00e4rme von einer Seite auf die andere \u00fcbertr\u00e4gt. Das hat immer eine warme und eine kalte Seite mit einem\u2026<\/p>","protected":false},"author":617,"featured_media":0,"parent":0,"menu_order":0,"comment_status":"closed","ping_status":"closed","template":"","meta":{"_sitemap_exclude":false,"_sitemap_priority":"","_sitemap_frequency":"","footnotes":""},"class_list":["post-6064","page","type-page","status-publish","hentry"],"_links":{"self":[{"href":"https:\/\/coolvaria.com\/de\/wp-json\/wp\/v2\/pages\/6064","targetHints":{"allow":["GET"]}}],"collection":[{"href":"https:\/\/coolvaria.com\/de\/wp-json\/wp\/v2\/pages"}],"about":[{"href":"https:\/\/coolvaria.com\/de\/wp-json\/wp\/v2\/types\/page"}],"author":[{"embeddable":true,"href":"https:\/\/coolvaria.com\/de\/wp-json\/wp\/v2\/users\/617"}],"replies":[{"embeddable":true,"href":"https:\/\/coolvaria.com\/de\/wp-json\/wp\/v2\/comments?post=6064"}],"version-history":[{"count":4,"href":"https:\/\/coolvaria.com\/de\/wp-json\/wp\/v2\/pages\/6064\/revisions"}],"predecessor-version":[{"id":8901,"href":"https:\/\/coolvaria.com\/de\/wp-json\/wp\/v2\/pages\/6064\/revisions\/8901"}],"wp:attachment":[{"href":"https:\/\/coolvaria.com\/de\/wp-json\/wp\/v2\/media?parent=6064"}],"curies":[{"name":"wp","href":"https:\/\/api.w.org\/{rel}","templated":true}]}}