{"id":5985,"date":"2023-06-06T10:02:12","date_gmt":"2023-06-06T10:02:12","guid":{"rendered":"\/?page_id=5985"},"modified":"2024-03-08T16:03:05","modified_gmt":"2024-03-08T15:03:05","slug":"waarom-een-chocolade-klimaatkast","status":"publish","type":"page","link":"https:\/\/coolvaria.com\/de\/warum-eine-schokoladen-klimakammer\/","title":{"rendered":"Warum eine Schokoladen-Klimaschrank?"},"content":{"rendered":"<div data-elementor-type=\"wp-page\" data-elementor-id=\"5985\" class=\"elementor elementor-5985\">\n\t\t\t\t\t\t\t\t\t<section class=\"elementor-section elementor-top-section elementor-element elementor-element-cf627a5 elementor-section-boxed elementor-section-height-default elementor-section-height-default\" data-id=\"cf627a5\" data-element_type=\"section\">\n\t\t\t\t\t\t<div class=\"elementor-container elementor-column-gap-default\">\n\t\t\t\t\t<div class=\"elementor-column elementor-col-100 elementor-top-column elementor-element elementor-element-4ca3c2f\" data-id=\"4ca3c2f\" data-element_type=\"column\">\n\t\t\t<div class=\"elementor-widget-wrap elementor-element-populated\">\n\t\t\t\t\t\t\t\t<div class=\"elementor-element elementor-element-da48297 elementor-widget elementor-widget-text-editor\" data-id=\"da48297\" data-element_type=\"widget\" data-widget_type=\"text-editor.default\">\n\t\t\t\t<div class=\"elementor-widget-container\">\n\t\t\t<style>\/*! elementor - v3.17.0 - 01-11-2023 *\/\n.elementor-widget-text-editor.elementor-drop-cap-view-stacked .elementor-drop-cap{background-color:#69727d;color:#fff}.elementor-widget-text-editor.elementor-drop-cap-view-framed .elementor-drop-cap{color:#69727d;border:3px solid;background-color:transparent}.elementor-widget-text-editor:not(.elementor-drop-cap-view-default) .elementor-drop-cap{margin-top:8px}.elementor-widget-text-editor:not(.elementor-drop-cap-view-default) .elementor-drop-cap-letter{width:1em;height:1em}.elementor-widget-text-editor .elementor-drop-cap{float:left;text-align:center;line-height:1;font-size:50px}.elementor-widget-text-editor .elementor-drop-cap-letter{display:inline-block}<\/style>\t\t\t\t<h4><img decoding=\"async\" class=\"size-medium wp-image-9088 aligncenter\" src=\"https:\/\/cdn.coolvaria.com\/wp-content\/uploads\/chocolat-choclate-schokolade-schokolade-CoolVaria-225x300.jpg?strip=all&lossy=1&ssl=1\" alt=\"\" width=\"225\" height=\"300\" srcset=\"https:\/\/cdn.coolvaria.com\/wp-content\/uploads\/chocolat-choclate-schokolade-schokolade-CoolVaria-225x300.jpg?strip=all&amp;lossy=1&amp;ssl=1 225w, https:\/\/cdn.coolvaria.com\/wp-content\/uploads\/chocolat-choclate-schokolade-schokolade-CoolVaria-433x577.jpg?strip=all&amp;lossy=1&amp;ssl=1 433w, https:\/\/cdn.coolvaria.com\/wp-content\/uploads\/chocolat-choclate-schokolade-schokolade-CoolVaria-937x1249.jpg?strip=all&amp;lossy=1&amp;ssl=1 937w, https:\/\/cdn.coolvaria.com\/wp-content\/uploads\/chocolat-choclate-schokolade-schokolade-CoolVaria-768x1024.jpg?strip=all&amp;lossy=1&amp;ssl=1 768w, https:\/\/cdn.coolvaria.com\/wp-content\/uploads\/chocolat-choclate-schokolade-schokolade-CoolVaria-1152x1536.jpg?strip=all&amp;lossy=1&amp;ssl=1 1152w, https:\/\/cdn.coolvaria.com\/wp-content\/uploads\/chocolat-choclate-schokolade-schokolade-CoolVaria-9x12.jpg?strip=all&amp;lossy=1&amp;ssl=1 9w, https:\/\/cdn.coolvaria.com\/wp-content\/uploads\/chocolat-choclate-schokolade-schokolade-CoolVaria.jpg?strip=all&amp;lossy=1&amp;ssl=1 1440w, https:\/\/cdn.coolvaria.com\/wp-content\/uploads\/chocolat-choclate-schokolade-schokolade-CoolVaria.jpg?strip=all&amp;lossy=1&amp;w=128&amp;ssl=1 128w, https:\/\/cdn.coolvaria.com\/wp-content\/uploads\/chocolat-choclate-schokolade-schokolade-CoolVaria.jpg?strip=all&amp;lossy=1&amp;w=512&amp;ssl=1 512w, https:\/\/cdn.coolvaria.com\/wp-content\/uploads\/chocolat-choclate-schokolade-schokolade-CoolVaria.jpg?strip=all&amp;lossy=1&amp;w=640&amp;ssl=1 640w, https:\/\/cdn.coolvaria.com\/wp-content\/uploads\/chocolat-choclate-schokolade-schokolade-CoolVaria.jpg?strip=all&amp;lossy=1&amp;w=1280&amp;ssl=1 1280w\" sizes=\"(max-width: 225px) 100vw, 225px\" \/><\/h4><p>Obwohl die Kakaobohne in warmen L\u00e4ndern gut w\u00e4chst, ist eine warme Umgebung f\u00fcr verarbeitete Schokolade nicht die richtige Art, Schokolade aufzubewahren. Auch das andere Extrem (kalt) ist f\u00fcr Schokolade nicht geeignet. Man k\u00f6nnte sagen, dass Schokolade ziemlich w\u00e4hlerisch ist.<\/p><h4 class=\"gt-block\"><em><strong>Welche Temperatur?<\/strong><\/em><\/h4><p>Schokolade lagert man am besten bei einer Temperatur zwischen 15 und 20 Grad und im Dunkeln, denn durch die Sonneneinstrahlung kommt es zu Temperaturschwankungen, die die Schokolade weniger schmackhaft machen k\u00f6nnen. Stellen Sie daher sicher, dass Sie einen vollkommen trockenen, dunklen Ort mit einer Temperatur zwischen 15 und 20 Grad haben. Wir empfehlen daher, Schokolade nicht im K\u00fchlschrank aufzubewahren!<\/p><h4 class=\"gt-block\"><strong><em>Warum verwandelt sich die Schokolade in ein unappetitlich aussehendes St\u00fcck wei\u00dfe Schokolade?<\/em><\/strong><\/h4><p>Der Grund, warum Ihre Schokolade wei\u00df wird, kann drei Ursachen haben. <strong><span style=\"text-decoration: underline;\">Bei<\/span> hei\u00df<\/strong>, <strong><span style=\"text-decoration: underline;\">bei<\/span> kalt <\/strong>oder <strong><span style=\"text-decoration: underline;\">bei<\/span> Feuchte<\/strong>. Versuchen Sie daher immer, Schokolade richtig aufzubewahren, damit Sie sehr lange Freude an Ihrer Schokolade haben.<\/p><h4 class=\"gt-block\"><strong><em>Wie lange kann ich meine Schokolade aufbewahren?<\/em><\/strong><\/h4><p class=\"gt-block\">&#8211;<span style=\"text-decoration: underline;\">Dunkle Schokolade:<\/span> 1,5 Jahre bis 2 Jahre<br \/>&#8211;<span style=\"text-decoration: underline;\">Milchschokolade<\/span>: 1 Jahr<br \/>&#8211;<span style=\"text-decoration: underline;\">wei\u00dfe Schokolade<\/span>: 3 Monate<\/p><h4><em><strong>Kann ich im Schoko-Klimaschrank auch einfach Schachteln mit Schokolade aufbewahren?<\/strong><\/em><\/h4><p>Ja, das kannst du auf jeden Fall. So k\u00f6nnen Sie Ihre Pralinen\/Pralinen lange und in vollen Z\u00fcgen genie\u00dfen.<\/p><h4><em><strong>Und was ist mit Kuchen oder Geb\u00e4ck?<\/strong><\/em><\/h4><p>Das k\u00f6nnen Sie auch im Schoko-Klimaschrank aufbewahren! Und da vorne kein erh\u00f6hter Rand vorhanden ist, k\u00f6nnen Sie den Teig (oder die Schachteln) auch problemlos hineinschieben, ohne das Tablett nach vorne schieben zu m\u00fcssen.<\/p>\t\t\t\t\t\t<\/div>\n\t\t\t\t<\/div>\n\t\t\t\t\t<\/div>\n\t\t<\/div>\n\t\t\t\t\t\t\t<\/div>\n\t\t<\/section>\n\t\t\t\t\t\t\t<\/div>","protected":false},"excerpt":{"rendered":"<p>Obwohl die Kakaobohne in warmen L\u00e4ndern gut w\u00e4chst, ist eine warme Umgebung f\u00fcr verarbeitete Schokolade nicht die richtige Art, Schokolade aufzubewahren. Das andere Extrem (K\u00e4lte) ist auch nichts f\u00fcr Sie\u2026<\/p>","protected":false},"author":617,"featured_media":0,"parent":0,"menu_order":0,"comment_status":"closed","ping_status":"closed","template":"","meta":{"_sitemap_exclude":false,"_sitemap_priority":"","_sitemap_frequency":"","footnotes":""},"class_list":["post-5985","page","type-page","status-publish","hentry"],"_links":{"self":[{"href":"https:\/\/coolvaria.com\/de\/wp-json\/wp\/v2\/pages\/5985","targetHints":{"allow":["GET"]}}],"collection":[{"href":"https:\/\/coolvaria.com\/de\/wp-json\/wp\/v2\/pages"}],"about":[{"href":"https:\/\/coolvaria.com\/de\/wp-json\/wp\/v2\/types\/page"}],"author":[{"embeddable":true,"href":"https:\/\/coolvaria.com\/de\/wp-json\/wp\/v2\/users\/617"}],"replies":[{"embeddable":true,"href":"https:\/\/coolvaria.com\/de\/wp-json\/wp\/v2\/comments?post=5985"}],"version-history":[{"count":9,"href":"https:\/\/coolvaria.com\/de\/wp-json\/wp\/v2\/pages\/5985\/revisions"}],"predecessor-version":[{"id":9097,"href":"https:\/\/coolvaria.com\/de\/wp-json\/wp\/v2\/pages\/5985\/revisions\/9097"}],"wp:attachment":[{"href":"https:\/\/coolvaria.com\/de\/wp-json\/wp\/v2\/media?parent=5985"}],"curies":[{"name":"wp","href":"https:\/\/api.w.org\/{rel}","templated":true}]}}