{"id":5948,"date":"2023-06-06T07:44:50","date_gmt":"2023-06-06T07:44:50","guid":{"rendered":"\/?page_id=5948"},"modified":"2023-12-06T03:43:35","modified_gmt":"2023-12-06T02:43:35","slug":"aanvullende-informatie-van-de-kaasklimaatkasten","status":"publish","type":"page","link":"https:\/\/coolvaria.com\/de\/weitere-informationen-zu-den-kaseklimaschranken\/","title":{"rendered":"Weitere Informationen zu den K\u00e4se-Klimaschr\u00e4nken"},"content":{"rendered":"<div data-elementor-type=\"wp-page\" data-elementor-id=\"5948\" class=\"elementor elementor-5948\">\n\t\t\t\t\t\t\t\t\t<section class=\"elementor-section elementor-top-section elementor-element elementor-element-7354d4a elementor-section-boxed elementor-section-height-default elementor-section-height-default\" data-id=\"7354d4a\" data-element_type=\"section\">\n\t\t\t\t\t\t<div class=\"elementor-container elementor-column-gap-default\">\n\t\t\t\t\t<div class=\"elementor-column elementor-col-100 elementor-top-column elementor-element elementor-element-8c243e6\" data-id=\"8c243e6\" data-element_type=\"column\">\n\t\t\t<div class=\"elementor-widget-wrap elementor-element-populated\">\n\t\t\t\t\t\t\t\t<div class=\"elementor-element elementor-element-822eaee elementor-widget elementor-widget-text-editor\" data-id=\"822eaee\" data-element_type=\"widget\" data-widget_type=\"text-editor.default\">\n\t\t\t\t<div class=\"elementor-widget-container\">\n\t\t\t<style>\/*! elementor - v3.17.0 - 01-11-2023 *\/\n.elementor-widget-text-editor.elementor-drop-cap-view-stacked .elementor-drop-cap{background-color:#69727d;color:#fff}.elementor-widget-text-editor.elementor-drop-cap-view-framed .elementor-drop-cap{color:#69727d;border:3px solid;background-color:transparent}.elementor-widget-text-editor:not(.elementor-drop-cap-view-default) .elementor-drop-cap{margin-top:8px}.elementor-widget-text-editor:not(.elementor-drop-cap-view-default) .elementor-drop-cap-letter{width:1em;height:1em}.elementor-widget-text-editor .elementor-drop-cap{float:left;text-align:center;line-height:1;font-size:50px}.elementor-widget-text-editor .elementor-drop-cap-letter{display:inline-block}<\/style>\t\t\t\tHier finden Sie weitere Informationen zur Bedienung, Montage, Ver\u00e4nderung der Position der Einlegeb\u00f6den, unterschiedlichen Temperaturen etc. der K\u00e4seklimaschr\u00e4nke.\n<p class=\"gt-block\"><strong><u>Klicken Sie unten f\u00fcr detaillierte Informationen + Downloads:<\/u><\/strong><\/p>\n\n<ul>\n \t<li style=\"list-style-type: none;\">\n<ul>\n \t<li><a style=\"transition-property: all;\" href=\"https:\/\/coolvaria.com\/de\/warum-ein-kase-klimaschrank\/\">Warum ein K\u00e4seklimaschrank?<\/a><\/li>\n \t<li><a style=\"transition-property: all;\" href=\"https:\/\/coolvaria.com\/de\/bedienung-des-kleinen-kasekuhlers\/\">Bedienung des kleinen (25 Liter) K\u00e4se-Klimaschranks<\/a><\/li>\n \t<li><a style=\"transition-property: all;\" href=\"\/wp-content\/uploads\/2023\/06\/Werking-van-de-kaas-klimaatkast-105-liter-met-een-zone-5.1.pdf\">Betrieb eines gro\u00dfen (105 Liter) K\u00e4se-Klimaschranks<\/a><\/li>\n \t<li><a style=\"transition-property: all;\" href=\"https:\/\/coolvaria.com\/de\/sonderangebote\/\">Sehen Sie sich hier das Zubeh\u00f6r an<\/a><\/li>\n \t<li><a style=\"transition-property: all;\" href=\"https:\/\/coolvaria.com\/de\/einbauen\/\">Einzelheiten zur Installation finden Sie hier<\/a><\/li>\n<\/ul>\n<\/li>\n<\/ul>\n<ul>\n \t<li style=\"list-style-type: none;\"><\/li>\n<\/ul>\t\t\t\t\t\t<\/div>\n\t\t\t\t<\/div>\n\t\t\t\t\t<\/div>\n\t\t<\/div>\n\t\t\t\t\t\t\t<\/div>\n\t\t<\/section>\n\t\t\t\t\t\t\t<\/div>","protected":false},"excerpt":{"rendered":"<p>Hier finden Sie weitere Informationen zur Bedienung, Installation, Ver\u00e4nderung der Position der Einlegeb\u00f6den, unterschiedlichen Temperaturen etc. der K\u00e4seklimaschr\u00e4nke. Klicken Sie unten f\u00fcr detaillierte Informationen + Downloads:\u2026<\/p>","protected":false},"author":617,"featured_media":0,"parent":0,"menu_order":0,"comment_status":"closed","ping_status":"closed","template":"","meta":{"_sitemap_exclude":false,"_sitemap_priority":"","_sitemap_frequency":"","footnotes":""},"class_list":["post-5948","page","type-page","status-publish","hentry"],"_links":{"self":[{"href":"https:\/\/coolvaria.com\/de\/wp-json\/wp\/v2\/pages\/5948","targetHints":{"allow":["GET"]}}],"collection":[{"href":"https:\/\/coolvaria.com\/de\/wp-json\/wp\/v2\/pages"}],"about":[{"href":"https:\/\/coolvaria.com\/de\/wp-json\/wp\/v2\/types\/page"}],"author":[{"embeddable":true,"href":"https:\/\/coolvaria.com\/de\/wp-json\/wp\/v2\/users\/617"}],"replies":[{"embeddable":true,"href":"https:\/\/coolvaria.com\/de\/wp-json\/wp\/v2\/comments?post=5948"}],"version-history":[{"count":0,"href":"https:\/\/coolvaria.com\/de\/wp-json\/wp\/v2\/pages\/5948\/revisions"}],"wp:attachment":[{"href":"https:\/\/coolvaria.com\/de\/wp-json\/wp\/v2\/media?parent=5948"}],"curies":[{"name":"wp","href":"https:\/\/api.w.org\/{rel}","templated":true}]}}