{"id":5923,"date":"2023-06-06T07:22:48","date_gmt":"2023-06-06T07:22:48","guid":{"rendered":"\/?page_id=5923"},"modified":"2024-03-08T14:11:10","modified_gmt":"2024-03-08T13:11:10","slug":"aanvullende-informatie-van-de-bierklimaatkasten","status":"publish","type":"page","link":"https:\/\/coolvaria.com\/de\/weitere-informationen-zu-den-bierklimaschranken\/","title":{"rendered":"Weitere Informationen zu den Bierklimaschr\u00e4nken"},"content":{"rendered":"<div data-elementor-type=\"wp-page\" data-elementor-id=\"5923\" class=\"elementor elementor-5923\">\n\t\t\t\t\t\t\t\t\t<section class=\"elementor-section elementor-top-section elementor-element elementor-element-1432d96 elementor-section-boxed elementor-section-height-default elementor-section-height-default\" data-id=\"1432d96\" data-element_type=\"section\">\n\t\t\t\t\t\t<div class=\"elementor-container elementor-column-gap-default\">\n\t\t\t\t\t<div class=\"elementor-column elementor-col-100 elementor-top-column elementor-element elementor-element-8aa0ce3\" data-id=\"8aa0ce3\" data-element_type=\"column\">\n\t\t\t<div class=\"elementor-widget-wrap elementor-element-populated\">\n\t\t\t\t\t\t\t\t<div class=\"elementor-element elementor-element-36c0e2e elementor-widget__width-initial elementor-widget elementor-widget-text-editor\" data-id=\"36c0e2e\" data-element_type=\"widget\" data-widget_type=\"text-editor.default\">\n\t\t\t\t<div class=\"elementor-widget-container\">\n\t\t\t<style>\/*! elementor - v3.17.0 - 01-11-2023 *\/\n.elementor-widget-text-editor.elementor-drop-cap-view-stacked .elementor-drop-cap{background-color:#69727d;color:#fff}.elementor-widget-text-editor.elementor-drop-cap-view-framed .elementor-drop-cap{color:#69727d;border:3px solid;background-color:transparent}.elementor-widget-text-editor:not(.elementor-drop-cap-view-default) .elementor-drop-cap{margin-top:8px}.elementor-widget-text-editor:not(.elementor-drop-cap-view-default) .elementor-drop-cap-letter{width:1em;height:1em}.elementor-widget-text-editor .elementor-drop-cap{float:left;text-align:center;line-height:1;font-size:50px}.elementor-widget-text-editor .elementor-drop-cap-letter{display:inline-block}<\/style>\t\t\t\t<p>\u00a0<\/p><div data-trid=\"1102\"><p style=\"caret-color: #7c7c80; text-size-adjust: auto;\" data-trid=\"1103\"><img decoding=\"async\" class=\"size-medium wp-image-9027 aligncenter\" src=\"https:\/\/cdn.coolvaria.com\/wp-content\/uploads\/Bier-biere-beer-CoolVaria-1-300x300.png?strip=all&lossy=1&ssl=1\" alt=\"\" width=\"300\" height=\"300\" srcset=\"https:\/\/cdn.coolvaria.com\/wp-content\/uploads\/Bier-biere-beer-CoolVaria-1-300x300.png?strip=all&amp;lossy=1&amp;ssl=1 300w, https:\/\/cdn.coolvaria.com\/wp-content\/uploads\/Bier-biere-beer-CoolVaria-1-433x433.png?strip=all&amp;lossy=1&amp;ssl=1 433w, https:\/\/cdn.coolvaria.com\/wp-content\/uploads\/Bier-biere-beer-CoolVaria-1-150x150.png?strip=all&amp;lossy=1&amp;ssl=1 150w, https:\/\/cdn.coolvaria.com\/wp-content\/uploads\/Bier-biere-beer-CoolVaria-1-768x768.png?strip=all&amp;lossy=1&amp;ssl=1 768w, https:\/\/cdn.coolvaria.com\/wp-content\/uploads\/Bier-biere-beer-CoolVaria-1-12x12.png?strip=all&amp;lossy=1&amp;ssl=1 12w, https:\/\/cdn.coolvaria.com\/wp-content\/uploads\/Bier-biere-beer-CoolVaria-1-100x100.png?strip=all&amp;lossy=1&amp;ssl=1 100w, https:\/\/cdn.coolvaria.com\/wp-content\/uploads\/Bier-biere-beer-CoolVaria-1.png?strip=all&amp;lossy=1&amp;ssl=1 900w, https:\/\/cdn.coolvaria.com\/wp-content\/uploads\/Bier-biere-beer-CoolVaria-1.png?strip=all&amp;lossy=1&amp;w=512&amp;ssl=1 512w, https:\/\/cdn.coolvaria.com\/wp-content\/uploads\/Bier-biere-beer-CoolVaria-1.png?strip=all&amp;lossy=1&amp;w=640&amp;ssl=1 640w\" sizes=\"(max-width: 300px) 100vw, 300px\" \/><\/p><h3 style=\"caret-color: #7c7c80; text-size-adjust: auto;\" data-trid=\"1103\">Hier finden Sie weitere Informationen zur Bedienung, Montage, Ver\u00e4nderung der Regalpositionen, Temperaturen etc. der Bierlager- und Bierklimaschr\u00e4nke<\/h3><p class=\"gt-block\" style=\"caret-color: #7c7c80; text-size-adjust: auto;\" data-trid=\"1104\"><strong data-trid=\"1105\"><u data-trid=\"1106\">Klicken Sie unten f\u00fcr detaillierte Informationen + Downloads:<\/u><\/strong><\/p><ul style=\"caret-color: #7c7c80; text-size-adjust: auto;\" data-trid=\"1107\"><li style=\"list-style-type: none;\" data-trid=\"1108\"><ul data-trid=\"1109\"><li data-trid=\"1110\"><a style=\"transition-property: all;\" href=\"https:\/\/coolvaria.com\/de\/betrieb-des-bierklimaschranks-mit-zwei-temperaturzonen\/\" data-trid=\"1111\">Sehen Sie sich hier die Funktionsweise des Bierklimaschranks (mehrere Zonen) im Detail an<span class=\"Apple-converted-space\" data-trid=\"1112\">\u00a0<\/span><\/a><\/li><li data-trid=\"1113\"><a style=\"transition-property: all;\" href=\"\/wp-content\/uploads\/2023\/06\/Hoe-het-actief-koolstoffilter-vervangen222.pdf\" data-trid=\"1114\">Sehen Sie sich hier an, wie Sie den Aktivkohlefilter austauschen<\/a><\/li><li data-trid=\"1115\"><a style=\"transition-property: all;\" href=\"https:\/\/coolvaria.com\/de\/sonderangebote\/\" data-trid=\"1116\">Sehen Sie sich hier das Zubeh\u00f6r an<\/a><\/li><li data-trid=\"1117\"><a style=\"transition-property: all;\" href=\"https:\/\/coolvaria.com\/de\/einbauen\/\" data-trid=\"1118\">Einzelheiten zur Installation finden Sie hier<\/a><\/li><\/ul><\/li><li style=\"list-style-type: none;\" data-trid=\"1108\"><span style=\"text-decoration: underline;\"><strong>Downloads\u00a0<\/strong><\/span><br \/><ul data-trid=\"1109\"><li data-trid=\"1119\"><a style=\"transition-property: all;\" href=\"\/wp-content\/uploads\/2023\/06\/Werking-van-de-bier-klimaatkast-105-liter-met-een-zone-5.1.pdf\" data-trid=\"1120\">Laden Sie sich hier die Funktionsweise des Bierk\u00fchlers (1 Zone), 105 Liter, im Detail herunter<\/a><\/li><li data-trid=\"1121\"><a style=\"transition-property: all;\" href=\"\/wp-content\/uploads\/2023\/06\/Werking-van-de-Bier-klimaatkast-105-liter-met-dubbele-zone-5.0.pdf\" data-trid=\"1122\">Laden Sie sich hier die Bedienung des Bierklimaschranks (2 Zonen), 105 Liter, im Detail herunter<\/a><\/li><li data-trid=\"1123\"><a style=\"transition-property: all;\" href=\"\/wp-content\/uploads\/2023\/06\/Werking-van-de-Bier-klimaatkast-190-liter-met-dubbele-zone-5.0.pdf\" data-trid=\"1124\">Laden Sie sich hier die Bedienung des Bierklimaschranks (2 Zonen), 190 Liter, im Detail herunter<\/a><\/li><li data-trid=\"1125\"><a style=\"transition-property: all;\" href=\"\/wp-content\/uploads\/2023\/06\/Werking-van-de-Bier-klimaatkast-275-liter-met-een-zone-5.0.pdf\" data-trid=\"1126\">Laden Sie sich hier die Funktionsweise des Bierk\u00fchlers (1 Zone), 275 Liter, im Detail herunter<\/a><\/li><li data-trid=\"1127\"><a style=\"transition-property: all;\" href=\"\/wp-content\/uploads\/2023\/06\/Werking-van-de-Bier-klimaatkast-275-liter-met-dubbele-zone-5.0.pdf\" data-trid=\"1128\">Laden Sie sich hier die Bedienung des Bierklimaschranks (2 Zonen), 275 Liter, im Detail herunter<\/a><\/li><li data-trid=\"1129\"><a style=\"transition-property: all;\" href=\"\/wp-content\/uploads\/2023\/06\/Werking-van-de-Bier-klimaatkast-450-liter-met-een-zone-5.0.pdf\" data-trid=\"1130\">Laden Sie sich hier die Funktionsweise des Bierk\u00fchlers (1 Zone), 450 Liter, im Detail herunter<\/a><\/li><li data-trid=\"1131\"><a style=\"transition-property: all;\" href=\"\/wp-content\/uploads\/2023\/06\/Werking-van-de-Bier-klimaatkast-450-liter-met-dubbele-zone-5.0-1.pdf\" data-trid=\"1132\">Laden Sie sich hier die Bedienung des Bierklimaschranks (2 Zonen), 450 Liter, im Detail herunter<\/a><\/li><\/ul><\/li><\/ul><\/div>\t\t\t\t\t\t<\/div>\n\t\t\t\t<\/div>\n\t\t\t\t\t<\/div>\n\t\t<\/div>\n\t\t\t\t\t\t\t<\/div>\n\t\t<\/section>\n\t\t\t\t\t\t\t<\/div>","protected":false},"excerpt":{"rendered":"<p>\u00a0 Hier finden Sie weitere Informationen zur Bedienung, Installation, Ver\u00e4nderung der Regalpositionen, Temperaturen etc. der Bierlager- und Bierklimaschr\u00e4nke. Klicken Sie unten f\u00fcr detaillierte Informationen...<\/p>","protected":false},"author":617,"featured_media":0,"parent":0,"menu_order":0,"comment_status":"closed","ping_status":"closed","template":"","meta":{"_sitemap_exclude":false,"_sitemap_priority":"","_sitemap_frequency":"","footnotes":""},"class_list":["post-5923","page","type-page","status-publish","hentry"],"_links":{"self":[{"href":"https:\/\/coolvaria.com\/de\/wp-json\/wp\/v2\/pages\/5923","targetHints":{"allow":["GET"]}}],"collection":[{"href":"https:\/\/coolvaria.com\/de\/wp-json\/wp\/v2\/pages"}],"about":[{"href":"https:\/\/coolvaria.com\/de\/wp-json\/wp\/v2\/types\/page"}],"author":[{"embeddable":true,"href":"https:\/\/coolvaria.com\/de\/wp-json\/wp\/v2\/users\/617"}],"replies":[{"embeddable":true,"href":"https:\/\/coolvaria.com\/de\/wp-json\/wp\/v2\/comments?post=5923"}],"version-history":[{"count":19,"href":"https:\/\/coolvaria.com\/de\/wp-json\/wp\/v2\/pages\/5923\/revisions"}],"predecessor-version":[{"id":9030,"href":"https:\/\/coolvaria.com\/de\/wp-json\/wp\/v2\/pages\/5923\/revisions\/9030"}],"wp:attachment":[{"href":"https:\/\/coolvaria.com\/de\/wp-json\/wp\/v2\/media?parent=5923"}],"curies":[{"name":"wp","href":"https:\/\/api.w.org\/{rel}","templated":true}]}}