{"id":5871,"date":"2023-06-05T17:24:55","date_gmt":"2023-06-05T17:24:55","guid":{"rendered":"\/?page_id=5871"},"modified":"2024-03-16T17:16:19","modified_gmt":"2024-03-16T16:16:19","slug":"waarom-een-kruiden-klimaatkast","status":"publish","type":"page","link":"https:\/\/coolvaria.com\/de\/warum-ein-krauterklimaschrank\/","title":{"rendered":"Warum ein Kr\u00e4uterklimaschrank?"},"content":{"rendered":"<div data-elementor-type=\"wp-page\" data-elementor-id=\"5871\" class=\"elementor elementor-5871\">\n\t\t\t\t\t\t\t\t\t<section class=\"elementor-section elementor-top-section elementor-element elementor-element-40a9573 elementor-section-boxed elementor-section-height-default elementor-section-height-default\" data-id=\"40a9573\" data-element_type=\"section\">\n\t\t\t\t\t\t<div class=\"elementor-container elementor-column-gap-default\">\n\t\t\t\t\t<div class=\"elementor-column elementor-col-100 elementor-top-column elementor-element elementor-element-4b543a8\" data-id=\"4b543a8\" data-element_type=\"column\">\n\t\t\t<div class=\"elementor-widget-wrap elementor-element-populated\">\n\t\t\t\t\t\t\t\t<div class=\"elementor-element elementor-element-2f6094d elementor-widget elementor-widget-text-editor\" data-id=\"2f6094d\" data-element_type=\"widget\" data-widget_type=\"text-editor.default\">\n\t\t\t\t<div class=\"elementor-widget-container\">\n\t\t\t<style>\/*! elementor - v3.17.0 - 01-11-2023 *\/\n.elementor-widget-text-editor.elementor-drop-cap-view-stacked .elementor-drop-cap{background-color:#69727d;color:#fff}.elementor-widget-text-editor.elementor-drop-cap-view-framed .elementor-drop-cap{color:#69727d;border:3px solid;background-color:transparent}.elementor-widget-text-editor:not(.elementor-drop-cap-view-default) .elementor-drop-cap{margin-top:8px}.elementor-widget-text-editor:not(.elementor-drop-cap-view-default) .elementor-drop-cap-letter{width:1em;height:1em}.elementor-widget-text-editor .elementor-drop-cap{float:left;text-align:center;line-height:1;font-size:50px}.elementor-widget-text-editor .elementor-drop-cap-letter{display:inline-block}<\/style>\t\t\t\t<p><img decoding=\"async\" class=\"size-medium wp-image-9052 aligncenter\" src=\"https:\/\/cdn.coolvaria.com\/wp-content\/uploads\/Epices-kruiden-herbs-Gewurze-CoolVaria-300x97.jpg?strip=all&lossy=1&ssl=1\" alt=\"\" width=\"300\" height=\"97\" srcset=\"https:\/\/cdn.coolvaria.com\/wp-content\/uploads\/Epices-kruiden-herbs-Gewurze-CoolVaria-300x97.jpg?strip=all&amp;lossy=1&amp;ssl=1 300w, https:\/\/cdn.coolvaria.com\/wp-content\/uploads\/Epices-kruiden-herbs-Gewurze-CoolVaria-433x140.jpg?strip=all&amp;lossy=1&amp;ssl=1 433w, https:\/\/cdn.coolvaria.com\/wp-content\/uploads\/Epices-kruiden-herbs-Gewurze-CoolVaria-768x248.jpg?strip=all&amp;lossy=1&amp;ssl=1 768w, https:\/\/cdn.coolvaria.com\/wp-content\/uploads\/Epices-kruiden-herbs-Gewurze-CoolVaria-18x6.jpg?strip=all&amp;lossy=1&amp;ssl=1 18w, https:\/\/cdn.coolvaria.com\/wp-content\/uploads\/Epices-kruiden-herbs-Gewurze-CoolVaria.jpg?strip=all&amp;lossy=1&amp;ssl=1 868w, https:\/\/cdn.coolvaria.com\/wp-content\/uploads\/Epices-kruiden-herbs-Gewurze-CoolVaria.jpg?strip=all&amp;lossy=1&amp;w=128&amp;ssl=1 128w, https:\/\/cdn.coolvaria.com\/wp-content\/uploads\/Epices-kruiden-herbs-Gewurze-CoolVaria.jpg?strip=all&amp;lossy=1&amp;w=512&amp;ssl=1 512w, https:\/\/cdn.coolvaria.com\/wp-content\/uploads\/Epices-kruiden-herbs-Gewurze-CoolVaria.jpg?strip=all&amp;lossy=1&amp;w=640&amp;ssl=1 640w\" sizes=\"(max-width: 300px) 100vw, 300px\" \/><\/p><p><strong>Gew\u00fcrze<\/strong> Und <strong>Gew\u00fcrze<\/strong> sollte an einem k\u00fchlen, trockenen und dunklen Ort gelagert werden. Hitze, Licht und Feuchtigkeit k\u00f6nnen zu einer Qualit\u00e4tsminderung der Kr\u00e4uter oder Gew\u00fcrze f\u00fchren, au\u00dferdem kann Feuchtigkeit zu Klumpen- und Schimmelbildung f\u00fchren. Hitze und Licht beeintr\u00e4chtigen die Qualit\u00e4t, dadurch trocknen die Kr\u00e4uter oder Gew\u00fcrze aus und verlieren ihren Geruch, ihre Farbe und ihren Geschmack.<\/p><p class=\"gt-block\">Wenn die folgenden Punkte beachtet werden, behalten die Kr\u00e4uter und Gew\u00fcrze ihre Farbe, ihr Aroma und ihren Geschmack.<\/p><p class=\"gt-block\"><strong>Licht:<\/strong><br \/>Licht und UV-Strahlen verschlechtern schnell die Qualit\u00e4t Ihrer Kr\u00e4uter. Wenn Sie Ihre Kr\u00e4uter lagern m\u00f6chten, tun Sie dies am besten in einer dunklen Umgebung.<\/p><p class=\"gt-block\"><strong>Temperatur:<\/strong><br \/>Die Qualit\u00e4t der Kr\u00e4uter bleibt bei einer konstanten Temperatur (zwischen 12 \u2013 18\u00b0 C) am besten. Daher ist es ratsam, Kr\u00e4uter nicht in die N\u00e4he von W\u00e4rmequellen wie Sonnenlicht, \u00d6fen oder K\u00fcchenutensilien zu bringen.<\/p><p class=\"gt-block\"><strong>Feuchtigkeit:<\/strong><br \/>Kr\u00e4uter sind l\u00e4nger haltbar, da es sich um ein Trockenprodukt handelt. Die Aufnahme von Feuchtigkeit aus der Luft ist jedoch nicht bevorzugt. Daher empfiehlt sich der Einsatz des Kr\u00e4uter-Klimaschranks.<\/p>\t\t\t\t\t\t<\/div>\n\t\t\t\t<\/div>\n\t\t\t\t\t<\/div>\n\t\t<\/div>\n\t\t\t\t\t\t\t<\/div>\n\t\t<\/section>\n\t\t\t\t\t\t\t<\/div>","protected":false},"excerpt":{"rendered":"<p>Kr\u00e4uter und Gew\u00fcrze sollten k\u00fchl, trocken und dunkel gelagert werden. Hitze, Licht und Feuchtigkeit k\u00f6nnen zu einer Qualit\u00e4tsminderung der Kr\u00e4uter oder Gew\u00fcrze f\u00fchren, auch Feuchtigkeit...<\/p>","protected":false},"author":617,"featured_media":0,"parent":0,"menu_order":0,"comment_status":"closed","ping_status":"closed","template":"","meta":{"_sitemap_exclude":false,"_sitemap_priority":"","_sitemap_frequency":"","footnotes":""},"class_list":["post-5871","page","type-page","status-publish","hentry"],"_links":{"self":[{"href":"https:\/\/coolvaria.com\/de\/wp-json\/wp\/v2\/pages\/5871","targetHints":{"allow":["GET"]}}],"collection":[{"href":"https:\/\/coolvaria.com\/de\/wp-json\/wp\/v2\/pages"}],"about":[{"href":"https:\/\/coolvaria.com\/de\/wp-json\/wp\/v2\/types\/page"}],"author":[{"embeddable":true,"href":"https:\/\/coolvaria.com\/de\/wp-json\/wp\/v2\/users\/617"}],"replies":[{"embeddable":true,"href":"https:\/\/coolvaria.com\/de\/wp-json\/wp\/v2\/comments?post=5871"}],"version-history":[{"count":7,"href":"https:\/\/coolvaria.com\/de\/wp-json\/wp\/v2\/pages\/5871\/revisions"}],"predecessor-version":[{"id":9149,"href":"https:\/\/coolvaria.com\/de\/wp-json\/wp\/v2\/pages\/5871\/revisions\/9149"}],"wp:attachment":[{"href":"https:\/\/coolvaria.com\/de\/wp-json\/wp\/v2\/media?parent=5871"}],"curies":[{"name":"wp","href":"https:\/\/api.w.org\/{rel}","templated":true}]}}