{"id":5865,"date":"2023-06-05T17:06:00","date_gmt":"2023-06-05T17:06:00","guid":{"rendered":"\/?page_id=5865"},"modified":"2024-03-08T14:36:52","modified_gmt":"2024-03-08T13:36:52","slug":"waarom-een-theeklimaatkast","status":"publish","type":"page","link":"https:\/\/coolvaria.com\/de\/warum-ein-tee-klimaschrank\/","title":{"rendered":"Warum ein Teeklimaschrank?"},"content":{"rendered":"<div data-elementor-type=\"wp-page\" data-elementor-id=\"5865\" class=\"elementor elementor-5865\">\n\t\t\t\t\t\t\t\t\t<section class=\"elementor-section elementor-top-section elementor-element elementor-element-3095d33 elementor-section-boxed elementor-section-height-default elementor-section-height-default\" data-id=\"3095d33\" data-element_type=\"section\">\n\t\t\t\t\t\t<div class=\"elementor-container elementor-column-gap-default\">\n\t\t\t\t\t<div class=\"elementor-column elementor-col-100 elementor-top-column elementor-element elementor-element-97f12e4\" data-id=\"97f12e4\" data-element_type=\"column\">\n\t\t\t<div class=\"elementor-widget-wrap elementor-element-populated\">\n\t\t\t\t\t\t\t\t<div class=\"elementor-element elementor-element-6222fc3 elementor-widget elementor-widget-text-editor\" data-id=\"6222fc3\" data-element_type=\"widget\" data-widget_type=\"text-editor.default\">\n\t\t\t\t<div class=\"elementor-widget-container\">\n\t\t\t<style>\/*! elementor - v3.17.0 - 01-11-2023 *\/\n.elementor-widget-text-editor.elementor-drop-cap-view-stacked .elementor-drop-cap{background-color:#69727d;color:#fff}.elementor-widget-text-editor.elementor-drop-cap-view-framed .elementor-drop-cap{color:#69727d;border:3px solid;background-color:transparent}.elementor-widget-text-editor:not(.elementor-drop-cap-view-default) .elementor-drop-cap{margin-top:8px}.elementor-widget-text-editor:not(.elementor-drop-cap-view-default) .elementor-drop-cap-letter{width:1em;height:1em}.elementor-widget-text-editor .elementor-drop-cap{float:left;text-align:center;line-height:1;font-size:50px}.elementor-widget-text-editor .elementor-drop-cap-letter{display:inline-block}<\/style>\t\t\t\t<p data-trid=\"1183\"><img decoding=\"async\" class=\"size-medium wp-image-9045 aligncenter\" src=\"https:\/\/cdn.coolvaria.com\/wp-content\/uploads\/Tea-thee-the-Tee-Coolvaria-216x300.jpg?strip=all&lossy=1&ssl=1\" alt=\"\" width=\"216\" height=\"300\" srcset=\"https:\/\/cdn.coolvaria.com\/wp-content\/uploads\/Tea-thee-the-Tee-Coolvaria-216x300.jpg?strip=all&amp;lossy=1&amp;ssl=1 216w, https:\/\/cdn.coolvaria.com\/wp-content\/uploads\/Tea-thee-the-Tee-Coolvaria-433x601.jpg?strip=all&amp;lossy=1&amp;ssl=1 433w, https:\/\/cdn.coolvaria.com\/wp-content\/uploads\/Tea-thee-the-Tee-Coolvaria-9x12.jpg?strip=all&amp;lossy=1&amp;ssl=1 9w, https:\/\/cdn.coolvaria.com\/wp-content\/uploads\/Tea-thee-the-Tee-Coolvaria.jpg?strip=all&amp;lossy=1&amp;ssl=1 721w, https:\/\/cdn.coolvaria.com\/wp-content\/uploads\/Tea-thee-the-Tee-Coolvaria.jpg?strip=all&amp;lossy=1&amp;w=128&amp;ssl=1 128w, https:\/\/cdn.coolvaria.com\/wp-content\/uploads\/Tea-thee-the-Tee-Coolvaria.jpg?strip=all&amp;lossy=1&amp;w=512&amp;ssl=1 512w, https:\/\/cdn.coolvaria.com\/wp-content\/uploads\/Tea-thee-the-Tee-Coolvaria.jpg?strip=all&amp;lossy=1&amp;w=640&amp;ssl=1 640w\" sizes=\"(max-width: 216px) 100vw, 216px\" \/><\/p><h3 class=\"gt-block\" data-trid=\"1183\"><strong data-trid=\"1184\"><em data-trid=\"1185\">Warum ein Teeklimaschrank?<\/em><\/strong><\/h3><p data-trid=\"1186\">Die Qualit\u00e4t des Tees nimmt durch Licht, Feuchtigkeit, Geruch und hohe Temperaturen ab. Bewahren Sie Tee am besten an einem k\u00fchlen Ort auf, beispielsweise im Teeklimaschrank.<\/p><p class=\"gt-block\" data-trid=\"1188\"><strong data-trid=\"1189\">Licht:<\/strong><br data-trid=\"1190\" \/>Durch Licht und UV-Strahlung nimmt die Qualit\u00e4t des Tees schnell ab. Wenn Sie losen Tee \u00fcber einen l\u00e4ngeren Zeitraum aufbewahren m\u00f6chten, tun Sie dies am besten in einer dunklen Umgebung.<\/p><p class=\"gt-block\" data-trid=\"1191\"><strong data-trid=\"1192\">Feuchtigkeit:<\/strong><br data-trid=\"1193\" \/>Loser Tee ist l\u00e4nger haltbar, da es sich um ein Trockenprodukt handelt. Allerdings hat loser Tee die Eigenschaft, sehr schnell Feuchtigkeit aus der Luft aufzunehmen. Daher empfiehlt sich der Einsatz des Tee-Klimaschranks.<\/p><p class=\"gt-block\" data-trid=\"1194\"><strong data-trid=\"1195\">Geruch:<\/strong><br data-trid=\"1196\" \/>Tees k\u00f6nnen leicht den Duft des anderen aufnehmen. Versuchen Sie daher, Kreuzungen von losem Tee so weit wie m\u00f6glich zu vermeiden. Bewahren Sie den losen Tee m\u00f6glichst in einer Teedose im Schrank auf.<\/p><p class=\"gt-block\" data-trid=\"1197\"><strong data-trid=\"1198\">Temperatur:<\/strong><br data-trid=\"1199\" \/>Die Qualit\u00e4t der Teebl\u00e4tter l\u00e4sst bei sehr hohen Umgebungstemperaturen schnell nach. Daher ist es ratsam, zu verhindern, dass loser Tee oder Kr\u00e4uter in die N\u00e4he von W\u00e4rmequellen wie Sonnenlicht, \u00d6fen oder K\u00fcchenger\u00e4ten kommen.<\/p><p data-trid=\"1201\">Gut zu wissen ist auch, dass weniger oxidierte Tees wie wei\u00dfer Tee und gr\u00fcner Tee eine k\u00fcrzere Haltbarkeitsdauer haben als stark oxidierte Tees (Oolong-Tee und schwarzer Tee). Pu-Erh-Tee entwickelt sich wie eine gute Flasche Wein. Der Geschmack und das Aroma dieses Tees verbessern sich mit der Zeit.<\/p><p style=\"text-align: left;\" data-trid=\"1203\">\u00a0<\/p>\t\t\t\t\t\t<\/div>\n\t\t\t\t<\/div>\n\t\t\t\t\t<\/div>\n\t\t<\/div>\n\t\t\t\t\t\t\t<\/div>\n\t\t<\/section>\n\t\t\t\t\t\t\t<\/div>","protected":false},"excerpt":{"rendered":"<p>Warum ein Teeklimaschrank? Die Qualit\u00e4t des Tees nimmt durch Licht, Feuchtigkeit, Geruch und hohe Temperaturen ab. Bewahren Sie Tee am besten an einem k\u00fchlen Ort auf, z.<\/p>","protected":false},"author":617,"featured_media":0,"parent":0,"menu_order":0,"comment_status":"closed","ping_status":"closed","template":"","meta":{"_sitemap_exclude":false,"_sitemap_priority":"","_sitemap_frequency":"","footnotes":""},"class_list":["post-5865","page","type-page","status-publish","hentry"],"_links":{"self":[{"href":"https:\/\/coolvaria.com\/de\/wp-json\/wp\/v2\/pages\/5865","targetHints":{"allow":["GET"]}}],"collection":[{"href":"https:\/\/coolvaria.com\/de\/wp-json\/wp\/v2\/pages"}],"about":[{"href":"https:\/\/coolvaria.com\/de\/wp-json\/wp\/v2\/types\/page"}],"author":[{"embeddable":true,"href":"https:\/\/coolvaria.com\/de\/wp-json\/wp\/v2\/users\/617"}],"replies":[{"embeddable":true,"href":"https:\/\/coolvaria.com\/de\/wp-json\/wp\/v2\/comments?post=5865"}],"version-history":[{"count":7,"href":"https:\/\/coolvaria.com\/de\/wp-json\/wp\/v2\/pages\/5865\/revisions"}],"predecessor-version":[{"id":9051,"href":"https:\/\/coolvaria.com\/de\/wp-json\/wp\/v2\/pages\/5865\/revisions\/9051"}],"wp:attachment":[{"href":"https:\/\/coolvaria.com\/de\/wp-json\/wp\/v2\/media?parent=5865"}],"curies":[{"name":"wp","href":"https:\/\/api.w.org\/{rel}","templated":true}]}}