{"id":5832,"date":"2023-06-05T16:28:53","date_gmt":"2023-06-05T16:28:53","guid":{"rendered":"\/?page_id=5832"},"modified":"2023-06-06T06:13:29","modified_gmt":"2023-06-06T06:13:29","slug":"operation-of-the-small-cooler","status":"publish","type":"page","link":"https:\/\/coolvaria.com\/de\/betrieb-des-kleinen-kuhlers\/","title":{"rendered":"Bedienung des kleinen K\u00fchlers"},"content":{"rendered":"<div data-elementor-type=\"wp-page\" data-elementor-id=\"5832\" class=\"elementor elementor-5832\">\n\t\t\t\t\t\t\t\t\t<section class=\"elementor-section elementor-top-section elementor-element elementor-element-71deb15 elementor-section-boxed elementor-section-height-default elementor-section-height-default\" data-id=\"71deb15\" data-element_type=\"section\">\n\t\t\t\t\t\t<div class=\"elementor-container elementor-column-gap-default\">\n\t\t\t\t\t<div class=\"elementor-column elementor-col-100 elementor-top-column elementor-element elementor-element-fb7a147\" data-id=\"fb7a147\" data-element_type=\"column\">\n\t\t\t<div class=\"elementor-widget-wrap elementor-element-populated\">\n\t\t\t\t\t\t\t\t<div class=\"elementor-element elementor-element-7203fcc elementor-widget elementor-widget-text-editor\" data-id=\"7203fcc\" data-element_type=\"widget\" data-widget_type=\"text-editor.default\">\n\t\t\t\t<div class=\"elementor-widget-container\">\n\t\t\t<style>\/*! elementor - v3.17.0 - 01-11-2023 *\/\n.elementor-widget-text-editor.elementor-drop-cap-view-stacked .elementor-drop-cap{background-color:#69727d;color:#fff}.elementor-widget-text-editor.elementor-drop-cap-view-framed .elementor-drop-cap{color:#69727d;border:3px solid;background-color:transparent}.elementor-widget-text-editor:not(.elementor-drop-cap-view-default) .elementor-drop-cap{margin-top:8px}.elementor-widget-text-editor:not(.elementor-drop-cap-view-default) .elementor-drop-cap-letter{width:1em;height:1em}.elementor-widget-text-editor .elementor-drop-cap{float:left;text-align:center;line-height:1;font-size:50px}.elementor-widget-text-editor .elementor-drop-cap-letter{display:inline-block}<\/style>\t\t\t\t<p style=\"font-weight: 400;\"><strong><em>Betrieb:<\/em><\/strong><\/p><p style=\"font-weight: 400;\">Dieses Modell wird durch den thermoelektrischen Effekt gek\u00fchlt, der W\u00e4rme von einer Seite auf die andere \u00fcbertr\u00e4gt. Dies hat immer eine warme und eine kalte Seite mit einem Temperaturunterschied. Die warme Seite hat die Temperatur der Umgebungstemperatur, w\u00e4hrend die kalte Seite 15 Grad niedriger sein kann. Ein thermoelektrischer Klimaschrank k\u00fchlt immer (aufgrund des Vorhandenseins eines L\u00fcfters), da das Peltier-Element immer durch die Umgebungstemperatur gek\u00fchlt werden muss. Thermoelektrische Klimaschr\u00e4nke zeichnen sich durch ein geringes Gewicht und eine problemlose Transportm\u00f6glichkeit aus und sind daher ideal f\u00fcr Plug &amp; Play geeignet. Eine niedrigere Temperatur im K\u00fchler f\u00fchrt zu einer geringeren Luftfeuchtigkeit.<\/p><p><strong>Bitte beachten Sie:<\/strong><em><br \/>Zur K\u00fchlung dieses Systems ist ein L\u00fcfter erforderlich (zur W\u00e4rmeableitung), daher verf\u00fcgt dieser K\u00fchler \u00fcber einen L\u00fcfter.<br \/>Da dieser K\u00fchler mit einem L\u00fcfter ausgestattet ist, kann er nicht eingebaut werden (der K\u00fchler ben\u00f6tigt Platz f\u00fcr die W\u00e4rmeableitung). Dieser K\u00fchler kann jedoch in einem Schrank installiert werden, wenn um den K\u00fchler herum viel Platz ist<strong>.<\/strong><\/em><\/p><p style=\"text-align: center;\">\u00a0<\/p>\t\t\t\t\t\t<\/div>\n\t\t\t\t<\/div>\n\t\t\t\t\t<\/div>\n\t\t<\/div>\n\t\t\t\t\t\t\t<\/div>\n\t\t<\/section>\n\t\t\t\t\t\t\t<\/div>","protected":false},"excerpt":{"rendered":"<p>Operation: This model is cooled by the thermoelectric effect that transfers heat from one side to the other. This always has a warm and a cold side with a temperature&hellip;<\/p>","protected":false},"author":617,"featured_media":0,"parent":0,"menu_order":0,"comment_status":"closed","ping_status":"closed","template":"","meta":{"_sitemap_exclude":false,"_sitemap_priority":"","_sitemap_frequency":"","footnotes":""},"class_list":["post-5832","page","type-page","status-publish","hentry"],"_links":{"self":[{"href":"https:\/\/coolvaria.com\/de\/wp-json\/wp\/v2\/pages\/5832","targetHints":{"allow":["GET"]}}],"collection":[{"href":"https:\/\/coolvaria.com\/de\/wp-json\/wp\/v2\/pages"}],"about":[{"href":"https:\/\/coolvaria.com\/de\/wp-json\/wp\/v2\/types\/page"}],"author":[{"embeddable":true,"href":"https:\/\/coolvaria.com\/de\/wp-json\/wp\/v2\/users\/617"}],"replies":[{"embeddable":true,"href":"https:\/\/coolvaria.com\/de\/wp-json\/wp\/v2\/comments?post=5832"}],"version-history":[{"count":0,"href":"https:\/\/coolvaria.com\/de\/wp-json\/wp\/v2\/pages\/5832\/revisions"}],"wp:attachment":[{"href":"https:\/\/coolvaria.com\/de\/wp-json\/wp\/v2\/media?parent=5832"}],"curies":[{"name":"wp","href":"https:\/\/api.w.org\/{rel}","templated":true}]}}