{"id":5812,"date":"2023-06-05T15:55:11","date_gmt":"2023-06-05T15:55:11","guid":{"rendered":"\/?page_id=5812"},"modified":"2024-03-08T16:12:57","modified_gmt":"2024-03-08T15:12:57","slug":"waarom-een-champagne-klimaatkast","status":"publish","type":"page","link":"https:\/\/coolvaria.com\/de\/warum-eine-champagner-klimakammer\/","title":{"rendered":"Warum eine Champagner-Klimakammer?"},"content":{"rendered":"<div data-elementor-type=\"wp-page\" data-elementor-id=\"5812\" class=\"elementor elementor-5812\">\n\t\t\t\t\t\t\t\t\t<section class=\"elementor-section elementor-top-section elementor-element elementor-element-61f49ba elementor-section-boxed elementor-section-height-default elementor-section-height-default\" data-id=\"61f49ba\" data-element_type=\"section\">\n\t\t\t\t\t\t<div class=\"elementor-container elementor-column-gap-default\">\n\t\t\t\t\t<div class=\"elementor-column elementor-col-100 elementor-top-column elementor-element elementor-element-c454b6a\" data-id=\"c454b6a\" data-element_type=\"column\">\n\t\t\t<div class=\"elementor-widget-wrap elementor-element-populated\">\n\t\t\t\t\t\t\t\t<div class=\"elementor-element elementor-element-fcc3222 elementor-widget elementor-widget-text-editor\" data-id=\"fcc3222\" data-element_type=\"widget\" data-widget_type=\"text-editor.default\">\n\t\t\t\t<div class=\"elementor-widget-container\">\n\t\t\t<style>\/*! elementor - v3.17.0 - 01-11-2023 *\/\n.elementor-widget-text-editor.elementor-drop-cap-view-stacked .elementor-drop-cap{background-color:#69727d;color:#fff}.elementor-widget-text-editor.elementor-drop-cap-view-framed .elementor-drop-cap{color:#69727d;border:3px solid;background-color:transparent}.elementor-widget-text-editor:not(.elementor-drop-cap-view-default) .elementor-drop-cap{margin-top:8px}.elementor-widget-text-editor:not(.elementor-drop-cap-view-default) .elementor-drop-cap-letter{width:1em;height:1em}.elementor-widget-text-editor .elementor-drop-cap{float:left;text-align:center;line-height:1;font-size:50px}.elementor-widget-text-editor .elementor-drop-cap-letter{display:inline-block}<\/style>\t\t\t\t<p class=\"gt-block\" style=\"caret-color: #7c7c80; text-size-adjust: auto;\" data-trid=\"1473\"><em data-trid=\"1474\">\u00a0<img decoding=\"async\" class=\"size-medium wp-image-9039 aligncenter\" src=\"https:\/\/cdn.coolvaria.com\/wp-content\/uploads\/Champagne-Sekt-CoolVaria-214x300.webp?strip=all&lossy=1&ssl=1\" alt=\"\" width=\"214\" height=\"300\" data-trid=\"1475\" srcset=\"https:\/\/cdn.coolvaria.com\/wp-content\/uploads\/Champagne-Sekt-CoolVaria-214x300.webp?strip=all&amp;lossy=1&amp;ssl=1 214w, https:\/\/cdn.coolvaria.com\/wp-content\/uploads\/Champagne-Sekt-CoolVaria-433x607.webp?strip=all&amp;lossy=1&amp;ssl=1 433w, https:\/\/cdn.coolvaria.com\/wp-content\/uploads\/Champagne-Sekt-CoolVaria-937x1313.webp?strip=all&amp;lossy=1&amp;ssl=1 937w, https:\/\/cdn.coolvaria.com\/wp-content\/uploads\/Champagne-Sekt-CoolVaria-731x1024.webp?strip=all&amp;lossy=1&amp;ssl=1 731w, https:\/\/cdn.coolvaria.com\/wp-content\/uploads\/Champagne-Sekt-CoolVaria-768x1076.webp?strip=all&amp;lossy=1&amp;ssl=1 768w, https:\/\/cdn.coolvaria.com\/wp-content\/uploads\/Champagne-Sekt-CoolVaria-1096x1536.webp?strip=all&amp;lossy=1&amp;ssl=1 1096w, https:\/\/cdn.coolvaria.com\/wp-content\/uploads\/Champagne-Sekt-CoolVaria-9x12.webp?strip=all&amp;lossy=1&amp;ssl=1 9w, https:\/\/cdn.coolvaria.com\/wp-content\/uploads\/Champagne-Sekt-CoolVaria.webp?strip=all&amp;lossy=1&amp;ssl=1 1140w, https:\/\/cdn.coolvaria.com\/wp-content\/uploads\/Champagne-Sekt-CoolVaria.webp?strip=all&amp;lossy=1&amp;w=128&amp;ssl=1 128w, https:\/\/cdn.coolvaria.com\/wp-content\/uploads\/Champagne-Sekt-CoolVaria.webp?strip=all&amp;lossy=1&amp;w=512&amp;ssl=1 512w, https:\/\/cdn.coolvaria.com\/wp-content\/uploads\/Champagne-Sekt-CoolVaria.webp?strip=all&amp;lossy=1&amp;w=640&amp;ssl=1 640w\" sizes=\"(max-width: 214px) 100vw, 214px\" \/><br \/><\/em><\/p><p style=\"caret-color: #7c7c80; text-size-adjust: auto;\" data-trid=\"1476\"><strong>Die Herstellung von Champagner ist ein langer Prozess<\/strong>. Es wird mindestens 15 Monate dauern, bis es auf den Markt kommt. Namhafte H\u00e4user bieten eine Aufbewahrungsfrist von bis zu 36 Monaten. Bei einem Vintage-Champagner ist die Lagerzeit l\u00e4nger, zwischen 5 und sogar 6 Jahren. Sobald die Champagner jedoch auf dem Markt sind, k\u00f6nnen sie getrunken werden.<\/p><p style=\"caret-color: #7c7c80; text-size-adjust: auto;\" data-trid=\"1477\">Champagner nimmt mit der Zeit zu, die Aromen beginnen sich zu intensivieren, aber Champagner muss richtig gelagert werden.<\/p><h4 class=\"gt-block\" style=\"caret-color: #7c7c80; text-size-adjust: auto;\" data-trid=\"1478\"><strong data-trid=\"1479\">Licht:<\/strong><\/h4><p class=\"gt-block\" style=\"caret-color: #7c7c80; text-size-adjust: auto;\" data-trid=\"1478\">Durch Licht und UV-Strahlen \u00a0<span lang=\"EN-US\" data-trid=\"1481\">die Frische des Champagners kann beeintr\u00e4chtigt werden.\u00a0<\/span><span class=\"Apple-converted-space\" data-trid=\"1482\">\u00a0<\/span>Sch\u00fctzen Sie Ihren Champagner daher vor jeglichem (Tages-)Licht. Die Beleuchtung im Champagner-Klimaschrank dient lediglich der Darstellung der Flasche.<\/p><h4 class=\"gt-block\" style=\"caret-color: #7c7c80; text-size-adjust: auto;\" data-trid=\"1483\"><strong data-trid=\"1484\">Feuchtigkeit:<\/strong><\/h4><p class=\"gt-block\" style=\"caret-color: #7c7c80; text-size-adjust: auto;\" data-trid=\"1483\">Zu viel Feuchtigkeit beeintr\u00e4chtigt die Etiketten auf den Flaschen.<span class=\"Apple-converted-space\" data-trid=\"1486\">\u00a0<\/span><span lang=\"EN-US\" data-trid=\"1487\">Der Champagner-Klimaschrank hat eine \u201eLiege\u201c-Funktion. Dies ist eine wichtige Funktion, da der auf die Flasche ausge\u00fcbte Druck den Korken feucht h\u00e4lt. Dadurch bleiben die Flaschen stets flexibel und effizient<\/span>.<\/p><h4 class=\"gt-block\" style=\"caret-color: #7c7c80; text-size-adjust: auto;\" data-trid=\"1488\"><strong data-trid=\"1489\">Temperatur:<\/strong><\/h4><div style=\"caret-color: #7c7c80; text-size-adjust: auto;\" data-trid=\"1490\"><span lang=\"EN-US\" data-trid=\"1491\">Am besten lagern Sie Champagnerflaschen bei einer konstanten Temperatur, also zwischen 10 und 12\u00b0C. <\/span>Daher ist es ratsam, Champagner nicht in die N\u00e4he von W\u00e4rmequellen wie Sonnenlicht, \u00d6fen oder K\u00fcchenger\u00e4ten zu bringen.<\/div><div data-trid=\"1490\">\u00a0<\/div><h4 style=\"caret-color: #7c7c80; text-size-adjust: auto;\" data-trid=\"1492\">Wussten Sie, dass es verschiedene Arten von Champagner gibt?<\/h4><p class=\"gt-block\" style=\"caret-color: #7c7c80; text-size-adjust: auto;\" data-trid=\"1494\"><strong><em data-trid=\"1495\">Normaler Champagner (Tafelchampagner)<\/em><\/strong><\/p><p style=\"caret-color: #7c7c80; text-size-adjust: auto;\" data-trid=\"1496\">Diese Art von Champagner gilt als \u201egealtertes\u201c Produkt. Der Verzehr erfolgt beim Aperitif am Tisch. Solche Getr\u00e4nke passen gut zu Gefl\u00fcgel, Kalbsbries, Filet Mignon usw. Es ist auch m\u00f6glich, dieses Getr\u00e4nk mit Foie Gras und K\u00e4se zu kombinieren. Der Vorteil dieser Produkte bei Tisch ist, dass sie nicht zu s\u00e4urehaltig sind.<\/p><p class=\"gt-block\" style=\"caret-color: #7c7c80; text-size-adjust: auto;\" data-trid=\"1498\"><strong><em data-trid=\"1499\">Der trockene und ros\u00e9farbene Champagner<\/em><\/strong><\/p><p style=\"caret-color: #7c7c80; text-size-adjust: auto;\" data-trid=\"1500\">Ros\u00e9-Champagner (und trockene Champagner) ben\u00f6tigen keine lange Reifezeit. Die Produkte auf dem Markt sind sehr sch\u00f6n, m\u00fcssen aber innerhalb von 2 Jahren verbraucht werden. Sie passen besonders gut zu Meeresfr\u00fcchten: Flusskrebse, Hummer, roten Fr\u00fcchten und Suppen.<\/p><p style=\"caret-color: #7c7c80; text-size-adjust: auto;\" data-trid=\"1501\">Bei anderen Kategorien wie extratrockenen, trockenen, halbtrockenen und s\u00fc\u00dfen Ros\u00e9weinen handelt es sich meist nicht um Vintage-Ros\u00e9weine. Vintage-Produkte k\u00f6nnen zu Desserts genossen werden. Im Durchschnitt liegt der Zuckergehalt in Champagner bei 3 g, was normal ist. Dieser Weintyp eignet sich auch f\u00fcr w\u00fcrzige Gerichte.<\/p>\t\t\t\t\t\t<\/div>\n\t\t\t\t<\/div>\n\t\t\t\t\t<\/div>\n\t\t<\/div>\n\t\t\t\t\t\t\t<\/div>\n\t\t<\/section>\n\t\t\t\t\t\t\t<\/div>","protected":false},"excerpt":{"rendered":"<p>\u00a0 Die Herstellung von Champagner ist ein langer Prozess. Es wird mindestens 15 Monate dauern, bis es auf den Markt kommt. Namhafte H\u00e4user bieten eine Aufbewahrungsfrist von bis zu 36 Monaten. F\u00fcr einen Champagner\u2026<\/p>","protected":false},"author":617,"featured_media":0,"parent":0,"menu_order":0,"comment_status":"closed","ping_status":"closed","template":"","meta":{"_sitemap_exclude":false,"_sitemap_priority":"","_sitemap_frequency":"","footnotes":""},"class_list":["post-5812","page","type-page","status-publish","hentry"],"_links":{"self":[{"href":"https:\/\/coolvaria.com\/de\/wp-json\/wp\/v2\/pages\/5812","targetHints":{"allow":["GET"]}}],"collection":[{"href":"https:\/\/coolvaria.com\/de\/wp-json\/wp\/v2\/pages"}],"about":[{"href":"https:\/\/coolvaria.com\/de\/wp-json\/wp\/v2\/types\/page"}],"author":[{"embeddable":true,"href":"https:\/\/coolvaria.com\/de\/wp-json\/wp\/v2\/users\/617"}],"replies":[{"embeddable":true,"href":"https:\/\/coolvaria.com\/de\/wp-json\/wp\/v2\/comments?post=5812"}],"version-history":[{"count":9,"href":"https:\/\/coolvaria.com\/de\/wp-json\/wp\/v2\/pages\/5812\/revisions"}],"predecessor-version":[{"id":9106,"href":"https:\/\/coolvaria.com\/de\/wp-json\/wp\/v2\/pages\/5812\/revisions\/9106"}],"wp:attachment":[{"href":"https:\/\/coolvaria.com\/de\/wp-json\/wp\/v2\/media?parent=5812"}],"curies":[{"name":"wp","href":"https:\/\/api.w.org\/{rel}","templated":true}]}}