{"id":5764,"date":"2023-06-05T13:37:40","date_gmt":"2023-06-05T13:37:40","guid":{"rendered":"\/?page_id=5764"},"modified":"2024-03-16T18:50:36","modified_gmt":"2024-03-16T17:50:36","slug":"werking-van-de-bierklimaatkast-met-twee-temperatuurzones","status":"publish","type":"page","link":"https:\/\/coolvaria.com\/de\/betrieb-des-bierklimaschranks-mit-zwei-temperaturzonen\/","title":{"rendered":"Betrieb des Bierklimaschranks mit zwei Temperaturzonen"},"content":{"rendered":"<div data-elementor-type=\"wp-page\" data-elementor-id=\"5764\" class=\"elementor elementor-5764\">\n\t\t\t\t\t\t\t\t\t<section class=\"elementor-section elementor-top-section elementor-element elementor-element-a0f058e elementor-section-boxed elementor-section-height-default elementor-section-height-default\" data-id=\"a0f058e\" data-element_type=\"section\">\n\t\t\t\t\t\t<div class=\"elementor-container elementor-column-gap-default\">\n\t\t\t\t\t<div class=\"elementor-column elementor-col-100 elementor-top-column elementor-element elementor-element-504e6c9\" data-id=\"504e6c9\" data-element_type=\"column\">\n\t\t\t<div class=\"elementor-widget-wrap elementor-element-populated\">\n\t\t\t\t\t\t\t\t<div class=\"elementor-element elementor-element-cd7125b elementor-widget elementor-widget-text-editor\" data-id=\"cd7125b\" data-element_type=\"widget\" data-widget_type=\"text-editor.default\">\n\t\t\t\t<div class=\"elementor-widget-container\">\n\t\t\t<style>\/*! elementor - v3.17.0 - 01-11-2023 *\/\n.elementor-widget-text-editor.elementor-drop-cap-view-stacked .elementor-drop-cap{background-color:#69727d;color:#fff}.elementor-widget-text-editor.elementor-drop-cap-view-framed .elementor-drop-cap{color:#69727d;border:3px solid;background-color:transparent}.elementor-widget-text-editor:not(.elementor-drop-cap-view-default) .elementor-drop-cap{margin-top:8px}.elementor-widget-text-editor:not(.elementor-drop-cap-view-default) .elementor-drop-cap-letter{width:1em;height:1em}.elementor-widget-text-editor .elementor-drop-cap{float:left;text-align:center;line-height:1;font-size:50px}.elementor-widget-text-editor .elementor-drop-cap-letter{display:inline-block}<\/style>\t\t\t\t<h4 class=\"gt-block\" style=\"caret-color: #7c7c80; text-size-adjust: auto;\" data-trid=\"1043\"><strong data-trid=\"1044\"><em data-trid=\"1045\"><u data-trid=\"1046\">Betrieb:<\/u><\/em><\/strong><\/h4><p style=\"caret-color: #7c7c80; text-size-adjust: auto;\" data-trid=\"1047\">Die obere Zone hat einen Bereich zwischen 12 und 20 \u00b0C und die untere Zone hat einen Bereich zwischen 5 und 12 \u00b0C.<\/p><p style=\"caret-color: #7c7c80; text-size-adjust: auto;\" data-trid=\"1048\">Die gebr\u00e4uchlichste Einstellung f\u00fcr den unteren Teil ist 6 \u00b0C \u2013 da kalte Luft \u201eschwerer\u201c als warme Luft ist, hat der Boden des Schranks eine Temperatur von etwa 4\u20135 \u00b0C (also perfekt f\u00fcr leichte Lagerbiere) und f\u00fcr der obere Teil 15\u00b0 C (also perfekt f\u00fcr Imperial Stouts, belgische Starkbiere und Doppelbocks).<\/p><p style=\"caret-color: #7c7c80; text-size-adjust: auto;\" data-trid=\"1049\">Da dieser Schrank \u00fcber keine Zonentrennung verf\u00fcgt, bedeutet dies auch, dass sich die beiden Zonen genau in der Mitte treffen. In diesem Gebiet liegt die Temperatur bei etwa 12 \u00b0C (ideal also f\u00fcr belgische Ales, Sour Ales, Bocks, englische Bitter- und milde Ales sowie schottische Ales). Zwischen den unteren und den mittleren Regalen herrscht eine Temperatur zwischen 5 und 9 \u00b0C (also perfekt \u2013 unten \u2013 f\u00fcr tschechisches und deutsches Pils, M\u00fcnchner Helles, Weizenbiere und \u2013 oben \u2013 f\u00fcr amerikanisches Pale Ale, Porter, PAs und die meisten Stout-Biere ).<\/p><p style=\"caret-color: #7c7c80; text-size-adjust: auto;\" data-trid=\"1050\">Da es keine Trennung zwischen den beiden Zonen gibt \u2013 Sie sind also flexibel \u2013 k\u00f6nnen wir Ihnen keine Auskunft \u00fcber die Anzahl pro \u201eZone\u201c geben. Das ist ganz nach Ihren W\u00fcnschen. Mit den Einstellungen treffen Sie Ihre eigene Wahl. Wenn Ihr Bier beispielsweise oben k\u00e4lter sein soll, stellen Sie die untere Zone etwas k\u00e4lter ein. Wenn Ihr Bier weniger kalt sein soll, gehen Sie umgekehrt vor.<\/p><p style=\"caret-color: #7c7c80; text-size-adjust: auto;\" data-trid=\"1051\">Ein solcher Vorgang bietet Ihnen viel mehr Flexibilit\u00e4t, da alle Temperaturarten zur Verf\u00fcgung stehen und die Lagerung aller Biersorten effizienter ist. Sie k\u00f6nnen darin auch Ihre speziellen Biergl\u00e4ser aufbewahren (damit auch die Gl\u00e4ser die richtige Temperatur haben!)<\/p><h4 class=\"gt-block\" style=\"caret-color: #7c7c80; text-size-adjust: auto;\" data-trid=\"1052\"><em><strong data-trid=\"1053\"><u data-trid=\"1054\">Bretter:<\/u><\/strong><\/em><\/h4><p style=\"caret-color: #7c7c80; text-size-adjust: auto;\" data-trid=\"1055\">Der Innenraum des Bierklimaschranks ist mit Holzregalen ausgestattet. Wir haben uns bewusst daf\u00fcr entschieden, da Holz ein Naturprodukt ist, genau wie das Bier, das in der Klimakammer gelagert wird. Bei Holz gleicht kein St\u00fcck dem anderen und das f\u00fchrt zu Farbunterschieden. Dadurch entsteht aber auch die gewisse \u201eRauheit\u201c, die wir dem Produkt angemessen finden.<\/p><p style=\"caret-color: #7c7c80; text-size-adjust: auto;\" data-trid=\"1056\">Warum empfehlen wir, die angegebene Anzahl an Regalen einzubauen und nicht mehr oder weniger pro Schrank? Sie m\u00f6chten nicht viele Flaschen entfernen, bevor Sie die richtige gefunden haben. Aus diesem Grund haben viele Kunden unsere Bierklimaschr\u00e4nke mit der vorgeschlagenen Konfiguration ausgestattet.<\/p><p class=\"gt-block\" style=\"caret-color: #7c7c80; text-size-adjust: auto;\" data-trid=\"1057\">Nat\u00fcrlich k\u00f6nnen Sie noch mehr Regale einbauen, aber...<span class=\"Apple-converted-space\" data-trid=\"1058\">\u00a0<\/span><u data-trid=\"1059\">Beachten Sie Folgendes: Je mehr Regale, desto weniger Kapazit\u00e4t und Sie sehen nur Holz (Bretter) und nicht die Flaschen<\/u><\/p><p style=\"caret-color: #7c7c80; text-size-adjust: auto;\" data-trid=\"1060\">Wir sind auch der Meinung, dass Sie alle Arten von Flaschen im Schrank aufbewahren k\u00f6nnen sollten, weshalb die vorgeschlagene Konfiguration die beste ist. Wenn Sie in Zukunft weitere Regale (oder anderes Zubeh\u00f6r) w\u00fcnschen, k\u00f6nnen Sie diese im Nachhinein bei uns erwerben.<\/p><p style=\"caret-color: #7c7c80; text-size-adjust: auto;\" data-trid=\"1061\">\u00a0<\/p><p style=\"caret-color: #7c7c80; text-size-adjust: auto;\" data-trid=\"1062\">Wenn Sie beispielsweise gr\u00f6\u00dfere Bierflaschen auf den Boden stellen m\u00f6chten, k\u00f6nnen Sie den Flaschenhals auf das Kompressorgeh\u00e4use legen und den Boden an den erh\u00f6hten Rand (der Klimakammer) legen, sodass Sie sofort eine \u201eAnzeige\u201c haben \u201d daraus gemacht. Hinter diesen Schr\u00e4gflaschen k\u00f6nnen Sie dann weitere Flaschen quer stellen, um das Fassungsverm\u00f6gen optimal auszunutzen.<\/p><p style=\"caret-color: #7c7c80; text-size-adjust: auto;\" data-trid=\"1063\">Damit eine ausreichende Luftzirkulation gew\u00e4hrleistet ist, sind in den Regalen \u201eSchlitze\u201c angebracht, auf denen aber auch Bierflaschen, Dosen, Flaschen etc. einfach abgestellt werden k\u00f6nnen. Wenn aufgrund des Durchmessers der Flasche irgendwann nach dem Aneinanderreihen der Flaschen eine Flasche nicht vollst\u00e4ndig auf dem Regal steht, k\u00f6nnen Sie jederzeit einen zus\u00e4tzlichen Teller auf das Regal stellen (es ist unm\u00f6glich, eine Flasche darauf zu platzieren). Risse werden \u201efallen\u201c).<\/p><p style=\"caret-color: #7c7c80; text-size-adjust: auto;\" data-trid=\"1064\">Diese Platte muss \u00fcberhaupt nicht dick sein und kann halb so gro\u00df sein wie die vorhandene Diele. Wenn Sie das gesamte Regal mit einer zus\u00e4tzlichen Platte versehen m\u00f6chten, empfehlen wir Ihnen, zur Luftzirkulation ein paar L\u00f6cher darin zu bohren. Wir hatten diese Teller fr\u00fcher, aber sie waren in letzter Zeit nicht mehr gefragt und haben sie daher aus dem Sortiment genommen. Man wollte es selbst machen oder die Umsetzung selbst bestimmen \u2013 manchmal kommen auch (passende) Bierdeckel zum Einsatz.<\/p>\t\t\t\t\t\t<\/div>\n\t\t\t\t<\/div>\n\t\t\t\t\t<\/div>\n\t\t<\/div>\n\t\t\t\t\t\t\t<\/div>\n\t\t<\/section>\n\t\t\t\t\t\t\t<\/div>","protected":false},"excerpt":{"rendered":"<p>Betrieb: Die obere Zone hat einen Bereich zwischen 12 und 20 \u00b0C und die untere Zone hat einen Bereich zwischen 5 und 12 \u00b0C. Die gebr\u00e4uchlichste Einstellung f\u00fcr den unteren Teil ist 6\u00b0C \u2013 da\u2026<\/p>","protected":false},"author":617,"featured_media":0,"parent":0,"menu_order":0,"comment_status":"closed","ping_status":"closed","template":"","meta":{"_sitemap_exclude":false,"_sitemap_priority":"","_sitemap_frequency":"","footnotes":""},"class_list":["post-5764","page","type-page","status-publish","hentry"],"_links":{"self":[{"href":"https:\/\/coolvaria.com\/de\/wp-json\/wp\/v2\/pages\/5764","targetHints":{"allow":["GET"]}}],"collection":[{"href":"https:\/\/coolvaria.com\/de\/wp-json\/wp\/v2\/pages"}],"about":[{"href":"https:\/\/coolvaria.com\/de\/wp-json\/wp\/v2\/types\/page"}],"author":[{"embeddable":true,"href":"https:\/\/coolvaria.com\/de\/wp-json\/wp\/v2\/users\/617"}],"replies":[{"embeddable":true,"href":"https:\/\/coolvaria.com\/de\/wp-json\/wp\/v2\/comments?post=5764"}],"version-history":[{"count":6,"href":"https:\/\/coolvaria.com\/de\/wp-json\/wp\/v2\/pages\/5764\/revisions"}],"predecessor-version":[{"id":9155,"href":"https:\/\/coolvaria.com\/de\/wp-json\/wp\/v2\/pages\/5764\/revisions\/9155"}],"wp:attachment":[{"href":"https:\/\/coolvaria.com\/de\/wp-json\/wp\/v2\/media?parent=5764"}],"curies":[{"name":"wp","href":"https:\/\/api.w.org\/{rel}","templated":true}]}}