{"id":5243,"date":"2023-04-12T09:40:07","date_gmt":"2023-04-12T09:40:07","guid":{"rendered":"\/?page_id=5243"},"modified":"2024-03-08T15:33:31","modified_gmt":"2024-03-08T14:33:31","slug":"inbouwen","status":"publish","type":"page","link":"https:\/\/coolvaria.com\/de\/einbauen\/","title":{"rendered":"Installieren"},"content":{"rendered":"<div data-elementor-type=\"wp-page\" data-elementor-id=\"5243\" class=\"elementor elementor-5243\">\n\t\t\t\t\t\t\t\t\t<section class=\"elementor-section elementor-top-section elementor-element elementor-element-1499146 elementor-section-boxed elementor-section-height-default elementor-section-height-default\" data-id=\"1499146\" data-element_type=\"section\">\n\t\t\t\t\t\t<div class=\"elementor-container elementor-column-gap-default\">\n\t\t\t\t\t<div class=\"elementor-column elementor-col-100 elementor-top-column elementor-element elementor-element-5d6b6f4\" data-id=\"5d6b6f4\" data-element_type=\"column\">\n\t\t\t<div class=\"elementor-widget-wrap elementor-element-populated\">\n\t\t\t\t\t\t\t\t<div class=\"elementor-element elementor-element-324c8fa elementor-widget elementor-widget-text-editor\" data-id=\"324c8fa\" data-element_type=\"widget\" data-widget_type=\"text-editor.default\">\n\t\t\t\t<div class=\"elementor-widget-container\">\n\t\t\t<style>\/*! elementor - v3.17.0 - 01-11-2023 *\/\n.elementor-widget-text-editor.elementor-drop-cap-view-stacked .elementor-drop-cap{background-color:#69727d;color:#fff}.elementor-widget-text-editor.elementor-drop-cap-view-framed .elementor-drop-cap{color:#69727d;border:3px solid;background-color:transparent}.elementor-widget-text-editor:not(.elementor-drop-cap-view-default) .elementor-drop-cap{margin-top:8px}.elementor-widget-text-editor:not(.elementor-drop-cap-view-default) .elementor-drop-cap-letter{width:1em;height:1em}.elementor-widget-text-editor .elementor-drop-cap{float:left;text-align:center;line-height:1;font-size:50px}.elementor-widget-text-editor .elementor-drop-cap-letter{display:inline-block}<\/style>\t\t\t\t<h3 class=\"gt-block\" style=\"caret-color: #7c7c80; text-size-adjust: auto;\" data-trid=\"8411\"><u data-trid=\"8412\">Installieren:<\/u><\/h3><p style=\"caret-color: #7c7c80; text-size-adjust: auto;\" data-trid=\"8413\">Zun\u00e4chst einmal ein Kommentar, der Ihnen sicherlich gefallen wird; ! F\u00fcr die Montage der Schr\u00e4nke ist kein weiteres Zubeh\u00f6r erforderlich.\u00a0<\/p><p data-trid=\"8414\">Das Gleiche gilt f\u00fcr alle Klimaschr\u00e4nke und schauen Sie sich die Ma\u00dfe genau an, damit Sie das richtige Modell haben (die Breite ist immer gleich!)<\/p><ul style=\"caret-color: #7c7c80; text-size-adjust: auto;\" data-trid=\"8415\"><li data-trid=\"8416\">BxTxH: 595 x 575 x 840 mm (ohne Griff = 40 mm)<\/li><li data-trid=\"8417\">BxTxH: 595 x 575 x 1240 mm (ohne Griff = 40 mm)<\/li><li data-trid=\"8418\">BxTxH: 595 x 575 x 1640 (ohne Griff = 40 mm)<\/li><li data-trid=\"8419\"><p data-trid=\"8420\">BxTxH: 595 x 720 x1800 mm (ohne Griff = 40 mm).\u00a0<\/p><\/li><li data-trid=\"8421\">Der Klimaschrank verf\u00fcgt \u00fcber 4 verstellbare F\u00fc\u00dfe (damit der Klimaschrank auch auf unebenem Boden wirklich nivelliert werden kann)<\/li><li data-trid=\"8422\">Die H\u00f6he unter der T\u00fcr (Oberkante L\u00fcftungsgitter bis zum Boden) betr\u00e4gt ca. 125 mm<\/li><li data-trid=\"8423\">Die H\u00f6he des Bodens (vom L\u00fcftungsgitter bis zum Boden) betr\u00e4gt ca. 25 mm<\/li><li style=\"text-align: left;\" data-trid=\"8424\">Beachten Sie auch das Scharnier (rechte Seite, oben am Schrank). Die H\u00f6he betr\u00e4gt ca. 10mm<\/li><\/ul><h3 class=\"gt-block\" style=\"caret-color: #7c7c80; text-size-adjust: auto;\" data-trid=\"8425\"><em data-trid=\"8426\"><span style=\"text-decoration: underline;\" data-trid=\"8427\"><strong data-trid=\"8428\">W\u00e4rmeableitung<\/strong><\/span>:<\/em><\/h3><h4 style=\"caret-color: #7c7c80; text-size-adjust: auto;\" data-trid=\"8429\">Bitte beachten Sie Folgendes: Betrachten Sie einen Klimaschrank als einen K\u00fchlschrank und dieser muss in der Lage sein, seine W\u00e4rme abzuleiten!<\/h4><p style=\"caret-color: #7c7c80; text-size-adjust: auto;\" data-trid=\"8429\">F\u00fcr die Installation der Klimakammer sind keine speziellen Zubeh\u00f6rteile oder Werkzeuge erforderlich. Allerdings muss man auf eine ausreichende Bel\u00fcftung an der R\u00fcckseite der Klimakammer achten, um die W\u00e4rme abzuleiten. Die W\u00e4rme entsteht, wenn der Kompressor startet (genau wie Ihr K\u00fchlschrank zu Hause). Warmes Licht ist leichter als kalte Luft und steigt daher auf. Diese W\u00e4rme muss daher abgef\u00fchrt werden k\u00f6nnen.<\/p><p style=\"caret-color: #7c7c80; text-size-adjust: auto;\" data-trid=\"8429\">Dies l\u00e4sst sich erreichen, indem man ihn oben offen l\u00e4sst (wahrscheinlich genau wie bei Ihrem aktuellen K\u00fchlschrank). Wenn das nicht m\u00f6glich ist, beispielsweise wenn Sie den Klimaschrank unter einer Bar oder Arbeitsplatte platzieren m\u00f6chten. In diesem Moment ist es nicht w\u00fcnschenswert, ein Loch hineinzubohren, aber Sie m\u00fcssen f\u00fcr eine \u201eW\u00e4rmeableitung\u201c sorgen, damit die W\u00e4rme nicht zur\u00fcckbleiben kann (wenn sie zur\u00fcckbleibt, erkennt der Temperatursensor, dass sie hei\u00df wird und wird st\u00e4rker abgek\u00fchlt, was f\u00fchrt zu noch mehr Hitze usw. usw.).<\/p><p style=\"caret-color: #7c7c80; text-size-adjust: auto;\" data-trid=\"8429\">Dies kann durch eine \u00d6ffnung in den Schr\u00e4nken auf beiden Seiten des Klimaschranks erreicht werden. Achten Sie darauf, dass oben \u00d6ffnungen vorhanden sind, damit die W\u00e4rme nach links\/rechts flie\u00dfen kann und nicht zur\u00fcckbleibt. Von au\u00dfen sieht man diese \u00d6ffnung nicht, da sie im Inneren des Schrankes \u201everarbeitet\u201c ist. Das L\u00fcftungsgitter vorne dient zum Ansaugen von \u201eFrischluft\u201c (die entsteht, wenn die warme Luft hinten aufsteigt \u2013 dadurch entsteht ein Sogeffekt).<\/p><h3 style=\"caret-color: #7c7c80; text-size-adjust: auto;\" data-trid=\"8430\"><span style=\"text-decoration: underline;\"><em><strong>Anmerkung:<\/strong><\/em><\/span><\/h3><p style=\"caret-color: #7c7c80; text-size-adjust: auto;\" data-trid=\"8430\">Da die T\u00fcr genau die gleichen Abmessungen wie der Klimaschrank hat, \u00f6ffnet sich die T\u00fcr etwa 5 mm, wenn die T\u00fcr um 45 Grad ge\u00f6ffnet wird. Sie k\u00f6nnen diesen Klimaschrank also in einem Raum mit einer Breite von 600 mm (die g\u00e4ngigste Gr\u00f6\u00dfe von K\u00fcchenschr\u00e4nken) aufstellen ). \u00d6ffnet man sie auf mehr als 45 Grad, verschwindet dieser und die T\u00fcr steht wieder parallel zur Klimakammer. Die T\u00fcr l\u00e4sst sich bis \u00fcber 200 Grad \u00f6ffnen!!<\/p><h3 data-trid=\"2246\"><strong data-trid=\"2247\">Irgendwelche Fragen?<\/strong><\/h3><p data-trid=\"2246\"><b><\/b>Kein Problem, fragen Sie uns, indem Sie uns \u00fcber das Kontaktformular oder telefonisch unter +31 (0) 30 251 1191 kontaktieren.<\/p><p data-trid=\"2246\">Gerne beantworten wir Ihre Fragen!<\/p><p data-trid=\"2246\"><div class=\"forminator-ui forminator-custom-form forminator-custom-form-9001 forminator-design--default  forminator_ajax\" data-forminator-render=\"0\" data-form=\"forminator-module-9001\" data-uid=\"69d451dc82eb4\"><br\/><\/div><form\n\t\t\t\tid=\"forminator-module-9001\"\n\t\t\t\tclass=\"forminator-ui forminator-custom-form forminator-custom-form-9001 forminator-design--default  forminator_ajax\"\n\t\t\t\tmethod=\"post\"\n\t\t\t\tdata-forminator-render=\"0\"\n\t\t\t\tdata-form-id=\"9001\"\n\t\t\t\t\n\t\t\t\tdata-design=\"default\"\n\t\t\t\t\n\t\t\t\t\n\t\t\t\t\n\t\t\t\tdata-grid=\"open\"\n\t\t\t\t\n\t\t\t\t\n\t\t\t\tstyle=\"display: none;\"\n\t\t\t\t\n\t\t\t\tdata-uid=\"69d451dc82eb4\" action=\"\"\n\t\t\t><div role=\"alert\" aria-live=\"polite\" class=\"forminator-response-message forminator-error\" aria-hidden=\"true\"><\/div><div class=\"forminator-row\"><input type=\"hidden\" id=\"hidden-2_69d451dc82eb4\" name=\"hidden-2\" value=\"Inbouwen\" \/><input type=\"hidden\" id=\"hidden-1_69d451dc82eb4\" name=\"hidden-1\" value=\"https:\/\/coolvaria.com\/de\/einbauen\/\" \/><\/div><div class=\"forminator-row\"><div id=\"name-1\" class=\"forminator-field-name forminator-col forminator-col-12\"><div class=\"forminator-row forminator-no-margin\" data-multiple=\"true\"><div class=\"forminator-col forminator-col-md-6\"><div class=\"forminator-field\"><label for=\"forminator-field-first-name-1_69d451dc82eb4\" class=\"forminator-label\" id=\"forminator-field-first-name-1_69d451dc82eb4-label\">Vorname <span class=\"forminator-required\">*<\/span><\/label><input type=\"text\" name=\"name-1-first-name\" placeholder=\"Z.B. Markus\" id=\"forminator-field-first-name-1_69d451dc82eb4\" class=\"forminator-input\" aria-required=\"true\" data-multi=\"1\" value=\"\" \/><\/div><\/div><div class=\"forminator-col forminator-col-md-6\"><div class=\"forminator-field\"><label for=\"forminator-field-last-name-1_69d451dc82eb4\" class=\"forminator-label\" id=\"forminator-field-last-name-1_69d451dc82eb4-label\">Familienname, Nachname <span class=\"forminator-required\">*<\/span><\/label><input type=\"text\" name=\"name-1-last-name\" placeholder=\"Z.B. Bauhaus\" id=\"forminator-field-last-name-1_69d451dc82eb4\" class=\"forminator-input\" aria-required=\"true\" data-multi=\"1\" value=\"\" \/><\/div><\/div><\/div><\/div><\/div><div class=\"forminator-row\"><div id=\"checkbox-2\" class=\"forminator-field-checkbox forminator-col forminator-col-12\"><div role=\"group\" class=\"forminator-field\" aria-labelledby=\"forminator-checkbox-group-69d451dc82eb4-label\"><h4 id=\"forminator-checkbox-group-69d451dc82eb4-label\" class=\"forminator-label\">Name der Firma<\/h4><label id=\"forminator-field-checkbox-2-1-69d451dc82eb4-label\" for=\"forminator-field-checkbox-2-1-69d451dc82eb4\" class=\"forminator-checkbox\" title=\"Name der Firma\"><input type=\"checkbox\" name=\"checkbox-2[]\" value=\"one\" id=\"forminator-field-checkbox-2-1-69d451dc82eb4\" aria-labelledby=\"forminator-field-checkbox-2-1-69d451dc82eb4-label\" data-calculation=\"0\"   data-hidden-behavior=\"zero\" aria-describedby=\"forminator-field-checkbox-2-69d451dc82eb4-description\"\/><span class=\"forminator-checkbox-box\" aria-hidden=\"true\"><\/span><span class=\"forminator-checkbox-label\">Name der Firma<\/span><\/label><\/div><\/div><\/div><div class=\"forminator-row\"><div id=\"text-1\" class=\"forminator-field-text forminator-col forminator-col-12\"><div class=\"forminator-field\"><label for=\"forminator-field-text-1_69d451dc82eb4\" class=\"forminator-label\" id=\"forminator-field-text-1_69d451dc82eb4-label\">Name der Firma<\/label><input type=\"text\" name=\"text-1\" value=\"\" placeholder=\"Ihr Firmenname (falls zutreffend)\" id=\"forminator-field-text-1_69d451dc82eb4\" class=\"forminator-input forminator-name--field\" data-required=\"\" \/><\/div><\/div><\/div><div class=\"forminator-row\"><div id=\"email-1\" class=\"forminator-field-email forminator-col forminator-col-12\"><div class=\"forminator-field\"><label for=\"forminator-field-email-1_69d451dc82eb4\" class=\"forminator-label\" id=\"forminator-field-email-1_69d451dc82eb4-label\">E-Mail-Adresse <span class=\"forminator-required\">*<\/span><\/label><input type=\"email\" name=\"email-1\" value=\"\" placeholder=\"Z.B. john@doe.com\" id=\"forminator-field-email-1_69d451dc82eb4\" class=\"forminator-input forminator-email--field\" data-required=\"true\" aria-required=\"true\" \/><\/div><\/div><\/div><div class=\"forminator-row\"><div id=\"phone-1\" class=\"forminator-field-phone forminator-col forminator-col-12\"><div class=\"forminator-field\"><label for=\"forminator-field-phone-1_69d451dc82eb4\" class=\"forminator-label\" id=\"forminator-field-phone-1_69d451dc82eb4-label\">Telefonnummer<\/label><input type=\"text\" name=\"phone-1\" value=\"\" placeholder=\"Z.B. +31612345678\" id=\"forminator-field-phone-1_69d451dc82eb4\" class=\"forminator-input forminator-field--phone\" data-required=\"\" aria-required=\"false\" autocomplete=\"off\" data-validation=\"1\" \/><\/div><\/div><\/div><div class=\"forminator-row\"><div id=\"checkbox-1\" class=\"forminator-field-checkbox forminator-col forminator-col-12\"><div role=\"group\" class=\"forminator-field\" aria-labelledby=\"forminator-checkbox-group-69d451dc82eb4-label\"><h4 id=\"forminator-checkbox-group-69d451dc82eb4-label\" class=\"forminator-label\">Ich habe eine Frage zur Installation<\/h4><\/div><\/div><\/div><div class=\"forminator-row\"><div id=\"textarea-1\" class=\"forminator-field-textarea forminator-col forminator-col-12\"><div class=\"forminator-field\"><label for=\"forminator-field-textarea-1_69d451dc82eb4\" id=\"forminator-field-textarea-1_69d451dc82eb4-label\" class=\"forminator-label\">Nachricht<\/label><textarea name=\"textarea-1\" placeholder=\"\" id=\"forminator-field-textarea-1_69d451dc82eb4\" class=\"forminator-textarea\" rows=\"6\" style=\"min-height:140px;\" maxlength=\"180\" ><\/textarea><span id=\"forminator-field-textarea-1_69d451dc82eb4-description\" class=\"forminator-description\"><span data-limit=\"180\" data-type=\"characters\">0 \/ 180<\/span><\/span><\/div><\/div><\/div><input type=\"hidden\" name=\"referer_url\" value=\"\" \/><div class=\"forminator-row forminator-row-last\"><div class=\"forminator-col\"><div class=\"forminator-field\"><button class=\"forminator-button forminator-button-submit\">Anfrage absenden<\/button><\/div><\/div><\/div><input type=\"hidden\" id=\"forminator_nonce\" name=\"forminator_nonce\" value=\"260ab38ae8\" \/><input type=\"hidden\" name=\"_wp_http_referer\" value=\"\/de\/wp-json\/wp\/v2\/pages\/5243\" \/><input type=\"hidden\" name=\"form_id\" value=\"9001\"><input type=\"hidden\" name=\"page_id\" value=\"5243\"><input type=\"hidden\" name=\"form_type\" value=\"default\"><input type=\"hidden\" name=\"current_url\" value=\"https:\/\/coolvaria.com\/de\/einbauen\/\"><input type=\"hidden\" name=\"render_id\" value=\"0\"><input type=\"hidden\" name=\"action\" value=\"forminator_submit_form_custom-forms\"><input type=\"hidden\" name=\"trp-form-language\" value=\"de\"\/><\/form><\/p><p data-trid=\"8430\">\u00a0<\/p>\t\t\t\t\t\t<\/div>\n\t\t\t\t<\/div>\n\t\t\t\t\t<\/div>\n\t\t<\/div>\n\t\t\t\t\t\t\t<\/div>\n\t\t<\/section>\n\t\t\t\t\t\t\t<\/div>","protected":false},"excerpt":{"rendered":"<p>Installation: Zun\u00e4chst einmal ein Kommentar, der Ihnen sicherlich gefallen wird; ! F\u00fcr die Montage der Schr\u00e4nke ist kein weiteres Zubeh\u00f6r erforderlich. Dasselbe gilt f\u00fcr alle Klimakammern und sieht aus...<\/p>","protected":false},"author":617,"featured_media":0,"parent":0,"menu_order":0,"comment_status":"closed","ping_status":"closed","template":"","meta":{"_sitemap_exclude":false,"_sitemap_priority":"","_sitemap_frequency":"","footnotes":""},"class_list":["post-5243","page","type-page","status-publish","hentry"],"_links":{"self":[{"href":"https:\/\/coolvaria.com\/de\/wp-json\/wp\/v2\/pages\/5243","targetHints":{"allow":["GET"]}}],"collection":[{"href":"https:\/\/coolvaria.com\/de\/wp-json\/wp\/v2\/pages"}],"about":[{"href":"https:\/\/coolvaria.com\/de\/wp-json\/wp\/v2\/types\/page"}],"author":[{"embeddable":true,"href":"https:\/\/coolvaria.com\/de\/wp-json\/wp\/v2\/users\/617"}],"replies":[{"embeddable":true,"href":"https:\/\/coolvaria.com\/de\/wp-json\/wp\/v2\/comments?post=5243"}],"version-history":[{"count":39,"href":"https:\/\/coolvaria.com\/de\/wp-json\/wp\/v2\/pages\/5243\/revisions"}],"predecessor-version":[{"id":9072,"href":"https:\/\/coolvaria.com\/de\/wp-json\/wp\/v2\/pages\/5243\/revisions\/9072"}],"wp:attachment":[{"href":"https:\/\/coolvaria.com\/de\/wp-json\/wp\/v2\/media?parent=5243"}],"curies":[{"name":"wp","href":"https:\/\/api.w.org\/{rel}","templated":true}]}}