{"id":5219,"date":"2023-04-06T07:03:59","date_gmt":"2023-04-06T07:03:59","guid":{"rendered":"\/?page_id=5219"},"modified":"2023-12-06T03:25:17","modified_gmt":"2023-12-06T02:25:17","slug":"op-welke-temperatuur-wijn-te-serveren","status":"publish","type":"page","link":"https:\/\/coolvaria.com\/de\/bei-welcher-temperatur-wein-serviert-werden-soll\/","title":{"rendered":"Bei welcher Temperatur soll Wein serviert werden?"},"content":{"rendered":"<div data-elementor-type=\"wp-page\" data-elementor-id=\"5219\" class=\"elementor elementor-5219\">\n\t\t\t\t\t\t\t\t\t<section class=\"elementor-section elementor-top-section elementor-element elementor-element-747e837 elementor-section-boxed elementor-section-height-default elementor-section-height-default\" data-id=\"747e837\" data-element_type=\"section\">\n\t\t\t\t\t\t<div class=\"elementor-container elementor-column-gap-default\">\n\t\t\t\t\t<div class=\"elementor-column elementor-col-100 elementor-top-column elementor-element elementor-element-64fe4dc\" data-id=\"64fe4dc\" data-element_type=\"column\">\n\t\t\t<div class=\"elementor-widget-wrap elementor-element-populated\">\n\t\t\t\t\t\t\t\t<div class=\"elementor-element elementor-element-7a1cbc6 elementor-widget elementor-widget-text-editor\" data-id=\"7a1cbc6\" data-element_type=\"widget\" data-widget_type=\"text-editor.default\">\n\t\t\t\t<div class=\"elementor-widget-container\">\n\t\t\t<style>\/*! elementor - v3.17.0 - 01-11-2023 *\/\n.elementor-widget-text-editor.elementor-drop-cap-view-stacked .elementor-drop-cap{background-color:#69727d;color:#fff}.elementor-widget-text-editor.elementor-drop-cap-view-framed .elementor-drop-cap{color:#69727d;border:3px solid;background-color:transparent}.elementor-widget-text-editor:not(.elementor-drop-cap-view-default) .elementor-drop-cap{margin-top:8px}.elementor-widget-text-editor:not(.elementor-drop-cap-view-default) .elementor-drop-cap-letter{width:1em;height:1em}.elementor-widget-text-editor .elementor-drop-cap{float:left;text-align:center;line-height:1;font-size:50px}.elementor-widget-text-editor .elementor-drop-cap-letter{display:inline-block}<\/style>\t\t\t\t<p class=\"gt-block\"><em>Die Entscheidung ist gefallen! Bald werden Sie Ihre Lieblingsflasche Wein \u00f6ffnen (oder aufschrauben)! Aber was ist eigentlich die beste Serviertemperatur?&nbsp;<\/em><\/p><p class=\"gt-block\"><strong>Wein einschenken und Temperatur?<\/strong><\/p><p>Wenn Sie eine Flasche zum Servieren vorbereiten, lassen Sie ihr Zeit zum Aufw\u00e4rmen \u2013 durch Erh\u00f6hen oder Senken der Temperatur (Abk\u00fchlen) \u2013 auf die richtige Serviertemperatur. Dadurch wird ein optimales Geschmacks- und Aromaerlebnis des Weines gew\u00e4hrleistet.<\/p><p>Hier sind einige Richtlinien, aber die wichtigste Regel, die wir Ihnen sagen m\u00f6chten, ist: \u201eVerwenden Sie die Temperatur, die Sie wollen, und nicht das, was die \u201eExperten\u201c sagen.\u201c Schlie\u00dflich ist es Ihr Wein und Sie entscheiden, welche Temperatur Sie bevorzugen!<\/p><p class=\"gt-block\"><strong>Rotwein<\/strong>&nbsp;sollte gek\u00fchlt bei etwas unter Raumtemperatur (zwischen 12 und 19 \u00b0C) serviert werden. Die genaue Temperatur wird durch das Alter des Weins bestimmt.&nbsp;<strong>\u00c4ltere Rotweine<\/strong>&nbsp;besser bei etwa 17-19\u02daC serviert und j\u00fcngere Weine k\u00e4lter.<\/p><p class=\"gt-block\"><strong>Rotwein mit kr\u00e4ftigeren Tanninen<\/strong>&nbsp;sollte w\u00e4rmer gelagert werden als leichtere Rotweine (die sogar bis zu 12\u02daC serviert werden k\u00f6nnen).<\/p><p class=\"gt-block\"><strong>Wei\u00dfweine<\/strong>sollte einfach k\u00e4lter als Rotwein serviert werden. Allerdings sollten sie nicht so kalt gelagert werden, dass sie die Aromen beeintr\u00e4chtigen. Stattdessen sollte Wei\u00dfwein gek\u00fchlt werden (8\u201312 \u00b0C).&nbsp;<strong>Volle Wei\u00dfweine<\/strong>&nbsp;besser bei etwa 10\u201312 \u00b0C und leichte Wei\u00dfweine k\u00e4lter serviert.<\/p><p class=\"gt-block\"><strong>Schaumweine und s\u00fc\u00dfe Wei\u00dfweine<\/strong>&nbsp;sollte noch k\u00e4lter serviert werden&nbsp;<strong>Sekt<\/strong>&nbsp;sollte am k\u00e4ltesten serviert werden (5\u20138 \u00b0C).<\/p><p class=\"gt-block\">Sie w\u00fcnschen Informationen zur richtigen Lagerung Ihres Weines? Klicken Sie hier f\u00fcr den Weinschrank und finden Sie alle Informationen, die Sie ben\u00f6tigen!!<strong>&nbsp;<\/strong>Bei richtiger Lagerung kann Wein Jahrzehnte oder sogar Jahrhunderte halten und an Wert und Qualit\u00e4t gewinnen. Das Gegenteil ist auch der Fall; Eine schlechte Lagerung kann selbst die besten Weine der Welt verderben.<\/p><p class=\"gt-block\"><em>Wenn Sie nicht warten m\u00f6chten, bis Ihre Lieblingsflasche die richtige Serviertemperatur erreicht hat, denken Sie \u00fcber einen Weinklimaschrank \u2013 unsere Website \u2013 mit mehreren Temperaturzonen nach. Mit einem solchen Schrank k\u00f6nnen Sie den Wein bei jeder geeigneten Temperatur servieren, aber auch Ihren empfindlichen Wein optimal lagern.<\/em><\/p>\t\t\t\t\t\t<\/div>\n\t\t\t\t<\/div>\n\t\t\t\t\t<\/div>\n\t\t<\/div>\n\t\t\t\t\t\t\t<\/div>\n\t\t<\/section>\n\t\t\t\t\t\t\t<\/div>","protected":false},"excerpt":{"rendered":"<p>Die Entscheidung ist gefallen! Bald werden Sie Ihre Lieblingsflasche Wein \u00f6ffnen (oder aufschrauben)! Aber was ist eigentlich die beste Serviertemperatur? Wein einschenken und Temperatur? Wenn Sie eine Flasche vorbereiten ...<\/p>","protected":false},"author":617,"featured_media":0,"parent":0,"menu_order":0,"comment_status":"closed","ping_status":"closed","template":"","meta":{"_sitemap_exclude":false,"_sitemap_priority":"","_sitemap_frequency":"","footnotes":""},"class_list":["post-5219","page","type-page","status-publish","hentry"],"_links":{"self":[{"href":"https:\/\/coolvaria.com\/de\/wp-json\/wp\/v2\/pages\/5219","targetHints":{"allow":["GET"]}}],"collection":[{"href":"https:\/\/coolvaria.com\/de\/wp-json\/wp\/v2\/pages"}],"about":[{"href":"https:\/\/coolvaria.com\/de\/wp-json\/wp\/v2\/types\/page"}],"author":[{"embeddable":true,"href":"https:\/\/coolvaria.com\/de\/wp-json\/wp\/v2\/users\/617"}],"replies":[{"embeddable":true,"href":"https:\/\/coolvaria.com\/de\/wp-json\/wp\/v2\/comments?post=5219"}],"version-history":[{"count":0,"href":"https:\/\/coolvaria.com\/de\/wp-json\/wp\/v2\/pages\/5219\/revisions"}],"wp:attachment":[{"href":"https:\/\/coolvaria.com\/de\/wp-json\/wp\/v2\/media?parent=5219"}],"curies":[{"name":"wp","href":"https:\/\/api.w.org\/{rel}","templated":true}]}}